{"id":14855,"date":"2023-04-11T05:59:49","date_gmt":"2023-04-11T04:59:49","guid":{"rendered":"https:\/\/ibcparts.eu\/?post_type=product&#038;p=14855"},"modified":"2026-01-16T10:09:03","modified_gmt":"2026-01-16T09:09:03","slug":"komplet-ava-3-4","status":"publish","type":"product","link":"https:\/\/ibcparts.eu\/it\/prodotto\/komplet-ava-3-4\/","title":{"rendered":"Set AVA 3\/4\u2033 GardenFlow"},"content":{"rendered":"","protected":false},"excerpt":{"rendered":"<div>\n<h2 class=\" translation-block\">Vi presentiamo il <strong>Set AVA 3\/4\u2033 GardenFlow \u2013 rubinetto di collegamento per cisterne IBC<\/strong><\/h2>\n<ul>\n<li data-start=\"207\" data-end=\"251\" class=\" translation-block\"><strong data-start=\"171\" data-end=\"184\">Materiale:<\/strong> PP (polipropilene) di alta qualit\u00e0<\/li>\n<li><strong>Set molto resistente, allungato e resistente ai raggi UV<\/strong><\/li>\n<li data-start=\"254\" data-end=\"319\" class=\" translation-block\"><strong data-start=\"254\" data-end=\"266\">Guarnizione:<\/strong> EPDM in materiale puro, <strong data-start=\"294\" data-end=\"317\">in esclusiva da noi<\/strong><\/li>\n<li data-start=\"322\" data-end=\"424\" class=\" translation-block\"><strong data-start=\"322\" data-end=\"331\">Rubinetto:<\/strong> <strong data-start=\"332\" data-end=\"351\">3\/4\u2033 GardenFlow<\/strong> \u2013 diametro interno del rubinetto: 10 mm.<\/li>\n<li data-start=\"495\" data-end=\"553\" class=\" translation-block\"><strong data-start=\"518\" data-end=\"530\">Montaggio:<\/strong> assemblato per voi, pronto all\u2019uso<\/li>\n<li data-start=\"556\" data-end=\"615\" class=\" translation-block\"><strong data-start=\"579\" data-end=\"598\">Compatibilit\u00e0:<\/strong> cisterne IBC con filettatura <strong data-start=\"622\" data-end=\"638\">S60x6 (DN50) \u2013 questa \u00e8 la filettatura classica e pi\u00f9 comune sulle cisterne.<\/strong><\/li>\n<\/ul>\n<\/div>\n<div class=\"paragraph\">\n<p class=\" translation-block\">Il set mostrato in questa pagina \u00e8 <strong>gi\u00e0 assemblato<\/strong> ed \u00e8 compatibile con cisterne IBC che hanno una valvola con diametro esterno della filettatura di 55\u201360 mm e passo della filettatura di circa 6 mm (filettatura grossa).<\/p>\n<\/div>\n<div><\/div>\n<div>\n<div class=\" translation-block\">Se la vostra cisterna ha una filettatura diversa sulla valvola, leggete <a href=\"https:\/\/ibcparts.eu\/ibc-info\/\" target=\"_self\">IBC INFO<\/a>.<\/div>\n<div><\/div>\n<\/div>\n<div>Non utilizzare nastro di teflon sulla valvola. Si tratta di una guarnizione frontale e l'involucro dovrebbe sigillarsi senza l'uso di nastro di teflon.<\/div>\n<div>Se non ci sono perdite, controllare se la valvola sulla parte anteriore del serbatoio \u00e8 danneggiata o presenta irregolarit\u00e0 o sporcizia.<\/div>\n<div><\/div>\n<div><\/div>\n<div><\/div>\n<div><\/div>\n<div class=\"paragraph\"><strong>Con noi, otterrete un kit personalizzato in base ai vostri desideri.<\/strong><br \/>\n<span style=\"font-size: small;\"><br \/>\n<strong>Brevi consigli per la scelta del Kit AVA giusto:<\/strong><\/span><\/p>\n<ul>\n<li><span style=\"font-size: small;\"><strong>1\/2&#8243;<\/strong> <strong>EconomiaFlusso<\/strong> Scegliete un rubinetto quando ogni \u20ac \u00e8 importante. Il flusso \u00e8 ridotto. Diametro interno: <strong>8 mm<\/strong>.<\/span><\/li>\n<li><span style=\"font-size: small;\"><strong>1\/2\u2033 doppio rubinetto PRO <\/strong>\u00e8 molto utile perch\u00e9 consente di collegare in modo permanente il tubo da giardino.<\/span><\/li>\n<li><span style=\"font-size: small;\"><strong>3\/4\u2033 GardenFlow<\/strong>\u00a0un rubinetto \u00e8 la scelta abituale quando si usa\u00a0<strong>Attacco \"a scatto\" per tubo da giardino<\/strong>\u00a0(diametro interno:\u00a0<strong>9 mm<\/strong>.) e occasionalmente direttamente nell'annaffiatoio. Diametro interno del rubinetto da 3\/4\u2033:\u00a0<strong>10 mm<\/strong>.<\/span><\/li>\n<li><span style=\"font-size: small;\"><strong>3\/4\u2033 Alto flusso<\/strong> il rubinetto \u00e8 un'ottima scelta quando si usa <strong>Attacco \"a scatto\" per tubo da giardino<\/strong>\u00a0(diametro interno:\u00a0<strong>9 mm<\/strong>.) e rimuovere il raccordo a scatto per un pi\u00f9 rapido trabocco nell'annaffiatoio. Diametro interno del rubinetto da 3\/4\u2033: <strong>12 mm<\/strong>.<\/span><\/li>\n<li><span style=\"font-size: small;\"><strong>Rubinetto doppio da 3\/4\u2033 PRO<\/strong> molto utile perch\u00e9 consente un collegamento permanente al tubo da giardino e il flusso verso l'irrigatore \u00e8 molto buono anche quando entrambe le uscite sono aperte contemporaneamente - diametro interno <strong>12 mm<\/strong>.<\/span><\/li>\n<li><span style=\"font-size: small;\"><strong>1\u2033 QuickFlow <\/strong>il rubinetto \u00e8 per il flusso pi\u00f9 veloce possibile nell'annaffiatoio. Tuttavia, non \u00e8 possibile collegare un tubo da giardino. Diametro interno:\u00a0<strong>15 mm<\/strong>.<\/span><\/li>\n<li><span style=\"font-size: small;\"><strong>Valvole <\/strong>hanno una portata maggiore rispetto ai rubinetti.<\/span><\/li>\n<li><span style=\"font-size: small;\">Tutti i rubinetti hanno una bocca di erogazione\u00a0<strong>rete di plastica<\/strong>\u00a0per formare l'uscita. Se nel serbatoio sono presenti impurit\u00e0, queste possono rimanere intrappolate in questa maglia e il flusso non \u00e8 pi\u00f9 massimizzato. Questa maglia\u00a0<strong>possono essere facilmente rimossi.<\/strong><\/span><\/li>\n<\/ul>\n<\/div>","protected":false},"featured_media":14856,"template":"","meta":[],"product_brand":[],"product_cat":[316],"product_tag":[],"class_list":{"0":"post-14855","1":"product","2":"type-product","3":"status-publish","4":"has-post-thumbnail","6":"product_cat-kompleti-ava","8":"first","9":"instock","10":"shipping-taxable","11":"purchasable","12":"product-type-simple"},"yoast_head":"<!-- This site is optimized with the Yoast SEO plugin v27.1.1 - https:\/\/yoast.com\/product\/yoast-seo-wordpress\/ -->\n<title>Komplet AVA 3\/4&quot; GardenFlow | IBCparts.eu<\/title>\n<meta name=\"description\" content=\"Komplet AVA 3\/4\u2033 GardenFlow za IBC cisterne S60x6. Kakovostna priklju\u010dna pipa z EPDM tesnilom, idealna za vrtno cev in zalivalko, sestavljeno, pripravljeno za uporabo.\" \/>\n<meta name=\"robots\" content=\"index, follow, max-snippet:-1, max-image-preview:large, max-video-preview:-1\" \/>\n<link rel=\"canonical\" href=\"https:\/\/ibcparts.eu\/it\/prodotto\/komplet-ava-3-4\/\" \/>\n<meta property=\"og:locale\" content=\"it_IT\" \/>\n<meta property=\"og:type\" content=\"article\" \/>\n<meta property=\"og:title\" content=\"Komplet AVA 3\/4&quot; GardenFlow | IBCparts.eu\" \/>\n<meta property=\"og:description\" content=\"Komplet AVA 3\/4\u2033 GardenFlow za IBC cisterne S60x6. Kakovostna priklju\u010dna pipa z EPDM tesnilom, idealna za vrtno cev in zalivalko, sestavljeno, pripravljeno za uporabo.\" \/>\n<meta property=\"og:url\" content=\"https:\/\/ibcparts.eu\/it\/prodotto\/komplet-ava-3-4\/\" \/>\n<meta property=\"og:site_name\" content=\"IBCparts.eu\" \/>\n<meta property=\"article:modified_time\" content=\"2026-01-16T09:09:03+00:00\" \/>\n<meta property=\"og:image\" content=\"https:\/\/ibcparts.eu\/wp-content\/uploads\/2023\/04\/komplet-ava-za-ibc-cisterno-2_orig.jpg\" \/>\n\t<meta property=\"og:image:width\" content=\"827\" \/>\n\t<meta property=\"og:image:height\" content=\"827\" \/>\n\t<meta property=\"og:image:type\" content=\"image\/jpeg\" \/>\n<meta name=\"twitter:card\" content=\"summary_large_image\" \/>\n<script type=\"application\/ld+json\" class=\"yoast-schema-graph\">{\"@context\":\"https:\/\/schema.org\",\"@graph\":[{\"@type\":\"WebPage\",\"@id\":\"https:\/\/ibcparts.eu\/izdelek\/komplet-ava-3-4\/\",\"url\":\"https:\/\/ibcparts.eu\/izdelek\/komplet-ava-3-4\/\",\"name\":\"Komplet AVA 3\/4\\\" GardenFlow | IBCparts.eu\",\"isPartOf\":{\"@id\":\"https:\/\/ibcparts.eu\/#website\"},\"primaryImageOfPage\":{\"@id\":\"https:\/\/ibcparts.eu\/izdelek\/komplet-ava-3-4\/#primaryimage\"},\"image\":{\"@id\":\"https:\/\/ibcparts.eu\/izdelek\/komplet-ava-3-4\/#primaryimage\"},\"thumbnailUrl\":\"https:\/\/ibcparts.eu\/wp-content\/uploads\/2023\/04\/komplet-ava-za-ibc-cisterno-2_orig.jpg\",\"datePublished\":\"2023-04-11T04:59:49+00:00\",\"dateModified\":\"2026-01-16T09:09:03+00:00\",\"description\":\"Komplet AVA 3\/4\u2033 GardenFlow za IBC cisterne S60x6. Kakovostna priklju\u010dna pipa z EPDM tesnilom, idealna za vrtno cev in zalivalko, sestavljeno, pripravljeno za uporabo.\",\"breadcrumb\":{\"@id\":\"https:\/\/ibcparts.eu\/izdelek\/komplet-ava-3-4\/#breadcrumb\"},\"inLanguage\":\"it-IT\",\"potentialAction\":[{\"@type\":\"ReadAction\",\"target\":[\"https:\/\/ibcparts.eu\/izdelek\/komplet-ava-3-4\/\"]}]},{\"@type\":\"ImageObject\",\"inLanguage\":\"it-IT\",\"@id\":\"https:\/\/ibcparts.eu\/izdelek\/komplet-ava-3-4\/#primaryimage\",\"url\":\"https:\/\/ibcparts.eu\/wp-content\/uploads\/2023\/04\/komplet-ava-za-ibc-cisterno-2_orig.jpg\",\"contentUrl\":\"https:\/\/ibcparts.eu\/wp-content\/uploads\/2023\/04\/komplet-ava-za-ibc-cisterno-2_orig.jpg\",\"width\":827,\"height\":827},{\"@type\":\"BreadcrumbList\",\"@id\":\"https:\/\/ibcparts.eu\/izdelek\/komplet-ava-3-4\/#breadcrumb\",\"itemListElement\":[{\"@type\":\"ListItem\",\"position\":1,\"name\":\"Home\",\"item\":\"https:\/\/ibcparts.eu\/\"},{\"@type\":\"ListItem\",\"position\":2,\"name\":\"Nakupujte\",\"item\":\"https:\/\/ibcparts.eu\/nakupujte\/\"},{\"@type\":\"ListItem\",\"position\":3,\"name\":\"Komplet AVA 3\/4&#8243; GardenFlow\"}]},{\"@type\":\"WebSite\",\"@id\":\"https:\/\/ibcparts.eu\/#website\",\"url\":\"https:\/\/ibcparts.eu\/\",\"name\":\"IBCparts.eu\",\"description\":\"\",\"publisher\":{\"@id\":\"https:\/\/ibcparts.eu\/#organization\"},\"potentialAction\":[{\"@type\":\"SearchAction\",\"target\":{\"@type\":\"EntryPoint\",\"urlTemplate\":\"https:\/\/ibcparts.eu\/?s={search_term_string}\"},\"query-input\":{\"@type\":\"PropertyValueSpecification\",\"valueRequired\":true,\"valueName\":\"search_term_string\"}}],\"inLanguage\":\"it-IT\"},{\"@type\":\"Organization\",\"@id\":\"https:\/\/ibcparts.eu\/#organization\",\"name\":\"IBCparts\",\"url\":\"https:\/\/ibcparts.eu\/\",\"logo\":{\"@type\":\"ImageObject\",\"inLanguage\":\"it-IT\",\"@id\":\"https:\/\/ibcparts.eu\/#\/schema\/logo\/image\/\",\"url\":\"https:\/\/ibcparts.eu\/wp-content\/uploads\/2021\/10\/Footer-Logo.png\",\"contentUrl\":\"https:\/\/ibcparts.eu\/wp-content\/uploads\/2021\/10\/Footer-Logo.png\",\"width\":1992,\"height\":772,\"caption\":\"IBCparts\"},\"image\":{\"@id\":\"https:\/\/ibcparts.eu\/#\/schema\/logo\/image\/\"}}]}<\/script>\n<!-- \/ Yoast SEO plugin. -->","yoast_head_json":{"title":"AVA 3\/4\" GardenFlow Set | IBCparts.eu","description":"Komplet AVA 3\/4\u2033 GardenFlow za IBC cisterne S60x6. Kakovostna priklju\u010dna pipa z EPDM tesnilom, idealna za vrtno cev in zalivalko, sestavljeno, pripravljeno za uporabo.","robots":{"index":"index","follow":"follow","max-snippet":"max-snippet:-1","max-image-preview":"max-image-preview:large","max-video-preview":"max-video-preview:-1"},"canonical":"https:\/\/ibcparts.eu\/it\/prodotto\/komplet-ava-3-4\/","og_locale":"it_IT","og_type":"article","og_title":"Komplet AVA 3\/4\" GardenFlow | IBCparts.eu","og_description":"Komplet AVA 3\/4\u2033 GardenFlow za IBC cisterne S60x6. Kakovostna priklju\u010dna pipa z EPDM tesnilom, idealna za vrtno cev in zalivalko, sestavljeno, pripravljeno za uporabo.","og_url":"https:\/\/ibcparts.eu\/it\/prodotto\/komplet-ava-3-4\/","og_site_name":"IBCparts.eu","article_modified_time":"2026-01-16T09:09:03+00:00","og_image":[{"width":827,"height":827,"url":"https:\/\/ibcparts.eu\/wp-content\/uploads\/2023\/04\/komplet-ava-za-ibc-cisterno-2_orig.jpg","type":"image\/jpeg"}],"twitter_card":"summary_large_image","schema":{"@context":"https:\/\/schema.org","@graph":[{"@type":"WebPage","@id":"https:\/\/ibcparts.eu\/izdelek\/komplet-ava-3-4\/","url":"https:\/\/ibcparts.eu\/izdelek\/komplet-ava-3-4\/","name":"AVA 3\/4\" GardenFlow Set | IBCparts.eu","isPartOf":{"@id":"https:\/\/ibcparts.eu\/#website"},"primaryImageOfPage":{"@id":"https:\/\/ibcparts.eu\/izdelek\/komplet-ava-3-4\/#primaryimage"},"image":{"@id":"https:\/\/ibcparts.eu\/izdelek\/komplet-ava-3-4\/#primaryimage"},"thumbnailUrl":"https:\/\/ibcparts.eu\/wp-content\/uploads\/2023\/04\/komplet-ava-za-ibc-cisterno-2_orig.jpg","datePublished":"2023-04-11T04:59:49+00:00","dateModified":"2026-01-16T09:09:03+00:00","description":"Komplet AVA 3\/4\u2033 GardenFlow za IBC cisterne S60x6. Kakovostna priklju\u010dna pipa z EPDM tesnilom, idealna za vrtno cev in zalivalko, sestavljeno, pripravljeno za uporabo.","breadcrumb":{"@id":"https:\/\/ibcparts.eu\/izdelek\/komplet-ava-3-4\/#breadcrumb"},"inLanguage":"it-IT","potentialAction":[{"@type":"ReadAction","target":["https:\/\/ibcparts.eu\/izdelek\/komplet-ava-3-4\/"]}]},{"@type":"ImageObject","inLanguage":"it-IT","@id":"https:\/\/ibcparts.eu\/izdelek\/komplet-ava-3-4\/#primaryimage","url":"https:\/\/ibcparts.eu\/wp-content\/uploads\/2023\/04\/komplet-ava-za-ibc-cisterno-2_orig.jpg","contentUrl":"https:\/\/ibcparts.eu\/wp-content\/uploads\/2023\/04\/komplet-ava-za-ibc-cisterno-2_orig.jpg","width":827,"height":827},{"@type":"BreadcrumbList","@id":"https:\/\/ibcparts.eu\/izdelek\/komplet-ava-3-4\/#breadcrumb","itemListElement":[{"@type":"ListItem","position":1,"name":"Home","item":"https:\/\/ibcparts.eu\/"},{"@type":"ListItem","position":2,"name":"Nakupujte","item":"https:\/\/ibcparts.eu\/nakupujte\/"},{"@type":"ListItem","position":3,"name":"Komplet AVA 3\/4&#8243; GardenFlow"}]},{"@type":"WebSite","@id":"https:\/\/ibcparts.eu\/#website","url":"https:\/\/ibcparts.eu\/","name":"IBCparts.eu","description":"","publisher":{"@id":"https:\/\/ibcparts.eu\/#organization"},"potentialAction":[{"@type":"SearchAction","target":{"@type":"EntryPoint","urlTemplate":"https:\/\/ibcparts.eu\/?s={search_term_string}"},"query-input":{"@type":"PropertyValueSpecification","valueRequired":true,"valueName":"search_term_string"}}],"inLanguage":"it-IT"},{"@type":"Organization","@id":"https:\/\/ibcparts.eu\/#organization","name":"IBCparts","url":"https:\/\/ibcparts.eu\/","logo":{"@type":"ImageObject","inLanguage":"it-IT","@id":"https:\/\/ibcparts.eu\/#\/schema\/logo\/image\/","url":"https:\/\/ibcparts.eu\/wp-content\/uploads\/2021\/10\/Footer-Logo.png","contentUrl":"https:\/\/ibcparts.eu\/wp-content\/uploads\/2021\/10\/Footer-Logo.png","width":1992,"height":772,"caption":"IBCparts"},"image":{"@id":"https:\/\/ibcparts.eu\/#\/schema\/logo\/image\/"}}]}},"_links":{"self":[{"href":"https:\/\/ibcparts.eu\/it\/wp-json\/wp\/v2\/product\/14855","targetHints":{"allow":["GET"]}}],"collection":[{"href":"https:\/\/ibcparts.eu\/it\/wp-json\/wp\/v2\/product"}],"about":[{"href":"https:\/\/ibcparts.eu\/it\/wp-json\/wp\/v2\/types\/product"}],"version-history":[{"count":7,"href":"https:\/\/ibcparts.eu\/it\/wp-json\/wp\/v2\/product\/14855\/revisions"}],"predecessor-version":[{"id":20225,"href":"https:\/\/ibcparts.eu\/it\/wp-json\/wp\/v2\/product\/14855\/revisions\/20225"}],"wp:featuredmedia":[{"embeddable":true,"href":"https:\/\/ibcparts.eu\/it\/wp-json\/wp\/v2\/media\/14856"}],"wp:attachment":[{"href":"https:\/\/ibcparts.eu\/it\/wp-json\/wp\/v2\/media?parent=14855"}],"wp:term":[{"taxonomy":"product_brand","embeddable":true,"href":"https:\/\/ibcparts.eu\/it\/wp-json\/wp\/v2\/product_brand?post=14855"},{"taxonomy":"product_cat","embeddable":true,"href":"https:\/\/ibcparts.eu\/it\/wp-json\/wp\/v2\/product_cat?post=14855"},{"taxonomy":"product_tag","embeddable":true,"href":"https:\/\/ibcparts.eu\/it\/wp-json\/wp\/v2\/product_tag?post=14855"}],"curies":[{"name":"wp","href":"https:\/\/api.w.org\/{rel}","templated":true}]}}