{"id":14671,"date":"2023-03-10T17:22:41","date_gmt":"2023-03-10T16:22:41","guid":{"rendered":"https:\/\/ibcparts.eu\/?post_type=product&#038;p=14671"},"modified":"2026-01-13T13:50:28","modified_gmt":"2026-01-13T12:50:28","slug":"pokrovcek-ventila-ibc-cisterne-s60x6-poln-bel-certificiran-za-stik-z-zivili","status":"publish","type":"product","link":"https:\/\/ibcparts.eu\/it\/prodotto\/tappo-valvola-ibc-s60x6-pieno-bianco-per-alimenti\/","title":{"rendered":"Tappo valvola S60 per cisterna IBC, pieno, bianco (idoneo al contatto con alimenti)"},"content":{"rendered":"<p class=\" translation-block\"><span style=\"font-size: large;\">Kvaliteten dvodelni pokrov\u010dek ventila za IBC cisterne z ventilom S60x6.<\/span><br>\r\nNarejen iz enega kosa + tesnilo.<\/p>\n<ul>\n<li>Certificato per il contatto con alimenti.<\/li>\n<li>Materiale: HDPE \u2013 uno dei materiali plastici pi\u00f9 resistenti, sicuro per il contatto con alimenti e altamente resistente agli agenti atmosferici.<\/li>\n<li>Colore: bianco<\/li>\n<li>Guarnizione in schiuma PE sul lato interno. Garantisce un\u2019eccellente tenuta anche in presenza di piccole irregolarit\u00e0 della valvola. Tuttavia, se la valvola \u00e8 danneggiata e presenta bordi taglienti, anche questa guarnizione potrebbe danneggiarsi.<\/li>\n<\/ul>","protected":false},"excerpt":{"rendered":"<h2 data-start=\"219\" data-end=\"291\">Tappo valvola S60x6 per cisterna IBC, pieno, bianco, idoneo al contatto con alimenti<\/h2>\n<p data-start=\"293\" data-end=\"704\" class=\" translation-block\">Il tappo valvola pieno a due pezzi S60x6 \u00e8 progettato per chiudere e proteggere la valvola delle cisterne IBC. \u00c8 realizzato come elemento monopezzo in HDPE certificato per il contatto con alimenti ed \u00e8 dotato di una guarnizione interna in schiuma PE, che garantisce <strong>una tenuta affidabile anche in presenza di piccole irregolarit\u00e0 della valvola<\/strong>. \u00c8 adatto per lo stoccaggio e il travaso di liquidi quando \u00e8 richiesto il contatto con alimenti.<\/p>\n<p data-start=\"706\" data-end=\"727\">Caratteristiche tecniche<\/p>\n<ul>\n<li data-start=\"730\" data-end=\"762\">Tipo di prodotto: tappo valvola<\/li>\n<li data-start=\"765\" data-end=\"779\">Thread: S60x6<\/li>\n<li data-start=\"782\" data-end=\"807\">Material: HDPE (food grade)<\/li>\n<li data-start=\"842\" data-end=\"855\">Colore: bianco<\/li>\n<li data-start=\"858\" data-end=\"897\">Certificazione: idoneo al contatto con alimenti<\/li>\n<li data-start=\"900\" data-end=\"937\">Guarnizione: schiuma PE sul lato interno<\/li>\n<\/ul>\n<p>Eccellente tenuta e alta durata!<\/p>\n<p><strong>Pi\u00f9 pezzi, maggiore sconto \u2013 le quantit\u00e0 di articoli e varianti diverse vengono sommate!<\/strong><\/p>","protected":false},"featured_media":15917,"template":"","meta":[],"product_brand":[],"product_cat":[170,298],"product_tag":[],"class_list":{"0":"post-14671","1":"product","2":"type-product","3":"status-publish","4":"has-post-thumbnail","6":"product_cat-reducirji-in-prikljucki-za-ibc","7":"product_cat-prikljucki-za-cisterno-z-navojem-s60x6","9":"first","10":"instock","11":"shipping-taxable","12":"purchasable","13":"product-type-simple"},"yoast_head":"<!-- This site is optimized with the Yoast SEO plugin v27.1.1 - https:\/\/yoast.com\/product\/yoast-seo-wordpress\/ -->\n<title>Pokrov\u010dek ventila S60 za IBC cisterno, poln, bel (food grade) | IBCparts.eu<\/title>\n<meta name=\"description\" content=\"Poln pokrov\u010dek ventila S60x6 za IBC cisterno iz HDPE, primeren za stik z \u017eivili. S tesnilom iz PE pene za zanesljivo tesnjenje brez pu\u0161\u010danja.\" \/>\n<meta name=\"robots\" content=\"index, follow, max-snippet:-1, max-image-preview:large, max-video-preview:-1\" \/>\n<link rel=\"canonical\" href=\"https:\/\/ibcparts.eu\/it\/prodotto\/tappo-valvola-ibc-s60x6-pieno-bianco-per-alimenti\/\" \/>\n<meta property=\"og:locale\" content=\"it_IT\" \/>\n<meta property=\"og:type\" content=\"article\" \/>\n<meta property=\"og:title\" content=\"Pokrov\u010dek ventila S60 za IBC cisterno, poln, bel (food grade) | IBCparts.eu\" \/>\n<meta property=\"og:description\" content=\"Poln pokrov\u010dek ventila S60x6 za IBC cisterno iz HDPE, primeren za stik z \u017eivili. S tesnilom iz PE pene za zanesljivo tesnjenje brez pu\u0161\u010danja.\" \/>\n<meta property=\"og:url\" content=\"https:\/\/ibcparts.eu\/it\/prodotto\/tappo-valvola-ibc-s60x6-pieno-bianco-per-alimenti\/\" \/>\n<meta property=\"og:site_name\" content=\"IBCparts.eu\" \/>\n<meta property=\"article:modified_time\" content=\"2026-01-13T12:50:28+00:00\" \/>\n<meta property=\"og:image\" content=\"https:\/\/ibcparts.eu\/wp-content\/uploads\/2023\/03\/pokrov-ek-poln-za-ibc-cisterno.png\" \/>\n\t<meta property=\"og:image:width\" content=\"433\" \/>\n\t<meta property=\"og:image:height\" content=\"433\" \/>\n\t<meta property=\"og:image:type\" content=\"image\/png\" \/>\n<meta name=\"twitter:card\" content=\"summary_large_image\" \/>\n<script type=\"application\/ld+json\" class=\"yoast-schema-graph\">{\"@context\":\"https:\/\/schema.org\",\"@graph\":[{\"@type\":\"WebPage\",\"@id\":\"https:\/\/ibcparts.eu\/izdelek\/pokrovcek-ventila-ibc-cisterne-s60x6-poln-bel-certificiran-za-stik-z-zivili\/\",\"url\":\"https:\/\/ibcparts.eu\/izdelek\/pokrovcek-ventila-ibc-cisterne-s60x6-poln-bel-certificiran-za-stik-z-zivili\/\",\"name\":\"Pokrov\u010dek ventila S60 za IBC cisterno, poln, bel (food grade) | IBCparts.eu\",\"isPartOf\":{\"@id\":\"https:\/\/ibcparts.eu\/#website\"},\"primaryImageOfPage\":{\"@id\":\"https:\/\/ibcparts.eu\/izdelek\/pokrovcek-ventila-ibc-cisterne-s60x6-poln-bel-certificiran-za-stik-z-zivili\/#primaryimage\"},\"image\":{\"@id\":\"https:\/\/ibcparts.eu\/izdelek\/pokrovcek-ventila-ibc-cisterne-s60x6-poln-bel-certificiran-za-stik-z-zivili\/#primaryimage\"},\"thumbnailUrl\":\"https:\/\/ibcparts.eu\/wp-content\/uploads\/2023\/03\/pokrov-ek-poln-za-ibc-cisterno.png\",\"datePublished\":\"2023-03-10T16:22:41+00:00\",\"dateModified\":\"2026-01-13T12:50:28+00:00\",\"description\":\"Poln pokrov\u010dek ventila S60x6 za IBC cisterno iz HDPE, primeren za stik z \u017eivili. S tesnilom iz PE pene za zanesljivo tesnjenje brez pu\u0161\u010danja.\",\"breadcrumb\":{\"@id\":\"https:\/\/ibcparts.eu\/izdelek\/pokrovcek-ventila-ibc-cisterne-s60x6-poln-bel-certificiran-za-stik-z-zivili\/#breadcrumb\"},\"inLanguage\":\"it-IT\",\"potentialAction\":[{\"@type\":\"ReadAction\",\"target\":[\"https:\/\/ibcparts.eu\/izdelek\/pokrovcek-ventila-ibc-cisterne-s60x6-poln-bel-certificiran-za-stik-z-zivili\/\"]}]},{\"@type\":\"ImageObject\",\"inLanguage\":\"it-IT\",\"@id\":\"https:\/\/ibcparts.eu\/izdelek\/pokrovcek-ventila-ibc-cisterne-s60x6-poln-bel-certificiran-za-stik-z-zivili\/#primaryimage\",\"url\":\"https:\/\/ibcparts.eu\/wp-content\/uploads\/2023\/03\/pokrov-ek-poln-za-ibc-cisterno.png\",\"contentUrl\":\"https:\/\/ibcparts.eu\/wp-content\/uploads\/2023\/03\/pokrov-ek-poln-za-ibc-cisterno.png\",\"width\":433,\"height\":433},{\"@type\":\"BreadcrumbList\",\"@id\":\"https:\/\/ibcparts.eu\/izdelek\/pokrovcek-ventila-ibc-cisterne-s60x6-poln-bel-certificiran-za-stik-z-zivili\/#breadcrumb\",\"itemListElement\":[{\"@type\":\"ListItem\",\"position\":1,\"name\":\"Home\",\"item\":\"https:\/\/ibcparts.eu\/\"},{\"@type\":\"ListItem\",\"position\":2,\"name\":\"Nakupujte\",\"item\":\"https:\/\/ibcparts.eu\/nakupujte\/\"},{\"@type\":\"ListItem\",\"position\":3,\"name\":\"Pokrov\u010dek ventila S60 za IBC cisterno, poln, bel (food grade)\"}]},{\"@type\":\"WebSite\",\"@id\":\"https:\/\/ibcparts.eu\/#website\",\"url\":\"https:\/\/ibcparts.eu\/\",\"name\":\"IBCparts.eu\",\"description\":\"\",\"publisher\":{\"@id\":\"https:\/\/ibcparts.eu\/#organization\"},\"potentialAction\":[{\"@type\":\"SearchAction\",\"target\":{\"@type\":\"EntryPoint\",\"urlTemplate\":\"https:\/\/ibcparts.eu\/?s={search_term_string}\"},\"query-input\":{\"@type\":\"PropertyValueSpecification\",\"valueRequired\":true,\"valueName\":\"search_term_string\"}}],\"inLanguage\":\"it-IT\"},{\"@type\":\"Organization\",\"@id\":\"https:\/\/ibcparts.eu\/#organization\",\"name\":\"IBCparts\",\"url\":\"https:\/\/ibcparts.eu\/\",\"logo\":{\"@type\":\"ImageObject\",\"inLanguage\":\"it-IT\",\"@id\":\"https:\/\/ibcparts.eu\/#\/schema\/logo\/image\/\",\"url\":\"https:\/\/ibcparts.eu\/wp-content\/uploads\/2021\/10\/Footer-Logo.png\",\"contentUrl\":\"https:\/\/ibcparts.eu\/wp-content\/uploads\/2021\/10\/Footer-Logo.png\",\"width\":1992,\"height\":772,\"caption\":\"IBCparts\"},\"image\":{\"@id\":\"https:\/\/ibcparts.eu\/#\/schema\/logo\/image\/\"}}]}<\/script>\n<!-- \/ Yoast SEO plugin. -->","yoast_head_json":{"title":"Pokrov\u010dek ventila S60 za IBC cisterno, poln, bel (food grade) | IBCparts.eu","description":"Poln pokrov\u010dek ventila S60x6 za IBC cisterno iz HDPE, primeren za stik z \u017eivili. S tesnilom iz PE pene za zanesljivo tesnjenje brez pu\u0161\u010danja.","robots":{"index":"index","follow":"follow","max-snippet":"max-snippet:-1","max-image-preview":"max-image-preview:large","max-video-preview":"max-video-preview:-1"},"canonical":"https:\/\/ibcparts.eu\/it\/prodotto\/tappo-valvola-ibc-s60x6-pieno-bianco-per-alimenti\/","og_locale":"it_IT","og_type":"article","og_title":"Pokrov\u010dek ventila S60 za IBC cisterno, poln, bel (food grade) | IBCparts.eu","og_description":"Poln pokrov\u010dek ventila S60x6 za IBC cisterno iz HDPE, primeren za stik z \u017eivili. S tesnilom iz PE pene za zanesljivo tesnjenje brez pu\u0161\u010danja.","og_url":"https:\/\/ibcparts.eu\/it\/prodotto\/tappo-valvola-ibc-s60x6-pieno-bianco-per-alimenti\/","og_site_name":"IBCparts.eu","article_modified_time":"2026-01-13T12:50:28+00:00","og_image":[{"width":433,"height":433,"url":"https:\/\/ibcparts.eu\/wp-content\/uploads\/2023\/03\/pokrov-ek-poln-za-ibc-cisterno.png","type":"image\/png"}],"twitter_card":"summary_large_image","schema":{"@context":"https:\/\/schema.org","@graph":[{"@type":"WebPage","@id":"https:\/\/ibcparts.eu\/izdelek\/pokrovcek-ventila-ibc-cisterne-s60x6-poln-bel-certificiran-za-stik-z-zivili\/","url":"https:\/\/ibcparts.eu\/izdelek\/pokrovcek-ventila-ibc-cisterne-s60x6-poln-bel-certificiran-za-stik-z-zivili\/","name":"Pokrov\u010dek ventila S60 za IBC cisterno, poln, bel (food grade) | IBCparts.eu","isPartOf":{"@id":"https:\/\/ibcparts.eu\/#website"},"primaryImageOfPage":{"@id":"https:\/\/ibcparts.eu\/izdelek\/pokrovcek-ventila-ibc-cisterne-s60x6-poln-bel-certificiran-za-stik-z-zivili\/#primaryimage"},"image":{"@id":"https:\/\/ibcparts.eu\/izdelek\/pokrovcek-ventila-ibc-cisterne-s60x6-poln-bel-certificiran-za-stik-z-zivili\/#primaryimage"},"thumbnailUrl":"https:\/\/ibcparts.eu\/wp-content\/uploads\/2023\/03\/pokrov-ek-poln-za-ibc-cisterno.png","datePublished":"2023-03-10T16:22:41+00:00","dateModified":"2026-01-13T12:50:28+00:00","description":"Poln pokrov\u010dek ventila S60x6 za IBC cisterno iz HDPE, primeren za stik z \u017eivili. S tesnilom iz PE pene za zanesljivo tesnjenje brez pu\u0161\u010danja.","breadcrumb":{"@id":"https:\/\/ibcparts.eu\/izdelek\/pokrovcek-ventila-ibc-cisterne-s60x6-poln-bel-certificiran-za-stik-z-zivili\/#breadcrumb"},"inLanguage":"it-IT","potentialAction":[{"@type":"ReadAction","target":["https:\/\/ibcparts.eu\/izdelek\/pokrovcek-ventila-ibc-cisterne-s60x6-poln-bel-certificiran-za-stik-z-zivili\/"]}]},{"@type":"ImageObject","inLanguage":"it-IT","@id":"https:\/\/ibcparts.eu\/izdelek\/pokrovcek-ventila-ibc-cisterne-s60x6-poln-bel-certificiran-za-stik-z-zivili\/#primaryimage","url":"https:\/\/ibcparts.eu\/wp-content\/uploads\/2023\/03\/pokrov-ek-poln-za-ibc-cisterno.png","contentUrl":"https:\/\/ibcparts.eu\/wp-content\/uploads\/2023\/03\/pokrov-ek-poln-za-ibc-cisterno.png","width":433,"height":433},{"@type":"BreadcrumbList","@id":"https:\/\/ibcparts.eu\/izdelek\/pokrovcek-ventila-ibc-cisterne-s60x6-poln-bel-certificiran-za-stik-z-zivili\/#breadcrumb","itemListElement":[{"@type":"ListItem","position":1,"name":"Home","item":"https:\/\/ibcparts.eu\/"},{"@type":"ListItem","position":2,"name":"Nakupujte","item":"https:\/\/ibcparts.eu\/nakupujte\/"},{"@type":"ListItem","position":3,"name":"Pokrov\u010dek ventila S60 za IBC cisterno, poln, bel (food grade)"}]},{"@type":"WebSite","@id":"https:\/\/ibcparts.eu\/#website","url":"https:\/\/ibcparts.eu\/","name":"IBCparts.eu","description":"","publisher":{"@id":"https:\/\/ibcparts.eu\/#organization"},"potentialAction":[{"@type":"SearchAction","target":{"@type":"EntryPoint","urlTemplate":"https:\/\/ibcparts.eu\/?s={search_term_string}"},"query-input":{"@type":"PropertyValueSpecification","valueRequired":true,"valueName":"search_term_string"}}],"inLanguage":"it-IT"},{"@type":"Organization","@id":"https:\/\/ibcparts.eu\/#organization","name":"IBCparts","url":"https:\/\/ibcparts.eu\/","logo":{"@type":"ImageObject","inLanguage":"it-IT","@id":"https:\/\/ibcparts.eu\/#\/schema\/logo\/image\/","url":"https:\/\/ibcparts.eu\/wp-content\/uploads\/2021\/10\/Footer-Logo.png","contentUrl":"https:\/\/ibcparts.eu\/wp-content\/uploads\/2021\/10\/Footer-Logo.png","width":1992,"height":772,"caption":"IBCparts"},"image":{"@id":"https:\/\/ibcparts.eu\/#\/schema\/logo\/image\/"}}]}},"_links":{"self":[{"href":"https:\/\/ibcparts.eu\/it\/wp-json\/wp\/v2\/product\/14671","targetHints":{"allow":["GET"]}}],"collection":[{"href":"https:\/\/ibcparts.eu\/it\/wp-json\/wp\/v2\/product"}],"about":[{"href":"https:\/\/ibcparts.eu\/it\/wp-json\/wp\/v2\/types\/product"}],"version-history":[{"count":3,"href":"https:\/\/ibcparts.eu\/it\/wp-json\/wp\/v2\/product\/14671\/revisions"}],"predecessor-version":[{"id":20155,"href":"https:\/\/ibcparts.eu\/it\/wp-json\/wp\/v2\/product\/14671\/revisions\/20155"}],"wp:featuredmedia":[{"embeddable":true,"href":"https:\/\/ibcparts.eu\/it\/wp-json\/wp\/v2\/media\/15917"}],"wp:attachment":[{"href":"https:\/\/ibcparts.eu\/it\/wp-json\/wp\/v2\/media?parent=14671"}],"wp:term":[{"taxonomy":"product_brand","embeddable":true,"href":"https:\/\/ibcparts.eu\/it\/wp-json\/wp\/v2\/product_brand?post=14671"},{"taxonomy":"product_cat","embeddable":true,"href":"https:\/\/ibcparts.eu\/it\/wp-json\/wp\/v2\/product_cat?post=14671"},{"taxonomy":"product_tag","embeddable":true,"href":"https:\/\/ibcparts.eu\/it\/wp-json\/wp\/v2\/product_tag?post=14671"}],"curies":[{"name":"wp","href":"https:\/\/api.w.org\/{rel}","templated":true}]}}