{"id":13065,"date":"2022-01-26T07:43:43","date_gmt":"2022-01-26T06:43:43","guid":{"rendered":"https:\/\/ibcparts.eu\/?post_type=product&#038;p=13065"},"modified":"2026-02-20T18:31:55","modified_gmt":"2026-02-20T17:31:55","slug":"adapterji-va-m","status":"publish","type":"product","link":"https:\/\/ibcparts.eu\/it\/prodotto\/adapterji-va-m\/","title":{"rendered":"Adapter DIN71 (S70\u00d76 mm) (M) \u00d7 1\u2033 ali 2\u2033 (F) [izjemno mo\u010dan]"},"content":{"rendered":"","protected":false},"excerpt":{"rendered":"<h2 data-start=\"151\" data-end=\"193\">Adapter 70 \u00d7 6 mm M \u00d7 BSP F (1\u2033 ali 2\u2033)<\/h2>\n<p data-start=\"195\" data-end=\"423\">Adapter je namenjen povezavi <strong data-start=\"224\" data-end=\"272\">plasti\u010dnih posod z navojem 70 \u00d7 6 mm (mo\u0161ki)<\/strong> na cevne in procesne priklju\u010dke z <strong data-start=\"307\" data-end=\"322\">BSP navojem (pipe, \u010drpalke, ventili ipd.)<\/strong>. Omogo\u010da zanesljiv, natan\u010den in higiensko primeren priklop v industrijskih in \u017eivilskih aplikacijah.<\/p>\n<h3 data-start=\"430\" data-end=\"451\">Klju\u010dne lastnosti<\/h3>\n<ul>\n<li data-start=\"454\" data-end=\"502\"><strong data-start=\"454\" data-end=\"479\">mo\u0161ki navoj 70 \u00d7 6 mm<\/strong><\/li>\n<li data-start=\"505\" data-end=\"559\"><strong data-start=\"505\" data-end=\"525\">\u017eenski BSP navoj<\/strong> na izhodni strani (<strong data-start=\"545\" data-end=\"558\">1\u2033 ali 2\u2033<\/strong>)<\/li>\n<li data-start=\"562\" data-end=\"613\">izdelan iz <strong data-start=\"573\" data-end=\"613\">stru\u017eenega \u010distega PP (polipropilen)<\/strong><\/li>\n<li data-start=\"616\" data-end=\"663\">visoka mehanska natan\u010dnost in kakovost obdelave<\/li>\n<li data-start=\"666\" data-end=\"715\">primeren za industrijsko in profesionalno uporabo<\/li>\n<\/ul>\n<h3 data-start=\"722\" data-end=\"748\">Tehni\u010dne specifikacije<\/h3>\n<ul>\n<li data-start=\"751\" data-end=\"793\"><strong data-start=\"751\" data-end=\"770\">Navoj (posoda):<\/strong> 70 \u00d7 6 mm, mo\u0161ki (M)<\/li>\n<li data-start=\"796\" data-end=\"842\"><strong data-start=\"796\" data-end=\"811\">Tipo di filo:<\/strong> grobi (<em data-start=\"828\" data-end=\"839\">saw-tooth<\/em>)<\/li>\n<li data-start=\"845\" data-end=\"881\"><strong data-start=\"845\" data-end=\"863\">Navoj (izhod):<\/strong> BSP, \u017eenski (F)\n<ul data-start=\"884\" data-end=\"912\">\n<li data-start=\"884\" data-end=\"912\">\n<p data-start=\"886\" data-end=\"912\">dimensioni: <strong data-start=\"897\" data-end=\"910\">1\u2033 ali 2\u2033<\/strong><\/p>\n<\/li>\n<\/ul>\n<\/li>\n<li data-start=\"915\" data-end=\"970\"><strong data-start=\"915\" data-end=\"938\">Material adapterja:<\/strong> stru\u017een <strong data-start=\"947\" data-end=\"968\">PP (polipropilen)<\/strong><\/li>\n<li data-start=\"973\" data-end=\"1005\"><strong data-start=\"973\" data-end=\"987\">Tesnjenje:<\/strong> <strong data-start=\"988\" data-end=\"1003\">NB\/SB tesnilo<\/strong><\/li>\n<li data-start=\"1008\" data-end=\"1069\"><strong data-start=\"1008\" data-end=\"1026\">Certifikacija:<\/strong> primerno za stik z \u017eivili (<em data-start=\"1054\" data-end=\"1066\">food grade<\/em>)<\/li>\n<li data-start=\"1008\" data-end=\"1069\"><strong>Colore:<\/strong> rumena<\/li>\n<li data-start=\"1072\" data-end=\"1094\"><strong data-start=\"1072\" data-end=\"1087\">Izdelano v:<\/strong> <strong data-start=\"1088\" data-end=\"1094\">UE<\/strong><\/li>\n<\/ul>","protected":false},"featured_media":19693,"template":"","meta":[],"product_brand":[],"product_cat":[258],"product_tag":[],"class_list":{"0":"post-13065","1":"product","2":"type-product","3":"status-publish","4":"has-post-thumbnail","6":"product_cat-adapterji-za-plastenke-rocke-in-sode","8":"first","9":"instock","10":"shipping-taxable","11":"purchasable","12":"product-type-variable"},"yoast_head":"<!-- This site is optimized with the Yoast SEO plugin v27.1.1 - https:\/\/yoast.com\/product\/yoast-seo-wordpress\/ -->\n<title>Adapter DIN71 (S70\u00d76 mm) (M) \u00d7 1\u2033 ali 2\u2033 (F) [izjemno mo\u010dan]<\/title>\n<meta name=\"description\" content=\"Adapter za sod S70x6 PP z NBR tesnilom. Izjemno mo\u010dan. Primeren za \u017eivila, izdelan v EU, za zanesljiv industrijski priklop.\" \/>\n<meta name=\"robots\" content=\"index, follow, max-snippet:-1, max-image-preview:large, max-video-preview:-1\" \/>\n<link rel=\"canonical\" href=\"https:\/\/ibcparts.eu\/it\/prodotto\/adapterji-va-m\/\" \/>\n<meta property=\"og:locale\" content=\"it_IT\" \/>\n<meta property=\"og:type\" content=\"article\" \/>\n<meta property=\"og:title\" content=\"Adapter DIN71 (S70\u00d76 mm) (M) \u00d7 1\u2033 ali 2\u2033 (F) [izjemno mo\u010dan]\" \/>\n<meta property=\"og:description\" content=\"Adapter za sod S70x6 PP z NBR tesnilom. Izjemno mo\u010dan. Primeren za \u017eivila, izdelan v EU, za zanesljiv industrijski priklop.\" \/>\n<meta property=\"og:url\" content=\"https:\/\/ibcparts.eu\/it\/prodotto\/adapterji-va-m\/\" \/>\n<meta property=\"og:site_name\" content=\"IBCparts.eu\" \/>\n<meta property=\"article:modified_time\" content=\"2026-02-20T17:31:55+00:00\" \/>\n<meta property=\"og:image\" content=\"https:\/\/ibcparts.eu\/wp-content\/uploads\/2022\/01\/Adapter-za-sod-z-navojem-68\u00d76-mm.png\" \/>\n\t<meta property=\"og:image:width\" content=\"500\" \/>\n\t<meta property=\"og:image:height\" content=\"500\" \/>\n\t<meta property=\"og:image:type\" content=\"image\/png\" \/>\n<meta name=\"twitter:card\" content=\"summary_large_image\" \/>\n<script type=\"application\/ld+json\" class=\"yoast-schema-graph\">{\"@context\":\"https:\/\/schema.org\",\"@graph\":[{\"@type\":\"WebPage\",\"@id\":\"https:\/\/ibcparts.eu\/izdelek\/adapterji-va-m\/\",\"url\":\"https:\/\/ibcparts.eu\/izdelek\/adapterji-va-m\/\",\"name\":\"Adapter DIN71 (S70\u00d76 mm) (M) \u00d7 1\u2033 ali 2\u2033 (F) [izjemno mo\u010dan]\",\"isPartOf\":{\"@id\":\"https:\/\/ibcparts.eu\/#website\"},\"primaryImageOfPage\":{\"@id\":\"https:\/\/ibcparts.eu\/izdelek\/adapterji-va-m\/#primaryimage\"},\"image\":{\"@id\":\"https:\/\/ibcparts.eu\/izdelek\/adapterji-va-m\/#primaryimage\"},\"thumbnailUrl\":\"https:\/\/ibcparts.eu\/wp-content\/uploads\/2022\/01\/Adapter-za-sod-z-navojem-68\u00d76-mm.png\",\"datePublished\":\"2022-01-26T06:43:43+00:00\",\"dateModified\":\"2026-02-20T17:31:55+00:00\",\"description\":\"Adapter za sod S70x6 PP z NBR tesnilom. Izjemno mo\u010dan. Primeren za \u017eivila, izdelan v EU, za zanesljiv industrijski priklop.\",\"breadcrumb\":{\"@id\":\"https:\/\/ibcparts.eu\/izdelek\/adapterji-va-m\/#breadcrumb\"},\"inLanguage\":\"it-IT\",\"potentialAction\":[{\"@type\":\"ReadAction\",\"target\":[\"https:\/\/ibcparts.eu\/izdelek\/adapterji-va-m\/\"]}]},{\"@type\":\"ImageObject\",\"inLanguage\":\"it-IT\",\"@id\":\"https:\/\/ibcparts.eu\/izdelek\/adapterji-va-m\/#primaryimage\",\"url\":\"https:\/\/ibcparts.eu\/wp-content\/uploads\/2022\/01\/Adapter-za-sod-z-navojem-68\u00d76-mm.png\",\"contentUrl\":\"https:\/\/ibcparts.eu\/wp-content\/uploads\/2022\/01\/Adapter-za-sod-z-navojem-68\u00d76-mm.png\",\"width\":500,\"height\":500,\"caption\":\"Adapter za sod z navojem S70\u00d76 mm\"},{\"@type\":\"BreadcrumbList\",\"@id\":\"https:\/\/ibcparts.eu\/izdelek\/adapterji-va-m\/#breadcrumb\",\"itemListElement\":[{\"@type\":\"ListItem\",\"position\":1,\"name\":\"Home\",\"item\":\"https:\/\/ibcparts.eu\/\"},{\"@type\":\"ListItem\",\"position\":2,\"name\":\"Nakupujte\",\"item\":\"https:\/\/ibcparts.eu\/nakupujte\/\"},{\"@type\":\"ListItem\",\"position\":3,\"name\":\"Adapter DIN71 (S70\u00d76 mm) (M) \u00d7 1\u2033 ali 2\u2033 (F) [izjemno mo\u010dan]\"}]},{\"@type\":\"WebSite\",\"@id\":\"https:\/\/ibcparts.eu\/#website\",\"url\":\"https:\/\/ibcparts.eu\/\",\"name\":\"IBCparts.eu\",\"description\":\"\",\"publisher\":{\"@id\":\"https:\/\/ibcparts.eu\/#organization\"},\"potentialAction\":[{\"@type\":\"SearchAction\",\"target\":{\"@type\":\"EntryPoint\",\"urlTemplate\":\"https:\/\/ibcparts.eu\/?s={search_term_string}\"},\"query-input\":{\"@type\":\"PropertyValueSpecification\",\"valueRequired\":true,\"valueName\":\"search_term_string\"}}],\"inLanguage\":\"it-IT\"},{\"@type\":\"Organization\",\"@id\":\"https:\/\/ibcparts.eu\/#organization\",\"name\":\"IBCparts\",\"url\":\"https:\/\/ibcparts.eu\/\",\"logo\":{\"@type\":\"ImageObject\",\"inLanguage\":\"it-IT\",\"@id\":\"https:\/\/ibcparts.eu\/#\/schema\/logo\/image\/\",\"url\":\"https:\/\/ibcparts.eu\/wp-content\/uploads\/2021\/10\/Footer-Logo.png\",\"contentUrl\":\"https:\/\/ibcparts.eu\/wp-content\/uploads\/2021\/10\/Footer-Logo.png\",\"width\":1992,\"height\":772,\"caption\":\"IBCparts\"},\"image\":{\"@id\":\"https:\/\/ibcparts.eu\/#\/schema\/logo\/image\/\"}}]}<\/script>\n<!-- \/ Yoast SEO plugin. -->","yoast_head_json":{"title":"Adapter DIN71 (S70\u00d76 mm) (M) \u00d7 1\u2033 ali 2\u2033 (F) [izjemno mo\u010dan]","description":"Adapter za sod S70x6 PP z NBR tesnilom. Izjemno mo\u010dan. Primeren za \u017eivila, izdelan v EU, za zanesljiv industrijski priklop.","robots":{"index":"index","follow":"follow","max-snippet":"max-snippet:-1","max-image-preview":"max-image-preview:large","max-video-preview":"max-video-preview:-1"},"canonical":"https:\/\/ibcparts.eu\/it\/prodotto\/adapterji-va-m\/","og_locale":"it_IT","og_type":"article","og_title":"Adapter DIN71 (S70\u00d76 mm) (M) \u00d7 1\u2033 ali 2\u2033 (F) [izjemno mo\u010dan]","og_description":"Adapter za sod S70x6 PP z NBR tesnilom. Izjemno mo\u010dan. Primeren za \u017eivila, izdelan v EU, za zanesljiv industrijski priklop.","og_url":"https:\/\/ibcparts.eu\/it\/prodotto\/adapterji-va-m\/","og_site_name":"IBCparts.eu","article_modified_time":"2026-02-20T17:31:55+00:00","og_image":[{"width":500,"height":500,"url":"https:\/\/ibcparts.eu\/wp-content\/uploads\/2022\/01\/Adapter-za-sod-z-navojem-68\u00d76-mm.png","type":"image\/png"}],"twitter_card":"summary_large_image","schema":{"@context":"https:\/\/schema.org","@graph":[{"@type":"WebPage","@id":"https:\/\/ibcparts.eu\/izdelek\/adapterji-va-m\/","url":"https:\/\/ibcparts.eu\/izdelek\/adapterji-va-m\/","name":"Adapter DIN71 (S70\u00d76 mm) (M) \u00d7 1\u2033 ali 2\u2033 (F) [izjemno mo\u010dan]","isPartOf":{"@id":"https:\/\/ibcparts.eu\/#website"},"primaryImageOfPage":{"@id":"https:\/\/ibcparts.eu\/izdelek\/adapterji-va-m\/#primaryimage"},"image":{"@id":"https:\/\/ibcparts.eu\/izdelek\/adapterji-va-m\/#primaryimage"},"thumbnailUrl":"https:\/\/ibcparts.eu\/wp-content\/uploads\/2022\/01\/Adapter-za-sod-z-navojem-68\u00d76-mm.png","datePublished":"2022-01-26T06:43:43+00:00","dateModified":"2026-02-20T17:31:55+00:00","description":"Adapter za sod S70x6 PP z NBR tesnilom. Izjemno mo\u010dan. Primeren za \u017eivila, izdelan v EU, za zanesljiv industrijski priklop.","breadcrumb":{"@id":"https:\/\/ibcparts.eu\/izdelek\/adapterji-va-m\/#breadcrumb"},"inLanguage":"it-IT","potentialAction":[{"@type":"ReadAction","target":["https:\/\/ibcparts.eu\/izdelek\/adapterji-va-m\/"]}]},{"@type":"ImageObject","inLanguage":"it-IT","@id":"https:\/\/ibcparts.eu\/izdelek\/adapterji-va-m\/#primaryimage","url":"https:\/\/ibcparts.eu\/wp-content\/uploads\/2022\/01\/Adapter-za-sod-z-navojem-68\u00d76-mm.png","contentUrl":"https:\/\/ibcparts.eu\/wp-content\/uploads\/2022\/01\/Adapter-za-sod-z-navojem-68\u00d76-mm.png","width":500,"height":500,"caption":"Adapter za sod z navojem S70\u00d76 mm"},{"@type":"BreadcrumbList","@id":"https:\/\/ibcparts.eu\/izdelek\/adapterji-va-m\/#breadcrumb","itemListElement":[{"@type":"ListItem","position":1,"name":"Home","item":"https:\/\/ibcparts.eu\/"},{"@type":"ListItem","position":2,"name":"Nakupujte","item":"https:\/\/ibcparts.eu\/nakupujte\/"},{"@type":"ListItem","position":3,"name":"Adapter DIN71 (S70\u00d76 mm) (M) \u00d7 1\u2033 ali 2\u2033 (F) [izjemno mo\u010dan]"}]},{"@type":"WebSite","@id":"https:\/\/ibcparts.eu\/#website","url":"https:\/\/ibcparts.eu\/","name":"IBCparts.eu","description":"","publisher":{"@id":"https:\/\/ibcparts.eu\/#organization"},"potentialAction":[{"@type":"SearchAction","target":{"@type":"EntryPoint","urlTemplate":"https:\/\/ibcparts.eu\/?s={search_term_string}"},"query-input":{"@type":"PropertyValueSpecification","valueRequired":true,"valueName":"search_term_string"}}],"inLanguage":"it-IT"},{"@type":"Organization","@id":"https:\/\/ibcparts.eu\/#organization","name":"IBCparts","url":"https:\/\/ibcparts.eu\/","logo":{"@type":"ImageObject","inLanguage":"it-IT","@id":"https:\/\/ibcparts.eu\/#\/schema\/logo\/image\/","url":"https:\/\/ibcparts.eu\/wp-content\/uploads\/2021\/10\/Footer-Logo.png","contentUrl":"https:\/\/ibcparts.eu\/wp-content\/uploads\/2021\/10\/Footer-Logo.png","width":1992,"height":772,"caption":"IBCparts"},"image":{"@id":"https:\/\/ibcparts.eu\/#\/schema\/logo\/image\/"}}]}},"_links":{"self":[{"href":"https:\/\/ibcparts.eu\/it\/wp-json\/wp\/v2\/product\/13065","targetHints":{"allow":["GET"]}}],"collection":[{"href":"https:\/\/ibcparts.eu\/it\/wp-json\/wp\/v2\/product"}],"about":[{"href":"https:\/\/ibcparts.eu\/it\/wp-json\/wp\/v2\/types\/product"}],"version-history":[{"count":6,"href":"https:\/\/ibcparts.eu\/it\/wp-json\/wp\/v2\/product\/13065\/revisions"}],"predecessor-version":[{"id":20682,"href":"https:\/\/ibcparts.eu\/it\/wp-json\/wp\/v2\/product\/13065\/revisions\/20682"}],"wp:featuredmedia":[{"embeddable":true,"href":"https:\/\/ibcparts.eu\/it\/wp-json\/wp\/v2\/media\/19693"}],"wp:attachment":[{"href":"https:\/\/ibcparts.eu\/it\/wp-json\/wp\/v2\/media?parent=13065"}],"wp:term":[{"taxonomy":"product_brand","embeddable":true,"href":"https:\/\/ibcparts.eu\/it\/wp-json\/wp\/v2\/product_brand?post=13065"},{"taxonomy":"product_cat","embeddable":true,"href":"https:\/\/ibcparts.eu\/it\/wp-json\/wp\/v2\/product_cat?post=13065"},{"taxonomy":"product_tag","embeddable":true,"href":"https:\/\/ibcparts.eu\/it\/wp-json\/wp\/v2\/product_tag?post=13065"}],"curies":[{"name":"wp","href":"https:\/\/api.w.org\/{rel}","templated":true}]}}