{"id":12176,"date":"2022-01-14T15:03:33","date_gmt":"2022-01-14T14:03:33","guid":{"rendered":"https:\/\/ibcparts.eu\/?post_type=product&#038;p=12176"},"modified":"2026-02-17T10:04:26","modified_gmt":"2026-02-17T09:04:26","slug":"camlock-combo","status":"publish","type":"product","link":"https:\/\/ibcparts.eu\/it\/prodotto\/camlock-combo\/","title":{"rendered":"Camlock Combo F per cisterna IBC (3\/4\u2033, 1\u2033, 5\/4\u2033, 6\/4\u2033, 2\u2033)"},"content":{"rendered":"","protected":false},"excerpt":{"rendered":"<h2 data-start=\"201\" data-end=\"266\">Camlock COMBO F con filettatura BSP interna per cisterna IBC<\/h2>\n<p data-start=\"268\" data-end=\"825\" class=\" translation-block\">Camlock COMBO F \u00e8 un adattatore camlock molto robusto per cisterne IBC con valvola camlock da 2\u2033. Viene utilizzato come <strong>adattatore o raccordo per cisterna IBC<\/strong> nel collegamento di tubi, valvole o altri sistemi con filettatura BSP interna (femmina) in diverse dimensioni. Quando la cisterna IBC non \u00e8 dotata di valvola camlock, pu\u00f2 essere utilizzato in combinazione con un raccordo camlock su filettatura grossa S60x6 (DN50). \u00c8 realizzato in materiale PP ed \u00e8 dotato di una guarnizione in gomma EPDM che garantisce <strong>una tenuta affidabile anche in presenza di piccole irregolarit\u00e0 nel collegamento<\/strong> e una lunga durata.<\/p>\n<ul>\n<li class=\" translation-block\">Per cisterne con valvola camlock da 2\u2033 oppure utilizzare un <a href=\"https:\/\/ibcparts.eu\/izdelek\/hitra-spojka-camlock-za-ibc-cisterne-z-ventilom-fi-60mm\/\" target=\"_self\">raccordo camlock<\/a> se la cisterna \u00e8 dotata di filettatura grossa <strong>S60x6<\/strong> (DN50).<\/li>\n<li class=\" translation-block\"><strong>Tipo di filettatura centrale:<\/strong> filettatura BSP interna in diverse dimensioni<\/li>\n<li><strong>Materiale:<\/strong> PP<\/li>\n<li><strong>Colore:<\/strong>\u00a0Nero<\/li>\n<li><strong>Guarnizione:<\/strong>\u00a0Gomma EPDM.<\/li>\n<li>Tenuta eccellente e durata eccezionale!<\/li>\n<\/ul>\n<p><strong>Dimensioni:<\/strong><\/p>\n<p>Si tratta fondamentalmente di un filo da 2\u2033, e con riduzione tutti quelli sottostanti.<\/p>\n<ul>\n<li><strong>3\/4&#8243;<\/strong><\/li>\n<li><strong>1&#8243;<\/strong><\/li>\n<li><strong>5\/4<\/strong><strong>&#8220;<\/strong><\/li>\n<li><strong>6\/4<\/strong><strong>&#8220;<\/strong><\/li>\n<li><strong>2<\/strong><strong>&#8220;<\/strong><\/li>\n<\/ul>\n<p><a href=\"https:\/\/ibcparts.eu\/izdelek\/tesnilo-65x50x5-za-camlock-prikljucke\/\">\ud83d\udc49 Za ta adapter imamo na voljo tesnila v materialih\u00a0<strong data-start=\"50\" data-end=\"91\">PE, EPDM, NBR, silikon in VITON (FKM)<\/strong>.<\/a><\/p>","protected":false},"featured_media":18516,"template":"","meta":[],"product_brand":[],"product_cat":[195,170],"product_tag":[403],"class_list":{"0":"post-12176","1":"product","2":"type-product","3":"status-publish","4":"has-post-thumbnail","6":"product_cat-camlock-prikljucki","7":"product_cat-reducirji-in-prikljucki-za-ibc","8":"product_tag-camlock-2-adapter-za-ibc-cisterno","10":"first","11":"instock","12":"shipping-taxable","13":"purchasable","14":"product-type-variable"},"yoast_head":"<!-- This site is optimized with the Yoast SEO plugin v27.1.1 - https:\/\/yoast.com\/product\/yoast-seo-wordpress\/ -->\n<title>Camlock Combo F za IBC cisterno (3\/4\u2033, 1\u2033, 5\/4\u2033, 6\/4\u2033, 2\u2033) | IBCparts.eu<\/title>\n<meta name=\"description\" content=\"2&quot; camlock priklju\u010dek z notranjim navojem razli\u010dnih velikosti za IBC cisterno. Za cisterne z 2&quot; camlock ventilom, ali uporabite camlock spojko S60x6.\" \/>\n<meta name=\"robots\" content=\"index, follow, max-snippet:-1, max-image-preview:large, max-video-preview:-1\" \/>\n<link rel=\"canonical\" href=\"https:\/\/ibcparts.eu\/it\/prodotto\/camlock-combo\/\" \/>\n<meta property=\"og:locale\" content=\"it_IT\" \/>\n<meta property=\"og:type\" content=\"article\" \/>\n<meta property=\"og:title\" content=\"Camlock Combo F za IBC cisterno (3\/4\u2033, 1\u2033, 5\/4\u2033, 6\/4\u2033, 2\u2033) | IBCparts.eu\" \/>\n<meta property=\"og:description\" content=\"2&quot; camlock priklju\u010dek z notranjim navojem razli\u010dnih velikosti za IBC cisterno. Za cisterne z 2&quot; camlock ventilom, ali uporabite camlock spojko S60x6.\" \/>\n<meta property=\"og:url\" content=\"https:\/\/ibcparts.eu\/it\/prodotto\/camlock-combo\/\" \/>\n<meta property=\"og:site_name\" content=\"IBCparts.eu\" \/>\n<meta property=\"article:modified_time\" content=\"2026-02-17T09:04:26+00:00\" \/>\n<meta property=\"og:image\" content=\"https:\/\/ibcparts.eu\/wp-content\/uploads\/2022\/01\/20251126_092817-removebg-preview-min.png\" \/>\n\t<meta property=\"og:image:width\" content=\"500\" \/>\n\t<meta property=\"og:image:height\" content=\"500\" \/>\n\t<meta property=\"og:image:type\" content=\"image\/png\" \/>\n<meta name=\"twitter:card\" content=\"summary_large_image\" \/>\n<script type=\"application\/ld+json\" class=\"yoast-schema-graph\">{\"@context\":\"https:\/\/schema.org\",\"@graph\":[{\"@type\":\"WebPage\",\"@id\":\"https:\/\/ibcparts.eu\/izdelek\/camlock-combo\/\",\"url\":\"https:\/\/ibcparts.eu\/izdelek\/camlock-combo\/\",\"name\":\"Camlock Combo F za IBC cisterno (3\/4\u2033, 1\u2033, 5\/4\u2033, 6\/4\u2033, 2\u2033) | IBCparts.eu\",\"isPartOf\":{\"@id\":\"https:\/\/ibcparts.eu\/#website\"},\"primaryImageOfPage\":{\"@id\":\"https:\/\/ibcparts.eu\/izdelek\/camlock-combo\/#primaryimage\"},\"image\":{\"@id\":\"https:\/\/ibcparts.eu\/izdelek\/camlock-combo\/#primaryimage\"},\"thumbnailUrl\":\"https:\/\/ibcparts.eu\/wp-content\/uploads\/2022\/01\/20251126_092817-removebg-preview-min.png\",\"datePublished\":\"2022-01-14T14:03:33+00:00\",\"dateModified\":\"2026-02-17T09:04:26+00:00\",\"description\":\"2\\\" camlock priklju\u010dek z notranjim navojem razli\u010dnih velikosti za IBC cisterno. Za cisterne z 2\\\" camlock ventilom, ali uporabite camlock spojko S60x6.\",\"breadcrumb\":{\"@id\":\"https:\/\/ibcparts.eu\/izdelek\/camlock-combo\/#breadcrumb\"},\"inLanguage\":\"it-IT\",\"potentialAction\":[{\"@type\":\"ReadAction\",\"target\":[\"https:\/\/ibcparts.eu\/izdelek\/camlock-combo\/\"]}]},{\"@type\":\"ImageObject\",\"inLanguage\":\"it-IT\",\"@id\":\"https:\/\/ibcparts.eu\/izdelek\/camlock-combo\/#primaryimage\",\"url\":\"https:\/\/ibcparts.eu\/wp-content\/uploads\/2022\/01\/20251126_092817-removebg-preview-min.png\",\"contentUrl\":\"https:\/\/ibcparts.eu\/wp-content\/uploads\/2022\/01\/20251126_092817-removebg-preview-min.png\",\"width\":500,\"height\":500,\"caption\":\"Adapter Camlock Combo za IBC cisterno\"},{\"@type\":\"BreadcrumbList\",\"@id\":\"https:\/\/ibcparts.eu\/izdelek\/camlock-combo\/#breadcrumb\",\"itemListElement\":[{\"@type\":\"ListItem\",\"position\":1,\"name\":\"Home\",\"item\":\"https:\/\/ibcparts.eu\/\"},{\"@type\":\"ListItem\",\"position\":2,\"name\":\"Nakupujte\",\"item\":\"https:\/\/ibcparts.eu\/nakupujte\/\"},{\"@type\":\"ListItem\",\"position\":3,\"name\":\"Camlock Combo F za IBC cisterno (3\/4\u2033, 1\u2033, 5\/4\u2033, 6\/4\u2033, 2\u2033)\"}]},{\"@type\":\"WebSite\",\"@id\":\"https:\/\/ibcparts.eu\/#website\",\"url\":\"https:\/\/ibcparts.eu\/\",\"name\":\"IBCparts.eu\",\"description\":\"\",\"publisher\":{\"@id\":\"https:\/\/ibcparts.eu\/#organization\"},\"potentialAction\":[{\"@type\":\"SearchAction\",\"target\":{\"@type\":\"EntryPoint\",\"urlTemplate\":\"https:\/\/ibcparts.eu\/?s={search_term_string}\"},\"query-input\":{\"@type\":\"PropertyValueSpecification\",\"valueRequired\":true,\"valueName\":\"search_term_string\"}}],\"inLanguage\":\"it-IT\"},{\"@type\":\"Organization\",\"@id\":\"https:\/\/ibcparts.eu\/#organization\",\"name\":\"IBCparts\",\"url\":\"https:\/\/ibcparts.eu\/\",\"logo\":{\"@type\":\"ImageObject\",\"inLanguage\":\"it-IT\",\"@id\":\"https:\/\/ibcparts.eu\/#\/schema\/logo\/image\/\",\"url\":\"https:\/\/ibcparts.eu\/wp-content\/uploads\/2021\/10\/Footer-Logo.png\",\"contentUrl\":\"https:\/\/ibcparts.eu\/wp-content\/uploads\/2021\/10\/Footer-Logo.png\",\"width\":1992,\"height\":772,\"caption\":\"IBCparts\"},\"image\":{\"@id\":\"https:\/\/ibcparts.eu\/#\/schema\/logo\/image\/\"}}]}<\/script>\n<!-- \/ Yoast SEO plugin. -->","yoast_head_json":{"title":"Camlock Combo F za IBC cisterno (3\/4\u2033, 1\u2033, 5\/4\u2033, 6\/4\u2033, 2\u2033) | IBCparts.eu","description":"2\" camlock priklju\u010dek z notranjim navojem razli\u010dnih velikosti za IBC cisterno. Za cisterne z 2\" camlock ventilom, ali uporabite camlock spojko S60x6.","robots":{"index":"index","follow":"follow","max-snippet":"max-snippet:-1","max-image-preview":"max-image-preview:large","max-video-preview":"max-video-preview:-1"},"canonical":"https:\/\/ibcparts.eu\/it\/prodotto\/camlock-combo\/","og_locale":"it_IT","og_type":"article","og_title":"Camlock Combo F za IBC cisterno (3\/4\u2033, 1\u2033, 5\/4\u2033, 6\/4\u2033, 2\u2033) | IBCparts.eu","og_description":"2\" camlock priklju\u010dek z notranjim navojem razli\u010dnih velikosti za IBC cisterno. Za cisterne z 2\" camlock ventilom, ali uporabite camlock spojko S60x6.","og_url":"https:\/\/ibcparts.eu\/it\/prodotto\/camlock-combo\/","og_site_name":"IBCparts.eu","article_modified_time":"2026-02-17T09:04:26+00:00","og_image":[{"width":500,"height":500,"url":"https:\/\/ibcparts.eu\/wp-content\/uploads\/2022\/01\/20251126_092817-removebg-preview-min.png","type":"image\/png"}],"twitter_card":"summary_large_image","schema":{"@context":"https:\/\/schema.org","@graph":[{"@type":"WebPage","@id":"https:\/\/ibcparts.eu\/izdelek\/camlock-combo\/","url":"https:\/\/ibcparts.eu\/izdelek\/camlock-combo\/","name":"Camlock Combo F za IBC cisterno (3\/4\u2033, 1\u2033, 5\/4\u2033, 6\/4\u2033, 2\u2033) | IBCparts.eu","isPartOf":{"@id":"https:\/\/ibcparts.eu\/#website"},"primaryImageOfPage":{"@id":"https:\/\/ibcparts.eu\/izdelek\/camlock-combo\/#primaryimage"},"image":{"@id":"https:\/\/ibcparts.eu\/izdelek\/camlock-combo\/#primaryimage"},"thumbnailUrl":"https:\/\/ibcparts.eu\/wp-content\/uploads\/2022\/01\/20251126_092817-removebg-preview-min.png","datePublished":"2022-01-14T14:03:33+00:00","dateModified":"2026-02-17T09:04:26+00:00","description":"2\" camlock priklju\u010dek z notranjim navojem razli\u010dnih velikosti za IBC cisterno. Za cisterne z 2\" camlock ventilom, ali uporabite camlock spojko S60x6.","breadcrumb":{"@id":"https:\/\/ibcparts.eu\/izdelek\/camlock-combo\/#breadcrumb"},"inLanguage":"it-IT","potentialAction":[{"@type":"ReadAction","target":["https:\/\/ibcparts.eu\/izdelek\/camlock-combo\/"]}]},{"@type":"ImageObject","inLanguage":"it-IT","@id":"https:\/\/ibcparts.eu\/izdelek\/camlock-combo\/#primaryimage","url":"https:\/\/ibcparts.eu\/wp-content\/uploads\/2022\/01\/20251126_092817-removebg-preview-min.png","contentUrl":"https:\/\/ibcparts.eu\/wp-content\/uploads\/2022\/01\/20251126_092817-removebg-preview-min.png","width":500,"height":500,"caption":"Adapter Camlock Combo za IBC cisterno"},{"@type":"BreadcrumbList","@id":"https:\/\/ibcparts.eu\/izdelek\/camlock-combo\/#breadcrumb","itemListElement":[{"@type":"ListItem","position":1,"name":"Home","item":"https:\/\/ibcparts.eu\/"},{"@type":"ListItem","position":2,"name":"Nakupujte","item":"https:\/\/ibcparts.eu\/nakupujte\/"},{"@type":"ListItem","position":3,"name":"Camlock Combo F za IBC cisterno (3\/4\u2033, 1\u2033, 5\/4\u2033, 6\/4\u2033, 2\u2033)"}]},{"@type":"WebSite","@id":"https:\/\/ibcparts.eu\/#website","url":"https:\/\/ibcparts.eu\/","name":"IBCparts.eu","description":"","publisher":{"@id":"https:\/\/ibcparts.eu\/#organization"},"potentialAction":[{"@type":"SearchAction","target":{"@type":"EntryPoint","urlTemplate":"https:\/\/ibcparts.eu\/?s={search_term_string}"},"query-input":{"@type":"PropertyValueSpecification","valueRequired":true,"valueName":"search_term_string"}}],"inLanguage":"it-IT"},{"@type":"Organization","@id":"https:\/\/ibcparts.eu\/#organization","name":"IBCparts","url":"https:\/\/ibcparts.eu\/","logo":{"@type":"ImageObject","inLanguage":"it-IT","@id":"https:\/\/ibcparts.eu\/#\/schema\/logo\/image\/","url":"https:\/\/ibcparts.eu\/wp-content\/uploads\/2021\/10\/Footer-Logo.png","contentUrl":"https:\/\/ibcparts.eu\/wp-content\/uploads\/2021\/10\/Footer-Logo.png","width":1992,"height":772,"caption":"IBCparts"},"image":{"@id":"https:\/\/ibcparts.eu\/#\/schema\/logo\/image\/"}}]}},"_links":{"self":[{"href":"https:\/\/ibcparts.eu\/it\/wp-json\/wp\/v2\/product\/12176","targetHints":{"allow":["GET"]}}],"collection":[{"href":"https:\/\/ibcparts.eu\/it\/wp-json\/wp\/v2\/product"}],"about":[{"href":"https:\/\/ibcparts.eu\/it\/wp-json\/wp\/v2\/types\/product"}],"version-history":[{"count":7,"href":"https:\/\/ibcparts.eu\/it\/wp-json\/wp\/v2\/product\/12176\/revisions"}],"predecessor-version":[{"id":20645,"href":"https:\/\/ibcparts.eu\/it\/wp-json\/wp\/v2\/product\/12176\/revisions\/20645"}],"wp:featuredmedia":[{"embeddable":true,"href":"https:\/\/ibcparts.eu\/it\/wp-json\/wp\/v2\/media\/18516"}],"wp:attachment":[{"href":"https:\/\/ibcparts.eu\/it\/wp-json\/wp\/v2\/media?parent=12176"}],"wp:term":[{"taxonomy":"product_brand","embeddable":true,"href":"https:\/\/ibcparts.eu\/it\/wp-json\/wp\/v2\/product_brand?post=12176"},{"taxonomy":"product_cat","embeddable":true,"href":"https:\/\/ibcparts.eu\/it\/wp-json\/wp\/v2\/product_cat?post=12176"},{"taxonomy":"product_tag","embeddable":true,"href":"https:\/\/ibcparts.eu\/it\/wp-json\/wp\/v2\/product_tag?post=12176"}],"curies":[{"name":"wp","href":"https:\/\/api.w.org\/{rel}","templated":true}]}}