{"id":8537,"date":"2021-12-19T07:38:05","date_gmt":"2021-12-19T06:38:05","guid":{"rendered":"https:\/\/ibcparts.eu\/?post_type=product&#038;p=8537"},"modified":"2026-01-13T14:20:34","modified_gmt":"2026-01-13T13:20:34","slug":"flangia-tr-f-na-1","status":"publish","type":"product","link":"https:\/\/ibcparts.eu\/hu\/termek\/flangia-tr-f-na-1\/","title":{"rendered":"TR-F karima 1\u2033-ra IBC tart\u00e1lyhoz"},"content":{"rendered":"","protected":false},"excerpt":{"rendered":"<h2 data-start=\"214\" data-end=\"294\">TR-F karima 1\u2033-ra, mint szelephelyettes\u00edt\u0151 megold\u00e1s peremes IBC tart\u00e1lyhoz<\/h2>\n<p data-start=\"296\" data-end=\"770\" class=\" translation-block\">A TR-F karima 1\u2033-ra egy <strong data-start=\"340\" data-end=\"374\">nagyon ritka IBC tart\u00e1ly kivitelhez<\/strong> k\u00e9sz\u00fclt, ahol az eredeti szelep <strong data-start=\"415\" data-end=\"447\">nagyobb \u00e1tm\u00e9r\u0151j\u0171 karim\u00e1val<\/strong> volt r\u00f6gz\u00edtve. A term\u00e9k <strong data-start=\"474\" data-end=\"496\">szelephelyettes\u00edt\u0151k\u00e9nt<\/strong> haszn\u00e1lhat\u00f3, \u00e9s <strong data-start=\"511\" data-end=\"535\">k\u00f6zvetlen\u00fcl a tart\u00e1lyra szerelhet\u0151<\/strong>, nem a megl\u00e9v\u0151 szelepre. Alkalmas <strong data-start=\"598\" data-end=\"626\">120 mm k\u00fcls\u0151 \u00e1tm\u00e9r\u0151j\u0171 karim\u00e1val<\/strong> rendelkez\u0151 tart\u00e1lyokhoz, ahol a karima k\u00fcls\u0151 \u00e1tm\u00e9r\u0151j\u00e9nek m\u00e9r\u00e9se k\u00f6telez\u0151. Lehet\u0151v\u00e9 teszi a szabv\u00e1nyos, bels\u0151 (n\u0151i) 1\u2033 BSP menetes csatlakoz\u00f3k tov\u00e1bbi haszn\u00e1lat\u00e1t.<\/p>\n<p data-start=\"772\" data-end=\"797\"><strong data-start=\"772\" data-end=\"795\">M\u0171szaki jellemz\u0151k<\/strong><\/p>\n<ul>\n<li data-start=\"800\" data-end=\"871\">Term\u00e9kt\u00edpus: peremes adapter \/ szelephelyettes\u00edt\u0151 IBC tart\u00e1lyhoz<\/li>\n<li data-start=\"874\" data-end=\"924\">Szerel\u00e9si m\u00f3d: k\u00f6zvetlen\u00fcl a tart\u00e1lyra (karima)<\/li>\n<li data-start=\"927\" data-end=\"974\">Alkalmas karim\u00e1hoz: 120 mm k\u00fcls\u0151 \u00e1tm\u00e9r\u0151<\/li>\n<li data-start=\"977\" data-end=\"1027\">M\u00e9r\u00e9si m\u00f3d: a karima k\u00fcls\u0151 \u00e1tm\u00e9r\u0151j\u00e9t kell m\u00e9rni<\/li>\n<li data-start=\"1030\" data-end=\"1075\">Menett\u00edpus a kimeneten: bels\u0151 (anya) BSP<\/li>\n<li data-start=\"1078\" data-end=\"1096\">Menetm\u00e9ret: 1\u2033<\/li>\n<\/ul>","protected":false},"featured_media":8543,"template":"","meta":[],"product_brand":[],"product_cat":[307,170],"product_tag":[],"class_list":{"0":"post-8537","1":"product","2":"type-product","3":"status-publish","4":"has-post-thumbnail","6":"product_cat-prirobnica","7":"product_cat-reducirji-in-prikljucki-za-ibc","9":"first","10":"instock","11":"shipping-taxable","12":"purchasable","13":"product-type-simple"},"yoast_head":"<!-- This site is optimized with the Yoast SEO plugin v27.1.1 - https:\/\/yoast.com\/product\/yoast-seo-wordpress\/ -->\n<title>Flangia TR-F na 1\u2033 za IBC cisterno | IBCparts.eu<\/title>\n<meta name=\"description\" content=\"Flangia TR-F na 1\u2033 kot nadomestek ventila za IBC cisterno s prirobnico premera 120 mm. Monta\u017ea direktno na cisterno, za zelo redko izvedbo.\" \/>\n<meta name=\"robots\" content=\"index, follow, max-snippet:-1, max-image-preview:large, max-video-preview:-1\" \/>\n<link rel=\"canonical\" href=\"https:\/\/ibcparts.eu\/hu\/termek\/flangia-tr-f-na-1\/\" \/>\n<meta property=\"og:locale\" content=\"hu_HU\" \/>\n<meta property=\"og:type\" content=\"article\" \/>\n<meta property=\"og:title\" content=\"Flangia TR-F na 1\u2033 za IBC cisterno | IBCparts.eu\" \/>\n<meta property=\"og:description\" content=\"Flangia TR-F na 1\u2033 kot nadomestek ventila za IBC cisterno s prirobnico premera 120 mm. Monta\u017ea direktno na cisterno, za zelo redko izvedbo.\" \/>\n<meta property=\"og:url\" content=\"https:\/\/ibcparts.eu\/hu\/termek\/flangia-tr-f-na-1\/\" \/>\n<meta property=\"og:site_name\" content=\"IBCparts.eu\" \/>\n<meta property=\"article:modified_time\" content=\"2026-01-13T13:20:34+00:00\" \/>\n<meta property=\"og:image\" content=\"https:\/\/ibcparts.eu\/wp-content\/uploads\/2021\/12\/tr-f4.jpg\" \/>\n\t<meta property=\"og:image:width\" content=\"590\" \/>\n\t<meta property=\"og:image:height\" content=\"590\" \/>\n\t<meta property=\"og:image:type\" content=\"image\/jpeg\" \/>\n<meta name=\"twitter:card\" content=\"summary_large_image\" \/>\n<script type=\"application\/ld+json\" class=\"yoast-schema-graph\">{\"@context\":\"https:\/\/schema.org\",\"@graph\":[{\"@type\":\"WebPage\",\"@id\":\"https:\/\/ibcparts.eu\/izdelek\/flangia-tr-f-na-1\/\",\"url\":\"https:\/\/ibcparts.eu\/izdelek\/flangia-tr-f-na-1\/\",\"name\":\"Flangia TR-F na 1\u2033 za IBC cisterno | IBCparts.eu\",\"isPartOf\":{\"@id\":\"https:\/\/ibcparts.eu\/#website\"},\"primaryImageOfPage\":{\"@id\":\"https:\/\/ibcparts.eu\/izdelek\/flangia-tr-f-na-1\/#primaryimage\"},\"image\":{\"@id\":\"https:\/\/ibcparts.eu\/izdelek\/flangia-tr-f-na-1\/#primaryimage\"},\"thumbnailUrl\":\"https:\/\/ibcparts.eu\/wp-content\/uploads\/2021\/12\/tr-f4.jpg\",\"datePublished\":\"2021-12-19T06:38:05+00:00\",\"dateModified\":\"2026-01-13T13:20:34+00:00\",\"description\":\"Flangia TR-F na 1\u2033 kot nadomestek ventila za IBC cisterno s prirobnico premera 120 mm. Monta\u017ea direktno na cisterno, za zelo redko izvedbo.\",\"breadcrumb\":{\"@id\":\"https:\/\/ibcparts.eu\/izdelek\/flangia-tr-f-na-1\/#breadcrumb\"},\"inLanguage\":\"hu-HU\",\"potentialAction\":[{\"@type\":\"ReadAction\",\"target\":[\"https:\/\/ibcparts.eu\/izdelek\/flangia-tr-f-na-1\/\"]}]},{\"@type\":\"ImageObject\",\"inLanguage\":\"hu-HU\",\"@id\":\"https:\/\/ibcparts.eu\/izdelek\/flangia-tr-f-na-1\/#primaryimage\",\"url\":\"https:\/\/ibcparts.eu\/wp-content\/uploads\/2021\/12\/tr-f4.jpg\",\"contentUrl\":\"https:\/\/ibcparts.eu\/wp-content\/uploads\/2021\/12\/tr-f4.jpg\",\"width\":590,\"height\":590,\"caption\":\"tr-f4\"},{\"@type\":\"BreadcrumbList\",\"@id\":\"https:\/\/ibcparts.eu\/izdelek\/flangia-tr-f-na-1\/#breadcrumb\",\"itemListElement\":[{\"@type\":\"ListItem\",\"position\":1,\"name\":\"Home\",\"item\":\"https:\/\/ibcparts.eu\/\"},{\"@type\":\"ListItem\",\"position\":2,\"name\":\"Nakupujte\",\"item\":\"https:\/\/ibcparts.eu\/nakupujte\/\"},{\"@type\":\"ListItem\",\"position\":3,\"name\":\"Flangia TR-F na 1\u2033 za IBC cisterno\"}]},{\"@type\":\"WebSite\",\"@id\":\"https:\/\/ibcparts.eu\/#website\",\"url\":\"https:\/\/ibcparts.eu\/\",\"name\":\"IBCparts.eu\",\"description\":\"\",\"publisher\":{\"@id\":\"https:\/\/ibcparts.eu\/#organization\"},\"potentialAction\":[{\"@type\":\"SearchAction\",\"target\":{\"@type\":\"EntryPoint\",\"urlTemplate\":\"https:\/\/ibcparts.eu\/?s={search_term_string}\"},\"query-input\":{\"@type\":\"PropertyValueSpecification\",\"valueRequired\":true,\"valueName\":\"search_term_string\"}}],\"inLanguage\":\"hu-HU\"},{\"@type\":\"Organization\",\"@id\":\"https:\/\/ibcparts.eu\/#organization\",\"name\":\"IBCparts\",\"url\":\"https:\/\/ibcparts.eu\/\",\"logo\":{\"@type\":\"ImageObject\",\"inLanguage\":\"hu-HU\",\"@id\":\"https:\/\/ibcparts.eu\/#\/schema\/logo\/image\/\",\"url\":\"https:\/\/ibcparts.eu\/wp-content\/uploads\/2021\/10\/Footer-Logo.png\",\"contentUrl\":\"https:\/\/ibcparts.eu\/wp-content\/uploads\/2021\/10\/Footer-Logo.png\",\"width\":1992,\"height\":772,\"caption\":\"IBCparts\"},\"image\":{\"@id\":\"https:\/\/ibcparts.eu\/#\/schema\/logo\/image\/\"}}]}<\/script>\n<!-- \/ Yoast SEO plugin. -->","yoast_head_json":{"title":"Flangia TR-F na 1\u2033 za IBC cisterno | IBCparts.eu","description":"Flangia TR-F na 1\u2033 kot nadomestek ventila za IBC cisterno s prirobnico premera 120 mm. Monta\u017ea direktno na cisterno, za zelo redko izvedbo.","robots":{"index":"index","follow":"follow","max-snippet":"max-snippet:-1","max-image-preview":"max-image-preview:large","max-video-preview":"max-video-preview:-1"},"canonical":"https:\/\/ibcparts.eu\/hu\/termek\/flangia-tr-f-na-1\/","og_locale":"hu_HU","og_type":"article","og_title":"Flangia TR-F na 1\u2033 za IBC cisterno | IBCparts.eu","og_description":"Flangia TR-F na 1\u2033 kot nadomestek ventila za IBC cisterno s prirobnico premera 120 mm. Monta\u017ea direktno na cisterno, za zelo redko izvedbo.","og_url":"https:\/\/ibcparts.eu\/hu\/termek\/flangia-tr-f-na-1\/","og_site_name":"IBCparts.eu","article_modified_time":"2026-01-13T13:20:34+00:00","og_image":[{"width":590,"height":590,"url":"https:\/\/ibcparts.eu\/wp-content\/uploads\/2021\/12\/tr-f4.jpg","type":"image\/jpeg"}],"twitter_card":"summary_large_image","schema":{"@context":"https:\/\/schema.org","@graph":[{"@type":"WebPage","@id":"https:\/\/ibcparts.eu\/izdelek\/flangia-tr-f-na-1\/","url":"https:\/\/ibcparts.eu\/izdelek\/flangia-tr-f-na-1\/","name":"Flangia TR-F na 1\u2033 za IBC cisterno | IBCparts.eu","isPartOf":{"@id":"https:\/\/ibcparts.eu\/#website"},"primaryImageOfPage":{"@id":"https:\/\/ibcparts.eu\/izdelek\/flangia-tr-f-na-1\/#primaryimage"},"image":{"@id":"https:\/\/ibcparts.eu\/izdelek\/flangia-tr-f-na-1\/#primaryimage"},"thumbnailUrl":"https:\/\/ibcparts.eu\/wp-content\/uploads\/2021\/12\/tr-f4.jpg","datePublished":"2021-12-19T06:38:05+00:00","dateModified":"2026-01-13T13:20:34+00:00","description":"Flangia TR-F na 1\u2033 kot nadomestek ventila za IBC cisterno s prirobnico premera 120 mm. Monta\u017ea direktno na cisterno, za zelo redko izvedbo.","breadcrumb":{"@id":"https:\/\/ibcparts.eu\/izdelek\/flangia-tr-f-na-1\/#breadcrumb"},"inLanguage":"hu-HU","potentialAction":[{"@type":"ReadAction","target":["https:\/\/ibcparts.eu\/izdelek\/flangia-tr-f-na-1\/"]}]},{"@type":"ImageObject","inLanguage":"hu-HU","@id":"https:\/\/ibcparts.eu\/izdelek\/flangia-tr-f-na-1\/#primaryimage","url":"https:\/\/ibcparts.eu\/wp-content\/uploads\/2021\/12\/tr-f4.jpg","contentUrl":"https:\/\/ibcparts.eu\/wp-content\/uploads\/2021\/12\/tr-f4.jpg","width":590,"height":590,"caption":"tr-f4"},{"@type":"BreadcrumbList","@id":"https:\/\/ibcparts.eu\/izdelek\/flangia-tr-f-na-1\/#breadcrumb","itemListElement":[{"@type":"ListItem","position":1,"name":"Home","item":"https:\/\/ibcparts.eu\/"},{"@type":"ListItem","position":2,"name":"Nakupujte","item":"https:\/\/ibcparts.eu\/nakupujte\/"},{"@type":"ListItem","position":3,"name":"Flangia TR-F na 1\u2033 za IBC cisterno"}]},{"@type":"WebSite","@id":"https:\/\/ibcparts.eu\/#website","url":"https:\/\/ibcparts.eu\/","name":"IBCparts.eu","description":"","publisher":{"@id":"https:\/\/ibcparts.eu\/#organization"},"potentialAction":[{"@type":"SearchAction","target":{"@type":"EntryPoint","urlTemplate":"https:\/\/ibcparts.eu\/?s={search_term_string}"},"query-input":{"@type":"PropertyValueSpecification","valueRequired":true,"valueName":"search_term_string"}}],"inLanguage":"hu-HU"},{"@type":"Organization","@id":"https:\/\/ibcparts.eu\/#organization","name":"IBCparts","url":"https:\/\/ibcparts.eu\/","logo":{"@type":"ImageObject","inLanguage":"hu-HU","@id":"https:\/\/ibcparts.eu\/#\/schema\/logo\/image\/","url":"https:\/\/ibcparts.eu\/wp-content\/uploads\/2021\/10\/Footer-Logo.png","contentUrl":"https:\/\/ibcparts.eu\/wp-content\/uploads\/2021\/10\/Footer-Logo.png","width":1992,"height":772,"caption":"IBCparts"},"image":{"@id":"https:\/\/ibcparts.eu\/#\/schema\/logo\/image\/"}}]}},"_links":{"self":[{"href":"https:\/\/ibcparts.eu\/hu\/wp-json\/wp\/v2\/product\/8537","targetHints":{"allow":["GET"]}}],"collection":[{"href":"https:\/\/ibcparts.eu\/hu\/wp-json\/wp\/v2\/product"}],"about":[{"href":"https:\/\/ibcparts.eu\/hu\/wp-json\/wp\/v2\/types\/product"}],"version-history":[{"count":2,"href":"https:\/\/ibcparts.eu\/hu\/wp-json\/wp\/v2\/product\/8537\/revisions"}],"predecessor-version":[{"id":20209,"href":"https:\/\/ibcparts.eu\/hu\/wp-json\/wp\/v2\/product\/8537\/revisions\/20209"}],"wp:featuredmedia":[{"embeddable":true,"href":"https:\/\/ibcparts.eu\/hu\/wp-json\/wp\/v2\/media\/8543"}],"wp:attachment":[{"href":"https:\/\/ibcparts.eu\/hu\/wp-json\/wp\/v2\/media?parent=8537"}],"wp:term":[{"taxonomy":"product_brand","embeddable":true,"href":"https:\/\/ibcparts.eu\/hu\/wp-json\/wp\/v2\/product_brand?post=8537"},{"taxonomy":"product_cat","embeddable":true,"href":"https:\/\/ibcparts.eu\/hu\/wp-json\/wp\/v2\/product_cat?post=8537"},{"taxonomy":"product_tag","embeddable":true,"href":"https:\/\/ibcparts.eu\/hu\/wp-json\/wp\/v2\/product_tag?post=8537"}],"curies":[{"name":"wp","href":"https:\/\/api.w.org\/{rel}","templated":true}]}}