{"id":8439,"date":"2021-12-16T11:22:38","date_gmt":"2021-12-16T10:22:38","guid":{"rendered":"https:\/\/ibcparts.eu\/?post_type=product&#038;p=8439"},"modified":"2026-01-14T10:47:45","modified_gmt":"2026-01-14T09:47:45","slug":"ventil-metulj-s100-s100","status":"publish","type":"product","link":"https:\/\/ibcparts.eu\/hu\/termek\/pillangoszelep-s100-s100-ibc-tartalyhoz\/","title":{"rendered":"Ventil Metulj S100 &#8211; S100 za IBC cisterno"},"content":{"rendered":"<p>Az IBC-tart\u00e1lyok szelepei nagyok, m\u0171anyagb\u00f3l k\u00e9sz\u00fcltek \u00e9s \u00e9rz\u00e9kenyek. A h\u0151m\u00e9rs\u00e9kletk\u00fcl\u00f6nbs\u00e9gek, az UV-sugarak, a sz\u00e1raz leveg\u0151, a szennyez\u0151d\u00e9s \u00e9s m\u00e1s t\u00e9nyez\u0151k miatt \u00e1ltal\u00e1ban a szelep az els\u0151 dolog, ami nem m\u0171k\u00f6dik a tart\u00e1lyon.<\/p>\n<p>\u00c9rdekess\u00e9g: Az \u00faj tart\u00e1lyok szelepeinek tart\u00f3ss\u00e1g\u00e1t tesztelt\u00fck. K\u00f6zvetlen napf\u00e9nynek, hidegnek, es\u0151nek, egysz\u00f3val minden id\u0151j\u00e1r\u00e1si k\u00f6r\u00fclm\u00e9nynek kitett\u00fck \u0151ket. N\u00e9gy \u00e9v eltelt\u00e9vel a szelepek fele sziv\u00e1rgott, korrod\u00e1l\u00f3dott vagy m\u00e1s m\u00f3don k\u00e1rosodott. A t\u00f6bbi gond n\u00e9lk\u00fcl m\u0171k\u00f6d\u00f6tt.<\/p>\n<p>Mindenesetre javasoljuk, hogy:<\/p>\n<ol>\n<li>v\u00e9dje a szelepet a napf\u00e9nyt\u0151l,<\/li>\n<li>legal\u00e1bb egy kicsit sz\u0171rje a tart\u00e1lyban l\u00e9v\u0151 vizet,<\/li>\n<li>ne nyissa ki a szelepet a sz\u00fcks\u00e9gesn\u00e9l jobban - hatalmas v\u00e1laszt\u00e9kunk van a csap+sz\u0171k\u00edt\u0151 k\u00e9szletekb\u0151l, amelyek illeszkednek erre a szelepre - akkor ezzel a k\u00e9szlettel szab\u00e1lyozhatja a vizet -pipo.<\/li>\n<\/ol>\n<p>Szelepeinket kiz\u00e1r\u00f3lag kerti \u00f6nt\u00f6z\u0151v\u00edzzel val\u00f3 haszn\u00e1latra sz\u00e1njuk.<\/p>","protected":false},"excerpt":{"rendered":"<h2 data-start=\"146\" data-end=\"204\"><strong data-start=\"146\" data-end=\"204\">Zanesljiv loputasti (butterfly) ventil za IBC cisterno<\/strong><\/h2>\n<p data-start=\"206\" data-end=\"392\">Ventil <strong data-start=\"213\" data-end=\"235\">Metulj S100 \u2013 S100<\/strong> je loputasti ventil za <strong data-start=\"259\" data-end=\"298\">IBC cisterne z navojem fi 90\u2013100 mm<\/strong>. Namenjen je zanesljivemu zapiranju in odpiranju pretoka vode pri cisternah z ve\u010djim iztokom.<\/p>\n<p data-start=\"394\" data-end=\"598\">Ventil ima na <strong data-start=\"408\" data-end=\"442\">obeh straneh enak navoj S100\u00d78<\/strong>. Pri monta\u017ei je potrebno ventil <strong data-start=\"590\" data-end=\"609\">v celoti vrteti<\/strong>, dokler ni pravilno name\u0161\u010den.<\/p>\n<ul>\n<li data-start=\"602\" data-end=\"649\"><strong data-start=\"602\" data-end=\"618\">Tip ventila:<\/strong> loputasti (butterfly) ventil<\/li>\n<li data-start=\"652\" data-end=\"680\"><strong data-start=\"652\" data-end=\"662\">Sz\u00e1l:<\/strong> S100\u00d78 \u2192 S100\u00d78<\/li>\n<li data-start=\"683\" data-end=\"707\"><strong data-start=\"683\" data-end=\"700\">Menetir\u00e1ny\u00fas\u00e1g:<\/strong> 8 mm<\/li>\n<li data-start=\"710\" data-end=\"771\"><strong data-start=\"710\" data-end=\"729\">Compatibiliteit:<\/strong> IBC cisterne z navojem fi <strong data-start=\"756\" data-end=\"769\">90\u2013100 mm, grobi navoj<\/strong><\/li>\n<li data-start=\"774\" data-end=\"835\"><strong data-start=\"774\" data-end=\"786\">Uporaba:<\/strong> menjava ali nadgradnja obstoje\u010dega IBC ventila<\/li>\n<\/ul>\n<p data-start=\"837\" data-end=\"950\"><strong data-start=\"837\" data-end=\"898\">Ne veste, ali je ta ventil primeren za va\u0161o IBC cisterno?<\/strong><\/p>\n<p data-start=\"837\" data-end=\"950\">Preverite tukaj: <a class=\"woodmart-nav-link\" href=\"https:\/\/ibcparts.eu\/zamenjava-ibc-ventila\/\">IBC tart\u00e1lyszelep csere<\/a><\/p>","protected":false},"featured_media":20290,"template":"","meta":[],"product_brand":[],"product_cat":[182,312,260],"product_tag":[477],"class_list":{"0":"post-8439","1":"product","2":"type-product","3":"status-publish","4":"has-post-thumbnail","6":"product_cat-ibc-cisterne-ventili-in-dodatki","7":"product_cat-s100x8-ventili-in-nadomestki-ventilov","8":"product_cat-ventili-in-nadomestki-ventilov","9":"product_tag-loputasti-ventil-metulj-s100-za-ibc-cisterno","11":"first","12":"instock","13":"shipping-taxable","14":"purchasable","15":"product-type-simple"},"yoast_head":"<!-- This site is optimized with the Yoast SEO plugin v27.1.1 - https:\/\/yoast.com\/product\/yoast-seo-wordpress\/ -->\n<title>Ventil Metulj S100 - S100 za IBC cisterno | IBCparts.eu<\/title>\n<meta name=\"description\" content=\"Loputasti (butterfly) ventil Metulj S100\u2013S100 za IBC cisterne z navojem S100\u00d78 (fi 90\u2013100 mm). Zanesljivo zapiranje in enostavna monta\u017ea brez adapterjev.\" \/>\n<meta name=\"robots\" content=\"index, follow, max-snippet:-1, max-image-preview:large, max-video-preview:-1\" \/>\n<link rel=\"canonical\" href=\"https:\/\/ibcparts.eu\/hu\/termek\/pillangoszelep-s100-s100-ibc-tartalyhoz\/\" \/>\n<meta property=\"og:locale\" content=\"hu_HU\" \/>\n<meta property=\"og:type\" content=\"article\" \/>\n<meta property=\"og:title\" content=\"Ventil Metulj S100 - S100 za IBC cisterno | IBCparts.eu\" \/>\n<meta property=\"og:description\" content=\"Loputasti (butterfly) ventil Metulj S100\u2013S100 za IBC cisterne z navojem S100\u00d78 (fi 90\u2013100 mm). Zanesljivo zapiranje in enostavna monta\u017ea brez adapterjev.\" \/>\n<meta property=\"og:url\" content=\"https:\/\/ibcparts.eu\/hu\/termek\/pillangoszelep-s100-s100-ibc-tartalyhoz\/\" \/>\n<meta property=\"og:site_name\" content=\"IBCparts.eu\" \/>\n<meta property=\"article:modified_time\" content=\"2026-01-14T09:47:45+00:00\" \/>\n<meta property=\"og:image\" content=\"https:\/\/ibcparts.eu\/wp-content\/uploads\/2021\/12\/Loputasti-ventil-Metulj-S100\u2013S100-za-IBC-cisterno.png\" \/>\n\t<meta property=\"og:image:width\" content=\"500\" \/>\n\t<meta property=\"og:image:height\" content=\"500\" \/>\n\t<meta property=\"og:image:type\" content=\"image\/png\" \/>\n<meta name=\"twitter:card\" content=\"summary_large_image\" \/>\n<meta name=\"twitter:label1\" content=\"Est. reading time\" \/>\n\t<meta name=\"twitter:data1\" content=\"1 minute\" \/>\n<script type=\"application\/ld+json\" class=\"yoast-schema-graph\">{\"@context\":\"https:\/\/schema.org\",\"@graph\":[{\"@type\":\"WebPage\",\"@id\":\"https:\/\/ibcparts.eu\/izdelek\/ventil-metulj-s100-s100\/\",\"url\":\"https:\/\/ibcparts.eu\/izdelek\/ventil-metulj-s100-s100\/\",\"name\":\"Ventil Metulj S100 - S100 za IBC cisterno | IBCparts.eu\",\"isPartOf\":{\"@id\":\"https:\/\/ibcparts.eu\/#website\"},\"primaryImageOfPage\":{\"@id\":\"https:\/\/ibcparts.eu\/izdelek\/ventil-metulj-s100-s100\/#primaryimage\"},\"image\":{\"@id\":\"https:\/\/ibcparts.eu\/izdelek\/ventil-metulj-s100-s100\/#primaryimage\"},\"thumbnailUrl\":\"https:\/\/ibcparts.eu\/wp-content\/uploads\/2021\/12\/Loputasti-ventil-Metulj-S100\u2013S100-za-IBC-cisterno.png\",\"datePublished\":\"2021-12-16T10:22:38+00:00\",\"dateModified\":\"2026-01-14T09:47:45+00:00\",\"description\":\"Loputasti (butterfly) ventil Metulj S100\u2013S100 za IBC cisterne z navojem S100\u00d78 (fi 90\u2013100 mm). Zanesljivo zapiranje in enostavna monta\u017ea brez adapterjev.\",\"breadcrumb\":{\"@id\":\"https:\/\/ibcparts.eu\/izdelek\/ventil-metulj-s100-s100\/#breadcrumb\"},\"inLanguage\":\"hu-HU\",\"potentialAction\":[{\"@type\":\"ReadAction\",\"target\":[\"https:\/\/ibcparts.eu\/izdelek\/ventil-metulj-s100-s100\/\"]}]},{\"@type\":\"ImageObject\",\"inLanguage\":\"hu-HU\",\"@id\":\"https:\/\/ibcparts.eu\/izdelek\/ventil-metulj-s100-s100\/#primaryimage\",\"url\":\"https:\/\/ibcparts.eu\/wp-content\/uploads\/2021\/12\/Loputasti-ventil-Metulj-S100\u2013S100-za-IBC-cisterno.png\",\"contentUrl\":\"https:\/\/ibcparts.eu\/wp-content\/uploads\/2021\/12\/Loputasti-ventil-Metulj-S100\u2013S100-za-IBC-cisterno.png\",\"width\":500,\"height\":500,\"caption\":\"Loputasti ventil Metulj S100\u2013S100 za IBC cisterno\"},{\"@type\":\"BreadcrumbList\",\"@id\":\"https:\/\/ibcparts.eu\/izdelek\/ventil-metulj-s100-s100\/#breadcrumb\",\"itemListElement\":[{\"@type\":\"ListItem\",\"position\":1,\"name\":\"Home\",\"item\":\"https:\/\/ibcparts.eu\/\"},{\"@type\":\"ListItem\",\"position\":2,\"name\":\"Nakupujte\",\"item\":\"https:\/\/ibcparts.eu\/nakupujte\/\"},{\"@type\":\"ListItem\",\"position\":3,\"name\":\"Ventil Metulj S100 &#8211; S100 za IBC cisterno\"}]},{\"@type\":\"WebSite\",\"@id\":\"https:\/\/ibcparts.eu\/#website\",\"url\":\"https:\/\/ibcparts.eu\/\",\"name\":\"IBCparts.eu\",\"description\":\"\",\"publisher\":{\"@id\":\"https:\/\/ibcparts.eu\/#organization\"},\"potentialAction\":[{\"@type\":\"SearchAction\",\"target\":{\"@type\":\"EntryPoint\",\"urlTemplate\":\"https:\/\/ibcparts.eu\/?s={search_term_string}\"},\"query-input\":{\"@type\":\"PropertyValueSpecification\",\"valueRequired\":true,\"valueName\":\"search_term_string\"}}],\"inLanguage\":\"hu-HU\"},{\"@type\":\"Organization\",\"@id\":\"https:\/\/ibcparts.eu\/#organization\",\"name\":\"IBCparts\",\"url\":\"https:\/\/ibcparts.eu\/\",\"logo\":{\"@type\":\"ImageObject\",\"inLanguage\":\"hu-HU\",\"@id\":\"https:\/\/ibcparts.eu\/#\/schema\/logo\/image\/\",\"url\":\"https:\/\/ibcparts.eu\/wp-content\/uploads\/2021\/10\/Footer-Logo.png\",\"contentUrl\":\"https:\/\/ibcparts.eu\/wp-content\/uploads\/2021\/10\/Footer-Logo.png\",\"width\":1992,\"height\":772,\"caption\":\"IBCparts\"},\"image\":{\"@id\":\"https:\/\/ibcparts.eu\/#\/schema\/logo\/image\/\"}}]}<\/script>\n<!-- \/ Yoast SEO plugin. -->","yoast_head_json":{"title":"Ventil Metulj S100 - S100 za IBC cisterno | IBCparts.eu","description":"Loputasti (butterfly) ventil Metulj S100\u2013S100 za IBC cisterne z navojem S100\u00d78 (fi 90\u2013100 mm). Zanesljivo zapiranje in enostavna monta\u017ea brez adapterjev.","robots":{"index":"index","follow":"follow","max-snippet":"max-snippet:-1","max-image-preview":"max-image-preview:large","max-video-preview":"max-video-preview:-1"},"canonical":"https:\/\/ibcparts.eu\/hu\/termek\/pillangoszelep-s100-s100-ibc-tartalyhoz\/","og_locale":"hu_HU","og_type":"article","og_title":"Ventil Metulj S100 - S100 za IBC cisterno | IBCparts.eu","og_description":"Loputasti (butterfly) ventil Metulj S100\u2013S100 za IBC cisterne z navojem S100\u00d78 (fi 90\u2013100 mm). Zanesljivo zapiranje in enostavna monta\u017ea brez adapterjev.","og_url":"https:\/\/ibcparts.eu\/hu\/termek\/pillangoszelep-s100-s100-ibc-tartalyhoz\/","og_site_name":"IBCparts.eu","article_modified_time":"2026-01-14T09:47:45+00:00","og_image":[{"width":500,"height":500,"url":"https:\/\/ibcparts.eu\/wp-content\/uploads\/2021\/12\/Loputasti-ventil-Metulj-S100\u2013S100-za-IBC-cisterno.png","type":"image\/png"}],"twitter_card":"summary_large_image","twitter_misc":{"Est. reading time":"1 minute"},"schema":{"@context":"https:\/\/schema.org","@graph":[{"@type":"WebPage","@id":"https:\/\/ibcparts.eu\/izdelek\/ventil-metulj-s100-s100\/","url":"https:\/\/ibcparts.eu\/izdelek\/ventil-metulj-s100-s100\/","name":"Ventil Metulj S100 - S100 za IBC cisterno | IBCparts.eu","isPartOf":{"@id":"https:\/\/ibcparts.eu\/#website"},"primaryImageOfPage":{"@id":"https:\/\/ibcparts.eu\/izdelek\/ventil-metulj-s100-s100\/#primaryimage"},"image":{"@id":"https:\/\/ibcparts.eu\/izdelek\/ventil-metulj-s100-s100\/#primaryimage"},"thumbnailUrl":"https:\/\/ibcparts.eu\/wp-content\/uploads\/2021\/12\/Loputasti-ventil-Metulj-S100\u2013S100-za-IBC-cisterno.png","datePublished":"2021-12-16T10:22:38+00:00","dateModified":"2026-01-14T09:47:45+00:00","description":"Loputasti (butterfly) ventil Metulj S100\u2013S100 za IBC cisterne z navojem S100\u00d78 (fi 90\u2013100 mm). Zanesljivo zapiranje in enostavna monta\u017ea brez adapterjev.","breadcrumb":{"@id":"https:\/\/ibcparts.eu\/izdelek\/ventil-metulj-s100-s100\/#breadcrumb"},"inLanguage":"hu-HU","potentialAction":[{"@type":"ReadAction","target":["https:\/\/ibcparts.eu\/izdelek\/ventil-metulj-s100-s100\/"]}]},{"@type":"ImageObject","inLanguage":"hu-HU","@id":"https:\/\/ibcparts.eu\/izdelek\/ventil-metulj-s100-s100\/#primaryimage","url":"https:\/\/ibcparts.eu\/wp-content\/uploads\/2021\/12\/Loputasti-ventil-Metulj-S100\u2013S100-za-IBC-cisterno.png","contentUrl":"https:\/\/ibcparts.eu\/wp-content\/uploads\/2021\/12\/Loputasti-ventil-Metulj-S100\u2013S100-za-IBC-cisterno.png","width":500,"height":500,"caption":"Loputasti ventil Metulj S100\u2013S100 za IBC cisterno"},{"@type":"BreadcrumbList","@id":"https:\/\/ibcparts.eu\/izdelek\/ventil-metulj-s100-s100\/#breadcrumb","itemListElement":[{"@type":"ListItem","position":1,"name":"Home","item":"https:\/\/ibcparts.eu\/"},{"@type":"ListItem","position":2,"name":"Nakupujte","item":"https:\/\/ibcparts.eu\/nakupujte\/"},{"@type":"ListItem","position":3,"name":"Ventil Metulj S100 &#8211; S100 za IBC cisterno"}]},{"@type":"WebSite","@id":"https:\/\/ibcparts.eu\/#website","url":"https:\/\/ibcparts.eu\/","name":"IBCparts.eu","description":"","publisher":{"@id":"https:\/\/ibcparts.eu\/#organization"},"potentialAction":[{"@type":"SearchAction","target":{"@type":"EntryPoint","urlTemplate":"https:\/\/ibcparts.eu\/?s={search_term_string}"},"query-input":{"@type":"PropertyValueSpecification","valueRequired":true,"valueName":"search_term_string"}}],"inLanguage":"hu-HU"},{"@type":"Organization","@id":"https:\/\/ibcparts.eu\/#organization","name":"IBCparts","url":"https:\/\/ibcparts.eu\/","logo":{"@type":"ImageObject","inLanguage":"hu-HU","@id":"https:\/\/ibcparts.eu\/#\/schema\/logo\/image\/","url":"https:\/\/ibcparts.eu\/wp-content\/uploads\/2021\/10\/Footer-Logo.png","contentUrl":"https:\/\/ibcparts.eu\/wp-content\/uploads\/2021\/10\/Footer-Logo.png","width":1992,"height":772,"caption":"IBCparts"},"image":{"@id":"https:\/\/ibcparts.eu\/#\/schema\/logo\/image\/"}}]}},"_links":{"self":[{"href":"https:\/\/ibcparts.eu\/hu\/wp-json\/wp\/v2\/product\/8439","targetHints":{"allow":["GET"]}}],"collection":[{"href":"https:\/\/ibcparts.eu\/hu\/wp-json\/wp\/v2\/product"}],"about":[{"href":"https:\/\/ibcparts.eu\/hu\/wp-json\/wp\/v2\/types\/product"}],"version-history":[{"count":2,"href":"https:\/\/ibcparts.eu\/hu\/wp-json\/wp\/v2\/product\/8439\/revisions"}],"predecessor-version":[{"id":20291,"href":"https:\/\/ibcparts.eu\/hu\/wp-json\/wp\/v2\/product\/8439\/revisions\/20291"}],"wp:featuredmedia":[{"embeddable":true,"href":"https:\/\/ibcparts.eu\/hu\/wp-json\/wp\/v2\/media\/20290"}],"wp:attachment":[{"href":"https:\/\/ibcparts.eu\/hu\/wp-json\/wp\/v2\/media?parent=8439"}],"wp:term":[{"taxonomy":"product_brand","embeddable":true,"href":"https:\/\/ibcparts.eu\/hu\/wp-json\/wp\/v2\/product_brand?post=8439"},{"taxonomy":"product_cat","embeddable":true,"href":"https:\/\/ibcparts.eu\/hu\/wp-json\/wp\/v2\/product_cat?post=8439"},{"taxonomy":"product_tag","embeddable":true,"href":"https:\/\/ibcparts.eu\/hu\/wp-json\/wp\/v2\/product_tag?post=8439"}],"curies":[{"name":"wp","href":"https:\/\/api.w.org\/{rel}","templated":true}]}}