{"id":8106,"date":"2021-12-10T07:21:01","date_gmt":"2021-12-10T06:21:01","guid":{"rendered":"https:\/\/ibcparts.eu\/?post_type=product&#038;p=8106"},"modified":"2026-03-03T08:28:04","modified_gmt":"2026-03-03T07:28:04","slug":"komplet-eco-12-v2","status":"publish","type":"product","link":"https:\/\/ibcparts.eu\/hu\/termek\/komplet-eco-12-v2\/","title":{"rendered":"Komplet ECO 1\/2&#8243; EF \u2013 priklju\u010dna pipa za IBC cisterno"},"content":{"rendered":"","protected":false},"excerpt":{"rendered":"<h2 data-start=\"1015\" data-end=\"1084\">Cenovno ugodna re\u0161itev za osnovno uporabo pri IBC cisternah<\/h2>\n<p data-start=\"1086\" data-end=\"1107\"><strong data-start=\"1086\" data-end=\"1107\">Opis \/ lastnosti:<\/strong><\/p>\n<ul>\n<li data-start=\"1110\" data-end=\"1140\"><strong data-start=\"1110\" data-end=\"1123\">Anyag:<\/strong> HDPE in kovina<\/li>\n<li data-start=\"1143\" data-end=\"1210\"><strong data-start=\"1143\" data-end=\"1155\">T\u00f6m\u00edt\u00e9s:<\/strong> EPDM guma iz \u010distega materiala \u2013 ekskluzivno pri nas<\/li>\n<li data-start=\"1213\" data-end=\"1280\"><strong data-start=\"1213\" data-end=\"1222\">Pipa:<\/strong> 1\/2\u2033 EconomyFlow \u2013 ekonomi\u010dna izbira za osnovno uporabo<\/li>\n<li data-start=\"1283\" data-end=\"1337\"><strong data-start=\"1283\" data-end=\"1294\">Pretok:<\/strong> manj\u0161i pretok, notranji premer pipe 8 mm<\/li>\n<li data-start=\"1340\" data-end=\"1392\"><strong data-start=\"1340\" data-end=\"1352\">Uporaba:<\/strong> primerna, kadar zadostuje manj\u0161i pretok vode<\/li>\n<li data-start=\"1395\" data-end=\"1463\"><strong data-start=\"1395\" data-end=\"1407\">Monta\u017ea:<\/strong> sestavljeno za vas, pripravljeno za takoj\u0161njo uporabo<\/li>\n<li data-start=\"1466\" data-end=\"1556\"><strong data-start=\"1466\" data-end=\"1485\">Compatibiliteit:<\/strong> IBC cisterne z navojem S60\u00d76 (DN50) \u2013 najpogostej\u0161i standardni navoj<\/li>\n<\/ul>\n<p>Na\u0161i artikli so <strong>mehansko mo\u010dnej\u0161i, stabilnej\u0161i in brez neznanih materialnih me\u0161anic<\/strong>, ki so pogoste pri nizkokakovostnih izdelkih.<br \/>\nTo pomeni\u00a0<strong>dalj\u0161o \u017eivljenjsko dobo, zanesljivej\u0161e delovanje in ve\u010djo varnost pri uporabi<\/strong>.<\/p>\n<p><a href=\"https:\/\/ibcparts.eu\/ibc-adapter-s-pipo-ali-ventilom-kako-izbrati-pravi-komplet-za-vaso-cisterno\/\">\ud83d\udc49 Kako izbrati pravi komplet s pipo za va\u0161o IBC cisterno<\/a><\/p>","protected":false},"featured_media":16000,"template":"","meta":[],"product_brand":[],"product_cat":[172],"product_tag":[],"class_list":{"0":"post-8106","1":"product","2":"type-product","3":"status-publish","4":"has-post-thumbnail","6":"product_cat-kompleti-eco","8":"first","9":"instock","10":"sale","11":"shipping-taxable","12":"purchasable","13":"product-type-simple"},"yoast_head":"<!-- This site is optimized with the Yoast SEO plugin v27.1.1 - https:\/\/yoast.com\/product\/yoast-seo-wordpress\/ -->\n<title>Komplet ECO 1\/2&quot; EF \u2013 priklju\u010dna pipa za IBC cisterno<\/title>\n<meta name=\"description\" content=\"Cenovno ugodna 1\/2\u2033 priklju\u010dna pipa za IBC cisterne S60x6 (DN50). Komplet ECO EconomyFlow je sestavljen, pripravljen za uporabo in primeren za osnovno rabo.\" \/>\n<meta name=\"robots\" content=\"index, follow, max-snippet:-1, max-image-preview:large, max-video-preview:-1\" \/>\n<link rel=\"canonical\" href=\"https:\/\/ibcparts.eu\/hu\/termek\/komplet-eco-12-v2\/\" \/>\n<meta property=\"og:locale\" content=\"hu_HU\" \/>\n<meta property=\"og:type\" content=\"article\" \/>\n<meta property=\"og:title\" content=\"Komplet ECO 1\/2&quot; EF \u2013 priklju\u010dna pipa za IBC cisterno\" \/>\n<meta property=\"og:description\" content=\"Cenovno ugodna 1\/2\u2033 priklju\u010dna pipa za IBC cisterne S60x6 (DN50). Komplet ECO EconomyFlow je sestavljen, pripravljen za uporabo in primeren za osnovno rabo.\" \/>\n<meta property=\"og:url\" content=\"https:\/\/ibcparts.eu\/hu\/termek\/komplet-eco-12-v2\/\" \/>\n<meta property=\"og:site_name\" content=\"IBCparts.eu\" \/>\n<meta property=\"article:modified_time\" content=\"2026-03-03T07:28:04+00:00\" \/>\n<meta property=\"og:image\" content=\"https:\/\/ibcparts.eu\/wp-content\/uploads\/2021\/12\/kompleti-eco-za-ibc-cisterno-eco-EF.jpg\" \/>\n\t<meta property=\"og:image:width\" content=\"812\" \/>\n\t<meta property=\"og:image:height\" content=\"812\" \/>\n\t<meta property=\"og:image:type\" content=\"image\/jpeg\" \/>\n<meta name=\"twitter:card\" content=\"summary_large_image\" \/>\n<script type=\"application\/ld+json\" class=\"yoast-schema-graph\">{\"@context\":\"https:\/\/schema.org\",\"@graph\":[{\"@type\":\"WebPage\",\"@id\":\"https:\/\/ibcparts.eu\/izdelek\/komplet-eco-12-v2\/\",\"url\":\"https:\/\/ibcparts.eu\/izdelek\/komplet-eco-12-v2\/\",\"name\":\"Komplet ECO 1\/2\\\" EF \u2013 priklju\u010dna pipa za IBC cisterno\",\"isPartOf\":{\"@id\":\"https:\/\/ibcparts.eu\/#website\"},\"primaryImageOfPage\":{\"@id\":\"https:\/\/ibcparts.eu\/izdelek\/komplet-eco-12-v2\/#primaryimage\"},\"image\":{\"@id\":\"https:\/\/ibcparts.eu\/izdelek\/komplet-eco-12-v2\/#primaryimage\"},\"thumbnailUrl\":\"https:\/\/ibcparts.eu\/wp-content\/uploads\/2021\/12\/kompleti-eco-za-ibc-cisterno-eco-EF.jpg\",\"datePublished\":\"2021-12-10T06:21:01+00:00\",\"dateModified\":\"2026-03-03T07:28:04+00:00\",\"description\":\"Cenovno ugodna 1\/2\u2033 priklju\u010dna pipa za IBC cisterne S60x6 (DN50). Komplet ECO EconomyFlow je sestavljen, pripravljen za uporabo in primeren za osnovno rabo.\",\"breadcrumb\":{\"@id\":\"https:\/\/ibcparts.eu\/izdelek\/komplet-eco-12-v2\/#breadcrumb\"},\"inLanguage\":\"hu-HU\",\"potentialAction\":[{\"@type\":\"ReadAction\",\"target\":[\"https:\/\/ibcparts.eu\/izdelek\/komplet-eco-12-v2\/\"]}]},{\"@type\":\"ImageObject\",\"inLanguage\":\"hu-HU\",\"@id\":\"https:\/\/ibcparts.eu\/izdelek\/komplet-eco-12-v2\/#primaryimage\",\"url\":\"https:\/\/ibcparts.eu\/wp-content\/uploads\/2021\/12\/kompleti-eco-za-ibc-cisterno-eco-EF.jpg\",\"contentUrl\":\"https:\/\/ibcparts.eu\/wp-content\/uploads\/2021\/12\/kompleti-eco-za-ibc-cisterno-eco-EF.jpg\",\"width\":812,\"height\":812},{\"@type\":\"BreadcrumbList\",\"@id\":\"https:\/\/ibcparts.eu\/izdelek\/komplet-eco-12-v2\/#breadcrumb\",\"itemListElement\":[{\"@type\":\"ListItem\",\"position\":1,\"name\":\"Home\",\"item\":\"https:\/\/ibcparts.eu\/\"},{\"@type\":\"ListItem\",\"position\":2,\"name\":\"Nakupujte\",\"item\":\"https:\/\/ibcparts.eu\/nakupujte\/\"},{\"@type\":\"ListItem\",\"position\":3,\"name\":\"Komplet ECO 1\/2&#8243; EF \u2013 priklju\u010dna pipa za IBC cisterno\"}]},{\"@type\":\"WebSite\",\"@id\":\"https:\/\/ibcparts.eu\/#website\",\"url\":\"https:\/\/ibcparts.eu\/\",\"name\":\"IBCparts.eu\",\"description\":\"\",\"publisher\":{\"@id\":\"https:\/\/ibcparts.eu\/#organization\"},\"potentialAction\":[{\"@type\":\"SearchAction\",\"target\":{\"@type\":\"EntryPoint\",\"urlTemplate\":\"https:\/\/ibcparts.eu\/?s={search_term_string}\"},\"query-input\":{\"@type\":\"PropertyValueSpecification\",\"valueRequired\":true,\"valueName\":\"search_term_string\"}}],\"inLanguage\":\"hu-HU\"},{\"@type\":\"Organization\",\"@id\":\"https:\/\/ibcparts.eu\/#organization\",\"name\":\"IBCparts\",\"url\":\"https:\/\/ibcparts.eu\/\",\"logo\":{\"@type\":\"ImageObject\",\"inLanguage\":\"hu-HU\",\"@id\":\"https:\/\/ibcparts.eu\/#\/schema\/logo\/image\/\",\"url\":\"https:\/\/ibcparts.eu\/wp-content\/uploads\/2021\/10\/Footer-Logo.png\",\"contentUrl\":\"https:\/\/ibcparts.eu\/wp-content\/uploads\/2021\/10\/Footer-Logo.png\",\"width\":1992,\"height\":772,\"caption\":\"IBCparts\"},\"image\":{\"@id\":\"https:\/\/ibcparts.eu\/#\/schema\/logo\/image\/\"}}]}<\/script>\n<!-- \/ Yoast SEO plugin. -->","yoast_head_json":{"title":"Komplet ECO 1\/2\" EF \u2013 priklju\u010dna pipa za IBC cisterno","description":"Cenovno ugodna 1\/2\u2033 priklju\u010dna pipa za IBC cisterne S60x6 (DN50). Komplet ECO EconomyFlow je sestavljen, pripravljen za uporabo in primeren za osnovno rabo.","robots":{"index":"index","follow":"follow","max-snippet":"max-snippet:-1","max-image-preview":"max-image-preview:large","max-video-preview":"max-video-preview:-1"},"canonical":"https:\/\/ibcparts.eu\/hu\/termek\/komplet-eco-12-v2\/","og_locale":"hu_HU","og_type":"article","og_title":"Komplet ECO 1\/2\" EF \u2013 priklju\u010dna pipa za IBC cisterno","og_description":"Cenovno ugodna 1\/2\u2033 priklju\u010dna pipa za IBC cisterne S60x6 (DN50). Komplet ECO EconomyFlow je sestavljen, pripravljen za uporabo in primeren za osnovno rabo.","og_url":"https:\/\/ibcparts.eu\/hu\/termek\/komplet-eco-12-v2\/","og_site_name":"IBCparts.eu","article_modified_time":"2026-03-03T07:28:04+00:00","og_image":[{"width":812,"height":812,"url":"https:\/\/ibcparts.eu\/wp-content\/uploads\/2021\/12\/kompleti-eco-za-ibc-cisterno-eco-EF.jpg","type":"image\/jpeg"}],"twitter_card":"summary_large_image","schema":{"@context":"https:\/\/schema.org","@graph":[{"@type":"WebPage","@id":"https:\/\/ibcparts.eu\/izdelek\/komplet-eco-12-v2\/","url":"https:\/\/ibcparts.eu\/izdelek\/komplet-eco-12-v2\/","name":"Komplet ECO 1\/2\" EF \u2013 priklju\u010dna pipa za IBC cisterno","isPartOf":{"@id":"https:\/\/ibcparts.eu\/#website"},"primaryImageOfPage":{"@id":"https:\/\/ibcparts.eu\/izdelek\/komplet-eco-12-v2\/#primaryimage"},"image":{"@id":"https:\/\/ibcparts.eu\/izdelek\/komplet-eco-12-v2\/#primaryimage"},"thumbnailUrl":"https:\/\/ibcparts.eu\/wp-content\/uploads\/2021\/12\/kompleti-eco-za-ibc-cisterno-eco-EF.jpg","datePublished":"2021-12-10T06:21:01+00:00","dateModified":"2026-03-03T07:28:04+00:00","description":"Cenovno ugodna 1\/2\u2033 priklju\u010dna pipa za IBC cisterne S60x6 (DN50). Komplet ECO EconomyFlow je sestavljen, pripravljen za uporabo in primeren za osnovno rabo.","breadcrumb":{"@id":"https:\/\/ibcparts.eu\/izdelek\/komplet-eco-12-v2\/#breadcrumb"},"inLanguage":"hu-HU","potentialAction":[{"@type":"ReadAction","target":["https:\/\/ibcparts.eu\/izdelek\/komplet-eco-12-v2\/"]}]},{"@type":"ImageObject","inLanguage":"hu-HU","@id":"https:\/\/ibcparts.eu\/izdelek\/komplet-eco-12-v2\/#primaryimage","url":"https:\/\/ibcparts.eu\/wp-content\/uploads\/2021\/12\/kompleti-eco-za-ibc-cisterno-eco-EF.jpg","contentUrl":"https:\/\/ibcparts.eu\/wp-content\/uploads\/2021\/12\/kompleti-eco-za-ibc-cisterno-eco-EF.jpg","width":812,"height":812},{"@type":"BreadcrumbList","@id":"https:\/\/ibcparts.eu\/izdelek\/komplet-eco-12-v2\/#breadcrumb","itemListElement":[{"@type":"ListItem","position":1,"name":"Home","item":"https:\/\/ibcparts.eu\/"},{"@type":"ListItem","position":2,"name":"Nakupujte","item":"https:\/\/ibcparts.eu\/nakupujte\/"},{"@type":"ListItem","position":3,"name":"Komplet ECO 1\/2&#8243; EF \u2013 priklju\u010dna pipa za IBC cisterno"}]},{"@type":"WebSite","@id":"https:\/\/ibcparts.eu\/#website","url":"https:\/\/ibcparts.eu\/","name":"IBCparts.eu","description":"","publisher":{"@id":"https:\/\/ibcparts.eu\/#organization"},"potentialAction":[{"@type":"SearchAction","target":{"@type":"EntryPoint","urlTemplate":"https:\/\/ibcparts.eu\/?s={search_term_string}"},"query-input":{"@type":"PropertyValueSpecification","valueRequired":true,"valueName":"search_term_string"}}],"inLanguage":"hu-HU"},{"@type":"Organization","@id":"https:\/\/ibcparts.eu\/#organization","name":"IBCparts","url":"https:\/\/ibcparts.eu\/","logo":{"@type":"ImageObject","inLanguage":"hu-HU","@id":"https:\/\/ibcparts.eu\/#\/schema\/logo\/image\/","url":"https:\/\/ibcparts.eu\/wp-content\/uploads\/2021\/10\/Footer-Logo.png","contentUrl":"https:\/\/ibcparts.eu\/wp-content\/uploads\/2021\/10\/Footer-Logo.png","width":1992,"height":772,"caption":"IBCparts"},"image":{"@id":"https:\/\/ibcparts.eu\/#\/schema\/logo\/image\/"}}]}},"_links":{"self":[{"href":"https:\/\/ibcparts.eu\/hu\/wp-json\/wp\/v2\/product\/8106","targetHints":{"allow":["GET"]}}],"collection":[{"href":"https:\/\/ibcparts.eu\/hu\/wp-json\/wp\/v2\/product"}],"about":[{"href":"https:\/\/ibcparts.eu\/hu\/wp-json\/wp\/v2\/types\/product"}],"version-history":[{"count":6,"href":"https:\/\/ibcparts.eu\/hu\/wp-json\/wp\/v2\/product\/8106\/revisions"}],"predecessor-version":[{"id":20700,"href":"https:\/\/ibcparts.eu\/hu\/wp-json\/wp\/v2\/product\/8106\/revisions\/20700"}],"wp:featuredmedia":[{"embeddable":true,"href":"https:\/\/ibcparts.eu\/hu\/wp-json\/wp\/v2\/media\/16000"}],"wp:attachment":[{"href":"https:\/\/ibcparts.eu\/hu\/wp-json\/wp\/v2\/media?parent=8106"}],"wp:term":[{"taxonomy":"product_brand","embeddable":true,"href":"https:\/\/ibcparts.eu\/hu\/wp-json\/wp\/v2\/product_brand?post=8106"},{"taxonomy":"product_cat","embeddable":true,"href":"https:\/\/ibcparts.eu\/hu\/wp-json\/wp\/v2\/product_cat?post=8106"},{"taxonomy":"product_tag","embeddable":true,"href":"https:\/\/ibcparts.eu\/hu\/wp-json\/wp\/v2\/product_tag?post=8106"}],"curies":[{"name":"wp","href":"https:\/\/api.w.org\/{rel}","templated":true}]}}