{"id":8100,"date":"2021-12-10T07:19:12","date_gmt":"2021-12-10T06:19:12","guid":{"rendered":"https:\/\/ibcparts.eu\/?post_type=product&#038;p=8100"},"modified":"2026-03-03T08:29:28","modified_gmt":"2026-03-03T07:29:28","slug":"komplet-eco-3-4-gf","status":"publish","type":"product","link":"https:\/\/ibcparts.eu\/hu\/termek\/komplet-eco-3-4-gf\/","title":{"rendered":"Komplet ECO\u00a03\/4&#8221; GF  \u2013 priklju\u010dna pipa za IBC cisterno"},"content":{"rendered":"","protected":false},"excerpt":{"rendered":"<h2>Cenovno ugoden komplet za IBC cisterno s 3\/4&#8243; kovinsko GardenFlow pipo.\u200b<\/h2>\n<p>Teljes\u00a0<b>a<\/b>\u00a0<strong>m\u00e1r elk\u00e9sz\u00fclt<\/strong>\u00a0\u00e9s olyan IBC-tart\u00e1lyokhoz illeszkedik, amelyek k\u00fcls\u0151 menet\u00e1tm\u00e9r\u0151j\u0171 szeleppel rendelkeznek\u00a0<strong>55 - 62mm<\/strong>\u00a0\u00e9s a menett\u00e1vols\u00e1g:\u00a0<strong>~6mm<\/strong>\u00a0(durva sz\u00e1l).<br \/>\nS60x6 (2,36\u2033)\/ DN50 - Ez a klasszikus, leggyakoribb menet a tart\u00e1lyokon.<\/p>\n<p><strong>3\/4\u2033<\/strong>\u00a0a csapol\u00e1s a szok\u00e1sos v\u00e1laszt\u00e1s, ha\u00a0<strong>\"Gardena\" kerti t\u00f6ml\u0151 csatlakoz\u00f3<\/strong>\u00a0(bels\u0151 \u00e1tm\u00e9r\u0151:\u00a0<strong>9 mm<\/strong>.) \u00e9s n\u00e9ha k\u00f6zvetlen\u00fcl az \u00f6nt\u00f6z\u0151kann\u00e1ba. 3\/4\u2033 csap bels\u0151 \u00e1tm\u00e9r\u0151j\u0171:\u00a0<strong>10 mm<\/strong>.<\/p>\n<p>Minden csapnak van kifoly\u00f3ja\u00a0<strong>m\u0171anyag h\u00e1l\u00f3<\/strong>\u00a0a kimeneti ny\u00edl\u00e1s kialak\u00edt\u00e1s\u00e1hoz. Ha a tart\u00e1lyban szennyez\u0151d\u00e9sek vannak, azok megrekedhetnek ebben a h\u00e1l\u00f3ban, \u00e9s az \u00e1raml\u00e1s m\u00e1r nem lesz maxim\u00e1lis. Ez a h\u00e1l\u00f3\u00a0<strong>k\u00f6nnyen elt\u00e1vol\u00edthat\u00f3.<\/strong><\/p>\n<p><b>Ingyenes EPDM - <\/b>gumit\u00f6m\u00edt\u00e9s.<\/p>\n<p>A \"gardena\" kerti t\u00f6ml\u0151csatlakoz\u00f3t is r\u00e1csavarozhatja a k\u00e9szletre. Megtal\u00e1lhat\u00f3 <strong><a href=\"https:\/\/ibcparts.eu\/izdelek\/medeninast-gardena-nastavek\/\">itt<\/a>\u00a0<\/strong>(1\u2033-os menetes csatlakoz\u00e1s illik ehhez a csaphoz).<\/p>\n<p>Ha az \u00d6n tart\u00e1lya m\u00e1s szeleppel rendelkezik, akkor\u00a0<a href=\"https:\/\/ibcparts.eu\/ibc-info\/\">itt<\/a>\u00a0ellen\u0151rizze a szelep t\u00edpus\u00e1t, majd v\u00e1lassza ki a megfelel\u0151 adaptert. Ha m\u00e9g mindig nem biztos benne, k\u00e9rj\u00fck, l\u00e9pjen kapcsolatba vel\u00fcnk.<\/p>\n<p>Na\u0161i artikli so <strong>mehansko mo\u010dnej\u0161i, stabilnej\u0161i in brez neznanih materialnih me\u0161anic<\/strong>, ki so pogoste pri nizkokakovostnih izdelkih.<br \/>\nTo pomeni\u00a0<strong>dalj\u0161o \u017eivljenjsko dobo, zanesljivej\u0161e delovanje in ve\u010djo varnost pri uporabi<\/strong>.<\/p>\n<p><a href=\"https:\/\/ibcparts.eu\/ibc-adapter-s-pipo-ali-ventilom-kako-izbrati-pravi-komplet-za-vaso-cisterno\/\">\ud83d\udc49 Kako izbrati pravi komplet s pipo za va\u0161o IBC cisterno<\/a><\/p>","protected":false},"featured_media":16002,"template":"","meta":[],"product_brand":[],"product_cat":[172],"product_tag":[],"class_list":{"0":"post-8100","1":"product","2":"type-product","3":"status-publish","4":"has-post-thumbnail","6":"product_cat-kompleti-eco","8":"first","9":"instock","10":"shipping-taxable","11":"purchasable","12":"product-type-simple"},"yoast_head":"<!-- This site is optimized with the Yoast SEO plugin v27.1.1 - https:\/\/yoast.com\/product\/yoast-seo-wordpress\/ -->\n<title>Komplet ECO\u00a03\/4&#039;&#039; GF \u2013 priklju\u010dna pipa za IBC cisterno | IBCparts.eu<\/title>\n<meta name=\"description\" content=\"Komplet za IBC cisterno s 3\/4\u2033 kovinsko GardenFlow pipo. \u017de sestavljen, z EPDM tesnilom, primeren za S60\u00d76 (DN50) navoj in Gardena priklop.\" \/>\n<meta name=\"robots\" content=\"index, follow, max-snippet:-1, max-image-preview:large, max-video-preview:-1\" \/>\n<link rel=\"canonical\" href=\"https:\/\/ibcparts.eu\/hu\/termek\/komplet-eco-3-4-gf\/\" \/>\n<meta property=\"og:locale\" content=\"hu_HU\" \/>\n<meta property=\"og:type\" content=\"article\" \/>\n<meta property=\"og:title\" content=\"Komplet ECO\u00a03\/4&#039;&#039; GF \u2013 priklju\u010dna pipa za IBC cisterno | IBCparts.eu\" \/>\n<meta property=\"og:description\" content=\"Komplet za IBC cisterno s 3\/4\u2033 kovinsko GardenFlow pipo. \u017de sestavljen, z EPDM tesnilom, primeren za S60\u00d76 (DN50) navoj in Gardena priklop.\" \/>\n<meta property=\"og:url\" content=\"https:\/\/ibcparts.eu\/hu\/termek\/komplet-eco-3-4-gf\/\" \/>\n<meta property=\"og:site_name\" content=\"IBCparts.eu\" \/>\n<meta property=\"article:modified_time\" content=\"2026-03-03T07:29:28+00:00\" \/>\n<meta property=\"og:image\" content=\"https:\/\/ibcparts.eu\/wp-content\/uploads\/2021\/12\/kompleti-eco-za-ibc-cisterno-34-GF.jpg\" \/>\n\t<meta property=\"og:image:width\" content=\"812\" \/>\n\t<meta property=\"og:image:height\" content=\"812\" \/>\n\t<meta property=\"og:image:type\" content=\"image\/jpeg\" \/>\n<meta name=\"twitter:card\" content=\"summary_large_image\" \/>\n<script type=\"application\/ld+json\" class=\"yoast-schema-graph\">{\"@context\":\"https:\/\/schema.org\",\"@graph\":[{\"@type\":\"WebPage\",\"@id\":\"https:\/\/ibcparts.eu\/izdelek\/komplet-eco-3-4-gf\/\",\"url\":\"https:\/\/ibcparts.eu\/izdelek\/komplet-eco-3-4-gf\/\",\"name\":\"Komplet ECO\u00a03\/4'' GF \u2013 priklju\u010dna pipa za IBC cisterno | IBCparts.eu\",\"isPartOf\":{\"@id\":\"https:\/\/ibcparts.eu\/#website\"},\"primaryImageOfPage\":{\"@id\":\"https:\/\/ibcparts.eu\/izdelek\/komplet-eco-3-4-gf\/#primaryimage\"},\"image\":{\"@id\":\"https:\/\/ibcparts.eu\/izdelek\/komplet-eco-3-4-gf\/#primaryimage\"},\"thumbnailUrl\":\"https:\/\/ibcparts.eu\/wp-content\/uploads\/2021\/12\/kompleti-eco-za-ibc-cisterno-34-GF.jpg\",\"datePublished\":\"2021-12-10T06:19:12+00:00\",\"dateModified\":\"2026-03-03T07:29:28+00:00\",\"description\":\"Komplet za IBC cisterno s 3\/4\u2033 kovinsko GardenFlow pipo. \u017de sestavljen, z EPDM tesnilom, primeren za S60\u00d76 (DN50) navoj in Gardena priklop.\",\"breadcrumb\":{\"@id\":\"https:\/\/ibcparts.eu\/izdelek\/komplet-eco-3-4-gf\/#breadcrumb\"},\"inLanguage\":\"hu-HU\",\"potentialAction\":[{\"@type\":\"ReadAction\",\"target\":[\"https:\/\/ibcparts.eu\/izdelek\/komplet-eco-3-4-gf\/\"]}]},{\"@type\":\"ImageObject\",\"inLanguage\":\"hu-HU\",\"@id\":\"https:\/\/ibcparts.eu\/izdelek\/komplet-eco-3-4-gf\/#primaryimage\",\"url\":\"https:\/\/ibcparts.eu\/wp-content\/uploads\/2021\/12\/kompleti-eco-za-ibc-cisterno-34-GF.jpg\",\"contentUrl\":\"https:\/\/ibcparts.eu\/wp-content\/uploads\/2021\/12\/kompleti-eco-za-ibc-cisterno-34-GF.jpg\",\"width\":812,\"height\":812},{\"@type\":\"BreadcrumbList\",\"@id\":\"https:\/\/ibcparts.eu\/izdelek\/komplet-eco-3-4-gf\/#breadcrumb\",\"itemListElement\":[{\"@type\":\"ListItem\",\"position\":1,\"name\":\"Home\",\"item\":\"https:\/\/ibcparts.eu\/\"},{\"@type\":\"ListItem\",\"position\":2,\"name\":\"Nakupujte\",\"item\":\"https:\/\/ibcparts.eu\/nakupujte\/\"},{\"@type\":\"ListItem\",\"position\":3,\"name\":\"Komplet ECO\u00a03\/4&#8221; GF \u2013 priklju\u010dna pipa za IBC cisterno\"}]},{\"@type\":\"WebSite\",\"@id\":\"https:\/\/ibcparts.eu\/#website\",\"url\":\"https:\/\/ibcparts.eu\/\",\"name\":\"IBCparts.eu\",\"description\":\"\",\"publisher\":{\"@id\":\"https:\/\/ibcparts.eu\/#organization\"},\"potentialAction\":[{\"@type\":\"SearchAction\",\"target\":{\"@type\":\"EntryPoint\",\"urlTemplate\":\"https:\/\/ibcparts.eu\/?s={search_term_string}\"},\"query-input\":{\"@type\":\"PropertyValueSpecification\",\"valueRequired\":true,\"valueName\":\"search_term_string\"}}],\"inLanguage\":\"hu-HU\"},{\"@type\":\"Organization\",\"@id\":\"https:\/\/ibcparts.eu\/#organization\",\"name\":\"IBCparts\",\"url\":\"https:\/\/ibcparts.eu\/\",\"logo\":{\"@type\":\"ImageObject\",\"inLanguage\":\"hu-HU\",\"@id\":\"https:\/\/ibcparts.eu\/#\/schema\/logo\/image\/\",\"url\":\"https:\/\/ibcparts.eu\/wp-content\/uploads\/2021\/10\/Footer-Logo.png\",\"contentUrl\":\"https:\/\/ibcparts.eu\/wp-content\/uploads\/2021\/10\/Footer-Logo.png\",\"width\":1992,\"height\":772,\"caption\":\"IBCparts\"},\"image\":{\"@id\":\"https:\/\/ibcparts.eu\/#\/schema\/logo\/image\/\"}}]}<\/script>\n<!-- \/ Yoast SEO plugin. -->","yoast_head_json":{"title":"Komplet ECO\u00a03\/4'' GF \u2013 priklju\u010dna pipa za IBC cisterno | IBCparts.eu","description":"Komplet za IBC cisterno s 3\/4\u2033 kovinsko GardenFlow pipo. \u017de sestavljen, z EPDM tesnilom, primeren za S60\u00d76 (DN50) navoj in Gardena priklop.","robots":{"index":"index","follow":"follow","max-snippet":"max-snippet:-1","max-image-preview":"max-image-preview:large","max-video-preview":"max-video-preview:-1"},"canonical":"https:\/\/ibcparts.eu\/hu\/termek\/komplet-eco-3-4-gf\/","og_locale":"hu_HU","og_type":"article","og_title":"Komplet ECO\u00a03\/4'' GF \u2013 priklju\u010dna pipa za IBC cisterno | IBCparts.eu","og_description":"Komplet za IBC cisterno s 3\/4\u2033 kovinsko GardenFlow pipo. \u017de sestavljen, z EPDM tesnilom, primeren za S60\u00d76 (DN50) navoj in Gardena priklop.","og_url":"https:\/\/ibcparts.eu\/hu\/termek\/komplet-eco-3-4-gf\/","og_site_name":"IBCparts.eu","article_modified_time":"2026-03-03T07:29:28+00:00","og_image":[{"width":812,"height":812,"url":"https:\/\/ibcparts.eu\/wp-content\/uploads\/2021\/12\/kompleti-eco-za-ibc-cisterno-34-GF.jpg","type":"image\/jpeg"}],"twitter_card":"summary_large_image","schema":{"@context":"https:\/\/schema.org","@graph":[{"@type":"WebPage","@id":"https:\/\/ibcparts.eu\/izdelek\/komplet-eco-3-4-gf\/","url":"https:\/\/ibcparts.eu\/izdelek\/komplet-eco-3-4-gf\/","name":"Komplet ECO\u00a03\/4'' GF \u2013 priklju\u010dna pipa za IBC cisterno | IBCparts.eu","isPartOf":{"@id":"https:\/\/ibcparts.eu\/#website"},"primaryImageOfPage":{"@id":"https:\/\/ibcparts.eu\/izdelek\/komplet-eco-3-4-gf\/#primaryimage"},"image":{"@id":"https:\/\/ibcparts.eu\/izdelek\/komplet-eco-3-4-gf\/#primaryimage"},"thumbnailUrl":"https:\/\/ibcparts.eu\/wp-content\/uploads\/2021\/12\/kompleti-eco-za-ibc-cisterno-34-GF.jpg","datePublished":"2021-12-10T06:19:12+00:00","dateModified":"2026-03-03T07:29:28+00:00","description":"Komplet za IBC cisterno s 3\/4\u2033 kovinsko GardenFlow pipo. \u017de sestavljen, z EPDM tesnilom, primeren za S60\u00d76 (DN50) navoj in Gardena priklop.","breadcrumb":{"@id":"https:\/\/ibcparts.eu\/izdelek\/komplet-eco-3-4-gf\/#breadcrumb"},"inLanguage":"hu-HU","potentialAction":[{"@type":"ReadAction","target":["https:\/\/ibcparts.eu\/izdelek\/komplet-eco-3-4-gf\/"]}]},{"@type":"ImageObject","inLanguage":"hu-HU","@id":"https:\/\/ibcparts.eu\/izdelek\/komplet-eco-3-4-gf\/#primaryimage","url":"https:\/\/ibcparts.eu\/wp-content\/uploads\/2021\/12\/kompleti-eco-za-ibc-cisterno-34-GF.jpg","contentUrl":"https:\/\/ibcparts.eu\/wp-content\/uploads\/2021\/12\/kompleti-eco-za-ibc-cisterno-34-GF.jpg","width":812,"height":812},{"@type":"BreadcrumbList","@id":"https:\/\/ibcparts.eu\/izdelek\/komplet-eco-3-4-gf\/#breadcrumb","itemListElement":[{"@type":"ListItem","position":1,"name":"Home","item":"https:\/\/ibcparts.eu\/"},{"@type":"ListItem","position":2,"name":"Nakupujte","item":"https:\/\/ibcparts.eu\/nakupujte\/"},{"@type":"ListItem","position":3,"name":"Komplet ECO\u00a03\/4&#8221; GF \u2013 priklju\u010dna pipa za IBC cisterno"}]},{"@type":"WebSite","@id":"https:\/\/ibcparts.eu\/#website","url":"https:\/\/ibcparts.eu\/","name":"IBCparts.eu","description":"","publisher":{"@id":"https:\/\/ibcparts.eu\/#organization"},"potentialAction":[{"@type":"SearchAction","target":{"@type":"EntryPoint","urlTemplate":"https:\/\/ibcparts.eu\/?s={search_term_string}"},"query-input":{"@type":"PropertyValueSpecification","valueRequired":true,"valueName":"search_term_string"}}],"inLanguage":"hu-HU"},{"@type":"Organization","@id":"https:\/\/ibcparts.eu\/#organization","name":"IBCparts","url":"https:\/\/ibcparts.eu\/","logo":{"@type":"ImageObject","inLanguage":"hu-HU","@id":"https:\/\/ibcparts.eu\/#\/schema\/logo\/image\/","url":"https:\/\/ibcparts.eu\/wp-content\/uploads\/2021\/10\/Footer-Logo.png","contentUrl":"https:\/\/ibcparts.eu\/wp-content\/uploads\/2021\/10\/Footer-Logo.png","width":1992,"height":772,"caption":"IBCparts"},"image":{"@id":"https:\/\/ibcparts.eu\/#\/schema\/logo\/image\/"}}]}},"_links":{"self":[{"href":"https:\/\/ibcparts.eu\/hu\/wp-json\/wp\/v2\/product\/8100","targetHints":{"allow":["GET"]}}],"collection":[{"href":"https:\/\/ibcparts.eu\/hu\/wp-json\/wp\/v2\/product"}],"about":[{"href":"https:\/\/ibcparts.eu\/hu\/wp-json\/wp\/v2\/types\/product"}],"version-history":[{"count":5,"href":"https:\/\/ibcparts.eu\/hu\/wp-json\/wp\/v2\/product\/8100\/revisions"}],"predecessor-version":[{"id":20701,"href":"https:\/\/ibcparts.eu\/hu\/wp-json\/wp\/v2\/product\/8100\/revisions\/20701"}],"wp:featuredmedia":[{"embeddable":true,"href":"https:\/\/ibcparts.eu\/hu\/wp-json\/wp\/v2\/media\/16002"}],"wp:attachment":[{"href":"https:\/\/ibcparts.eu\/hu\/wp-json\/wp\/v2\/media?parent=8100"}],"wp:term":[{"taxonomy":"product_brand","embeddable":true,"href":"https:\/\/ibcparts.eu\/hu\/wp-json\/wp\/v2\/product_brand?post=8100"},{"taxonomy":"product_cat","embeddable":true,"href":"https:\/\/ibcparts.eu\/hu\/wp-json\/wp\/v2\/product_cat?post=8100"},{"taxonomy":"product_tag","embeddable":true,"href":"https:\/\/ibcparts.eu\/hu\/wp-json\/wp\/v2\/product_tag?post=8100"}],"curies":[{"name":"wp","href":"https:\/\/api.w.org\/{rel}","templated":true}]}}