{"id":7882,"date":"2021-11-14T19:02:17","date_gmt":"2021-11-14T18:02:17","guid":{"rendered":"https:\/\/ibcparts.eu\/?post_type=product&#038;p=7882"},"modified":"2026-03-12T15:42:19","modified_gmt":"2026-03-12T14:42:19","slug":"ibc-cisterna-1000l-za-vodo-koleno-gratis","status":"publish","type":"product","link":"https:\/\/ibcparts.eu\/hu\/termek\/ibc-cisterna-1000l-za-vodo-koleno-gratis\/","title":{"rendered":"IBC cisterna 1000 L Schutz \u2013 rabljena, prehranska industrija"},"content":{"rendered":"<p><strong>Figyelmeztet\u00e9s.<\/strong><br \/>\nHa haszn\u00e1lt tart\u00e1lyokat v\u00e1s\u00e1rol hirdet\u00e9sekb\u0151l, gy\u0151z\u0151dj\u00f6n meg arr\u00f3l, hogy a tart\u00e1ly tiszta, \u00e9s nem haszn\u00e1lt\u00e1k vegyi anyagok sz\u00e1ll\u00edt\u00e1s\u00e1ra.<\/p>\n<p>Ha a ciszterna nem tiszta, nem alkalmas a kert \u00f6nt\u00f6z\u00e9s\u00e9re.<\/p>\n<p>Na\u0161e cisterne so trenutno iz podjetja, kjer proizvajajo pija\u010do. V njih so bile razli\u010dne surovine za izdelavo teh pija\u010d. To\u010dno katera surovina je bila v kateri cisterni ni znano, pomembno je to, da je bila ta surovina \u017eivilo.<br \/>\nSo o\u010di\u0161\u010dene in pripravljene za uporabo. Ne \u0161koduje, \u010de jih pred uporabo \u0161e enkrat operete z vodo.<\/p>\n<p><strong>Ism\u00e9telten feltett k\u00e9rd\u00e9sek:<\/strong><\/p>\n<p>Mi\u00e9rt nincs mindig k\u00e9szleten?<br \/>\nNa\u0161a glavna dejavnost so dodatki za IBC cisterne. Ob\u010dasno pa imamo mo\u017enost na\u0161im strankam ponuditi odli\u010dne rabljene (obnovljene) ob\u010dasno tudi FOODGRADE cisterne. Lahko se zgodi, da ve\u010d kot pol leta ni nove zaloge.<\/p>\n<p><strong>A haszn\u00e1lt tart\u00e1lyok rendelkeznek tan\u00fas\u00edtv\u00e1nnyal?<\/strong><br \/>\nNobene rabljene cisterne nimajo certifikata o ponovni ustreznosti, ker niti ni in\u0161titucije, ki bi to preverjala oz. certifikat izdajala.\u00a0Na\u0161e FOODGRADE cisterne pa imajo sledljivost, ki jo ima le redkokatera rabljena cisterna.<\/p>\n<p><strong>Mi\u00e9rt adj\u00e1k el a v\u00e1llalatok a haszn\u00e1lt tart\u00e1lyokat ahelyett, hogy visszavenn\u00e9k azokat, ha m\u00e9g haszn\u00e1lhat\u00f3ak?<\/strong><br \/>\nNagyobb v\u00e1rosokban ez m\u0171k\u00f6dik. A Schutznak van p\u00e9ld\u00e1ul a Recobulk vonala (a v\u00e1zat sz\u00fcks\u00e9g eset\u00e9n megjav\u00edtj\u00e1k, \u00e9s a tankballont \u00fajjal cser\u00e9lik ki. A sz\u00e1ll\u00edt\u00e1si k\u00f6lts\u00e9gek \u00e9s egy\u00e9b t\u00e9nyez\u0151k korl\u00e1tozz\u00e1k ezt a lehet\u0151s\u00e9get. Leggyakrabban a tart\u00e1ly \u00e9rt\u00e9ke benne van az alapanyag \u00e1r\u00e1ban.<\/p>\n<p><strong>Van szaga a haszn\u00e1lt tart\u00e1lyoknak?<\/strong><br \/>\nNem a 90% tokokban - vagy HDPE m\u0171anyagban, mintha \u00faj lenne.<br \/>\n10% esetekben, pl. \u00e9des (frukt\u00f3z) stb. ut\u00e1n.<\/p>\n<p><strong>Az \u00d6n haszn\u00e1lt tart\u00e1lyai alkalmasak iv\u00f3v\u00edzre is?<\/strong><br \/>\nA r\u00f6vid v\u00e1lasz: nem. Mi\u00e9rt? Az \u00e1ll\u00f3v\u00edz m\u00e9g az \u00faj tart\u00e1lyokban is probl\u00e9m\u00e1t jelent. Ha nincsenek hozz\u00e1adott tart\u00f3s\u00edt\u00f3szerek, UV-steriliz\u00e1l\u00e1s stb., akkor mikroorganizmusok szaporodnak benne, amelyek k\u00e1rosak lehetnek az eg\u00e9szs\u00e9gre, ha\/ha t\u00fal sok van bel\u0151l\u00fck. Iv\u00f3v\u00edzhez \u00faj tart\u00e1lyokat aj\u00e1nlunk (nem felt\u00e9tlen\u00fcl \u00e9lelmiszeripari min\u0151s\u00e9g\u0171eket, m\u00e9g a norm\u00e1l \u00faj tart\u00e1lyok is tiszta, nem \u00fajrahasznos\u00edtott HDPE, ami alkalmas erre a c\u00e9lra) \u00e9s megfelel\u0151 tiszt\u00edt\u00e1st vagy tart\u00f3s\u00edt\u00e1st stb. - ez biztos\u00edtja, hogy\u00a0<u>Nem\u00a0<\/u>ukvarjamo. Na\u0161e cisterne so uporabljene izrecno za prehransko industrijo, oprane pa so z vro\u010do vodo pod pritiskom.<\/p>\n<p><strong>A v\u00edztiszt\u00edt\u00f3 egy fekete tart\u00e1lyban van?<\/strong><br \/>\nNem tudjuk, mert a fekete falak miatt nem l\u00e1tjuk benne a piszkot. Viccet f\u00e9lret\u00e9ve - a mikroorganizmusok \u00e9s az alg\u00e1k hat\u00e1rozottan kev\u00e9sb\u00e9 szaporodtak el. Emellett ezeknek a tart\u00e1lyoknak a m\u0171anyagja jobban ellen\u00e1ll az UV sug\u00e1rz\u00e1snak. Viszont a tart\u00e1lyban l\u00e9v\u0151 v\u00edz jobban felmelegszik, \u00e9s m\u00e9g ha a tart\u00e1ly j\u00f3l ki is lenne tiszt\u00edtva, akkor sem venn\u00e9nk \u00e9szre, mert nem igaz\u00e1n l\u00e1tszik. Mi ink\u00e1bb a norm\u00e1l (feh\u00e9r) tart\u00e1lyt r\u00e9szes\u00edtj\u00fck el\u0151nyben, \u00e9s\u00a0<a href=\"https:\/\/ibcparts.eu\/izdelek\/zascitna-ponjava-tarp-za-ibc-cisterno\/\">v\u00e9d\u0151ponyva<\/a>. Ez h\u0171v\u00f6sebb\u00e9 teszi a vizet, m\u00e9g akkor is, ha a ponyva fekete, mivel a leveg\u0151 szigetel\u0151k\u00e9nt hat. \u00c1ltal\u00e1ban fekete tart\u00e1lyok is vannak rakt\u00e1ron.<\/p>\n<p><strong>Mennyi egy tart\u00e1ly \u00e9lettartama?<\/strong><br \/>\nLehet 3 \u00e9v, lehet 30 \u00e9v. Az akv\u00e1rium min\u0151s\u00e9g\u00e9t\u0151l, a k\u00fcls\u0151 t\u00e9nyez\u0151kt\u0151l (nap, hideg), az \u00e1polts\u00e1gt\u00f3l \u00e9s nem utols\u00f3sorban a szerencs\u00e9t\u0151l f\u00fcgg. A probl\u00e9m\u00e1k \u00e1ltal\u00e1ban a szelepekkel kezd\u0151dnek el\u0151sz\u00f6r, a ballonnal nincsenek nagyobb gondok. Az IBC-tart\u00e1lyok szelepeit nem arra tervezt\u00e9k, hogy folyamatosan nyiss\u00e1k \u00e9s z\u00e1rj\u00e1k, ez\u00e9rt azt tan\u00e1csoljuk, hogy haszn\u00e1ljon k\u00e9szleteket\u00a0<a href=\"https:\/\/ibcparts.eu\/kompleti-pipareducir\/\">Pipa+cs\u00f6kkent\u0151<\/a>, amelyet aj\u00e1nlatunkban tal\u00e1l.<\/p>\n<p><strong>T\u00e9len le kell engedn\u00fcnk a vizet a cisztern\u00e1b\u00f3l?<\/strong><br \/>\nIgen, \u00edgy a legjobb. \u00c9s hagyja nyitva a szelepet (\u00e9s a csapot).<br \/>\nHa a t\u00e9l folyam\u00e1n vizet hagy a tart\u00e1lyban, gy\u0151z\u0151dj\u00f6n meg r\u00f3la, hogy az nem teljesen tele van. Szigetelje a szelepet \u00e9s a csapot (takarja le meleg ruh\u00e1val).<\/p>\n<p><strong>A f\u00e9mkeret rozsdamentes?<\/strong><br \/>\nDa, je namre\u010d galvanizirano &#8211; hladno cinkano. Prav tako paleta, \u010de je kovinska. \u010ce se po\u0161koduje, lahko za\u010dne rjaveti.<\/p>","protected":false},"excerpt":{"rendered":"<p><span style=\"font-size: large;\"><strong>Term\u00e9kinform\u00e1ci\u00f3k:<\/strong><br \/>\n\u200bIBC cisterna, enkrat rabljena za transport sestavine za pija\u010do.<br \/>\nTovarni\u0161ko oprana in kot nova.<\/span><\/p>\n<p><strong>A tart\u00e1lykocsink el\u0151nyei<\/strong>:<br \/>\n-Zelo kvaliteten proizvajalec Schutz.<br \/>\n-a\u00a0<strong>m\u0171anyag vagy f\u00e9m\u00a0<\/strong>paleti,<br \/>\n-standardni ventil S60 &#8211; za ta navoj obstaja ogromno priklju\u010dkov,<br \/>\n-ventil je lepljen ali privija\u010den na cisterno.<br \/>\n-standard 165 mm-es fed\u00e9l - \u00e1ltal\u00e1ban sima, de lehet szell\u0151ztetett is (ha ez fontos \u00d6nnek, k\u00e9rj\u00fck, rendel\u00e9skor jelezze nek\u00fcnk).<br \/>\n&#8211;<strong>starost do ~4 mesece<\/strong> &#8211; prakti\u010dno nove cisterne &#8211; zelo pomembno, ker je plastika prakti\u010dno nova.<\/p>\n<p><strong>M\u00e9retek:<\/strong><br \/>\nHossz x sz\u00e9less\u00e9g x magass\u00e1g = 120 x 100 x 117cm.<\/p>\n<p><strong>SAMO OSEBNI PREVZEM\u00a0 &#8211; NE PO\u0160ILJAMO PO PO\u0160TI<\/strong><\/p>","protected":false},"featured_media":17317,"template":"","meta":[],"product_brand":[],"product_cat":[308,182],"product_tag":[351,341,352,340],"class_list":{"0":"post-7882","1":"product","2":"type-product","3":"status-publish","4":"has-post-thumbnail","6":"product_cat-cisterne","7":"product_cat-ibc-cisterne-ventili-in-dodatki","8":"product_tag-ibc-cisterna","9":"product_tag-kot-nova","10":"product_tag-na-kovinski-ali-plasticni-paleti","11":"product_tag-rabljena-ibc-cisterna","12":"product_shipping_class-no-shipping-pick-up-only","14":"first","15":"instock","16":"shipping-taxable","17":"purchasable","18":"product-type-variable"},"yoast_head":"<!-- This site is optimized with the Yoast SEO plugin v27.1.1 - https:\/\/yoast.com\/product\/yoast-seo-wordpress\/ -->\n<title>IBC cisterna 1000 L Schutz \u2013 rabljena, prehranska industrija<\/title>\n<meta name=\"description\" content=\"Standardna IBC cisterna Schutz na kovinski ali plasti\u010dni paleti, uporabljena 1x za transport sestavine za pija\u010do, o\u010di\u0161\u010dena, prakti\u010dno nova.\" \/>\n<meta name=\"robots\" content=\"index, follow, max-snippet:-1, max-image-preview:large, max-video-preview:-1\" \/>\n<link rel=\"canonical\" href=\"https:\/\/ibcparts.eu\/hu\/termek\/ibc-cisterna-1000l-za-vodo-koleno-gratis\/\" \/>\n<meta property=\"og:locale\" content=\"hu_HU\" \/>\n<meta property=\"og:type\" content=\"article\" \/>\n<meta property=\"og:title\" content=\"IBC cisterna 1000 L Schutz \u2013 rabljena, prehranska industrija\" \/>\n<meta property=\"og:description\" content=\"Standardna IBC cisterna Schutz na kovinski ali plasti\u010dni paleti, uporabljena 1x za transport sestavine za pija\u010do, o\u010di\u0161\u010dena, prakti\u010dno nova.\" \/>\n<meta property=\"og:url\" content=\"https:\/\/ibcparts.eu\/hu\/termek\/ibc-cisterna-1000l-za-vodo-koleno-gratis\/\" \/>\n<meta property=\"og:site_name\" content=\"IBCparts.eu\" \/>\n<meta property=\"article:modified_time\" content=\"2026-03-12T14:42:19+00:00\" \/>\n<meta property=\"og:image\" content=\"https:\/\/ibcparts.eu\/wp-content\/uploads\/2021\/11\/cisterna-ibc-namoci_4-600x600-1.jpg\" \/>\n\t<meta property=\"og:image:width\" content=\"600\" \/>\n\t<meta property=\"og:image:height\" content=\"600\" \/>\n\t<meta property=\"og:image:type\" content=\"image\/jpeg\" \/>\n<meta name=\"twitter:card\" content=\"summary_large_image\" \/>\n<meta name=\"twitter:label1\" content=\"Est. reading time\" \/>\n\t<meta name=\"twitter:data1\" content=\"3 minutes\" \/>\n<script type=\"application\/ld+json\" class=\"yoast-schema-graph\">{\"@context\":\"https:\/\/schema.org\",\"@graph\":[{\"@type\":\"WebPage\",\"@id\":\"https:\/\/ibcparts.eu\/izdelek\/ibc-cisterna-1000l-za-vodo-koleno-gratis\/\",\"url\":\"https:\/\/ibcparts.eu\/izdelek\/ibc-cisterna-1000l-za-vodo-koleno-gratis\/\",\"name\":\"IBC cisterna 1000 L Schutz \u2013 rabljena, prehranska industrija\",\"isPartOf\":{\"@id\":\"https:\/\/ibcparts.eu\/#website\"},\"primaryImageOfPage\":{\"@id\":\"https:\/\/ibcparts.eu\/izdelek\/ibc-cisterna-1000l-za-vodo-koleno-gratis\/#primaryimage\"},\"image\":{\"@id\":\"https:\/\/ibcparts.eu\/izdelek\/ibc-cisterna-1000l-za-vodo-koleno-gratis\/#primaryimage\"},\"thumbnailUrl\":\"https:\/\/ibcparts.eu\/wp-content\/uploads\/2021\/11\/cisterna-ibc-namoci_4-600x600-1.jpg\",\"datePublished\":\"2021-11-14T18:02:17+00:00\",\"dateModified\":\"2026-03-12T14:42:19+00:00\",\"description\":\"Standardna IBC cisterna Schutz na kovinski ali plasti\u010dni paleti, uporabljena 1x za transport sestavine za pija\u010do, o\u010di\u0161\u010dena, prakti\u010dno nova.\",\"breadcrumb\":{\"@id\":\"https:\/\/ibcparts.eu\/izdelek\/ibc-cisterna-1000l-za-vodo-koleno-gratis\/#breadcrumb\"},\"inLanguage\":\"hu-HU\",\"potentialAction\":[{\"@type\":\"ReadAction\",\"target\":[\"https:\/\/ibcparts.eu\/izdelek\/ibc-cisterna-1000l-za-vodo-koleno-gratis\/\"]}]},{\"@type\":\"ImageObject\",\"inLanguage\":\"hu-HU\",\"@id\":\"https:\/\/ibcparts.eu\/izdelek\/ibc-cisterna-1000l-za-vodo-koleno-gratis\/#primaryimage\",\"url\":\"https:\/\/ibcparts.eu\/wp-content\/uploads\/2021\/11\/cisterna-ibc-namoci_4-600x600-1.jpg\",\"contentUrl\":\"https:\/\/ibcparts.eu\/wp-content\/uploads\/2021\/11\/cisterna-ibc-namoci_4-600x600-1.jpg\",\"width\":600,\"height\":600},{\"@type\":\"BreadcrumbList\",\"@id\":\"https:\/\/ibcparts.eu\/izdelek\/ibc-cisterna-1000l-za-vodo-koleno-gratis\/#breadcrumb\",\"itemListElement\":[{\"@type\":\"ListItem\",\"position\":1,\"name\":\"Home\",\"item\":\"https:\/\/ibcparts.eu\/\"},{\"@type\":\"ListItem\",\"position\":2,\"name\":\"Nakupujte\",\"item\":\"https:\/\/ibcparts.eu\/nakupujte\/\"},{\"@type\":\"ListItem\",\"position\":3,\"name\":\"IBC cisterna 1000 L Schutz \u2013 rabljena, prehranska industrija\"}]},{\"@type\":\"WebSite\",\"@id\":\"https:\/\/ibcparts.eu\/#website\",\"url\":\"https:\/\/ibcparts.eu\/\",\"name\":\"IBCparts.eu\",\"description\":\"\",\"publisher\":{\"@id\":\"https:\/\/ibcparts.eu\/#organization\"},\"potentialAction\":[{\"@type\":\"SearchAction\",\"target\":{\"@type\":\"EntryPoint\",\"urlTemplate\":\"https:\/\/ibcparts.eu\/?s={search_term_string}\"},\"query-input\":{\"@type\":\"PropertyValueSpecification\",\"valueRequired\":true,\"valueName\":\"search_term_string\"}}],\"inLanguage\":\"hu-HU\"},{\"@type\":\"Organization\",\"@id\":\"https:\/\/ibcparts.eu\/#organization\",\"name\":\"IBCparts\",\"url\":\"https:\/\/ibcparts.eu\/\",\"logo\":{\"@type\":\"ImageObject\",\"inLanguage\":\"hu-HU\",\"@id\":\"https:\/\/ibcparts.eu\/#\/schema\/logo\/image\/\",\"url\":\"https:\/\/ibcparts.eu\/wp-content\/uploads\/2021\/10\/Footer-Logo.png\",\"contentUrl\":\"https:\/\/ibcparts.eu\/wp-content\/uploads\/2021\/10\/Footer-Logo.png\",\"width\":1992,\"height\":772,\"caption\":\"IBCparts\"},\"image\":{\"@id\":\"https:\/\/ibcparts.eu\/#\/schema\/logo\/image\/\"}}]}<\/script>\n<!-- \/ Yoast SEO plugin. -->","yoast_head_json":{"title":"IBC cisterna 1000 L Schutz \u2013 rabljena, prehranska industrija","description":"Standardna IBC cisterna Schutz na kovinski ali plasti\u010dni paleti, uporabljena 1x za transport sestavine za pija\u010do, o\u010di\u0161\u010dena, prakti\u010dno nova.","robots":{"index":"index","follow":"follow","max-snippet":"max-snippet:-1","max-image-preview":"max-image-preview:large","max-video-preview":"max-video-preview:-1"},"canonical":"https:\/\/ibcparts.eu\/hu\/termek\/ibc-cisterna-1000l-za-vodo-koleno-gratis\/","og_locale":"hu_HU","og_type":"article","og_title":"IBC cisterna 1000 L Schutz \u2013 rabljena, prehranska industrija","og_description":"Standardna IBC cisterna Schutz na kovinski ali plasti\u010dni paleti, uporabljena 1x za transport sestavine za pija\u010do, o\u010di\u0161\u010dena, prakti\u010dno nova.","og_url":"https:\/\/ibcparts.eu\/hu\/termek\/ibc-cisterna-1000l-za-vodo-koleno-gratis\/","og_site_name":"IBCparts.eu","article_modified_time":"2026-03-12T14:42:19+00:00","og_image":[{"width":600,"height":600,"url":"https:\/\/ibcparts.eu\/wp-content\/uploads\/2021\/11\/cisterna-ibc-namoci_4-600x600-1.jpg","type":"image\/jpeg"}],"twitter_card":"summary_large_image","twitter_misc":{"Est. reading time":"3 minutes"},"schema":{"@context":"https:\/\/schema.org","@graph":[{"@type":"WebPage","@id":"https:\/\/ibcparts.eu\/izdelek\/ibc-cisterna-1000l-za-vodo-koleno-gratis\/","url":"https:\/\/ibcparts.eu\/izdelek\/ibc-cisterna-1000l-za-vodo-koleno-gratis\/","name":"IBC cisterna 1000 L Schutz \u2013 rabljena, prehranska industrija","isPartOf":{"@id":"https:\/\/ibcparts.eu\/#website"},"primaryImageOfPage":{"@id":"https:\/\/ibcparts.eu\/izdelek\/ibc-cisterna-1000l-za-vodo-koleno-gratis\/#primaryimage"},"image":{"@id":"https:\/\/ibcparts.eu\/izdelek\/ibc-cisterna-1000l-za-vodo-koleno-gratis\/#primaryimage"},"thumbnailUrl":"https:\/\/ibcparts.eu\/wp-content\/uploads\/2021\/11\/cisterna-ibc-namoci_4-600x600-1.jpg","datePublished":"2021-11-14T18:02:17+00:00","dateModified":"2026-03-12T14:42:19+00:00","description":"Standardna IBC cisterna Schutz na kovinski ali plasti\u010dni paleti, uporabljena 1x za transport sestavine za pija\u010do, o\u010di\u0161\u010dena, prakti\u010dno nova.","breadcrumb":{"@id":"https:\/\/ibcparts.eu\/izdelek\/ibc-cisterna-1000l-za-vodo-koleno-gratis\/#breadcrumb"},"inLanguage":"hu-HU","potentialAction":[{"@type":"ReadAction","target":["https:\/\/ibcparts.eu\/izdelek\/ibc-cisterna-1000l-za-vodo-koleno-gratis\/"]}]},{"@type":"ImageObject","inLanguage":"hu-HU","@id":"https:\/\/ibcparts.eu\/izdelek\/ibc-cisterna-1000l-za-vodo-koleno-gratis\/#primaryimage","url":"https:\/\/ibcparts.eu\/wp-content\/uploads\/2021\/11\/cisterna-ibc-namoci_4-600x600-1.jpg","contentUrl":"https:\/\/ibcparts.eu\/wp-content\/uploads\/2021\/11\/cisterna-ibc-namoci_4-600x600-1.jpg","width":600,"height":600},{"@type":"BreadcrumbList","@id":"https:\/\/ibcparts.eu\/izdelek\/ibc-cisterna-1000l-za-vodo-koleno-gratis\/#breadcrumb","itemListElement":[{"@type":"ListItem","position":1,"name":"Home","item":"https:\/\/ibcparts.eu\/"},{"@type":"ListItem","position":2,"name":"Nakupujte","item":"https:\/\/ibcparts.eu\/nakupujte\/"},{"@type":"ListItem","position":3,"name":"IBC cisterna 1000 L Schutz \u2013 rabljena, prehranska industrija"}]},{"@type":"WebSite","@id":"https:\/\/ibcparts.eu\/#website","url":"https:\/\/ibcparts.eu\/","name":"IBCparts.eu","description":"","publisher":{"@id":"https:\/\/ibcparts.eu\/#organization"},"potentialAction":[{"@type":"SearchAction","target":{"@type":"EntryPoint","urlTemplate":"https:\/\/ibcparts.eu\/?s={search_term_string}"},"query-input":{"@type":"PropertyValueSpecification","valueRequired":true,"valueName":"search_term_string"}}],"inLanguage":"hu-HU"},{"@type":"Organization","@id":"https:\/\/ibcparts.eu\/#organization","name":"IBCparts","url":"https:\/\/ibcparts.eu\/","logo":{"@type":"ImageObject","inLanguage":"hu-HU","@id":"https:\/\/ibcparts.eu\/#\/schema\/logo\/image\/","url":"https:\/\/ibcparts.eu\/wp-content\/uploads\/2021\/10\/Footer-Logo.png","contentUrl":"https:\/\/ibcparts.eu\/wp-content\/uploads\/2021\/10\/Footer-Logo.png","width":1992,"height":772,"caption":"IBCparts"},"image":{"@id":"https:\/\/ibcparts.eu\/#\/schema\/logo\/image\/"}}]}},"_links":{"self":[{"href":"https:\/\/ibcparts.eu\/hu\/wp-json\/wp\/v2\/product\/7882","targetHints":{"allow":["GET"]}}],"collection":[{"href":"https:\/\/ibcparts.eu\/hu\/wp-json\/wp\/v2\/product"}],"about":[{"href":"https:\/\/ibcparts.eu\/hu\/wp-json\/wp\/v2\/types\/product"}],"version-history":[{"count":5,"href":"https:\/\/ibcparts.eu\/hu\/wp-json\/wp\/v2\/product\/7882\/revisions"}],"predecessor-version":[{"id":20763,"href":"https:\/\/ibcparts.eu\/hu\/wp-json\/wp\/v2\/product\/7882\/revisions\/20763"}],"wp:featuredmedia":[{"embeddable":true,"href":"https:\/\/ibcparts.eu\/hu\/wp-json\/wp\/v2\/media\/17317"}],"wp:attachment":[{"href":"https:\/\/ibcparts.eu\/hu\/wp-json\/wp\/v2\/media?parent=7882"}],"wp:term":[{"taxonomy":"product_brand","embeddable":true,"href":"https:\/\/ibcparts.eu\/hu\/wp-json\/wp\/v2\/product_brand?post=7882"},{"taxonomy":"product_cat","embeddable":true,"href":"https:\/\/ibcparts.eu\/hu\/wp-json\/wp\/v2\/product_cat?post=7882"},{"taxonomy":"product_tag","embeddable":true,"href":"https:\/\/ibcparts.eu\/hu\/wp-json\/wp\/v2\/product_tag?post=7882"}],"curies":[{"name":"wp","href":"https:\/\/api.w.org\/{rel}","templated":true}]}}