{"id":7827,"date":"2021-11-14T18:34:41","date_gmt":"2021-11-14T18:34:41","guid":{"rendered":"https:\/\/ibcparts.eu\/?post_type=product&#038;p=7827"},"modified":"2026-02-09T14:34:03","modified_gmt":"2026-02-09T13:34:03","slug":"tritonflex","status":"publish","type":"product","link":"https:\/\/ibcparts.eu\/hu\/termek\/tritonflex\/","title":{"rendered":"TritonFlex\u00a9 k\u00e9szlet \u2013 v\u00e1lassza ki a fedelet, a t\u00f6m\u00edt\u00e9st, a sz\u0171r\u0151t \u00e9s a megfelel\u0151 sz\u0171k\u00edt\u0151t az IBC tart\u00e1ly\u00e1hoz"},"content":{"rendered":"<p><span style=\"font-size: large;\">K\u00e9sz\u00edtsen egy k\u00e9szletet az \u00d6n k\u00edv\u00e1ns\u00e1gai \u00e9s az IBC-tart\u00e1ly specifik\u00e1ci\u00f3i szerint.<\/span><\/p>\n<p><strong>100% t\u00f6m\u00edt\u00e9s, kiv\u00e1l\u00f3 sz\u0171r\u00e9s!<\/strong><\/p>\n<p><strong>Bemutatjuk a legjobb, szabadalmaztatott megold\u00e1st a megfizethet\u0151 \u00e9s professzion\u00e1lis es\u0151v\u00edzsz\u0171r\u00e9shez: TritonFlex\u00a9<\/strong><\/p>\n<p>Elege van a szennyezett v\u00edzb\u0151l \u00e9s az alg\u00e1sod\u00e1sb\u00f3l a tart\u00e1ly\u00e1ban? A megold\u00e1s itt van. Innovat\u00edv term\u00e9k\u00fcnk forradalmas\u00edtja az es\u0151v\u00edz t\u00e1rol\u00e1s\u00e1t. Egyedi IBC fedel\u00fcnk, a PVC cs\u00f6vekhez k\u00e9sz\u00fclt szabadalmaztatott t\u00f6m\u00edt\u00e9s \u00e9s az AquaMyst\u00a9 ELEMENT sz\u0171r\u0151 \u2014 mind prec\u00edz kivitelez\u00e9ssel \u00e9s tart\u00f3ss\u00e1gra tervezve \u2014 \u00faj szintre emelik az IBC tart\u00e1lyok es\u0151v\u00edz-sz\u0171r\u00e9s\u00e9t.<\/p>\n<ol>\n<li class=\" translation-block\"><strong>IBC tart\u00e1lyt\u00edpus kiv\u00e1laszt\u00e1sa:<\/strong> T\u00f6k\u00e9letesen illeszkedik <strong>165<\/strong> vagy <strong>225<\/strong> mm-es fed\u00e9lny\u00edl\u00e1ssal rendelkez\u0151 IBC tart\u00e1lyokhoz. V\u00e1lassza ki a leg\u00f6rd\u00fcl\u0151 men\u00fcben a tart\u00e1ly\u00e1nak megfelel\u0151 opci\u00f3t.<\/li>\n<li class=\" translation-block\"><strong>Z\u00f6kken\u0151mentes integr\u00e1ci\u00f3:<\/strong> Term\u00e9k\u00fcnk t\u00f6k\u00e9letesen illeszkedik <strong>110 mm<\/strong>-es PVC cs\u00f6vekhez (b\u00e1rmely gy\u00e1rt\u00f3t\u00f3l) \u2013 h\u00e1rompontos t\u00f6m\u00edt\u00e9ssel, redukci\u00f3val pedig <strong>75 mm<\/strong>-es \u00e9s <strong>50 mm<\/strong>-es PVC cs\u00f6vekhez, valamint <strong>100 mm<\/strong>-es f\u00e9mcs\u00f6vekhez is alkalmas. Az es\u0151v\u00edz sziv\u00e1rg\u00e1s n\u00e9lk\u00fcl, zavartalanul jut el az ereszcsatorn\u00e1t\u00f3l a tart\u00e1lyig.<\/li>\n<li class=\" translation-block\"><strong>Kiemelked\u0151 sz\u0171r\u00e9s \u00e9s tisztas\u00e1g, algakontroll:<\/strong> Felfogja a nagyobb \u00e9s kisebb szennyez\u0151d\u00e9seket, p\u00e9ld\u00e1ul leveleket, moh\u00e1t, homokot, rovarokat (\u00edgy a tart\u00e1lyban <strong>nincsenek sz\u00fanyogok<\/strong>), tet\u0151cser\u00e9p-r\u00e9szecsk\u00e9ket \u00e9s egyebeket.<\/li>\n<li class=\" translation-block\">A finomh\u00e1l\u00f3s technol\u00f3gia hat\u00e9konyan kisz\u0171ri a szennyez\u0151d\u00e9seket, \u00edgy az es\u0151v\u00edz kiv\u00e1l\u00f3an megtisztul. Agg\u00f3dik a karbantart\u00e1s miatt? A <strong>400 mikronos<\/strong> AquaMyst\u00a9 ELEMENT sz\u0171r\u0151 jelent\u0151sen cs\u00f6kkenti a tart\u00e1ly tiszt\u00edt\u00e1s\u00e1nak gyakoris\u00e1g\u00e1t, mik\u00f6zben meg\u0151rzi a kiv\u00e1l\u00f3 sz\u0171r\u00e9si teljes\u00edtm\u00e9nyt. A <strong>TARP<\/strong> v\u00e9d\u0151ponyva haszn\u00e1lat\u00e1val cs\u00f6kkenthet\u0151 a napf\u00e9ny bejut\u00e1sa, ez\u00e1ltal tov\u00e1bb g\u00e1tolhat\u00f3 a mikroorganizmusok fejl\u0151d\u00e9se, \u00e9s mind a sz\u0171r\u0151, mind az IBC tart\u00e1ly v\u00e9delmet kap az UV-degrad\u00e1ci\u00f3val szemben.<\/li>\n<li class=\" translation-block\"><strong>\u00dajradefini\u00e1lt tart\u00f3ss\u00e1g:<\/strong> A Szlov\u00e9ni\u00e1ban gy\u00e1rtott term\u00e9k\u00fcnk a prec\u00edz m\u00e9rn\u00f6ki munka \u00e9s a hossz\u00fa \u00e9lettartam bizony\u00edt\u00e9ka. A fed\u00e9l kiv\u00e1l\u00f3 min\u0151s\u00e9g\u0171, \u00fcvegsz\u00e1llal er\u0151s\u00edtett HDPE m\u0171anyagb\u00f3l k\u00e9sz\u00fcl; a t\u00f6m\u00edt\u00e9s rugalmas NBR gumib\u00f3l, optim\u00e1lis kem\u00e9nys\u00e9ggel a t\u00e9li \u00e9s ny\u00e1ri haszn\u00e1lathoz egyar\u00e1nt (mivel a h\u0151m\u00e9rs\u00e9klet befoly\u00e1solja a rugalmass\u00e1got); a sz\u0171r\u0151 robusztus nejlonb\u00f3l vagy PP-b\u0151l \u00e1ll, a redukci\u00f3 pedig er\u0151s PVC-b\u0151l k\u00e9sz\u00fcl. Biztos lehet benne, hogy a term\u00e9k m\u00e9g zord k\u00f6rnyezetben is ki\u00e1llja az id\u0151 pr\u00f3b\u00e1j\u00e1t.<\/li>\n<li class=\" translation-block\"><strong>Gondtalan karbantart\u00e1s:<\/strong> Term\u00e9k\u00fcnk karbantart\u00e1sa egyszer\u0171, m\u00e9g akkor is, ha sz\u0171r\u0151vel ell\u00e1tott k\u00e9szletet v\u00e1laszt. A tiszt\u00edt\u00e1s k\u00f6nny\u0171 \u2014 a sz\u0171r\u0151t elegend\u0151 nyom\u00e1s alatti v\u00edzzel le\u00f6bl\u00edteni. A sz\u0171r\u0151k az egyetlen alkatr\u00e9szek, amelyeket id\u0151vel cser\u00e9lni kell.<\/li>\n<li class=\" translation-block\"><strong>K\u00f6rnyezetbar\u00e1t \u00e9s fenntarthat\u00f3:<\/strong> Az es\u0151v\u00edz hasznos\u00edt\u00e1s\u00e1val akt\u00edvan hozz\u00e1j\u00e1rul a fenntarthat\u00f3 gyakorlatokhoz, \u00e9s cs\u00f6kkenti \u00f6kol\u00f3giai l\u00e1bnyom\u00e1t.<\/li>\n<li class=\" translation-block\"><strong>Hozzon okos d\u00f6nt\u00e9st:<\/strong> IBC tart\u00e1lyfedel\u00fcnkkel, PVC cs\u0151t\u00f6m\u00edt\u00e9s\u00fcnkkel \u00e9s fejlett sz\u0171r\u0151nkkel nem csup\u00e1n egy term\u00e9ket v\u00e1s\u00e1rol, hanem egy okosabb \u00e9s fenntarthat\u00f3bb j\u00f6v\u0151be fektet be. Tapasztalja meg az innov\u00e1ci\u00f3t, a tart\u00f3ss\u00e1got \u00e9s a p\u00e1ratlan teljes\u00edtm\u00e9nyt.<\/li>\n<\/ol>\n<p>&nbsp;<\/p>\n<p class=\" translation-block\">Az optim\u00e1lis sz\u0171r\u00e9si eredm\u00e9nyek \u00e9rdek\u00e9ben javasoljuk <strong>1\u20132<\/strong> <strong>2D AquaMyst\u00a9<\/strong> sz\u0171r\u0151 cser\u00e9j\u00e9t <strong>szezononk\u00e9nt<\/strong>.<\/p>\n<p><iframe title=\"TritonFlex\u00a9 Kit - A t\u00f6k\u00e9letes t\u00e1rs az IBC tart\u00e1lyokkal t\u00f6rt\u00e9n\u0151 v\u00edzgy\u0171jt\u00e9shez. #shorts\" width=\"500\" height=\"375\" src=\"https:\/\/www.youtube.com\/embed\/olY3aLG8vnY?feature=oembed\" frameborder=\"0\" allow=\"accelerometer; autoplay; clipboard-write; encrypted-media; gyroscope; picture-in-picture; web-share\" referrerpolicy=\"strict-origin-when-cross-origin\" allowfullscreen><\/iframe><\/p>","protected":false},"excerpt":{"rendered":"<h2 data-start=\"187\" data-end=\"254\">TritonFlex\u00a9 k\u00e9szlet sz\u0171r\u0151vel \u00e9s fed\u00e9llel IBC tart\u00e1lyhoz<\/h2>\n<p data-start=\"57\" data-end=\"249\" class=\" translation-block\">A TritonFlex\u00a9 k\u00e9szlet professzion\u00e1lis, szabadalmaztatott megold\u00e1s es\u0151v\u00edz sz\u0171r\u00e9s\u00e9re IBC tart\u00e1lyokban. A k\u00e9szlet fed\u0151t, t\u00f6m\u00edt\u00e9st, sz\u0171r\u0151t \u00e9s megfelel\u0151 \u00e1talak\u00edt\u00f3kat tartalmaz, amelyek 100%-os t\u00f6m\u00edt\u00e9st, hat\u00e9kony sz\u0171r\u00e9st, valamint az alg\u00e1k \u00e9s egy\u00e9b szennyez\u0151d\u00e9sek megel\u0151z\u00e9s\u00e9t biztos\u00edtj\u00e1k. Alkalmas 165 mm vagy 225 mm fed\u00e9l\u00e1tm\u00e9r\u0151j\u0171 IBC tart\u00e1lyokhoz, \u00e9s kiv\u00e1l\u00f3an csatlakoztathat\u00f3 szabv\u00e1nyos PVC cs\u00f6vekhez az es\u0151v\u00edz bevezet\u00e9s\u00e9hez. A rendszer hossz\u00fa t\u00e1v\u00fa, sziv\u00e1rg\u00e1smentes haszn\u00e1latra lett tervezve, \u00e9s lehet\u0151v\u00e9 teszi a sz\u0171r\u0151k egyszer\u0171 tiszt\u00edt\u00e1s\u00e1t vagy cser\u00e9j\u00e9t, jelent\u0151sen jav\u00edtva a t\u00e1rolt v\u00edz min\u0151s\u00e9g\u00e9t \u00e9s \u00e9lettartam\u00e1t.<\/p>\n<p data-start=\"884\" data-end=\"909\"><strong data-start=\"884\" data-end=\"907\">M\u0171szaki jellemz\u0151k<\/strong><\/p>\n<ul>\n<li data-start=\"251\" data-end=\"696\" class=\" translation-block\">Alkalmas <strong>165 mm vagy 225 mm<\/strong> ny\u00edl\u00e1s\u00fa IBC tart\u00e1lyokhoz.<\/li>\n<li data-start=\"251\" data-end=\"696\" class=\" translation-block\">T\u00f6k\u00e9letes illeszked\u00e9s <strong>110 mm<\/strong>-es PVC cs\u00f6vekhez (redukci\u00f3kkal 75 mm-es, 50 mm-es \u00e9s 100 mm-es f\u00e9mcs\u00f6vekhez is alkalmas).<\/li>\n<li data-start=\"251\" data-end=\"696\" class=\" translation-block\">V\u00e1laszthat sz\u0171r\u0151 n\u00e9lk\u00fcli k\u00e9szletet, vagy <strong>100 mikronos<\/strong> (finom sz\u0171r\u00e9s) illetve <strong>400 mikronos<\/strong> sz\u0171r\u0151vel ell\u00e1tott v\u00e1ltozatot (kevesebb karbantart\u00e1s, a gyakorlatban a legfelhaszn\u00e1l\u00f3bar\u00e1tabb megold\u00e1s).<\/li>\n<li data-start=\"251\" data-end=\"696\">Visszatartja a leveleket, moh\u00e1t, homokot, rovarokat \u00e9s egy\u00e9b szennyez\u0151d\u00e9seket (a sz\u00fanyogok nem f\u00e9rnek hozz\u00e1).<\/li>\n<li data-start=\"251\" data-end=\"696\">Egyszer\u0171 tiszt\u00edt\u00e1s \u00e9s karbantart\u00e1s.<\/li>\n<li data-start=\"251\" data-end=\"696\">Szlov\u00e9ni\u00e1ban k\u00e9sz\u00fclt, tart\u00f3s, UV-\u00e1ll\u00f3 anyagokb\u00f3l.<\/li>\n<li data-start=\"251\" data-end=\"696\">A sz\u0171r\u0151k k\u00f6nnyen cser\u00e9lhet\u0151k.<\/li>\n<\/ul>\n<p data-start=\"698\" data-end=\"794\" data-is-last-node=\"\" data-is-only-node=\"\" class=\" translation-block\">Tov\u00e1bbi inform\u00e1ci\u00f3k:\nA TritonFlex\u00a9 k\u00e9szlet ide\u00e1lis megold\u00e1s mindazok sz\u00e1m\u00e1ra, akik tiszta es\u0151vizet, a tart\u00e1ly v\u00e9delm\u00e9t \u00e9s a v\u00edzgy\u0171jt\u0151 rendszer hosszabb \u00e9lettartam\u00e1t szeretn\u00e9k. A k\u00fcl\u00f6nb\u00f6z\u0151 sz\u0171r\u0151s\u0171r\u0171s\u00e9gek \u00e9s fed\u00e9lt\u00edpusok kiv\u00e1laszt\u00e1sa lehet\u0151v\u00e9 teszi az egyedi ig\u00e9nyekhez val\u00f3 alkalmazkod\u00e1st.<\/p>\n<p data-start=\"698\" data-end=\"794\" data-is-last-node=\"\" data-is-only-node=\"\">Sz\u0171r\u0151k le\u00edr\u00e1sa:<\/p>\n<ul>\n<li data-start=\"901\" data-end=\"929\">\n<p data-start=\"903\" data-end=\"929\" class=\" translation-block\"><strong>400 mikronos<\/strong> AquaMyst\u00a9 ELEMENT sz\u0171r\u0151 \u2013 nejlon (2D) \u2013 h\u00e1l\u00f3ny\u00edl\u00e1s 0,4 mm. Nagyon kev\u00e9s karbantart\u00e1st ig\u00e9nyel; nincs v\u00edzvisszatart\u00e1s; k\u00f6nnyen tiszt\u00edthat\u00f3; hossz\u00fa t\u00e1v\u00fa haszn\u00e1latra alkalmas. Ezt a sz\u0171r\u0151t kifejezetten aj\u00e1nljuk.<\/p>\n<\/li>\n<li data-start=\"698\" data-end=\"794\" class=\" translation-block\"><strong>100 mikronos<\/strong> AquaMyst\u00a9 ELEMENT sz\u0171r\u0151 \u2013 PP (3D) \u2013 s\u0171r\u0171 h\u00e1l\u00f3 0,1 mm-es ny\u00edl\u00e1ssal. Az organikus ny\u00e1lk\u00e1t is felfogja, ez\u00e9rt szennyez\u0151d\u00e9s eset\u00e9n elt\u00f6m\u0151dhet; s\u0171r\u0171 \u00e9s vastag szerkezete miatt nehezebben tiszt\u00edthat\u00f3. Csere k\u00f6r\u00fclbel\u00fcl 20 m\u00b3 v\u00edz ut\u00e1n (k\u00f6zben id\u0151nk\u00e9nt nyom\u00e1s alatti v\u00edzzel tiszt\u00edtani sz\u00fcks\u00e9ges).<\/li>\n<\/ul>\n<p class=\" translation-block\">K\u00fcl\u00f6n is v\u00e1s\u00e1rolhat p\u00f3t <strong>AquaMyst\u00a9 ELEMENT<\/strong> sz\u0171r\u0151ket, vagy v\u00e1laszthat m\u00e9g finomabb sz\u0171r\u00e9st.<\/p>","protected":false},"featured_media":19521,"template":"","meta":[],"product_brand":[],"product_cat":[186,261],"product_tag":[369],"class_list":{"0":"post-7827","1":"product","2":"type-product","3":"status-publish","4":"has-post-thumbnail","6":"product_cat-filtri-za-dezevnico-in-pvc-redukcije","7":"product_cat-pokrovi-za-ibc-cisterne","8":"product_tag-tritonflex-pokrov-s-filtrom-za-ibc-cisterno","10":"first","11":"instock","12":"shipping-taxable","13":"purchasable","14":"product-type-variable","15":"has-default-attributes"},"yoast_head":"<!-- This site is optimized with the Yoast SEO plugin v27.1.1 - https:\/\/yoast.com\/product\/yoast-seo-wordpress\/ -->\n<title>TritonFlex\u00a9 komplet - izberite pokrov, tesnilo, filter in ustrezno redukcijo za va\u0161o IBC cisterno<\/title>\n<meta name=\"description\" content=\"Pokrov TritonFlex za IBC cisterno s tesnilom za razli\u010dne premere cevi. Za cisterne z odprtino pokrova 165mm in 225mm. Z mo\u017enostjo izbire filtra.\" \/>\n<meta name=\"robots\" content=\"index, follow, max-snippet:-1, max-image-preview:large, max-video-preview:-1\" \/>\n<link rel=\"canonical\" href=\"https:\/\/ibcparts.eu\/hu\/termek\/tritonflex\/\" \/>\n<meta property=\"og:locale\" content=\"hu_HU\" \/>\n<meta property=\"og:type\" content=\"article\" \/>\n<meta property=\"og:title\" content=\"TritonFlex\u00a9 komplet - izberite pokrov, tesnilo, filter in ustrezno redukcijo za va\u0161o IBC cisterno\" \/>\n<meta property=\"og:description\" content=\"Pokrov TritonFlex za IBC cisterno s tesnilom za razli\u010dne premere cevi. Za cisterne z odprtino pokrova 165mm in 225mm. Z mo\u017enostjo izbire filtra.\" \/>\n<meta property=\"og:url\" content=\"https:\/\/ibcparts.eu\/hu\/termek\/tritonflex\/\" \/>\n<meta property=\"og:site_name\" content=\"IBCparts.eu\" \/>\n<meta property=\"article:modified_time\" content=\"2026-02-09T13:34:03+00:00\" \/>\n<meta property=\"og:image\" content=\"https:\/\/ibcparts.eu\/wp-content\/uploads\/2021\/11\/TritonFlex-komplet-za-IBC-cisterno-filtriranje-dezevnice-3.png\" \/>\n\t<meta property=\"og:image:width\" content=\"500\" \/>\n\t<meta property=\"og:image:height\" content=\"500\" \/>\n\t<meta property=\"og:image:type\" content=\"image\/png\" \/>\n<meta name=\"twitter:card\" content=\"summary_large_image\" \/>\n<script type=\"application\/ld+json\" class=\"yoast-schema-graph\">{\"@context\":\"https:\/\/schema.org\",\"@graph\":[{\"@type\":\"WebPage\",\"@id\":\"https:\/\/ibcparts.eu\/izdelek\/tritonflex\/\",\"url\":\"https:\/\/ibcparts.eu\/izdelek\/tritonflex\/\",\"name\":\"TritonFlex\u00a9 komplet - izberite pokrov, tesnilo, filter in ustrezno redukcijo za va\u0161o IBC cisterno\",\"isPartOf\":{\"@id\":\"https:\/\/ibcparts.eu\/#website\"},\"primaryImageOfPage\":{\"@id\":\"https:\/\/ibcparts.eu\/izdelek\/tritonflex\/#primaryimage\"},\"image\":{\"@id\":\"https:\/\/ibcparts.eu\/izdelek\/tritonflex\/#primaryimage\"},\"thumbnailUrl\":\"https:\/\/ibcparts.eu\/wp-content\/uploads\/2021\/11\/TritonFlex-komplet-za-IBC-cisterno-filtriranje-dezevnice-3.png\",\"datePublished\":\"2021-11-14T18:34:41+00:00\",\"dateModified\":\"2026-02-09T13:34:03+00:00\",\"description\":\"Pokrov TritonFlex za IBC cisterno s tesnilom za razli\u010dne premere cevi. Za cisterne z odprtino pokrova 165mm in 225mm. Z mo\u017enostjo izbire filtra.\",\"breadcrumb\":{\"@id\":\"https:\/\/ibcparts.eu\/izdelek\/tritonflex\/#breadcrumb\"},\"inLanguage\":\"hu\",\"potentialAction\":[{\"@type\":\"ReadAction\",\"target\":[\"https:\/\/ibcparts.eu\/izdelek\/tritonflex\/\"]}]},{\"@type\":\"ImageObject\",\"inLanguage\":\"hu\",\"@id\":\"https:\/\/ibcparts.eu\/izdelek\/tritonflex\/#primaryimage\",\"url\":\"https:\/\/ibcparts.eu\/wp-content\/uploads\/2021\/11\/TritonFlex-komplet-za-IBC-cisterno-filtriranje-dezevnice-3.png\",\"contentUrl\":\"https:\/\/ibcparts.eu\/wp-content\/uploads\/2021\/11\/TritonFlex-komplet-za-IBC-cisterno-filtriranje-dezevnice-3.png\",\"width\":500,\"height\":500,\"caption\":\"TritonFlex komplet za IBC cisterno - filtriranje de\u017eevnice\"},{\"@type\":\"BreadcrumbList\",\"@id\":\"https:\/\/ibcparts.eu\/izdelek\/tritonflex\/#breadcrumb\",\"itemListElement\":[{\"@type\":\"ListItem\",\"position\":1,\"name\":\"Home\",\"item\":\"https:\/\/ibcparts.eu\/\"},{\"@type\":\"ListItem\",\"position\":2,\"name\":\"Nakupujte\",\"item\":\"https:\/\/ibcparts.eu\/nakupujte\/\"},{\"@type\":\"ListItem\",\"position\":3,\"name\":\"TritonFlex\u00a9 komplet &#8211; izberite pokrov, tesnilo, filter in ustrezno redukcijo za va\u0161o IBC cisterno\"}]},{\"@type\":\"WebSite\",\"@id\":\"https:\/\/ibcparts.eu\/#website\",\"url\":\"https:\/\/ibcparts.eu\/\",\"name\":\"IBCparts.eu\",\"description\":\"\",\"publisher\":{\"@id\":\"https:\/\/ibcparts.eu\/#organization\"},\"potentialAction\":[{\"@type\":\"SearchAction\",\"target\":{\"@type\":\"EntryPoint\",\"urlTemplate\":\"https:\/\/ibcparts.eu\/?s={search_term_string}\"},\"query-input\":{\"@type\":\"PropertyValueSpecification\",\"valueRequired\":true,\"valueName\":\"search_term_string\"}}],\"inLanguage\":\"hu\"},{\"@type\":\"Organization\",\"@id\":\"https:\/\/ibcparts.eu\/#organization\",\"name\":\"IBCparts\",\"url\":\"https:\/\/ibcparts.eu\/\",\"logo\":{\"@type\":\"ImageObject\",\"inLanguage\":\"hu\",\"@id\":\"https:\/\/ibcparts.eu\/#\/schema\/logo\/image\/\",\"url\":\"https:\/\/ibcparts.eu\/wp-content\/uploads\/2021\/10\/Footer-Logo.png\",\"contentUrl\":\"https:\/\/ibcparts.eu\/wp-content\/uploads\/2021\/10\/Footer-Logo.png\",\"width\":1992,\"height\":772,\"caption\":\"IBCparts\"},\"image\":{\"@id\":\"https:\/\/ibcparts.eu\/#\/schema\/logo\/image\/\"}}]}<\/script>\n<!-- \/ Yoast SEO plugin. -->","yoast_head_json":{"title":"TritonFlex\u00a9 k\u00e9szlet - v\u00e1lassza ki a fedelet, a t\u00f6m\u00edt\u00e9st, a sz\u0171r\u0151t \u00e9s a megfelel\u0151 cs\u00f6kkent\u00e9st az IBC-tart\u00e1ly\u00e1hoz.","description":"Pokrov TritonFlex za IBC cisterno s tesnilom za razli\u010dne premere cevi. Za cisterne z odprtino pokrova 165mm in 225mm. Z mo\u017enostjo izbire filtra.","robots":{"index":"index","follow":"follow","max-snippet":"max-snippet:-1","max-image-preview":"max-image-preview:large","max-video-preview":"max-video-preview:-1"},"canonical":"https:\/\/ibcparts.eu\/hu\/termek\/tritonflex\/","og_locale":"hu_HU","og_type":"article","og_title":"TritonFlex\u00a9 komplet - izberite pokrov, tesnilo, filter in ustrezno redukcijo za va\u0161o IBC cisterno","og_description":"Pokrov TritonFlex za IBC cisterno s tesnilom za razli\u010dne premere cevi. Za cisterne z odprtino pokrova 165mm in 225mm. Z mo\u017enostjo izbire filtra.","og_url":"https:\/\/ibcparts.eu\/hu\/termek\/tritonflex\/","og_site_name":"IBCparts.eu","article_modified_time":"2026-02-09T13:34:03+00:00","og_image":[{"width":500,"height":500,"url":"https:\/\/ibcparts.eu\/wp-content\/uploads\/2021\/11\/TritonFlex-komplet-za-IBC-cisterno-filtriranje-dezevnice-3.png","type":"image\/png"}],"twitter_card":"summary_large_image","schema":{"@context":"https:\/\/schema.org","@graph":[{"@type":"WebPage","@id":"https:\/\/ibcparts.eu\/izdelek\/tritonflex\/","url":"https:\/\/ibcparts.eu\/izdelek\/tritonflex\/","name":"TritonFlex\u00a9 k\u00e9szlet - v\u00e1lassza ki a fedelet, a t\u00f6m\u00edt\u00e9st, a sz\u0171r\u0151t \u00e9s a megfelel\u0151 cs\u00f6kkent\u00e9st az IBC-tart\u00e1ly\u00e1hoz.","isPartOf":{"@id":"https:\/\/ibcparts.eu\/#website"},"primaryImageOfPage":{"@id":"https:\/\/ibcparts.eu\/izdelek\/tritonflex\/#primaryimage"},"image":{"@id":"https:\/\/ibcparts.eu\/izdelek\/tritonflex\/#primaryimage"},"thumbnailUrl":"https:\/\/ibcparts.eu\/wp-content\/uploads\/2021\/11\/TritonFlex-komplet-za-IBC-cisterno-filtriranje-dezevnice-3.png","datePublished":"2021-11-14T18:34:41+00:00","dateModified":"2026-02-09T13:34:03+00:00","description":"Pokrov TritonFlex za IBC cisterno s tesnilom za razli\u010dne premere cevi. Za cisterne z odprtino pokrova 165mm in 225mm. Z mo\u017enostjo izbire filtra.","breadcrumb":{"@id":"https:\/\/ibcparts.eu\/izdelek\/tritonflex\/#breadcrumb"},"inLanguage":"hu","potentialAction":[{"@type":"ReadAction","target":["https:\/\/ibcparts.eu\/izdelek\/tritonflex\/"]}]},{"@type":"ImageObject","inLanguage":"hu","@id":"https:\/\/ibcparts.eu\/izdelek\/tritonflex\/#primaryimage","url":"https:\/\/ibcparts.eu\/wp-content\/uploads\/2021\/11\/TritonFlex-komplet-za-IBC-cisterno-filtriranje-dezevnice-3.png","contentUrl":"https:\/\/ibcparts.eu\/wp-content\/uploads\/2021\/11\/TritonFlex-komplet-za-IBC-cisterno-filtriranje-dezevnice-3.png","width":500,"height":500,"caption":"TritonFlex komplet za IBC cisterno - filtriranje de\u017eevnice"},{"@type":"BreadcrumbList","@id":"https:\/\/ibcparts.eu\/izdelek\/tritonflex\/#breadcrumb","itemListElement":[{"@type":"ListItem","position":1,"name":"Home","item":"https:\/\/ibcparts.eu\/"},{"@type":"ListItem","position":2,"name":"Nakupujte","item":"https:\/\/ibcparts.eu\/nakupujte\/"},{"@type":"ListItem","position":3,"name":"TritonFlex\u00a9 komplet &#8211; izberite pokrov, tesnilo, filter in ustrezno redukcijo za va\u0161o IBC cisterno"}]},{"@type":"WebSite","@id":"https:\/\/ibcparts.eu\/#website","url":"https:\/\/ibcparts.eu\/","name":"IBCparts.eu","description":"","publisher":{"@id":"https:\/\/ibcparts.eu\/#organization"},"potentialAction":[{"@type":"SearchAction","target":{"@type":"EntryPoint","urlTemplate":"https:\/\/ibcparts.eu\/?s={search_term_string}"},"query-input":{"@type":"PropertyValueSpecification","valueRequired":true,"valueName":"search_term_string"}}],"inLanguage":"hu"},{"@type":"Organization","@id":"https:\/\/ibcparts.eu\/#organization","name":"IBCparts","url":"https:\/\/ibcparts.eu\/","logo":{"@type":"ImageObject","inLanguage":"hu","@id":"https:\/\/ibcparts.eu\/#\/schema\/logo\/image\/","url":"https:\/\/ibcparts.eu\/wp-content\/uploads\/2021\/10\/Footer-Logo.png","contentUrl":"https:\/\/ibcparts.eu\/wp-content\/uploads\/2021\/10\/Footer-Logo.png","width":1992,"height":772,"caption":"IBCparts"},"image":{"@id":"https:\/\/ibcparts.eu\/#\/schema\/logo\/image\/"}}]}},"_links":{"self":[{"href":"https:\/\/ibcparts.eu\/hu\/wp-json\/wp\/v2\/product\/7827","targetHints":{"allow":["GET"]}}],"collection":[{"href":"https:\/\/ibcparts.eu\/hu\/wp-json\/wp\/v2\/product"}],"about":[{"href":"https:\/\/ibcparts.eu\/hu\/wp-json\/wp\/v2\/types\/product"}],"version-history":[{"count":6,"href":"https:\/\/ibcparts.eu\/hu\/wp-json\/wp\/v2\/product\/7827\/revisions"}],"predecessor-version":[{"id":20572,"href":"https:\/\/ibcparts.eu\/hu\/wp-json\/wp\/v2\/product\/7827\/revisions\/20572"}],"wp:featuredmedia":[{"embeddable":true,"href":"https:\/\/ibcparts.eu\/hu\/wp-json\/wp\/v2\/media\/19521"}],"wp:attachment":[{"href":"https:\/\/ibcparts.eu\/hu\/wp-json\/wp\/v2\/media?parent=7827"}],"wp:term":[{"taxonomy":"product_brand","embeddable":true,"href":"https:\/\/ibcparts.eu\/hu\/wp-json\/wp\/v2\/product_brand?post=7827"},{"taxonomy":"product_cat","embeddable":true,"href":"https:\/\/ibcparts.eu\/hu\/wp-json\/wp\/v2\/product_cat?post=7827"},{"taxonomy":"product_tag","embeddable":true,"href":"https:\/\/ibcparts.eu\/hu\/wp-json\/wp\/v2\/product_tag?post=7827"}],"curies":[{"name":"wp","href":"https:\/\/api.w.org\/{rel}","templated":true}]}}