{"id":7822,"date":"2021-11-14T18:28:35","date_gmt":"2021-11-14T17:28:35","guid":{"rendered":"https:\/\/ibcparts.eu\/?post_type=product&#038;p=7822"},"modified":"2026-03-03T08:09:56","modified_gmt":"2026-03-03T07:09:56","slug":"3d-aquamyst-filter","status":"publish","type":"product","link":"https:\/\/ibcparts.eu\/hu\/termek\/3d-aquamyst-filter\/","title":{"rendered":"3D AquaMyst\u00a9 sz\u0171r\u0151 IBC-hez"},"content":{"rendered":"","protected":false},"excerpt":{"rendered":"<h2 data-start=\"156\" data-end=\"261\"><strong data-start=\"159\" data-end=\"261\">3D AquaMyst\u00a9 200 mikronos sz\u0171r\u0151 IBC tart\u00e1lyokhoz \u2013 tiszta es\u0151v\u00edz alg\u00e1k, sz\u00fanyogok \u00e9s szennyez\u0151d\u00e9sek n\u00e9lk\u00fcl<\/strong><\/h2>\n<p class=\" translation-block\">Bemutatjuk a <strong>3D AquaMyst<\/strong> 200 mikronos sz\u0171r\u0151t IBC tart\u00e1lyokhoz \u2013 pr\u00e9mium megold\u00e1st az es\u0151v\u00edz hat\u00e9kony sz\u0171r\u00e9s\u00e9hez \u00e9s a tart\u00e1lyok karbantart\u00e1s\u00e1hoz. Ez az ipari kivitel\u0171 sz\u0171r\u0151 robusztus 3D polipropil\u00e9nb\u0151l k\u00e9sz\u00fclt, \u00e9s az optim\u00e1lis m\u0171k\u00f6d\u00e9sre lett tervezve m\u00e9g a rendeltet\u00e9sszer\u0171 haszn\u00e1laton t\u00fal is.<\/p>\n<p><strong>El\u0151ny\u00f6k \u00e9s tippek di\u00f3h\u00e9jban:<\/strong><\/p>\n<ol>\n<li class=\" translation-block\"><strong>Jav\u00edtott es\u0151v\u00edz-tisztas\u00e1g:<\/strong> Sz\u0171r\u0151nk tiszta es\u0151vizet biztos\u00edt, cs\u00f6kkenti a szennyez\u0151d\u00e9sek mennyis\u00e9g\u00e9t, \u00e9s seg\u00edt meg\u0151rizni az IBC tart\u00e1ly j\u00f3 \u00e1llapot\u00e1t. A \u201eneedled felt\u201d sz\u0171r\u0151 kiv\u00e1l\u00f3 3D sz\u0171r\u00e9st tesz lehet\u0151v\u00e9 \u2014 a szennyez\u0151d\u00e9sr\u00e9szecsk\u00e9k a s\u0171r\u0171 szerkezet\u00e9ben akadnak fenn. Felfogja a nagyobb \u00e9s kisebb szennyez\u0151d\u00e9seket, p\u00e9ld\u00e1ul leveleket, moh\u00e1t, homokot, rovarokat (\u00edgy a tart\u00e1lyban <strong>nincsenek sz\u00fanyogok<\/strong>), tet\u0151cser\u00e9p-r\u00e9szecsk\u00e9ket \u00e9s egyebeket.<\/li>\n<li><strong>FDA tan\u00fas\u00edtv\u00e1nnyal rendelkez\u0151 (\u00e9lelmiszerrel \u00e9rintkez\u00e9sre alkalmas)<\/strong><\/li>\n<li class=\" translation-block\">Algakontroll: Mondjon b\u00facs\u00fat a kellemetlen alg\u00e1sod\u00e1snak. Sz\u0171r\u0151nk fejlett kialak\u00edt\u00e1sa cs\u00f6kkenti az alg\u00e1k n\u00f6veked\u00e9s\u00e9t, \u00e9s seg\u00edt meg\u0151rizni a v\u00edz min\u0151s\u00e9g\u00e9t. A TARP v\u00e9d\u0151ponyva haszn\u00e1lat\u00e1val cs\u00f6kkenthet\u0151 a napf\u00e9ny bejut\u00e1sa, ez\u00e1ltal tov\u00e1bb g\u00e1tolhat\u00f3 a mikroorganizmusok fejl\u0151d\u00e9se, valamint v\u00e9delmet kap a sz\u0171r\u0151 \u00e9s az IBC tart\u00e1ly az UV-degrad\u00e1ci\u00f3 ellen.<\/li>\n<li class=\" translation-block\"><strong>T\u00f6k\u00e9letes illeszked\u00e9s:<\/strong> Sz\u0171r\u0151nk z\u00f6kken\u0151mentesen illeszkedik az IBC tart\u00e1lyokba, \u00e9s egyedi sz\u0171r\u00e9si megold\u00e1st biztos\u00edt. A <strong>165 mm<\/strong> fed\u00e9l\u00e1tm\u00e9r\u0151j\u0171 IBC tart\u00e1ly ny\u00edl\u00e1s\u00e1ba helyezhet\u0151. A tart\u00e1ly fedele nem z\u00e1rhat\u00f3 le, am\u00edg a sz\u0171r\u0151 a ny\u00edl\u00e1sban van.<\/li>\n<li class=\" translation-block\"><strong>Gyors v\u00edz\u00e1raml\u00e1st biztos\u00edt:<\/strong> A sz\u0171r\u0151 miatt nem alakul ki v\u00edzvisszatart\u00e1s!<\/li>\n<li class=\" translation-block\"><strong>Hossz\u00fa \u00e9lettartam:<\/strong> A sz\u0171r\u0151 vastag polipropil\u00e9n szerkezete a s\u00farl\u00f3d\u00e1ssal szembeni ellen\u00e1ll\u00e1sra \u00e9s a kem\u00e9ny r\u00e9szecsk\u00e9k sz\u0171r\u00e9s\u00e9re lett tervezve. Ki\u00fcr\u00edthet\u0151 \u00e9s tiszt\u00edthat\u00f3, azonban a 3D kialak\u00edt\u00e1s miatt nem t\u00e9r vissza \u00fajszer\u0171 \u00e1llapotba. Strapab\u00edr\u00f3 kivitel, kiv\u00e1l\u00f3 ellen\u00e1ll\u00f3s\u00e1g \u00e9s er\u0151s varr\u00e1s.<\/li>\n<li class=\" translation-block\"><strong>Egyszer\u0171 csere:<\/strong> Javasoljuk a sz\u0171r\u0151k cser\u00e9j\u00e9t szezononk\u00e9nt k\u00e9tszer (az ig\u00e9nyek \u00e9s a helysz\u00edni k\u00f6r\u00fclm\u00e9nyek f\u00fcggv\u00e9ny\u00e9ben).<\/li>\n<li class=\" translation-block\"><strong>UV-v\u00e9delem:<\/strong> Tartsa a sz\u0171r\u0151t kiv\u00e1l\u00f3 \u00e1llapotban. Helyezze a sz\u0171r\u0151t k\u00f6zvetlen napf\u00e9nyt\u0151l t\u00e1vol, hogy megv\u00e9dje az UV-sug\u00e1rz\u00e1st\u00f3l \u00e9s meghosszabb\u00edtsa az \u00e9lettartam\u00e1t.<\/li>\n<li class=\" translation-block\"><strong>Rugalmass\u00e1g:<\/strong> M\u00e9ret\u00e9nek (\u00e1tm\u00e9r\u0151j\u00e9nek) k\u00f6sz\u00f6nhet\u0151en alkalmas minden, az ereszcsatorn\u00e1t\u00f3l a tart\u00e1lyig vezet\u0151 cs\u0151m\u00e9rethez (legfeljebb 140 mm).<\/li>\n<\/ol>\n<p>Tapasztalja meg a tiszta tart\u00e1ly k\u00e9nyelm\u00e9t, a kevesebb karbantart\u00e1st \u00e9s a kiv\u00e1l\u00f3 v\u00edzmin\u0151s\u00e9get.<\/p>\n<ul>\n<li><strong>Gostota: 200 mikronov (to pomeni, da so okenca v mre\u017ei velikosti 0,2 mm)<\/strong><\/li>\n<li>Anyag: polipropil\u00e9n (a sz\u0171r\u0151 vastagabb kialak\u00edt\u00e1s\u00fa, hogy jobban ellen\u00e1lljon a rezg\u00e9seknek \u00e9s a cs\u0151 esetleges s\u00farl\u00f3d\u00e1s\u00e1nak).<\/li>\n<li>A sz\u0171r\u0151gy\u0171r\u0171 \u00e1tm\u00e9r\u0151je ide\u00e1lisan illeszkedik a 165 mm \u00e1tm\u00e9r\u0151j\u0171 IBC tart\u00e1ly nyak\u00e1hoz (a t\u00e9nyleges ny\u00edl\u00e1s 140 mm).<\/li>\n<li>A sz\u0171r\u0151 hossza t\u00f6bb\u00e9ves tesztel\u00e9s alapj\u00e1n a maxim\u00e1lis v\u00edzhasznos\u00edt\u00e1sra lett optimaliz\u00e1lva.<\/li>\n<\/ul>","protected":false},"featured_media":14630,"template":"","meta":[],"product_brand":[],"product_cat":[186],"product_tag":[290],"class_list":{"0":"post-7822","1":"product","2":"type-product","3":"status-publish","4":"has-post-thumbnail","6":"product_cat-filtri-za-dezevnico-in-pvc-redukcije","7":"product_tag-filter-za-ibc-cisterno","9":"first","10":"instock","11":"shipping-taxable","12":"purchasable","13":"product-type-simple"},"yoast_head":"<!-- This site is optimized with the Yoast SEO plugin v27.1.1 - https:\/\/yoast.com\/product\/yoast-seo-wordpress\/ -->\n<title>3D AquaMyst\u00a9 filter za IBC | IBCparts.eu<\/title>\n<meta name=\"description\" content=\"3D AquaMyst\u00a9 filter za IBC cisterno omogo\u010da odli\u010dno 3D filtracijo\u00a0- delci ne\u010disto\u010d se ujamejo v njegovo gosto mre\u017eo. FDA certificiran (primeren za \u017eivila)\" \/>\n<meta name=\"robots\" content=\"index, follow, max-snippet:-1, max-image-preview:large, max-video-preview:-1\" \/>\n<link rel=\"canonical\" href=\"https:\/\/ibcparts.eu\/hu\/termek\/3d-aquamyst-filter\/\" \/>\n<meta property=\"og:locale\" content=\"hu_HU\" \/>\n<meta property=\"og:type\" content=\"article\" \/>\n<meta property=\"og:title\" content=\"3D AquaMyst\u00a9 filter za IBC | IBCparts.eu\" \/>\n<meta property=\"og:description\" content=\"3D AquaMyst\u00a9 filter za IBC cisterno omogo\u010da odli\u010dno 3D filtracijo\u00a0- delci ne\u010disto\u010d se ujamejo v njegovo gosto mre\u017eo. FDA certificiran (primeren za \u017eivila)\" \/>\n<meta property=\"og:url\" content=\"https:\/\/ibcparts.eu\/hu\/termek\/3d-aquamyst-filter\/\" \/>\n<meta property=\"og:site_name\" content=\"IBCparts.eu\" \/>\n<meta property=\"article:modified_time\" content=\"2026-03-03T07:09:56+00:00\" \/>\n<meta property=\"og:image\" content=\"https:\/\/ibcparts.eu\/wp-content\/uploads\/2021\/11\/filter-za-v-odprtino-ibc-cisterne_orig.jpg\" \/>\n\t<meta property=\"og:image:width\" content=\"592\" \/>\n\t<meta property=\"og:image:height\" content=\"592\" \/>\n\t<meta property=\"og:image:type\" content=\"image\/jpeg\" \/>\n<meta name=\"twitter:card\" content=\"summary_large_image\" \/>\n<script type=\"application\/ld+json\" class=\"yoast-schema-graph\">{\"@context\":\"https:\/\/schema.org\",\"@graph\":[{\"@type\":\"WebPage\",\"@id\":\"https:\/\/ibcparts.eu\/izdelek\/3d-aquamyst-filter\/\",\"url\":\"https:\/\/ibcparts.eu\/izdelek\/3d-aquamyst-filter\/\",\"name\":\"3D AquaMyst\u00a9 filter za IBC | IBCparts.eu\",\"isPartOf\":{\"@id\":\"https:\/\/ibcparts.eu\/#website\"},\"primaryImageOfPage\":{\"@id\":\"https:\/\/ibcparts.eu\/izdelek\/3d-aquamyst-filter\/#primaryimage\"},\"image\":{\"@id\":\"https:\/\/ibcparts.eu\/izdelek\/3d-aquamyst-filter\/#primaryimage\"},\"thumbnailUrl\":\"https:\/\/ibcparts.eu\/wp-content\/uploads\/2021\/11\/filter-za-v-odprtino-ibc-cisterne_orig.jpg\",\"datePublished\":\"2021-11-14T17:28:35+00:00\",\"dateModified\":\"2026-03-03T07:09:56+00:00\",\"description\":\"3D AquaMyst\u00a9 filter za IBC cisterno omogo\u010da odli\u010dno 3D filtracijo\u00a0- delci ne\u010disto\u010d se ujamejo v njegovo gosto mre\u017eo. FDA certificiran (primeren za \u017eivila)\",\"breadcrumb\":{\"@id\":\"https:\/\/ibcparts.eu\/izdelek\/3d-aquamyst-filter\/#breadcrumb\"},\"inLanguage\":\"hu-HU\",\"potentialAction\":[{\"@type\":\"ReadAction\",\"target\":[\"https:\/\/ibcparts.eu\/izdelek\/3d-aquamyst-filter\/\"]}]},{\"@type\":\"ImageObject\",\"inLanguage\":\"hu-HU\",\"@id\":\"https:\/\/ibcparts.eu\/izdelek\/3d-aquamyst-filter\/#primaryimage\",\"url\":\"https:\/\/ibcparts.eu\/wp-content\/uploads\/2021\/11\/filter-za-v-odprtino-ibc-cisterne_orig.jpg\",\"contentUrl\":\"https:\/\/ibcparts.eu\/wp-content\/uploads\/2021\/11\/filter-za-v-odprtino-ibc-cisterne_orig.jpg\",\"width\":592,\"height\":592,\"caption\":\"3D AquaMyst\u00a9 filter za IBC cisterno\"},{\"@type\":\"BreadcrumbList\",\"@id\":\"https:\/\/ibcparts.eu\/izdelek\/3d-aquamyst-filter\/#breadcrumb\",\"itemListElement\":[{\"@type\":\"ListItem\",\"position\":1,\"name\":\"Home\",\"item\":\"https:\/\/ibcparts.eu\/\"},{\"@type\":\"ListItem\",\"position\":2,\"name\":\"Nakupujte\",\"item\":\"https:\/\/ibcparts.eu\/nakupujte\/\"},{\"@type\":\"ListItem\",\"position\":3,\"name\":\"3D AquaMyst\u00a9 filter za IBC\"}]},{\"@type\":\"WebSite\",\"@id\":\"https:\/\/ibcparts.eu\/#website\",\"url\":\"https:\/\/ibcparts.eu\/\",\"name\":\"IBCparts.eu\",\"description\":\"\",\"publisher\":{\"@id\":\"https:\/\/ibcparts.eu\/#organization\"},\"potentialAction\":[{\"@type\":\"SearchAction\",\"target\":{\"@type\":\"EntryPoint\",\"urlTemplate\":\"https:\/\/ibcparts.eu\/?s={search_term_string}\"},\"query-input\":{\"@type\":\"PropertyValueSpecification\",\"valueRequired\":true,\"valueName\":\"search_term_string\"}}],\"inLanguage\":\"hu-HU\"},{\"@type\":\"Organization\",\"@id\":\"https:\/\/ibcparts.eu\/#organization\",\"name\":\"IBCparts\",\"url\":\"https:\/\/ibcparts.eu\/\",\"logo\":{\"@type\":\"ImageObject\",\"inLanguage\":\"hu-HU\",\"@id\":\"https:\/\/ibcparts.eu\/#\/schema\/logo\/image\/\",\"url\":\"https:\/\/ibcparts.eu\/wp-content\/uploads\/2021\/10\/Footer-Logo.png\",\"contentUrl\":\"https:\/\/ibcparts.eu\/wp-content\/uploads\/2021\/10\/Footer-Logo.png\",\"width\":1992,\"height\":772,\"caption\":\"IBCparts\"},\"image\":{\"@id\":\"https:\/\/ibcparts.eu\/#\/schema\/logo\/image\/\"}}]}<\/script>\n<!-- \/ Yoast SEO plugin. -->","yoast_head_json":{"title":"3D AquaMyst\u00a9 sz\u0171r\u0151 az IBC-hez | IBCparts.eu","description":"3D AquaMyst\u00a9 filter za IBC cisterno omogo\u010da odli\u010dno 3D filtracijo\u00a0- delci ne\u010disto\u010d se ujamejo v njegovo gosto mre\u017eo. FDA certificiran (primeren za \u017eivila)","robots":{"index":"index","follow":"follow","max-snippet":"max-snippet:-1","max-image-preview":"max-image-preview:large","max-video-preview":"max-video-preview:-1"},"canonical":"https:\/\/ibcparts.eu\/hu\/termek\/3d-aquamyst-filter\/","og_locale":"hu_HU","og_type":"article","og_title":"3D AquaMyst\u00a9 filter za IBC | IBCparts.eu","og_description":"3D AquaMyst\u00a9 filter za IBC cisterno omogo\u010da odli\u010dno 3D filtracijo\u00a0- delci ne\u010disto\u010d se ujamejo v njegovo gosto mre\u017eo. FDA certificiran (primeren za \u017eivila)","og_url":"https:\/\/ibcparts.eu\/hu\/termek\/3d-aquamyst-filter\/","og_site_name":"IBCparts.eu","article_modified_time":"2026-03-03T07:09:56+00:00","og_image":[{"width":592,"height":592,"url":"https:\/\/ibcparts.eu\/wp-content\/uploads\/2021\/11\/filter-za-v-odprtino-ibc-cisterne_orig.jpg","type":"image\/jpeg"}],"twitter_card":"summary_large_image","schema":{"@context":"https:\/\/schema.org","@graph":[{"@type":"WebPage","@id":"https:\/\/ibcparts.eu\/izdelek\/3d-aquamyst-filter\/","url":"https:\/\/ibcparts.eu\/izdelek\/3d-aquamyst-filter\/","name":"3D AquaMyst\u00a9 sz\u0171r\u0151 az IBC-hez | IBCparts.eu","isPartOf":{"@id":"https:\/\/ibcparts.eu\/#website"},"primaryImageOfPage":{"@id":"https:\/\/ibcparts.eu\/izdelek\/3d-aquamyst-filter\/#primaryimage"},"image":{"@id":"https:\/\/ibcparts.eu\/izdelek\/3d-aquamyst-filter\/#primaryimage"},"thumbnailUrl":"https:\/\/ibcparts.eu\/wp-content\/uploads\/2021\/11\/filter-za-v-odprtino-ibc-cisterne_orig.jpg","datePublished":"2021-11-14T17:28:35+00:00","dateModified":"2026-03-03T07:09:56+00:00","description":"3D AquaMyst\u00a9 filter za IBC cisterno omogo\u010da odli\u010dno 3D filtracijo\u00a0- delci ne\u010disto\u010d se ujamejo v njegovo gosto mre\u017eo. FDA certificiran (primeren za \u017eivila)","breadcrumb":{"@id":"https:\/\/ibcparts.eu\/izdelek\/3d-aquamyst-filter\/#breadcrumb"},"inLanguage":"hu-HU","potentialAction":[{"@type":"ReadAction","target":["https:\/\/ibcparts.eu\/izdelek\/3d-aquamyst-filter\/"]}]},{"@type":"ImageObject","inLanguage":"hu-HU","@id":"https:\/\/ibcparts.eu\/izdelek\/3d-aquamyst-filter\/#primaryimage","url":"https:\/\/ibcparts.eu\/wp-content\/uploads\/2021\/11\/filter-za-v-odprtino-ibc-cisterne_orig.jpg","contentUrl":"https:\/\/ibcparts.eu\/wp-content\/uploads\/2021\/11\/filter-za-v-odprtino-ibc-cisterne_orig.jpg","width":592,"height":592,"caption":"3D AquaMyst\u00a9 filter za IBC cisterno"},{"@type":"BreadcrumbList","@id":"https:\/\/ibcparts.eu\/izdelek\/3d-aquamyst-filter\/#breadcrumb","itemListElement":[{"@type":"ListItem","position":1,"name":"Home","item":"https:\/\/ibcparts.eu\/"},{"@type":"ListItem","position":2,"name":"Nakupujte","item":"https:\/\/ibcparts.eu\/nakupujte\/"},{"@type":"ListItem","position":3,"name":"3D AquaMyst\u00a9 filter za IBC"}]},{"@type":"WebSite","@id":"https:\/\/ibcparts.eu\/#website","url":"https:\/\/ibcparts.eu\/","name":"IBCparts.eu","description":"","publisher":{"@id":"https:\/\/ibcparts.eu\/#organization"},"potentialAction":[{"@type":"SearchAction","target":{"@type":"EntryPoint","urlTemplate":"https:\/\/ibcparts.eu\/?s={search_term_string}"},"query-input":{"@type":"PropertyValueSpecification","valueRequired":true,"valueName":"search_term_string"}}],"inLanguage":"hu-HU"},{"@type":"Organization","@id":"https:\/\/ibcparts.eu\/#organization","name":"IBCparts","url":"https:\/\/ibcparts.eu\/","logo":{"@type":"ImageObject","inLanguage":"hu-HU","@id":"https:\/\/ibcparts.eu\/#\/schema\/logo\/image\/","url":"https:\/\/ibcparts.eu\/wp-content\/uploads\/2021\/10\/Footer-Logo.png","contentUrl":"https:\/\/ibcparts.eu\/wp-content\/uploads\/2021\/10\/Footer-Logo.png","width":1992,"height":772,"caption":"IBCparts"},"image":{"@id":"https:\/\/ibcparts.eu\/#\/schema\/logo\/image\/"}}]}},"_links":{"self":[{"href":"https:\/\/ibcparts.eu\/hu\/wp-json\/wp\/v2\/product\/7822","targetHints":{"allow":["GET"]}}],"collection":[{"href":"https:\/\/ibcparts.eu\/hu\/wp-json\/wp\/v2\/product"}],"about":[{"href":"https:\/\/ibcparts.eu\/hu\/wp-json\/wp\/v2\/types\/product"}],"version-history":[{"count":4,"href":"https:\/\/ibcparts.eu\/hu\/wp-json\/wp\/v2\/product\/7822\/revisions"}],"predecessor-version":[{"id":20698,"href":"https:\/\/ibcparts.eu\/hu\/wp-json\/wp\/v2\/product\/7822\/revisions\/20698"}],"wp:featuredmedia":[{"embeddable":true,"href":"https:\/\/ibcparts.eu\/hu\/wp-json\/wp\/v2\/media\/14630"}],"wp:attachment":[{"href":"https:\/\/ibcparts.eu\/hu\/wp-json\/wp\/v2\/media?parent=7822"}],"wp:term":[{"taxonomy":"product_brand","embeddable":true,"href":"https:\/\/ibcparts.eu\/hu\/wp-json\/wp\/v2\/product_brand?post=7822"},{"taxonomy":"product_cat","embeddable":true,"href":"https:\/\/ibcparts.eu\/hu\/wp-json\/wp\/v2\/product_cat?post=7822"},{"taxonomy":"product_tag","embeddable":true,"href":"https:\/\/ibcparts.eu\/hu\/wp-json\/wp\/v2\/product_tag?post=7822"}],"curies":[{"name":"wp","href":"https:\/\/api.w.org\/{rel}","templated":true}]}}