{"id":7604,"date":"2021-11-11T13:12:43","date_gmt":"2021-11-11T12:12:43","guid":{"rendered":"https:\/\/ibcparts.eu\/?post_type=product&#038;p=7604"},"modified":"2026-01-13T13:58:36","modified_gmt":"2026-01-13T12:58:36","slug":"adapter-s60-na-2-fini-bsp-zenski-navoj","status":"publish","type":"product","link":"https:\/\/ibcparts.eu\/hu\/termek\/s60-2-col-bsp-belso-menetes-adapter\/","title":{"rendered":"S60x2\u2033 F adapter IBC tart\u00e1lyhoz (finom BSP n\u0151i menet)"},"content":{"rendered":"<p>Nagyon er\u0151s reduktor IBC tart\u00e1lyokhoz S60x6 menettel \u00e9s 2\u2033 bels\u0151 BSP menettel. S60x6 szeleppel rendelkez\u0151 tart\u00e1lyokhoz \u2013 ez az IBC tart\u00e1lyokon haszn\u00e1lt leggyakoribb szelept\u00edpus.<\/p>\n<ul>\n<li>Menett\u00edpus: bels\u0151 S60x6 n\u0151i menet, bels\u0151 (n\u0151i) 2\u2033 BSP menet \u2013 l\u00e1sd a k\u00e9pet.<\/li>\n<li class=\" translation-block\"><strong>Anyag:<\/strong> PP \u2013 rendk\u00edv\u00fcl tart\u00f3s, k\u00f6nny\u0171 \u00e9s v\u00edz\u00e1ll\u00f3 anyag, amely ellen\u00e1ll az UV-sug\u00e1rz\u00e1snak, a vegyi anyagoknak \u00e9s az \u00fct\u00e9seknek. Biztons\u00e1ga \u00e9s stabilit\u00e1sa miatt ide\u00e1lis olyan term\u00e9kekhez, amelyek hossz\u00fa \u00e9lettartamot \u00e9s nagyfok\u00fa ellen\u00e1ll\u00f3s\u00e1got ig\u00e9nyelnek.<\/li>\n<li>Sz\u00edn: fekete<\/li>\n<li class=\" translation-block\">T\u00f6m\u00edt\u00e9s: <strong>EPDM gumi \u2013 kiv\u00e1l\u00f3 ellen\u00e1ll\u00e1s az UV-sug\u00e1rz\u00e1ssal, az id\u0151j\u00e1r\u00e1si hat\u00e1sokkal \u00e9s a h\u0151m\u00e9rs\u00e9klet-ingadoz\u00e1sokkal szemben<\/strong><\/li>\n<li>Azon az oldalon, ahol a menet finom, javasoljuk a teflon haszn\u00e1lat\u00e1t.<\/li>\n<li>A tart\u00e1lyszelep \u00e9s a reduktor k\u00f6z\u00f6tt NEM szabad teflont haszn\u00e1lni.<\/li>\n<li>Kiv\u00e1l\u00f3 t\u00f6m\u00edt\u00e9s \u00e9s nagy tart\u00f3ss\u00e1g!<\/li>\n<\/ul>","protected":false},"excerpt":{"rendered":"<h2 data-start=\"143\" data-end=\"205\">S60x6\u20132\u2033 BSP n\u0151i adapter IBC tart\u00e1lyhoz<\/h2>\n<p data-start=\"207\" data-end=\"687\" class=\" translation-block\">Az S60x2\u2033 F adapter egy nagyon er\u0151s adapter S60x6 menettel rendelkez\u0151 IBC tart\u00e1lyokhoz. <strong>IBC tart\u00e1ly adapterk\u00e9nt vagy csatlakoz\u00f3k\u00e9nt<\/strong> haszn\u00e1lhat\u00f3 t\u00f6ml\u0151k, szelepek vagy m\u00e1s, 2\u2033 m\u00e9ret\u0171 bels\u0151 (n\u0151i) BSP menettel rendelkez\u0151 rendszerek csatlakoztat\u00e1s\u00e1hoz. PP anyagb\u00f3l k\u00e9sz\u00fclt, \u00e9s 100% EPDM gumib\u00f3l k\u00e9sz\u00fclt t\u00f6m\u00edt\u00e9ssel van ell\u00e1tva, amelyet optim\u00e1lis kem\u00e9nys\u00e9ggel fejlesztettek ki, \u00e9s <strong>megb\u00edzhat\u00f3 t\u00f6m\u00edt\u00e9st biztos\u00edt m\u00e9g nagyobb egyenetlens\u00e9gek eset\u00e9n is a szelepen<\/strong>, valamint hossz\u00fa t\u00e1v\u00fa, sziv\u00e1rg\u00e1smentes haszn\u00e1latot garant\u00e1l.<\/p>\n<p data-start=\"689\" data-end=\"710\">M\u0171szaki jellemz\u0151k<\/p>\n<ul>\n<li data-start=\"713\" data-end=\"764\">Term\u00e9kt\u00edpus: adapter (csatlakoz\u00f3 IBC tart\u00e1lyhoz)<\/li>\n<li data-start=\"767\" data-end=\"820\">A tart\u00e1ly menett\u00edpusa: S60x6, szabv\u00e1nyos IBC menet<\/li>\n<li data-start=\"823\" data-end=\"868\" class=\" translation-block\">Menett\u00edpus a kimeneten: bels\u0151 (n\u0151i) <strong>2\u2033<\/strong> BSP<\/li>\n<li data-start=\"901\" data-end=\"917\">Anyag: HDPE<\/li>\n<li data-start=\"920\" data-end=\"933\">Sz\u00edn: fekete<\/li>\n<li class=\" translation-block\"><strong>T\u00f6m\u00edt\u00e9s:<\/strong> <strong>100% EPDM gumi \u2013 kiz\u00e1r\u00f3lag n\u00e1lunk. A speci\u00e1lisan fejlesztett, optim\u00e1lis kem\u00e9nys\u00e9g\u0171 t\u00f6m\u00edt\u00e9s hat\u00e9konyan kiegyenl\u00edti m\u00e9g a nagyobb szelep-egyenetlens\u00e9geket is, \u00e9s hossz\u00fa t\u00e1von megb\u00edzhat\u00f3, sziv\u00e1rg\u00e1smentes t\u00f6m\u00edt\u00e9st biztos\u00edt.<\/strong><\/li>\n<li>Kiv\u00e1l\u00f3 t\u00f6m\u00edt\u00e9s \u00e9s nagy tart\u00f3ss\u00e1g!<\/li>\n<\/ul>\n<p><strong>T\u00f6bb darab, nagyobb kedvezm\u00e9ny \u2013 a k\u00fcl\u00f6nb\u00f6z\u0151 term\u00e9kek \u00e9s vari\u00e1ci\u00f3k darabsz\u00e1ma \u00f6sszead\u00f3dik!<\/strong><\/p>\n<div id=\"335931145728526365\"><\/div>","protected":false},"featured_media":7605,"template":"","meta":[],"product_brand":[],"product_cat":[170,298],"product_tag":[461],"class_list":{"0":"post-7604","1":"product","2":"type-product","3":"status-publish","4":"has-post-thumbnail","6":"product_cat-reducirji-in-prikljucki-za-ibc","7":"product_cat-prikljucki-za-cisterno-z-navojem-s60x6","8":"product_tag-adapter-s60-na-2-fini-bsp-zenski-navoj-za-ibc-cisterno","10":"first","11":"instock","12":"shipping-taxable","13":"purchasable","14":"product-type-simple"},"yoast_head":"<!-- This site is optimized with the Yoast SEO plugin v27.1.1 - https:\/\/yoast.com\/product\/yoast-seo-wordpress\/ -->\n<title>Adapter S60x2&quot; F za IBC cisterno (fini BSP \u017eenski navoj) | IBCparts.eu<\/title>\n<meta name=\"description\" content=\"Adapter S60x6 na 2\u2033 \u017eenski BSP navoj za IBC cisterno. Iz PP, z EPDM tesnilom za zanesljivo tesnjenje brez pu\u0161\u010danja.\" \/>\n<meta name=\"robots\" content=\"index, follow, max-snippet:-1, max-image-preview:large, max-video-preview:-1\" \/>\n<link rel=\"canonical\" href=\"https:\/\/ibcparts.eu\/hu\/termek\/s60-2-col-bsp-belso-menetes-adapter\/\" \/>\n<meta property=\"og:locale\" content=\"hu_HU\" \/>\n<meta property=\"og:type\" content=\"article\" \/>\n<meta property=\"og:title\" content=\"Adapter S60x2&quot; F za IBC cisterno (fini BSP \u017eenski navoj) | IBCparts.eu\" \/>\n<meta property=\"og:description\" content=\"Adapter S60x6 na 2\u2033 \u017eenski BSP navoj za IBC cisterno. Iz PP, z EPDM tesnilom za zanesljivo tesnjenje brez pu\u0161\u010danja.\" \/>\n<meta property=\"og:url\" content=\"https:\/\/ibcparts.eu\/hu\/termek\/s60-2-col-bsp-belso-menetes-adapter\/\" \/>\n<meta property=\"og:site_name\" content=\"IBCparts.eu\" \/>\n<meta property=\"article:modified_time\" content=\"2026-01-13T12:58:36+00:00\" \/>\n<meta property=\"og:image\" content=\"https:\/\/ibcparts.eu\/wp-content\/uploads\/2021\/11\/s60-adapter-2-fini-enski-2_1_orig.jpg\" \/>\n\t<meta property=\"og:image:width\" content=\"1080\" \/>\n\t<meta property=\"og:image:height\" content=\"1080\" \/>\n\t<meta property=\"og:image:type\" content=\"image\/jpeg\" \/>\n<meta name=\"twitter:card\" content=\"summary_large_image\" \/>\n<meta name=\"twitter:label1\" content=\"Est. reading time\" \/>\n\t<meta name=\"twitter:data1\" content=\"1 minute\" \/>\n<script type=\"application\/ld+json\" class=\"yoast-schema-graph\">{\"@context\":\"https:\/\/schema.org\",\"@graph\":[{\"@type\":\"WebPage\",\"@id\":\"https:\/\/ibcparts.eu\/izdelek\/adapter-s60-na-2-fini-bsp-zenski-navoj\/\",\"url\":\"https:\/\/ibcparts.eu\/izdelek\/adapter-s60-na-2-fini-bsp-zenski-navoj\/\",\"name\":\"Adapter S60x2\\\" F za IBC cisterno (fini BSP \u017eenski navoj) | IBCparts.eu\",\"isPartOf\":{\"@id\":\"https:\/\/ibcparts.eu\/#website\"},\"primaryImageOfPage\":{\"@id\":\"https:\/\/ibcparts.eu\/izdelek\/adapter-s60-na-2-fini-bsp-zenski-navoj\/#primaryimage\"},\"image\":{\"@id\":\"https:\/\/ibcparts.eu\/izdelek\/adapter-s60-na-2-fini-bsp-zenski-navoj\/#primaryimage\"},\"thumbnailUrl\":\"https:\/\/ibcparts.eu\/wp-content\/uploads\/2021\/11\/s60-adapter-2-fini-enski-2_1_orig.jpg\",\"datePublished\":\"2021-11-11T12:12:43+00:00\",\"dateModified\":\"2026-01-13T12:58:36+00:00\",\"description\":\"Adapter S60x6 na 2\u2033 \u017eenski BSP navoj za IBC cisterno. Iz PP, z EPDM tesnilom za zanesljivo tesnjenje brez pu\u0161\u010danja.\",\"breadcrumb\":{\"@id\":\"https:\/\/ibcparts.eu\/izdelek\/adapter-s60-na-2-fini-bsp-zenski-navoj\/#breadcrumb\"},\"inLanguage\":\"hu-HU\",\"potentialAction\":[{\"@type\":\"ReadAction\",\"target\":[\"https:\/\/ibcparts.eu\/izdelek\/adapter-s60-na-2-fini-bsp-zenski-navoj\/\"]}]},{\"@type\":\"ImageObject\",\"inLanguage\":\"hu-HU\",\"@id\":\"https:\/\/ibcparts.eu\/izdelek\/adapter-s60-na-2-fini-bsp-zenski-navoj\/#primaryimage\",\"url\":\"https:\/\/ibcparts.eu\/wp-content\/uploads\/2021\/11\/s60-adapter-2-fini-enski-2_1_orig.jpg\",\"contentUrl\":\"https:\/\/ibcparts.eu\/wp-content\/uploads\/2021\/11\/s60-adapter-2-fini-enski-2_1_orig.jpg\",\"width\":1080,\"height\":1080,\"caption\":\"s60-adapter-2-fini-enski-2_1_orig\"},{\"@type\":\"BreadcrumbList\",\"@id\":\"https:\/\/ibcparts.eu\/izdelek\/adapter-s60-na-2-fini-bsp-zenski-navoj\/#breadcrumb\",\"itemListElement\":[{\"@type\":\"ListItem\",\"position\":1,\"name\":\"Home\",\"item\":\"https:\/\/ibcparts.eu\/\"},{\"@type\":\"ListItem\",\"position\":2,\"name\":\"Nakupujte\",\"item\":\"https:\/\/ibcparts.eu\/nakupujte\/\"},{\"@type\":\"ListItem\",\"position\":3,\"name\":\"Adapter S60x2&#8243; F za IBC cisterno (fini BSP \u017eenski navoj)\"}]},{\"@type\":\"WebSite\",\"@id\":\"https:\/\/ibcparts.eu\/#website\",\"url\":\"https:\/\/ibcparts.eu\/\",\"name\":\"IBCparts.eu\",\"description\":\"\",\"publisher\":{\"@id\":\"https:\/\/ibcparts.eu\/#organization\"},\"potentialAction\":[{\"@type\":\"SearchAction\",\"target\":{\"@type\":\"EntryPoint\",\"urlTemplate\":\"https:\/\/ibcparts.eu\/?s={search_term_string}\"},\"query-input\":{\"@type\":\"PropertyValueSpecification\",\"valueRequired\":true,\"valueName\":\"search_term_string\"}}],\"inLanguage\":\"hu-HU\"},{\"@type\":\"Organization\",\"@id\":\"https:\/\/ibcparts.eu\/#organization\",\"name\":\"IBCparts\",\"url\":\"https:\/\/ibcparts.eu\/\",\"logo\":{\"@type\":\"ImageObject\",\"inLanguage\":\"hu-HU\",\"@id\":\"https:\/\/ibcparts.eu\/#\/schema\/logo\/image\/\",\"url\":\"https:\/\/ibcparts.eu\/wp-content\/uploads\/2021\/10\/Footer-Logo.png\",\"contentUrl\":\"https:\/\/ibcparts.eu\/wp-content\/uploads\/2021\/10\/Footer-Logo.png\",\"width\":1992,\"height\":772,\"caption\":\"IBCparts\"},\"image\":{\"@id\":\"https:\/\/ibcparts.eu\/#\/schema\/logo\/image\/\"}}]}<\/script>\n<!-- \/ Yoast SEO plugin. -->","yoast_head_json":{"title":"Adapter S60x2\" F za IBC cisterno (fini BSP \u017eenski navoj) | IBCparts.eu","description":"Adapter S60x6 na 2\u2033 \u017eenski BSP navoj za IBC cisterno. Iz PP, z EPDM tesnilom za zanesljivo tesnjenje brez pu\u0161\u010danja.","robots":{"index":"index","follow":"follow","max-snippet":"max-snippet:-1","max-image-preview":"max-image-preview:large","max-video-preview":"max-video-preview:-1"},"canonical":"https:\/\/ibcparts.eu\/hu\/termek\/s60-2-col-bsp-belso-menetes-adapter\/","og_locale":"hu_HU","og_type":"article","og_title":"Adapter S60x2\" F za IBC cisterno (fini BSP \u017eenski navoj) | IBCparts.eu","og_description":"Adapter S60x6 na 2\u2033 \u017eenski BSP navoj za IBC cisterno. Iz PP, z EPDM tesnilom za zanesljivo tesnjenje brez pu\u0161\u010danja.","og_url":"https:\/\/ibcparts.eu\/hu\/termek\/s60-2-col-bsp-belso-menetes-adapter\/","og_site_name":"IBCparts.eu","article_modified_time":"2026-01-13T12:58:36+00:00","og_image":[{"width":1080,"height":1080,"url":"https:\/\/ibcparts.eu\/wp-content\/uploads\/2021\/11\/s60-adapter-2-fini-enski-2_1_orig.jpg","type":"image\/jpeg"}],"twitter_card":"summary_large_image","twitter_misc":{"Est. reading time":"1 minute"},"schema":{"@context":"https:\/\/schema.org","@graph":[{"@type":"WebPage","@id":"https:\/\/ibcparts.eu\/izdelek\/adapter-s60-na-2-fini-bsp-zenski-navoj\/","url":"https:\/\/ibcparts.eu\/izdelek\/adapter-s60-na-2-fini-bsp-zenski-navoj\/","name":"Adapter S60x2\" F za IBC cisterno (fini BSP \u017eenski navoj) | IBCparts.eu","isPartOf":{"@id":"https:\/\/ibcparts.eu\/#website"},"primaryImageOfPage":{"@id":"https:\/\/ibcparts.eu\/izdelek\/adapter-s60-na-2-fini-bsp-zenski-navoj\/#primaryimage"},"image":{"@id":"https:\/\/ibcparts.eu\/izdelek\/adapter-s60-na-2-fini-bsp-zenski-navoj\/#primaryimage"},"thumbnailUrl":"https:\/\/ibcparts.eu\/wp-content\/uploads\/2021\/11\/s60-adapter-2-fini-enski-2_1_orig.jpg","datePublished":"2021-11-11T12:12:43+00:00","dateModified":"2026-01-13T12:58:36+00:00","description":"Adapter S60x6 na 2\u2033 \u017eenski BSP navoj za IBC cisterno. Iz PP, z EPDM tesnilom za zanesljivo tesnjenje brez pu\u0161\u010danja.","breadcrumb":{"@id":"https:\/\/ibcparts.eu\/izdelek\/adapter-s60-na-2-fini-bsp-zenski-navoj\/#breadcrumb"},"inLanguage":"hu-HU","potentialAction":[{"@type":"ReadAction","target":["https:\/\/ibcparts.eu\/izdelek\/adapter-s60-na-2-fini-bsp-zenski-navoj\/"]}]},{"@type":"ImageObject","inLanguage":"hu-HU","@id":"https:\/\/ibcparts.eu\/izdelek\/adapter-s60-na-2-fini-bsp-zenski-navoj\/#primaryimage","url":"https:\/\/ibcparts.eu\/wp-content\/uploads\/2021\/11\/s60-adapter-2-fini-enski-2_1_orig.jpg","contentUrl":"https:\/\/ibcparts.eu\/wp-content\/uploads\/2021\/11\/s60-adapter-2-fini-enski-2_1_orig.jpg","width":1080,"height":1080,"caption":"s60-adapter-2-fini-enski-2_1_orig"},{"@type":"BreadcrumbList","@id":"https:\/\/ibcparts.eu\/izdelek\/adapter-s60-na-2-fini-bsp-zenski-navoj\/#breadcrumb","itemListElement":[{"@type":"ListItem","position":1,"name":"Home","item":"https:\/\/ibcparts.eu\/"},{"@type":"ListItem","position":2,"name":"Nakupujte","item":"https:\/\/ibcparts.eu\/nakupujte\/"},{"@type":"ListItem","position":3,"name":"Adapter S60x2&#8243; F za IBC cisterno (fini BSP \u017eenski navoj)"}]},{"@type":"WebSite","@id":"https:\/\/ibcparts.eu\/#website","url":"https:\/\/ibcparts.eu\/","name":"IBCparts.eu","description":"","publisher":{"@id":"https:\/\/ibcparts.eu\/#organization"},"potentialAction":[{"@type":"SearchAction","target":{"@type":"EntryPoint","urlTemplate":"https:\/\/ibcparts.eu\/?s={search_term_string}"},"query-input":{"@type":"PropertyValueSpecification","valueRequired":true,"valueName":"search_term_string"}}],"inLanguage":"hu-HU"},{"@type":"Organization","@id":"https:\/\/ibcparts.eu\/#organization","name":"IBCparts","url":"https:\/\/ibcparts.eu\/","logo":{"@type":"ImageObject","inLanguage":"hu-HU","@id":"https:\/\/ibcparts.eu\/#\/schema\/logo\/image\/","url":"https:\/\/ibcparts.eu\/wp-content\/uploads\/2021\/10\/Footer-Logo.png","contentUrl":"https:\/\/ibcparts.eu\/wp-content\/uploads\/2021\/10\/Footer-Logo.png","width":1992,"height":772,"caption":"IBCparts"},"image":{"@id":"https:\/\/ibcparts.eu\/#\/schema\/logo\/image\/"}}]}},"_links":{"self":[{"href":"https:\/\/ibcparts.eu\/hu\/wp-json\/wp\/v2\/product\/7604","targetHints":{"allow":["GET"]}}],"collection":[{"href":"https:\/\/ibcparts.eu\/hu\/wp-json\/wp\/v2\/product"}],"about":[{"href":"https:\/\/ibcparts.eu\/hu\/wp-json\/wp\/v2\/types\/product"}],"version-history":[{"count":3,"href":"https:\/\/ibcparts.eu\/hu\/wp-json\/wp\/v2\/product\/7604\/revisions"}],"predecessor-version":[{"id":20171,"href":"https:\/\/ibcparts.eu\/hu\/wp-json\/wp\/v2\/product\/7604\/revisions\/20171"}],"wp:featuredmedia":[{"embeddable":true,"href":"https:\/\/ibcparts.eu\/hu\/wp-json\/wp\/v2\/media\/7605"}],"wp:attachment":[{"href":"https:\/\/ibcparts.eu\/hu\/wp-json\/wp\/v2\/media?parent=7604"}],"wp:term":[{"taxonomy":"product_brand","embeddable":true,"href":"https:\/\/ibcparts.eu\/hu\/wp-json\/wp\/v2\/product_brand?post=7604"},{"taxonomy":"product_cat","embeddable":true,"href":"https:\/\/ibcparts.eu\/hu\/wp-json\/wp\/v2\/product_cat?post=7604"},{"taxonomy":"product_tag","embeddable":true,"href":"https:\/\/ibcparts.eu\/hu\/wp-json\/wp\/v2\/product_tag?post=7604"}],"curies":[{"name":"wp","href":"https:\/\/api.w.org\/{rel}","templated":true}]}}