{"id":7601,"date":"2021-11-10T13:33:53","date_gmt":"2021-11-10T12:33:53","guid":{"rendered":"https:\/\/ibcparts.eu\/?post_type=product&#038;p=7601"},"modified":"2026-01-13T13:58:19","modified_gmt":"2026-01-13T12:58:19","slug":"2-adapter-z-zenskim-bsp-navojem-in-moskim-s60x6-standardni-ibc-navoj","status":"publish","type":"product","link":"https:\/\/ibcparts.eu\/hu\/termek\/2-colos-adapter-bsp-belso-menettel-es-s60x6-kulso-menettel-standard-ibc\/","title":{"rendered":"2\u2033 S60x6 M adapter IBC tart\u00e1lyhoz (60 mm bels\u0151 menet)"},"content":{"rendered":"<p>Term\u00e9kinform\u00e1ci\u00f3k:<br \/>\nProfesszion\u00e1lis, rendk\u00edv\u00fcl ellen\u00e1ll\u00f3 adapter.<\/p>\n<p>Menett\u00edpus: 2\u2033 BSP bels\u0151 menetes, S60x6 (60mm) k\u00fcls\u0151 menetes h\u00edmivarr\u00e1s - l\u00e1sd a k\u00e9pet.<\/p>\n<ul>\n<li>Anyag: m\u0171anyag<\/li>\n<li>Sz\u00edn: fekete<\/li>\n<li>T\u00f6m\u00edt\u00e9s: EPDM<\/li>\n<\/ul>\n<p>Azon az oldalon, ahol a menet finom, javasoljuk a teflon haszn\u00e1lat\u00e1t.<br \/>\n\u200b<br \/>\nA tart\u00e1lyszelep \u00e9s a reduktor k\u00f6z\u00f6tt NEM szabad teflont haszn\u00e1lni.<\/p>\n<p>Kiv\u00e1l\u00f3 t\u00f6m\u00edt\u00e9s \u00e9s nagy tart\u00f3ss\u00e1g!<\/p>","protected":false},"excerpt":{"rendered":"<h2 data-start=\"162\" data-end=\"236\">2\u2033 adapter bels\u0151 (anya) BSP menettel \u00e9s k\u00fcls\u0151 (h\u00edm) S60x6 menettel IBC tart\u00e1lyhoz<\/h2>\n<p data-start=\"238\" data-end=\"728\" class=\" translation-block\">Professzion\u00e1lis adapter IBC tart\u00e1lyokhoz, k\u00fcls\u0151 (h\u00edm) S60x6 menettel (60 mm), amely <strong>IBC tart\u00e1ly adapterk\u00e9nt vagy csatlakoz\u00f3k\u00e9nt<\/strong> haszn\u00e1lhat\u00f3 t\u00f6ml\u0151k, szelepek vagy m\u00e1s rendszerek csatlakoztat\u00e1s\u00e1hoz. A kimeneten bels\u0151 (anya) BSP menet tal\u00e1lhat\u00f3 2\u2033 m\u00e9retben. PP anyagb\u00f3l k\u00e9sz\u00fcl, \u00e9s 100% EPDM gumit\u00f6m\u00edt\u00e9ssel van ell\u00e1tva, amelyet optim\u00e1lis kem\u00e9nys\u00e9ggel fejlesztettek ki, \u00edgy <strong>megb\u00edzhat\u00f3 t\u00f6m\u00edt\u00e9st biztos\u00edt m\u00e9g nagyobb szelep-egyenetlens\u00e9gek eset\u00e9n is<\/strong>, valamint hossz\u00fa t\u00e1v\u00fa, sziv\u00e1rg\u00e1smentes haszn\u00e1latot garant\u00e1l.<\/p>\n<p>Professzion\u00e1lis, rendk\u00edv\u00fcl ellen\u00e1ll\u00f3 adapter.<\/p>\n<p data-start=\"730\" data-end=\"751\">M\u0171szaki jellemz\u0151k<\/p>\n<ul>\n<li data-start=\"754\" data-end=\"805\">Term\u00e9kt\u00edpus: adapter (csatlakoz\u00f3 IBC tart\u00e1lyhoz)<\/li>\n<li data-start=\"808\" data-end=\"875\" class=\" translation-block\">Menett\u00edpus a tart\u00e1lyon: <strong>2\u2033<\/strong> bels\u0151 (anya) BSP (ritk\u00e1bb szelepkivitel a tart\u00e1lyokon)<\/li>\n<li data-start=\"878\" data-end=\"923\">Tip navoja na izhodu: mo\u0161ki S60x6 (60 mm), standardni IBC navoj<\/li>\n<li data-start=\"956\" data-end=\"972\">Anyag: PP<\/li>\n<li data-start=\"975\" data-end=\"988\">Sz\u00edn: fekete<\/li>\n<li class=\" translation-block\"><strong>T\u00f6m\u00edt\u00e9s:<\/strong> <strong>100% EPDM gumi \u2013 kiz\u00e1r\u00f3lag n\u00e1lunk. A speci\u00e1lisan fejlesztett, optim\u00e1lis kem\u00e9nys\u00e9g\u0171 t\u00f6m\u00edt\u00e9s hat\u00e9konyan kiegyenl\u00edti m\u00e9g a nagyobb szelep-egyenetlens\u00e9geket is, \u00e9s hossz\u00fa t\u00e1von megb\u00edzhat\u00f3, sziv\u00e1rg\u00e1smentes t\u00f6m\u00edt\u00e9st biztos\u00edt.<\/strong><\/li>\n<\/ul>\n<p>Azon az oldalon, ahol a menet finom, javasoljuk a teflon haszn\u00e1lat\u00e1t.<br \/>\n\u200b<br \/>\nA tart\u00e1lyszelep \u00e9s a reduktor k\u00f6z\u00f6tt NEM szabad teflont haszn\u00e1lni.<\/p>\n<p>Kiv\u00e1l\u00f3 t\u00f6m\u00edt\u00e9s \u00e9s nagy tart\u00f3ss\u00e1g!<\/p>","protected":false},"featured_media":18058,"template":"","meta":[],"product_brand":[],"product_cat":[305,170],"product_tag":[],"class_list":{"0":"post-7601","1":"product","2":"type-product","3":"status-publish","4":"has-post-thumbnail","6":"product_cat-60-mm-2-fini-navoj","7":"product_cat-reducirji-in-prikljucki-za-ibc","9":"first","10":"instock","11":"shipping-taxable","12":"purchasable","13":"product-type-simple"},"yoast_head":"<!-- This site is optimized with the Yoast SEO plugin v27.1.1 - https:\/\/yoast.com\/product\/yoast-seo-wordpress\/ -->\n<title>2\u2033 adapter S60x6 M za IBC cisterno (\u017eenski 60mm)<\/title>\n<meta name=\"description\" content=\"2\u2033 adapter za IBC cisterno z mo\u0161kim navojem S60x6 in \u017eenskim BSP navojem. HDPE in EPDM tesnilo za zanesljivo tesnjenje brez pu\u0161\u010danja.\" \/>\n<meta name=\"robots\" content=\"index, follow, max-snippet:-1, max-image-preview:large, max-video-preview:-1\" \/>\n<link rel=\"canonical\" href=\"https:\/\/ibcparts.eu\/hu\/termek\/2-colos-adapter-bsp-belso-menettel-es-s60x6-kulso-menettel-standard-ibc\/\" \/>\n<meta property=\"og:locale\" content=\"hu_HU\" \/>\n<meta property=\"og:type\" content=\"article\" \/>\n<meta property=\"og:title\" content=\"2\u2033 adapter S60x6 M za IBC cisterno (\u017eenski 60mm)\" \/>\n<meta property=\"og:description\" content=\"2\u2033 adapter za IBC cisterno z mo\u0161kim navojem S60x6 in \u017eenskim BSP navojem. HDPE in EPDM tesnilo za zanesljivo tesnjenje brez pu\u0161\u010danja.\" \/>\n<meta property=\"og:url\" content=\"https:\/\/ibcparts.eu\/hu\/termek\/2-colos-adapter-bsp-belso-menettel-es-s60x6-kulso-menettel-standard-ibc\/\" \/>\n<meta property=\"og:site_name\" content=\"IBCparts.eu\" \/>\n<meta property=\"article:modified_time\" content=\"2026-01-13T12:58:19+00:00\" \/>\n<meta property=\"og:image\" content=\"https:\/\/ibcparts.eu\/wp-content\/uploads\/2021\/11\/Adapter-2-fini-BSP-zenski-na-S60-moski-navoj-2.png\" \/>\n\t<meta property=\"og:image:width\" content=\"500\" \/>\n\t<meta property=\"og:image:height\" content=\"500\" \/>\n\t<meta property=\"og:image:type\" content=\"image\/png\" \/>\n<meta name=\"twitter:card\" content=\"summary_large_image\" \/>\n<script type=\"application\/ld+json\" class=\"yoast-schema-graph\">{\"@context\":\"https:\/\/schema.org\",\"@graph\":[{\"@type\":\"WebPage\",\"@id\":\"https:\/\/ibcparts.eu\/izdelek\/2-adapter-z-zenskim-bsp-navojem-in-moskim-s60x6-standardni-ibc-navoj\/\",\"url\":\"https:\/\/ibcparts.eu\/izdelek\/2-adapter-z-zenskim-bsp-navojem-in-moskim-s60x6-standardni-ibc-navoj\/\",\"name\":\"2\u2033 adapter S60x6 M za IBC cisterno (\u017eenski 60mm)\",\"isPartOf\":{\"@id\":\"https:\/\/ibcparts.eu\/#website\"},\"primaryImageOfPage\":{\"@id\":\"https:\/\/ibcparts.eu\/izdelek\/2-adapter-z-zenskim-bsp-navojem-in-moskim-s60x6-standardni-ibc-navoj\/#primaryimage\"},\"image\":{\"@id\":\"https:\/\/ibcparts.eu\/izdelek\/2-adapter-z-zenskim-bsp-navojem-in-moskim-s60x6-standardni-ibc-navoj\/#primaryimage\"},\"thumbnailUrl\":\"https:\/\/ibcparts.eu\/wp-content\/uploads\/2021\/11\/Adapter-2-fini-BSP-zenski-na-S60-moski-navoj-2.png\",\"datePublished\":\"2021-11-10T12:33:53+00:00\",\"dateModified\":\"2026-01-13T12:58:19+00:00\",\"description\":\"2\u2033 adapter za IBC cisterno z mo\u0161kim navojem S60x6 in \u017eenskim BSP navojem. HDPE in EPDM tesnilo za zanesljivo tesnjenje brez pu\u0161\u010danja.\",\"breadcrumb\":{\"@id\":\"https:\/\/ibcparts.eu\/izdelek\/2-adapter-z-zenskim-bsp-navojem-in-moskim-s60x6-standardni-ibc-navoj\/#breadcrumb\"},\"inLanguage\":\"hu-HU\",\"potentialAction\":[{\"@type\":\"ReadAction\",\"target\":[\"https:\/\/ibcparts.eu\/izdelek\/2-adapter-z-zenskim-bsp-navojem-in-moskim-s60x6-standardni-ibc-navoj\/\"]}]},{\"@type\":\"ImageObject\",\"inLanguage\":\"hu-HU\",\"@id\":\"https:\/\/ibcparts.eu\/izdelek\/2-adapter-z-zenskim-bsp-navojem-in-moskim-s60x6-standardni-ibc-navoj\/#primaryimage\",\"url\":\"https:\/\/ibcparts.eu\/wp-content\/uploads\/2021\/11\/Adapter-2-fini-BSP-zenski-na-S60-moski-navoj-2.png\",\"contentUrl\":\"https:\/\/ibcparts.eu\/wp-content\/uploads\/2021\/11\/Adapter-2-fini-BSP-zenski-na-S60-moski-navoj-2.png\",\"width\":500,\"height\":500},{\"@type\":\"BreadcrumbList\",\"@id\":\"https:\/\/ibcparts.eu\/izdelek\/2-adapter-z-zenskim-bsp-navojem-in-moskim-s60x6-standardni-ibc-navoj\/#breadcrumb\",\"itemListElement\":[{\"@type\":\"ListItem\",\"position\":1,\"name\":\"Home\",\"item\":\"https:\/\/ibcparts.eu\/\"},{\"@type\":\"ListItem\",\"position\":2,\"name\":\"Nakupujte\",\"item\":\"https:\/\/ibcparts.eu\/nakupujte\/\"},{\"@type\":\"ListItem\",\"position\":3,\"name\":\"2\u2033 adapter S60x6 M za IBC cisterno (\u017eenski 60mm)\"}]},{\"@type\":\"WebSite\",\"@id\":\"https:\/\/ibcparts.eu\/#website\",\"url\":\"https:\/\/ibcparts.eu\/\",\"name\":\"IBCparts.eu\",\"description\":\"\",\"publisher\":{\"@id\":\"https:\/\/ibcparts.eu\/#organization\"},\"potentialAction\":[{\"@type\":\"SearchAction\",\"target\":{\"@type\":\"EntryPoint\",\"urlTemplate\":\"https:\/\/ibcparts.eu\/?s={search_term_string}\"},\"query-input\":{\"@type\":\"PropertyValueSpecification\",\"valueRequired\":true,\"valueName\":\"search_term_string\"}}],\"inLanguage\":\"hu-HU\"},{\"@type\":\"Organization\",\"@id\":\"https:\/\/ibcparts.eu\/#organization\",\"name\":\"IBCparts\",\"url\":\"https:\/\/ibcparts.eu\/\",\"logo\":{\"@type\":\"ImageObject\",\"inLanguage\":\"hu-HU\",\"@id\":\"https:\/\/ibcparts.eu\/#\/schema\/logo\/image\/\",\"url\":\"https:\/\/ibcparts.eu\/wp-content\/uploads\/2021\/10\/Footer-Logo.png\",\"contentUrl\":\"https:\/\/ibcparts.eu\/wp-content\/uploads\/2021\/10\/Footer-Logo.png\",\"width\":1992,\"height\":772,\"caption\":\"IBCparts\"},\"image\":{\"@id\":\"https:\/\/ibcparts.eu\/#\/schema\/logo\/image\/\"}}]}<\/script>\n<!-- \/ Yoast SEO plugin. -->","yoast_head_json":{"title":"2\u2033 S60x6 M adapter IBC tart\u00e1lyhoz (60 mm bels\u0151 menet)","description":"2\u2033 adapter za IBC cisterno z mo\u0161kim navojem S60x6 in \u017eenskim BSP navojem. HDPE in EPDM tesnilo za zanesljivo tesnjenje brez pu\u0161\u010danja.","robots":{"index":"index","follow":"follow","max-snippet":"max-snippet:-1","max-image-preview":"max-image-preview:large","max-video-preview":"max-video-preview:-1"},"canonical":"https:\/\/ibcparts.eu\/hu\/termek\/2-colos-adapter-bsp-belso-menettel-es-s60x6-kulso-menettel-standard-ibc\/","og_locale":"hu_HU","og_type":"article","og_title":"2\u2033 adapter S60x6 M za IBC cisterno (\u017eenski 60mm)","og_description":"2\u2033 adapter za IBC cisterno z mo\u0161kim navojem S60x6 in \u017eenskim BSP navojem. HDPE in EPDM tesnilo za zanesljivo tesnjenje brez pu\u0161\u010danja.","og_url":"https:\/\/ibcparts.eu\/hu\/termek\/2-colos-adapter-bsp-belso-menettel-es-s60x6-kulso-menettel-standard-ibc\/","og_site_name":"IBCparts.eu","article_modified_time":"2026-01-13T12:58:19+00:00","og_image":[{"width":500,"height":500,"url":"https:\/\/ibcparts.eu\/wp-content\/uploads\/2021\/11\/Adapter-2-fini-BSP-zenski-na-S60-moski-navoj-2.png","type":"image\/png"}],"twitter_card":"summary_large_image","schema":{"@context":"https:\/\/schema.org","@graph":[{"@type":"WebPage","@id":"https:\/\/ibcparts.eu\/izdelek\/2-adapter-z-zenskim-bsp-navojem-in-moskim-s60x6-standardni-ibc-navoj\/","url":"https:\/\/ibcparts.eu\/izdelek\/2-adapter-z-zenskim-bsp-navojem-in-moskim-s60x6-standardni-ibc-navoj\/","name":"2\u2033 S60x6 M adapter IBC tart\u00e1lyhoz (60 mm bels\u0151 menet)","isPartOf":{"@id":"https:\/\/ibcparts.eu\/#website"},"primaryImageOfPage":{"@id":"https:\/\/ibcparts.eu\/izdelek\/2-adapter-z-zenskim-bsp-navojem-in-moskim-s60x6-standardni-ibc-navoj\/#primaryimage"},"image":{"@id":"https:\/\/ibcparts.eu\/izdelek\/2-adapter-z-zenskim-bsp-navojem-in-moskim-s60x6-standardni-ibc-navoj\/#primaryimage"},"thumbnailUrl":"https:\/\/ibcparts.eu\/wp-content\/uploads\/2021\/11\/Adapter-2-fini-BSP-zenski-na-S60-moski-navoj-2.png","datePublished":"2021-11-10T12:33:53+00:00","dateModified":"2026-01-13T12:58:19+00:00","description":"2\u2033 adapter za IBC cisterno z mo\u0161kim navojem S60x6 in \u017eenskim BSP navojem. HDPE in EPDM tesnilo za zanesljivo tesnjenje brez pu\u0161\u010danja.","breadcrumb":{"@id":"https:\/\/ibcparts.eu\/izdelek\/2-adapter-z-zenskim-bsp-navojem-in-moskim-s60x6-standardni-ibc-navoj\/#breadcrumb"},"inLanguage":"hu-HU","potentialAction":[{"@type":"ReadAction","target":["https:\/\/ibcparts.eu\/izdelek\/2-adapter-z-zenskim-bsp-navojem-in-moskim-s60x6-standardni-ibc-navoj\/"]}]},{"@type":"ImageObject","inLanguage":"hu-HU","@id":"https:\/\/ibcparts.eu\/izdelek\/2-adapter-z-zenskim-bsp-navojem-in-moskim-s60x6-standardni-ibc-navoj\/#primaryimage","url":"https:\/\/ibcparts.eu\/wp-content\/uploads\/2021\/11\/Adapter-2-fini-BSP-zenski-na-S60-moski-navoj-2.png","contentUrl":"https:\/\/ibcparts.eu\/wp-content\/uploads\/2021\/11\/Adapter-2-fini-BSP-zenski-na-S60-moski-navoj-2.png","width":500,"height":500},{"@type":"BreadcrumbList","@id":"https:\/\/ibcparts.eu\/izdelek\/2-adapter-z-zenskim-bsp-navojem-in-moskim-s60x6-standardni-ibc-navoj\/#breadcrumb","itemListElement":[{"@type":"ListItem","position":1,"name":"Home","item":"https:\/\/ibcparts.eu\/"},{"@type":"ListItem","position":2,"name":"Nakupujte","item":"https:\/\/ibcparts.eu\/nakupujte\/"},{"@type":"ListItem","position":3,"name":"2\u2033 adapter S60x6 M za IBC cisterno (\u017eenski 60mm)"}]},{"@type":"WebSite","@id":"https:\/\/ibcparts.eu\/#website","url":"https:\/\/ibcparts.eu\/","name":"IBCparts.eu","description":"","publisher":{"@id":"https:\/\/ibcparts.eu\/#organization"},"potentialAction":[{"@type":"SearchAction","target":{"@type":"EntryPoint","urlTemplate":"https:\/\/ibcparts.eu\/?s={search_term_string}"},"query-input":{"@type":"PropertyValueSpecification","valueRequired":true,"valueName":"search_term_string"}}],"inLanguage":"hu-HU"},{"@type":"Organization","@id":"https:\/\/ibcparts.eu\/#organization","name":"IBCparts","url":"https:\/\/ibcparts.eu\/","logo":{"@type":"ImageObject","inLanguage":"hu-HU","@id":"https:\/\/ibcparts.eu\/#\/schema\/logo\/image\/","url":"https:\/\/ibcparts.eu\/wp-content\/uploads\/2021\/10\/Footer-Logo.png","contentUrl":"https:\/\/ibcparts.eu\/wp-content\/uploads\/2021\/10\/Footer-Logo.png","width":1992,"height":772,"caption":"IBCparts"},"image":{"@id":"https:\/\/ibcparts.eu\/#\/schema\/logo\/image\/"}}]}},"_links":{"self":[{"href":"https:\/\/ibcparts.eu\/hu\/wp-json\/wp\/v2\/product\/7601","targetHints":{"allow":["GET"]}}],"collection":[{"href":"https:\/\/ibcparts.eu\/hu\/wp-json\/wp\/v2\/product"}],"about":[{"href":"https:\/\/ibcparts.eu\/hu\/wp-json\/wp\/v2\/types\/product"}],"version-history":[{"count":4,"href":"https:\/\/ibcparts.eu\/hu\/wp-json\/wp\/v2\/product\/7601\/revisions"}],"predecessor-version":[{"id":20170,"href":"https:\/\/ibcparts.eu\/hu\/wp-json\/wp\/v2\/product\/7601\/revisions\/20170"}],"wp:featuredmedia":[{"embeddable":true,"href":"https:\/\/ibcparts.eu\/hu\/wp-json\/wp\/v2\/media\/18058"}],"wp:attachment":[{"href":"https:\/\/ibcparts.eu\/hu\/wp-json\/wp\/v2\/media?parent=7601"}],"wp:term":[{"taxonomy":"product_brand","embeddable":true,"href":"https:\/\/ibcparts.eu\/hu\/wp-json\/wp\/v2\/product_brand?post=7601"},{"taxonomy":"product_cat","embeddable":true,"href":"https:\/\/ibcparts.eu\/hu\/wp-json\/wp\/v2\/product_cat?post=7601"},{"taxonomy":"product_tag","embeddable":true,"href":"https:\/\/ibcparts.eu\/hu\/wp-json\/wp\/v2\/product_tag?post=7601"}],"curies":[{"name":"wp","href":"https:\/\/api.w.org\/{rel}","templated":true}]}}