{"id":7576,"date":"2021-11-09T16:30:51","date_gmt":"2021-11-09T15:30:51","guid":{"rendered":"https:\/\/ibcparts.eu\/?post_type=product&#038;p=7576"},"modified":"2026-01-13T13:58:02","modified_gmt":"2026-01-13T12:58:02","slug":"podaljsek-lite","status":"publish","type":"product","link":"https:\/\/ibcparts.eu\/hu\/termek\/lite-hosszabbitas-ibc-tartalyhoz\/","title":{"rendered":"S60 LITE hosszabb\u00edt\u00f3 IBC tart\u00e1lyhoz"},"content":{"rendered":"","protected":false},"excerpt":{"rendered":"<h2 data-start=\"151\" data-end=\"220\">S60x6 hosszabb\u00edt\u00f3 bels\u0151 \u00e9s k\u00fcls\u0151 menettel IBC tart\u00e1lyhoz<\/h2>\n<p data-start=\"222\" data-end=\"733\" class=\" translation-block\">Az S60 LITE hosszabb\u00edt\u00f3 kiv\u00e1l\u00f3 min\u0151s\u00e9g\u0171 hosszabb\u00edt\u00f3 IBC tart\u00e1lyokhoz, 55\u201362 mm-es szelepm\u00e9rettel \u00e9s S60x6 menettel. Az egyik oldalon bels\u0151 (anya) S60x6 menet tal\u00e1lhat\u00f3, a m\u00e1sik oldalon pedig k\u00fcls\u0151 (h\u00edm) S60x6 menet. <strong>IBC tart\u00e1ly adapterk\u00e9nt vagy csatlakoz\u00f3k\u00e9nt<\/strong> haszn\u00e1lhat\u00f3 a kifoly\u00f3 meghosszabb\u00edt\u00e1s\u00e1ra, vagy szelephelyettes\u00edt\u0151k\u00e9nt egy kieg\u00e9sz\u00edt\u0151 csapk\u00e9szlettel kombin\u00e1lva. HDPE anyagb\u00f3l k\u00e9sz\u00fcl, \u00e9s PP hab t\u00f6m\u00edt\u00e9ssel rendelkezik, amely <strong>megb\u00edzhat\u00f3 t\u00f6m\u00edt\u00e9st biztos\u00edt m\u00e9g kisebb szelep-egyenetlens\u00e9gek eset\u00e9n is<\/strong>.<\/p>\n<p data-start=\"735\" data-end=\"756\">M\u0171szaki jellemz\u0151k<\/p>\n<ul>\n<li data-start=\"759\" data-end=\"822\">Term\u00e9kt\u00edpus: hosszabb\u00edt\u00f3 (adapter \/ csatlakoz\u00f3 IBC tart\u00e1lyhoz)<\/li>\n<li data-start=\"825\" data-end=\"865\">Menett\u00edpus: bels\u0151 (anya) S60x6 \u2194 k\u00fcls\u0151 (h\u00edm) S60x6<\/li>\n<li data-start=\"868\" data-end=\"902\">Alkalmas szelepekhez: \u00d8 55\u201362 mm<\/li>\n<li data-start=\"905\" data-end=\"922\">Hossz: 110 mm<\/li>\n<li data-start=\"925\" data-end=\"941\">Anyag: HDPE<\/li>\n<li data-start=\"944\" data-end=\"957\">Sz\u00edn: feh\u00e9r<\/li>\n<li data-start=\"960\" data-end=\"980\">T\u00f6m\u00edt\u00e9s: hab (PP)<\/li>\n<\/ul>\n<p class=\" translation-block\">Tov\u00e1bbi inform\u00e1ci\u00f3k:<br>\nAz S60 LITE hosszabb\u00edt\u00f3 minden S60 csatlakoz\u00f3 felszerel\u00e9s\u00e9t lehet\u0151v\u00e9 teszi, kiv\u00e9ve a 2\u2033-os goly\u00f3scsapokat. A 2\u2033-os szelepek nyit\u00e1s\u00e1hoz \u00e9s z\u00e1r\u00e1s\u00e1hoz nagyobb er\u0151 sz\u00fcks\u00e9ges, ami id\u0151vel a hosszabb\u00edt\u00f3 s\u00e9r\u00fcl\u00e9s\u00e9hez vezethet.<\/p>\n<p><br data-start=\"1201\" data-end=\"1204\" \/>T\u00f6bb darab, nagyobb kedvezm\u00e9ny \u2013 a k\u00fcl\u00f6nb\u00f6z\u0151 term\u00e9kek \u00e9s vari\u00e1ci\u00f3k darabsz\u00e1ma \u00f6sszead\u00f3dik!<\/p>","protected":false},"featured_media":14720,"template":"","meta":[],"product_brand":[],"product_cat":[170,298],"product_tag":[393],"class_list":{"0":"post-7576","1":"product","2":"type-product","3":"status-publish","4":"has-post-thumbnail","6":"product_cat-reducirji-in-prikljucki-za-ibc","7":"product_cat-prikljucki-za-cisterno-z-navojem-s60x6","8":"product_tag-podaljsek-ventila-lite-za-ibc-cisterno","10":"first","11":"instock","12":"shipping-taxable","13":"purchasable","14":"product-type-simple"},"yoast_head":"<!-- This site is optimized with the Yoast SEO plugin v27.1.1 - https:\/\/yoast.com\/product\/yoast-seo-wordpress\/ -->\n<title>Podalj\u0161ek S60 LITE za IBC cisterno | IBCparts.eu<\/title>\n<meta name=\"description\" content=\"Podalj\u0161ek S60x6 za IBC cisterno z \u017eenskim in mo\u0161kim navojem, dol\u017eina 110 mm. Iz HDPE, s PP tesnilom za zanesljivo tesnjenje.\" \/>\n<meta name=\"robots\" content=\"index, follow, max-snippet:-1, max-image-preview:large, max-video-preview:-1\" \/>\n<link rel=\"canonical\" href=\"https:\/\/ibcparts.eu\/hu\/termek\/lite-hosszabbitas-ibc-tartalyhoz\/\" \/>\n<meta property=\"og:locale\" content=\"hu_HU\" \/>\n<meta property=\"og:type\" content=\"article\" \/>\n<meta property=\"og:title\" content=\"Podalj\u0161ek S60 LITE za IBC cisterno | IBCparts.eu\" \/>\n<meta property=\"og:description\" content=\"Podalj\u0161ek S60x6 za IBC cisterno z \u017eenskim in mo\u0161kim navojem, dol\u017eina 110 mm. Iz HDPE, s PP tesnilom za zanesljivo tesnjenje.\" \/>\n<meta property=\"og:url\" content=\"https:\/\/ibcparts.eu\/hu\/termek\/lite-hosszabbitas-ibc-tartalyhoz\/\" \/>\n<meta property=\"og:site_name\" content=\"IBCparts.eu\" \/>\n<meta property=\"article:modified_time\" content=\"2026-01-13T12:58:02+00:00\" \/>\n<meta property=\"og:image\" content=\"https:\/\/ibcparts.eu\/wp-content\/uploads\/2021\/11\/Podaljsek-S60x6-novi-za-IBC-cisterno.jpg\" \/>\n\t<meta property=\"og:image:width\" content=\"590\" \/>\n\t<meta property=\"og:image:height\" content=\"590\" \/>\n\t<meta property=\"og:image:type\" content=\"image\/jpeg\" \/>\n<meta name=\"twitter:card\" content=\"summary_large_image\" \/>\n<script type=\"application\/ld+json\" class=\"yoast-schema-graph\">{\"@context\":\"https:\/\/schema.org\",\"@graph\":[{\"@type\":\"WebPage\",\"@id\":\"https:\/\/ibcparts.eu\/izdelek\/podaljsek-lite\/\",\"url\":\"https:\/\/ibcparts.eu\/izdelek\/podaljsek-lite\/\",\"name\":\"Podalj\u0161ek S60 LITE za IBC cisterno | IBCparts.eu\",\"isPartOf\":{\"@id\":\"https:\/\/ibcparts.eu\/#website\"},\"primaryImageOfPage\":{\"@id\":\"https:\/\/ibcparts.eu\/izdelek\/podaljsek-lite\/#primaryimage\"},\"image\":{\"@id\":\"https:\/\/ibcparts.eu\/izdelek\/podaljsek-lite\/#primaryimage\"},\"thumbnailUrl\":\"https:\/\/ibcparts.eu\/wp-content\/uploads\/2021\/11\/Podaljsek-S60x6-novi-za-IBC-cisterno.jpg\",\"datePublished\":\"2021-11-09T15:30:51+00:00\",\"dateModified\":\"2026-01-13T12:58:02+00:00\",\"description\":\"Podalj\u0161ek S60x6 za IBC cisterno z \u017eenskim in mo\u0161kim navojem, dol\u017eina 110 mm. Iz HDPE, s PP tesnilom za zanesljivo tesnjenje.\",\"breadcrumb\":{\"@id\":\"https:\/\/ibcparts.eu\/izdelek\/podaljsek-lite\/#breadcrumb\"},\"inLanguage\":\"hu-HU\",\"potentialAction\":[{\"@type\":\"ReadAction\",\"target\":[\"https:\/\/ibcparts.eu\/izdelek\/podaljsek-lite\/\"]}]},{\"@type\":\"ImageObject\",\"inLanguage\":\"hu-HU\",\"@id\":\"https:\/\/ibcparts.eu\/izdelek\/podaljsek-lite\/#primaryimage\",\"url\":\"https:\/\/ibcparts.eu\/wp-content\/uploads\/2021\/11\/Podaljsek-S60x6-novi-za-IBC-cisterno.jpg\",\"contentUrl\":\"https:\/\/ibcparts.eu\/wp-content\/uploads\/2021\/11\/Podaljsek-S60x6-novi-za-IBC-cisterno.jpg\",\"width\":590,\"height\":590,\"caption\":\"Podalj\u0161ek ventila za IBC cisterno\"},{\"@type\":\"BreadcrumbList\",\"@id\":\"https:\/\/ibcparts.eu\/izdelek\/podaljsek-lite\/#breadcrumb\",\"itemListElement\":[{\"@type\":\"ListItem\",\"position\":1,\"name\":\"Home\",\"item\":\"https:\/\/ibcparts.eu\/\"},{\"@type\":\"ListItem\",\"position\":2,\"name\":\"Nakupujte\",\"item\":\"https:\/\/ibcparts.eu\/nakupujte\/\"},{\"@type\":\"ListItem\",\"position\":3,\"name\":\"Podalj\u0161ek S60 LITE za IBC cisterno\"}]},{\"@type\":\"WebSite\",\"@id\":\"https:\/\/ibcparts.eu\/#website\",\"url\":\"https:\/\/ibcparts.eu\/\",\"name\":\"IBCparts.eu\",\"description\":\"\",\"publisher\":{\"@id\":\"https:\/\/ibcparts.eu\/#organization\"},\"potentialAction\":[{\"@type\":\"SearchAction\",\"target\":{\"@type\":\"EntryPoint\",\"urlTemplate\":\"https:\/\/ibcparts.eu\/?s={search_term_string}\"},\"query-input\":{\"@type\":\"PropertyValueSpecification\",\"valueRequired\":true,\"valueName\":\"search_term_string\"}}],\"inLanguage\":\"hu-HU\"},{\"@type\":\"Organization\",\"@id\":\"https:\/\/ibcparts.eu\/#organization\",\"name\":\"IBCparts\",\"url\":\"https:\/\/ibcparts.eu\/\",\"logo\":{\"@type\":\"ImageObject\",\"inLanguage\":\"hu-HU\",\"@id\":\"https:\/\/ibcparts.eu\/#\/schema\/logo\/image\/\",\"url\":\"https:\/\/ibcparts.eu\/wp-content\/uploads\/2021\/10\/Footer-Logo.png\",\"contentUrl\":\"https:\/\/ibcparts.eu\/wp-content\/uploads\/2021\/10\/Footer-Logo.png\",\"width\":1992,\"height\":772,\"caption\":\"IBCparts\"},\"image\":{\"@id\":\"https:\/\/ibcparts.eu\/#\/schema\/logo\/image\/\"}}]}<\/script>\n<!-- \/ Yoast SEO plugin. -->","yoast_head_json":{"title":"Podalj\u0161ek S60 LITE za IBC cisterno | IBCparts.eu","description":"Podalj\u0161ek S60x6 za IBC cisterno z \u017eenskim in mo\u0161kim navojem, dol\u017eina 110 mm. Iz HDPE, s PP tesnilom za zanesljivo tesnjenje.","robots":{"index":"index","follow":"follow","max-snippet":"max-snippet:-1","max-image-preview":"max-image-preview:large","max-video-preview":"max-video-preview:-1"},"canonical":"https:\/\/ibcparts.eu\/hu\/termek\/lite-hosszabbitas-ibc-tartalyhoz\/","og_locale":"hu_HU","og_type":"article","og_title":"Podalj\u0161ek S60 LITE za IBC cisterno | IBCparts.eu","og_description":"Podalj\u0161ek S60x6 za IBC cisterno z \u017eenskim in mo\u0161kim navojem, dol\u017eina 110 mm. Iz HDPE, s PP tesnilom za zanesljivo tesnjenje.","og_url":"https:\/\/ibcparts.eu\/hu\/termek\/lite-hosszabbitas-ibc-tartalyhoz\/","og_site_name":"IBCparts.eu","article_modified_time":"2026-01-13T12:58:02+00:00","og_image":[{"width":590,"height":590,"url":"https:\/\/ibcparts.eu\/wp-content\/uploads\/2021\/11\/Podaljsek-S60x6-novi-za-IBC-cisterno.jpg","type":"image\/jpeg"}],"twitter_card":"summary_large_image","schema":{"@context":"https:\/\/schema.org","@graph":[{"@type":"WebPage","@id":"https:\/\/ibcparts.eu\/izdelek\/podaljsek-lite\/","url":"https:\/\/ibcparts.eu\/izdelek\/podaljsek-lite\/","name":"Podalj\u0161ek S60 LITE za IBC cisterno | IBCparts.eu","isPartOf":{"@id":"https:\/\/ibcparts.eu\/#website"},"primaryImageOfPage":{"@id":"https:\/\/ibcparts.eu\/izdelek\/podaljsek-lite\/#primaryimage"},"image":{"@id":"https:\/\/ibcparts.eu\/izdelek\/podaljsek-lite\/#primaryimage"},"thumbnailUrl":"https:\/\/ibcparts.eu\/wp-content\/uploads\/2021\/11\/Podaljsek-S60x6-novi-za-IBC-cisterno.jpg","datePublished":"2021-11-09T15:30:51+00:00","dateModified":"2026-01-13T12:58:02+00:00","description":"Podalj\u0161ek S60x6 za IBC cisterno z \u017eenskim in mo\u0161kim navojem, dol\u017eina 110 mm. Iz HDPE, s PP tesnilom za zanesljivo tesnjenje.","breadcrumb":{"@id":"https:\/\/ibcparts.eu\/izdelek\/podaljsek-lite\/#breadcrumb"},"inLanguage":"hu-HU","potentialAction":[{"@type":"ReadAction","target":["https:\/\/ibcparts.eu\/izdelek\/podaljsek-lite\/"]}]},{"@type":"ImageObject","inLanguage":"hu-HU","@id":"https:\/\/ibcparts.eu\/izdelek\/podaljsek-lite\/#primaryimage","url":"https:\/\/ibcparts.eu\/wp-content\/uploads\/2021\/11\/Podaljsek-S60x6-novi-za-IBC-cisterno.jpg","contentUrl":"https:\/\/ibcparts.eu\/wp-content\/uploads\/2021\/11\/Podaljsek-S60x6-novi-za-IBC-cisterno.jpg","width":590,"height":590,"caption":"Podalj\u0161ek ventila za IBC cisterno"},{"@type":"BreadcrumbList","@id":"https:\/\/ibcparts.eu\/izdelek\/podaljsek-lite\/#breadcrumb","itemListElement":[{"@type":"ListItem","position":1,"name":"Home","item":"https:\/\/ibcparts.eu\/"},{"@type":"ListItem","position":2,"name":"Nakupujte","item":"https:\/\/ibcparts.eu\/nakupujte\/"},{"@type":"ListItem","position":3,"name":"Podalj\u0161ek S60 LITE za IBC cisterno"}]},{"@type":"WebSite","@id":"https:\/\/ibcparts.eu\/#website","url":"https:\/\/ibcparts.eu\/","name":"IBCparts.eu","description":"","publisher":{"@id":"https:\/\/ibcparts.eu\/#organization"},"potentialAction":[{"@type":"SearchAction","target":{"@type":"EntryPoint","urlTemplate":"https:\/\/ibcparts.eu\/?s={search_term_string}"},"query-input":{"@type":"PropertyValueSpecification","valueRequired":true,"valueName":"search_term_string"}}],"inLanguage":"hu-HU"},{"@type":"Organization","@id":"https:\/\/ibcparts.eu\/#organization","name":"IBCparts","url":"https:\/\/ibcparts.eu\/","logo":{"@type":"ImageObject","inLanguage":"hu-HU","@id":"https:\/\/ibcparts.eu\/#\/schema\/logo\/image\/","url":"https:\/\/ibcparts.eu\/wp-content\/uploads\/2021\/10\/Footer-Logo.png","contentUrl":"https:\/\/ibcparts.eu\/wp-content\/uploads\/2021\/10\/Footer-Logo.png","width":1992,"height":772,"caption":"IBCparts"},"image":{"@id":"https:\/\/ibcparts.eu\/#\/schema\/logo\/image\/"}}]}},"_links":{"self":[{"href":"https:\/\/ibcparts.eu\/hu\/wp-json\/wp\/v2\/product\/7576","targetHints":{"allow":["GET"]}}],"collection":[{"href":"https:\/\/ibcparts.eu\/hu\/wp-json\/wp\/v2\/product"}],"about":[{"href":"https:\/\/ibcparts.eu\/hu\/wp-json\/wp\/v2\/types\/product"}],"version-history":[{"count":3,"href":"https:\/\/ibcparts.eu\/hu\/wp-json\/wp\/v2\/product\/7576\/revisions"}],"predecessor-version":[{"id":20169,"href":"https:\/\/ibcparts.eu\/hu\/wp-json\/wp\/v2\/product\/7576\/revisions\/20169"}],"wp:featuredmedia":[{"embeddable":true,"href":"https:\/\/ibcparts.eu\/hu\/wp-json\/wp\/v2\/media\/14720"}],"wp:attachment":[{"href":"https:\/\/ibcparts.eu\/hu\/wp-json\/wp\/v2\/media?parent=7576"}],"wp:term":[{"taxonomy":"product_brand","embeddable":true,"href":"https:\/\/ibcparts.eu\/hu\/wp-json\/wp\/v2\/product_brand?post=7576"},{"taxonomy":"product_cat","embeddable":true,"href":"https:\/\/ibcparts.eu\/hu\/wp-json\/wp\/v2\/product_cat?post=7576"},{"taxonomy":"product_tag","embeddable":true,"href":"https:\/\/ibcparts.eu\/hu\/wp-json\/wp\/v2\/product_tag?post=7576"}],"curies":[{"name":"wp","href":"https:\/\/api.w.org\/{rel}","templated":true}]}}