{"id":7564,"date":"2021-11-09T16:16:24","date_gmt":"2021-11-09T15:16:24","guid":{"rendered":"https:\/\/ibcparts.eu\/?post_type=product&#038;p=7564"},"modified":"2026-01-13T13:57:46","modified_gmt":"2026-01-13T12:57:46","slug":"pokrovcek-ventila-ibc-cisterne-s100","status":"publish","type":"product","link":"https:\/\/ibcparts.eu\/hu\/termek\/s100-ibc-szelepzaro-kupak\/","title":{"rendered":"S100 szelepsapka IBC tart\u00e1lyhoz"},"content":{"rendered":"","protected":false},"excerpt":{"rendered":"<h2 data-start=\"152\" data-end=\"202\">S100x8 szelepsapka IBC tart\u00e1lyhoz<\/h2>\n<p data-start=\"204\" data-end=\"555\" class=\" translation-block\">Az S100 szelepsapka IBC tart\u00e1lyok S100x8 menettel rendelkez\u0151, k\u00f6r\u00fclbel\u00fcl 90\u2013100 mm \u00e1tm\u00e9r\u0151j\u0171 szelepeinek lez\u00e1r\u00e1s\u00e1ra \u00e9s v\u00e9delm\u00e9re szolg\u00e1l. Massz\u00edv PP anyagb\u00f3l k\u00e9sz\u00fcl, bels\u0151 PE hab t\u00f6m\u00edt\u00e9ssel van ell\u00e1tva, amely <strong>megb\u00edzhat\u00f3 t\u00f6m\u00edt\u00e9st biztos\u00edt m\u00e9g kisebb szelep-egyenetlens\u00e9gek eset\u00e9n is<\/strong>, valamint hossz\u00fa \u00e9lettartamot garant\u00e1l.<\/p>\n<p>S100 szeleppel ell\u00e1tott tart\u00e1lyokhoz (90-100mm fi).<\/p>\n<p data-start=\"557\" data-end=\"578\">M\u0171szaki jellemz\u0151k<\/p>\n<ul>\n<li data-start=\"581\" data-end=\"613\">Term\u00e9kt\u00edpus: szelepsapka<\/li>\n<li data-start=\"616\" data-end=\"636\">Menett\u00edpus: S100x8<\/li>\n<li data-start=\"639\" data-end=\"674\">Szelepekhez alkalmas: 90\u2013100 mm \u00e1tm\u00e9r\u0151<\/li>\n<li data-start=\"677\" data-end=\"691\">Anyag: PP<\/li>\n<li data-start=\"694\" data-end=\"712\">Izvedba: masiven<\/li>\n<li data-start=\"715\" data-end=\"728\">Sz\u00edn: fekete<\/li>\n<li data-start=\"731\" data-end=\"768\">T\u00f6m\u00edt\u00e9s: bels\u0151 oldalon PE hab<\/li>\n<\/ul>\n<p>Kiv\u00e1l\u00f3 t\u00f6m\u00edt\u00e9s \u00e9s nagy tart\u00f3ss\u00e1g!<\/p>\n<p class=\" translation-block\"><em>Ha t\u00f6bb k\u00fcl\u00f6nb\u00f6z\u0151 term\u00e9ket v\u00e1laszt, amelyekhez ez a t\u00e1bl\u00e1zat tartozik, vagy k\u00fcl\u00f6nb\u00f6z\u0151 term\u00e9kv\u00e1ltozatokat, a rendszer az \u00f6sszes\u00edtett mennyis\u00e9get veszi figyelembe.<\/em><em> P\u00e9ld\u00e1ul: 5 darab az egyik term\u00e9kb\u0151l + 6 darab egy m\u00e1sikb\u00f3l = mennyis\u00e9gi kedvezm\u00e9ny 11 darabra.<\/em><\/p>","protected":false},"featured_media":16376,"template":"","meta":[],"product_brand":[],"product_cat":[170,303],"product_tag":[503],"class_list":{"0":"post-7564","1":"product","2":"type-product","3":"status-publish","4":"has-post-thumbnail","6":"product_cat-reducirji-in-prikljucki-za-ibc","7":"product_cat-s100x8","8":"product_tag-s100x8","10":"first","11":"instock","12":"shipping-taxable","13":"purchasable","14":"product-type-simple"},"yoast_head":"<!-- This site is optimized with the Yoast SEO plugin v27.1.1 - https:\/\/yoast.com\/product\/yoast-seo-wordpress\/ -->\n<title>Pokrov\u010dek ventila S100 za IBC cisterno | IBCparts.eu<\/title>\n<meta name=\"description\" content=\"Pokrov\u010dek ventila S100x8 za IBC cisterno z ventilom fi 90\u2013100 mm. Masivna PP izvedba s tesnilom iz PE pene za zanesljivo tesnjenje.\" \/>\n<meta name=\"robots\" content=\"index, follow, max-snippet:-1, max-image-preview:large, max-video-preview:-1\" \/>\n<link rel=\"canonical\" href=\"https:\/\/ibcparts.eu\/hu\/termek\/s100-ibc-szelepzaro-kupak\/\" \/>\n<meta property=\"og:locale\" content=\"hu_HU\" \/>\n<meta property=\"og:type\" content=\"article\" \/>\n<meta property=\"og:title\" content=\"Pokrov\u010dek ventila S100 za IBC cisterno | IBCparts.eu\" \/>\n<meta property=\"og:description\" content=\"Pokrov\u010dek ventila S100x8 za IBC cisterno z ventilom fi 90\u2013100 mm. Masivna PP izvedba s tesnilom iz PE pene za zanesljivo tesnjenje.\" \/>\n<meta property=\"og:url\" content=\"https:\/\/ibcparts.eu\/hu\/termek\/s100-ibc-szelepzaro-kupak\/\" \/>\n<meta property=\"og:site_name\" content=\"IBCparts.eu\" \/>\n<meta property=\"article:modified_time\" content=\"2026-01-13T12:57:46+00:00\" \/>\n<meta property=\"og:image\" content=\"https:\/\/ibcparts.eu\/wp-content\/uploads\/2021\/11\/S100-cap.png\" \/>\n\t<meta property=\"og:image:width\" content=\"500\" \/>\n\t<meta property=\"og:image:height\" content=\"500\" \/>\n\t<meta property=\"og:image:type\" content=\"image\/png\" \/>\n<meta name=\"twitter:card\" content=\"summary_large_image\" \/>\n<script type=\"application\/ld+json\" class=\"yoast-schema-graph\">{\"@context\":\"https:\/\/schema.org\",\"@graph\":[{\"@type\":\"WebPage\",\"@id\":\"https:\/\/ibcparts.eu\/izdelek\/pokrovcek-ventila-ibc-cisterne-s100\/\",\"url\":\"https:\/\/ibcparts.eu\/izdelek\/pokrovcek-ventila-ibc-cisterne-s100\/\",\"name\":\"Pokrov\u010dek ventila S100 za IBC cisterno | IBCparts.eu\",\"isPartOf\":{\"@id\":\"https:\/\/ibcparts.eu\/#website\"},\"primaryImageOfPage\":{\"@id\":\"https:\/\/ibcparts.eu\/izdelek\/pokrovcek-ventila-ibc-cisterne-s100\/#primaryimage\"},\"image\":{\"@id\":\"https:\/\/ibcparts.eu\/izdelek\/pokrovcek-ventila-ibc-cisterne-s100\/#primaryimage\"},\"thumbnailUrl\":\"https:\/\/ibcparts.eu\/wp-content\/uploads\/2021\/11\/S100-cap.png\",\"datePublished\":\"2021-11-09T15:16:24+00:00\",\"dateModified\":\"2026-01-13T12:57:46+00:00\",\"description\":\"Pokrov\u010dek ventila S100x8 za IBC cisterno z ventilom fi 90\u2013100 mm. Masivna PP izvedba s tesnilom iz PE pene za zanesljivo tesnjenje.\",\"breadcrumb\":{\"@id\":\"https:\/\/ibcparts.eu\/izdelek\/pokrovcek-ventila-ibc-cisterne-s100\/#breadcrumb\"},\"inLanguage\":\"hu-HU\",\"potentialAction\":[{\"@type\":\"ReadAction\",\"target\":[\"https:\/\/ibcparts.eu\/izdelek\/pokrovcek-ventila-ibc-cisterne-s100\/\"]}]},{\"@type\":\"ImageObject\",\"inLanguage\":\"hu-HU\",\"@id\":\"https:\/\/ibcparts.eu\/izdelek\/pokrovcek-ventila-ibc-cisterne-s100\/#primaryimage\",\"url\":\"https:\/\/ibcparts.eu\/wp-content\/uploads\/2021\/11\/S100-cap.png\",\"contentUrl\":\"https:\/\/ibcparts.eu\/wp-content\/uploads\/2021\/11\/S100-cap.png\",\"width\":500,\"height\":500},{\"@type\":\"BreadcrumbList\",\"@id\":\"https:\/\/ibcparts.eu\/izdelek\/pokrovcek-ventila-ibc-cisterne-s100\/#breadcrumb\",\"itemListElement\":[{\"@type\":\"ListItem\",\"position\":1,\"name\":\"Home\",\"item\":\"https:\/\/ibcparts.eu\/\"},{\"@type\":\"ListItem\",\"position\":2,\"name\":\"Nakupujte\",\"item\":\"https:\/\/ibcparts.eu\/nakupujte\/\"},{\"@type\":\"ListItem\",\"position\":3,\"name\":\"Pokrov\u010dek ventila S100 za IBC cisterno\"}]},{\"@type\":\"WebSite\",\"@id\":\"https:\/\/ibcparts.eu\/#website\",\"url\":\"https:\/\/ibcparts.eu\/\",\"name\":\"IBCparts.eu\",\"description\":\"\",\"publisher\":{\"@id\":\"https:\/\/ibcparts.eu\/#organization\"},\"potentialAction\":[{\"@type\":\"SearchAction\",\"target\":{\"@type\":\"EntryPoint\",\"urlTemplate\":\"https:\/\/ibcparts.eu\/?s={search_term_string}\"},\"query-input\":{\"@type\":\"PropertyValueSpecification\",\"valueRequired\":true,\"valueName\":\"search_term_string\"}}],\"inLanguage\":\"hu-HU\"},{\"@type\":\"Organization\",\"@id\":\"https:\/\/ibcparts.eu\/#organization\",\"name\":\"IBCparts\",\"url\":\"https:\/\/ibcparts.eu\/\",\"logo\":{\"@type\":\"ImageObject\",\"inLanguage\":\"hu-HU\",\"@id\":\"https:\/\/ibcparts.eu\/#\/schema\/logo\/image\/\",\"url\":\"https:\/\/ibcparts.eu\/wp-content\/uploads\/2021\/10\/Footer-Logo.png\",\"contentUrl\":\"https:\/\/ibcparts.eu\/wp-content\/uploads\/2021\/10\/Footer-Logo.png\",\"width\":1992,\"height\":772,\"caption\":\"IBCparts\"},\"image\":{\"@id\":\"https:\/\/ibcparts.eu\/#\/schema\/logo\/image\/\"}}]}<\/script>\n<!-- \/ Yoast SEO plugin. -->","yoast_head_json":{"title":"Pokrov\u010dek ventila S100 za IBC cisterno | IBCparts.eu","description":"Pokrov\u010dek ventila S100x8 za IBC cisterno z ventilom fi 90\u2013100 mm. Masivna PP izvedba s tesnilom iz PE pene za zanesljivo tesnjenje.","robots":{"index":"index","follow":"follow","max-snippet":"max-snippet:-1","max-image-preview":"max-image-preview:large","max-video-preview":"max-video-preview:-1"},"canonical":"https:\/\/ibcparts.eu\/hu\/termek\/s100-ibc-szelepzaro-kupak\/","og_locale":"hu_HU","og_type":"article","og_title":"Pokrov\u010dek ventila S100 za IBC cisterno | IBCparts.eu","og_description":"Pokrov\u010dek ventila S100x8 za IBC cisterno z ventilom fi 90\u2013100 mm. Masivna PP izvedba s tesnilom iz PE pene za zanesljivo tesnjenje.","og_url":"https:\/\/ibcparts.eu\/hu\/termek\/s100-ibc-szelepzaro-kupak\/","og_site_name":"IBCparts.eu","article_modified_time":"2026-01-13T12:57:46+00:00","og_image":[{"width":500,"height":500,"url":"https:\/\/ibcparts.eu\/wp-content\/uploads\/2021\/11\/S100-cap.png","type":"image\/png"}],"twitter_card":"summary_large_image","schema":{"@context":"https:\/\/schema.org","@graph":[{"@type":"WebPage","@id":"https:\/\/ibcparts.eu\/izdelek\/pokrovcek-ventila-ibc-cisterne-s100\/","url":"https:\/\/ibcparts.eu\/izdelek\/pokrovcek-ventila-ibc-cisterne-s100\/","name":"Pokrov\u010dek ventila S100 za IBC cisterno | IBCparts.eu","isPartOf":{"@id":"https:\/\/ibcparts.eu\/#website"},"primaryImageOfPage":{"@id":"https:\/\/ibcparts.eu\/izdelek\/pokrovcek-ventila-ibc-cisterne-s100\/#primaryimage"},"image":{"@id":"https:\/\/ibcparts.eu\/izdelek\/pokrovcek-ventila-ibc-cisterne-s100\/#primaryimage"},"thumbnailUrl":"https:\/\/ibcparts.eu\/wp-content\/uploads\/2021\/11\/S100-cap.png","datePublished":"2021-11-09T15:16:24+00:00","dateModified":"2026-01-13T12:57:46+00:00","description":"Pokrov\u010dek ventila S100x8 za IBC cisterno z ventilom fi 90\u2013100 mm. Masivna PP izvedba s tesnilom iz PE pene za zanesljivo tesnjenje.","breadcrumb":{"@id":"https:\/\/ibcparts.eu\/izdelek\/pokrovcek-ventila-ibc-cisterne-s100\/#breadcrumb"},"inLanguage":"hu-HU","potentialAction":[{"@type":"ReadAction","target":["https:\/\/ibcparts.eu\/izdelek\/pokrovcek-ventila-ibc-cisterne-s100\/"]}]},{"@type":"ImageObject","inLanguage":"hu-HU","@id":"https:\/\/ibcparts.eu\/izdelek\/pokrovcek-ventila-ibc-cisterne-s100\/#primaryimage","url":"https:\/\/ibcparts.eu\/wp-content\/uploads\/2021\/11\/S100-cap.png","contentUrl":"https:\/\/ibcparts.eu\/wp-content\/uploads\/2021\/11\/S100-cap.png","width":500,"height":500},{"@type":"BreadcrumbList","@id":"https:\/\/ibcparts.eu\/izdelek\/pokrovcek-ventila-ibc-cisterne-s100\/#breadcrumb","itemListElement":[{"@type":"ListItem","position":1,"name":"Home","item":"https:\/\/ibcparts.eu\/"},{"@type":"ListItem","position":2,"name":"Nakupujte","item":"https:\/\/ibcparts.eu\/nakupujte\/"},{"@type":"ListItem","position":3,"name":"Pokrov\u010dek ventila S100 za IBC cisterno"}]},{"@type":"WebSite","@id":"https:\/\/ibcparts.eu\/#website","url":"https:\/\/ibcparts.eu\/","name":"IBCparts.eu","description":"","publisher":{"@id":"https:\/\/ibcparts.eu\/#organization"},"potentialAction":[{"@type":"SearchAction","target":{"@type":"EntryPoint","urlTemplate":"https:\/\/ibcparts.eu\/?s={search_term_string}"},"query-input":{"@type":"PropertyValueSpecification","valueRequired":true,"valueName":"search_term_string"}}],"inLanguage":"hu-HU"},{"@type":"Organization","@id":"https:\/\/ibcparts.eu\/#organization","name":"IBCparts","url":"https:\/\/ibcparts.eu\/","logo":{"@type":"ImageObject","inLanguage":"hu-HU","@id":"https:\/\/ibcparts.eu\/#\/schema\/logo\/image\/","url":"https:\/\/ibcparts.eu\/wp-content\/uploads\/2021\/10\/Footer-Logo.png","contentUrl":"https:\/\/ibcparts.eu\/wp-content\/uploads\/2021\/10\/Footer-Logo.png","width":1992,"height":772,"caption":"IBCparts"},"image":{"@id":"https:\/\/ibcparts.eu\/#\/schema\/logo\/image\/"}}]}},"_links":{"self":[{"href":"https:\/\/ibcparts.eu\/hu\/wp-json\/wp\/v2\/product\/7564","targetHints":{"allow":["GET"]}}],"collection":[{"href":"https:\/\/ibcparts.eu\/hu\/wp-json\/wp\/v2\/product"}],"about":[{"href":"https:\/\/ibcparts.eu\/hu\/wp-json\/wp\/v2\/types\/product"}],"version-history":[{"count":4,"href":"https:\/\/ibcparts.eu\/hu\/wp-json\/wp\/v2\/product\/7564\/revisions"}],"predecessor-version":[{"id":20168,"href":"https:\/\/ibcparts.eu\/hu\/wp-json\/wp\/v2\/product\/7564\/revisions\/20168"}],"wp:featuredmedia":[{"embeddable":true,"href":"https:\/\/ibcparts.eu\/hu\/wp-json\/wp\/v2\/media\/16376"}],"wp:attachment":[{"href":"https:\/\/ibcparts.eu\/hu\/wp-json\/wp\/v2\/media?parent=7564"}],"wp:term":[{"taxonomy":"product_brand","embeddable":true,"href":"https:\/\/ibcparts.eu\/hu\/wp-json\/wp\/v2\/product_brand?post=7564"},{"taxonomy":"product_cat","embeddable":true,"href":"https:\/\/ibcparts.eu\/hu\/wp-json\/wp\/v2\/product_cat?post=7564"},{"taxonomy":"product_tag","embeddable":true,"href":"https:\/\/ibcparts.eu\/hu\/wp-json\/wp\/v2\/product_tag?post=7564"}],"curies":[{"name":"wp","href":"https:\/\/api.w.org\/{rel}","templated":true}]}}