{"id":7458,"date":"2021-11-09T10:18:49","date_gmt":"2021-11-09T09:18:49","guid":{"rendered":"https:\/\/ibcparts.eu\/?post_type=product&#038;p=7458"},"modified":"2026-01-13T14:02:34","modified_gmt":"2026-01-13T13:02:34","slug":"reducir-ava-s-klik-nastavkom","status":"publish","type":"product","link":"https:\/\/ibcparts.eu\/hu\/termek\/reducir-ava-s-klik-nastavkom\/","title":{"rendered":"AVA \u201eKLIK\u201d reduktor IBC tart\u00e1lyhoz, s\u00e1rgar\u00e9z kerti t\u00f6ml\u0151csatlakoz\u00f3val"},"content":{"rendered":"","protected":false},"excerpt":{"rendered":"<h2 data-start=\"183\" data-end=\"265\">AVA KLIK reduktor s\u00e1rgar\u00e9z kerti t\u00f6ml\u0151csatlakoz\u00f3val IBC tart\u00e1lyhoz<\/h2>\n<p data-start=\"267\" data-end=\"853\" class=\" translation-block\">Az AVA KLIK reduktor egy nagyon er\u0151s reduktor 55\u201362 mm \u00e1tm\u00e9r\u0151j\u0171 szeleppel \u00e9s S60x6 (DN50) durva menettel rendelkez\u0151 IBC tart\u00e1lyokhoz. <strong>IBC tart\u00e1ly adapterk\u00e9nt vagy csatlakoz\u00f3k\u00e9nt<\/strong> haszn\u00e1lhat\u00f3 kerti t\u00f6ml\u0151 gyors \u00e9s egyszer\u0171 csatlakoztat\u00e1s\u00e1hoz s\u00e1rgar\u00e9z \u201eklik\u201d rendszeren kereszt\u00fcl. PP anyagb\u00f3l k\u00e9sz\u00fclt, \u00e9s 100% EPDM gumit\u00f6m\u00edt\u00e9ssel van ell\u00e1tva, amelyet optim\u00e1lis kem\u00e9nys\u00e9ggel fejlesztettek ki, \u00e9s <strong>megb\u00edzhat\u00f3 t\u00f6m\u00edt\u00e9st biztos\u00edt m\u00e9g nagyobb szelep-egyenetlens\u00e9gek eset\u00e9n is<\/strong>. Az AVA reduktorok egy elismert gy\u00e1rt\u00f3 eredeti term\u00e9kei, \u00e9s k\u00f6lts\u00e9ghat\u00e9kony, megb\u00edzhat\u00f3 megold\u00e1st jelentenek a kerti \u00f6nt\u00f6z\u00e9shez.<\/p>\n<p data-start=\"855\" data-end=\"880\"><strong data-start=\"855\" data-end=\"878\">M\u0171szaki jellemz\u0151k<\/strong><\/p>\n<ul>\n<li data-start=\"883\" data-end=\"944\">Term\u00e9kt\u00edpus: sz\u0171k\u00edt\u0151 (adapter \/ csatlakoz\u00f3 IBC tart\u00e1lyhoz)<\/li>\n<li data-start=\"947\" data-end=\"998\">A tart\u00e1ly menett\u00edpusa: S60x6 (DN50), durva menet<\/li>\n<li data-start=\"1038\" data-end=\"1082\">Csatlakoz\u00e1s: \u201eklik\u201d csatlakoz\u00f3 kerti t\u00f6ml\u0151h\u00f6z<\/li>\n<li data-start=\"1085\" data-end=\"1116\">Csatlakoz\u00f3 anyaga: s\u00e1rgar\u00e9z<\/li>\n<li data-start=\"1119\" data-end=\"1142\">A reduktor anyaga: PP<\/li>\n<li data-start=\"1145\" data-end=\"1158\">Sz\u00edn: fekete<\/li>\n<li data-start=\"1161\" data-end=\"1187\">T\u00f6m\u00edt\u00e9s: 100% EPDM gumi<\/li>\n<\/ul>","protected":false},"featured_media":18375,"template":"","meta":[],"product_brand":[],"product_cat":[170,298],"product_tag":[378],"class_list":{"0":"post-7458","1":"product","2":"type-product","3":"status-publish","4":"has-post-thumbnail","6":"product_cat-reducirji-in-prikljucki-za-ibc","7":"product_cat-prikljucki-za-cisterno-z-navojem-s60x6","8":"product_tag-reducir-za-ibc-cisterno-ava-klik","10":"first","11":"instock","12":"shipping-taxable","13":"purchasable","14":"product-type-simple"},"yoast_head":"<!-- This site is optimized with the Yoast SEO plugin v27.1.1 - https:\/\/yoast.com\/product\/yoast-seo-wordpress\/ -->\n<title>Reducir AVA &quot;KLIK&quot; za IBC cisterne z medeninastim priklju\u010dkom za vrtno cev<\/title>\n<meta name=\"description\" content=\"Reducir AVA KLIK za IBC cisterno S60x6 z medeninastim \u00bbklik\u00ab priklju\u010dkom za vrtno cev. HDPE izvedba z EPDM tesnilom za zanesljivo tesnjenje in namakanje.\" \/>\n<meta name=\"robots\" content=\"index, follow, max-snippet:-1, max-image-preview:large, max-video-preview:-1\" \/>\n<link rel=\"canonical\" href=\"https:\/\/ibcparts.eu\/hu\/termek\/reducir-ava-s-klik-nastavkom\/\" \/>\n<meta property=\"og:locale\" content=\"hu_HU\" \/>\n<meta property=\"og:type\" content=\"article\" \/>\n<meta property=\"og:title\" content=\"Reducir AVA &quot;KLIK&quot; za IBC cisterne z medeninastim priklju\u010dkom za vrtno cev\" \/>\n<meta property=\"og:description\" content=\"Reducir AVA KLIK za IBC cisterno S60x6 z medeninastim \u00bbklik\u00ab priklju\u010dkom za vrtno cev. HDPE izvedba z EPDM tesnilom za zanesljivo tesnjenje in namakanje.\" \/>\n<meta property=\"og:url\" content=\"https:\/\/ibcparts.eu\/hu\/termek\/reducir-ava-s-klik-nastavkom\/\" \/>\n<meta property=\"og:site_name\" content=\"IBCparts.eu\" \/>\n<meta property=\"article:modified_time\" content=\"2026-01-13T13:02:34+00:00\" \/>\n<meta property=\"og:image\" content=\"https:\/\/ibcparts.eu\/wp-content\/uploads\/2021\/11\/Reducir-AVA-KLIK.png\" \/>\n\t<meta property=\"og:image:width\" content=\"500\" \/>\n\t<meta property=\"og:image:height\" content=\"500\" \/>\n\t<meta property=\"og:image:type\" content=\"image\/png\" \/>\n<meta name=\"twitter:card\" content=\"summary_large_image\" \/>\n<script type=\"application\/ld+json\" class=\"yoast-schema-graph\">{\"@context\":\"https:\/\/schema.org\",\"@graph\":[{\"@type\":\"WebPage\",\"@id\":\"https:\/\/ibcparts.eu\/izdelek\/reducir-ava-s-klik-nastavkom\/\",\"url\":\"https:\/\/ibcparts.eu\/izdelek\/reducir-ava-s-klik-nastavkom\/\",\"name\":\"Reducir AVA \\\"KLIK\\\" za IBC cisterne z medeninastim priklju\u010dkom za vrtno cev\",\"isPartOf\":{\"@id\":\"https:\/\/ibcparts.eu\/#website\"},\"primaryImageOfPage\":{\"@id\":\"https:\/\/ibcparts.eu\/izdelek\/reducir-ava-s-klik-nastavkom\/#primaryimage\"},\"image\":{\"@id\":\"https:\/\/ibcparts.eu\/izdelek\/reducir-ava-s-klik-nastavkom\/#primaryimage\"},\"thumbnailUrl\":\"https:\/\/ibcparts.eu\/wp-content\/uploads\/2021\/11\/Reducir-AVA-KLIK.png\",\"datePublished\":\"2021-11-09T09:18:49+00:00\",\"dateModified\":\"2026-01-13T13:02:34+00:00\",\"description\":\"Reducir AVA KLIK za IBC cisterno S60x6 z medeninastim \u00bbklik\u00ab priklju\u010dkom za vrtno cev. HDPE izvedba z EPDM tesnilom za zanesljivo tesnjenje in namakanje.\",\"breadcrumb\":{\"@id\":\"https:\/\/ibcparts.eu\/izdelek\/reducir-ava-s-klik-nastavkom\/#breadcrumb\"},\"inLanguage\":\"hu-HU\",\"potentialAction\":[{\"@type\":\"ReadAction\",\"target\":[\"https:\/\/ibcparts.eu\/izdelek\/reducir-ava-s-klik-nastavkom\/\"]}]},{\"@type\":\"ImageObject\",\"inLanguage\":\"hu-HU\",\"@id\":\"https:\/\/ibcparts.eu\/izdelek\/reducir-ava-s-klik-nastavkom\/#primaryimage\",\"url\":\"https:\/\/ibcparts.eu\/wp-content\/uploads\/2021\/11\/Reducir-AVA-KLIK.png\",\"contentUrl\":\"https:\/\/ibcparts.eu\/wp-content\/uploads\/2021\/11\/Reducir-AVA-KLIK.png\",\"width\":500,\"height\":500,\"caption\":\"Reducir s priklju\u010dkom za vrtno cev AVA KLIK za IBC cisterno\"},{\"@type\":\"BreadcrumbList\",\"@id\":\"https:\/\/ibcparts.eu\/izdelek\/reducir-ava-s-klik-nastavkom\/#breadcrumb\",\"itemListElement\":[{\"@type\":\"ListItem\",\"position\":1,\"name\":\"Home\",\"item\":\"https:\/\/ibcparts.eu\/\"},{\"@type\":\"ListItem\",\"position\":2,\"name\":\"Nakupujte\",\"item\":\"https:\/\/ibcparts.eu\/nakupujte\/\"},{\"@type\":\"ListItem\",\"position\":3,\"name\":\"Reducir AVA &#8220;KLIK&#8221; za IBC cisterne z medeninastim priklju\u010dkom za vrtno cev\"}]},{\"@type\":\"WebSite\",\"@id\":\"https:\/\/ibcparts.eu\/#website\",\"url\":\"https:\/\/ibcparts.eu\/\",\"name\":\"IBCparts.eu\",\"description\":\"\",\"publisher\":{\"@id\":\"https:\/\/ibcparts.eu\/#organization\"},\"potentialAction\":[{\"@type\":\"SearchAction\",\"target\":{\"@type\":\"EntryPoint\",\"urlTemplate\":\"https:\/\/ibcparts.eu\/?s={search_term_string}\"},\"query-input\":{\"@type\":\"PropertyValueSpecification\",\"valueRequired\":true,\"valueName\":\"search_term_string\"}}],\"inLanguage\":\"hu-HU\"},{\"@type\":\"Organization\",\"@id\":\"https:\/\/ibcparts.eu\/#organization\",\"name\":\"IBCparts\",\"url\":\"https:\/\/ibcparts.eu\/\",\"logo\":{\"@type\":\"ImageObject\",\"inLanguage\":\"hu-HU\",\"@id\":\"https:\/\/ibcparts.eu\/#\/schema\/logo\/image\/\",\"url\":\"https:\/\/ibcparts.eu\/wp-content\/uploads\/2021\/10\/Footer-Logo.png\",\"contentUrl\":\"https:\/\/ibcparts.eu\/wp-content\/uploads\/2021\/10\/Footer-Logo.png\",\"width\":1992,\"height\":772,\"caption\":\"IBCparts\"},\"image\":{\"@id\":\"https:\/\/ibcparts.eu\/#\/schema\/logo\/image\/\"}}]}<\/script>\n<!-- \/ Yoast SEO plugin. -->","yoast_head_json":{"title":"Reducir AVA \"KLIK\" za IBC cisterne z medeninastim priklju\u010dkom za vrtno cev","description":"Reducir AVA KLIK za IBC cisterno S60x6 z medeninastim \u00bbklik\u00ab priklju\u010dkom za vrtno cev. HDPE izvedba z EPDM tesnilom za zanesljivo tesnjenje in namakanje.","robots":{"index":"index","follow":"follow","max-snippet":"max-snippet:-1","max-image-preview":"max-image-preview:large","max-video-preview":"max-video-preview:-1"},"canonical":"https:\/\/ibcparts.eu\/hu\/termek\/reducir-ava-s-klik-nastavkom\/","og_locale":"hu_HU","og_type":"article","og_title":"Reducir AVA \"KLIK\" za IBC cisterne z medeninastim priklju\u010dkom za vrtno cev","og_description":"Reducir AVA KLIK za IBC cisterno S60x6 z medeninastim \u00bbklik\u00ab priklju\u010dkom za vrtno cev. HDPE izvedba z EPDM tesnilom za zanesljivo tesnjenje in namakanje.","og_url":"https:\/\/ibcparts.eu\/hu\/termek\/reducir-ava-s-klik-nastavkom\/","og_site_name":"IBCparts.eu","article_modified_time":"2026-01-13T13:02:34+00:00","og_image":[{"width":500,"height":500,"url":"https:\/\/ibcparts.eu\/wp-content\/uploads\/2021\/11\/Reducir-AVA-KLIK.png","type":"image\/png"}],"twitter_card":"summary_large_image","schema":{"@context":"https:\/\/schema.org","@graph":[{"@type":"WebPage","@id":"https:\/\/ibcparts.eu\/izdelek\/reducir-ava-s-klik-nastavkom\/","url":"https:\/\/ibcparts.eu\/izdelek\/reducir-ava-s-klik-nastavkom\/","name":"Reducir AVA \"KLIK\" za IBC cisterne z medeninastim priklju\u010dkom za vrtno cev","isPartOf":{"@id":"https:\/\/ibcparts.eu\/#website"},"primaryImageOfPage":{"@id":"https:\/\/ibcparts.eu\/izdelek\/reducir-ava-s-klik-nastavkom\/#primaryimage"},"image":{"@id":"https:\/\/ibcparts.eu\/izdelek\/reducir-ava-s-klik-nastavkom\/#primaryimage"},"thumbnailUrl":"https:\/\/ibcparts.eu\/wp-content\/uploads\/2021\/11\/Reducir-AVA-KLIK.png","datePublished":"2021-11-09T09:18:49+00:00","dateModified":"2026-01-13T13:02:34+00:00","description":"Reducir AVA KLIK za IBC cisterno S60x6 z medeninastim \u00bbklik\u00ab priklju\u010dkom za vrtno cev. HDPE izvedba z EPDM tesnilom za zanesljivo tesnjenje in namakanje.","breadcrumb":{"@id":"https:\/\/ibcparts.eu\/izdelek\/reducir-ava-s-klik-nastavkom\/#breadcrumb"},"inLanguage":"hu-HU","potentialAction":[{"@type":"ReadAction","target":["https:\/\/ibcparts.eu\/izdelek\/reducir-ava-s-klik-nastavkom\/"]}]},{"@type":"ImageObject","inLanguage":"hu-HU","@id":"https:\/\/ibcparts.eu\/izdelek\/reducir-ava-s-klik-nastavkom\/#primaryimage","url":"https:\/\/ibcparts.eu\/wp-content\/uploads\/2021\/11\/Reducir-AVA-KLIK.png","contentUrl":"https:\/\/ibcparts.eu\/wp-content\/uploads\/2021\/11\/Reducir-AVA-KLIK.png","width":500,"height":500,"caption":"Reducir s priklju\u010dkom za vrtno cev AVA KLIK za IBC cisterno"},{"@type":"BreadcrumbList","@id":"https:\/\/ibcparts.eu\/izdelek\/reducir-ava-s-klik-nastavkom\/#breadcrumb","itemListElement":[{"@type":"ListItem","position":1,"name":"Home","item":"https:\/\/ibcparts.eu\/"},{"@type":"ListItem","position":2,"name":"Nakupujte","item":"https:\/\/ibcparts.eu\/nakupujte\/"},{"@type":"ListItem","position":3,"name":"Reducir AVA &#8220;KLIK&#8221; za IBC cisterne z medeninastim priklju\u010dkom za vrtno cev"}]},{"@type":"WebSite","@id":"https:\/\/ibcparts.eu\/#website","url":"https:\/\/ibcparts.eu\/","name":"IBCparts.eu","description":"","publisher":{"@id":"https:\/\/ibcparts.eu\/#organization"},"potentialAction":[{"@type":"SearchAction","target":{"@type":"EntryPoint","urlTemplate":"https:\/\/ibcparts.eu\/?s={search_term_string}"},"query-input":{"@type":"PropertyValueSpecification","valueRequired":true,"valueName":"search_term_string"}}],"inLanguage":"hu-HU"},{"@type":"Organization","@id":"https:\/\/ibcparts.eu\/#organization","name":"IBCparts","url":"https:\/\/ibcparts.eu\/","logo":{"@type":"ImageObject","inLanguage":"hu-HU","@id":"https:\/\/ibcparts.eu\/#\/schema\/logo\/image\/","url":"https:\/\/ibcparts.eu\/wp-content\/uploads\/2021\/10\/Footer-Logo.png","contentUrl":"https:\/\/ibcparts.eu\/wp-content\/uploads\/2021\/10\/Footer-Logo.png","width":1992,"height":772,"caption":"IBCparts"},"image":{"@id":"https:\/\/ibcparts.eu\/#\/schema\/logo\/image\/"}}]}},"_links":{"self":[{"href":"https:\/\/ibcparts.eu\/hu\/wp-json\/wp\/v2\/product\/7458","targetHints":{"allow":["GET"]}}],"collection":[{"href":"https:\/\/ibcparts.eu\/hu\/wp-json\/wp\/v2\/product"}],"about":[{"href":"https:\/\/ibcparts.eu\/hu\/wp-json\/wp\/v2\/types\/product"}],"version-history":[{"count":3,"href":"https:\/\/ibcparts.eu\/hu\/wp-json\/wp\/v2\/product\/7458\/revisions"}],"predecessor-version":[{"id":20180,"href":"https:\/\/ibcparts.eu\/hu\/wp-json\/wp\/v2\/product\/7458\/revisions\/20180"}],"wp:featuredmedia":[{"embeddable":true,"href":"https:\/\/ibcparts.eu\/hu\/wp-json\/wp\/v2\/media\/18375"}],"wp:attachment":[{"href":"https:\/\/ibcparts.eu\/hu\/wp-json\/wp\/v2\/media?parent=7458"}],"wp:term":[{"taxonomy":"product_brand","embeddable":true,"href":"https:\/\/ibcparts.eu\/hu\/wp-json\/wp\/v2\/product_brand?post=7458"},{"taxonomy":"product_cat","embeddable":true,"href":"https:\/\/ibcparts.eu\/hu\/wp-json\/wp\/v2\/product_cat?post=7458"},{"taxonomy":"product_tag","embeddable":true,"href":"https:\/\/ibcparts.eu\/hu\/wp-json\/wp\/v2\/product_tag?post=7458"}],"curies":[{"name":"wp","href":"https:\/\/api.w.org\/{rel}","templated":true}]}}