{"id":7121,"date":"2021-11-04T09:50:37","date_gmt":"2021-11-04T09:50:37","guid":{"rendered":"https:\/\/ibcparts.eu\/?post_type=product&#038;p=7121"},"modified":"2026-01-06T13:42:07","modified_gmt":"2026-01-06T12:42:07","slug":"sistem-4x-simple","status":"publish","type":"product","link":"https:\/\/ibcparts.eu\/hu\/termek\/sistem-4x-simple\/","title":{"rendered":"4X SIMPLE"},"content":{"rendered":"<p style=\"text-align: center;\"><strong>Vide\u00f3 bemutat\u00f3 a 4x PRO rendszer \u00f6sszeszerel\u00e9s\u00e9r\u0151l - a vide\u00f3 a PRO rendszer bemutat\u00f3ja, de az \u00f6sszeszerel\u00e9s nagyon hasonl\u00f3:<\/strong><br \/>\n<span style=\"color: #515151;\"><br \/>\nA csomagban \u00e1ltal\u00e1ban a szalagot m\u00e1r a sz\u00e1lakon kapja, ahol sz\u00fcks\u00e9ges, vagy a csomag tartalmazza.<\/span><\/p>\n<p><iframe title=\"Hogyan kell n\u00e9gy IBC-kont\u00e9nert (kett\u0151t egym\u00e1sra helyezve) v\u00edzgy\u0171jt\u0151 rendszerr\u00e9 \u00f6sszek\u00f6tni.\" width=\"500\" height=\"281\" src=\"https:\/\/www.youtube.com\/embed\/Bt3LsHn-2Sk?start=23&#038;feature=oembed\" frameborder=\"0\" allow=\"accelerometer; autoplay; clipboard-write; encrypted-media; gyroscope; picture-in-picture; web-share\" referrerpolicy=\"strict-origin-when-cross-origin\" allowfullscreen><\/iframe><\/p>\n<p>&nbsp;<\/p>\n<h4>Az als\u00f3 tart\u00e1lyt ki kell szell\u0151ztetni, hogy a v\u00edz zavartalanul \u00e1ramolhasson a szelepeken kereszt\u00fcl.<\/h4>\n<p><img decoding=\"async\" class=\"aligncenter\" src=\"https:\/\/www.namoci.si\/uploads\/1\/1\/7\/5\/117519317\/published\/duo-vertikal-gif1.gif?1661170515\" alt=\"K\u00e9p\" \/><\/p>\n<p><strong>Ennek legegyszer\u0171bb \u00e9s legolcs\u00f3bb m\u00f3dja a k\u00f6vetkez\u0151:<\/strong><\/p>\n<p><img decoding=\"async\" class=\"\" src=\"https:\/\/ibcparts.eu\/wp-content\/uploads\/2021\/11\/pokrov-hoseflow-1.png\" sizes=\"(max-width: 500px) 100vw, 500px\" srcset=\"https:\/\/ibcparts.eu\/wp-content\/uploads\/2021\/11\/pokrov-hoseflow-1.png 500w, https:\/\/ibcparts.eu\/wp-content\/uploads\/2021\/11\/pokrov-hoseflow-1-300x300.png 300w, https:\/\/ibcparts.eu\/wp-content\/uploads\/2021\/11\/pokrov-hoseflow-1-150x150.png 150w, https:\/\/ibcparts.eu\/wp-content\/uploads\/2021\/11\/pokrov-hoseflow-1-12x12.png 12w\" alt=\"\" width=\"303\" height=\"303\" \/><br \/>\n<img decoding=\"async\" class=\"\" src=\"https:\/\/ibcparts.eu\/wp-content\/uploads\/2021\/11\/lower-ibc-venting_orig.jpg\" sizes=\"(max-width: 827px) 100vw, 827px\" srcset=\"https:\/\/ibcparts.eu\/wp-content\/uploads\/2021\/11\/lower-ibc-venting_orig.jpg 827w, https:\/\/ibcparts.eu\/wp-content\/uploads\/2021\/11\/lower-ibc-venting_orig-300x300.jpg 300w, https:\/\/ibcparts.eu\/wp-content\/uploads\/2021\/11\/lower-ibc-venting_orig-150x150.jpg 150w, https:\/\/ibcparts.eu\/wp-content\/uploads\/2021\/11\/lower-ibc-venting_orig-768x768.jpg 768w, https:\/\/ibcparts.eu\/wp-content\/uploads\/2021\/11\/lower-ibc-venting_orig-12x12.jpg 12w, https:\/\/ibcparts.eu\/wp-content\/uploads\/2021\/11\/lower-ibc-venting_orig-600x600.jpg 600w\" alt=\"\" width=\"363\" height=\"363\" \/><\/p>\n<p>Haszn\u00e1lja a HoseFlow fedelet (a k\u00e9pen) - amelyhez a kerti t\u00f6ml\u0151 csatlakozik - az als\u00f3 tart\u00e1lyon.  A t\u00f6ml\u0151 m\u00e1sik v\u00e9g\u00e9t r\u00f6gz\u00edtse a magass\u00e1g felett, ahol a v\u00edz a fels\u0151 tart\u00e1lyba folyik (pl. ahol az ereszcsatorn\u00e1b\u00f3l ny\u00edl\u00f3 csap van - \u00e1ltal\u00e1ban 200 cm hossz\u00fa t\u00f6ml\u0151 elegend\u0151). Ez lehet\u0151v\u00e9 teszi, hogy az als\u00f3 tart\u00e1ly a szelepen kereszt\u00fcl z\u00f6kken\u0151mentesen felt\u00f6lt\u0151dj\u00f6n.<\/p>\n<p><strong>Felh\u00edvjuk figyelm\u00e9t, hogy ez a term\u00e9k csak akkor haszn\u00e1lhat\u00f3, ha a tart\u00e1ly f\u00e9m raklapon van, vagy ha a tart\u00e1ly nem rendelkezik k\u00f6z\u00e9ps\u0151 l\u00e1bbal.<\/strong><\/p>\n<p><a href=\"https:\/\/ibcparts.eu\/izdelek\/pokrov-hoseflow\/\">HoseFlow Cover (\u00faj verzi\u00f3!)<\/a><\/p>\n<p>\u010ce \u017ee imate pokrov z navojem na sredini, lahko uporabite:<\/p>\n<p><img decoding=\"async\" src=\"https:\/\/ibcparts.eu\/wp-content\/uploads\/2021\/11\/airvent.png\" sizes=\"(max-width: 238px) 100vw, 238px\" srcset=\"https:\/\/ibcparts.eu\/wp-content\/uploads\/2021\/11\/airvent.png 238w, https:\/\/ibcparts.eu\/wp-content\/uploads\/2021\/11\/airvent-150x150.png 150w, https:\/\/ibcparts.eu\/wp-content\/uploads\/2021\/11\/airvent-12x12.png 12w\" alt=\"\" width=\"238\" height=\"238\" \/><\/p>\n<p><a href=\"https:\/\/ibcparts.eu\/izdelek\/oddusnik-easy\/\"><strong>Od<\/strong><strong>du\u0161nik AirVent<\/strong><\/a><\/p>\n<p><strong>Felh\u00edvjuk figyelm\u00e9t, hogy ez a term\u00e9k csak akkor haszn\u00e1lhat\u00f3, ha a tart\u00e1ly f\u00e9m raklapon van, vagy ha a tart\u00e1ly nem rendelkezik k\u00f6z\u00e9ps\u0151 l\u00e1bbal.<\/strong><\/p>\n<p>\u010ce imate cisterno, ki ima sredinsko nogo in le-ta sedi na pokrovu spodnje cisterne, lahko zadevo re\u0161ite podobno z na\u0161imi <a href=\"https:\/\/ibcparts.eu\/kategorije\/skozniki\/\"><strong>z\u00e1r\u00f3jelek<\/strong> <\/a>&#8211; priporo\u010dljivo <strong>20 ali 25mm<\/strong>.<\/p>\n<p>Kiv\u00e9ve, hogy ebben az esetben egy megfelel\u0151 lyukat kell f\u00farni az als\u00f3 tart\u00e1ly tetej\u00e9n - lehet\u0151leg valahol a fed\u00e9l k\u00f6zel\u00e9ben.<\/p>\n<p><img decoding=\"async\" class=\"alignnone wp-image-18620\" src=\"http:\/\/ibcparts.eu\/wp-content\/uploads\/2023\/03\/Skoznik-FlowTek-Bend-300x300.png\" alt=\"Skoznik FlowTek Bend (15mm, 20mm, 25mm, 50mm)\" width=\"213\" height=\"213\" srcset=\"https:\/\/ibcparts.eu\/wp-content\/uploads\/2023\/03\/Skoznik-FlowTek-Bend-300x300.png 300w, https:\/\/ibcparts.eu\/wp-content\/uploads\/2023\/03\/Skoznik-FlowTek-Bend-150x150.png 150w, https:\/\/ibcparts.eu\/wp-content\/uploads\/2023\/03\/Skoznik-FlowTek-Bend-12x12.png 12w, https:\/\/ibcparts.eu\/wp-content\/uploads\/2023\/03\/Skoznik-FlowTek-Bend.png 499w\" sizes=\"(max-width: 213px) 100vw, 213px\" \/><\/p>\n<p><strong><a href=\"https:\/\/ibcparts.eu\/izdelek\/skoznik-flowtek-bend\/\">Skozniki FlowTek Bend<\/a><\/strong><\/p>\n<p><strong>Tipp!<\/strong><br \/>\nNagyon aj\u00e1nlott, hogy a v\u00edz sz\u0171r\u0151n haladjon \u00e1t, amikor a tart\u00e1lyba ker\u00fcl, hogy elker\u00fclhet\u0151 legyen a rothad\u00e1s, a pen\u00e9sz \u00e9s a mikroorganizmusok t\u00falzott elszaporod\u00e1sa a tart\u00e1lyban.<br \/>\nAz ereszcsatorn\u00e1val ell\u00e1tott t\u00f6ml\u0151re szerelhet\u0151 es\u0151v\u00edzsz\u0171r\u0151ket k\u00edn\u00e1lunk, amelyek kisz\u0171rik a nagyobb szennyez\u0151d\u00e9seket (levelek, moha stb.).<br \/>\nK\u00fcl\u00f6nf\u00e9le finom sz\u0171r\u0151k is rendelkez\u00e9sre \u00e1llnak az IBC-tart\u00e1lyra val\u00f3 felszerel\u00e9shez.<br \/>\nGondoskodjon arr\u00f3l, hogy a tart\u00e1lyokban l\u00e9v\u0151 v\u00edz a lehet\u0151 legtov\u00e1bb tiszta maradjon. <a href=\"https:\/\/ibcparts.eu\/izdelek\/zascitna-ponjava-tarp-za-ibc-cisterno\/\">UV v\u00e9d\u0151sz\u0151nyeggel az IBC tart\u00e1lyhoz<\/a> m\u00e9g jobban korl\u00e1tozza a mikroorganizmusok n\u00f6veked\u00e9s\u00e9t.<\/p>\n<p><img decoding=\"async\" class=\"alignleft\" src=\"https:\/\/www.namoci.si\/uploads\/1\/1\/7\/5\/117519317\/povezava-ibc-cistern-duo-vertikal-z-opcijo-duo-plus-31_orig.jpg\" alt=\"PLUS opci\u00f3 az IBC tart\u00e1lyhoz\" width=\"214\" height=\"214\" \/><\/p>\n<p>&nbsp;<\/p>\n<p>&nbsp;<\/p>\n<p>&nbsp;<\/p>\n<p>&nbsp;<\/p>\n<p>&nbsp;<\/p>\n<p>&nbsp;<\/p>\n<p><strong><span style=\"color: #6cb83a;\">PLUS opci\u00f3!<\/span><\/strong><\/p>\n<p>V\u00e1laszthat egy opci\u00f3t is <strong>PLUS<\/strong>. Ez egy tov\u00e1bbi kivezet\u00e9st biztos\u00edt a kerti t\u00f6ml\u0151 sz\u00e1m\u00e1ra - l\u00e1sd a k\u00e9pet.<br \/>\n\u00cdgy a tart\u00e1ly is teljesen ki\u00fcr\u00edthet\u0151 an\u00e9lk\u00fcl, hogy a rendszerbe beavatkozna.<br \/>\n\u200b<\/p>","protected":false},"excerpt":{"rendered":"<p><span style=\"font-size: large;\">Rendszer n\u00e9gy IBC-tart\u00e1ly \u00f6sszekapcsol\u00e1s\u00e1ra.<\/span><\/p>\n<p><strong><span style=\"font-size: medium;\">Most gumit\u00f6m\u00edt\u00e9ssel INGYENES<\/span><\/strong><\/p>\n<p>Cikksz\u00e1m: #560b,\u00a0<strong>4XS1<\/strong>:\u00a0<strong><span style=\"color: #508d24; font-size: medium;\">88,50\u20ac\u00a0<\/span><\/strong>(GardenFlow 3\/4\u2033 f\u00e9mcsap*).<br \/>\n<strong><span style=\"color: #508d24; font-size: medium;\">\u200b<\/span><\/strong>Cikksz\u00e1m: #560c,\u00a0<strong>4XS<\/strong><strong>2<\/strong>:\u00a0<strong><span style=\"color: #508d24; font-size: medium;\">89,50\u20ac\u00a0<\/span><\/strong>(3\/4\" HighFlow f\u00e9mcsap*).<br \/>\n<strong><span style=\"color: #508d24; font-size: medium;\">\u200b<\/span><\/strong>Cikksz\u00e1m: #560d,\u00a0<strong>4XS<\/strong><strong>3<\/strong>:\u00a0<strong><span style=\"color: #508d24; font-size: medium;\">98,50\u20ac\u00a0<\/span><\/strong>(<u>dupla\u00a0<\/u>1\/2\u2033 PRO* f\u00e9mcsap).<br \/>\n<strong><span style=\"color: #508d24; font-size: medium;\">\u200b<\/span><\/strong>Cikksz\u00e1m: #560e,\u00a0<strong>4XS<\/strong><strong>4<\/strong>:\u00a0<strong><span style=\"color: #508d24; font-size: medium;\">102,50\u20ac\u00a0<\/span><\/strong>(<u>dupla\u00a0<\/u>f\u00e9m csap 3\/4 PRO*).<br \/>\nCikksz\u00e1m: #560f,\u00a0<strong>4XS<\/strong><strong>5<\/strong>:\u00a0<strong><span style=\"color: #508d24; font-size: medium;\">95,50\u20ac\u00a0<\/span><\/strong>(1\u2033* f\u00e9mcsap).<br \/>\nCikksz\u00e1m: #560g,\u00a0<strong>4XS<\/strong><strong>6<\/strong>:\u00a0<strong><span style=\"color: #508d24; font-size: medium;\">95,50\u20ac\u00a0<\/span><\/strong>(1\u2033 QuickFlow f\u00e9mcsap*).<br \/>\nCikksz\u00e1m: #560h,\u00a0<strong>4XS<\/strong><strong>7<\/strong>:\u00a0<strong><span style=\"color: #508d24; font-size: medium;\">94,50\u20ac\u00a0<\/span><\/strong>(3\/4\"-os f\u00e9mszelep + csap*).<br \/>\nCikksz\u00e1m: #560i,\u00a0<strong>4XS<\/strong><strong>8<\/strong>:\u00a0<strong><span style=\"color: #508d24; font-size: medium;\">96,50\u20ac\u00a0<\/span><\/strong>(1\u2033 f\u00e9mszelep + csap*).<br \/>\nCikksz\u00e1m: #560j,\u00a0<strong>4XS9<\/strong>:\u00a0<strong><span style=\"color: #508d24; font-size: medium;\">96,50\u20ac\u00a0<\/span><\/strong>(m\u0171anyag MF PRO 1\u2033 szelep + adapter*).<\/p>\n<p><span style=\"font-size: large;\">\u200b<\/span><br \/>\n<strong>A csomag tartalmazza:<\/strong><br \/>\n4x AVA reduktor tart\u00e1lyokhoz szeleppel fi 55-62mm, durva menettel S60x6 (DN50), T-darab 2x, T-darab F 1x, k\u00f6ny\u00f6k F 4x, t\u00f6ml\u0151, csap, reduktor.<\/p>\n<p><em><span style=\"font-size: medium;\">*Az alk\u00e1tcs\u00f6vek kiss\u00e9 g\u00f6rb\u00e9k, mert ors\u00f3kon t\u00e1rolj\u00e1k \u0151ket. Mi LESS alkat\u00e9nt\u00f6ml\u0151ket haszn\u00e1lunk, amelyek rugalmasabbak \u00e9s sokkal k\u00f6nnyebben haszn\u00e1lhat\u00f3k - telep\u00edt\u00e9skor kiegyenes\u00edti \u0151ket, \u00e9s abban a helyzetben maradnak.<\/span><\/em><\/p>\n<p>Hab (PE) t\u00f6m\u00edt\u00e9s. Kiv\u00e1l\u00f3 t\u00f6m\u00edt\u00e9s \u00e9s nagy tart\u00f3ss\u00e1g!<\/p>\n<p><strong>*A csapokr\u00f3l \u00e9s szelepekr\u0151l tov\u00e1bbi inform\u00e1ci\u00f3k a k\u00f6vetkez\u0151 weboldalon tal\u00e1lhat\u00f3k\u00a0<a href=\"https:\/\/ibcparts.eu\/kategorije\/pipe-ventili-in-medeninasti-prikljucki\/\">itt<\/a>.<\/strong><\/p>","protected":false},"featured_media":12593,"template":"","meta":[],"product_brand":[],"product_cat":[190,189],"product_tag":[],"class_list":{"0":"post-7121","1":"product","2":"type-product","3":"status-publish","4":"has-post-thumbnail","6":"product_cat-sistemi-4x","7":"product_cat-sistemi-za-povezavo","9":"first","10":"instock","11":"shipping-taxable","12":"purchasable","13":"product-type-variable"},"yoast_head":"<!-- This site is optimized with the Yoast SEO plugin v27.1.1 - https:\/\/yoast.com\/product\/yoast-seo-wordpress\/ -->\n<title>4X SIMPLE | IBCparts.eu<\/title>\n<meta name=\"description\" content=\"\u200bSistem za povezavo \u0161tirih IBC cistern.\" \/>\n<meta name=\"robots\" content=\"index, follow, max-snippet:-1, max-image-preview:large, max-video-preview:-1\" \/>\n<link rel=\"canonical\" href=\"https:\/\/ibcparts.eu\/hu\/termek\/sistem-4x-simple\/\" \/>\n<meta property=\"og:locale\" content=\"hu_HU\" \/>\n<meta property=\"og:type\" content=\"article\" \/>\n<meta property=\"og:title\" content=\"4X SIMPLE | IBCparts.eu\" \/>\n<meta property=\"og:description\" content=\"\u200bSistem za povezavo \u0161tirih IBC cistern.\" \/>\n<meta property=\"og:url\" content=\"https:\/\/ibcparts.eu\/hu\/termek\/sistem-4x-simple\/\" \/>\n<meta property=\"og:site_name\" content=\"IBCparts.eu\" \/>\n<meta property=\"article:modified_time\" content=\"2026-01-06T12:42:07+00:00\" \/>\n<meta property=\"og:image\" content=\"https:\/\/ibcparts.eu\/wp-content\/uploads\/2021\/11\/4X-SIMPLE.jpg\" \/>\n\t<meta property=\"og:image:width\" content=\"1181\" \/>\n\t<meta property=\"og:image:height\" content=\"1181\" \/>\n\t<meta property=\"og:image:type\" content=\"image\/jpeg\" \/>\n<meta name=\"twitter:card\" content=\"summary_large_image\" \/>\n<script type=\"application\/ld+json\" class=\"yoast-schema-graph\">{\"@context\":\"https:\/\/schema.org\",\"@graph\":[{\"@type\":\"WebPage\",\"@id\":\"https:\/\/ibcparts.eu\/izdelek\/sistem-4x-simple\/\",\"url\":\"https:\/\/ibcparts.eu\/izdelek\/sistem-4x-simple\/\",\"name\":\"4X SIMPLE | IBCparts.eu\",\"isPartOf\":{\"@id\":\"https:\/\/ibcparts.eu\/#website\"},\"primaryImageOfPage\":{\"@id\":\"https:\/\/ibcparts.eu\/izdelek\/sistem-4x-simple\/#primaryimage\"},\"image\":{\"@id\":\"https:\/\/ibcparts.eu\/izdelek\/sistem-4x-simple\/#primaryimage\"},\"thumbnailUrl\":\"https:\/\/ibcparts.eu\/wp-content\/uploads\/2021\/11\/4X-SIMPLE.jpg\",\"datePublished\":\"2021-11-04T09:50:37+00:00\",\"dateModified\":\"2026-01-06T12:42:07+00:00\",\"description\":\"\u200bSistem za povezavo \u0161tirih IBC cistern.\",\"breadcrumb\":{\"@id\":\"https:\/\/ibcparts.eu\/izdelek\/sistem-4x-simple\/#breadcrumb\"},\"inLanguage\":\"hu\",\"potentialAction\":[{\"@type\":\"ReadAction\",\"target\":[\"https:\/\/ibcparts.eu\/izdelek\/sistem-4x-simple\/\"]}]},{\"@type\":\"ImageObject\",\"inLanguage\":\"hu\",\"@id\":\"https:\/\/ibcparts.eu\/izdelek\/sistem-4x-simple\/#primaryimage\",\"url\":\"https:\/\/ibcparts.eu\/wp-content\/uploads\/2021\/11\/4X-SIMPLE.jpg\",\"contentUrl\":\"https:\/\/ibcparts.eu\/wp-content\/uploads\/2021\/11\/4X-SIMPLE.jpg\",\"width\":1181,\"height\":1181,\"caption\":\"4X SIMPLE\"},{\"@type\":\"BreadcrumbList\",\"@id\":\"https:\/\/ibcparts.eu\/izdelek\/sistem-4x-simple\/#breadcrumb\",\"itemListElement\":[{\"@type\":\"ListItem\",\"position\":1,\"name\":\"Home\",\"item\":\"https:\/\/ibcparts.eu\/\"},{\"@type\":\"ListItem\",\"position\":2,\"name\":\"Nakupujte\",\"item\":\"https:\/\/ibcparts.eu\/nakupujte\/\"},{\"@type\":\"ListItem\",\"position\":3,\"name\":\"4X SIMPLE\"}]},{\"@type\":\"WebSite\",\"@id\":\"https:\/\/ibcparts.eu\/#website\",\"url\":\"https:\/\/ibcparts.eu\/\",\"name\":\"IBCparts.eu\",\"description\":\"\",\"publisher\":{\"@id\":\"https:\/\/ibcparts.eu\/#organization\"},\"potentialAction\":[{\"@type\":\"SearchAction\",\"target\":{\"@type\":\"EntryPoint\",\"urlTemplate\":\"https:\/\/ibcparts.eu\/?s={search_term_string}\"},\"query-input\":{\"@type\":\"PropertyValueSpecification\",\"valueRequired\":true,\"valueName\":\"search_term_string\"}}],\"inLanguage\":\"hu\"},{\"@type\":\"Organization\",\"@id\":\"https:\/\/ibcparts.eu\/#organization\",\"name\":\"IBCparts\",\"url\":\"https:\/\/ibcparts.eu\/\",\"logo\":{\"@type\":\"ImageObject\",\"inLanguage\":\"hu\",\"@id\":\"https:\/\/ibcparts.eu\/#\/schema\/logo\/image\/\",\"url\":\"https:\/\/ibcparts.eu\/wp-content\/uploads\/2021\/10\/Footer-Logo.png\",\"contentUrl\":\"https:\/\/ibcparts.eu\/wp-content\/uploads\/2021\/10\/Footer-Logo.png\",\"width\":1992,\"height\":772,\"caption\":\"IBCparts\"},\"image\":{\"@id\":\"https:\/\/ibcparts.eu\/#\/schema\/logo\/image\/\"}}]}<\/script>\n<!-- \/ Yoast SEO plugin. -->","yoast_head_json":{"title":"4X SIMPLE | IBCparts.eu","description":"Rendszer n\u00e9gy IBC-tart\u00e1ly \u00f6sszekapcsol\u00e1s\u00e1ra.","robots":{"index":"index","follow":"follow","max-snippet":"max-snippet:-1","max-image-preview":"max-image-preview:large","max-video-preview":"max-video-preview:-1"},"canonical":"https:\/\/ibcparts.eu\/hu\/termek\/sistem-4x-simple\/","og_locale":"hu_HU","og_type":"article","og_title":"4X SIMPLE | IBCparts.eu","og_description":"\u200bSistem za povezavo \u0161tirih IBC cistern.","og_url":"https:\/\/ibcparts.eu\/hu\/termek\/sistem-4x-simple\/","og_site_name":"IBCparts.eu","article_modified_time":"2026-01-06T12:42:07+00:00","og_image":[{"width":1181,"height":1181,"url":"https:\/\/ibcparts.eu\/wp-content\/uploads\/2021\/11\/4X-SIMPLE.jpg","type":"image\/jpeg"}],"twitter_card":"summary_large_image","schema":{"@context":"https:\/\/schema.org","@graph":[{"@type":"WebPage","@id":"https:\/\/ibcparts.eu\/izdelek\/sistem-4x-simple\/","url":"https:\/\/ibcparts.eu\/izdelek\/sistem-4x-simple\/","name":"4X SIMPLE | IBCparts.eu","isPartOf":{"@id":"https:\/\/ibcparts.eu\/#website"},"primaryImageOfPage":{"@id":"https:\/\/ibcparts.eu\/izdelek\/sistem-4x-simple\/#primaryimage"},"image":{"@id":"https:\/\/ibcparts.eu\/izdelek\/sistem-4x-simple\/#primaryimage"},"thumbnailUrl":"https:\/\/ibcparts.eu\/wp-content\/uploads\/2021\/11\/4X-SIMPLE.jpg","datePublished":"2021-11-04T09:50:37+00:00","dateModified":"2026-01-06T12:42:07+00:00","description":"Rendszer n\u00e9gy IBC-tart\u00e1ly \u00f6sszekapcsol\u00e1s\u00e1ra.","breadcrumb":{"@id":"https:\/\/ibcparts.eu\/izdelek\/sistem-4x-simple\/#breadcrumb"},"inLanguage":"hu","potentialAction":[{"@type":"ReadAction","target":["https:\/\/ibcparts.eu\/izdelek\/sistem-4x-simple\/"]}]},{"@type":"ImageObject","inLanguage":"hu","@id":"https:\/\/ibcparts.eu\/izdelek\/sistem-4x-simple\/#primaryimage","url":"https:\/\/ibcparts.eu\/wp-content\/uploads\/2021\/11\/4X-SIMPLE.jpg","contentUrl":"https:\/\/ibcparts.eu\/wp-content\/uploads\/2021\/11\/4X-SIMPLE.jpg","width":1181,"height":1181,"caption":"4X SIMPLE"},{"@type":"BreadcrumbList","@id":"https:\/\/ibcparts.eu\/izdelek\/sistem-4x-simple\/#breadcrumb","itemListElement":[{"@type":"ListItem","position":1,"name":"Home","item":"https:\/\/ibcparts.eu\/"},{"@type":"ListItem","position":2,"name":"Nakupujte","item":"https:\/\/ibcparts.eu\/nakupujte\/"},{"@type":"ListItem","position":3,"name":"4X SIMPLE"}]},{"@type":"WebSite","@id":"https:\/\/ibcparts.eu\/#website","url":"https:\/\/ibcparts.eu\/","name":"IBCparts.eu","description":"","publisher":{"@id":"https:\/\/ibcparts.eu\/#organization"},"potentialAction":[{"@type":"SearchAction","target":{"@type":"EntryPoint","urlTemplate":"https:\/\/ibcparts.eu\/?s={search_term_string}"},"query-input":{"@type":"PropertyValueSpecification","valueRequired":true,"valueName":"search_term_string"}}],"inLanguage":"hu"},{"@type":"Organization","@id":"https:\/\/ibcparts.eu\/#organization","name":"IBCparts","url":"https:\/\/ibcparts.eu\/","logo":{"@type":"ImageObject","inLanguage":"hu","@id":"https:\/\/ibcparts.eu\/#\/schema\/logo\/image\/","url":"https:\/\/ibcparts.eu\/wp-content\/uploads\/2021\/10\/Footer-Logo.png","contentUrl":"https:\/\/ibcparts.eu\/wp-content\/uploads\/2021\/10\/Footer-Logo.png","width":1992,"height":772,"caption":"IBCparts"},"image":{"@id":"https:\/\/ibcparts.eu\/#\/schema\/logo\/image\/"}}]}},"_links":{"self":[{"href":"https:\/\/ibcparts.eu\/hu\/wp-json\/wp\/v2\/product\/7121","targetHints":{"allow":["GET"]}}],"collection":[{"href":"https:\/\/ibcparts.eu\/hu\/wp-json\/wp\/v2\/product"}],"about":[{"href":"https:\/\/ibcparts.eu\/hu\/wp-json\/wp\/v2\/types\/product"}],"version-history":[{"count":3,"href":"https:\/\/ibcparts.eu\/hu\/wp-json\/wp\/v2\/product\/7121\/revisions"}],"predecessor-version":[{"id":19876,"href":"https:\/\/ibcparts.eu\/hu\/wp-json\/wp\/v2\/product\/7121\/revisions\/19876"}],"wp:featuredmedia":[{"embeddable":true,"href":"https:\/\/ibcparts.eu\/hu\/wp-json\/wp\/v2\/media\/12593"}],"wp:attachment":[{"href":"https:\/\/ibcparts.eu\/hu\/wp-json\/wp\/v2\/media?parent=7121"}],"wp:term":[{"taxonomy":"product_brand","embeddable":true,"href":"https:\/\/ibcparts.eu\/hu\/wp-json\/wp\/v2\/product_brand?post=7121"},{"taxonomy":"product_cat","embeddable":true,"href":"https:\/\/ibcparts.eu\/hu\/wp-json\/wp\/v2\/product_cat?post=7121"},{"taxonomy":"product_tag","embeddable":true,"href":"https:\/\/ibcparts.eu\/hu\/wp-json\/wp\/v2\/product_tag?post=7121"}],"curies":[{"name":"wp","href":"https:\/\/api.w.org\/{rel}","templated":true}]}}