{"id":7001,"date":"2021-11-04T07:09:13","date_gmt":"2021-11-04T06:09:13","guid":{"rendered":"https:\/\/ibcparts.eu\/?post_type=product&#038;p=7001"},"modified":"2023-03-29T14:49:57","modified_gmt":"2023-03-29T13:49:57","slug":"odstranjevalec-listja-rapido","status":"publish","type":"product","link":"https:\/\/ibcparts.eu\/hu\/termek\/rapido-leveleltavolito\/","title":{"rendered":"RAPIDO lev\u00e9lelt\u00e1vol\u00edt\u00f3"},"content":{"rendered":"","protected":false},"excerpt":{"rendered":"<p>El\u0151sz\u0171r\u0151k\u00e9nt m\u0171k\u00f6dik.<br \/>\nOtt aj\u00e1nlott haszn\u00e1lni, ahol sok a fa - lombozat.<br \/>\nKarbantart\u00e1smentes.<br \/>\nAlkalmas a 110mm, 100mm, 80mm vagy 70mm-es lefoly\u00f3cs\u00f6vekre (az ereszcsatorn\u00e1b\u00f3l) t\u00f6rt\u00e9n\u0151 felszerel\u00e9sre - sz\u0171k\u00edt\u0151kkel egy\u00fctt. A sz\u0171rt v\u00edz a cs\u00f6v\u00f6n halad lefel\u00e9, a szennyez\u0151d\u00e9sek az oldals\u00f3 ny\u00edl\u00e1son kereszt\u00fcl ker\u00fclnek elt\u00e1vol\u00edt\u00e1sra.<\/p>","protected":false},"featured_media":7002,"template":"","meta":[],"product_brand":[],"product_cat":[186],"product_tag":[],"class_list":{"0":"post-7001","1":"product","2":"type-product","3":"status-publish","4":"has-post-thumbnail","6":"product_cat-filtri-za-dezevnico-in-pvc-redukcije","8":"first","9":"instock","10":"shipping-taxable","11":"purchasable","12":"product-type-simple"},"yoast_head":"<!-- This site is optimized with the Yoast SEO plugin v27.1.1 - https:\/\/yoast.com\/product\/yoast-seo-wordpress\/ -->\n<title>Odstranjevalec listja RAPIDO | IBCparts.eu<\/title>\n<meta name=\"description\" content=\"Deluje kot predfilter.Priporo\u010dljiva uporaba, kjer je veliko dreves - listja.\u200bNe potrebuje vzdr\u017eevanja.\" \/>\n<meta name=\"robots\" content=\"index, follow, max-snippet:-1, max-image-preview:large, max-video-preview:-1\" \/>\n<link rel=\"canonical\" href=\"https:\/\/ibcparts.eu\/hu\/termek\/rapido-leveleltavolito\/\" \/>\n<meta property=\"og:locale\" content=\"hu_HU\" \/>\n<meta property=\"og:type\" content=\"article\" \/>\n<meta property=\"og:title\" content=\"Odstranjevalec listja RAPIDO | IBCparts.eu\" \/>\n<meta property=\"og:description\" content=\"Deluje kot predfilter.Priporo\u010dljiva uporaba, kjer je veliko dreves - listja.\u200bNe potrebuje vzdr\u017eevanja.\" \/>\n<meta property=\"og:url\" content=\"https:\/\/ibcparts.eu\/hu\/termek\/rapido-leveleltavolito\/\" \/>\n<meta property=\"og:site_name\" content=\"IBCparts.eu\" \/>\n<meta property=\"article:modified_time\" content=\"2023-03-29T13:49:57+00:00\" \/>\n<meta property=\"og:image\" content=\"https:\/\/ibcparts.eu\/wp-content\/uploads\/2021\/11\/filter-extra_orig.jpg\" \/>\n\t<meta property=\"og:image:width\" content=\"591\" \/>\n\t<meta property=\"og:image:height\" content=\"591\" \/>\n\t<meta property=\"og:image:type\" content=\"image\/jpeg\" \/>\n<meta name=\"twitter:card\" content=\"summary_large_image\" \/>\n<script type=\"application\/ld+json\" class=\"yoast-schema-graph\">{\"@context\":\"https:\/\/schema.org\",\"@graph\":[{\"@type\":\"WebPage\",\"@id\":\"https:\/\/ibcparts.eu\/izdelek\/odstranjevalec-listja-rapido\/\",\"url\":\"https:\/\/ibcparts.eu\/izdelek\/odstranjevalec-listja-rapido\/\",\"name\":\"Odstranjevalec listja RAPIDO | IBCparts.eu\",\"isPartOf\":{\"@id\":\"https:\/\/ibcparts.eu\/#website\"},\"primaryImageOfPage\":{\"@id\":\"https:\/\/ibcparts.eu\/izdelek\/odstranjevalec-listja-rapido\/#primaryimage\"},\"image\":{\"@id\":\"https:\/\/ibcparts.eu\/izdelek\/odstranjevalec-listja-rapido\/#primaryimage\"},\"thumbnailUrl\":\"https:\/\/ibcparts.eu\/wp-content\/uploads\/2021\/11\/filter-extra_orig.jpg\",\"datePublished\":\"2021-11-04T06:09:13+00:00\",\"dateModified\":\"2023-03-29T13:49:57+00:00\",\"description\":\"Deluje kot predfilter.Priporo\u010dljiva uporaba, kjer je veliko dreves - listja.\u200bNe potrebuje vzdr\u017eevanja.\",\"breadcrumb\":{\"@id\":\"https:\/\/ibcparts.eu\/izdelek\/odstranjevalec-listja-rapido\/#breadcrumb\"},\"inLanguage\":\"hu-HU\",\"potentialAction\":[{\"@type\":\"ReadAction\",\"target\":[\"https:\/\/ibcparts.eu\/izdelek\/odstranjevalec-listja-rapido\/\"]}]},{\"@type\":\"ImageObject\",\"inLanguage\":\"hu-HU\",\"@id\":\"https:\/\/ibcparts.eu\/izdelek\/odstranjevalec-listja-rapido\/#primaryimage\",\"url\":\"https:\/\/ibcparts.eu\/wp-content\/uploads\/2021\/11\/filter-extra_orig.jpg\",\"contentUrl\":\"https:\/\/ibcparts.eu\/wp-content\/uploads\/2021\/11\/filter-extra_orig.jpg\",\"width\":591,\"height\":591,\"caption\":\"filter-extra_orig\"},{\"@type\":\"BreadcrumbList\",\"@id\":\"https:\/\/ibcparts.eu\/izdelek\/odstranjevalec-listja-rapido\/#breadcrumb\",\"itemListElement\":[{\"@type\":\"ListItem\",\"position\":1,\"name\":\"Home\",\"item\":\"https:\/\/ibcparts.eu\/\"},{\"@type\":\"ListItem\",\"position\":2,\"name\":\"Nakupujte\",\"item\":\"https:\/\/ibcparts.eu\/nakupujte\/\"},{\"@type\":\"ListItem\",\"position\":3,\"name\":\"Odstranjevalec listja RAPIDO\"}]},{\"@type\":\"WebSite\",\"@id\":\"https:\/\/ibcparts.eu\/#website\",\"url\":\"https:\/\/ibcparts.eu\/\",\"name\":\"IBCparts.eu\",\"description\":\"\",\"publisher\":{\"@id\":\"https:\/\/ibcparts.eu\/#organization\"},\"potentialAction\":[{\"@type\":\"SearchAction\",\"target\":{\"@type\":\"EntryPoint\",\"urlTemplate\":\"https:\/\/ibcparts.eu\/?s={search_term_string}\"},\"query-input\":{\"@type\":\"PropertyValueSpecification\",\"valueRequired\":true,\"valueName\":\"search_term_string\"}}],\"inLanguage\":\"hu-HU\"},{\"@type\":\"Organization\",\"@id\":\"https:\/\/ibcparts.eu\/#organization\",\"name\":\"IBCparts\",\"url\":\"https:\/\/ibcparts.eu\/\",\"logo\":{\"@type\":\"ImageObject\",\"inLanguage\":\"hu-HU\",\"@id\":\"https:\/\/ibcparts.eu\/#\/schema\/logo\/image\/\",\"url\":\"https:\/\/ibcparts.eu\/wp-content\/uploads\/2021\/10\/Footer-Logo.png\",\"contentUrl\":\"https:\/\/ibcparts.eu\/wp-content\/uploads\/2021\/10\/Footer-Logo.png\",\"width\":1992,\"height\":772,\"caption\":\"IBCparts\"},\"image\":{\"@id\":\"https:\/\/ibcparts.eu\/#\/schema\/logo\/image\/\"}}]}<\/script>\n<!-- \/ Yoast SEO plugin. -->","yoast_head_json":{"title":"Lombelt\u00e1vol\u00edt\u00f3 RAPIDO | IBCparts.eu","description":"El\u0151sz\u0171r\u0151k\u00e9nt m\u0171k\u00f6dik.Aj\u00e1nlott olyan helyeken, ahol sok fa van - levelek.Karbantart\u00e1smentes.","robots":{"index":"index","follow":"follow","max-snippet":"max-snippet:-1","max-image-preview":"max-image-preview:large","max-video-preview":"max-video-preview:-1"},"canonical":"https:\/\/ibcparts.eu\/hu\/termek\/rapido-leveleltavolito\/","og_locale":"hu_HU","og_type":"article","og_title":"Odstranjevalec listja RAPIDO | IBCparts.eu","og_description":"Deluje kot predfilter.Priporo\u010dljiva uporaba, kjer je veliko dreves - listja.\u200bNe potrebuje vzdr\u017eevanja.","og_url":"https:\/\/ibcparts.eu\/hu\/termek\/rapido-leveleltavolito\/","og_site_name":"IBCparts.eu","article_modified_time":"2023-03-29T13:49:57+00:00","og_image":[{"width":591,"height":591,"url":"https:\/\/ibcparts.eu\/wp-content\/uploads\/2021\/11\/filter-extra_orig.jpg","type":"image\/jpeg"}],"twitter_card":"summary_large_image","schema":{"@context":"https:\/\/schema.org","@graph":[{"@type":"WebPage","@id":"https:\/\/ibcparts.eu\/izdelek\/odstranjevalec-listja-rapido\/","url":"https:\/\/ibcparts.eu\/izdelek\/odstranjevalec-listja-rapido\/","name":"Lombelt\u00e1vol\u00edt\u00f3 RAPIDO | IBCparts.eu","isPartOf":{"@id":"https:\/\/ibcparts.eu\/#website"},"primaryImageOfPage":{"@id":"https:\/\/ibcparts.eu\/izdelek\/odstranjevalec-listja-rapido\/#primaryimage"},"image":{"@id":"https:\/\/ibcparts.eu\/izdelek\/odstranjevalec-listja-rapido\/#primaryimage"},"thumbnailUrl":"https:\/\/ibcparts.eu\/wp-content\/uploads\/2021\/11\/filter-extra_orig.jpg","datePublished":"2021-11-04T06:09:13+00:00","dateModified":"2023-03-29T13:49:57+00:00","description":"El\u0151sz\u0171r\u0151k\u00e9nt m\u0171k\u00f6dik.Aj\u00e1nlott olyan helyeken, ahol sok fa van - levelek.Karbantart\u00e1smentes.","breadcrumb":{"@id":"https:\/\/ibcparts.eu\/izdelek\/odstranjevalec-listja-rapido\/#breadcrumb"},"inLanguage":"hu-HU","potentialAction":[{"@type":"ReadAction","target":["https:\/\/ibcparts.eu\/izdelek\/odstranjevalec-listja-rapido\/"]}]},{"@type":"ImageObject","inLanguage":"hu-HU","@id":"https:\/\/ibcparts.eu\/izdelek\/odstranjevalec-listja-rapido\/#primaryimage","url":"https:\/\/ibcparts.eu\/wp-content\/uploads\/2021\/11\/filter-extra_orig.jpg","contentUrl":"https:\/\/ibcparts.eu\/wp-content\/uploads\/2021\/11\/filter-extra_orig.jpg","width":591,"height":591,"caption":"filter-extra_orig"},{"@type":"BreadcrumbList","@id":"https:\/\/ibcparts.eu\/izdelek\/odstranjevalec-listja-rapido\/#breadcrumb","itemListElement":[{"@type":"ListItem","position":1,"name":"Home","item":"https:\/\/ibcparts.eu\/"},{"@type":"ListItem","position":2,"name":"Nakupujte","item":"https:\/\/ibcparts.eu\/nakupujte\/"},{"@type":"ListItem","position":3,"name":"Odstranjevalec listja RAPIDO"}]},{"@type":"WebSite","@id":"https:\/\/ibcparts.eu\/#website","url":"https:\/\/ibcparts.eu\/","name":"IBCparts.eu","description":"","publisher":{"@id":"https:\/\/ibcparts.eu\/#organization"},"potentialAction":[{"@type":"SearchAction","target":{"@type":"EntryPoint","urlTemplate":"https:\/\/ibcparts.eu\/?s={search_term_string}"},"query-input":{"@type":"PropertyValueSpecification","valueRequired":true,"valueName":"search_term_string"}}],"inLanguage":"hu-HU"},{"@type":"Organization","@id":"https:\/\/ibcparts.eu\/#organization","name":"IBCparts","url":"https:\/\/ibcparts.eu\/","logo":{"@type":"ImageObject","inLanguage":"hu-HU","@id":"https:\/\/ibcparts.eu\/#\/schema\/logo\/image\/","url":"https:\/\/ibcparts.eu\/wp-content\/uploads\/2021\/10\/Footer-Logo.png","contentUrl":"https:\/\/ibcparts.eu\/wp-content\/uploads\/2021\/10\/Footer-Logo.png","width":1992,"height":772,"caption":"IBCparts"},"image":{"@id":"https:\/\/ibcparts.eu\/#\/schema\/logo\/image\/"}}]}},"_links":{"self":[{"href":"https:\/\/ibcparts.eu\/hu\/wp-json\/wp\/v2\/product\/7001","targetHints":{"allow":["GET"]}}],"collection":[{"href":"https:\/\/ibcparts.eu\/hu\/wp-json\/wp\/v2\/product"}],"about":[{"href":"https:\/\/ibcparts.eu\/hu\/wp-json\/wp\/v2\/types\/product"}],"version-history":[{"count":0,"href":"https:\/\/ibcparts.eu\/hu\/wp-json\/wp\/v2\/product\/7001\/revisions"}],"wp:featuredmedia":[{"embeddable":true,"href":"https:\/\/ibcparts.eu\/hu\/wp-json\/wp\/v2\/media\/7002"}],"wp:attachment":[{"href":"https:\/\/ibcparts.eu\/hu\/wp-json\/wp\/v2\/media?parent=7001"}],"wp:term":[{"taxonomy":"product_brand","embeddable":true,"href":"https:\/\/ibcparts.eu\/hu\/wp-json\/wp\/v2\/product_brand?post=7001"},{"taxonomy":"product_cat","embeddable":true,"href":"https:\/\/ibcparts.eu\/hu\/wp-json\/wp\/v2\/product_cat?post=7001"},{"taxonomy":"product_tag","embeddable":true,"href":"https:\/\/ibcparts.eu\/hu\/wp-json\/wp\/v2\/product_tag?post=7001"}],"curies":[{"name":"wp","href":"https:\/\/api.w.org\/{rel}","templated":true}]}}