{"id":6933,"date":"2021-11-04T05:13:58","date_gmt":"2021-11-04T04:13:58","guid":{"rendered":"https:\/\/ibcparts.eu\/?post_type=product&#038;p=6933"},"modified":"2023-08-10T09:43:26","modified_gmt":"2023-08-10T08:43:26","slug":"quickflow-pipa-daljsi-rocaj","status":"publish","type":"product","link":"https:\/\/ibcparts.eu\/hu\/termek\/quickflow-csap-hosszu-karral\/","title":{"rendered":"QuickFlow csap 1\" - hosszabb foganty\u00fa"},"content":{"rendered":"","protected":false},"excerpt":{"rendered":"<p>Lehet\u0151v\u00e9 teszi a v\u00edz gyors be\u00e1raml\u00e1s\u00e1t az \u00f6nt\u00f6z\u0151kann\u00e1kba.<\/p>\n<p>Hosszabb ny\u00e9llel rendelkezik a hat\u00e9kony kerti haszn\u00e1lat \u00e9rdek\u00e9ben.<\/p>\n<p>Nem kompatibilis a kerti t\u00f6ml\u0151csatlakoz\u00f3kkal.<\/p>\n<p>Bels\u0151 \u00e1tm\u00e9r\u0151: 15 mm.<\/p>","protected":false},"featured_media":6934,"template":"","meta":[],"product_brand":[],"product_cat":[184],"product_tag":[],"class_list":{"0":"post-6933","1":"product","2":"type-product","3":"status-publish","4":"has-post-thumbnail","6":"product_cat-pipe-ventili-in-medeninasti-prikljucki","8":"first","9":"instock","10":"shipping-taxable","11":"purchasable","12":"product-type-simple"},"yoast_head":"<!-- This site is optimized with the Yoast SEO plugin v27.1.1 - https:\/\/yoast.com\/product\/yoast-seo-wordpress\/ -->\n<title>QuickFlow pipa 1&#039;&#039; - dalj\u0161i ro\u010daj | IBCparts.eu<\/title>\n<meta name=\"description\" content=\"QuickFlow pipa 1&quot; omogo\u010da hiter pretok vode v posode za zalivanje. Ima dalj\u0161i ro\u010daj, za u\u010dinkovito rabo na vrtu. Ni zdru\u017eljiva s priklju\u010dki za vrtno cev. Notranji premer: 15 mm.\" \/>\n<meta name=\"robots\" content=\"index, follow, max-snippet:-1, max-image-preview:large, max-video-preview:-1\" \/>\n<link rel=\"canonical\" href=\"https:\/\/ibcparts.eu\/hu\/termek\/quickflow-csap-hosszu-karral\/\" \/>\n<meta property=\"og:locale\" content=\"hu_HU\" \/>\n<meta property=\"og:type\" content=\"article\" \/>\n<meta property=\"og:title\" content=\"QuickFlow pipa 1&#039;&#039; - dalj\u0161i ro\u010daj | IBCparts.eu\" \/>\n<meta property=\"og:description\" content=\"QuickFlow pipa 1&quot; omogo\u010da hiter pretok vode v posode za zalivanje. Ima dalj\u0161i ro\u010daj, za u\u010dinkovito rabo na vrtu. Ni zdru\u017eljiva s priklju\u010dki za vrtno cev. Notranji premer: 15 mm.\" \/>\n<meta property=\"og:url\" content=\"https:\/\/ibcparts.eu\/hu\/termek\/quickflow-csap-hosszu-karral\/\" \/>\n<meta property=\"og:site_name\" content=\"IBCparts.eu\" \/>\n<meta property=\"article:modified_time\" content=\"2023-08-10T08:43:26+00:00\" \/>\n<meta property=\"og:image\" content=\"https:\/\/ibcparts.eu\/wp-content\/uploads\/2021\/11\/pipa-1-v2.jpg\" \/>\n\t<meta property=\"og:image:width\" content=\"800\" \/>\n\t<meta property=\"og:image:height\" content=\"800\" \/>\n\t<meta property=\"og:image:type\" content=\"image\/jpeg\" \/>\n<meta name=\"twitter:card\" content=\"summary_large_image\" \/>\n<script type=\"application\/ld+json\" class=\"yoast-schema-graph\">{\"@context\":\"https:\/\/schema.org\",\"@graph\":[{\"@type\":\"WebPage\",\"@id\":\"https:\/\/ibcparts.eu\/izdelek\/quickflow-pipa-daljsi-rocaj\/\",\"url\":\"https:\/\/ibcparts.eu\/izdelek\/quickflow-pipa-daljsi-rocaj\/\",\"name\":\"QuickFlow pipa 1'' - dalj\u0161i ro\u010daj | IBCparts.eu\",\"isPartOf\":{\"@id\":\"https:\/\/ibcparts.eu\/#website\"},\"primaryImageOfPage\":{\"@id\":\"https:\/\/ibcparts.eu\/izdelek\/quickflow-pipa-daljsi-rocaj\/#primaryimage\"},\"image\":{\"@id\":\"https:\/\/ibcparts.eu\/izdelek\/quickflow-pipa-daljsi-rocaj\/#primaryimage\"},\"thumbnailUrl\":\"https:\/\/ibcparts.eu\/wp-content\/uploads\/2021\/11\/pipa-1-v2.jpg\",\"datePublished\":\"2021-11-04T04:13:58+00:00\",\"dateModified\":\"2023-08-10T08:43:26+00:00\",\"description\":\"QuickFlow pipa 1\\\" omogo\u010da hiter pretok vode v posode za zalivanje. Ima dalj\u0161i ro\u010daj, za u\u010dinkovito rabo na vrtu. Ni zdru\u017eljiva s priklju\u010dki za vrtno cev. Notranji premer: 15 mm.\",\"breadcrumb\":{\"@id\":\"https:\/\/ibcparts.eu\/izdelek\/quickflow-pipa-daljsi-rocaj\/#breadcrumb\"},\"inLanguage\":\"hu-HU\",\"potentialAction\":[{\"@type\":\"ReadAction\",\"target\":[\"https:\/\/ibcparts.eu\/izdelek\/quickflow-pipa-daljsi-rocaj\/\"]}]},{\"@type\":\"ImageObject\",\"inLanguage\":\"hu-HU\",\"@id\":\"https:\/\/ibcparts.eu\/izdelek\/quickflow-pipa-daljsi-rocaj\/#primaryimage\",\"url\":\"https:\/\/ibcparts.eu\/wp-content\/uploads\/2021\/11\/pipa-1-v2.jpg\",\"contentUrl\":\"https:\/\/ibcparts.eu\/wp-content\/uploads\/2021\/11\/pipa-1-v2.jpg\",\"width\":800,\"height\":800,\"caption\":\"pipa-1-v2\"},{\"@type\":\"BreadcrumbList\",\"@id\":\"https:\/\/ibcparts.eu\/izdelek\/quickflow-pipa-daljsi-rocaj\/#breadcrumb\",\"itemListElement\":[{\"@type\":\"ListItem\",\"position\":1,\"name\":\"Home\",\"item\":\"https:\/\/ibcparts.eu\/\"},{\"@type\":\"ListItem\",\"position\":2,\"name\":\"Nakupujte\",\"item\":\"https:\/\/ibcparts.eu\/nakupujte\/\"},{\"@type\":\"ListItem\",\"position\":3,\"name\":\"QuickFlow pipa 1&#8221; &#8211; dalj\u0161i ro\u010daj\"}]},{\"@type\":\"WebSite\",\"@id\":\"https:\/\/ibcparts.eu\/#website\",\"url\":\"https:\/\/ibcparts.eu\/\",\"name\":\"IBCparts.eu\",\"description\":\"\",\"publisher\":{\"@id\":\"https:\/\/ibcparts.eu\/#organization\"},\"potentialAction\":[{\"@type\":\"SearchAction\",\"target\":{\"@type\":\"EntryPoint\",\"urlTemplate\":\"https:\/\/ibcparts.eu\/?s={search_term_string}\"},\"query-input\":{\"@type\":\"PropertyValueSpecification\",\"valueRequired\":true,\"valueName\":\"search_term_string\"}}],\"inLanguage\":\"hu-HU\"},{\"@type\":\"Organization\",\"@id\":\"https:\/\/ibcparts.eu\/#organization\",\"name\":\"IBCparts\",\"url\":\"https:\/\/ibcparts.eu\/\",\"logo\":{\"@type\":\"ImageObject\",\"inLanguage\":\"hu-HU\",\"@id\":\"https:\/\/ibcparts.eu\/#\/schema\/logo\/image\/\",\"url\":\"https:\/\/ibcparts.eu\/wp-content\/uploads\/2021\/10\/Footer-Logo.png\",\"contentUrl\":\"https:\/\/ibcparts.eu\/wp-content\/uploads\/2021\/10\/Footer-Logo.png\",\"width\":1992,\"height\":772,\"caption\":\"IBCparts\"},\"image\":{\"@id\":\"https:\/\/ibcparts.eu\/#\/schema\/logo\/image\/\"}}]}<\/script>\n<!-- \/ Yoast SEO plugin. -->","yoast_head_json":{"title":"QuickFlow csap 1'' - hosszabb ny\u00e9l | IBCparts.eu","description":"A QuickFlow 1\"-os csap gyors v\u00edz\u00e1raml\u00e1st biztos\u00edt az \u00f6nt\u00f6z\u0151kann\u00e1khoz. Hosszabb ny\u00e9llel rendelkezik a hat\u00e9kony kerti haszn\u00e1lat \u00e9rdek\u00e9ben. Nem kompatibilis a kerti t\u00f6ml\u0151csatlakoz\u00f3kkal. Bels\u0151 \u00e1tm\u00e9r\u0151: 15 mm.","robots":{"index":"index","follow":"follow","max-snippet":"max-snippet:-1","max-image-preview":"max-image-preview:large","max-video-preview":"max-video-preview:-1"},"canonical":"https:\/\/ibcparts.eu\/hu\/termek\/quickflow-csap-hosszu-karral\/","og_locale":"hu_HU","og_type":"article","og_title":"QuickFlow pipa 1'' - dalj\u0161i ro\u010daj | IBCparts.eu","og_description":"QuickFlow pipa 1\" omogo\u010da hiter pretok vode v posode za zalivanje. Ima dalj\u0161i ro\u010daj, za u\u010dinkovito rabo na vrtu. Ni zdru\u017eljiva s priklju\u010dki za vrtno cev. Notranji premer: 15 mm.","og_url":"https:\/\/ibcparts.eu\/hu\/termek\/quickflow-csap-hosszu-karral\/","og_site_name":"IBCparts.eu","article_modified_time":"2023-08-10T08:43:26+00:00","og_image":[{"width":800,"height":800,"url":"https:\/\/ibcparts.eu\/wp-content\/uploads\/2021\/11\/pipa-1-v2.jpg","type":"image\/jpeg"}],"twitter_card":"summary_large_image","schema":{"@context":"https:\/\/schema.org","@graph":[{"@type":"WebPage","@id":"https:\/\/ibcparts.eu\/izdelek\/quickflow-pipa-daljsi-rocaj\/","url":"https:\/\/ibcparts.eu\/izdelek\/quickflow-pipa-daljsi-rocaj\/","name":"QuickFlow csap 1'' - hosszabb ny\u00e9l | IBCparts.eu","isPartOf":{"@id":"https:\/\/ibcparts.eu\/#website"},"primaryImageOfPage":{"@id":"https:\/\/ibcparts.eu\/izdelek\/quickflow-pipa-daljsi-rocaj\/#primaryimage"},"image":{"@id":"https:\/\/ibcparts.eu\/izdelek\/quickflow-pipa-daljsi-rocaj\/#primaryimage"},"thumbnailUrl":"https:\/\/ibcparts.eu\/wp-content\/uploads\/2021\/11\/pipa-1-v2.jpg","datePublished":"2021-11-04T04:13:58+00:00","dateModified":"2023-08-10T08:43:26+00:00","description":"A QuickFlow 1\"-os csap gyors v\u00edz\u00e1raml\u00e1st biztos\u00edt az \u00f6nt\u00f6z\u0151kann\u00e1khoz. Hosszabb ny\u00e9llel rendelkezik a hat\u00e9kony kerti haszn\u00e1lat \u00e9rdek\u00e9ben. Nem kompatibilis a kerti t\u00f6ml\u0151csatlakoz\u00f3kkal. Bels\u0151 \u00e1tm\u00e9r\u0151: 15 mm.","breadcrumb":{"@id":"https:\/\/ibcparts.eu\/izdelek\/quickflow-pipa-daljsi-rocaj\/#breadcrumb"},"inLanguage":"hu-HU","potentialAction":[{"@type":"ReadAction","target":["https:\/\/ibcparts.eu\/izdelek\/quickflow-pipa-daljsi-rocaj\/"]}]},{"@type":"ImageObject","inLanguage":"hu-HU","@id":"https:\/\/ibcparts.eu\/izdelek\/quickflow-pipa-daljsi-rocaj\/#primaryimage","url":"https:\/\/ibcparts.eu\/wp-content\/uploads\/2021\/11\/pipa-1-v2.jpg","contentUrl":"https:\/\/ibcparts.eu\/wp-content\/uploads\/2021\/11\/pipa-1-v2.jpg","width":800,"height":800,"caption":"pipa-1-v2"},{"@type":"BreadcrumbList","@id":"https:\/\/ibcparts.eu\/izdelek\/quickflow-pipa-daljsi-rocaj\/#breadcrumb","itemListElement":[{"@type":"ListItem","position":1,"name":"Home","item":"https:\/\/ibcparts.eu\/"},{"@type":"ListItem","position":2,"name":"Nakupujte","item":"https:\/\/ibcparts.eu\/nakupujte\/"},{"@type":"ListItem","position":3,"name":"QuickFlow pipa 1&#8221; &#8211; dalj\u0161i ro\u010daj"}]},{"@type":"WebSite","@id":"https:\/\/ibcparts.eu\/#website","url":"https:\/\/ibcparts.eu\/","name":"IBCparts.eu","description":"","publisher":{"@id":"https:\/\/ibcparts.eu\/#organization"},"potentialAction":[{"@type":"SearchAction","target":{"@type":"EntryPoint","urlTemplate":"https:\/\/ibcparts.eu\/?s={search_term_string}"},"query-input":{"@type":"PropertyValueSpecification","valueRequired":true,"valueName":"search_term_string"}}],"inLanguage":"hu-HU"},{"@type":"Organization","@id":"https:\/\/ibcparts.eu\/#organization","name":"IBCparts","url":"https:\/\/ibcparts.eu\/","logo":{"@type":"ImageObject","inLanguage":"hu-HU","@id":"https:\/\/ibcparts.eu\/#\/schema\/logo\/image\/","url":"https:\/\/ibcparts.eu\/wp-content\/uploads\/2021\/10\/Footer-Logo.png","contentUrl":"https:\/\/ibcparts.eu\/wp-content\/uploads\/2021\/10\/Footer-Logo.png","width":1992,"height":772,"caption":"IBCparts"},"image":{"@id":"https:\/\/ibcparts.eu\/#\/schema\/logo\/image\/"}}]}},"_links":{"self":[{"href":"https:\/\/ibcparts.eu\/hu\/wp-json\/wp\/v2\/product\/6933","targetHints":{"allow":["GET"]}}],"collection":[{"href":"https:\/\/ibcparts.eu\/hu\/wp-json\/wp\/v2\/product"}],"about":[{"href":"https:\/\/ibcparts.eu\/hu\/wp-json\/wp\/v2\/types\/product"}],"version-history":[{"count":0,"href":"https:\/\/ibcparts.eu\/hu\/wp-json\/wp\/v2\/product\/6933\/revisions"}],"wp:featuredmedia":[{"embeddable":true,"href":"https:\/\/ibcparts.eu\/hu\/wp-json\/wp\/v2\/media\/6934"}],"wp:attachment":[{"href":"https:\/\/ibcparts.eu\/hu\/wp-json\/wp\/v2\/media?parent=6933"}],"wp:term":[{"taxonomy":"product_brand","embeddable":true,"href":"https:\/\/ibcparts.eu\/hu\/wp-json\/wp\/v2\/product_brand?post=6933"},{"taxonomy":"product_cat","embeddable":true,"href":"https:\/\/ibcparts.eu\/hu\/wp-json\/wp\/v2\/product_cat?post=6933"},{"taxonomy":"product_tag","embeddable":true,"href":"https:\/\/ibcparts.eu\/hu\/wp-json\/wp\/v2\/product_tag?post=6933"}],"curies":[{"name":"wp","href":"https:\/\/api.w.org\/{rel}","templated":true}]}}