{"id":6912,"date":"2021-11-04T05:01:17","date_gmt":"2021-11-04T05:01:17","guid":{"rendered":"https:\/\/ibcparts.eu\/?post_type=product&#038;p=6912"},"modified":"2025-12-28T16:48:05","modified_gmt":"2025-12-28T15:48:05","slug":"medeninast-gardena-nastavek","status":"publish","type":"product","link":"https:\/\/ibcparts.eu\/hu\/termek\/rez-gardena-csatlakozo\/","title":{"rendered":"Medeninast &#8220;gardena&#8221; nastavek (3\/4&#8243;, 1&#8243;)"},"content":{"rendered":"","protected":false},"excerpt":{"rendered":"<p>Kiv\u00e1l\u00f3 min\u0151s\u00e9g\u0171, s\u00e1rgar\u00e9zb\u0151l k\u00e9sz\u00fclt (nem rozsd\u00e1sod\u00f3) kattint\u00f3s szerelv\u00e9ny kerti t\u00f6ml\u0151h\u00f6z.<\/p>\n<p>Bels\u0151 menet.<\/p>\n<p>M\u00e9ret 3\/4\u2033 vagy 1\u2033.<\/p>","protected":false},"featured_media":19512,"template":"","meta":[],"product_brand":[],"product_cat":[184],"product_tag":[],"class_list":{"0":"post-6912","1":"product","2":"type-product","3":"status-publish","4":"has-post-thumbnail","6":"product_cat-pipe-ventili-in-medeninasti-prikljucki","8":"first","9":"instock","10":"shipping-taxable","11":"purchasable","12":"product-type-variable"},"yoast_head":"<!-- This site is optimized with the Yoast SEO plugin v27.1.1 - https:\/\/yoast.com\/product\/yoast-seo-wordpress\/ -->\n<title>Medeninast &quot;gardena&quot; nastavek (3\/4&quot;, 1&quot;) | IBCparts.eu<\/title>\n<meta name=\"description\" content=\"Medeninast priklju\u010dek za vrtno cev. Kvaliteten nastavek za vrtno cev, ki ne rjavi. \u017denski navoj. Velikost: 3\/4\u2033 ali 1\u2033. Tesnilo: EPDM\" \/>\n<meta name=\"robots\" content=\"index, follow, max-snippet:-1, max-image-preview:large, max-video-preview:-1\" \/>\n<link rel=\"canonical\" href=\"https:\/\/ibcparts.eu\/hu\/termek\/rez-gardena-csatlakozo\/\" \/>\n<meta property=\"og:locale\" content=\"hu_HU\" \/>\n<meta property=\"og:type\" content=\"article\" \/>\n<meta property=\"og:title\" content=\"Medeninast &quot;gardena&quot; nastavek (3\/4&quot;, 1&quot;) | IBCparts.eu\" \/>\n<meta property=\"og:description\" content=\"Medeninast priklju\u010dek za vrtno cev. Kvaliteten nastavek za vrtno cev, ki ne rjavi. \u017denski navoj. Velikost: 3\/4\u2033 ali 1\u2033. Tesnilo: EPDM\" \/>\n<meta property=\"og:url\" content=\"https:\/\/ibcparts.eu\/hu\/termek\/rez-gardena-csatlakozo\/\" \/>\n<meta property=\"og:site_name\" content=\"IBCparts.eu\" \/>\n<meta property=\"article:modified_time\" content=\"2025-12-28T15:48:05+00:00\" \/>\n<meta property=\"og:image\" content=\"https:\/\/ibcparts.eu\/wp-content\/uploads\/2021\/11\/medeninast-gardena-zenski-prikljucek-za-vrtno-cev.png\" \/>\n\t<meta property=\"og:image:width\" content=\"500\" \/>\n\t<meta property=\"og:image:height\" content=\"500\" \/>\n\t<meta property=\"og:image:type\" content=\"image\/png\" \/>\n<meta name=\"twitter:card\" content=\"summary_large_image\" \/>\n<script type=\"application\/ld+json\" class=\"yoast-schema-graph\">{\"@context\":\"https:\/\/schema.org\",\"@graph\":[{\"@type\":\"WebPage\",\"@id\":\"https:\/\/ibcparts.eu\/izdelek\/medeninast-gardena-nastavek\/\",\"url\":\"https:\/\/ibcparts.eu\/izdelek\/medeninast-gardena-nastavek\/\",\"name\":\"Medeninast \\\"gardena\\\" nastavek (3\/4\\\", 1\\\") | IBCparts.eu\",\"isPartOf\":{\"@id\":\"https:\/\/ibcparts.eu\/#website\"},\"primaryImageOfPage\":{\"@id\":\"https:\/\/ibcparts.eu\/izdelek\/medeninast-gardena-nastavek\/#primaryimage\"},\"image\":{\"@id\":\"https:\/\/ibcparts.eu\/izdelek\/medeninast-gardena-nastavek\/#primaryimage\"},\"thumbnailUrl\":\"https:\/\/ibcparts.eu\/wp-content\/uploads\/2021\/11\/medeninast-gardena-zenski-prikljucek-za-vrtno-cev.png\",\"datePublished\":\"2021-11-04T05:01:17+00:00\",\"dateModified\":\"2025-12-28T15:48:05+00:00\",\"description\":\"Medeninast priklju\u010dek za vrtno cev. Kvaliteten nastavek za vrtno cev, ki ne rjavi. \u017denski navoj. Velikost: 3\/4\u2033 ali 1\u2033. Tesnilo: EPDM\",\"breadcrumb\":{\"@id\":\"https:\/\/ibcparts.eu\/izdelek\/medeninast-gardena-nastavek\/#breadcrumb\"},\"inLanguage\":\"hu-HU\",\"potentialAction\":[{\"@type\":\"ReadAction\",\"target\":[\"https:\/\/ibcparts.eu\/izdelek\/medeninast-gardena-nastavek\/\"]}]},{\"@type\":\"ImageObject\",\"inLanguage\":\"hu-HU\",\"@id\":\"https:\/\/ibcparts.eu\/izdelek\/medeninast-gardena-nastavek\/#primaryimage\",\"url\":\"https:\/\/ibcparts.eu\/wp-content\/uploads\/2021\/11\/medeninast-gardena-zenski-prikljucek-za-vrtno-cev.png\",\"contentUrl\":\"https:\/\/ibcparts.eu\/wp-content\/uploads\/2021\/11\/medeninast-gardena-zenski-prikljucek-za-vrtno-cev.png\",\"width\":500,\"height\":500,\"caption\":\"medeninast gardena \u017eenski priklju\u010dek za vrtno cev\"},{\"@type\":\"BreadcrumbList\",\"@id\":\"https:\/\/ibcparts.eu\/izdelek\/medeninast-gardena-nastavek\/#breadcrumb\",\"itemListElement\":[{\"@type\":\"ListItem\",\"position\":1,\"name\":\"Home\",\"item\":\"https:\/\/ibcparts.eu\/\"},{\"@type\":\"ListItem\",\"position\":2,\"name\":\"Nakupujte\",\"item\":\"https:\/\/ibcparts.eu\/nakupujte\/\"},{\"@type\":\"ListItem\",\"position\":3,\"name\":\"Medeninast &#8220;gardena&#8221; nastavek (3\/4&#8243;, 1&#8243;)\"}]},{\"@type\":\"WebSite\",\"@id\":\"https:\/\/ibcparts.eu\/#website\",\"url\":\"https:\/\/ibcparts.eu\/\",\"name\":\"IBCparts.eu\",\"description\":\"\",\"publisher\":{\"@id\":\"https:\/\/ibcparts.eu\/#organization\"},\"potentialAction\":[{\"@type\":\"SearchAction\",\"target\":{\"@type\":\"EntryPoint\",\"urlTemplate\":\"https:\/\/ibcparts.eu\/?s={search_term_string}\"},\"query-input\":{\"@type\":\"PropertyValueSpecification\",\"valueRequired\":true,\"valueName\":\"search_term_string\"}}],\"inLanguage\":\"hu-HU\"},{\"@type\":\"Organization\",\"@id\":\"https:\/\/ibcparts.eu\/#organization\",\"name\":\"IBCparts\",\"url\":\"https:\/\/ibcparts.eu\/\",\"logo\":{\"@type\":\"ImageObject\",\"inLanguage\":\"hu-HU\",\"@id\":\"https:\/\/ibcparts.eu\/#\/schema\/logo\/image\/\",\"url\":\"https:\/\/ibcparts.eu\/wp-content\/uploads\/2021\/10\/Footer-Logo.png\",\"contentUrl\":\"https:\/\/ibcparts.eu\/wp-content\/uploads\/2021\/10\/Footer-Logo.png\",\"width\":1992,\"height\":772,\"caption\":\"IBCparts\"},\"image\":{\"@id\":\"https:\/\/ibcparts.eu\/#\/schema\/logo\/image\/\"}}]}<\/script>\n<!-- \/ Yoast SEO plugin. -->","yoast_head_json":{"title":"Medeninast \"gardena\" nastavek (3\/4\", 1\") | IBCparts.eu","description":"Medeninast priklju\u010dek za vrtno cev. Kvaliteten nastavek za vrtno cev, ki ne rjavi. \u017denski navoj. Velikost: 3\/4\u2033 ali 1\u2033. Tesnilo: EPDM","robots":{"index":"index","follow":"follow","max-snippet":"max-snippet:-1","max-image-preview":"max-image-preview:large","max-video-preview":"max-video-preview:-1"},"canonical":"https:\/\/ibcparts.eu\/hu\/termek\/rez-gardena-csatlakozo\/","og_locale":"hu_HU","og_type":"article","og_title":"Medeninast \"gardena\" nastavek (3\/4\", 1\") | IBCparts.eu","og_description":"Medeninast priklju\u010dek za vrtno cev. Kvaliteten nastavek za vrtno cev, ki ne rjavi. \u017denski navoj. Velikost: 3\/4\u2033 ali 1\u2033. Tesnilo: EPDM","og_url":"https:\/\/ibcparts.eu\/hu\/termek\/rez-gardena-csatlakozo\/","og_site_name":"IBCparts.eu","article_modified_time":"2025-12-28T15:48:05+00:00","og_image":[{"width":500,"height":500,"url":"https:\/\/ibcparts.eu\/wp-content\/uploads\/2021\/11\/medeninast-gardena-zenski-prikljucek-za-vrtno-cev.png","type":"image\/png"}],"twitter_card":"summary_large_image","schema":{"@context":"https:\/\/schema.org","@graph":[{"@type":"WebPage","@id":"https:\/\/ibcparts.eu\/izdelek\/medeninast-gardena-nastavek\/","url":"https:\/\/ibcparts.eu\/izdelek\/medeninast-gardena-nastavek\/","name":"Medeninast \"gardena\" nastavek (3\/4\", 1\") | IBCparts.eu","isPartOf":{"@id":"https:\/\/ibcparts.eu\/#website"},"primaryImageOfPage":{"@id":"https:\/\/ibcparts.eu\/izdelek\/medeninast-gardena-nastavek\/#primaryimage"},"image":{"@id":"https:\/\/ibcparts.eu\/izdelek\/medeninast-gardena-nastavek\/#primaryimage"},"thumbnailUrl":"https:\/\/ibcparts.eu\/wp-content\/uploads\/2021\/11\/medeninast-gardena-zenski-prikljucek-za-vrtno-cev.png","datePublished":"2021-11-04T05:01:17+00:00","dateModified":"2025-12-28T15:48:05+00:00","description":"Medeninast priklju\u010dek za vrtno cev. Kvaliteten nastavek za vrtno cev, ki ne rjavi. \u017denski navoj. Velikost: 3\/4\u2033 ali 1\u2033. Tesnilo: EPDM","breadcrumb":{"@id":"https:\/\/ibcparts.eu\/izdelek\/medeninast-gardena-nastavek\/#breadcrumb"},"inLanguage":"hu-HU","potentialAction":[{"@type":"ReadAction","target":["https:\/\/ibcparts.eu\/izdelek\/medeninast-gardena-nastavek\/"]}]},{"@type":"ImageObject","inLanguage":"hu-HU","@id":"https:\/\/ibcparts.eu\/izdelek\/medeninast-gardena-nastavek\/#primaryimage","url":"https:\/\/ibcparts.eu\/wp-content\/uploads\/2021\/11\/medeninast-gardena-zenski-prikljucek-za-vrtno-cev.png","contentUrl":"https:\/\/ibcparts.eu\/wp-content\/uploads\/2021\/11\/medeninast-gardena-zenski-prikljucek-za-vrtno-cev.png","width":500,"height":500,"caption":"medeninast gardena \u017eenski priklju\u010dek za vrtno cev"},{"@type":"BreadcrumbList","@id":"https:\/\/ibcparts.eu\/izdelek\/medeninast-gardena-nastavek\/#breadcrumb","itemListElement":[{"@type":"ListItem","position":1,"name":"Home","item":"https:\/\/ibcparts.eu\/"},{"@type":"ListItem","position":2,"name":"Nakupujte","item":"https:\/\/ibcparts.eu\/nakupujte\/"},{"@type":"ListItem","position":3,"name":"Medeninast &#8220;gardena&#8221; nastavek (3\/4&#8243;, 1&#8243;)"}]},{"@type":"WebSite","@id":"https:\/\/ibcparts.eu\/#website","url":"https:\/\/ibcparts.eu\/","name":"IBCparts.eu","description":"","publisher":{"@id":"https:\/\/ibcparts.eu\/#organization"},"potentialAction":[{"@type":"SearchAction","target":{"@type":"EntryPoint","urlTemplate":"https:\/\/ibcparts.eu\/?s={search_term_string}"},"query-input":{"@type":"PropertyValueSpecification","valueRequired":true,"valueName":"search_term_string"}}],"inLanguage":"hu-HU"},{"@type":"Organization","@id":"https:\/\/ibcparts.eu\/#organization","name":"IBCparts","url":"https:\/\/ibcparts.eu\/","logo":{"@type":"ImageObject","inLanguage":"hu-HU","@id":"https:\/\/ibcparts.eu\/#\/schema\/logo\/image\/","url":"https:\/\/ibcparts.eu\/wp-content\/uploads\/2021\/10\/Footer-Logo.png","contentUrl":"https:\/\/ibcparts.eu\/wp-content\/uploads\/2021\/10\/Footer-Logo.png","width":1992,"height":772,"caption":"IBCparts"},"image":{"@id":"https:\/\/ibcparts.eu\/#\/schema\/logo\/image\/"}}]}},"_links":{"self":[{"href":"https:\/\/ibcparts.eu\/hu\/wp-json\/wp\/v2\/product\/6912","targetHints":{"allow":["GET"]}}],"collection":[{"href":"https:\/\/ibcparts.eu\/hu\/wp-json\/wp\/v2\/product"}],"about":[{"href":"https:\/\/ibcparts.eu\/hu\/wp-json\/wp\/v2\/types\/product"}],"version-history":[{"count":1,"href":"https:\/\/ibcparts.eu\/hu\/wp-json\/wp\/v2\/product\/6912\/revisions"}],"predecessor-version":[{"id":19513,"href":"https:\/\/ibcparts.eu\/hu\/wp-json\/wp\/v2\/product\/6912\/revisions\/19513"}],"wp:featuredmedia":[{"embeddable":true,"href":"https:\/\/ibcparts.eu\/hu\/wp-json\/wp\/v2\/media\/19512"}],"wp:attachment":[{"href":"https:\/\/ibcparts.eu\/hu\/wp-json\/wp\/v2\/media?parent=6912"}],"wp:term":[{"taxonomy":"product_brand","embeddable":true,"href":"https:\/\/ibcparts.eu\/hu\/wp-json\/wp\/v2\/product_brand?post=6912"},{"taxonomy":"product_cat","embeddable":true,"href":"https:\/\/ibcparts.eu\/hu\/wp-json\/wp\/v2\/product_cat?post=6912"},{"taxonomy":"product_tag","embeddable":true,"href":"https:\/\/ibcparts.eu\/hu\/wp-json\/wp\/v2\/product_tag?post=6912"}],"curies":[{"name":"wp","href":"https:\/\/api.w.org\/{rel}","templated":true}]}}