{"id":6841,"date":"2021-10-20T20:33:56","date_gmt":"2021-10-20T19:33:56","guid":{"rendered":"https:\/\/ibcparts.eu\/?post_type=product&#038;p=6841"},"modified":"2025-12-30T17:51:03","modified_gmt":"2025-12-30T16:51:03","slug":"filter-kosara-2","status":"publish","type":"product","link":"https:\/\/ibcparts.eu\/hu\/termek\/szurokosar-2\/","title":{"rendered":"Sz\u0171r\u0151kos\u00e1r 2\u2033"},"content":{"rendered":"","protected":false},"excerpt":{"rendered":"<p>Filter ko\u0161ara z 2&#8243; mo\u0161kim navojem.<\/p>\n<p data-start=\"187\" data-end=\"475\">Kakovostna <strong data-start=\"198\" data-end=\"241\">filter ko\u0161ara z drobno kovinsko mre\u017eico<\/strong> je namenjena zanesljivemu prestrezanju ne\u010disto\u010d, peska in drugih delcev ter tako u\u010dinkovito \u0161\u010diti cevi, \u010drpalke in druge dele sistema. Robustna zasnova zagotavlja dolgo \u017eivljenjsko dobo in zanesljivo delovanje tudi pri redni uporabi.<\/p>\n<h4 data-start=\"477\" data-end=\"499\">F\u0151 el\u0151ny\u00f6k:<\/h4>\n<p data-start=\"502\" data-end=\"565\">\u2714\ufe0f <strong data-start=\"505\" data-end=\"530\">Fina kovinska (jeklena) mre\u017eica<\/strong> za u\u010dinkovito filtriranje delcev<\/p>\n<p data-start=\"568\" data-end=\"627\">\u2714\ufe0f <strong data-start=\"571\" data-end=\"591\">Trpe\u017een material<\/strong><\/p>\n<p data-start=\"630\" data-end=\"668\">\u2714\ufe0f <strong data-start=\"633\" data-end=\"666\">Enostavna monta\u017ea in \u010di\u0161\u010denje<\/strong><\/p>\n<p data-start=\"671\" data-end=\"736\">\u2714\ufe0f Podalj\u0161uje \u017eivljenjsko dobo sistema in zmanj\u0161uje vzdr\u017eevanje<\/p>\n<p data-start=\"739\" data-end=\"802\">\u2714\ufe0f Primerna za <strong data-start=\"754\" data-end=\"802\">industrijsko, kmetijsko ali tehni\u010dno uporabo<\/strong><\/p>\n<p data-start=\"739\" data-end=\"802\">\n<p>Primerna tudi za monta\u017eo na spodnji del <a href=\"https:\/\/ibcparts.eu\/product\/pokrov-z-oddusnikom\/\">na\u0161ega pokrova.<\/a><\/p>\n<p>Na spodnjo stran originalnega IBC pokrova je ne morete priviti, ker ta nima navoja s spodnje strani.<\/p>","protected":false},"featured_media":19566,"template":"","meta":[],"product_brand":[],"product_cat":[186],"product_tag":[513],"class_list":{"0":"post-6841","1":"product","2":"type-product","3":"status-publish","4":"has-post-thumbnail","6":"product_cat-filtri-za-dezevnico-in-pvc-redukcije","7":"product_tag-filter","9":"first","10":"instock","11":"shipping-taxable","12":"purchasable","13":"product-type-simple"},"yoast_head":"<!-- This site is optimized with the Yoast SEO plugin v27.1.1 - https:\/\/yoast.com\/product\/yoast-seo-wordpress\/ -->\n<title>Filter ko\u0161ara 2&quot; | IBCparts.eu<\/title>\n<meta name=\"description\" content=\"Filter ko\u0161ara z 2&quot; mo\u0161kim navojem. Jeklena mre\u017eica. Primerna tudi za monta\u017eo na spodnji del pokrova z dvema izhodoma (#91) ali z oddu\u0161nikom (#173)\" \/>\n<meta name=\"robots\" content=\"index, follow, max-snippet:-1, max-image-preview:large, max-video-preview:-1\" \/>\n<link rel=\"canonical\" href=\"https:\/\/ibcparts.eu\/hu\/termek\/szurokosar-2\/\" \/>\n<meta property=\"og:locale\" content=\"hu_HU\" \/>\n<meta property=\"og:type\" content=\"article\" \/>\n<meta property=\"og:title\" content=\"Filter ko\u0161ara 2&quot; | IBCparts.eu\" \/>\n<meta property=\"og:description\" content=\"Filter ko\u0161ara z 2&quot; mo\u0161kim navojem. Jeklena mre\u017eica. Primerna tudi za monta\u017eo na spodnji del pokrova z dvema izhodoma (#91) ali z oddu\u0161nikom (#173)\" \/>\n<meta property=\"og:url\" content=\"https:\/\/ibcparts.eu\/hu\/termek\/szurokosar-2\/\" \/>\n<meta property=\"og:site_name\" content=\"IBCparts.eu\" \/>\n<meta property=\"article:modified_time\" content=\"2025-12-30T16:51:03+00:00\" \/>\n<meta property=\"og:image\" content=\"https:\/\/ibcparts.eu\/wp-content\/uploads\/2021\/10\/Jeklena-filter-kosara.png\" \/>\n\t<meta property=\"og:image:width\" content=\"500\" \/>\n\t<meta property=\"og:image:height\" content=\"500\" \/>\n\t<meta property=\"og:image:type\" content=\"image\/png\" \/>\n<meta name=\"twitter:card\" content=\"summary_large_image\" \/>\n<script type=\"application\/ld+json\" class=\"yoast-schema-graph\">{\"@context\":\"https:\/\/schema.org\",\"@graph\":[{\"@type\":\"WebPage\",\"@id\":\"https:\/\/ibcparts.eu\/izdelek\/filter-kosara-2\/\",\"url\":\"https:\/\/ibcparts.eu\/izdelek\/filter-kosara-2\/\",\"name\":\"Filter ko\u0161ara 2\\\" | IBCparts.eu\",\"isPartOf\":{\"@id\":\"https:\/\/ibcparts.eu\/#website\"},\"primaryImageOfPage\":{\"@id\":\"https:\/\/ibcparts.eu\/izdelek\/filter-kosara-2\/#primaryimage\"},\"image\":{\"@id\":\"https:\/\/ibcparts.eu\/izdelek\/filter-kosara-2\/#primaryimage\"},\"thumbnailUrl\":\"https:\/\/ibcparts.eu\/wp-content\/uploads\/2021\/10\/Jeklena-filter-kosara.png\",\"datePublished\":\"2021-10-20T19:33:56+00:00\",\"dateModified\":\"2025-12-30T16:51:03+00:00\",\"description\":\"Filter ko\u0161ara z 2\\\" mo\u0161kim navojem. Jeklena mre\u017eica. Primerna tudi za monta\u017eo na spodnji del pokrova z dvema izhodoma (#91) ali z oddu\u0161nikom (#173)\",\"breadcrumb\":{\"@id\":\"https:\/\/ibcparts.eu\/izdelek\/filter-kosara-2\/#breadcrumb\"},\"inLanguage\":\"hu-HU\",\"potentialAction\":[{\"@type\":\"ReadAction\",\"target\":[\"https:\/\/ibcparts.eu\/izdelek\/filter-kosara-2\/\"]}]},{\"@type\":\"ImageObject\",\"inLanguage\":\"hu-HU\",\"@id\":\"https:\/\/ibcparts.eu\/izdelek\/filter-kosara-2\/#primaryimage\",\"url\":\"https:\/\/ibcparts.eu\/wp-content\/uploads\/2021\/10\/Jeklena-filter-kosara.png\",\"contentUrl\":\"https:\/\/ibcparts.eu\/wp-content\/uploads\/2021\/10\/Jeklena-filter-kosara.png\",\"width\":500,\"height\":500,\"caption\":\"Jeklena filter ko\u0161ara\"},{\"@type\":\"BreadcrumbList\",\"@id\":\"https:\/\/ibcparts.eu\/izdelek\/filter-kosara-2\/#breadcrumb\",\"itemListElement\":[{\"@type\":\"ListItem\",\"position\":1,\"name\":\"Home\",\"item\":\"https:\/\/ibcparts.eu\/\"},{\"@type\":\"ListItem\",\"position\":2,\"name\":\"Nakupujte\",\"item\":\"https:\/\/ibcparts.eu\/nakupujte\/\"},{\"@type\":\"ListItem\",\"position\":3,\"name\":\"Filter ko\u0161ara 2&#8243;\"}]},{\"@type\":\"WebSite\",\"@id\":\"https:\/\/ibcparts.eu\/#website\",\"url\":\"https:\/\/ibcparts.eu\/\",\"name\":\"IBCparts.eu\",\"description\":\"\",\"publisher\":{\"@id\":\"https:\/\/ibcparts.eu\/#organization\"},\"potentialAction\":[{\"@type\":\"SearchAction\",\"target\":{\"@type\":\"EntryPoint\",\"urlTemplate\":\"https:\/\/ibcparts.eu\/?s={search_term_string}\"},\"query-input\":{\"@type\":\"PropertyValueSpecification\",\"valueRequired\":true,\"valueName\":\"search_term_string\"}}],\"inLanguage\":\"hu-HU\"},{\"@type\":\"Organization\",\"@id\":\"https:\/\/ibcparts.eu\/#organization\",\"name\":\"IBCparts\",\"url\":\"https:\/\/ibcparts.eu\/\",\"logo\":{\"@type\":\"ImageObject\",\"inLanguage\":\"hu-HU\",\"@id\":\"https:\/\/ibcparts.eu\/#\/schema\/logo\/image\/\",\"url\":\"https:\/\/ibcparts.eu\/wp-content\/uploads\/2021\/10\/Footer-Logo.png\",\"contentUrl\":\"https:\/\/ibcparts.eu\/wp-content\/uploads\/2021\/10\/Footer-Logo.png\",\"width\":1992,\"height\":772,\"caption\":\"IBCparts\"},\"image\":{\"@id\":\"https:\/\/ibcparts.eu\/#\/schema\/logo\/image\/\"}}]}<\/script>\n<!-- \/ Yoast SEO plugin. -->","yoast_head_json":{"title":"Sz\u0171r\u0151kos\u00e1r 2\" | IBCparts.eu","description":"Sz\u0171r\u0151kos\u00e1r 2\"-os k\u00fcls\u0151 menettel. Ac\u00e9lh\u00e1l\u00f3. Alkalmas a motorh\u00e1ztet\u0151 als\u00f3 r\u00e9sz\u00e9re t\u00f6rt\u00e9n\u0151 felszerel\u00e9sre is, k\u00e9t kivezet\u00e9ssel (#91) vagy szell\u0151z\u0151vel (#173).","robots":{"index":"index","follow":"follow","max-snippet":"max-snippet:-1","max-image-preview":"max-image-preview:large","max-video-preview":"max-video-preview:-1"},"canonical":"https:\/\/ibcparts.eu\/hu\/termek\/szurokosar-2\/","og_locale":"hu_HU","og_type":"article","og_title":"Filter ko\u0161ara 2\" | IBCparts.eu","og_description":"Filter ko\u0161ara z 2\" mo\u0161kim navojem. Jeklena mre\u017eica. Primerna tudi za monta\u017eo na spodnji del pokrova z dvema izhodoma (#91) ali z oddu\u0161nikom (#173)","og_url":"https:\/\/ibcparts.eu\/hu\/termek\/szurokosar-2\/","og_site_name":"IBCparts.eu","article_modified_time":"2025-12-30T16:51:03+00:00","og_image":[{"width":500,"height":500,"url":"https:\/\/ibcparts.eu\/wp-content\/uploads\/2021\/10\/Jeklena-filter-kosara.png","type":"image\/png"}],"twitter_card":"summary_large_image","schema":{"@context":"https:\/\/schema.org","@graph":[{"@type":"WebPage","@id":"https:\/\/ibcparts.eu\/izdelek\/filter-kosara-2\/","url":"https:\/\/ibcparts.eu\/izdelek\/filter-kosara-2\/","name":"Sz\u0171r\u0151kos\u00e1r 2\" | IBCparts.eu","isPartOf":{"@id":"https:\/\/ibcparts.eu\/#website"},"primaryImageOfPage":{"@id":"https:\/\/ibcparts.eu\/izdelek\/filter-kosara-2\/#primaryimage"},"image":{"@id":"https:\/\/ibcparts.eu\/izdelek\/filter-kosara-2\/#primaryimage"},"thumbnailUrl":"https:\/\/ibcparts.eu\/wp-content\/uploads\/2021\/10\/Jeklena-filter-kosara.png","datePublished":"2021-10-20T19:33:56+00:00","dateModified":"2025-12-30T16:51:03+00:00","description":"Sz\u0171r\u0151kos\u00e1r 2\"-os k\u00fcls\u0151 menettel. Ac\u00e9lh\u00e1l\u00f3. Alkalmas a motorh\u00e1ztet\u0151 als\u00f3 r\u00e9sz\u00e9re t\u00f6rt\u00e9n\u0151 felszerel\u00e9sre is, k\u00e9t kivezet\u00e9ssel (#91) vagy szell\u0151z\u0151vel (#173).","breadcrumb":{"@id":"https:\/\/ibcparts.eu\/izdelek\/filter-kosara-2\/#breadcrumb"},"inLanguage":"hu-HU","potentialAction":[{"@type":"ReadAction","target":["https:\/\/ibcparts.eu\/izdelek\/filter-kosara-2\/"]}]},{"@type":"ImageObject","inLanguage":"hu-HU","@id":"https:\/\/ibcparts.eu\/izdelek\/filter-kosara-2\/#primaryimage","url":"https:\/\/ibcparts.eu\/wp-content\/uploads\/2021\/10\/Jeklena-filter-kosara.png","contentUrl":"https:\/\/ibcparts.eu\/wp-content\/uploads\/2021\/10\/Jeklena-filter-kosara.png","width":500,"height":500,"caption":"Jeklena filter ko\u0161ara"},{"@type":"BreadcrumbList","@id":"https:\/\/ibcparts.eu\/izdelek\/filter-kosara-2\/#breadcrumb","itemListElement":[{"@type":"ListItem","position":1,"name":"Home","item":"https:\/\/ibcparts.eu\/"},{"@type":"ListItem","position":2,"name":"Nakupujte","item":"https:\/\/ibcparts.eu\/nakupujte\/"},{"@type":"ListItem","position":3,"name":"Filter ko\u0161ara 2&#8243;"}]},{"@type":"WebSite","@id":"https:\/\/ibcparts.eu\/#website","url":"https:\/\/ibcparts.eu\/","name":"IBCparts.eu","description":"","publisher":{"@id":"https:\/\/ibcparts.eu\/#organization"},"potentialAction":[{"@type":"SearchAction","target":{"@type":"EntryPoint","urlTemplate":"https:\/\/ibcparts.eu\/?s={search_term_string}"},"query-input":{"@type":"PropertyValueSpecification","valueRequired":true,"valueName":"search_term_string"}}],"inLanguage":"hu-HU"},{"@type":"Organization","@id":"https:\/\/ibcparts.eu\/#organization","name":"IBCparts","url":"https:\/\/ibcparts.eu\/","logo":{"@type":"ImageObject","inLanguage":"hu-HU","@id":"https:\/\/ibcparts.eu\/#\/schema\/logo\/image\/","url":"https:\/\/ibcparts.eu\/wp-content\/uploads\/2021\/10\/Footer-Logo.png","contentUrl":"https:\/\/ibcparts.eu\/wp-content\/uploads\/2021\/10\/Footer-Logo.png","width":1992,"height":772,"caption":"IBCparts"},"image":{"@id":"https:\/\/ibcparts.eu\/#\/schema\/logo\/image\/"}}]}},"_links":{"self":[{"href":"https:\/\/ibcparts.eu\/hu\/wp-json\/wp\/v2\/product\/6841","targetHints":{"allow":["GET"]}}],"collection":[{"href":"https:\/\/ibcparts.eu\/hu\/wp-json\/wp\/v2\/product"}],"about":[{"href":"https:\/\/ibcparts.eu\/hu\/wp-json\/wp\/v2\/types\/product"}],"version-history":[{"count":1,"href":"https:\/\/ibcparts.eu\/hu\/wp-json\/wp\/v2\/product\/6841\/revisions"}],"predecessor-version":[{"id":19567,"href":"https:\/\/ibcparts.eu\/hu\/wp-json\/wp\/v2\/product\/6841\/revisions\/19567"}],"wp:featuredmedia":[{"embeddable":true,"href":"https:\/\/ibcparts.eu\/hu\/wp-json\/wp\/v2\/media\/19566"}],"wp:attachment":[{"href":"https:\/\/ibcparts.eu\/hu\/wp-json\/wp\/v2\/media?parent=6841"}],"wp:term":[{"taxonomy":"product_brand","embeddable":true,"href":"https:\/\/ibcparts.eu\/hu\/wp-json\/wp\/v2\/product_brand?post=6841"},{"taxonomy":"product_cat","embeddable":true,"href":"https:\/\/ibcparts.eu\/hu\/wp-json\/wp\/v2\/product_cat?post=6841"},{"taxonomy":"product_tag","embeddable":true,"href":"https:\/\/ibcparts.eu\/hu\/wp-json\/wp\/v2\/product_tag?post=6841"}],"curies":[{"name":"wp","href":"https:\/\/api.w.org\/{rel}","templated":true}]}}