{"id":6404,"date":"2021-10-16T19:12:42","date_gmt":"2021-10-16T18:12:42","guid":{"rendered":"https:\/\/ibcparts.eu\/?post_type=product&#038;p=6404"},"modified":"2025-12-31T11:43:51","modified_gmt":"2025-12-31T10:43:51","slug":"komplet-vortex-34gf","status":"publish","type":"product","link":"https:\/\/ibcparts.eu\/hu\/termek\/komplet-vortex-34gf\/","title":{"rendered":"Vortex 3\/4\" GF k\u00e9szlet"},"content":{"rendered":"","protected":false},"excerpt":{"rendered":"<div>\n<p>A  bemutat\u00e1sa\u00a0<strong>VORTEX 3\/4\u2033 GardenFlow k\u00e9szlet IBC tart\u00e1lyokhoz<\/strong><\/p>\n<ul>\n<li data-start=\"207\" data-end=\"251\"><strong data-start=\"207\" data-end=\"220\">Vrtljiv adapter za la\u017ejo monta\u017eo na IBC cisterno.<\/strong><\/li>\n<li data-start=\"207\" data-end=\"251\" class=\" translation-block\"><strong data-start=\"204\" data-end=\"216\">T\u00f6m\u00edt\u00e9s:<\/strong> tiszta anyagb\u00f3l k\u00e9sz\u00fclt EPDM gumi, <strong data-start=\"244\" data-end=\"267\">exkluz\u00edvan n\u00e1lunk<\/strong><\/li>\n<li data-start=\"254\" data-end=\"319\" class=\" translation-block\"><strong data-start=\"218\" data-end=\"230\">T\u00f6m\u00edt\u00e9s:<\/strong> tiszta anyagb\u00f3l k\u00e9sz\u00fclt EPDM gumi, <strong data-start=\"258\" data-end=\"281\">exkluz\u00edvan n\u00e1lunk<\/strong><\/li>\n<li data-start=\"322\" data-end=\"424\"><strong data-start=\"322\" data-end=\"331\">Pipa:<\/strong>\u00a0<strong data-start=\"332\" data-end=\"351\">3\/4\u2033 GardenFlow<\/strong>\u00a0 \u2013 notranji premer pipe: 10 mm.<\/li>\n<li data-start=\"495\" data-end=\"553\"><strong data-start=\"495\" data-end=\"507\">Monta\u017ea:<\/strong>\u00a0sestavljeno za vas, pripravljeno za uporabo<\/li>\n<li data-start=\"556\" data-end=\"615\"><strong data-start=\"556\" data-end=\"575\">Compatibiliteit:<\/strong>\u00a0IBC cisterne z navojem\u00a0<strong data-start=\"599\" data-end=\"615\">S60x6 (DN50) \u2013 to je klasi\u010dni, najbolj pogost navoj na cisternah.<\/strong><\/li>\n<\/ul>\n<\/div>\n<div class=\"paragraph\">\n<p class=\" translation-block\">Az ezen az oldalon bemutatott k\u00e9szlet <strong>m\u00e1r \u00f6ssze van szerelve<\/strong>, \u00e9s olyan IBC tart\u00e1lyokhoz alkalmas, amelyek szelepeinek k\u00fcls\u0151 menet\u00e9nek \u00e1tm\u00e9r\u0151je 55\u201360 mm, a menetemelked\u00e9s pedig kb. 6 mm (durva menet).<\/p>\n<\/div>","protected":false},"featured_media":16181,"template":"","meta":[],"product_brand":[],"product_cat":[174],"product_tag":[],"class_list":{"0":"post-6404","1":"product","2":"type-product","3":"status-publish","4":"has-post-thumbnail","6":"product_cat-kompleti-vortex","8":"first","9":"instock","10":"shipping-taxable","11":"purchasable","12":"product-type-simple"},"yoast_head":"<!-- This site is optimized with the Yoast SEO plugin v27.1.1 - https:\/\/yoast.com\/product\/yoast-seo-wordpress\/ -->\n<title>Komplet Vortex 3\/4&quot; GF | IBCparts.eu<\/title>\n<meta name=\"description\" content=\"Komplet VORTEX za IBC cisterno z ventilom S60x6 s 3\/4&quot; GardenFlow pipo.\" \/>\n<meta name=\"robots\" content=\"index, follow, max-snippet:-1, max-image-preview:large, max-video-preview:-1\" \/>\n<link rel=\"canonical\" href=\"https:\/\/ibcparts.eu\/hu\/produkt\/komplet-vortex-34gf\/\" \/>\n<meta property=\"og:locale\" content=\"hu_HU\" \/>\n<meta property=\"og:type\" content=\"article\" \/>\n<meta property=\"og:title\" content=\"Komplet Vortex 3\/4&quot; GF | IBCparts.eu\" \/>\n<meta property=\"og:description\" content=\"Komplet VORTEX za IBC cisterno z ventilom S60x6 s 3\/4&quot; GardenFlow pipo.\" \/>\n<meta property=\"og:url\" content=\"https:\/\/ibcparts.eu\/hu\/produkt\/komplet-vortex-34gf\/\" \/>\n<meta property=\"og:site_name\" content=\"IBCparts.eu\" \/>\n<meta property=\"article:modified_time\" content=\"2025-12-31T10:43:51+00:00\" \/>\n<meta property=\"og:image\" content=\"https:\/\/ibcparts.eu\/wp-content\/uploads\/2021\/10\/komplet-vortex-34-gf_orig.png\" \/>\n\t<meta property=\"og:image:width\" content=\"500\" \/>\n\t<meta property=\"og:image:height\" content=\"500\" \/>\n\t<meta property=\"og:image:type\" content=\"image\/png\" \/>\n<meta name=\"twitter:card\" content=\"summary_large_image\" \/>\n<script type=\"application\/ld+json\" class=\"yoast-schema-graph\">{\"@context\":\"https:\/\/schema.org\",\"@graph\":[{\"@type\":\"WebPage\",\"@id\":\"https:\/\/ibcparts.eu\/de\/produkt\/komplet-vortex-34gf\/\",\"url\":\"https:\/\/ibcparts.eu\/de\/produkt\/komplet-vortex-34gf\/\",\"name\":\"Komplet Vortex 3\/4\\\" GF | IBCparts.eu\",\"isPartOf\":{\"@id\":\"https:\/\/ibcparts.eu\/#website\"},\"primaryImageOfPage\":{\"@id\":\"https:\/\/ibcparts.eu\/de\/produkt\/komplet-vortex-34gf\/#primaryimage\"},\"image\":{\"@id\":\"https:\/\/ibcparts.eu\/de\/produkt\/komplet-vortex-34gf\/#primaryimage\"},\"thumbnailUrl\":\"https:\/\/ibcparts.eu\/wp-content\/uploads\/2021\/10\/komplet-vortex-34-gf_orig.png\",\"datePublished\":\"2021-10-16T18:12:42+00:00\",\"dateModified\":\"2025-12-31T10:43:51+00:00\",\"description\":\"Komplet VORTEX za IBC cisterno z ventilom S60x6 s 3\/4\\\" GardenFlow pipo.\",\"breadcrumb\":{\"@id\":\"https:\/\/ibcparts.eu\/de\/produkt\/komplet-vortex-34gf\/#breadcrumb\"},\"inLanguage\":\"hu\",\"potentialAction\":[{\"@type\":\"ReadAction\",\"target\":[\"https:\/\/ibcparts.eu\/de\/produkt\/komplet-vortex-34gf\/\"]}]},{\"@type\":\"ImageObject\",\"inLanguage\":\"hu\",\"@id\":\"https:\/\/ibcparts.eu\/de\/produkt\/komplet-vortex-34gf\/#primaryimage\",\"url\":\"https:\/\/ibcparts.eu\/wp-content\/uploads\/2021\/10\/komplet-vortex-34-gf_orig.png\",\"contentUrl\":\"https:\/\/ibcparts.eu\/wp-content\/uploads\/2021\/10\/komplet-vortex-34-gf_orig.png\",\"width\":500,\"height\":500},{\"@type\":\"BreadcrumbList\",\"@id\":\"https:\/\/ibcparts.eu\/de\/produkt\/komplet-vortex-34gf\/#breadcrumb\",\"itemListElement\":[{\"@type\":\"ListItem\",\"position\":1,\"name\":\"Home\",\"item\":\"https:\/\/ibcparts.eu\/\"},{\"@type\":\"ListItem\",\"position\":2,\"name\":\"Nakupujte\",\"item\":\"https:\/\/ibcparts.eu\/nakupujte\/\"},{\"@type\":\"ListItem\",\"position\":3,\"name\":\"Komplet Vortex 3\/4&#8243; GF\"}]},{\"@type\":\"WebSite\",\"@id\":\"https:\/\/ibcparts.eu\/#website\",\"url\":\"https:\/\/ibcparts.eu\/\",\"name\":\"IBCparts.eu\",\"description\":\"\",\"publisher\":{\"@id\":\"https:\/\/ibcparts.eu\/#organization\"},\"potentialAction\":[{\"@type\":\"SearchAction\",\"target\":{\"@type\":\"EntryPoint\",\"urlTemplate\":\"https:\/\/ibcparts.eu\/?s={search_term_string}\"},\"query-input\":{\"@type\":\"PropertyValueSpecification\",\"valueRequired\":true,\"valueName\":\"search_term_string\"}}],\"inLanguage\":\"hu\"},{\"@type\":\"Organization\",\"@id\":\"https:\/\/ibcparts.eu\/#organization\",\"name\":\"IBCparts\",\"url\":\"https:\/\/ibcparts.eu\/\",\"logo\":{\"@type\":\"ImageObject\",\"inLanguage\":\"hu\",\"@id\":\"https:\/\/ibcparts.eu\/#\/schema\/logo\/image\/\",\"url\":\"https:\/\/ibcparts.eu\/wp-content\/uploads\/2021\/10\/Footer-Logo.png\",\"contentUrl\":\"https:\/\/ibcparts.eu\/wp-content\/uploads\/2021\/10\/Footer-Logo.png\",\"width\":1992,\"height\":772,\"caption\":\"IBCparts\"},\"image\":{\"@id\":\"https:\/\/ibcparts.eu\/#\/schema\/logo\/image\/\"}}]}<\/script>\n<!-- \/ Yoast SEO plugin. -->","yoast_head_json":{"title":"Vortex 3\/4\" GF k\u00e9szlet | IBCparts.eu","description":"VORTEX IBC tart\u00e1lyk\u00e9szlet S60x6 szeleppel, 3\/4\" GardenFlow csapokkal.","robots":{"index":"index","follow":"follow","max-snippet":"max-snippet:-1","max-image-preview":"max-image-preview:large","max-video-preview":"max-video-preview:-1"},"canonical":"https:\/\/ibcparts.eu\/hu\/produkt\/komplet-vortex-34gf\/","og_locale":"hu_HU","og_type":"article","og_title":"Komplet Vortex 3\/4\" GF | IBCparts.eu","og_description":"Komplet VORTEX za IBC cisterno z ventilom S60x6 s 3\/4\" GardenFlow pipo.","og_url":"https:\/\/ibcparts.eu\/hu\/produkt\/komplet-vortex-34gf\/","og_site_name":"IBCparts.eu","article_modified_time":"2025-12-31T10:43:51+00:00","og_image":[{"width":500,"height":500,"url":"https:\/\/ibcparts.eu\/wp-content\/uploads\/2021\/10\/komplet-vortex-34-gf_orig.png","type":"image\/png"}],"twitter_card":"summary_large_image","schema":{"@context":"https:\/\/schema.org","@graph":[{"@type":"WebPage","@id":"https:\/\/ibcparts.eu\/de\/produkt\/komplet-vortex-34gf\/","url":"https:\/\/ibcparts.eu\/de\/produkt\/komplet-vortex-34gf\/","name":"Vortex 3\/4\" GF k\u00e9szlet | IBCparts.eu","isPartOf":{"@id":"https:\/\/ibcparts.eu\/#website"},"primaryImageOfPage":{"@id":"https:\/\/ibcparts.eu\/de\/produkt\/komplet-vortex-34gf\/#primaryimage"},"image":{"@id":"https:\/\/ibcparts.eu\/de\/produkt\/komplet-vortex-34gf\/#primaryimage"},"thumbnailUrl":"https:\/\/ibcparts.eu\/wp-content\/uploads\/2021\/10\/komplet-vortex-34-gf_orig.png","datePublished":"2021-10-16T18:12:42+00:00","dateModified":"2025-12-31T10:43:51+00:00","description":"VORTEX IBC tart\u00e1lyk\u00e9szlet S60x6 szeleppel, 3\/4\" GardenFlow csapokkal.","breadcrumb":{"@id":"https:\/\/ibcparts.eu\/de\/produkt\/komplet-vortex-34gf\/#breadcrumb"},"inLanguage":"hu","potentialAction":[{"@type":"ReadAction","target":["https:\/\/ibcparts.eu\/de\/produkt\/komplet-vortex-34gf\/"]}]},{"@type":"ImageObject","inLanguage":"hu","@id":"https:\/\/ibcparts.eu\/de\/produkt\/komplet-vortex-34gf\/#primaryimage","url":"https:\/\/ibcparts.eu\/wp-content\/uploads\/2021\/10\/komplet-vortex-34-gf_orig.png","contentUrl":"https:\/\/ibcparts.eu\/wp-content\/uploads\/2021\/10\/komplet-vortex-34-gf_orig.png","width":500,"height":500},{"@type":"BreadcrumbList","@id":"https:\/\/ibcparts.eu\/de\/produkt\/komplet-vortex-34gf\/#breadcrumb","itemListElement":[{"@type":"ListItem","position":1,"name":"Home","item":"https:\/\/ibcparts.eu\/"},{"@type":"ListItem","position":2,"name":"Nakupujte","item":"https:\/\/ibcparts.eu\/nakupujte\/"},{"@type":"ListItem","position":3,"name":"Komplet Vortex 3\/4&#8243; GF"}]},{"@type":"WebSite","@id":"https:\/\/ibcparts.eu\/#website","url":"https:\/\/ibcparts.eu\/","name":"IBCparts.eu","description":"","publisher":{"@id":"https:\/\/ibcparts.eu\/#organization"},"potentialAction":[{"@type":"SearchAction","target":{"@type":"EntryPoint","urlTemplate":"https:\/\/ibcparts.eu\/?s={search_term_string}"},"query-input":{"@type":"PropertyValueSpecification","valueRequired":true,"valueName":"search_term_string"}}],"inLanguage":"hu"},{"@type":"Organization","@id":"https:\/\/ibcparts.eu\/#organization","name":"IBCparts","url":"https:\/\/ibcparts.eu\/","logo":{"@type":"ImageObject","inLanguage":"hu","@id":"https:\/\/ibcparts.eu\/#\/schema\/logo\/image\/","url":"https:\/\/ibcparts.eu\/wp-content\/uploads\/2021\/10\/Footer-Logo.png","contentUrl":"https:\/\/ibcparts.eu\/wp-content\/uploads\/2021\/10\/Footer-Logo.png","width":1992,"height":772,"caption":"IBCparts"},"image":{"@id":"https:\/\/ibcparts.eu\/#\/schema\/logo\/image\/"}}]}},"_links":{"self":[{"href":"https:\/\/ibcparts.eu\/hu\/wp-json\/wp\/v2\/product\/6404","targetHints":{"allow":["GET"]}}],"collection":[{"href":"https:\/\/ibcparts.eu\/hu\/wp-json\/wp\/v2\/product"}],"about":[{"href":"https:\/\/ibcparts.eu\/hu\/wp-json\/wp\/v2\/types\/product"}],"version-history":[{"count":3,"href":"https:\/\/ibcparts.eu\/hu\/wp-json\/wp\/v2\/product\/6404\/revisions"}],"predecessor-version":[{"id":19658,"href":"https:\/\/ibcparts.eu\/hu\/wp-json\/wp\/v2\/product\/6404\/revisions\/19658"}],"wp:featuredmedia":[{"embeddable":true,"href":"https:\/\/ibcparts.eu\/hu\/wp-json\/wp\/v2\/media\/16181"}],"wp:attachment":[{"href":"https:\/\/ibcparts.eu\/hu\/wp-json\/wp\/v2\/media?parent=6404"}],"wp:term":[{"taxonomy":"product_brand","embeddable":true,"href":"https:\/\/ibcparts.eu\/hu\/wp-json\/wp\/v2\/product_brand?post=6404"},{"taxonomy":"product_cat","embeddable":true,"href":"https:\/\/ibcparts.eu\/hu\/wp-json\/wp\/v2\/product_cat?post=6404"},{"taxonomy":"product_tag","embeddable":true,"href":"https:\/\/ibcparts.eu\/hu\/wp-json\/wp\/v2\/product_tag?post=6404"}],"curies":[{"name":"wp","href":"https:\/\/api.w.org\/{rel}","templated":true}]}}