{"id":6276,"date":"2021-10-15T20:14:24","date_gmt":"2021-10-15T19:14:24","guid":{"rendered":"https:\/\/ibcparts.eu\/?post_type=product&#038;p=6276"},"modified":"2025-12-27T18:48:59","modified_gmt":"2025-12-27T17:48:59","slug":"reducir-extra-1-2-3-4-in-1-za-ibc-cisterne-z-ventilom-s60","status":"publish","type":"product","link":"https:\/\/ibcparts.eu\/hu\/termek\/extra-1-2-3-4-az-1-ben-szukito-ibc-tartalyhoz-s60-szeleppel\/","title":{"rendered":"EXTRA reduktor (1\/2\" \u00e9s 1\u2033) az S60 szeleppel ell\u00e1tott IBC tart\u00e1lyokhoz"},"content":{"rendered":"<p class=\" translation-block\">Prosimo vas, da preberete spodnja opozorila\/navodila.<br>\r\n\u200b<br>\r\n<strong>Opozorilo:<\/strong><br>\r\nCisterne so na prvi pogled enake, vendar se med seboj razlikujejo. Najve\u010dja razlika je prav v ventilih. Standarden in najbolj pogost zunanji premer ventila je 60mm. V praksi se lahko razlikuje in je med&nbsp;<strong>55 in 62mm<\/strong>.<br>\r\nReducirji EXTRA so zasnovani tako, da ustrezajo vsem grobim navojem na ventilih premera 60mm (S60x6). Glede na malenkostne razlike v \u201cstandardnih\u201d navojih ventilov, je lahko ob\u010dutek pri monta\u017ei reducirja&nbsp;razli\u010den. Lahko se popolnoma prilega, lahko gre malenkost ohlapno ali malenkost bolj na tesno. Ko ga privija\u010dimo do konca, zadeva tesni in je fiksna.<br>\r\nReducirji EXTRA imajo tesnilo iz&nbsp;<a href=\"https:\/\/en.wikipedia.org\/wiki\/Nitrile_rubber\" target=\"_self\">NBR&nbsp;<\/a>gume, ki odli\u010dno tesni. Kljub temu je priporo\u010dljivo, da je lice ventila brez ve\u010djih nepravilnosti.<\/p>\n<p class=\" translation-block\"><strong>Nasvet1:<\/strong><br>\r\nPred monta\u017eo bodite pozorni na to, da je lice ventila cisterne (kamor montiramo reducir)&nbsp;<strong>gladko in nepo\u0161kodovano<\/strong>. Nove cisterne imajo aluminijasto plombo na odprtini ventila \u2013 \u010de je ta povr\u0161no odstranjena, je lahko to vzrok slab\u0161ega tesnjenja. Vsakr\u0161ne nepravilnosti na ventilu odstranite oz pobrusite s smirkovim papirjem pred prvo monta\u017eo reducirja.<br>\r\n\u200b<br>\r\n<strong>Nasvet2:<\/strong><br>\r\n\u200bPri monta\u017ei kakr\u0161nega koli priklju\u010dka na ta reducir, obvezno uporabite teflonski trak. Le tako lahko zagotovite popolno tesnenje in pravilno pozicijo pipe oz. priklju\u010dka.<\/p>","protected":false},"excerpt":{"rendered":"<p class=\" translation-block\"><span style=\"font-size: large;\">\u200bKvaliteten, ekstra mo\u010dan reducir za IBC cisterno..<br>\r\nNa pogled manj privla\u010den, a funkcijsko odli\u010den.<\/span><\/p>\n<p class=\" translation-block\">Za cisterne z ventilom fi 55-62mm, grobi navoj S60x6 (DN50).<br>\r\nTip navoja na sredini: \u017denski BSP navoj v dveh razli\u010dnih dimenzijah.<br>\r\nPrimerno za vse klasi\u010dne pipe na trgu. Standard BSP.<\/p>\n<p>Material: \u010cista, kvalitetna PP plastika<br \/>\nSz\u00edn: feh\u00e9r<br \/>\nAz EXTRA reduktorok t\u00f6m\u00edt\u00e9se a k\u00f6vetkez\u0151 anyagb\u00f3l k\u00e9sz\u00fclt\u00a0\u00a0<a href=\"https:\/\/en.wikipedia.org\/wiki\/Nitrile_rubber\">NBR\u00a0<\/a>gumi.<\/p>\n<p class=\" translation-block\">Pri uporabi kovinske pipe svetujemo uporabo teflona.<br>\r\nOdli\u010dno tesnjenje in visoka vzdr\u017eljivost!<br>\r\n\u200b<br>\r\n<strong>Opcije:<\/strong><\/p>\n<ul>\n<li>1\/2\"-os bels\u0151 menet,<\/li>\n<li>1\u2033 bels\u0151 menet.<\/li>\n<\/ul>","protected":false},"featured_media":15911,"template":"","meta":[],"product_brand":[],"product_cat":[170,298],"product_tag":[],"class_list":{"0":"post-6276","1":"product","2":"type-product","3":"status-publish","4":"has-post-thumbnail","6":"product_cat-reducirji-in-prikljucki-za-ibc","7":"product_cat-prikljucki-za-cisterno-z-navojem-s60x6","9":"first","10":"instock","11":"sale","12":"shipping-taxable","13":"purchasable","14":"product-type-variable"},"yoast_head":"<!-- This site is optimized with the Yoast SEO plugin v27.1.1 - https:\/\/yoast.com\/product\/yoast-seo-wordpress\/ -->\n<title>Reducir EXTRA (1\/2&#039;&#039; in 1&quot;) za IBC cisterne z ventilom S60 | IBCparts.eu<\/title>\n<meta name=\"description\" content=\"\u200bKvaliteten, zelo mo\u010dan reducir namenjen za vse vrste rabe.Na pogled manj privla\u010den, a funkcijsko odli\u010den.\" \/>\n<meta name=\"robots\" content=\"index, follow, max-snippet:-1, max-image-preview:large, max-video-preview:-1\" \/>\n<link rel=\"canonical\" href=\"https:\/\/ibcparts.eu\/hu\/termek\/extra-1-2-3-4-az-1-ben-szukito-ibc-tartalyhoz-s60-szeleppel\/\" \/>\n<meta property=\"og:locale\" content=\"hu_HU\" \/>\n<meta property=\"og:type\" content=\"article\" \/>\n<meta property=\"og:title\" content=\"Reducir EXTRA (1\/2&#039;&#039; in 1&quot;) za IBC cisterne z ventilom S60 | IBCparts.eu\" \/>\n<meta property=\"og:description\" content=\"\u200bKvaliteten, zelo mo\u010dan reducir namenjen za vse vrste rabe.Na pogled manj privla\u010den, a funkcijsko odli\u010den.\" \/>\n<meta property=\"og:url\" content=\"https:\/\/ibcparts.eu\/hu\/termek\/extra-1-2-3-4-az-1-ben-szukito-ibc-tartalyhoz-s60-szeleppel\/\" \/>\n<meta property=\"og:site_name\" content=\"IBCparts.eu\" \/>\n<meta property=\"article:modified_time\" content=\"2025-12-27T17:48:59+00:00\" \/>\n<meta property=\"og:image\" content=\"https:\/\/ibcparts.eu\/wp-content\/uploads\/2021\/10\/Reducir-Extra-12x.png\" \/>\n\t<meta property=\"og:image:width\" content=\"500\" \/>\n\t<meta property=\"og:image:height\" content=\"500\" \/>\n\t<meta property=\"og:image:type\" content=\"image\/png\" \/>\n<meta name=\"twitter:card\" content=\"summary_large_image\" \/>\n<meta name=\"twitter:label1\" content=\"Est. reading time\" \/>\n\t<meta name=\"twitter:data1\" content=\"1 minute\" \/>\n<script type=\"application\/ld+json\" class=\"yoast-schema-graph\">{\"@context\":\"https:\/\/schema.org\",\"@graph\":[{\"@type\":\"WebPage\",\"@id\":\"https:\/\/ibcparts.eu\/izdelek\/reducir-extra-1-2-3-4-in-1-za-ibc-cisterne-z-ventilom-s60\/\",\"url\":\"https:\/\/ibcparts.eu\/izdelek\/reducir-extra-1-2-3-4-in-1-za-ibc-cisterne-z-ventilom-s60\/\",\"name\":\"Reducir EXTRA (1\/2'' in 1\\\") za IBC cisterne z ventilom S60 | IBCparts.eu\",\"isPartOf\":{\"@id\":\"https:\/\/ibcparts.eu\/#website\"},\"primaryImageOfPage\":{\"@id\":\"https:\/\/ibcparts.eu\/izdelek\/reducir-extra-1-2-3-4-in-1-za-ibc-cisterne-z-ventilom-s60\/#primaryimage\"},\"image\":{\"@id\":\"https:\/\/ibcparts.eu\/izdelek\/reducir-extra-1-2-3-4-in-1-za-ibc-cisterne-z-ventilom-s60\/#primaryimage\"},\"thumbnailUrl\":\"https:\/\/ibcparts.eu\/wp-content\/uploads\/2021\/10\/Reducir-Extra-12x.png\",\"datePublished\":\"2021-10-15T19:14:24+00:00\",\"dateModified\":\"2025-12-27T17:48:59+00:00\",\"description\":\"\u200bKvaliteten, zelo mo\u010dan reducir namenjen za vse vrste rabe.Na pogled manj privla\u010den, a funkcijsko odli\u010den.\",\"breadcrumb\":{\"@id\":\"https:\/\/ibcparts.eu\/izdelek\/reducir-extra-1-2-3-4-in-1-za-ibc-cisterne-z-ventilom-s60\/#breadcrumb\"},\"inLanguage\":\"hu-HU\",\"potentialAction\":[{\"@type\":\"ReadAction\",\"target\":[\"https:\/\/ibcparts.eu\/izdelek\/reducir-extra-1-2-3-4-in-1-za-ibc-cisterne-z-ventilom-s60\/\"]}]},{\"@type\":\"ImageObject\",\"inLanguage\":\"hu-HU\",\"@id\":\"https:\/\/ibcparts.eu\/izdelek\/reducir-extra-1-2-3-4-in-1-za-ibc-cisterne-z-ventilom-s60\/#primaryimage\",\"url\":\"https:\/\/ibcparts.eu\/wp-content\/uploads\/2021\/10\/Reducir-Extra-12x.png\",\"contentUrl\":\"https:\/\/ibcparts.eu\/wp-content\/uploads\/2021\/10\/Reducir-Extra-12x.png\",\"width\":500,\"height\":500},{\"@type\":\"BreadcrumbList\",\"@id\":\"https:\/\/ibcparts.eu\/izdelek\/reducir-extra-1-2-3-4-in-1-za-ibc-cisterne-z-ventilom-s60\/#breadcrumb\",\"itemListElement\":[{\"@type\":\"ListItem\",\"position\":1,\"name\":\"Home\",\"item\":\"https:\/\/ibcparts.eu\/\"},{\"@type\":\"ListItem\",\"position\":2,\"name\":\"Nakupujte\",\"item\":\"https:\/\/ibcparts.eu\/nakupujte\/\"},{\"@type\":\"ListItem\",\"position\":3,\"name\":\"Reducir EXTRA (1\/2&#8221; in 1&#8243;) za IBC cisterne z ventilom S60\"}]},{\"@type\":\"WebSite\",\"@id\":\"https:\/\/ibcparts.eu\/#website\",\"url\":\"https:\/\/ibcparts.eu\/\",\"name\":\"IBCparts.eu\",\"description\":\"\",\"publisher\":{\"@id\":\"https:\/\/ibcparts.eu\/#organization\"},\"potentialAction\":[{\"@type\":\"SearchAction\",\"target\":{\"@type\":\"EntryPoint\",\"urlTemplate\":\"https:\/\/ibcparts.eu\/?s={search_term_string}\"},\"query-input\":{\"@type\":\"PropertyValueSpecification\",\"valueRequired\":true,\"valueName\":\"search_term_string\"}}],\"inLanguage\":\"hu-HU\"},{\"@type\":\"Organization\",\"@id\":\"https:\/\/ibcparts.eu\/#organization\",\"name\":\"IBCparts\",\"url\":\"https:\/\/ibcparts.eu\/\",\"logo\":{\"@type\":\"ImageObject\",\"inLanguage\":\"hu-HU\",\"@id\":\"https:\/\/ibcparts.eu\/#\/schema\/logo\/image\/\",\"url\":\"https:\/\/ibcparts.eu\/wp-content\/uploads\/2021\/10\/Footer-Logo.png\",\"contentUrl\":\"https:\/\/ibcparts.eu\/wp-content\/uploads\/2021\/10\/Footer-Logo.png\",\"width\":1992,\"height\":772,\"caption\":\"IBCparts\"},\"image\":{\"@id\":\"https:\/\/ibcparts.eu\/#\/schema\/logo\/image\/\"}}]}<\/script>\n<!-- \/ Yoast SEO plugin. -->","yoast_head_json":{"title":"EXTRA reduktor (1\/2'' \u00e9s 1\") IBC tart\u00e1lyokhoz S60 szeleppel | IBCparts.eu","description":"Kiv\u00e1l\u00f3 min\u0151s\u00e9g\u0171, nagyon er\u0151s reduktor minden felhaszn\u00e1l\u00e1si c\u00e9lra.Kev\u00e9sb\u00e9 vonz\u00f3 l\u00e1tv\u00e1ny, de funkcion\u00e1lisan kiv\u00e1l\u00f3.","robots":{"index":"index","follow":"follow","max-snippet":"max-snippet:-1","max-image-preview":"max-image-preview:large","max-video-preview":"max-video-preview:-1"},"canonical":"https:\/\/ibcparts.eu\/hu\/termek\/extra-1-2-3-4-az-1-ben-szukito-ibc-tartalyhoz-s60-szeleppel\/","og_locale":"hu_HU","og_type":"article","og_title":"Reducir EXTRA (1\/2'' in 1\") za IBC cisterne z ventilom S60 | IBCparts.eu","og_description":"\u200bKvaliteten, zelo mo\u010dan reducir namenjen za vse vrste rabe.Na pogled manj privla\u010den, a funkcijsko odli\u010den.","og_url":"https:\/\/ibcparts.eu\/hu\/termek\/extra-1-2-3-4-az-1-ben-szukito-ibc-tartalyhoz-s60-szeleppel\/","og_site_name":"IBCparts.eu","article_modified_time":"2025-12-27T17:48:59+00:00","og_image":[{"width":500,"height":500,"url":"https:\/\/ibcparts.eu\/wp-content\/uploads\/2021\/10\/Reducir-Extra-12x.png","type":"image\/png"}],"twitter_card":"summary_large_image","twitter_misc":{"Est. reading time":"1 minute"},"schema":{"@context":"https:\/\/schema.org","@graph":[{"@type":"WebPage","@id":"https:\/\/ibcparts.eu\/izdelek\/reducir-extra-1-2-3-4-in-1-za-ibc-cisterne-z-ventilom-s60\/","url":"https:\/\/ibcparts.eu\/izdelek\/reducir-extra-1-2-3-4-in-1-za-ibc-cisterne-z-ventilom-s60\/","name":"EXTRA reduktor (1\/2'' \u00e9s 1\") IBC tart\u00e1lyokhoz S60 szeleppel | IBCparts.eu","isPartOf":{"@id":"https:\/\/ibcparts.eu\/#website"},"primaryImageOfPage":{"@id":"https:\/\/ibcparts.eu\/izdelek\/reducir-extra-1-2-3-4-in-1-za-ibc-cisterne-z-ventilom-s60\/#primaryimage"},"image":{"@id":"https:\/\/ibcparts.eu\/izdelek\/reducir-extra-1-2-3-4-in-1-za-ibc-cisterne-z-ventilom-s60\/#primaryimage"},"thumbnailUrl":"https:\/\/ibcparts.eu\/wp-content\/uploads\/2021\/10\/Reducir-Extra-12x.png","datePublished":"2021-10-15T19:14:24+00:00","dateModified":"2025-12-27T17:48:59+00:00","description":"Kiv\u00e1l\u00f3 min\u0151s\u00e9g\u0171, nagyon er\u0151s reduktor minden felhaszn\u00e1l\u00e1si c\u00e9lra.Kev\u00e9sb\u00e9 vonz\u00f3 l\u00e1tv\u00e1ny, de funkcion\u00e1lisan kiv\u00e1l\u00f3.","breadcrumb":{"@id":"https:\/\/ibcparts.eu\/izdelek\/reducir-extra-1-2-3-4-in-1-za-ibc-cisterne-z-ventilom-s60\/#breadcrumb"},"inLanguage":"hu-HU","potentialAction":[{"@type":"ReadAction","target":["https:\/\/ibcparts.eu\/izdelek\/reducir-extra-1-2-3-4-in-1-za-ibc-cisterne-z-ventilom-s60\/"]}]},{"@type":"ImageObject","inLanguage":"hu-HU","@id":"https:\/\/ibcparts.eu\/izdelek\/reducir-extra-1-2-3-4-in-1-za-ibc-cisterne-z-ventilom-s60\/#primaryimage","url":"https:\/\/ibcparts.eu\/wp-content\/uploads\/2021\/10\/Reducir-Extra-12x.png","contentUrl":"https:\/\/ibcparts.eu\/wp-content\/uploads\/2021\/10\/Reducir-Extra-12x.png","width":500,"height":500},{"@type":"BreadcrumbList","@id":"https:\/\/ibcparts.eu\/izdelek\/reducir-extra-1-2-3-4-in-1-za-ibc-cisterne-z-ventilom-s60\/#breadcrumb","itemListElement":[{"@type":"ListItem","position":1,"name":"Home","item":"https:\/\/ibcparts.eu\/"},{"@type":"ListItem","position":2,"name":"Nakupujte","item":"https:\/\/ibcparts.eu\/nakupujte\/"},{"@type":"ListItem","position":3,"name":"Reducir EXTRA (1\/2&#8221; in 1&#8243;) za IBC cisterne z ventilom S60"}]},{"@type":"WebSite","@id":"https:\/\/ibcparts.eu\/#website","url":"https:\/\/ibcparts.eu\/","name":"IBCparts.eu","description":"","publisher":{"@id":"https:\/\/ibcparts.eu\/#organization"},"potentialAction":[{"@type":"SearchAction","target":{"@type":"EntryPoint","urlTemplate":"https:\/\/ibcparts.eu\/?s={search_term_string}"},"query-input":{"@type":"PropertyValueSpecification","valueRequired":true,"valueName":"search_term_string"}}],"inLanguage":"hu-HU"},{"@type":"Organization","@id":"https:\/\/ibcparts.eu\/#organization","name":"IBCparts","url":"https:\/\/ibcparts.eu\/","logo":{"@type":"ImageObject","inLanguage":"hu-HU","@id":"https:\/\/ibcparts.eu\/#\/schema\/logo\/image\/","url":"https:\/\/ibcparts.eu\/wp-content\/uploads\/2021\/10\/Footer-Logo.png","contentUrl":"https:\/\/ibcparts.eu\/wp-content\/uploads\/2021\/10\/Footer-Logo.png","width":1992,"height":772,"caption":"IBCparts"},"image":{"@id":"https:\/\/ibcparts.eu\/#\/schema\/logo\/image\/"}}]}},"_links":{"self":[{"href":"https:\/\/ibcparts.eu\/hu\/wp-json\/wp\/v2\/product\/6276","targetHints":{"allow":["GET"]}}],"collection":[{"href":"https:\/\/ibcparts.eu\/hu\/wp-json\/wp\/v2\/product"}],"about":[{"href":"https:\/\/ibcparts.eu\/hu\/wp-json\/wp\/v2\/types\/product"}],"version-history":[{"count":2,"href":"https:\/\/ibcparts.eu\/hu\/wp-json\/wp\/v2\/product\/6276\/revisions"}],"predecessor-version":[{"id":19472,"href":"https:\/\/ibcparts.eu\/hu\/wp-json\/wp\/v2\/product\/6276\/revisions\/19472"}],"wp:featuredmedia":[{"embeddable":true,"href":"https:\/\/ibcparts.eu\/hu\/wp-json\/wp\/v2\/media\/15911"}],"wp:attachment":[{"href":"https:\/\/ibcparts.eu\/hu\/wp-json\/wp\/v2\/media?parent=6276"}],"wp:term":[{"taxonomy":"product_brand","embeddable":true,"href":"https:\/\/ibcparts.eu\/hu\/wp-json\/wp\/v2\/product_brand?post=6276"},{"taxonomy":"product_cat","embeddable":true,"href":"https:\/\/ibcparts.eu\/hu\/wp-json\/wp\/v2\/product_cat?post=6276"},{"taxonomy":"product_tag","embeddable":true,"href":"https:\/\/ibcparts.eu\/hu\/wp-json\/wp\/v2\/product_tag?post=6276"}],"curies":[{"name":"wp","href":"https:\/\/api.w.org\/{rel}","templated":true}]}}