{"id":6239,"date":"2021-10-15T19:11:33","date_gmt":"2021-10-15T18:11:33","guid":{"rendered":"https:\/\/ibcparts.eu\/?post_type=product&#038;p=6239"},"modified":"2026-04-09T10:19:37","modified_gmt":"2026-04-09T09:19:37","slug":"reducir-eco-1-2-3-4-in-1-za-ibc-cisterne-z-ventilom-s60","status":"publish","type":"product","link":"https:\/\/ibcparts.eu\/hu\/termek\/reducir-eco-1-2-3-4-in-1-za-ibc-cisterne-z-ventilom-s60\/","title":{"rendered":"Reducir ECO S60 za IBC cisterno (1\/2&#8221;, 3\/4&#8243; in 1&#8243;) z gumijastim tesnilom"},"content":{"rendered":"<p>\u200bKvaliteten in preverjen reducir ECO za cisterne z ventilom fi 55-62mm, grobi navoj S60x6 (DN50). To je najpogostej\u0161i tip ventila na IBC cisternah.<\/p>\n<ul>\n<li><strong>K\u00f6z\u00e9ps\u0151 menett\u00edpus<\/strong> Notranji (\u017eenski) BSP navoj v treh razli\u010dnih dimenzijah.<\/li>\n<li><strong>Anyag:\u00a0<\/strong>HDPE &#8211; izjemno trpe\u017een, lahek in vodoodporen material, odporen na UV \u017earke, kemikalije in udarce. Zaradi svoje varnosti in stabilnosti je idealen za izdelke, ki zahtevajo dolgo \u017eivljenjsko dobo in visoko vzdr\u017eljivost.<\/li>\n<li><strong>Sz\u00edn:\u00a0<\/strong>Fekete<\/li>\n<li><strong>Tesnilo:\u00a0 EPDM guma &#8211; odli\u010dna odpornost na UV, vremenske vplive in temperaturne razlike.<\/strong><\/li>\n<li>F\u00e9m csapok haszn\u00e1lata eset\u00e9n a teflon haszn\u00e1lata k\u00f6telez\u0151. A tart\u00e1lyszelep \u00e9s a reduktor k\u00f6z\u00f6tt NEM szabad teflont haszn\u00e1lni.<\/li>\n<li>Ezek nem a legalkalmasabbak tart\u00e1ly-tart\u00e1ly csatlakoz\u00e1sokhoz, mivel a r\u00e1juk hat\u00f3 terhel\u00e9s nagyobb, \u00e9s az \u00e9lettartamuk jelent\u0151sen cs\u00f6kken.<\/li>\n<\/ul>\n<p>Professzion\u00e1lisabb haszn\u00e1latra az AVA vagy PRO reduktorok haszn\u00e1lat\u00e1t javasoljuk.<\/p>\n<p>Kiv\u00e1l\u00f3 t\u00f6m\u00edt\u00e9s \u00e9s j\u00f3 tart\u00f3ss\u00e1g!<\/p>\n<p><strong>M\u00e9retv\u00e1laszt\u00e9k:<\/strong><\/p>\n<ul>\n<li>1\/2\"-os bels\u0151 menet,<\/li>\n<li>3\/4\u2033 bels\u0151 menet,<\/li>\n<li>1\u2033 bels\u0151 menet.<\/li>\n<\/ul>\n<p><em>Vigy\u00e1zzon, hogy sok olyan m\u00e1solat van a piacon, amelyek els\u0151 pillant\u00e1sra hasonl\u00f3nak t\u0171nnek, de nagyon rossz min\u0151s\u00e9g\u0171ek.<\/em><\/p>\n<p>\u200b<br \/>\n<strong>K\u00e9rj\u00fck, olvassa el az al\u00e1bbi figyelmeztet\u00e9seket\/utas\u00edt\u00e1sokat.<\/strong><br \/>\n\u200b<\/p>\n<p><strong>Tipp1:<\/strong><br \/>\nA beszerel\u00e9s el\u0151tt gy\u0151z\u0151dj\u00f6n meg arr\u00f3l, hogy a tart\u00e1lyszelep (ahov\u00e1 a reduktort kell beszerelni) orc\u00e1ja\u00a0<strong>sima \u00e9s s\u00e9rtetlen<\/strong>. Az \u00faj tart\u00e1lyok szelepny\u00edl\u00e1s\u00e1n alum\u00ednium t\u00f6m\u00edt\u00e9s tal\u00e1lhat\u00f3 - ha ezt laz\u00e1n elt\u00e1vol\u00edtj\u00e1k, akkor a sz\u0171k\u00edt\u0151 kev\u00e9sb\u00e9 t\u00f6m\u00f6r sziv\u00e1roghat. A szelepen l\u00e9v\u0151 esetleges hi\u00e1nyoss\u00e1gokat el kell t\u00e1vol\u00edtani vagy csiszol\u00f3pap\u00edrral le kell csiszolni a nyom\u00e1scs\u00f6kkent\u0151 els\u0151 beszerel\u00e9se el\u0151tt.<br \/>\n\u200b<br \/>\n<strong>Tipp2:<\/strong><br \/>\nHa b\u00e1rmilyen csatlakoz\u00f3t illeszt erre a sz\u0171k\u00edt\u0151re, mindenk\u00e9ppen haszn\u00e1ljon teflonszalagot. Ez biztos\u00edtja a t\u00f6k\u00e9letes t\u00f6m\u00edt\u00e9st \u00e9s a csap vagy a csatlakoz\u00f3 helyes helyzet\u00e9t.<\/p>\n<p><strong>Tipp3:<\/strong><br \/>\nReduktorok\u00a0<strong>ECO\u00a0<\/strong>eredeti, kiv\u00e1l\u00f3 min\u0151s\u00e9g\u0171 \u00e9s elismert besz\u00e1ll\u00edt\u00f3t\u00f3l sz\u00e1rmazik. Megfizethet\u0151ek \u00e9s kiv\u00e1l\u00f3an alkalmasak kerti \u00f6nt\u00f6z\u00e9sre, \u00e9s j\u00f3l ell\u00e1tj\u00e1k a rendeltet\u00e9s\u00fcknek megfelel\u0151 funkci\u00f3t.<\/p>\n<p>A reduktorok \u00e9lettartama a naps\u00fct\u00e9st\u0151l\/fagy\u00e1st\u00f3l \u00e9s az alkalmaz\u00e1st\u00f3l f\u00fcgg. ECO &lt; AVA &lt; PRO.<\/p>\n<p>&nbsp;<\/p>\n<p>&nbsp;<\/p>","protected":false},"excerpt":{"rendered":"<h2 data-start=\"171\" data-end=\"253\">Reducir ECO S60 z notranjim BSP navojem za IBC cisterno (1\/2\u2033, 3\/4\u2033, 1\u2033)<\/h2>\n<p data-start=\"255\" data-end=\"688\">Reducir ECO S60 je kvaliteten in preverjen reducir za IBC cisterne z ventilom premera 55\u201362 mm in grobim navojem S60x6 (DN50). Na izhodu ima notranji (\u017eenski) BSP navoj v treh dimenzijah. Izdelan je iz materiala HDPE in opremljen s tesnilom iz 100 % EPDM gume, ki je posebej razvito z optimalno trdoto ter zagotavlja <strong data-start=\"584\" data-end=\"650\">zanesljivo tesnjenje tudi pri ve\u010djih nepravilnostih na ventilu<\/strong> in dolgotrajno uporabo brez pu\u0161\u010danja.<\/p>\n<p data-start=\"690\" data-end=\"711\">M\u0171szaki jellemz\u0151k<\/p>\n<ul>\n<li data-start=\"714\" data-end=\"736\">Tip izdelka: reducir za cisterno<\/li>\n<li data-start=\"739\" data-end=\"790\">A tart\u00e1ly menett\u00edpusa: S60x6 (DN50), durva menet<\/li>\n<li data-start=\"793\" data-end=\"838\">Menett\u00edpus a kimeneten: bels\u0151 (anya) BSP<\/li>\n<li data-start=\"841\" data-end=\"868\">\n<p data-start=\"699\" data-end=\"711\">M\u00e9retv\u00e1laszt\u00e9k:<\/p>\n<ul data-start=\"714\" data-end=\"742\">\n<li data-start=\"714\" data-end=\"722\">\n<p data-start=\"716\" data-end=\"722\">1\/2\u2033<\/p>\n<\/li>\n<li data-start=\"725\" data-end=\"733\">\n<p data-start=\"727\" data-end=\"733\">3\/4\u2033<\/p>\n<\/li>\n<li data-start=\"736\" data-end=\"742\">\n<p data-start=\"738\" data-end=\"742\">1\u2033<\/p>\n<\/li>\n<\/ul>\n<\/li>\n<li data-start=\"871\" data-end=\"887\">Anyag: HDPE<\/li>\n<li data-start=\"890\" data-end=\"903\">Sz\u00edn: fekete<\/li>\n<li data-start=\"906\" data-end=\"932\" class=\" translation-block\"><strong>T\u00f6m\u00edt\u00e9s:<\/strong> <strong>100% EPDM gumi \u2013 kiz\u00e1r\u00f3lag n\u00e1lunk. A speci\u00e1lisan fejlesztett, optim\u00e1lis kem\u00e9nys\u00e9g\u0171 t\u00f6m\u00edt\u00e9s hat\u00e9konyan kiegyenl\u00edti m\u00e9g a nagyobb szelep-egyenetlens\u00e9geket is, \u00e9s hossz\u00fa t\u00e1von megb\u00edzhat\u00f3, sziv\u00e1rg\u00e1smentes t\u00f6m\u00edt\u00e9st biztos\u00edt.<\/strong><\/li>\n<\/ul>\n<p>Kiv\u00e1l\u00f3 t\u00f6m\u00edt\u00e9s \u00e9s j\u00f3 tart\u00f3ss\u00e1g!<\/p>\n<p class=\" translation-block\"><strong>Figyelem:<\/strong> A piacon kaphat\u00f3, vizu\u00e1lisan hasonl\u00f3 term\u00e9kek gyakran nem \u00e9rik el az \u00f6sszehasonl\u00edthat\u00f3 min\u0151s\u00e9get.<\/p>\n<p><strong>T\u00f6bb darab, nagyobb kedvezm\u00e9ny \u2013 a k\u00fcl\u00f6nb\u00f6z\u0151 term\u00e9kek \u00e9s vari\u00e1ci\u00f3k darabsz\u00e1ma \u00f6sszead\u00f3dik!<\/strong><\/p>","protected":false},"featured_media":6240,"template":"","meta":[],"product_brand":[],"product_cat":[170,298],"product_tag":[280,278,277,275,273,274,272,279,276],"class_list":{"0":"post-6239","1":"product","2":"type-product","3":"status-publish","4":"has-post-thumbnail","6":"product_cat-reducirji-in-prikljucki-za-ibc","7":"product_cat-prikljucki-za-cisterno-z-navojem-s60x6","8":"product_tag-adapter-eco","9":"product_tag-adapter-for-ibc-container","10":"product_tag-adapter-za-1000l","11":"product_tag-adapter-za-kontejner","12":"product_tag-cep-za-cisterno","13":"product_tag-cep-za-ibc","14":"product_tag-ibc-adapter","15":"product_tag-reducir-eco","16":"product_tag-reducir-za-kontejner","18":"first","19":"instock","20":"shipping-taxable","21":"purchasable","22":"product-type-variable"},"yoast_head":"<!-- This site is optimized with the Yoast SEO plugin v27.1.1 - https:\/\/yoast.com\/product\/yoast-seo-wordpress\/ -->\n<title>Reducir ECO S60 za IBC cisterno (1\/2&#039;&#039;, 3\/4&quot; in 1&quot;) z gumijastim tesnilom<\/title>\n<meta name=\"description\" content=\"\u200bKvaliteten in preverjen reducir ECO za IBC cisterno, namenjen za doma\u010do uporabo (vrt). Za cisterne z ventilom fi 55-62mm, grobi navoj S60x6 (DN50).\" \/>\n<meta name=\"robots\" content=\"index, follow, max-snippet:-1, max-image-preview:large, max-video-preview:-1\" \/>\n<link rel=\"canonical\" href=\"https:\/\/ibcparts.eu\/hu\/termek\/reducir-eco-1-2-3-4-in-1-za-ibc-cisterne-z-ventilom-s60\/\" \/>\n<meta property=\"og:locale\" content=\"hu_HU\" \/>\n<meta property=\"og:type\" content=\"article\" \/>\n<meta property=\"og:title\" content=\"Reducir ECO S60 za IBC cisterno (1\/2&#039;&#039;, 3\/4&quot; in 1&quot;) z gumijastim tesnilom\" \/>\n<meta property=\"og:description\" content=\"\u200bKvaliteten in preverjen reducir ECO za IBC cisterno, namenjen za doma\u010do uporabo (vrt). Za cisterne z ventilom fi 55-62mm, grobi navoj S60x6 (DN50).\" \/>\n<meta property=\"og:url\" content=\"https:\/\/ibcparts.eu\/hu\/termek\/reducir-eco-1-2-3-4-in-1-za-ibc-cisterne-z-ventilom-s60\/\" \/>\n<meta property=\"og:site_name\" content=\"IBCparts.eu\" \/>\n<meta property=\"article:modified_time\" content=\"2026-04-09T09:19:37+00:00\" \/>\n<meta property=\"og:image\" content=\"https:\/\/ibcparts.eu\/wp-content\/uploads\/2021\/10\/s60-reducir-1-2_6_orig.jpg\" \/>\n\t<meta property=\"og:image:width\" content=\"1080\" \/>\n\t<meta property=\"og:image:height\" content=\"1080\" \/>\n\t<meta property=\"og:image:type\" content=\"image\/jpeg\" \/>\n<meta name=\"twitter:card\" content=\"summary_large_image\" \/>\n<meta name=\"twitter:label1\" content=\"Est. reading time\" \/>\n\t<meta name=\"twitter:data1\" content=\"3 minutes\" \/>\n<script type=\"application\/ld+json\" class=\"yoast-schema-graph\">{\"@context\":\"https:\/\/schema.org\",\"@graph\":[{\"@type\":\"WebPage\",\"@id\":\"https:\/\/ibcparts.eu\/izdelek\/reducir-eco-1-2-3-4-in-1-za-ibc-cisterne-z-ventilom-s60\/\",\"url\":\"https:\/\/ibcparts.eu\/izdelek\/reducir-eco-1-2-3-4-in-1-za-ibc-cisterne-z-ventilom-s60\/\",\"name\":\"Reducir ECO S60 za IBC cisterno (1\/2'', 3\/4\\\" in 1\\\") z gumijastim tesnilom\",\"isPartOf\":{\"@id\":\"https:\/\/ibcparts.eu\/#website\"},\"primaryImageOfPage\":{\"@id\":\"https:\/\/ibcparts.eu\/izdelek\/reducir-eco-1-2-3-4-in-1-za-ibc-cisterne-z-ventilom-s60\/#primaryimage\"},\"image\":{\"@id\":\"https:\/\/ibcparts.eu\/izdelek\/reducir-eco-1-2-3-4-in-1-za-ibc-cisterne-z-ventilom-s60\/#primaryimage\"},\"thumbnailUrl\":\"https:\/\/ibcparts.eu\/wp-content\/uploads\/2021\/10\/s60-reducir-1-2_6_orig.jpg\",\"datePublished\":\"2021-10-15T18:11:33+00:00\",\"dateModified\":\"2026-04-09T09:19:37+00:00\",\"description\":\"\u200bKvaliteten in preverjen reducir ECO za IBC cisterno, namenjen za doma\u010do uporabo (vrt). Za cisterne z ventilom fi 55-62mm, grobi navoj S60x6 (DN50).\",\"breadcrumb\":{\"@id\":\"https:\/\/ibcparts.eu\/izdelek\/reducir-eco-1-2-3-4-in-1-za-ibc-cisterne-z-ventilom-s60\/#breadcrumb\"},\"inLanguage\":\"hu-HU\",\"potentialAction\":[{\"@type\":\"ReadAction\",\"target\":[\"https:\/\/ibcparts.eu\/izdelek\/reducir-eco-1-2-3-4-in-1-za-ibc-cisterne-z-ventilom-s60\/\"]}]},{\"@type\":\"ImageObject\",\"inLanguage\":\"hu-HU\",\"@id\":\"https:\/\/ibcparts.eu\/izdelek\/reducir-eco-1-2-3-4-in-1-za-ibc-cisterne-z-ventilom-s60\/#primaryimage\",\"url\":\"https:\/\/ibcparts.eu\/wp-content\/uploads\/2021\/10\/s60-reducir-1-2_6_orig.jpg\",\"contentUrl\":\"https:\/\/ibcparts.eu\/wp-content\/uploads\/2021\/10\/s60-reducir-1-2_6_orig.jpg\",\"width\":1080,\"height\":1080,\"caption\":\"s60-reducir-1-2_6_orig\"},{\"@type\":\"BreadcrumbList\",\"@id\":\"https:\/\/ibcparts.eu\/izdelek\/reducir-eco-1-2-3-4-in-1-za-ibc-cisterne-z-ventilom-s60\/#breadcrumb\",\"itemListElement\":[{\"@type\":\"ListItem\",\"position\":1,\"name\":\"Home\",\"item\":\"https:\/\/ibcparts.eu\/\"},{\"@type\":\"ListItem\",\"position\":2,\"name\":\"Nakupujte\",\"item\":\"https:\/\/ibcparts.eu\/nakupujte\/\"},{\"@type\":\"ListItem\",\"position\":3,\"name\":\"Reducir ECO S60 za IBC cisterno (1\/2&#8221;, 3\/4&#8243; in 1&#8243;) z gumijastim tesnilom\"}]},{\"@type\":\"WebSite\",\"@id\":\"https:\/\/ibcparts.eu\/#website\",\"url\":\"https:\/\/ibcparts.eu\/\",\"name\":\"IBCparts.eu\",\"description\":\"\",\"publisher\":{\"@id\":\"https:\/\/ibcparts.eu\/#organization\"},\"potentialAction\":[{\"@type\":\"SearchAction\",\"target\":{\"@type\":\"EntryPoint\",\"urlTemplate\":\"https:\/\/ibcparts.eu\/?s={search_term_string}\"},\"query-input\":{\"@type\":\"PropertyValueSpecification\",\"valueRequired\":true,\"valueName\":\"search_term_string\"}}],\"inLanguage\":\"hu-HU\"},{\"@type\":\"Organization\",\"@id\":\"https:\/\/ibcparts.eu\/#organization\",\"name\":\"IBCparts\",\"url\":\"https:\/\/ibcparts.eu\/\",\"logo\":{\"@type\":\"ImageObject\",\"inLanguage\":\"hu-HU\",\"@id\":\"https:\/\/ibcparts.eu\/#\/schema\/logo\/image\/\",\"url\":\"https:\/\/ibcparts.eu\/wp-content\/uploads\/2021\/10\/Footer-Logo.png\",\"contentUrl\":\"https:\/\/ibcparts.eu\/wp-content\/uploads\/2021\/10\/Footer-Logo.png\",\"width\":1992,\"height\":772,\"caption\":\"IBCparts\"},\"image\":{\"@id\":\"https:\/\/ibcparts.eu\/#\/schema\/logo\/image\/\"}}]}<\/script>\n<!-- \/ Yoast SEO plugin. -->","yoast_head_json":{"title":"Reducir ECO S60 za IBC cisterno (1\/2'', 3\/4\" in 1\") z gumijastim tesnilom","description":"Min\u0151s\u00e9gi \u00e9s bev\u00e1lt ECO sz\u0171k\u00edt\u0151 IBC tart\u00e1lyhoz, h\u00e1ztart\u00e1si (kerti) haszn\u00e1latra tervezve. 55-62 mm-es szeleppel ell\u00e1tott tart\u00e1lyokhoz, durva S60x6 (DN50) menettel.","robots":{"index":"index","follow":"follow","max-snippet":"max-snippet:-1","max-image-preview":"max-image-preview:large","max-video-preview":"max-video-preview:-1"},"canonical":"https:\/\/ibcparts.eu\/hu\/termek\/reducir-eco-1-2-3-4-in-1-za-ibc-cisterne-z-ventilom-s60\/","og_locale":"hu_HU","og_type":"article","og_title":"Reducir ECO S60 za IBC cisterno (1\/2'', 3\/4\" in 1\") z gumijastim tesnilom","og_description":"\u200bKvaliteten in preverjen reducir ECO za IBC cisterno, namenjen za doma\u010do uporabo (vrt). Za cisterne z ventilom fi 55-62mm, grobi navoj S60x6 (DN50).","og_url":"https:\/\/ibcparts.eu\/hu\/termek\/reducir-eco-1-2-3-4-in-1-za-ibc-cisterne-z-ventilom-s60\/","og_site_name":"IBCparts.eu","article_modified_time":"2026-04-09T09:19:37+00:00","og_image":[{"width":1080,"height":1080,"url":"https:\/\/ibcparts.eu\/wp-content\/uploads\/2021\/10\/s60-reducir-1-2_6_orig.jpg","type":"image\/jpeg"}],"twitter_card":"summary_large_image","twitter_misc":{"Est. reading time":"3 minutes"},"schema":{"@context":"https:\/\/schema.org","@graph":[{"@type":"WebPage","@id":"https:\/\/ibcparts.eu\/izdelek\/reducir-eco-1-2-3-4-in-1-za-ibc-cisterne-z-ventilom-s60\/","url":"https:\/\/ibcparts.eu\/izdelek\/reducir-eco-1-2-3-4-in-1-za-ibc-cisterne-z-ventilom-s60\/","name":"Reducir ECO S60 za IBC cisterno (1\/2'', 3\/4\" in 1\") z gumijastim tesnilom","isPartOf":{"@id":"https:\/\/ibcparts.eu\/#website"},"primaryImageOfPage":{"@id":"https:\/\/ibcparts.eu\/izdelek\/reducir-eco-1-2-3-4-in-1-za-ibc-cisterne-z-ventilom-s60\/#primaryimage"},"image":{"@id":"https:\/\/ibcparts.eu\/izdelek\/reducir-eco-1-2-3-4-in-1-za-ibc-cisterne-z-ventilom-s60\/#primaryimage"},"thumbnailUrl":"https:\/\/ibcparts.eu\/wp-content\/uploads\/2021\/10\/s60-reducir-1-2_6_orig.jpg","datePublished":"2021-10-15T18:11:33+00:00","dateModified":"2026-04-09T09:19:37+00:00","description":"Min\u0151s\u00e9gi \u00e9s bev\u00e1lt ECO sz\u0171k\u00edt\u0151 IBC tart\u00e1lyhoz, h\u00e1ztart\u00e1si (kerti) haszn\u00e1latra tervezve. 55-62 mm-es szeleppel ell\u00e1tott tart\u00e1lyokhoz, durva S60x6 (DN50) menettel.","breadcrumb":{"@id":"https:\/\/ibcparts.eu\/izdelek\/reducir-eco-1-2-3-4-in-1-za-ibc-cisterne-z-ventilom-s60\/#breadcrumb"},"inLanguage":"hu-HU","potentialAction":[{"@type":"ReadAction","target":["https:\/\/ibcparts.eu\/izdelek\/reducir-eco-1-2-3-4-in-1-za-ibc-cisterne-z-ventilom-s60\/"]}]},{"@type":"ImageObject","inLanguage":"hu-HU","@id":"https:\/\/ibcparts.eu\/izdelek\/reducir-eco-1-2-3-4-in-1-za-ibc-cisterne-z-ventilom-s60\/#primaryimage","url":"https:\/\/ibcparts.eu\/wp-content\/uploads\/2021\/10\/s60-reducir-1-2_6_orig.jpg","contentUrl":"https:\/\/ibcparts.eu\/wp-content\/uploads\/2021\/10\/s60-reducir-1-2_6_orig.jpg","width":1080,"height":1080,"caption":"s60-reducir-1-2_6_orig"},{"@type":"BreadcrumbList","@id":"https:\/\/ibcparts.eu\/izdelek\/reducir-eco-1-2-3-4-in-1-za-ibc-cisterne-z-ventilom-s60\/#breadcrumb","itemListElement":[{"@type":"ListItem","position":1,"name":"Home","item":"https:\/\/ibcparts.eu\/"},{"@type":"ListItem","position":2,"name":"Nakupujte","item":"https:\/\/ibcparts.eu\/nakupujte\/"},{"@type":"ListItem","position":3,"name":"Reducir ECO S60 za IBC cisterno (1\/2&#8221;, 3\/4&#8243; in 1&#8243;) z gumijastim tesnilom"}]},{"@type":"WebSite","@id":"https:\/\/ibcparts.eu\/#website","url":"https:\/\/ibcparts.eu\/","name":"IBCparts.eu","description":"","publisher":{"@id":"https:\/\/ibcparts.eu\/#organization"},"potentialAction":[{"@type":"SearchAction","target":{"@type":"EntryPoint","urlTemplate":"https:\/\/ibcparts.eu\/?s={search_term_string}"},"query-input":{"@type":"PropertyValueSpecification","valueRequired":true,"valueName":"search_term_string"}}],"inLanguage":"hu-HU"},{"@type":"Organization","@id":"https:\/\/ibcparts.eu\/#organization","name":"IBCparts","url":"https:\/\/ibcparts.eu\/","logo":{"@type":"ImageObject","inLanguage":"hu-HU","@id":"https:\/\/ibcparts.eu\/#\/schema\/logo\/image\/","url":"https:\/\/ibcparts.eu\/wp-content\/uploads\/2021\/10\/Footer-Logo.png","contentUrl":"https:\/\/ibcparts.eu\/wp-content\/uploads\/2021\/10\/Footer-Logo.png","width":1992,"height":772,"caption":"IBCparts"},"image":{"@id":"https:\/\/ibcparts.eu\/#\/schema\/logo\/image\/"}}]}},"_links":{"self":[{"href":"https:\/\/ibcparts.eu\/hu\/wp-json\/wp\/v2\/product\/6239","targetHints":{"allow":["GET"]}}],"collection":[{"href":"https:\/\/ibcparts.eu\/hu\/wp-json\/wp\/v2\/product"}],"about":[{"href":"https:\/\/ibcparts.eu\/hu\/wp-json\/wp\/v2\/types\/product"}],"version-history":[{"count":3,"href":"https:\/\/ibcparts.eu\/hu\/wp-json\/wp\/v2\/product\/6239\/revisions"}],"predecessor-version":[{"id":20161,"href":"https:\/\/ibcparts.eu\/hu\/wp-json\/wp\/v2\/product\/6239\/revisions\/20161"}],"wp:featuredmedia":[{"embeddable":true,"href":"https:\/\/ibcparts.eu\/hu\/wp-json\/wp\/v2\/media\/6240"}],"wp:attachment":[{"href":"https:\/\/ibcparts.eu\/hu\/wp-json\/wp\/v2\/media?parent=6239"}],"wp:term":[{"taxonomy":"product_brand","embeddable":true,"href":"https:\/\/ibcparts.eu\/hu\/wp-json\/wp\/v2\/product_brand?post=6239"},{"taxonomy":"product_cat","embeddable":true,"href":"https:\/\/ibcparts.eu\/hu\/wp-json\/wp\/v2\/product_cat?post=6239"},{"taxonomy":"product_tag","embeddable":true,"href":"https:\/\/ibcparts.eu\/hu\/wp-json\/wp\/v2\/product_tag?post=6239"}],"curies":[{"name":"wp","href":"https:\/\/api.w.org\/{rel}","templated":true}]}}