{"id":20674,"date":"2026-02-20T18:12:20","date_gmt":"2026-02-20T17:12:20","guid":{"rendered":"https:\/\/ibcparts.eu\/?post_type=product&#038;p=20674"},"modified":"2026-02-20T18:31:34","modified_gmt":"2026-02-20T17:31:34","slug":"adapter-s70x6-mm-m-x-2%e2%80%b3-f-gfpp","status":"publish","type":"product","link":"https:\/\/ibcparts.eu\/hu\/termek\/adapter-s70x6-mm-m-x-2%e2%80%b3-f-gfpp\/","title":{"rendered":"Adapter DIN71 (S70\u00d76 mm) (M) \u00d7 2\u2033 (F) [GFPP]"},"content":{"rendered":"","protected":false},"excerpt":{"rendered":"<h2 data-start=\"151\" data-end=\"193\">Adapter za sod 70 \u00d7 6 mm M \u00d7 BSP F 2\u2033<\/h2>\n<p data-start=\"195\" data-end=\"423\">Adapter je namenjen povezavi <strong data-start=\"224\" data-end=\"272\">plasti\u010dnih posod z navojem 70 \u00d7 6 mm (mo\u0161ki)<\/strong> na cevne in procesne priklju\u010dke z <strong data-start=\"307\" data-end=\"322\">BSP navojem (pipe, \u010drpalke, ventili ipd.)<\/strong>. Omogo\u010da zanesljiv, natan\u010den in higiensko primeren priklop v industrijskih in \u017eivilskih aplikacijah.<\/p>\n<h3 data-start=\"430\" data-end=\"451\">Klju\u010dne lastnosti<\/h3>\n<ul>\n<li data-start=\"454\" data-end=\"502\"><strong data-start=\"454\" data-end=\"479\">mo\u0161ki navoj 70 \u00d7 6 mm<\/strong><\/li>\n<li data-start=\"505\" data-end=\"559\"><strong data-start=\"505\" data-end=\"525\">\u017eenski BSP navoj<\/strong> na izhodni strani (<strong data-start=\"545\" data-end=\"558\">2\u2033<\/strong>)<\/li>\n<li data-start=\"505\" data-end=\"559\">Anyag: <strong data-start=\"431\" data-end=\"478\">GFPP (glass fiber reinforced polypropylene)<\/strong><\/li>\n<\/ul>\n<h3 data-start=\"722\" data-end=\"748\">Tehni\u010dne specifikacije<\/h3>\n<ul>\n<li data-start=\"751\" data-end=\"793\"><strong data-start=\"751\" data-end=\"770\">Navoj (posoda):<\/strong> 70 \u00d7 6 mm, mo\u0161ki (M)<\/li>\n<li data-start=\"796\" data-end=\"842\"><strong data-start=\"796\" data-end=\"811\">Menett\u00edpus:<\/strong> grobi (<em data-start=\"828\" data-end=\"839\">saw-tooth<\/em>)<\/li>\n<li><strong data-start=\"845\" data-end=\"863\">Navoj (izhod):<\/strong> BSP, \u017eenski (F) <strong data-start=\"897\" data-end=\"910\">2\u2033<\/strong><\/li>\n<li data-start=\"311\" data-end=\"480\">Anyag: <strong data-start=\"431\" data-end=\"478\">polipropilen <\/strong><strong data-start=\"431\" data-end=\"478\">oja\u010dan s steklenimi vlakni<\/strong><\/li>\n<li><strong data-start=\"973\" data-end=\"987\">Tesnjenje:<\/strong> <strong data-start=\"988\" data-end=\"1003\">PVC tesnilo<\/strong><\/li>\n<li data-start=\"1008\" data-end=\"1069\"><strong>Sz\u00edn:<\/strong> Fekete<\/li>\n<\/ul>","protected":false},"featured_media":19708,"template":"","meta":[],"product_brand":[],"product_cat":[258],"product_tag":[],"class_list":{"0":"post-20674","1":"product","2":"type-product","3":"status-publish","4":"has-post-thumbnail","6":"product_cat-adapterji-za-plastenke-rocke-in-sode","8":"first","9":"instock","10":"shipping-taxable","11":"purchasable","12":"product-type-simple"},"yoast_head":"<!-- This site is optimized with the Yoast SEO plugin v27.1.1 - https:\/\/yoast.com\/product\/yoast-seo-wordpress\/ -->\n<title>Adapter DIN71 (S70\u00d76 mm) (M) \u00d7 2\u2033 (F) [GFPP]<\/title>\n<meta name=\"description\" content=\"Adapter za sod S70x6 (zunanji) na 2\u2033 BSP (notranji) iz oja\u010danega polipropilena (GFPP). Primeren za plasti\u010dne sode in monta\u017eo \u010drpalk ali pip z 2\u2033 BSP navojem.\" \/>\n<meta name=\"robots\" content=\"index, follow, max-snippet:-1, max-image-preview:large, max-video-preview:-1\" \/>\n<link rel=\"canonical\" href=\"https:\/\/ibcparts.eu\/hu\/termek\/adapter-s70x6-mm-m-x-2\u2033-f-gfpp\/\" \/>\n<meta property=\"og:locale\" content=\"hu_HU\" \/>\n<meta property=\"og:type\" content=\"article\" \/>\n<meta property=\"og:title\" content=\"Adapter DIN71 (S70\u00d76 mm) (M) \u00d7 2\u2033 (F) [GFPP]\" \/>\n<meta property=\"og:description\" content=\"Adapter za sod S70x6 (zunanji) na 2\u2033 BSP (notranji) iz oja\u010danega polipropilena (GFPP). Primeren za plasti\u010dne sode in monta\u017eo \u010drpalk ali pip z 2\u2033 BSP navojem.\" \/>\n<meta property=\"og:url\" content=\"https:\/\/ibcparts.eu\/hu\/termek\/adapter-s70x6-mm-m-x-2\u2033-f-gfpp\/\" \/>\n<meta property=\"og:site_name\" content=\"IBCparts.eu\" \/>\n<meta property=\"article:modified_time\" content=\"2026-02-20T17:31:34+00:00\" \/>\n<meta property=\"og:image\" content=\"https:\/\/ibcparts.eu\/wp-content\/uploads\/2026\/01\/Adapter-DIN-71-M-x-2-BSP-F.png\" \/>\n\t<meta property=\"og:image:width\" content=\"500\" \/>\n\t<meta property=\"og:image:height\" content=\"500\" \/>\n\t<meta property=\"og:image:type\" content=\"image\/png\" \/>\n<meta name=\"twitter:card\" content=\"summary_large_image\" \/>\n<script type=\"application\/ld+json\" class=\"yoast-schema-graph\">{\"@context\":\"https:\/\/schema.org\",\"@graph\":[{\"@type\":\"WebPage\",\"@id\":\"https:\/\/ibcparts.eu\/izdelek\/adapter-s70x6-mm-m-x-2%e2%80%b3-f-gfpp\/\",\"url\":\"https:\/\/ibcparts.eu\/izdelek\/adapter-s70x6-mm-m-x-2%e2%80%b3-f-gfpp\/\",\"name\":\"Adapter DIN71 (S70\u00d76 mm) (M) \u00d7 2\u2033 (F) [GFPP]\",\"isPartOf\":{\"@id\":\"https:\/\/ibcparts.eu\/#website\"},\"primaryImageOfPage\":{\"@id\":\"https:\/\/ibcparts.eu\/izdelek\/adapter-s70x6-mm-m-x-2%e2%80%b3-f-gfpp\/#primaryimage\"},\"image\":{\"@id\":\"https:\/\/ibcparts.eu\/izdelek\/adapter-s70x6-mm-m-x-2%e2%80%b3-f-gfpp\/#primaryimage\"},\"thumbnailUrl\":\"https:\/\/ibcparts.eu\/wp-content\/uploads\/2026\/01\/Adapter-DIN-71-M-x-2-BSP-F.png\",\"datePublished\":\"2026-02-20T17:12:20+00:00\",\"dateModified\":\"2026-02-20T17:31:34+00:00\",\"description\":\"Adapter za sod S70x6 (zunanji) na 2\u2033 BSP (notranji) iz oja\u010danega polipropilena (GFPP). Primeren za plasti\u010dne sode in monta\u017eo \u010drpalk ali pip z 2\u2033 BSP navojem.\",\"breadcrumb\":{\"@id\":\"https:\/\/ibcparts.eu\/izdelek\/adapter-s70x6-mm-m-x-2%e2%80%b3-f-gfpp\/#breadcrumb\"},\"inLanguage\":\"hu-HU\",\"potentialAction\":[{\"@type\":\"ReadAction\",\"target\":[\"https:\/\/ibcparts.eu\/izdelek\/adapter-s70x6-mm-m-x-2%e2%80%b3-f-gfpp\/\"]}]},{\"@type\":\"ImageObject\",\"inLanguage\":\"hu-HU\",\"@id\":\"https:\/\/ibcparts.eu\/izdelek\/adapter-s70x6-mm-m-x-2%e2%80%b3-f-gfpp\/#primaryimage\",\"url\":\"https:\/\/ibcparts.eu\/wp-content\/uploads\/2026\/01\/Adapter-DIN-71-M-x-2-BSP-F.png\",\"contentUrl\":\"https:\/\/ibcparts.eu\/wp-content\/uploads\/2026\/01\/Adapter-DIN-71-M-x-2-BSP-F.png\",\"width\":500,\"height\":500,\"caption\":\"adapter DIN71 (S70x6) zunanji navoj na 2\u2033 BSP notranji navoj iz oja\u010danega polipropilena (GFPP)\"},{\"@type\":\"BreadcrumbList\",\"@id\":\"https:\/\/ibcparts.eu\/izdelek\/adapter-s70x6-mm-m-x-2%e2%80%b3-f-gfpp\/#breadcrumb\",\"itemListElement\":[{\"@type\":\"ListItem\",\"position\":1,\"name\":\"Home\",\"item\":\"https:\/\/ibcparts.eu\/\"},{\"@type\":\"ListItem\",\"position\":2,\"name\":\"Nakupujte\",\"item\":\"https:\/\/ibcparts.eu\/nakupujte\/\"},{\"@type\":\"ListItem\",\"position\":3,\"name\":\"Adapter DIN71 (S70\u00d76 mm) (M) \u00d7 2\u2033 (F) [GFPP]\"}]},{\"@type\":\"WebSite\",\"@id\":\"https:\/\/ibcparts.eu\/#website\",\"url\":\"https:\/\/ibcparts.eu\/\",\"name\":\"IBCparts.eu\",\"description\":\"\",\"publisher\":{\"@id\":\"https:\/\/ibcparts.eu\/#organization\"},\"potentialAction\":[{\"@type\":\"SearchAction\",\"target\":{\"@type\":\"EntryPoint\",\"urlTemplate\":\"https:\/\/ibcparts.eu\/?s={search_term_string}\"},\"query-input\":{\"@type\":\"PropertyValueSpecification\",\"valueRequired\":true,\"valueName\":\"search_term_string\"}}],\"inLanguage\":\"hu-HU\"},{\"@type\":\"Organization\",\"@id\":\"https:\/\/ibcparts.eu\/#organization\",\"name\":\"IBCparts\",\"url\":\"https:\/\/ibcparts.eu\/\",\"logo\":{\"@type\":\"ImageObject\",\"inLanguage\":\"hu-HU\",\"@id\":\"https:\/\/ibcparts.eu\/#\/schema\/logo\/image\/\",\"url\":\"https:\/\/ibcparts.eu\/wp-content\/uploads\/2021\/10\/Footer-Logo.png\",\"contentUrl\":\"https:\/\/ibcparts.eu\/wp-content\/uploads\/2021\/10\/Footer-Logo.png\",\"width\":1992,\"height\":772,\"caption\":\"IBCparts\"},\"image\":{\"@id\":\"https:\/\/ibcparts.eu\/#\/schema\/logo\/image\/\"}}]}<\/script>\n<!-- \/ Yoast SEO plugin. -->","yoast_head_json":{"title":"Adapter DIN71 (S70\u00d76 mm) (M) \u00d7 2\u2033 (F) [GFPP]","description":"Adapter za sod S70x6 (zunanji) na 2\u2033 BSP (notranji) iz oja\u010danega polipropilena (GFPP). Primeren za plasti\u010dne sode in monta\u017eo \u010drpalk ali pip z 2\u2033 BSP navojem.","robots":{"index":"index","follow":"follow","max-snippet":"max-snippet:-1","max-image-preview":"max-image-preview:large","max-video-preview":"max-video-preview:-1"},"canonical":"https:\/\/ibcparts.eu\/hu\/termek\/adapter-s70x6-mm-m-x-2\u2033-f-gfpp\/","og_locale":"hu_HU","og_type":"article","og_title":"Adapter DIN71 (S70\u00d76 mm) (M) \u00d7 2\u2033 (F) [GFPP]","og_description":"Adapter za sod S70x6 (zunanji) na 2\u2033 BSP (notranji) iz oja\u010danega polipropilena (GFPP). Primeren za plasti\u010dne sode in monta\u017eo \u010drpalk ali pip z 2\u2033 BSP navojem.","og_url":"https:\/\/ibcparts.eu\/hu\/termek\/adapter-s70x6-mm-m-x-2\u2033-f-gfpp\/","og_site_name":"IBCparts.eu","article_modified_time":"2026-02-20T17:31:34+00:00","og_image":[{"width":500,"height":500,"url":"https:\/\/ibcparts.eu\/wp-content\/uploads\/2026\/01\/Adapter-DIN-71-M-x-2-BSP-F.png","type":"image\/png"}],"twitter_card":"summary_large_image","schema":{"@context":"https:\/\/schema.org","@graph":[{"@type":"WebPage","@id":"https:\/\/ibcparts.eu\/izdelek\/adapter-s70x6-mm-m-x-2%e2%80%b3-f-gfpp\/","url":"https:\/\/ibcparts.eu\/izdelek\/adapter-s70x6-mm-m-x-2%e2%80%b3-f-gfpp\/","name":"Adapter DIN71 (S70\u00d76 mm) (M) \u00d7 2\u2033 (F) [GFPP]","isPartOf":{"@id":"https:\/\/ibcparts.eu\/#website"},"primaryImageOfPage":{"@id":"https:\/\/ibcparts.eu\/izdelek\/adapter-s70x6-mm-m-x-2%e2%80%b3-f-gfpp\/#primaryimage"},"image":{"@id":"https:\/\/ibcparts.eu\/izdelek\/adapter-s70x6-mm-m-x-2%e2%80%b3-f-gfpp\/#primaryimage"},"thumbnailUrl":"https:\/\/ibcparts.eu\/wp-content\/uploads\/2026\/01\/Adapter-DIN-71-M-x-2-BSP-F.png","datePublished":"2026-02-20T17:12:20+00:00","dateModified":"2026-02-20T17:31:34+00:00","description":"Adapter za sod S70x6 (zunanji) na 2\u2033 BSP (notranji) iz oja\u010danega polipropilena (GFPP). Primeren za plasti\u010dne sode in monta\u017eo \u010drpalk ali pip z 2\u2033 BSP navojem.","breadcrumb":{"@id":"https:\/\/ibcparts.eu\/izdelek\/adapter-s70x6-mm-m-x-2%e2%80%b3-f-gfpp\/#breadcrumb"},"inLanguage":"hu-HU","potentialAction":[{"@type":"ReadAction","target":["https:\/\/ibcparts.eu\/izdelek\/adapter-s70x6-mm-m-x-2%e2%80%b3-f-gfpp\/"]}]},{"@type":"ImageObject","inLanguage":"hu-HU","@id":"https:\/\/ibcparts.eu\/izdelek\/adapter-s70x6-mm-m-x-2%e2%80%b3-f-gfpp\/#primaryimage","url":"https:\/\/ibcparts.eu\/wp-content\/uploads\/2026\/01\/Adapter-DIN-71-M-x-2-BSP-F.png","contentUrl":"https:\/\/ibcparts.eu\/wp-content\/uploads\/2026\/01\/Adapter-DIN-71-M-x-2-BSP-F.png","width":500,"height":500,"caption":"adapter DIN71 (S70x6) zunanji navoj na 2\u2033 BSP notranji navoj iz oja\u010danega polipropilena (GFPP)"},{"@type":"BreadcrumbList","@id":"https:\/\/ibcparts.eu\/izdelek\/adapter-s70x6-mm-m-x-2%e2%80%b3-f-gfpp\/#breadcrumb","itemListElement":[{"@type":"ListItem","position":1,"name":"Home","item":"https:\/\/ibcparts.eu\/"},{"@type":"ListItem","position":2,"name":"Nakupujte","item":"https:\/\/ibcparts.eu\/nakupujte\/"},{"@type":"ListItem","position":3,"name":"Adapter DIN71 (S70\u00d76 mm) (M) \u00d7 2\u2033 (F) [GFPP]"}]},{"@type":"WebSite","@id":"https:\/\/ibcparts.eu\/#website","url":"https:\/\/ibcparts.eu\/","name":"IBCparts.eu","description":"","publisher":{"@id":"https:\/\/ibcparts.eu\/#organization"},"potentialAction":[{"@type":"SearchAction","target":{"@type":"EntryPoint","urlTemplate":"https:\/\/ibcparts.eu\/?s={search_term_string}"},"query-input":{"@type":"PropertyValueSpecification","valueRequired":true,"valueName":"search_term_string"}}],"inLanguage":"hu-HU"},{"@type":"Organization","@id":"https:\/\/ibcparts.eu\/#organization","name":"IBCparts","url":"https:\/\/ibcparts.eu\/","logo":{"@type":"ImageObject","inLanguage":"hu-HU","@id":"https:\/\/ibcparts.eu\/#\/schema\/logo\/image\/","url":"https:\/\/ibcparts.eu\/wp-content\/uploads\/2021\/10\/Footer-Logo.png","contentUrl":"https:\/\/ibcparts.eu\/wp-content\/uploads\/2021\/10\/Footer-Logo.png","width":1992,"height":772,"caption":"IBCparts"},"image":{"@id":"https:\/\/ibcparts.eu\/#\/schema\/logo\/image\/"}}]}},"_links":{"self":[{"href":"https:\/\/ibcparts.eu\/hu\/wp-json\/wp\/v2\/product\/20674","targetHints":{"allow":["GET"]}}],"collection":[{"href":"https:\/\/ibcparts.eu\/hu\/wp-json\/wp\/v2\/product"}],"about":[{"href":"https:\/\/ibcparts.eu\/hu\/wp-json\/wp\/v2\/types\/product"}],"version-history":[{"count":3,"href":"https:\/\/ibcparts.eu\/hu\/wp-json\/wp\/v2\/product\/20674\/revisions"}],"predecessor-version":[{"id":20681,"href":"https:\/\/ibcparts.eu\/hu\/wp-json\/wp\/v2\/product\/20674\/revisions\/20681"}],"wp:featuredmedia":[{"embeddable":true,"href":"https:\/\/ibcparts.eu\/hu\/wp-json\/wp\/v2\/media\/19708"}],"wp:attachment":[{"href":"https:\/\/ibcparts.eu\/hu\/wp-json\/wp\/v2\/media?parent=20674"}],"wp:term":[{"taxonomy":"product_brand","embeddable":true,"href":"https:\/\/ibcparts.eu\/hu\/wp-json\/wp\/v2\/product_brand?post=20674"},{"taxonomy":"product_cat","embeddable":true,"href":"https:\/\/ibcparts.eu\/hu\/wp-json\/wp\/v2\/product_cat?post=20674"},{"taxonomy":"product_tag","embeddable":true,"href":"https:\/\/ibcparts.eu\/hu\/wp-json\/wp\/v2\/product_tag?post=20674"}],"curies":[{"name":"wp","href":"https:\/\/api.w.org\/{rel}","templated":true}]}}