{"id":19558,"date":"2025-12-30T16:09:18","date_gmt":"2025-12-30T15:09:18","guid":{"rendered":"https:\/\/ibcparts.eu\/?post_type=product&#038;p=19558"},"modified":"2026-01-13T13:39:32","modified_gmt":"2026-01-13T12:39:32","slug":"pokrov-za-ibc-cisterno-165mm-s-tremi-notranjimi-navoji","status":"publish","type":"product","link":"https:\/\/ibcparts.eu\/hu\/termek\/ibc-tartaly-fedlap-165mm-harom-belso-menettel\/","title":{"rendered":"Pokrov za IBC cisterno (165mm) s tremi notranjimi navoji 1&#8243;"},"content":{"rendered":"","protected":false},"excerpt":{"rendered":"<h2 data-start=\"63\" data-end=\"127\"><strong data-start=\"63\" data-end=\"127\">Pokrov za IBC cisterno (165 mm) s tremi notranjimi navoji 1\u2033<\/strong><\/h2>\n<p data-start=\"129\" data-end=\"327\">Pokrov DN150 (165 mm) za IBC cisterno je opremljen s <strong data-start=\"182\" data-end=\"223\">tremi notranjimi (\u017eenskimi) 1\u2033 navoji<\/strong>, ki omogo\u010dajo neposredno privijanje fitingov, cevi, ventilov ali druge opreme brez dodatnih adapterjev.<\/p>\n<p data-start=\"329\" data-end=\"533\">Namenjen je IBC cisternam z odprtino pokrova <strong data-start=\"374\" data-end=\"401\">165 mm (DN150 \/ S165x7)<\/strong>. V pokrov so vgrajeni <strong data-start=\"424\" data-end=\"471\">kakovostni skozniki HydroFit M (PP) z mufno<\/strong>, ki zagotavljajo zanesno tesnjenje in dolgo \u017eivljenjsko dobo.<\/p>\n<p data-start=\"535\" data-end=\"729\">Na zgornji strani pokrova je <strong data-start=\"564\" data-end=\"594\">notranji (\u017eenski) 1\u2033 navoj<\/strong>, na spodnji strani pa <strong data-start=\"617\" data-end=\"645\">zunanji (mo\u0161ki) 1\u2033 navoj<\/strong>, kar omogo\u010da ve\u010d mo\u017enosti priklopa in izjemno prilagodljivost v razli\u010dnih sistemih.<\/p>\n<p data-start=\"731\" data-end=\"834\">Pokrov ustreza vsem IBC cisternam s to dimenzijo odprtine, <strong data-start=\"790\" data-end=\"833\">razen cisternam proizvajalca Sotralentz<\/strong>.<\/p>","protected":false},"featured_media":19559,"template":"","meta":[],"product_brand":[],"product_cat":[182,261],"product_tag":[512],"class_list":{"0":"post-19558","1":"product","2":"type-product","3":"status-publish","4":"has-post-thumbnail","6":"product_cat-ibc-cisterne-ventili-in-dodatki","7":"product_cat-pokrovi-za-ibc-cisterne","8":"product_tag-pokrov","10":"first","11":"instock","12":"shipping-taxable","13":"purchasable","14":"product-type-simple"},"yoast_head":"<!-- This site is optimized with the Yoast SEO plugin v27.1.1 - https:\/\/yoast.com\/product\/yoast-seo-wordpress\/ -->\n<title>Pokrov za IBC cisterno (165mm) s tremi notranjimi navoji 1&quot;<\/title>\n<meta name=\"description\" content=\"Pokrov za IBC cisterno (165 mm) s tremi notranjimi navoji 1&quot;. DN150. Za Schutz, Greif, Mauser.\" \/>\n<meta name=\"robots\" content=\"index, follow, max-snippet:-1, max-image-preview:large, max-video-preview:-1\" \/>\n<link rel=\"canonical\" href=\"https:\/\/ibcparts.eu\/hu\/termek\/ibc-tartaly-fedlap-165mm-harom-belso-menettel\/\" \/>\n<meta property=\"og:locale\" content=\"hu_HU\" \/>\n<meta property=\"og:type\" content=\"article\" \/>\n<meta property=\"og:title\" content=\"Pokrov za IBC cisterno (165mm) s tremi notranjimi navoji 1&quot;\" \/>\n<meta property=\"og:description\" content=\"Pokrov za IBC cisterno (165 mm) s tremi notranjimi navoji 1&quot;. DN150. Za Schutz, Greif, Mauser.\" \/>\n<meta property=\"og:url\" content=\"https:\/\/ibcparts.eu\/hu\/termek\/ibc-tartaly-fedlap-165mm-harom-belso-menettel\/\" \/>\n<meta property=\"og:site_name\" content=\"IBCparts.eu\" \/>\n<meta property=\"article:modified_time\" content=\"2026-01-13T12:39:32+00:00\" \/>\n<meta property=\"og:image\" content=\"https:\/\/ibcparts.eu\/wp-content\/uploads\/2025\/12\/Pokrov-za-IBC-cisterno-165-mm-s-tremi-notranjimi-navoji-1.jpg\" \/>\n\t<meta property=\"og:image:width\" content=\"500\" \/>\n\t<meta property=\"og:image:height\" content=\"500\" \/>\n\t<meta property=\"og:image:type\" content=\"image\/jpeg\" \/>\n<meta name=\"twitter:card\" content=\"summary_large_image\" \/>\n<script type=\"application\/ld+json\" class=\"yoast-schema-graph\">{\"@context\":\"https:\/\/schema.org\",\"@graph\":[{\"@type\":\"WebPage\",\"@id\":\"https:\/\/ibcparts.eu\/izdelek\/pokrov-za-ibc-cisterno-165mm-s-tremi-notranjimi-navoji\/\",\"url\":\"https:\/\/ibcparts.eu\/izdelek\/pokrov-za-ibc-cisterno-165mm-s-tremi-notranjimi-navoji\/\",\"name\":\"Pokrov za IBC cisterno (165mm) s tremi notranjimi navoji 1\\\"\",\"isPartOf\":{\"@id\":\"https:\/\/ibcparts.eu\/#website\"},\"primaryImageOfPage\":{\"@id\":\"https:\/\/ibcparts.eu\/izdelek\/pokrov-za-ibc-cisterno-165mm-s-tremi-notranjimi-navoji\/#primaryimage\"},\"image\":{\"@id\":\"https:\/\/ibcparts.eu\/izdelek\/pokrov-za-ibc-cisterno-165mm-s-tremi-notranjimi-navoji\/#primaryimage\"},\"thumbnailUrl\":\"https:\/\/ibcparts.eu\/wp-content\/uploads\/2025\/12\/Pokrov-za-IBC-cisterno-165-mm-s-tremi-notranjimi-navoji-1.jpg\",\"datePublished\":\"2025-12-30T15:09:18+00:00\",\"dateModified\":\"2026-01-13T12:39:32+00:00\",\"description\":\"Pokrov za IBC cisterno (165 mm) s tremi notranjimi navoji 1\\\". DN150. Za Schutz, Greif, Mauser.\",\"breadcrumb\":{\"@id\":\"https:\/\/ibcparts.eu\/izdelek\/pokrov-za-ibc-cisterno-165mm-s-tremi-notranjimi-navoji\/#breadcrumb\"},\"inLanguage\":\"hu-HU\",\"potentialAction\":[{\"@type\":\"ReadAction\",\"target\":[\"https:\/\/ibcparts.eu\/izdelek\/pokrov-za-ibc-cisterno-165mm-s-tremi-notranjimi-navoji\/\"]}]},{\"@type\":\"ImageObject\",\"inLanguage\":\"hu-HU\",\"@id\":\"https:\/\/ibcparts.eu\/izdelek\/pokrov-za-ibc-cisterno-165mm-s-tremi-notranjimi-navoji\/#primaryimage\",\"url\":\"https:\/\/ibcparts.eu\/wp-content\/uploads\/2025\/12\/Pokrov-za-IBC-cisterno-165-mm-s-tremi-notranjimi-navoji-1.jpg\",\"contentUrl\":\"https:\/\/ibcparts.eu\/wp-content\/uploads\/2025\/12\/Pokrov-za-IBC-cisterno-165-mm-s-tremi-notranjimi-navoji-1.jpg\",\"width\":500,\"height\":500,\"caption\":\"Pokrov za IBC cisterno (165 mm) s tremi zunanjimi navoji 1\"},{\"@type\":\"BreadcrumbList\",\"@id\":\"https:\/\/ibcparts.eu\/izdelek\/pokrov-za-ibc-cisterno-165mm-s-tremi-notranjimi-navoji\/#breadcrumb\",\"itemListElement\":[{\"@type\":\"ListItem\",\"position\":1,\"name\":\"Home\",\"item\":\"https:\/\/ibcparts.eu\/\"},{\"@type\":\"ListItem\",\"position\":2,\"name\":\"Nakupujte\",\"item\":\"https:\/\/ibcparts.eu\/nakupujte\/\"},{\"@type\":\"ListItem\",\"position\":3,\"name\":\"Pokrov za IBC cisterno (165mm) s tremi notranjimi navoji 1&#8243;\"}]},{\"@type\":\"WebSite\",\"@id\":\"https:\/\/ibcparts.eu\/#website\",\"url\":\"https:\/\/ibcparts.eu\/\",\"name\":\"IBCparts.eu\",\"description\":\"\",\"publisher\":{\"@id\":\"https:\/\/ibcparts.eu\/#organization\"},\"potentialAction\":[{\"@type\":\"SearchAction\",\"target\":{\"@type\":\"EntryPoint\",\"urlTemplate\":\"https:\/\/ibcparts.eu\/?s={search_term_string}\"},\"query-input\":{\"@type\":\"PropertyValueSpecification\",\"valueRequired\":true,\"valueName\":\"search_term_string\"}}],\"inLanguage\":\"hu-HU\"},{\"@type\":\"Organization\",\"@id\":\"https:\/\/ibcparts.eu\/#organization\",\"name\":\"IBCparts\",\"url\":\"https:\/\/ibcparts.eu\/\",\"logo\":{\"@type\":\"ImageObject\",\"inLanguage\":\"hu-HU\",\"@id\":\"https:\/\/ibcparts.eu\/#\/schema\/logo\/image\/\",\"url\":\"https:\/\/ibcparts.eu\/wp-content\/uploads\/2021\/10\/Footer-Logo.png\",\"contentUrl\":\"https:\/\/ibcparts.eu\/wp-content\/uploads\/2021\/10\/Footer-Logo.png\",\"width\":1992,\"height\":772,\"caption\":\"IBCparts\"},\"image\":{\"@id\":\"https:\/\/ibcparts.eu\/#\/schema\/logo\/image\/\"}}]}<\/script>\n<!-- \/ Yoast SEO plugin. -->","yoast_head_json":{"title":"Pokrov za IBC cisterno (165mm) s tremi notranjimi navoji 1\"","description":"Pokrov za IBC cisterno (165 mm) s tremi notranjimi navoji 1\". DN150. Za Schutz, Greif, Mauser.","robots":{"index":"index","follow":"follow","max-snippet":"max-snippet:-1","max-image-preview":"max-image-preview:large","max-video-preview":"max-video-preview:-1"},"canonical":"https:\/\/ibcparts.eu\/hu\/termek\/ibc-tartaly-fedlap-165mm-harom-belso-menettel\/","og_locale":"hu_HU","og_type":"article","og_title":"Pokrov za IBC cisterno (165mm) s tremi notranjimi navoji 1\"","og_description":"Pokrov za IBC cisterno (165 mm) s tremi notranjimi navoji 1\". DN150. Za Schutz, Greif, Mauser.","og_url":"https:\/\/ibcparts.eu\/hu\/termek\/ibc-tartaly-fedlap-165mm-harom-belso-menettel\/","og_site_name":"IBCparts.eu","article_modified_time":"2026-01-13T12:39:32+00:00","og_image":[{"width":500,"height":500,"url":"https:\/\/ibcparts.eu\/wp-content\/uploads\/2025\/12\/Pokrov-za-IBC-cisterno-165-mm-s-tremi-notranjimi-navoji-1.jpg","type":"image\/jpeg"}],"twitter_card":"summary_large_image","schema":{"@context":"https:\/\/schema.org","@graph":[{"@type":"WebPage","@id":"https:\/\/ibcparts.eu\/izdelek\/pokrov-za-ibc-cisterno-165mm-s-tremi-notranjimi-navoji\/","url":"https:\/\/ibcparts.eu\/izdelek\/pokrov-za-ibc-cisterno-165mm-s-tremi-notranjimi-navoji\/","name":"Pokrov za IBC cisterno (165mm) s tremi notranjimi navoji 1\"","isPartOf":{"@id":"https:\/\/ibcparts.eu\/#website"},"primaryImageOfPage":{"@id":"https:\/\/ibcparts.eu\/izdelek\/pokrov-za-ibc-cisterno-165mm-s-tremi-notranjimi-navoji\/#primaryimage"},"image":{"@id":"https:\/\/ibcparts.eu\/izdelek\/pokrov-za-ibc-cisterno-165mm-s-tremi-notranjimi-navoji\/#primaryimage"},"thumbnailUrl":"https:\/\/ibcparts.eu\/wp-content\/uploads\/2025\/12\/Pokrov-za-IBC-cisterno-165-mm-s-tremi-notranjimi-navoji-1.jpg","datePublished":"2025-12-30T15:09:18+00:00","dateModified":"2026-01-13T12:39:32+00:00","description":"Pokrov za IBC cisterno (165 mm) s tremi notranjimi navoji 1\". DN150. Za Schutz, Greif, Mauser.","breadcrumb":{"@id":"https:\/\/ibcparts.eu\/izdelek\/pokrov-za-ibc-cisterno-165mm-s-tremi-notranjimi-navoji\/#breadcrumb"},"inLanguage":"hu-HU","potentialAction":[{"@type":"ReadAction","target":["https:\/\/ibcparts.eu\/izdelek\/pokrov-za-ibc-cisterno-165mm-s-tremi-notranjimi-navoji\/"]}]},{"@type":"ImageObject","inLanguage":"hu-HU","@id":"https:\/\/ibcparts.eu\/izdelek\/pokrov-za-ibc-cisterno-165mm-s-tremi-notranjimi-navoji\/#primaryimage","url":"https:\/\/ibcparts.eu\/wp-content\/uploads\/2025\/12\/Pokrov-za-IBC-cisterno-165-mm-s-tremi-notranjimi-navoji-1.jpg","contentUrl":"https:\/\/ibcparts.eu\/wp-content\/uploads\/2025\/12\/Pokrov-za-IBC-cisterno-165-mm-s-tremi-notranjimi-navoji-1.jpg","width":500,"height":500,"caption":"Pokrov za IBC cisterno (165 mm) s tremi zunanjimi navoji 1"},{"@type":"BreadcrumbList","@id":"https:\/\/ibcparts.eu\/izdelek\/pokrov-za-ibc-cisterno-165mm-s-tremi-notranjimi-navoji\/#breadcrumb","itemListElement":[{"@type":"ListItem","position":1,"name":"Home","item":"https:\/\/ibcparts.eu\/"},{"@type":"ListItem","position":2,"name":"Nakupujte","item":"https:\/\/ibcparts.eu\/nakupujte\/"},{"@type":"ListItem","position":3,"name":"Pokrov za IBC cisterno (165mm) s tremi notranjimi navoji 1&#8243;"}]},{"@type":"WebSite","@id":"https:\/\/ibcparts.eu\/#website","url":"https:\/\/ibcparts.eu\/","name":"IBCparts.eu","description":"","publisher":{"@id":"https:\/\/ibcparts.eu\/#organization"},"potentialAction":[{"@type":"SearchAction","target":{"@type":"EntryPoint","urlTemplate":"https:\/\/ibcparts.eu\/?s={search_term_string}"},"query-input":{"@type":"PropertyValueSpecification","valueRequired":true,"valueName":"search_term_string"}}],"inLanguage":"hu-HU"},{"@type":"Organization","@id":"https:\/\/ibcparts.eu\/#organization","name":"IBCparts","url":"https:\/\/ibcparts.eu\/","logo":{"@type":"ImageObject","inLanguage":"hu-HU","@id":"https:\/\/ibcparts.eu\/#\/schema\/logo\/image\/","url":"https:\/\/ibcparts.eu\/wp-content\/uploads\/2021\/10\/Footer-Logo.png","contentUrl":"https:\/\/ibcparts.eu\/wp-content\/uploads\/2021\/10\/Footer-Logo.png","width":1992,"height":772,"caption":"IBCparts"},"image":{"@id":"https:\/\/ibcparts.eu\/#\/schema\/logo\/image\/"}}]}},"_links":{"self":[{"href":"https:\/\/ibcparts.eu\/hu\/wp-json\/wp\/v2\/product\/19558","targetHints":{"allow":["GET"]}}],"collection":[{"href":"https:\/\/ibcparts.eu\/hu\/wp-json\/wp\/v2\/product"}],"about":[{"href":"https:\/\/ibcparts.eu\/hu\/wp-json\/wp\/v2\/types\/product"}],"version-history":[{"count":2,"href":"https:\/\/ibcparts.eu\/hu\/wp-json\/wp\/v2\/product\/19558\/revisions"}],"predecessor-version":[{"id":20146,"href":"https:\/\/ibcparts.eu\/hu\/wp-json\/wp\/v2\/product\/19558\/revisions\/20146"}],"wp:featuredmedia":[{"embeddable":true,"href":"https:\/\/ibcparts.eu\/hu\/wp-json\/wp\/v2\/media\/19559"}],"wp:attachment":[{"href":"https:\/\/ibcparts.eu\/hu\/wp-json\/wp\/v2\/media?parent=19558"}],"wp:term":[{"taxonomy":"product_brand","embeddable":true,"href":"https:\/\/ibcparts.eu\/hu\/wp-json\/wp\/v2\/product_brand?post=19558"},{"taxonomy":"product_cat","embeddable":true,"href":"https:\/\/ibcparts.eu\/hu\/wp-json\/wp\/v2\/product_cat?post=19558"},{"taxonomy":"product_tag","embeddable":true,"href":"https:\/\/ibcparts.eu\/hu\/wp-json\/wp\/v2\/product_tag?post=19558"}],"curies":[{"name":"wp","href":"https:\/\/api.w.org\/{rel}","templated":true}]}}