{"id":19179,"date":"2025-12-18T10:50:22","date_gmt":"2025-12-18T09:50:22","guid":{"rendered":"https:\/\/ibcparts.eu\/?post_type=product&#038;p=19179"},"modified":"2026-02-11T13:11:46","modified_gmt":"2026-02-11T12:11:46","slug":"rocna-sifonska-crpalka","status":"publish","type":"product","link":"https:\/\/ibcparts.eu\/hu\/termek\/rocna-sifonska-crpalka\/","title":{"rendered":"K\u00e9zi szifonos szivatty\u00fa"},"content":{"rendered":"<h2 data-start=\"281\" data-end=\"321\"><b><span dir=\"auto\">K\u00e9zi szifonos szivatty\u00fa v\u00edzhez \u00e9s enyh\u00e9n agressz\u00edv, h\u00edg\u00edtott savakhoz, valamint enyhe l\u00fagokhoz.<\/span><\/b><\/h2>\n<p data-start=\"323\" data-end=\"589\">A feh\u00e9r-piros sz\u00edn\u0171 k\u00e9zi szivatty\u00fa folyad\u00e9kok palackokb\u00f3l, hord\u00f3kb\u00f3l \u00e9s IBC tart\u00e1lyokb\u00f3l t\u00f6rt\u00e9n\u0151 szivatty\u00faz\u00e1s\u00e1ra szolg\u00e1l. A gondosan megv\u00e1lasztott anyagoknak k\u00f6sz\u00f6nhet\u0151en megfelel\u0151 haszn\u00e1lat mellett megb\u00edzhat\u00f3 m\u0171k\u00f6d\u00e9st \u00e9s hossz\u00fa \u00e9lettartamot biztos\u00edt.<\/p>\n<h3 data-start=\"591\" data-end=\"612\">F\u0151 el\u0151ny\u00f6k<\/h3>\n<ul>\n<li data-start=\"615\" data-end=\"655\" class=\" translation-block\"><span dir=\"auto\">A sz\u00edv\u00f3- \u00e9s nyom\u00f3cs\u0151 k\u00e9zi felt\u00f6lt\u00e9se ut\u00e1n <\/span><b><span dir=\"auto\">a szivatty\u00fa automatikusan folytatja a szivatty\u00faz\u00e1st<\/span><\/b><span dir=\"auto\">.<\/span><\/li>\n<li data-start=\"615\" data-end=\"655\">Sz\u00e9les folyad\u00e9kk\u00f6rh\u00f6z alkalmas<\/li>\n<li data-start=\"658\" data-end=\"698\" class=\" translation-block\">Robusztus kialak\u00edt\u00e1s <strong data-start=\"683\" data-end=\"698\">PE \u00e9s PVC m\u0171anyagb\u00f3l<\/strong><\/li>\n<li data-start=\"773\" data-end=\"821\">\u00c1ll\u00edthat\u00f3 mer\u00fcl\u0151cs\u0151 a rugalmas haszn\u00e1lathoz<\/li>\n<li data-start=\"824\" data-end=\"851\">Egyszer\u0171 k\u00e9zi m\u0171k\u00f6dtet\u00e9s\n<div class=\"styled-list-container _2HREgKslueaARI-U21snnr\" data-test-id=\"product-description\">\n<div class=\"_1MkxNefptZewb61IApId0y\" data-test-id=\"html-to-react-id\"><\/div>\n<\/div>\n<\/li>\n<\/ul>\n<h3 data-start=\"853\" data-end=\"875\">M\u0171szaki jellemz\u0151k<\/h3>\n<ul>\n<li data-start=\"878\" data-end=\"917\"><strong data-start=\"878\" data-end=\"899\">Szivatty\u00fa anyaga:<\/strong> PVC<\/li>\n<li data-start=\"953\" data-end=\"989\" class=\" translation-block\"><strong data-start=\"953\" data-end=\"973\">\u00c1tfoly\u00e1s:<\/strong> 0,08 l\/l\u00f6ket vagy 18,5 l\/perc szifonos \u00fczemm\u00f3dban<\/li>\n<li data-start=\"992\" data-end=\"1005\"><strong data-start=\"992\" data-end=\"1002\">Sz\u00e1l:<\/strong> 2&#8243; in 6\/4&#8243;<\/li>\n<li><strong data-start=\"232\" data-end=\"252\">Kimeneti t\u00f6ml\u0151 hossza 130 cm<\/strong><\/li>\n<li data-start=\"1037\" data-end=\"1098\"><strong data-start=\"1037\" data-end=\"1053\">Mer\u00fcl\u0151cs\u0151:<\/strong>\u00a0850 mm<\/li>\n<li data-start=\"1101\" data-end=\"1138\" class=\" translation-block\"><strong data-start=\"1101\" data-end=\"1125\">Mer\u00fcl\u0151cs\u0151 \u00e1tm\u00e9r\u0151je:<\/strong> maxim\u00e1lis \u00e1tm\u00e9r\u0151 25 mm<\/li>\n<\/ul>\n<h3 data-start=\"2201\" data-end=\"2223\">Biztons\u00e1gi utas\u00edt\u00e1sok<\/h3>\n<ul>\n<li data-start=\"2226\" data-end=\"2292\" class=\" translation-block\">A szivatty\u00fa <strong data-start=\"2234\" data-end=\"2249\">nem alkalmas<\/strong> <strong data-start=\"2280\" data-end=\"2292\">AI \/ AII<\/strong> vesz\u00e9lyess\u00e9gi oszt\u00e1lyba tartoz\u00f3 k\u00f6zegekhez<\/li>\n<li data-start=\"2295\" data-end=\"2347\" class=\" translation-block\">Nem enged\u00e9lyezett a haszn\u00e1lata <strong data-start=\"2319\" data-end=\"2347\">k\u00f6nnyen gy\u00fal\u00e9kony folyad\u00e9kokhoz<\/strong><\/li>\n<li data-start=\"2350\" data-end=\"2407\" class=\" translation-block\">A haszn\u00e1lat <strong data-start=\"2360\" data-end=\"2407\">robban\u00e1svesz\u00e9lyes ter\u00fcleteken nem megengedett<\/strong><\/li>\n<li data-start=\"2410\" data-end=\"2490\">Vesz\u00e9lyes folyad\u00e9kok szivatty\u00faz\u00e1sakor minden el\u0151\u00edrt biztons\u00e1gi int\u00e9zked\u00e9st be kell tartani<\/li>\n<li data-start=\"2493\" data-end=\"2541\">Meg kell el\u0151zni a ki\u00f6ml\u00f6tt folyad\u00e9kok miatti elcs\u00fasz\u00e1st<\/li>\n<li data-start=\"2544\" data-end=\"2606\" class=\" translation-block\">Haszn\u00e1lat el\u0151tt ellen\u0151rizze a <strong data-start=\"2586\" data-end=\"2606\">m\u00e9rgez\u0151 g\u0151z\u00f6k<\/strong> k\u00e9pz\u0151d\u00e9s\u00e9nek lehet\u0151s\u00e9g\u00e9t<\/li>\n<\/ul>","protected":false},"excerpt":{"rendered":"<h2 data-start=\"281\" data-end=\"321\"><b><span dir=\"auto\">K\u00e9zi szifonos szivatty\u00fa v\u00edzhez \u00e9s enyh\u00e9n agressz\u00edv, h\u00edg\u00edtott savakhoz, valamint enyhe l\u00fagokhoz.<\/span><\/b><\/h2>\n<ul>\n<li data-start=\"878\" data-end=\"917\"><strong data-start=\"878\" data-end=\"899\">Szivatty\u00fa anyaga:<\/strong> PVC<\/li>\n<li data-start=\"953\" data-end=\"989\" class=\" translation-block\"><strong data-start=\"953\" data-end=\"973\">\u00c1tfoly\u00e1s:<\/strong> 0,08 l\/l\u00f6ket vagy 18,5 l\/perc szifonos \u00fczemm\u00f3dban<\/li>\n<li data-start=\"992\" data-end=\"1005\" class=\" translation-block\"><strong data-start=\"992\" data-end=\"1002\">Menet:<\/strong> 2\u2033 k\u00fcls\u0151 menet (BSP)<\/li>\n<li><strong data-start=\"232\" data-end=\"252\">Kimeneti t\u00f6ml\u0151 hossza 130 cm<\/strong><\/li>\n<li data-start=\"1037\" data-end=\"1098\"><strong data-start=\"1037\" data-end=\"1053\">Sz\u00edv\u00f3cs\u0151:<\/strong>\u00a0850 mm<\/li>\n<li data-start=\"1101\" data-end=\"1138\" class=\" translation-block\"><strong data-start=\"1101\" data-end=\"1125\">Sz\u00edv\u00f3cs\u0151 \u00e1tm\u00e9r\u0151je:<\/strong> maxim\u00e1lis \u00e1tm\u00e9r\u0151 25 mm<\/li>\n<li class=\" translation-block\"><strong>Elektromos \u00e1ram n\u00e9lk\u00fcl m\u0171k\u00f6dik<\/strong> vagy s\u0171r\u00edtett leveg\u0151 n\u00e9lk\u00fcl<\/li>\n<li><span dir=\"auto\"><span dir=\"auto\">Egyszer\u0171 \u00e9s biztons\u00e1gos adagol\u00e1s<\/span><\/span><\/li>\n<li><strong>S\u00faly<\/strong>: 0.41 kg<\/li>\n<li>Sz\u00edn: feh\u00e9r-piros<\/li>\n<\/ul>\n<p>Haszn\u00e1lat el\u0151tt ellen\u0151rizze a k\u00f6zeg k\u00e9miai ellen\u00e1ll\u00f3s\u00e1g\u00e1t. Nem alkalmas gy\u00fal\u00e9kony folyad\u00e9kokhoz (AI\/AII oszt\u00e1ly), illetve robban\u00e1svesz\u00e9lyes ter\u00fcleteken t\u00f6rt\u00e9n\u0151 haszn\u00e1latra.<\/p>\n<p><em>A felt\u00fcntetett \u00e1r nett\u00f3 (\u00c1FA n\u00e9lk\u00fcl). A pontos sz\u00e1ll\u00edt\u00e1si k\u00f6lts\u00e9g az el\u0151sz\u00e1mla k\u00e9sz\u00edt\u00e9sekor ker\u00fcl kisz\u00e1m\u00edt\u00e1sra.<\/em><\/p>","protected":false},"featured_media":19181,"template":"","meta":[],"product_brand":[],"product_cat":[485],"product_tag":[496],"class_list":{"0":"post-19179","1":"product","2":"type-product","3":"status-publish","4":"has-post-thumbnail","6":"product_cat-rocne-crpalke","7":"product_tag-rocna-sifonska-crpalka","9":"first","10":"instock","11":"sale","12":"shipping-taxable","13":"purchasable","14":"product-type-simple"},"yoast_head":"<!-- This site is optimized with the Yoast SEO plugin v27.1.1 - https:\/\/yoast.com\/product\/yoast-seo-wordpress\/ -->\n<title>Ro\u010dna sifonska \u010drpalka | IBCparts.eu<\/title>\n<meta name=\"description\" content=\"Ro\u010dna sifonska \u010drpalka za vodo in rahlo agresivne, razred\u010dene kisline ter blage alkalije. Deluje brez elektrike ali stisnjenega zraka.\" \/>\n<meta name=\"robots\" content=\"index, follow, max-snippet:-1, max-image-preview:large, max-video-preview:-1\" \/>\n<link rel=\"canonical\" href=\"https:\/\/ibcparts.eu\/hu\/termek\/rocna-sifonska-crpalka\/\" \/>\n<meta property=\"og:locale\" content=\"hu_HU\" \/>\n<meta property=\"og:type\" content=\"article\" \/>\n<meta property=\"og:title\" content=\"Ro\u010dna sifonska \u010drpalka | IBCparts.eu\" \/>\n<meta property=\"og:description\" content=\"Ro\u010dna sifonska \u010drpalka za vodo in rahlo agresivne, razred\u010dene kisline ter blage alkalije. Deluje brez elektrike ali stisnjenega zraka.\" \/>\n<meta property=\"og:url\" content=\"https:\/\/ibcparts.eu\/hu\/termek\/rocna-sifonska-crpalka\/\" \/>\n<meta property=\"og:site_name\" content=\"IBCparts.eu\" \/>\n<meta property=\"article:modified_time\" content=\"2026-02-11T12:11:46+00:00\" \/>\n<meta property=\"og:image\" content=\"https:\/\/ibcparts.eu\/wp-content\/uploads\/2025\/12\/Rocna-sifonska-crpalka-za-vodo-in-rahlo-agresivne-razredcene-kisline-ter-blage-alkalije.webp\" \/>\n\t<meta property=\"og:image:width\" content=\"1024\" \/>\n\t<meta property=\"og:image:height\" content=\"1024\" \/>\n\t<meta property=\"og:image:type\" content=\"image\/webp\" \/>\n<meta name=\"twitter:card\" content=\"summary_large_image\" \/>\n<meta name=\"twitter:label1\" content=\"Est. reading time\" \/>\n\t<meta name=\"twitter:data1\" content=\"1 minute\" \/>\n<script type=\"application\/ld+json\" class=\"yoast-schema-graph\">{\"@context\":\"https:\/\/schema.org\",\"@graph\":[{\"@type\":\"WebPage\",\"@id\":\"https:\/\/ibcparts.eu\/izdelek\/rocna-sifonska-crpalka\/\",\"url\":\"https:\/\/ibcparts.eu\/izdelek\/rocna-sifonska-crpalka\/\",\"name\":\"Ro\u010dna sifonska \u010drpalka | IBCparts.eu\",\"isPartOf\":{\"@id\":\"https:\/\/ibcparts.eu\/#website\"},\"primaryImageOfPage\":{\"@id\":\"https:\/\/ibcparts.eu\/izdelek\/rocna-sifonska-crpalka\/#primaryimage\"},\"image\":{\"@id\":\"https:\/\/ibcparts.eu\/izdelek\/rocna-sifonska-crpalka\/#primaryimage\"},\"thumbnailUrl\":\"https:\/\/ibcparts.eu\/wp-content\/uploads\/2025\/12\/Rocna-sifonska-crpalka-za-vodo-in-rahlo-agresivne-razredcene-kisline-ter-blage-alkalije.webp\",\"datePublished\":\"2025-12-18T09:50:22+00:00\",\"dateModified\":\"2026-02-11T12:11:46+00:00\",\"description\":\"Ro\u010dna sifonska \u010drpalka za vodo in rahlo agresivne, razred\u010dene kisline ter blage alkalije. Deluje brez elektrike ali stisnjenega zraka.\",\"breadcrumb\":{\"@id\":\"https:\/\/ibcparts.eu\/izdelek\/rocna-sifonska-crpalka\/#breadcrumb\"},\"inLanguage\":\"hu-HU\",\"potentialAction\":[{\"@type\":\"ReadAction\",\"target\":[\"https:\/\/ibcparts.eu\/izdelek\/rocna-sifonska-crpalka\/\"]}]},{\"@type\":\"ImageObject\",\"inLanguage\":\"hu-HU\",\"@id\":\"https:\/\/ibcparts.eu\/izdelek\/rocna-sifonska-crpalka\/#primaryimage\",\"url\":\"https:\/\/ibcparts.eu\/wp-content\/uploads\/2025\/12\/Rocna-sifonska-crpalka-za-vodo-in-rahlo-agresivne-razredcene-kisline-ter-blage-alkalije.webp\",\"contentUrl\":\"https:\/\/ibcparts.eu\/wp-content\/uploads\/2025\/12\/Rocna-sifonska-crpalka-za-vodo-in-rahlo-agresivne-razredcene-kisline-ter-blage-alkalije.webp\",\"width\":1024,\"height\":1024,\"caption\":\"Ro\u010dna sifonska \u010drpalka za vodo in rahlo agresivne, razred\u010dene kisline ter blage alkalije.\"},{\"@type\":\"BreadcrumbList\",\"@id\":\"https:\/\/ibcparts.eu\/izdelek\/rocna-sifonska-crpalka\/#breadcrumb\",\"itemListElement\":[{\"@type\":\"ListItem\",\"position\":1,\"name\":\"Home\",\"item\":\"https:\/\/ibcparts.eu\/\"},{\"@type\":\"ListItem\",\"position\":2,\"name\":\"Nakupujte\",\"item\":\"https:\/\/ibcparts.eu\/nakupujte\/\"},{\"@type\":\"ListItem\",\"position\":3,\"name\":\"Ro\u010dna sifonska \u010drpalka\"}]},{\"@type\":\"WebSite\",\"@id\":\"https:\/\/ibcparts.eu\/#website\",\"url\":\"https:\/\/ibcparts.eu\/\",\"name\":\"IBCparts.eu\",\"description\":\"\",\"publisher\":{\"@id\":\"https:\/\/ibcparts.eu\/#organization\"},\"potentialAction\":[{\"@type\":\"SearchAction\",\"target\":{\"@type\":\"EntryPoint\",\"urlTemplate\":\"https:\/\/ibcparts.eu\/?s={search_term_string}\"},\"query-input\":{\"@type\":\"PropertyValueSpecification\",\"valueRequired\":true,\"valueName\":\"search_term_string\"}}],\"inLanguage\":\"hu-HU\"},{\"@type\":\"Organization\",\"@id\":\"https:\/\/ibcparts.eu\/#organization\",\"name\":\"IBCparts\",\"url\":\"https:\/\/ibcparts.eu\/\",\"logo\":{\"@type\":\"ImageObject\",\"inLanguage\":\"hu-HU\",\"@id\":\"https:\/\/ibcparts.eu\/#\/schema\/logo\/image\/\",\"url\":\"https:\/\/ibcparts.eu\/wp-content\/uploads\/2021\/10\/Footer-Logo.png\",\"contentUrl\":\"https:\/\/ibcparts.eu\/wp-content\/uploads\/2021\/10\/Footer-Logo.png\",\"width\":1992,\"height\":772,\"caption\":\"IBCparts\"},\"image\":{\"@id\":\"https:\/\/ibcparts.eu\/#\/schema\/logo\/image\/\"}}]}<\/script>\n<!-- \/ Yoast SEO plugin. -->","yoast_head_json":{"title":"Ro\u010dna sifonska \u010drpalka | IBCparts.eu","description":"Ro\u010dna sifonska \u010drpalka za vodo in rahlo agresivne, razred\u010dene kisline ter blage alkalije. Deluje brez elektrike ali stisnjenega zraka.","robots":{"index":"index","follow":"follow","max-snippet":"max-snippet:-1","max-image-preview":"max-image-preview:large","max-video-preview":"max-video-preview:-1"},"canonical":"https:\/\/ibcparts.eu\/hu\/termek\/rocna-sifonska-crpalka\/","og_locale":"hu_HU","og_type":"article","og_title":"Ro\u010dna sifonska \u010drpalka | IBCparts.eu","og_description":"Ro\u010dna sifonska \u010drpalka za vodo in rahlo agresivne, razred\u010dene kisline ter blage alkalije. Deluje brez elektrike ali stisnjenega zraka.","og_url":"https:\/\/ibcparts.eu\/hu\/termek\/rocna-sifonska-crpalka\/","og_site_name":"IBCparts.eu","article_modified_time":"2026-02-11T12:11:46+00:00","og_image":[{"width":1024,"height":1024,"url":"https:\/\/ibcparts.eu\/wp-content\/uploads\/2025\/12\/Rocna-sifonska-crpalka-za-vodo-in-rahlo-agresivne-razredcene-kisline-ter-blage-alkalije.webp","type":"image\/webp"}],"twitter_card":"summary_large_image","twitter_misc":{"Est. reading time":"1 minute"},"schema":{"@context":"https:\/\/schema.org","@graph":[{"@type":"WebPage","@id":"https:\/\/ibcparts.eu\/izdelek\/rocna-sifonska-crpalka\/","url":"https:\/\/ibcparts.eu\/izdelek\/rocna-sifonska-crpalka\/","name":"Ro\u010dna sifonska \u010drpalka | IBCparts.eu","isPartOf":{"@id":"https:\/\/ibcparts.eu\/#website"},"primaryImageOfPage":{"@id":"https:\/\/ibcparts.eu\/izdelek\/rocna-sifonska-crpalka\/#primaryimage"},"image":{"@id":"https:\/\/ibcparts.eu\/izdelek\/rocna-sifonska-crpalka\/#primaryimage"},"thumbnailUrl":"https:\/\/ibcparts.eu\/wp-content\/uploads\/2025\/12\/Rocna-sifonska-crpalka-za-vodo-in-rahlo-agresivne-razredcene-kisline-ter-blage-alkalije.webp","datePublished":"2025-12-18T09:50:22+00:00","dateModified":"2026-02-11T12:11:46+00:00","description":"Ro\u010dna sifonska \u010drpalka za vodo in rahlo agresivne, razred\u010dene kisline ter blage alkalije. Deluje brez elektrike ali stisnjenega zraka.","breadcrumb":{"@id":"https:\/\/ibcparts.eu\/izdelek\/rocna-sifonska-crpalka\/#breadcrumb"},"inLanguage":"hu-HU","potentialAction":[{"@type":"ReadAction","target":["https:\/\/ibcparts.eu\/izdelek\/rocna-sifonska-crpalka\/"]}]},{"@type":"ImageObject","inLanguage":"hu-HU","@id":"https:\/\/ibcparts.eu\/izdelek\/rocna-sifonska-crpalka\/#primaryimage","url":"https:\/\/ibcparts.eu\/wp-content\/uploads\/2025\/12\/Rocna-sifonska-crpalka-za-vodo-in-rahlo-agresivne-razredcene-kisline-ter-blage-alkalije.webp","contentUrl":"https:\/\/ibcparts.eu\/wp-content\/uploads\/2025\/12\/Rocna-sifonska-crpalka-za-vodo-in-rahlo-agresivne-razredcene-kisline-ter-blage-alkalije.webp","width":1024,"height":1024,"caption":"Ro\u010dna sifonska \u010drpalka za vodo in rahlo agresivne, razred\u010dene kisline ter blage alkalije."},{"@type":"BreadcrumbList","@id":"https:\/\/ibcparts.eu\/izdelek\/rocna-sifonska-crpalka\/#breadcrumb","itemListElement":[{"@type":"ListItem","position":1,"name":"Home","item":"https:\/\/ibcparts.eu\/"},{"@type":"ListItem","position":2,"name":"Nakupujte","item":"https:\/\/ibcparts.eu\/nakupujte\/"},{"@type":"ListItem","position":3,"name":"Ro\u010dna sifonska \u010drpalka"}]},{"@type":"WebSite","@id":"https:\/\/ibcparts.eu\/#website","url":"https:\/\/ibcparts.eu\/","name":"IBCparts.eu","description":"","publisher":{"@id":"https:\/\/ibcparts.eu\/#organization"},"potentialAction":[{"@type":"SearchAction","target":{"@type":"EntryPoint","urlTemplate":"https:\/\/ibcparts.eu\/?s={search_term_string}"},"query-input":{"@type":"PropertyValueSpecification","valueRequired":true,"valueName":"search_term_string"}}],"inLanguage":"hu-HU"},{"@type":"Organization","@id":"https:\/\/ibcparts.eu\/#organization","name":"IBCparts","url":"https:\/\/ibcparts.eu\/","logo":{"@type":"ImageObject","inLanguage":"hu-HU","@id":"https:\/\/ibcparts.eu\/#\/schema\/logo\/image\/","url":"https:\/\/ibcparts.eu\/wp-content\/uploads\/2021\/10\/Footer-Logo.png","contentUrl":"https:\/\/ibcparts.eu\/wp-content\/uploads\/2021\/10\/Footer-Logo.png","width":1992,"height":772,"caption":"IBCparts"},"image":{"@id":"https:\/\/ibcparts.eu\/#\/schema\/logo\/image\/"}}]}},"_links":{"self":[{"href":"https:\/\/ibcparts.eu\/hu\/wp-json\/wp\/v2\/product\/19179","targetHints":{"allow":["GET"]}}],"collection":[{"href":"https:\/\/ibcparts.eu\/hu\/wp-json\/wp\/v2\/product"}],"about":[{"href":"https:\/\/ibcparts.eu\/hu\/wp-json\/wp\/v2\/types\/product"}],"version-history":[{"count":1,"href":"https:\/\/ibcparts.eu\/hu\/wp-json\/wp\/v2\/product\/19179\/revisions"}],"predecessor-version":[{"id":20583,"href":"https:\/\/ibcparts.eu\/hu\/wp-json\/wp\/v2\/product\/19179\/revisions\/20583"}],"wp:featuredmedia":[{"embeddable":true,"href":"https:\/\/ibcparts.eu\/hu\/wp-json\/wp\/v2\/media\/19181"}],"wp:attachment":[{"href":"https:\/\/ibcparts.eu\/hu\/wp-json\/wp\/v2\/media?parent=19179"}],"wp:term":[{"taxonomy":"product_brand","embeddable":true,"href":"https:\/\/ibcparts.eu\/hu\/wp-json\/wp\/v2\/product_brand?post=19179"},{"taxonomy":"product_cat","embeddable":true,"href":"https:\/\/ibcparts.eu\/hu\/wp-json\/wp\/v2\/product_cat?post=19179"},{"taxonomy":"product_tag","embeddable":true,"href":"https:\/\/ibcparts.eu\/hu\/wp-json\/wp\/v2\/product_tag?post=19179"}],"curies":[{"name":"wp","href":"https:\/\/api.w.org\/{rel}","templated":true}]}}