{"id":19158,"date":"2025-12-18T08:01:05","date_gmt":"2025-12-18T07:01:05","guid":{"rendered":"https:\/\/ibcparts.eu\/?post_type=product&#038;p=19158"},"modified":"2026-02-11T13:17:07","modified_gmt":"2026-02-11T12:17:07","slug":"rocna-crpalka-za-alkalne-tekocine","status":"publish","type":"product","link":"https:\/\/ibcparts.eu\/hu\/termek\/rocna-crpalka-za-alkalne-tekocine\/","title":{"rendered":"K\u00e9zi szivatty\u00fa l\u00fagos folyad\u00e9kokhoz \u2013 piros"},"content":{"rendered":"<h2 data-start=\"281\" data-end=\"321\">K\u00e9zi szivatty\u00fa l\u00fagos folyad\u00e9kokhoz<\/h2>\n<p data-start=\"323\" data-end=\"589\" class=\" translation-block\">A piros sz\u00edn\u0171 k\u00e9zi szivatty\u00fa <strong data-start=\"384\" data-end=\"422\">b\u00e1zikus (l\u00fagos) folyad\u00e9kok vagy l\u00fagok<\/strong> palackokb\u00f3l, hord\u00f3kb\u00f3l \u00e9s IBC tart\u00e1lyokb\u00f3l t\u00f6rt\u00e9n\u0151 szivatty\u00faz\u00e1s\u00e1ra szolg\u00e1l. A gondosan megv\u00e1lasztott anyagoknak k\u00f6sz\u00f6nhet\u0151en megfelel\u0151 haszn\u00e1lat mellett megb\u00edzhat\u00f3 m\u0171k\u00f6d\u00e9st \u00e9s hossz\u00fa \u00e9lettartamot biztos\u00edt.<\/p>\n<h3 data-start=\"591\" data-end=\"612\">F\u0151 el\u0151ny\u00f6k<\/h3>\n<ul>\n<li data-start=\"615\" data-end=\"655\">Sz\u00e9les folyad\u00e9kk\u00f6rh\u00f6z alkalmas<\/li>\n<li data-start=\"658\" data-end=\"698\" class=\" translation-block\">Robusztus kialak\u00edt\u00e1s <strong data-start=\"683\" data-end=\"698\">PP m\u0171anyagb\u00f3l<\/strong><\/li>\n<li data-start=\"701\" data-end=\"770\">T\u00f6m\u00edt\u00e9sek <strong data-start=\"712\" data-end=\"743\">EPDM\u00a0<\/strong><\/li>\n<li data-start=\"773\" data-end=\"821\">\u00c1ll\u00edthat\u00f3 mer\u00fcl\u0151cs\u0151 a rugalmas haszn\u00e1lathoz<\/li>\n<li data-start=\"824\" data-end=\"851\">Egyszer\u0171 k\u00e9zi m\u0171k\u00f6dtet\u00e9s<\/li>\n<\/ul>\n<h3 data-start=\"853\" data-end=\"875\">M\u0171szaki jellemz\u0151k<\/h3>\n<ul>\n<li data-start=\"878\" data-end=\"917\" class=\" translation-block\"><strong data-start=\"878\" data-end=\"899\">Szivatty\u00fa anyaga:<\/strong> PP (polipropil\u00e9n)<\/li>\n<li data-start=\"920\" data-end=\"950\"><strong data-start=\"920\" data-end=\"932\">T\u00f6m\u00edt\u00e9s:<\/strong> EPDM<\/li>\n<li data-start=\"953\" data-end=\"989\"><strong data-start=\"953\" data-end=\"973\">Maxim\u00e1lis \u00e1tfoly\u00e1s:<\/strong> do 0,3 l na hod<\/li>\n<li data-start=\"992\" data-end=\"1005\"><strong data-start=\"992\" data-end=\"1002\">Sz\u00e1l:<\/strong> 2&#8243;<\/li>\n<li data-start=\"1008\" data-end=\"1034\"><strong data-start=\"1008\" data-end=\"1028\">T\u00f6ml\u0151csatlakoz\u00e1s:<\/strong> 3\/4&#8243;<\/li>\n<li data-start=\"1037\" data-end=\"1098\"><strong data-start=\"1037\" data-end=\"1053\">Mer\u00fcl\u0151cs\u0151:<\/strong> nastavljiva od 500 do 900 mm<\/li>\n<li data-start=\"1101\" data-end=\"1138\"><strong data-start=\"1101\" data-end=\"1125\">Premer potopne cevi:<\/strong> najve\u010d 34 mm<\/li>\n<li data-start=\"1141\" data-end=\"1153\"><strong data-start=\"1141\" data-end=\"1150\">Anyag:<\/strong> PP<\/li>\n<li data-start=\"1156\" data-end=\"1179\"><strong data-start=\"1156\" data-end=\"1176\">\u00c9lelmiszerbiztos:<\/strong> Nem<\/li>\n<\/ul>\n<p>&nbsp;<\/p>\n<h3 data-start=\"1204\" data-end=\"1245\">Figyelmeztet\u00e9s az anyag\u00e1ll\u00f3s\u00e1gra<\/h3>\n<p data-start=\"1246\" data-end=\"1401\" class=\" translation-block\">Haszn\u00e1lat el\u0151tt <strong data-start=\"1262\" data-end=\"1299\">felt\u00e9tlen\u00fcl ellen\u0151rizni kell az ellen\u00e1ll\u00f3s\u00e1got<\/strong> a folyad\u00e9k \u00e9s a felhaszn\u00e1lt anyagok (PP \u00e9s EPDM) k\u00f6z\u00f6tt, mivel az egyes k\u00f6zegek tulajdons\u00e1gai elt\u00e9rhetnek.<\/p>\n<h3 data-start=\"1403\" data-end=\"1490\">Folyad\u00e9kp\u00e9ld\u00e1k (az ismert anyag\u00e1ll\u00f3s\u00e1g alapj\u00e1n \u2013 garanci\u00e1lis \u00e1ll\u00edt\u00e1sok n\u00e9lk\u00fcl)<\/h3>\n<ul>\n<li data-start=\"109\" data-end=\"136\">H\u00edg\u00edtott mar\u00f3n\u00e1tron<\/li>\n<li data-start=\"139\" data-end=\"172\">K\u00e1lium-hidroxid oldat<\/li>\n<li data-start=\"175\" data-end=\"207\">Mosogat\u00f3szerek<\/li>\n<li data-start=\"210\" data-end=\"246\">S\u00f3oldat \/ h\u0171t\u0151 s\u00f3l\u00e9<\/li>\n<li data-start=\"249\" data-end=\"284\">Amm\u00f3nium-nitr\u00e1t (vizes oldat)<\/li>\n<li data-start=\"287\" data-end=\"322\">Amm\u00f3nium-foszf\u00e1t (vizes oldat)<\/li>\n<li data-start=\"325\" data-end=\"359\">K\u00e1lium-klorid (vizes oldat)<\/li>\n<li data-start=\"362\" data-end=\"395\">R\u00e9z-szulf\u00e1t (vizes oldat)<\/li>\n<\/ul>\n<h3 data-start=\"2201\" data-end=\"2223\">Biztons\u00e1gi utas\u00edt\u00e1sok<\/h3>\n<ul>\n<li data-start=\"2226\" data-end=\"2292\" class=\" translation-block\">A szivatty\u00fa <strong data-start=\"2234\" data-end=\"2249\">nem alkalmas<\/strong> <strong data-start=\"2280\" data-end=\"2292\">AI \/ AII<\/strong> vesz\u00e9lyess\u00e9gi oszt\u00e1lyba tartoz\u00f3 k\u00f6zegekhez<\/li>\n<li data-start=\"2295\" data-end=\"2347\" class=\" translation-block\">Nem enged\u00e9lyezett a haszn\u00e1lata <strong data-start=\"2319\" data-end=\"2347\">k\u00f6nnyen gy\u00fal\u00e9kony folyad\u00e9kokhoz<\/strong><\/li>\n<li data-start=\"2350\" data-end=\"2407\" class=\" translation-block\">A haszn\u00e1lat <strong data-start=\"2360\" data-end=\"2407\">robban\u00e1svesz\u00e9lyes ter\u00fcleteken nem megengedett<\/strong><\/li>\n<li data-start=\"2410\" data-end=\"2490\">Vesz\u00e9lyes folyad\u00e9kok szivatty\u00faz\u00e1sakor minden el\u0151\u00edrt biztons\u00e1gi int\u00e9zked\u00e9st be kell tartani<\/li>\n<li data-start=\"2493\" data-end=\"2541\">Meg kell el\u0151zni a ki\u00f6ml\u00f6tt folyad\u00e9kok miatti elcs\u00fasz\u00e1st<\/li>\n<li data-start=\"2544\" data-end=\"2606\" class=\" translation-block\">Haszn\u00e1lat el\u0151tt ellen\u0151rizze a <strong data-start=\"2586\" data-end=\"2606\">m\u00e9rgez\u0151 g\u0151z\u00f6k<\/strong> k\u00e9pz\u0151d\u00e9s\u00e9nek lehet\u0151s\u00e9g\u00e9t<\/li>\n<\/ul>","protected":false},"excerpt":{"rendered":"<p data-start=\"27\" data-end=\"73\" class=\" translation-block\">K\u00e9zi <strong data-start=\"33\" data-end=\"73\">szivatty\u00fa b\u00e1zikus (l\u00fagos) folyad\u00e9kokhoz, l\u00fagokhoz<\/strong><\/p>\n<ul data-start=\"25\" data-end=\"255\">\n<li><strong>Anyag: <\/strong>PP (polipropilen)<\/li>\n<li><strong>T\u00f6m\u00edt\u00e9s<\/strong>: EPDM<\/li>\n<li><span dir=\"auto\"><span dir=\"auto\">Alkalmas kann\u00e1khoz, 200 literes hord\u00f3khoz \u00e9s IBC tart\u00e1lyokhoz<\/span><\/span><\/li>\n<li class=\" translation-block\"><strong>Teleszk\u00f3pos<\/strong> sz\u00edv\u00f3cs\u0151 <strong>34 mm<\/strong> \u00e1tm\u00e9r\u0151vel, <strong>500\u2013900 mm<\/strong> k\u00f6z\u00f6tt \u00e1ll\u00edthat\u00f3<\/li>\n<li class=\" translation-block\"><strong data-start=\"182\" data-end=\"193\">\u00c1tfoly\u00e1s:<\/strong> legfeljebb 0,3 l l\u00f6ketenk\u00e9nt<\/li>\n<li><strong data-start=\"214\" data-end=\"224\">Sz\u00e1l:<\/strong> G 2\u2033 k\u00fcls\u0151 menet (BSP)<\/li>\n<li class=\" translation-block\"><strong data-start=\"232\" data-end=\"252\">T\u00f6ml\u0151csatlakoz\u00e1s:<\/strong> \u00be\u2033 k\u00fcls\u0151 menet (BSP)<\/li>\n<li class=\" translation-block\"><strong>Elektromos \u00e1ram n\u00e9lk\u00fcl m\u0171k\u00f6dik<\/strong> vagy s\u0171r\u00edtett leveg\u0151 n\u00e9lk\u00fcl<\/li>\n<li><span dir=\"auto\"><span dir=\"auto\">Egyszer\u0171 \u00e9s biztons\u00e1gos adagol\u00e1s<\/span><\/span><\/li>\n<li><strong>S\u00faly<\/strong>: 1,2 kg<\/li>\n<li class=\" translation-block\"><strong>Sz\u00edn:<\/strong> piros<\/li>\n<\/ul>\n<p data-start=\"257\" data-end=\"298\" class=\" translation-block\"><strong data-start=\"257\" data-end=\"298\">Gyakran haszn\u00e1lt folyad\u00e9kok p\u00e9ld\u00e1i: <\/strong>k\u00e1lium-hidroxid oldat, mosogat\u00f3szerek, s\u00f3oldat \/ h\u0171t\u0151 s\u00f3oldat, amm\u00f3nium-nitr\u00e1t (vizes oldat), amm\u00f3nium-foszf\u00e1t (vizes oldat), k\u00e1lium-klorid (vizes oldat), r\u00e9z-szulf\u00e1t (vizes oldat).<\/p>\n<p>Haszn\u00e1lat el\u0151tt ellen\u0151rizze a k\u00f6zeg k\u00e9miai ellen\u00e1ll\u00f3s\u00e1g\u00e1t. Nem alkalmas gy\u00fal\u00e9kony folyad\u00e9kokhoz (AI\/AII oszt\u00e1ly), illetve robban\u00e1svesz\u00e9lyes ter\u00fcleteken t\u00f6rt\u00e9n\u0151 haszn\u00e1latra.<\/p>\n<p><em>A felt\u00fcntetett \u00e1r nett\u00f3 (\u00c1FA n\u00e9lk\u00fcl). A pontos sz\u00e1ll\u00edt\u00e1si k\u00f6lts\u00e9g az el\u0151sz\u00e1mla k\u00e9sz\u00edt\u00e9sekor ker\u00fcl kisz\u00e1m\u00edt\u00e1sra.<\/em><\/p>","protected":false},"featured_media":19159,"template":"","meta":[],"product_brand":[],"product_cat":[485],"product_tag":[488],"class_list":{"0":"post-19158","1":"product","2":"type-product","3":"status-publish","4":"has-post-thumbnail","6":"product_cat-rocne-crpalke","7":"product_tag-rocna-crpalka-za-bazicne-alkalne-tekocine","9":"first","10":"instock","11":"shipping-taxable","12":"purchasable","13":"product-type-simple"},"yoast_head":"<!-- This site is optimized with the Yoast SEO plugin v27.1.1 - https:\/\/yoast.com\/product\/yoast-seo-wordpress\/ -->\n<title>Ro\u010dna \u010drpalka za alkalne teko\u010dine (lu\u017eine) - rde\u010da | IBCparts.eu<\/title>\n<meta name=\"description\" content=\"Ro\u010dna \u010drpalka je namenjena \u010drpanju bazi\u010dne (alkalne) teko\u010dine, lug iz plastenk, sodov in IBC cistern. Deluje brez elektrike ali stisnjenega zraka\" \/>\n<meta name=\"robots\" content=\"index, follow, max-snippet:-1, max-image-preview:large, max-video-preview:-1\" \/>\n<link rel=\"canonical\" href=\"https:\/\/ibcparts.eu\/hu\/termek\/rocna-crpalka-za-alkalne-tekocine\/\" \/>\n<meta property=\"og:locale\" content=\"hu_HU\" \/>\n<meta property=\"og:type\" content=\"article\" \/>\n<meta property=\"og:title\" content=\"Ro\u010dna \u010drpalka za alkalne teko\u010dine (lu\u017eine) - rde\u010da | IBCparts.eu\" \/>\n<meta property=\"og:description\" content=\"Ro\u010dna \u010drpalka je namenjena \u010drpanju bazi\u010dne (alkalne) teko\u010dine, lug iz plastenk, sodov in IBC cistern. Deluje brez elektrike ali stisnjenega zraka\" \/>\n<meta property=\"og:url\" content=\"https:\/\/ibcparts.eu\/hu\/termek\/rocna-crpalka-za-alkalne-tekocine\/\" \/>\n<meta property=\"og:site_name\" content=\"IBCparts.eu\" \/>\n<meta property=\"article:modified_time\" content=\"2026-02-11T12:17:07+00:00\" \/>\n<meta property=\"og:image\" content=\"https:\/\/ibcparts.eu\/wp-content\/uploads\/2025\/12\/Rocna-crpalka-za-bazicne-alkalne-tekocine-lug.jpg\" \/>\n\t<meta property=\"og:image:width\" content=\"800\" \/>\n\t<meta property=\"og:image:height\" content=\"800\" \/>\n\t<meta property=\"og:image:type\" content=\"image\/jpeg\" \/>\n<meta name=\"twitter:card\" content=\"summary_large_image\" \/>\n<meta name=\"twitter:label1\" content=\"Est. reading time\" \/>\n\t<meta name=\"twitter:data1\" content=\"1 minute\" \/>\n<script type=\"application\/ld+json\" class=\"yoast-schema-graph\">{\"@context\":\"https:\/\/schema.org\",\"@graph\":[{\"@type\":\"WebPage\",\"@id\":\"https:\/\/ibcparts.eu\/izdelek\/rocna-crpalka-za-alkalne-tekocine\/\",\"url\":\"https:\/\/ibcparts.eu\/izdelek\/rocna-crpalka-za-alkalne-tekocine\/\",\"name\":\"Ro\u010dna \u010drpalka za alkalne teko\u010dine (lu\u017eine) - rde\u010da | IBCparts.eu\",\"isPartOf\":{\"@id\":\"https:\/\/ibcparts.eu\/#website\"},\"primaryImageOfPage\":{\"@id\":\"https:\/\/ibcparts.eu\/izdelek\/rocna-crpalka-za-alkalne-tekocine\/#primaryimage\"},\"image\":{\"@id\":\"https:\/\/ibcparts.eu\/izdelek\/rocna-crpalka-za-alkalne-tekocine\/#primaryimage\"},\"thumbnailUrl\":\"https:\/\/ibcparts.eu\/wp-content\/uploads\/2025\/12\/Rocna-crpalka-za-bazicne-alkalne-tekocine-lug.jpg\",\"datePublished\":\"2025-12-18T07:01:05+00:00\",\"dateModified\":\"2026-02-11T12:17:07+00:00\",\"description\":\"Ro\u010dna \u010drpalka je namenjena \u010drpanju bazi\u010dne (alkalne) teko\u010dine, lug iz plastenk, sodov in IBC cistern. Deluje brez elektrike ali stisnjenega zraka\",\"breadcrumb\":{\"@id\":\"https:\/\/ibcparts.eu\/izdelek\/rocna-crpalka-za-alkalne-tekocine\/#breadcrumb\"},\"inLanguage\":\"hu-HU\",\"potentialAction\":[{\"@type\":\"ReadAction\",\"target\":[\"https:\/\/ibcparts.eu\/izdelek\/rocna-crpalka-za-alkalne-tekocine\/\"]}]},{\"@type\":\"ImageObject\",\"inLanguage\":\"hu-HU\",\"@id\":\"https:\/\/ibcparts.eu\/izdelek\/rocna-crpalka-za-alkalne-tekocine\/#primaryimage\",\"url\":\"https:\/\/ibcparts.eu\/wp-content\/uploads\/2025\/12\/Rocna-crpalka-za-bazicne-alkalne-tekocine-lug.jpg\",\"contentUrl\":\"https:\/\/ibcparts.eu\/wp-content\/uploads\/2025\/12\/Rocna-crpalka-za-bazicne-alkalne-tekocine-lug.jpg\",\"width\":800,\"height\":800,\"caption\":\"Ro\u010dna \u010drpalka za bazi\u010dne, alkalne teko\u010dine, lug\"},{\"@type\":\"BreadcrumbList\",\"@id\":\"https:\/\/ibcparts.eu\/izdelek\/rocna-crpalka-za-alkalne-tekocine\/#breadcrumb\",\"itemListElement\":[{\"@type\":\"ListItem\",\"position\":1,\"name\":\"Home\",\"item\":\"https:\/\/ibcparts.eu\/\"},{\"@type\":\"ListItem\",\"position\":2,\"name\":\"Nakupujte\",\"item\":\"https:\/\/ibcparts.eu\/nakupujte\/\"},{\"@type\":\"ListItem\",\"position\":3,\"name\":\"Ro\u010dna \u010drpalka za alkalne teko\u010dine (lu\u017eine) &#8211; rde\u010da\"}]},{\"@type\":\"WebSite\",\"@id\":\"https:\/\/ibcparts.eu\/#website\",\"url\":\"https:\/\/ibcparts.eu\/\",\"name\":\"IBCparts.eu\",\"description\":\"\",\"publisher\":{\"@id\":\"https:\/\/ibcparts.eu\/#organization\"},\"potentialAction\":[{\"@type\":\"SearchAction\",\"target\":{\"@type\":\"EntryPoint\",\"urlTemplate\":\"https:\/\/ibcparts.eu\/?s={search_term_string}\"},\"query-input\":{\"@type\":\"PropertyValueSpecification\",\"valueRequired\":true,\"valueName\":\"search_term_string\"}}],\"inLanguage\":\"hu-HU\"},{\"@type\":\"Organization\",\"@id\":\"https:\/\/ibcparts.eu\/#organization\",\"name\":\"IBCparts\",\"url\":\"https:\/\/ibcparts.eu\/\",\"logo\":{\"@type\":\"ImageObject\",\"inLanguage\":\"hu-HU\",\"@id\":\"https:\/\/ibcparts.eu\/#\/schema\/logo\/image\/\",\"url\":\"https:\/\/ibcparts.eu\/wp-content\/uploads\/2021\/10\/Footer-Logo.png\",\"contentUrl\":\"https:\/\/ibcparts.eu\/wp-content\/uploads\/2021\/10\/Footer-Logo.png\",\"width\":1992,\"height\":772,\"caption\":\"IBCparts\"},\"image\":{\"@id\":\"https:\/\/ibcparts.eu\/#\/schema\/logo\/image\/\"}}]}<\/script>\n<!-- \/ Yoast SEO plugin. -->","yoast_head_json":{"title":"Ro\u010dna \u010drpalka za alkalne teko\u010dine (lu\u017eine) - rde\u010da | IBCparts.eu","description":"Ro\u010dna \u010drpalka je namenjena \u010drpanju bazi\u010dne (alkalne) teko\u010dine, lug iz plastenk, sodov in IBC cistern. Deluje brez elektrike ali stisnjenega zraka","robots":{"index":"index","follow":"follow","max-snippet":"max-snippet:-1","max-image-preview":"max-image-preview:large","max-video-preview":"max-video-preview:-1"},"canonical":"https:\/\/ibcparts.eu\/hu\/termek\/rocna-crpalka-za-alkalne-tekocine\/","og_locale":"hu_HU","og_type":"article","og_title":"Ro\u010dna \u010drpalka za alkalne teko\u010dine (lu\u017eine) - rde\u010da | IBCparts.eu","og_description":"Ro\u010dna \u010drpalka je namenjena \u010drpanju bazi\u010dne (alkalne) teko\u010dine, lug iz plastenk, sodov in IBC cistern. Deluje brez elektrike ali stisnjenega zraka","og_url":"https:\/\/ibcparts.eu\/hu\/termek\/rocna-crpalka-za-alkalne-tekocine\/","og_site_name":"IBCparts.eu","article_modified_time":"2026-02-11T12:17:07+00:00","og_image":[{"width":800,"height":800,"url":"https:\/\/ibcparts.eu\/wp-content\/uploads\/2025\/12\/Rocna-crpalka-za-bazicne-alkalne-tekocine-lug.jpg","type":"image\/jpeg"}],"twitter_card":"summary_large_image","twitter_misc":{"Est. reading time":"1 minute"},"schema":{"@context":"https:\/\/schema.org","@graph":[{"@type":"WebPage","@id":"https:\/\/ibcparts.eu\/izdelek\/rocna-crpalka-za-alkalne-tekocine\/","url":"https:\/\/ibcparts.eu\/izdelek\/rocna-crpalka-za-alkalne-tekocine\/","name":"Ro\u010dna \u010drpalka za alkalne teko\u010dine (lu\u017eine) - rde\u010da | IBCparts.eu","isPartOf":{"@id":"https:\/\/ibcparts.eu\/#website"},"primaryImageOfPage":{"@id":"https:\/\/ibcparts.eu\/izdelek\/rocna-crpalka-za-alkalne-tekocine\/#primaryimage"},"image":{"@id":"https:\/\/ibcparts.eu\/izdelek\/rocna-crpalka-za-alkalne-tekocine\/#primaryimage"},"thumbnailUrl":"https:\/\/ibcparts.eu\/wp-content\/uploads\/2025\/12\/Rocna-crpalka-za-bazicne-alkalne-tekocine-lug.jpg","datePublished":"2025-12-18T07:01:05+00:00","dateModified":"2026-02-11T12:17:07+00:00","description":"Ro\u010dna \u010drpalka je namenjena \u010drpanju bazi\u010dne (alkalne) teko\u010dine, lug iz plastenk, sodov in IBC cistern. Deluje brez elektrike ali stisnjenega zraka","breadcrumb":{"@id":"https:\/\/ibcparts.eu\/izdelek\/rocna-crpalka-za-alkalne-tekocine\/#breadcrumb"},"inLanguage":"hu-HU","potentialAction":[{"@type":"ReadAction","target":["https:\/\/ibcparts.eu\/izdelek\/rocna-crpalka-za-alkalne-tekocine\/"]}]},{"@type":"ImageObject","inLanguage":"hu-HU","@id":"https:\/\/ibcparts.eu\/izdelek\/rocna-crpalka-za-alkalne-tekocine\/#primaryimage","url":"https:\/\/ibcparts.eu\/wp-content\/uploads\/2025\/12\/Rocna-crpalka-za-bazicne-alkalne-tekocine-lug.jpg","contentUrl":"https:\/\/ibcparts.eu\/wp-content\/uploads\/2025\/12\/Rocna-crpalka-za-bazicne-alkalne-tekocine-lug.jpg","width":800,"height":800,"caption":"Ro\u010dna \u010drpalka za bazi\u010dne, alkalne teko\u010dine, lug"},{"@type":"BreadcrumbList","@id":"https:\/\/ibcparts.eu\/izdelek\/rocna-crpalka-za-alkalne-tekocine\/#breadcrumb","itemListElement":[{"@type":"ListItem","position":1,"name":"Home","item":"https:\/\/ibcparts.eu\/"},{"@type":"ListItem","position":2,"name":"Nakupujte","item":"https:\/\/ibcparts.eu\/nakupujte\/"},{"@type":"ListItem","position":3,"name":"Ro\u010dna \u010drpalka za alkalne teko\u010dine (lu\u017eine) &#8211; rde\u010da"}]},{"@type":"WebSite","@id":"https:\/\/ibcparts.eu\/#website","url":"https:\/\/ibcparts.eu\/","name":"IBCparts.eu","description":"","publisher":{"@id":"https:\/\/ibcparts.eu\/#organization"},"potentialAction":[{"@type":"SearchAction","target":{"@type":"EntryPoint","urlTemplate":"https:\/\/ibcparts.eu\/?s={search_term_string}"},"query-input":{"@type":"PropertyValueSpecification","valueRequired":true,"valueName":"search_term_string"}}],"inLanguage":"hu-HU"},{"@type":"Organization","@id":"https:\/\/ibcparts.eu\/#organization","name":"IBCparts","url":"https:\/\/ibcparts.eu\/","logo":{"@type":"ImageObject","inLanguage":"hu-HU","@id":"https:\/\/ibcparts.eu\/#\/schema\/logo\/image\/","url":"https:\/\/ibcparts.eu\/wp-content\/uploads\/2021\/10\/Footer-Logo.png","contentUrl":"https:\/\/ibcparts.eu\/wp-content\/uploads\/2021\/10\/Footer-Logo.png","width":1992,"height":772,"caption":"IBCparts"},"image":{"@id":"https:\/\/ibcparts.eu\/#\/schema\/logo\/image\/"}}]}},"_links":{"self":[{"href":"https:\/\/ibcparts.eu\/hu\/wp-json\/wp\/v2\/product\/19158","targetHints":{"allow":["GET"]}}],"collection":[{"href":"https:\/\/ibcparts.eu\/hu\/wp-json\/wp\/v2\/product"}],"about":[{"href":"https:\/\/ibcparts.eu\/hu\/wp-json\/wp\/v2\/types\/product"}],"version-history":[{"count":2,"href":"https:\/\/ibcparts.eu\/hu\/wp-json\/wp\/v2\/product\/19158\/revisions"}],"predecessor-version":[{"id":20588,"href":"https:\/\/ibcparts.eu\/hu\/wp-json\/wp\/v2\/product\/19158\/revisions\/20588"}],"wp:featuredmedia":[{"embeddable":true,"href":"https:\/\/ibcparts.eu\/hu\/wp-json\/wp\/v2\/media\/19159"}],"wp:attachment":[{"href":"https:\/\/ibcparts.eu\/hu\/wp-json\/wp\/v2\/media?parent=19158"}],"wp:term":[{"taxonomy":"product_brand","embeddable":true,"href":"https:\/\/ibcparts.eu\/hu\/wp-json\/wp\/v2\/product_brand?post=19158"},{"taxonomy":"product_cat","embeddable":true,"href":"https:\/\/ibcparts.eu\/hu\/wp-json\/wp\/v2\/product_cat?post=19158"},{"taxonomy":"product_tag","embeddable":true,"href":"https:\/\/ibcparts.eu\/hu\/wp-json\/wp\/v2\/product_tag?post=19158"}],"curies":[{"name":"wp","href":"https:\/\/api.w.org\/{rel}","templated":true}]}}