{"id":18714,"date":"2025-12-02T17:35:31","date_gmt":"2025-12-02T16:35:31","guid":{"rendered":"https:\/\/ibcparts.eu\/?post_type=product&#038;p=18714"},"modified":"2026-01-13T14:01:54","modified_gmt":"2026-01-13T13:01:54","slug":"reducir-alkaten-mini","status":"publish","type":"product","link":"https:\/\/ibcparts.eu\/hu\/termek\/reducir-alkaten-mini\/","title":{"rendered":"Alkaten Mini reduktor IBC tart\u00e1lyhoz (20 mm)"},"content":{"rendered":"","protected":false},"excerpt":{"rendered":"<h2 data-start=\"172\" data-end=\"247\">ALKATEN MINI reduktor 1\/2\u2033 PE (alkaten) cs\u0151 csatlakoztat\u00e1s\u00e1hoz IBC tart\u00e1lyhoz<\/h2>\n<p data-start=\"249\" data-end=\"740\" class=\" translation-block\">Az ALKATEN MINI reduktor <strong>1\/2\u2033 cs\u0151<\/strong> csatlakoztat\u00e1s\u00e1ra szolg\u00e1l S60x6 (DN50) szeleppel rendelkez\u0151 IBC tart\u00e1lyhoz. <strong>IBC tart\u00e1ly adapterk\u00e9nt vagy csatlakoz\u00f3k\u00e9nt<\/strong> haszn\u00e1lhat\u00f3 kisebb cs\u00f6vek \u00f6sszekapcsol\u00e1s\u00e1hoz, ahol kompakt \u00e9s megb\u00edzhat\u00f3 megold\u00e1sra van sz\u00fcks\u00e9g. PP anyagb\u00f3l k\u00e9sz\u00fclt, \u00e9s 100% EPDM gumib\u00f3l k\u00e9sz\u00fclt t\u00f6m\u00edt\u00e9ssel van ell\u00e1tva, amelyet optim\u00e1lis kem\u00e9nys\u00e9ggel fejlesztettek ki, \u00e9s <strong>megb\u00edzhat\u00f3 t\u00f6m\u00edt\u00e9st biztos\u00edt m\u00e9g nagyobb egyenetlens\u00e9gek eset\u00e9n is a szelepen<\/strong>, valamint hossz\u00fa t\u00e1v\u00fa, sziv\u00e1rg\u00e1smentes haszn\u00e1latot garant\u00e1l.<\/p>\n<p data-start=\"742\" data-end=\"767\"><strong data-start=\"742\" data-end=\"765\">M\u0171szaki jellemz\u0151k<\/strong><\/p>\n<ul>\n<li data-start=\"770\" data-end=\"831\">Term\u00e9kt\u00edpus: sz\u0171k\u00edt\u0151 (adapter \/ csatlakoz\u00f3 IBC tart\u00e1lyhoz)<\/li>\n<li>55\u201362 mm \u00e1tm\u00e9r\u0151j\u0171 szeleppel \u00e9s S60x6 (DN50) durva menettel rendelkez\u0151 tart\u00e1lyokhoz. Ez az IBC tart\u00e1lyokon haszn\u00e1lt leggyakoribb szelept\u00edpus.<\/li>\n<li class=\" translation-block\">PE (Alkaten) csatlakoz\u00e1s: <strong>1\/2\u2033 (20 mm k\u00fcls\u0151 cs\u0151\u00e1tm\u00e9r\u0151)<\/strong>.<\/li>\n<li>Anyag: PP<\/li>\n<li>Barva: \u010drna in zelena.<\/li>\n<li>T\u00f6m\u00edt\u00e9s: EPDM gumi.<\/li>\n<\/ul>\n<p><strong>T\u00f6bb darab, nagyobb kedvezm\u00e9ny \u2013 a k\u00fcl\u00f6nb\u00f6z\u0151 term\u00e9kek \u00e9s vari\u00e1ci\u00f3k darabsz\u00e1ma \u00f6sszead\u00f3dik!<\/strong><\/p>","protected":false},"featured_media":18716,"template":"","meta":[],"product_brand":[],"product_cat":[170,298],"product_tag":[448],"class_list":{"0":"post-18714","1":"product","2":"type-product","3":"status-publish","4":"has-post-thumbnail","6":"product_cat-reducirji-in-prikljucki-za-ibc","7":"product_cat-prikljucki-za-cisterno-z-navojem-s60x6","8":"product_tag-komplet-alkaten-mini-za-ibc-cisterno","10":"first","11":"instock","12":"shipping-taxable","13":"purchasable","14":"product-type-simple"},"yoast_head":"<!-- This site is optimized with the Yoast SEO plugin v27.1.1 - https:\/\/yoast.com\/product\/yoast-seo-wordpress\/ -->\n<title>Reducir Alkaten Mini za IBC cisterno (20mm) | IBCparts.eu<\/title>\n<meta name=\"description\" content=\"Reducir Alkaten Mini za priklop 1\/2&quot; alkaten cevi na IBC cisterno z ventilom S60x6. Tesnilo: EPDM guma. Material: PP\" \/>\n<meta name=\"robots\" content=\"index, follow, max-snippet:-1, max-image-preview:large, max-video-preview:-1\" \/>\n<link rel=\"canonical\" href=\"https:\/\/ibcparts.eu\/hu\/termek\/reducir-alkaten-mini\/\" \/>\n<meta property=\"og:locale\" content=\"hu_HU\" \/>\n<meta property=\"og:type\" content=\"article\" \/>\n<meta property=\"og:title\" content=\"Reducir Alkaten Mini za IBC cisterno (20mm) | IBCparts.eu\" \/>\n<meta property=\"og:description\" content=\"Reducir Alkaten Mini za priklop 1\/2&quot; alkaten cevi na IBC cisterno z ventilom S60x6. Tesnilo: EPDM guma. Material: PP\" \/>\n<meta property=\"og:url\" content=\"https:\/\/ibcparts.eu\/hu\/termek\/reducir-alkaten-mini\/\" \/>\n<meta property=\"og:site_name\" content=\"IBCparts.eu\" \/>\n<meta property=\"article:modified_time\" content=\"2026-01-13T13:01:54+00:00\" \/>\n<meta property=\"og:image\" content=\"https:\/\/ibcparts.eu\/wp-content\/uploads\/2025\/12\/Komplet-Alkaten-Mini-za-IBC-cisterno.png\" \/>\n\t<meta property=\"og:image:width\" content=\"500\" \/>\n\t<meta property=\"og:image:height\" content=\"500\" \/>\n\t<meta property=\"og:image:type\" content=\"image\/png\" \/>\n<meta name=\"twitter:card\" content=\"summary_large_image\" \/>\n<script type=\"application\/ld+json\" class=\"yoast-schema-graph\">{\"@context\":\"https:\/\/schema.org\",\"@graph\":[{\"@type\":\"WebPage\",\"@id\":\"https:\/\/ibcparts.eu\/izdelek\/reducir-alkaten-mini\/\",\"url\":\"https:\/\/ibcparts.eu\/izdelek\/reducir-alkaten-mini\/\",\"name\":\"Reducir Alkaten Mini za IBC cisterno (20mm) | IBCparts.eu\",\"isPartOf\":{\"@id\":\"https:\/\/ibcparts.eu\/#website\"},\"primaryImageOfPage\":{\"@id\":\"https:\/\/ibcparts.eu\/izdelek\/reducir-alkaten-mini\/#primaryimage\"},\"image\":{\"@id\":\"https:\/\/ibcparts.eu\/izdelek\/reducir-alkaten-mini\/#primaryimage\"},\"thumbnailUrl\":\"https:\/\/ibcparts.eu\/wp-content\/uploads\/2025\/12\/Komplet-Alkaten-Mini-za-IBC-cisterno.png\",\"datePublished\":\"2025-12-02T16:35:31+00:00\",\"dateModified\":\"2026-01-13T13:01:54+00:00\",\"description\":\"Reducir Alkaten Mini za priklop 1\/2\\\" alkaten cevi na IBC cisterno z ventilom S60x6. Tesnilo: EPDM guma. Material: PP\",\"breadcrumb\":{\"@id\":\"https:\/\/ibcparts.eu\/izdelek\/reducir-alkaten-mini\/#breadcrumb\"},\"inLanguage\":\"hu-HU\",\"potentialAction\":[{\"@type\":\"ReadAction\",\"target\":[\"https:\/\/ibcparts.eu\/izdelek\/reducir-alkaten-mini\/\"]}]},{\"@type\":\"ImageObject\",\"inLanguage\":\"hu-HU\",\"@id\":\"https:\/\/ibcparts.eu\/izdelek\/reducir-alkaten-mini\/#primaryimage\",\"url\":\"https:\/\/ibcparts.eu\/wp-content\/uploads\/2025\/12\/Komplet-Alkaten-Mini-za-IBC-cisterno.png\",\"contentUrl\":\"https:\/\/ibcparts.eu\/wp-content\/uploads\/2025\/12\/Komplet-Alkaten-Mini-za-IBC-cisterno.png\",\"width\":500,\"height\":500,\"caption\":\"Komplet Alkaten Mini za IBC cisterno\"},{\"@type\":\"BreadcrumbList\",\"@id\":\"https:\/\/ibcparts.eu\/izdelek\/reducir-alkaten-mini\/#breadcrumb\",\"itemListElement\":[{\"@type\":\"ListItem\",\"position\":1,\"name\":\"Home\",\"item\":\"https:\/\/ibcparts.eu\/\"},{\"@type\":\"ListItem\",\"position\":2,\"name\":\"Nakupujte\",\"item\":\"https:\/\/ibcparts.eu\/nakupujte\/\"},{\"@type\":\"ListItem\",\"position\":3,\"name\":\"Reducir Alkaten Mini za IBC cisterno (20mm)\"}]},{\"@type\":\"WebSite\",\"@id\":\"https:\/\/ibcparts.eu\/#website\",\"url\":\"https:\/\/ibcparts.eu\/\",\"name\":\"IBCparts.eu\",\"description\":\"\",\"publisher\":{\"@id\":\"https:\/\/ibcparts.eu\/#organization\"},\"potentialAction\":[{\"@type\":\"SearchAction\",\"target\":{\"@type\":\"EntryPoint\",\"urlTemplate\":\"https:\/\/ibcparts.eu\/?s={search_term_string}\"},\"query-input\":{\"@type\":\"PropertyValueSpecification\",\"valueRequired\":true,\"valueName\":\"search_term_string\"}}],\"inLanguage\":\"hu-HU\"},{\"@type\":\"Organization\",\"@id\":\"https:\/\/ibcparts.eu\/#organization\",\"name\":\"IBCparts\",\"url\":\"https:\/\/ibcparts.eu\/\",\"logo\":{\"@type\":\"ImageObject\",\"inLanguage\":\"hu-HU\",\"@id\":\"https:\/\/ibcparts.eu\/#\/schema\/logo\/image\/\",\"url\":\"https:\/\/ibcparts.eu\/wp-content\/uploads\/2021\/10\/Footer-Logo.png\",\"contentUrl\":\"https:\/\/ibcparts.eu\/wp-content\/uploads\/2021\/10\/Footer-Logo.png\",\"width\":1992,\"height\":772,\"caption\":\"IBCparts\"},\"image\":{\"@id\":\"https:\/\/ibcparts.eu\/#\/schema\/logo\/image\/\"}}]}<\/script>\n<!-- \/ Yoast SEO plugin. -->","yoast_head_json":{"title":"Reducir Alkaten Mini za IBC cisterno (20mm) | IBCparts.eu","description":"Reducir Alkaten Mini za priklop 1\/2\" alkaten cevi na IBC cisterno z ventilom S60x6. Tesnilo: EPDM guma. Material: PP","robots":{"index":"index","follow":"follow","max-snippet":"max-snippet:-1","max-image-preview":"max-image-preview:large","max-video-preview":"max-video-preview:-1"},"canonical":"https:\/\/ibcparts.eu\/hu\/termek\/reducir-alkaten-mini\/","og_locale":"hu_HU","og_type":"article","og_title":"Reducir Alkaten Mini za IBC cisterno (20mm) | IBCparts.eu","og_description":"Reducir Alkaten Mini za priklop 1\/2\" alkaten cevi na IBC cisterno z ventilom S60x6. Tesnilo: EPDM guma. Material: PP","og_url":"https:\/\/ibcparts.eu\/hu\/termek\/reducir-alkaten-mini\/","og_site_name":"IBCparts.eu","article_modified_time":"2026-01-13T13:01:54+00:00","og_image":[{"width":500,"height":500,"url":"https:\/\/ibcparts.eu\/wp-content\/uploads\/2025\/12\/Komplet-Alkaten-Mini-za-IBC-cisterno.png","type":"image\/png"}],"twitter_card":"summary_large_image","schema":{"@context":"https:\/\/schema.org","@graph":[{"@type":"WebPage","@id":"https:\/\/ibcparts.eu\/izdelek\/reducir-alkaten-mini\/","url":"https:\/\/ibcparts.eu\/izdelek\/reducir-alkaten-mini\/","name":"Reducir Alkaten Mini za IBC cisterno (20mm) | IBCparts.eu","isPartOf":{"@id":"https:\/\/ibcparts.eu\/#website"},"primaryImageOfPage":{"@id":"https:\/\/ibcparts.eu\/izdelek\/reducir-alkaten-mini\/#primaryimage"},"image":{"@id":"https:\/\/ibcparts.eu\/izdelek\/reducir-alkaten-mini\/#primaryimage"},"thumbnailUrl":"https:\/\/ibcparts.eu\/wp-content\/uploads\/2025\/12\/Komplet-Alkaten-Mini-za-IBC-cisterno.png","datePublished":"2025-12-02T16:35:31+00:00","dateModified":"2026-01-13T13:01:54+00:00","description":"Reducir Alkaten Mini za priklop 1\/2\" alkaten cevi na IBC cisterno z ventilom S60x6. Tesnilo: EPDM guma. Material: PP","breadcrumb":{"@id":"https:\/\/ibcparts.eu\/izdelek\/reducir-alkaten-mini\/#breadcrumb"},"inLanguage":"hu-HU","potentialAction":[{"@type":"ReadAction","target":["https:\/\/ibcparts.eu\/izdelek\/reducir-alkaten-mini\/"]}]},{"@type":"ImageObject","inLanguage":"hu-HU","@id":"https:\/\/ibcparts.eu\/izdelek\/reducir-alkaten-mini\/#primaryimage","url":"https:\/\/ibcparts.eu\/wp-content\/uploads\/2025\/12\/Komplet-Alkaten-Mini-za-IBC-cisterno.png","contentUrl":"https:\/\/ibcparts.eu\/wp-content\/uploads\/2025\/12\/Komplet-Alkaten-Mini-za-IBC-cisterno.png","width":500,"height":500,"caption":"Komplet Alkaten Mini za IBC cisterno"},{"@type":"BreadcrumbList","@id":"https:\/\/ibcparts.eu\/izdelek\/reducir-alkaten-mini\/#breadcrumb","itemListElement":[{"@type":"ListItem","position":1,"name":"Home","item":"https:\/\/ibcparts.eu\/"},{"@type":"ListItem","position":2,"name":"Nakupujte","item":"https:\/\/ibcparts.eu\/nakupujte\/"},{"@type":"ListItem","position":3,"name":"Reducir Alkaten Mini za IBC cisterno (20mm)"}]},{"@type":"WebSite","@id":"https:\/\/ibcparts.eu\/#website","url":"https:\/\/ibcparts.eu\/","name":"IBCparts.eu","description":"","publisher":{"@id":"https:\/\/ibcparts.eu\/#organization"},"potentialAction":[{"@type":"SearchAction","target":{"@type":"EntryPoint","urlTemplate":"https:\/\/ibcparts.eu\/?s={search_term_string}"},"query-input":{"@type":"PropertyValueSpecification","valueRequired":true,"valueName":"search_term_string"}}],"inLanguage":"hu-HU"},{"@type":"Organization","@id":"https:\/\/ibcparts.eu\/#organization","name":"IBCparts","url":"https:\/\/ibcparts.eu\/","logo":{"@type":"ImageObject","inLanguage":"hu-HU","@id":"https:\/\/ibcparts.eu\/#\/schema\/logo\/image\/","url":"https:\/\/ibcparts.eu\/wp-content\/uploads\/2021\/10\/Footer-Logo.png","contentUrl":"https:\/\/ibcparts.eu\/wp-content\/uploads\/2021\/10\/Footer-Logo.png","width":1992,"height":772,"caption":"IBCparts"},"image":{"@id":"https:\/\/ibcparts.eu\/#\/schema\/logo\/image\/"}}]}},"_links":{"self":[{"href":"https:\/\/ibcparts.eu\/hu\/wp-json\/wp\/v2\/product\/18714","targetHints":{"allow":["GET"]}}],"collection":[{"href":"https:\/\/ibcparts.eu\/hu\/wp-json\/wp\/v2\/product"}],"about":[{"href":"https:\/\/ibcparts.eu\/hu\/wp-json\/wp\/v2\/types\/product"}],"version-history":[{"count":3,"href":"https:\/\/ibcparts.eu\/hu\/wp-json\/wp\/v2\/product\/18714\/revisions"}],"predecessor-version":[{"id":20176,"href":"https:\/\/ibcparts.eu\/hu\/wp-json\/wp\/v2\/product\/18714\/revisions\/20176"}],"wp:featuredmedia":[{"embeddable":true,"href":"https:\/\/ibcparts.eu\/hu\/wp-json\/wp\/v2\/media\/18716"}],"wp:attachment":[{"href":"https:\/\/ibcparts.eu\/hu\/wp-json\/wp\/v2\/media?parent=18714"}],"wp:term":[{"taxonomy":"product_brand","embeddable":true,"href":"https:\/\/ibcparts.eu\/hu\/wp-json\/wp\/v2\/product_brand?post=18714"},{"taxonomy":"product_cat","embeddable":true,"href":"https:\/\/ibcparts.eu\/hu\/wp-json\/wp\/v2\/product_cat?post=18714"},{"taxonomy":"product_tag","embeddable":true,"href":"https:\/\/ibcparts.eu\/hu\/wp-json\/wp\/v2\/product_tag?post=18714"}],"curies":[{"name":"wp","href":"https:\/\/api.w.org\/{rel}","templated":true}]}}