{"id":18653,"date":"2025-12-02T12:25:00","date_gmt":"2025-12-02T11:25:00","guid":{"rendered":"https:\/\/ibcparts.eu\/?post_type=product&#038;p=18653"},"modified":"2026-01-13T14:02:31","modified_gmt":"2026-01-13T13:02:31","slug":"reducir-brix-f","status":"publish","type":"product","link":"https:\/\/ibcparts.eu\/hu\/termek\/reducir-brix-f\/","title":{"rendered":"BRIX F reduktor IBC tart\u00e1lyhoz (1\u2033, 5\/4\u2033, 6\/4\u2033)"},"content":{"rendered":"<p>Speci\u00e1lis, er\u0151s adapter 5\/4\u2033 \u00e9s 6\/4\u2033 bels\u0151 menettel, S60x6 menettel (durva menet) rendelkez\u0151 IBC tart\u00e1ly szelepeihez. Ez az IBC tart\u00e1lyokon haszn\u00e1lt leggyakoribb szelept\u00edpus.<\/p>\n<p>&nbsp;<\/p>","protected":false},"excerpt":{"rendered":"<h2 data-start=\"194\" data-end=\"275\">BRIX F reduktor bels\u0151 BSP menettel IBC tart\u00e1lyhoz (1\u2033, 5\/4\u2033, 6\/4\u2033)<\/h2>\n<p data-start=\"277\" data-end=\"843\" class=\" translation-block\">A BRIX F reduktor egy speci\u00e1lis \u00e9s er\u0151s reduktor S60x6 menettel (\u00d8 60 mm, durva menet) rendelkez\u0151 IBC tart\u00e1lyokhoz, amely ritk\u00e1bban haszn\u00e1lt bels\u0151 BSP menetek csatlakoztat\u00e1s\u00e1ra szolg\u00e1l. <strong>IBC tart\u00e1ly adapterk\u00e9nt vagy csatlakoz\u00f3k\u00e9nt<\/strong> haszn\u00e1lhat\u00f3 1\u2033, 5\/4\u2033 vagy 6\/4\u2033 m\u00e9ret\u0171 bels\u0151 (n\u0151i) BSP menettel rendelkez\u0151 cs\u00f6vek, szelepek vagy egy\u00e9b rendszerek csatlakoztat\u00e1s\u00e1hoz. 100% EPDM gumib\u00f3l k\u00e9sz\u00fclt t\u00f6m\u00edt\u00e9ssel van ell\u00e1tva, amelyet optim\u00e1lis kem\u00e9nys\u00e9ggel fejlesztettek ki, \u00e9s <strong>megb\u00edzhat\u00f3 t\u00f6m\u00edt\u00e9st biztos\u00edt m\u00e9g nagyobb szelep-egyenetlens\u00e9gek eset\u00e9n is<\/strong>, valamint hossz\u00fa t\u00e1v\u00fa, sziv\u00e1rg\u00e1smentes haszn\u00e1latot garant\u00e1l.<\/p>\n<p data-start=\"845\" data-end=\"866\">M\u0171szaki jellemz\u0151k<\/p>\n<ul>\n<li data-start=\"869\" data-end=\"930\">Term\u00e9kt\u00edpus: sz\u0171k\u00edt\u0151 (adapter \/ csatlakoz\u00f3 IBC tart\u00e1lyhoz)<\/li>\n<li data-start=\"933\" data-end=\"988\">Menett\u00edpus a tart\u00e1lyon: S60x6, durva menet (\u00d8 60 mm). Menetemelked\u00e9s: 6 mm.<\/li>\n<li data-start=\"1014\" data-end=\"1059\">Menett\u00edpus a kimeneten: bels\u0151 (anya) BSP<\/li>\n<li data-start=\"1062\" data-end=\"1074\">M\u00e9retv\u00e1laszt\u00e9k:\n<ul data-start=\"1077\" data-end=\"1105\">\n<li data-start=\"1077\" data-end=\"1083\">\n<p data-start=\"1079\" data-end=\"1083\">1\u2033<\/p>\n<\/li>\n<li data-start=\"1086\" data-end=\"1094\">\n<p data-start=\"1088\" data-end=\"1094\">5\/4\u2033<\/p>\n<\/li>\n<li data-start=\"1097\" data-end=\"1105\">\n<p data-start=\"1099\" data-end=\"1105\">6\/4\u2033<\/p>\n<\/li>\n<\/ul>\n<\/li>\n<li data-start=\"1106\" data-end=\"1134\">\n<p data-start=\"1108\" data-end=\"1134\" class=\" translation-block\"><strong>T\u00f6m\u00edt\u00e9s:<\/strong> <strong>100% EPDM gumi \u2013 kiz\u00e1r\u00f3lag n\u00e1lunk. A speci\u00e1lisan fejlesztett, optim\u00e1lis kem\u00e9nys\u00e9g\u0171 t\u00f6m\u00edt\u00e9s hat\u00e9konyan kiegyenl\u00edti m\u00e9g a nagyobb szelep-egyenetlens\u00e9geket is, \u00e9s hossz\u00fa t\u00e1von megb\u00edzhat\u00f3, sziv\u00e1rg\u00e1smentes t\u00f6m\u00edt\u00e9st biztos\u00edt.<\/strong><\/p>\n<\/li>\n<\/ul>\n<p>&nbsp;<\/p>\n<p><strong>T\u00f6bb darab, nagyobb kedvezm\u00e9ny \u2013 a k\u00fcl\u00f6nb\u00f6z\u0151 term\u00e9kek \u00e9s vari\u00e1ci\u00f3k darabsz\u00e1ma \u00f6sszead\u00f3dik!<\/strong><\/p>","protected":false},"featured_media":18325,"template":"","meta":[],"product_brand":[],"product_cat":[170,298],"product_tag":[437],"class_list":{"0":"post-18653","1":"product","2":"type-product","3":"status-publish","4":"has-post-thumbnail","6":"product_cat-reducirji-in-prikljucki-za-ibc","7":"product_cat-prikljucki-za-cisterno-z-navojem-s60x6","8":"product_tag-reducir-brix-f-za-ibc-cisterno","10":"first","11":"instock","12":"shipping-taxable","13":"purchasable","14":"product-type-variable"},"yoast_head":"<!-- This site is optimized with the Yoast SEO plugin v27.1.1 - https:\/\/yoast.com\/product\/yoast-seo-wordpress\/ -->\n<title>Reducir BRIX F za IBC cisterno (1\u2033, 5\/4\u2033, 6\/4\u2033) | IBCparts.eu<\/title>\n<meta name=\"description\" content=\"Reducir BRIX F za IBC cisterno z ventilom S60x6. Korak navoja 6mm.\u200b \u017denski navoj BSP, z gumijastim tesnilom. Velikosti: 1&quot;, 5\/4\u2033, 6\/4\u2033.\" \/>\n<meta name=\"robots\" content=\"index, follow, max-snippet:-1, max-image-preview:large, max-video-preview:-1\" \/>\n<link rel=\"canonical\" href=\"https:\/\/ibcparts.eu\/hu\/termek\/reducir-brix-f\/\" \/>\n<meta property=\"og:locale\" content=\"hu_HU\" \/>\n<meta property=\"og:type\" content=\"article\" \/>\n<meta property=\"og:title\" content=\"Reducir BRIX F za IBC cisterno (1\u2033, 5\/4\u2033, 6\/4\u2033) | IBCparts.eu\" \/>\n<meta property=\"og:description\" content=\"Reducir BRIX F za IBC cisterno z ventilom S60x6. Korak navoja 6mm.\u200b \u017denski navoj BSP, z gumijastim tesnilom. Velikosti: 1&quot;, 5\/4\u2033, 6\/4\u2033.\" \/>\n<meta property=\"og:url\" content=\"https:\/\/ibcparts.eu\/hu\/termek\/reducir-brix-f\/\" \/>\n<meta property=\"og:site_name\" content=\"IBCparts.eu\" \/>\n<meta property=\"article:modified_time\" content=\"2026-01-13T13:02:31+00:00\" \/>\n<meta property=\"og:image\" content=\"https:\/\/ibcparts.eu\/wp-content\/uploads\/2021\/11\/Reducir-ZEN-1.jpg\" \/>\n\t<meta property=\"og:image:width\" content=\"800\" \/>\n\t<meta property=\"og:image:height\" content=\"800\" \/>\n\t<meta property=\"og:image:type\" content=\"image\/jpeg\" \/>\n<meta name=\"twitter:card\" content=\"summary_large_image\" \/>\n<script type=\"application\/ld+json\" class=\"yoast-schema-graph\">{\"@context\":\"https:\/\/schema.org\",\"@graph\":[{\"@type\":\"WebPage\",\"@id\":\"https:\/\/ibcparts.eu\/izdelek\/reducir-brix-f\/\",\"url\":\"https:\/\/ibcparts.eu\/izdelek\/reducir-brix-f\/\",\"name\":\"Reducir BRIX F za IBC cisterno (1\u2033, 5\/4\u2033, 6\/4\u2033) | IBCparts.eu\",\"isPartOf\":{\"@id\":\"https:\/\/ibcparts.eu\/#website\"},\"primaryImageOfPage\":{\"@id\":\"https:\/\/ibcparts.eu\/izdelek\/reducir-brix-f\/#primaryimage\"},\"image\":{\"@id\":\"https:\/\/ibcparts.eu\/izdelek\/reducir-brix-f\/#primaryimage\"},\"thumbnailUrl\":\"https:\/\/ibcparts.eu\/wp-content\/uploads\/2021\/11\/Reducir-ZEN-1.jpg\",\"datePublished\":\"2025-12-02T11:25:00+00:00\",\"dateModified\":\"2026-01-13T13:02:31+00:00\",\"description\":\"Reducir BRIX F za IBC cisterno z ventilom S60x6. Korak navoja 6mm.\u200b \u017denski navoj BSP, z gumijastim tesnilom. Velikosti: 1\\\", 5\/4\u2033, 6\/4\u2033.\",\"breadcrumb\":{\"@id\":\"https:\/\/ibcparts.eu\/izdelek\/reducir-brix-f\/#breadcrumb\"},\"inLanguage\":\"hu-HU\",\"potentialAction\":[{\"@type\":\"ReadAction\",\"target\":[\"https:\/\/ibcparts.eu\/izdelek\/reducir-brix-f\/\"]}]},{\"@type\":\"ImageObject\",\"inLanguage\":\"hu-HU\",\"@id\":\"https:\/\/ibcparts.eu\/izdelek\/reducir-brix-f\/#primaryimage\",\"url\":\"https:\/\/ibcparts.eu\/wp-content\/uploads\/2021\/11\/Reducir-ZEN-1.jpg\",\"contentUrl\":\"https:\/\/ibcparts.eu\/wp-content\/uploads\/2021\/11\/Reducir-ZEN-1.jpg\",\"width\":800,\"height\":800,\"caption\":\"Reducir ZEN za IBC cisterno\"},{\"@type\":\"BreadcrumbList\",\"@id\":\"https:\/\/ibcparts.eu\/izdelek\/reducir-brix-f\/#breadcrumb\",\"itemListElement\":[{\"@type\":\"ListItem\",\"position\":1,\"name\":\"Home\",\"item\":\"https:\/\/ibcparts.eu\/\"},{\"@type\":\"ListItem\",\"position\":2,\"name\":\"Nakupujte\",\"item\":\"https:\/\/ibcparts.eu\/nakupujte\/\"},{\"@type\":\"ListItem\",\"position\":3,\"name\":\"Reducir BRIX F za IBC cisterno (1\u2033, 5\/4\u2033, 6\/4\u2033)\"}]},{\"@type\":\"WebSite\",\"@id\":\"https:\/\/ibcparts.eu\/#website\",\"url\":\"https:\/\/ibcparts.eu\/\",\"name\":\"IBCparts.eu\",\"description\":\"\",\"publisher\":{\"@id\":\"https:\/\/ibcparts.eu\/#organization\"},\"potentialAction\":[{\"@type\":\"SearchAction\",\"target\":{\"@type\":\"EntryPoint\",\"urlTemplate\":\"https:\/\/ibcparts.eu\/?s={search_term_string}\"},\"query-input\":{\"@type\":\"PropertyValueSpecification\",\"valueRequired\":true,\"valueName\":\"search_term_string\"}}],\"inLanguage\":\"hu-HU\"},{\"@type\":\"Organization\",\"@id\":\"https:\/\/ibcparts.eu\/#organization\",\"name\":\"IBCparts\",\"url\":\"https:\/\/ibcparts.eu\/\",\"logo\":{\"@type\":\"ImageObject\",\"inLanguage\":\"hu-HU\",\"@id\":\"https:\/\/ibcparts.eu\/#\/schema\/logo\/image\/\",\"url\":\"https:\/\/ibcparts.eu\/wp-content\/uploads\/2021\/10\/Footer-Logo.png\",\"contentUrl\":\"https:\/\/ibcparts.eu\/wp-content\/uploads\/2021\/10\/Footer-Logo.png\",\"width\":1992,\"height\":772,\"caption\":\"IBCparts\"},\"image\":{\"@id\":\"https:\/\/ibcparts.eu\/#\/schema\/logo\/image\/\"}}]}<\/script>\n<!-- \/ Yoast SEO plugin. -->","yoast_head_json":{"title":"Reducir BRIX F za IBC cisterno (1\u2033, 5\/4\u2033, 6\/4\u2033) | IBCparts.eu","description":"Reducir BRIX F za IBC cisterno z ventilom S60x6. Korak navoja 6mm.\u200b \u017denski navoj BSP, z gumijastim tesnilom. Velikosti: 1\", 5\/4\u2033, 6\/4\u2033.","robots":{"index":"index","follow":"follow","max-snippet":"max-snippet:-1","max-image-preview":"max-image-preview:large","max-video-preview":"max-video-preview:-1"},"canonical":"https:\/\/ibcparts.eu\/hu\/termek\/reducir-brix-f\/","og_locale":"hu_HU","og_type":"article","og_title":"Reducir BRIX F za IBC cisterno (1\u2033, 5\/4\u2033, 6\/4\u2033) | IBCparts.eu","og_description":"Reducir BRIX F za IBC cisterno z ventilom S60x6. Korak navoja 6mm.\u200b \u017denski navoj BSP, z gumijastim tesnilom. Velikosti: 1\", 5\/4\u2033, 6\/4\u2033.","og_url":"https:\/\/ibcparts.eu\/hu\/termek\/reducir-brix-f\/","og_site_name":"IBCparts.eu","article_modified_time":"2026-01-13T13:02:31+00:00","og_image":[{"width":800,"height":800,"url":"https:\/\/ibcparts.eu\/wp-content\/uploads\/2021\/11\/Reducir-ZEN-1.jpg","type":"image\/jpeg"}],"twitter_card":"summary_large_image","schema":{"@context":"https:\/\/schema.org","@graph":[{"@type":"WebPage","@id":"https:\/\/ibcparts.eu\/izdelek\/reducir-brix-f\/","url":"https:\/\/ibcparts.eu\/izdelek\/reducir-brix-f\/","name":"Reducir BRIX F za IBC cisterno (1\u2033, 5\/4\u2033, 6\/4\u2033) | IBCparts.eu","isPartOf":{"@id":"https:\/\/ibcparts.eu\/#website"},"primaryImageOfPage":{"@id":"https:\/\/ibcparts.eu\/izdelek\/reducir-brix-f\/#primaryimage"},"image":{"@id":"https:\/\/ibcparts.eu\/izdelek\/reducir-brix-f\/#primaryimage"},"thumbnailUrl":"https:\/\/ibcparts.eu\/wp-content\/uploads\/2021\/11\/Reducir-ZEN-1.jpg","datePublished":"2025-12-02T11:25:00+00:00","dateModified":"2026-01-13T13:02:31+00:00","description":"Reducir BRIX F za IBC cisterno z ventilom S60x6. Korak navoja 6mm.\u200b \u017denski navoj BSP, z gumijastim tesnilom. Velikosti: 1\", 5\/4\u2033, 6\/4\u2033.","breadcrumb":{"@id":"https:\/\/ibcparts.eu\/izdelek\/reducir-brix-f\/#breadcrumb"},"inLanguage":"hu-HU","potentialAction":[{"@type":"ReadAction","target":["https:\/\/ibcparts.eu\/izdelek\/reducir-brix-f\/"]}]},{"@type":"ImageObject","inLanguage":"hu-HU","@id":"https:\/\/ibcparts.eu\/izdelek\/reducir-brix-f\/#primaryimage","url":"https:\/\/ibcparts.eu\/wp-content\/uploads\/2021\/11\/Reducir-ZEN-1.jpg","contentUrl":"https:\/\/ibcparts.eu\/wp-content\/uploads\/2021\/11\/Reducir-ZEN-1.jpg","width":800,"height":800,"caption":"Reducir ZEN za IBC cisterno"},{"@type":"BreadcrumbList","@id":"https:\/\/ibcparts.eu\/izdelek\/reducir-brix-f\/#breadcrumb","itemListElement":[{"@type":"ListItem","position":1,"name":"Home","item":"https:\/\/ibcparts.eu\/"},{"@type":"ListItem","position":2,"name":"Nakupujte","item":"https:\/\/ibcparts.eu\/nakupujte\/"},{"@type":"ListItem","position":3,"name":"Reducir BRIX F za IBC cisterno (1\u2033, 5\/4\u2033, 6\/4\u2033)"}]},{"@type":"WebSite","@id":"https:\/\/ibcparts.eu\/#website","url":"https:\/\/ibcparts.eu\/","name":"IBCparts.eu","description":"","publisher":{"@id":"https:\/\/ibcparts.eu\/#organization"},"potentialAction":[{"@type":"SearchAction","target":{"@type":"EntryPoint","urlTemplate":"https:\/\/ibcparts.eu\/?s={search_term_string}"},"query-input":{"@type":"PropertyValueSpecification","valueRequired":true,"valueName":"search_term_string"}}],"inLanguage":"hu-HU"},{"@type":"Organization","@id":"https:\/\/ibcparts.eu\/#organization","name":"IBCparts","url":"https:\/\/ibcparts.eu\/","logo":{"@type":"ImageObject","inLanguage":"hu-HU","@id":"https:\/\/ibcparts.eu\/#\/schema\/logo\/image\/","url":"https:\/\/ibcparts.eu\/wp-content\/uploads\/2021\/10\/Footer-Logo.png","contentUrl":"https:\/\/ibcparts.eu\/wp-content\/uploads\/2021\/10\/Footer-Logo.png","width":1992,"height":772,"caption":"IBCparts"},"image":{"@id":"https:\/\/ibcparts.eu\/#\/schema\/logo\/image\/"}}]}},"_links":{"self":[{"href":"https:\/\/ibcparts.eu\/hu\/wp-json\/wp\/v2\/product\/18653","targetHints":{"allow":["GET"]}}],"collection":[{"href":"https:\/\/ibcparts.eu\/hu\/wp-json\/wp\/v2\/product"}],"about":[{"href":"https:\/\/ibcparts.eu\/hu\/wp-json\/wp\/v2\/types\/product"}],"version-history":[{"count":3,"href":"https:\/\/ibcparts.eu\/hu\/wp-json\/wp\/v2\/product\/18653\/revisions"}],"predecessor-version":[{"id":20179,"href":"https:\/\/ibcparts.eu\/hu\/wp-json\/wp\/v2\/product\/18653\/revisions\/20179"}],"wp:featuredmedia":[{"embeddable":true,"href":"https:\/\/ibcparts.eu\/hu\/wp-json\/wp\/v2\/media\/18325"}],"wp:attachment":[{"href":"https:\/\/ibcparts.eu\/hu\/wp-json\/wp\/v2\/media?parent=18653"}],"wp:term":[{"taxonomy":"product_brand","embeddable":true,"href":"https:\/\/ibcparts.eu\/hu\/wp-json\/wp\/v2\/product_brand?post=18653"},{"taxonomy":"product_cat","embeddable":true,"href":"https:\/\/ibcparts.eu\/hu\/wp-json\/wp\/v2\/product_cat?post=18653"},{"taxonomy":"product_tag","embeddable":true,"href":"https:\/\/ibcparts.eu\/hu\/wp-json\/wp\/v2\/product_tag?post=18653"}],"curies":[{"name":"wp","href":"https:\/\/api.w.org\/{rel}","templated":true}]}}