{"id":18446,"date":"2025-11-27T11:21:27","date_gmt":"2025-11-27T10:21:27","guid":{"rendered":"https:\/\/ibcparts.eu\/?post_type=product&#038;p=18446"},"modified":"2026-01-13T14:09:47","modified_gmt":"2026-01-13T13:09:47","slug":"izliv-koleno-b90","status":"publish","type":"product","link":"https:\/\/ibcparts.eu\/hu\/termek\/ibc-kifolyo-konyok-b90\/","title":{"rendered":"Kimenet \u2013 B90 k\u00f6ny\u00f6k IBC tart\u00e1lyhoz, 50 mm-es t\u00f6ml\u0151h\u00f6z"},"content":{"rendered":"<p><span style=\"font-size: large;\">Rendk\u00edv\u00fcl er\u0151s k\u00f6ny\u00f6k kimenet \u00d8 55\u201362 mm-es szeleppel rendelkez\u0151 tart\u00e1lyokhoz, durva S60x6 menet (DN50).<\/span><\/p>\n<p>A kiv\u00e1l\u00f3 min\u0151s\u00e9gnek \u00e9s a nagy \u00e1tm\u00e9r\u0151nek k\u00f6sz\u00f6nhet\u0151en rendk\u00edv\u00fcl praktikus folyad\u00e9kok IBC tart\u00e1lyb\u00f3l kisebb ed\u00e9nyekbe t\u00f6rt\u00e9n\u0151 \u00e1tfejt\u00e9s\u00e9hez, amikor 50 mm-es t\u00f6ml\u0151t haszn\u00e1lnak a maxim\u00e1lis \u00e1tfoly\u00e1s el\u00e9r\u00e9s\u00e9hez.<\/p>\n<ul>\n<li>Egy 50 mm bels\u0151 \u00e1tm\u00e9r\u0151j\u0171 t\u00f6ml\u0151 csatlakoztathat\u00f3 r\u00e1.<\/li>\n<li class=\" translation-block\"><strong>Anyag:<\/strong> m\u0171anyag (PP) \u2013 rendk\u00edv\u00fcl tart\u00f3s, k\u00f6nny\u0171 \u00e9s v\u00edz\u00e1ll\u00f3 anyag, ellen\u00e1ll az UV-sug\u00e1rz\u00e1snak, vegyszereknek \u00e9s \u00fct\u0151d\u00e9seknek. Biztons\u00e1g\u00e1nak \u00e9s stabilit\u00e1s\u00e1nak k\u00f6sz\u00f6nhet\u0151en ide\u00e1lis olyan term\u00e9kekhez, amelyek hossz\u00fa \u00e9lettartamot \u00e9s nagy teherb\u00edr\u00e1st ig\u00e9nyelnek.<\/li>\n<li><strong>Sz\u00edn:<\/strong> Fekete<\/li>\n<li><strong>T\u00f6m\u00edt\u00e9s:<\/strong> EPDM guma &#8211; odli\u010dna odpornost na UV, vremenske vplive in temperaturne razlike, odpornost na kemikalije.<\/li>\n<li class=\" translation-block\"><strong>Kifoly\u00e1si sz\u00f6g<\/strong>: 90\u00b0<\/li>\n<li><strong>Dol\u017eina:<\/strong><\/li>\n<li><strong>Premer cevi<\/strong>: 50mm<\/li>\n<\/ul>\n<p>&nbsp;<\/p>","protected":false},"excerpt":{"rendered":"<h2 data-start=\"189\" data-end=\"265\">Kimenet (k\u00f6ny\u00f6k) B90 S60x6-os IBC tart\u00e1lyhoz, nagyon er\u0151s, 50 mm-es t\u00f6ml\u0151h\u00f6z<\/h2>\n<p data-start=\"267\" data-end=\"772\" class=\" translation-block\">A B90 kimenet rendk\u00edv\u00fcl er\u0151s k\u00f6ny\u00f6k IBC tart\u00e1lyokhoz \u00d8 55\u201362 mm-es szeleppel \u00e9s durva S60x6 menettel (DN50). <strong data-start=\"401\" data-end=\"447\">IBC tart\u00e1lyhoz val\u00f3 adapterk\u00e9nt vagy csatlakoz\u00f3k\u00e9nt<\/strong> haszn\u00e1lhat\u00f3 a folyad\u00e9k kifoly\u00e1s\u00e1nak 90\u00b0-os ir\u00e1ny\u00edt\u00e1s\u00e1hoz. Massz\u00edv kialak\u00edt\u00e1s\u00e1nak k\u00f6sz\u00f6nhet\u0151en lehet\u0151v\u00e9 teszi egy 50 mm bels\u0151 \u00e1tm\u00e9r\u0151j\u0171 t\u00f6ml\u0151 k\u00f6zvetlen csatlakoztat\u00e1s\u00e1t. PP anyagb\u00f3l k\u00e9sz\u00fclt, EPDM gumit\u00f6m\u00edt\u00e9ssel ell\u00e1tva, amely <strong data-start=\"672\" data-end=\"739\">megb\u00edzhat\u00f3 t\u00f6m\u00edt\u00e9st biztos\u00edt m\u00e9g kisebb szelep-egyenetlens\u00e9gek eset\u00e9n is<\/strong>, valamint magas mechanikai ellen\u00e1ll\u00e1st ny\u00fajt.<\/p>\n<p data-start=\"774\" data-end=\"795\">M\u0171szaki jellemz\u0151k<\/p>\n<ul>\n<li data-start=\"798\" data-end=\"866\">Term\u00e9kt\u00edpus: kifoly\u00f3 \/ k\u00f6ny\u00f6k (adapter \/ csatlakoz\u00f3 IBC tart\u00e1lyhoz)<\/li>\n<li data-start=\"869\" data-end=\"920\">A tart\u00e1ly menett\u00edpusa: S60x6 (DN50), durva menet<\/li>\n<li data-start=\"923\" data-end=\"957\" class=\" translation-block\"><strong>Kifoly\u00e1si sz\u00f6g<\/strong>: 90\u00b0<\/li>\n<li data-start=\"980\" data-end=\"1024\">T\u00f6ml\u0151csatlakoz\u00e1s: 50 mm (a t\u00f6ml\u0151 bels\u0151 \u00e1tm\u00e9r\u0151je)<\/li>\n<li data-start=\"1027\" data-end=\"1048\">Anyag: PP<\/li>\n<li data-start=\"1051\" data-end=\"1064\">Sz\u00edn: fekete<\/li>\n<li data-start=\"1067\" data-end=\"1087\">Tesnilo: EPDM guma<\/li>\n<\/ul>\n<p><strong>T\u00f6bb darab, nagyobb kedvezm\u00e9ny \u2013 a k\u00fcl\u00f6nb\u00f6z\u0151 term\u00e9kek \u00e9s vari\u00e1ci\u00f3k darabsz\u00e1ma \u00f6sszead\u00f3dik!<\/strong><\/p>","protected":false},"featured_media":18447,"template":"","meta":[],"product_brand":[],"product_cat":[170,298],"product_tag":[389],"class_list":{"0":"post-18446","1":"product","2":"type-product","3":"status-publish","4":"has-post-thumbnail","6":"product_cat-reducirji-in-prikljucki-za-ibc","7":"product_cat-prikljucki-za-cisterno-z-navojem-s60x6","8":"product_tag-koleno-b90za-ibc-cisterno","10":"first","11":"instock","12":"shipping-taxable","13":"purchasable","14":"product-type-simple"},"yoast_head":"<!-- This site is optimized with the Yoast SEO plugin v27.1.1 - https:\/\/yoast.com\/product\/yoast-seo-wordpress\/ -->\n<title>Izliv \u2013 koleno B90 za IBC cisterno, za cev 50 mm | IBCparts.eu<\/title>\n<meta name=\"description\" content=\"Izjemno mo\u010dan izliv B90 (koleno 90\u00b0) za IBC cisterno S60x6. PP izvedba z EPDM tesnilom, primeren za cev 50 mm.\" \/>\n<meta name=\"robots\" content=\"index, follow, max-snippet:-1, max-image-preview:large, max-video-preview:-1\" \/>\n<link rel=\"canonical\" href=\"https:\/\/ibcparts.eu\/hu\/termek\/ibc-kifolyo-konyok-b90\/\" \/>\n<meta property=\"og:locale\" content=\"hu_HU\" \/>\n<meta property=\"og:type\" content=\"article\" \/>\n<meta property=\"og:title\" content=\"Izliv \u2013 koleno B90 za IBC cisterno, za cev 50 mm | IBCparts.eu\" \/>\n<meta property=\"og:description\" content=\"Izjemno mo\u010dan izliv B90 (koleno 90\u00b0) za IBC cisterno S60x6. PP izvedba z EPDM tesnilom, primeren za cev 50 mm.\" \/>\n<meta property=\"og:url\" content=\"https:\/\/ibcparts.eu\/hu\/termek\/ibc-kifolyo-konyok-b90\/\" \/>\n<meta property=\"og:site_name\" content=\"IBCparts.eu\" \/>\n<meta property=\"article:modified_time\" content=\"2026-01-13T13:09:47+00:00\" \/>\n<meta property=\"og:image\" content=\"https:\/\/ibcparts.eu\/wp-content\/uploads\/2025\/11\/Izliv-koleno-B90-za-IBC-cisterno.png\" \/>\n\t<meta property=\"og:image:width\" content=\"432\" \/>\n\t<meta property=\"og:image:height\" content=\"432\" \/>\n\t<meta property=\"og:image:type\" content=\"image\/png\" \/>\n<meta name=\"twitter:card\" content=\"summary_large_image\" \/>\n<meta name=\"twitter:label1\" content=\"Est. reading time\" \/>\n\t<meta name=\"twitter:data1\" content=\"1 minute\" \/>\n<script type=\"application\/ld+json\" class=\"yoast-schema-graph\">{\"@context\":\"https:\/\/schema.org\",\"@graph\":[{\"@type\":\"WebPage\",\"@id\":\"https:\/\/ibcparts.eu\/izdelek\/izliv-koleno-b90\/\",\"url\":\"https:\/\/ibcparts.eu\/izdelek\/izliv-koleno-b90\/\",\"name\":\"Izliv \u2013 koleno B90 za IBC cisterno, za cev 50 mm | IBCparts.eu\",\"isPartOf\":{\"@id\":\"https:\/\/ibcparts.eu\/#website\"},\"primaryImageOfPage\":{\"@id\":\"https:\/\/ibcparts.eu\/izdelek\/izliv-koleno-b90\/#primaryimage\"},\"image\":{\"@id\":\"https:\/\/ibcparts.eu\/izdelek\/izliv-koleno-b90\/#primaryimage\"},\"thumbnailUrl\":\"https:\/\/ibcparts.eu\/wp-content\/uploads\/2025\/11\/Izliv-koleno-B90-za-IBC-cisterno.png\",\"datePublished\":\"2025-11-27T10:21:27+00:00\",\"dateModified\":\"2026-01-13T13:09:47+00:00\",\"description\":\"Izjemno mo\u010dan izliv B90 (koleno 90\u00b0) za IBC cisterno S60x6. PP izvedba z EPDM tesnilom, primeren za cev 50 mm.\",\"breadcrumb\":{\"@id\":\"https:\/\/ibcparts.eu\/izdelek\/izliv-koleno-b90\/#breadcrumb\"},\"inLanguage\":\"hu-HU\",\"potentialAction\":[{\"@type\":\"ReadAction\",\"target\":[\"https:\/\/ibcparts.eu\/izdelek\/izliv-koleno-b90\/\"]}]},{\"@type\":\"ImageObject\",\"inLanguage\":\"hu-HU\",\"@id\":\"https:\/\/ibcparts.eu\/izdelek\/izliv-koleno-b90\/#primaryimage\",\"url\":\"https:\/\/ibcparts.eu\/wp-content\/uploads\/2025\/11\/Izliv-koleno-B90-za-IBC-cisterno.png\",\"contentUrl\":\"https:\/\/ibcparts.eu\/wp-content\/uploads\/2025\/11\/Izliv-koleno-B90-za-IBC-cisterno.png\",\"width\":432,\"height\":432,\"caption\":\"Izliv, koleno B90 za IBC cisterno\"},{\"@type\":\"BreadcrumbList\",\"@id\":\"https:\/\/ibcparts.eu\/izdelek\/izliv-koleno-b90\/#breadcrumb\",\"itemListElement\":[{\"@type\":\"ListItem\",\"position\":1,\"name\":\"Home\",\"item\":\"https:\/\/ibcparts.eu\/\"},{\"@type\":\"ListItem\",\"position\":2,\"name\":\"Nakupujte\",\"item\":\"https:\/\/ibcparts.eu\/nakupujte\/\"},{\"@type\":\"ListItem\",\"position\":3,\"name\":\"Izliv \u2013 koleno B90 za IBC cisterno, za cev 50 mm\"}]},{\"@type\":\"WebSite\",\"@id\":\"https:\/\/ibcparts.eu\/#website\",\"url\":\"https:\/\/ibcparts.eu\/\",\"name\":\"IBCparts.eu\",\"description\":\"\",\"publisher\":{\"@id\":\"https:\/\/ibcparts.eu\/#organization\"},\"potentialAction\":[{\"@type\":\"SearchAction\",\"target\":{\"@type\":\"EntryPoint\",\"urlTemplate\":\"https:\/\/ibcparts.eu\/?s={search_term_string}\"},\"query-input\":{\"@type\":\"PropertyValueSpecification\",\"valueRequired\":true,\"valueName\":\"search_term_string\"}}],\"inLanguage\":\"hu-HU\"},{\"@type\":\"Organization\",\"@id\":\"https:\/\/ibcparts.eu\/#organization\",\"name\":\"IBCparts\",\"url\":\"https:\/\/ibcparts.eu\/\",\"logo\":{\"@type\":\"ImageObject\",\"inLanguage\":\"hu-HU\",\"@id\":\"https:\/\/ibcparts.eu\/#\/schema\/logo\/image\/\",\"url\":\"https:\/\/ibcparts.eu\/wp-content\/uploads\/2021\/10\/Footer-Logo.png\",\"contentUrl\":\"https:\/\/ibcparts.eu\/wp-content\/uploads\/2021\/10\/Footer-Logo.png\",\"width\":1992,\"height\":772,\"caption\":\"IBCparts\"},\"image\":{\"@id\":\"https:\/\/ibcparts.eu\/#\/schema\/logo\/image\/\"}}]}<\/script>\n<!-- \/ Yoast SEO plugin. -->","yoast_head_json":{"title":"Izliv \u2013 koleno B90 za IBC cisterno, za cev 50 mm | IBCparts.eu","description":"Izjemno mo\u010dan izliv B90 (koleno 90\u00b0) za IBC cisterno S60x6. PP izvedba z EPDM tesnilom, primeren za cev 50 mm.","robots":{"index":"index","follow":"follow","max-snippet":"max-snippet:-1","max-image-preview":"max-image-preview:large","max-video-preview":"max-video-preview:-1"},"canonical":"https:\/\/ibcparts.eu\/hu\/termek\/ibc-kifolyo-konyok-b90\/","og_locale":"hu_HU","og_type":"article","og_title":"Izliv \u2013 koleno B90 za IBC cisterno, za cev 50 mm | IBCparts.eu","og_description":"Izjemno mo\u010dan izliv B90 (koleno 90\u00b0) za IBC cisterno S60x6. PP izvedba z EPDM tesnilom, primeren za cev 50 mm.","og_url":"https:\/\/ibcparts.eu\/hu\/termek\/ibc-kifolyo-konyok-b90\/","og_site_name":"IBCparts.eu","article_modified_time":"2026-01-13T13:09:47+00:00","og_image":[{"width":432,"height":432,"url":"https:\/\/ibcparts.eu\/wp-content\/uploads\/2025\/11\/Izliv-koleno-B90-za-IBC-cisterno.png","type":"image\/png"}],"twitter_card":"summary_large_image","twitter_misc":{"Est. reading time":"1 minute"},"schema":{"@context":"https:\/\/schema.org","@graph":[{"@type":"WebPage","@id":"https:\/\/ibcparts.eu\/izdelek\/izliv-koleno-b90\/","url":"https:\/\/ibcparts.eu\/izdelek\/izliv-koleno-b90\/","name":"Izliv \u2013 koleno B90 za IBC cisterno, za cev 50 mm | IBCparts.eu","isPartOf":{"@id":"https:\/\/ibcparts.eu\/#website"},"primaryImageOfPage":{"@id":"https:\/\/ibcparts.eu\/izdelek\/izliv-koleno-b90\/#primaryimage"},"image":{"@id":"https:\/\/ibcparts.eu\/izdelek\/izliv-koleno-b90\/#primaryimage"},"thumbnailUrl":"https:\/\/ibcparts.eu\/wp-content\/uploads\/2025\/11\/Izliv-koleno-B90-za-IBC-cisterno.png","datePublished":"2025-11-27T10:21:27+00:00","dateModified":"2026-01-13T13:09:47+00:00","description":"Izjemno mo\u010dan izliv B90 (koleno 90\u00b0) za IBC cisterno S60x6. PP izvedba z EPDM tesnilom, primeren za cev 50 mm.","breadcrumb":{"@id":"https:\/\/ibcparts.eu\/izdelek\/izliv-koleno-b90\/#breadcrumb"},"inLanguage":"hu-HU","potentialAction":[{"@type":"ReadAction","target":["https:\/\/ibcparts.eu\/izdelek\/izliv-koleno-b90\/"]}]},{"@type":"ImageObject","inLanguage":"hu-HU","@id":"https:\/\/ibcparts.eu\/izdelek\/izliv-koleno-b90\/#primaryimage","url":"https:\/\/ibcparts.eu\/wp-content\/uploads\/2025\/11\/Izliv-koleno-B90-za-IBC-cisterno.png","contentUrl":"https:\/\/ibcparts.eu\/wp-content\/uploads\/2025\/11\/Izliv-koleno-B90-za-IBC-cisterno.png","width":432,"height":432,"caption":"Izliv, koleno B90 za IBC cisterno"},{"@type":"BreadcrumbList","@id":"https:\/\/ibcparts.eu\/izdelek\/izliv-koleno-b90\/#breadcrumb","itemListElement":[{"@type":"ListItem","position":1,"name":"Home","item":"https:\/\/ibcparts.eu\/"},{"@type":"ListItem","position":2,"name":"Nakupujte","item":"https:\/\/ibcparts.eu\/nakupujte\/"},{"@type":"ListItem","position":3,"name":"Izliv \u2013 koleno B90 za IBC cisterno, za cev 50 mm"}]},{"@type":"WebSite","@id":"https:\/\/ibcparts.eu\/#website","url":"https:\/\/ibcparts.eu\/","name":"IBCparts.eu","description":"","publisher":{"@id":"https:\/\/ibcparts.eu\/#organization"},"potentialAction":[{"@type":"SearchAction","target":{"@type":"EntryPoint","urlTemplate":"https:\/\/ibcparts.eu\/?s={search_term_string}"},"query-input":{"@type":"PropertyValueSpecification","valueRequired":true,"valueName":"search_term_string"}}],"inLanguage":"hu-HU"},{"@type":"Organization","@id":"https:\/\/ibcparts.eu\/#organization","name":"IBCparts","url":"https:\/\/ibcparts.eu\/","logo":{"@type":"ImageObject","inLanguage":"hu-HU","@id":"https:\/\/ibcparts.eu\/#\/schema\/logo\/image\/","url":"https:\/\/ibcparts.eu\/wp-content\/uploads\/2021\/10\/Footer-Logo.png","contentUrl":"https:\/\/ibcparts.eu\/wp-content\/uploads\/2021\/10\/Footer-Logo.png","width":1992,"height":772,"caption":"IBCparts"},"image":{"@id":"https:\/\/ibcparts.eu\/#\/schema\/logo\/image\/"}}]}},"_links":{"self":[{"href":"https:\/\/ibcparts.eu\/hu\/wp-json\/wp\/v2\/product\/18446","targetHints":{"allow":["GET"]}}],"collection":[{"href":"https:\/\/ibcparts.eu\/hu\/wp-json\/wp\/v2\/product"}],"about":[{"href":"https:\/\/ibcparts.eu\/hu\/wp-json\/wp\/v2\/types\/product"}],"version-history":[{"count":3,"href":"https:\/\/ibcparts.eu\/hu\/wp-json\/wp\/v2\/product\/18446\/revisions"}],"predecessor-version":[{"id":20189,"href":"https:\/\/ibcparts.eu\/hu\/wp-json\/wp\/v2\/product\/18446\/revisions\/20189"}],"wp:featuredmedia":[{"embeddable":true,"href":"https:\/\/ibcparts.eu\/hu\/wp-json\/wp\/v2\/media\/18447"}],"wp:attachment":[{"href":"https:\/\/ibcparts.eu\/hu\/wp-json\/wp\/v2\/media?parent=18446"}],"wp:term":[{"taxonomy":"product_brand","embeddable":true,"href":"https:\/\/ibcparts.eu\/hu\/wp-json\/wp\/v2\/product_brand?post=18446"},{"taxonomy":"product_cat","embeddable":true,"href":"https:\/\/ibcparts.eu\/hu\/wp-json\/wp\/v2\/product_cat?post=18446"},{"taxonomy":"product_tag","embeddable":true,"href":"https:\/\/ibcparts.eu\/hu\/wp-json\/wp\/v2\/product_tag?post=18446"}],"curies":[{"name":"wp","href":"https:\/\/api.w.org\/{rel}","templated":true}]}}