{"id":18434,"date":"2025-11-27T11:07:17","date_gmt":"2025-11-27T10:07:17","guid":{"rendered":"https:\/\/ibcparts.eu\/?post_type=product&#038;p=18434"},"modified":"2026-01-13T13:55:18","modified_gmt":"2026-01-13T12:55:18","slug":"izliv-koleno-m90","status":"publish","type":"product","link":"https:\/\/ibcparts.eu\/hu\/termek\/ibc-kifolyo-konyok-m90\/","title":{"rendered":"Kifoly\u00f3 \u2013 M90 k\u00f6ny\u00f6k IBC tart\u00e1lyhoz"},"content":{"rendered":"<p><span style=\"font-size: large;\">Min\u0151s\u00e9gi, h\u00e1romr\u00e9szes adapter, k\u00f6ny\u00f6k kifoly\u00f3 55\u201362 mm-es szeleppel rendelkez\u0151 tart\u00e1lyokhoz, durva S60x6 menettel (DN50). Ez az IBC tart\u00e1lyokon leggyakrabban haszn\u00e1lt szelept\u00edpus.<\/span><\/p>\n<ul>\n<li class=\" translation-block\"><strong>Anyag:<\/strong> m\u0171anyag (PP) \u2013 k\u00f6nny\u0171, tart\u00f3s, v\u00edz\u00e1ll\u00f3 \u00e9s vegyszer\u00e1ll\u00f3.<\/li>\n<li><strong>Sz\u00edn:<\/strong> fekete-feh\u00e9r<\/li>\n<li class=\" translation-block\"><strong>T\u00f6m\u00edt\u00e9s:<\/strong> PE hab \u2013 kiv\u00e1l\u00f3 t\u00f6m\u00edt\u00e9st biztos\u00edt m\u00e9g kisebb egyenetlens\u00e9gek eset\u00e9n is a szelepen. Ha a szelep s\u00e9r\u00fclt \u00e9s \u00e9les sz\u00e9lei vannak, ez a t\u00f6m\u00edt\u00e9s is megs\u00e9r\u00fclhet.<\/li>\n<li class=\" translation-block\"><strong>Kifoly\u00e1si sz\u00f6g<\/strong>: 90\u00b0<\/li>\n<li><strong>Hossz: 14 cm<\/strong><\/li>\n<li class=\" translation-block\"><strong>Cs\u0151 \u00e1tm\u00e9r\u0151je<\/strong>: 4 cm<\/li>\n<\/ul>","protected":false},"excerpt":{"rendered":"<h2 data-start=\"157\" data-end=\"217\">Kifoly\u00f3 (k\u00f6ny\u00f6k) M90 IBC tart\u00e1lyhoz S60x6 menettel<\/h2>\n<p data-start=\"219\" data-end=\"623\" class=\" translation-block\">Az M90 kifoly\u00f3 egy kiv\u00e1l\u00f3 min\u0151s\u00e9g\u0171, h\u00e1romr\u00e9szes, k\u00f6ny\u00f6k kialak\u00edt\u00e1s\u00fa adapter IBC tart\u00e1lyokhoz, 55\u201362 mm-es szelepm\u00e9rettel \u00e9s durva S60x6 menettel (DN50). <strong>IBC tart\u00e1ly adapterk\u00e9nt vagy csatlakoz\u00f3k\u00e9nt<\/strong> haszn\u00e1lhat\u00f3 a folyad\u00e9k 90\u00b0-os ir\u00e1nyba t\u00f6rt\u00e9n\u0151 elvezet\u00e9s\u00e9re. PP anyagb\u00f3l k\u00e9sz\u00fcl, bels\u0151 PE hab t\u00f6m\u00edt\u00e9ssel rendelkezik, amely <strong>megb\u00edzhat\u00f3 t\u00f6m\u00edt\u00e9st biztos\u00edt m\u00e9g kisebb szelep-egyenetlens\u00e9gek eset\u00e9n is<\/strong>.<\/p>\n<p data-start=\"625\" data-end=\"646\">M\u0171szaki jellemz\u0151k<\/p>\n<ul>\n<li data-start=\"649\" data-end=\"717\">Term\u00e9kt\u00edpus: kifoly\u00f3 \/ k\u00f6ny\u00f6k (adapter \/ csatlakoz\u00f3 IBC tart\u00e1lyhoz)<\/li>\n<li data-start=\"720\" data-end=\"771\">A tart\u00e1ly menett\u00edpusa: S60x6 (DN50), durva menet<\/li>\n<li data-start=\"774\" data-end=\"808\">Alkalmas szelepekhez: \u00d8 55\u201362 mm<\/li>\n<li data-start=\"811\" data-end=\"828\" class=\" translation-block\"><strong>Kifoly\u00e1si sz\u00f6g<\/strong>: 90\u00b0<\/li>\n<li data-start=\"831\" data-end=\"847\">Hossz: 14 cm<\/li>\n<li data-start=\"850\" data-end=\"869\" class=\" translation-block\"><strong>Cs\u0151 \u00e1tm\u00e9r\u0151je<\/strong>: 4 cm<\/li>\n<li data-start=\"872\" data-end=\"886\">Anyag: PP<\/li>\n<li data-start=\"889\" data-end=\"909\">Barva: \u010drna \/ bela<\/li>\n<li data-start=\"912\" data-end=\"930\">Tesnilo: PE pena<\/li>\n<\/ul>\n<p><strong>T\u00f6bb darab, nagyobb kedvezm\u00e9ny \u2013 a k\u00fcl\u00f6nb\u00f6z\u0151 term\u00e9kek \u00e9s vari\u00e1ci\u00f3k darabsz\u00e1ma \u00f6sszead\u00f3dik!<\/strong><\/p>","protected":false},"featured_media":18438,"template":"","meta":[],"product_brand":[],"product_cat":[170,298],"product_tag":[385,384],"class_list":{"0":"post-18434","1":"product","2":"type-product","3":"status-publish","4":"has-post-thumbnail","6":"product_cat-reducirji-in-prikljucki-za-ibc","7":"product_cat-prikljucki-za-cisterno-z-navojem-s60x6","8":"product_tag-izliv-za-ibc-cisterno","9":"product_tag-koleno-za-ibc-cisterno-m90","11":"first","12":"instock","13":"shipping-taxable","14":"purchasable","15":"product-type-simple"},"yoast_head":"<!-- This site is optimized with the Yoast SEO plugin v27.1.1 - https:\/\/yoast.com\/product\/yoast-seo-wordpress\/ -->\n<title>Izliv \u2013 koleno M90 za IBC cisterno | IBCparts.eu<\/title>\n<meta name=\"description\" content=\"Izliv M90 (koleno 90\u00b0) za IBC cisterno S60x6 (DN50). Trodelen PP adapter s PE tesnilom za zanesljivo tesnjenje in usmerjen izliv.\" \/>\n<meta name=\"robots\" content=\"index, follow, max-snippet:-1, max-image-preview:large, max-video-preview:-1\" \/>\n<link rel=\"canonical\" href=\"https:\/\/ibcparts.eu\/hu\/termek\/ibc-kifolyo-konyok-m90\/\" \/>\n<meta property=\"og:locale\" content=\"hu_HU\" \/>\n<meta property=\"og:type\" content=\"article\" \/>\n<meta property=\"og:title\" content=\"Izliv \u2013 koleno M90 za IBC cisterno | IBCparts.eu\" \/>\n<meta property=\"og:description\" content=\"Izliv M90 (koleno 90\u00b0) za IBC cisterno S60x6 (DN50). Trodelen PP adapter s PE tesnilom za zanesljivo tesnjenje in usmerjen izliv.\" \/>\n<meta property=\"og:url\" content=\"https:\/\/ibcparts.eu\/hu\/termek\/ibc-kifolyo-konyok-m90\/\" \/>\n<meta property=\"og:site_name\" content=\"IBCparts.eu\" \/>\n<meta property=\"article:modified_time\" content=\"2026-01-13T12:55:18+00:00\" \/>\n<meta property=\"og:image\" content=\"https:\/\/ibcparts.eu\/wp-content\/uploads\/2025\/11\/Izliv-koleno-za-IBC-cisterno-M90.png\" \/>\n\t<meta property=\"og:image:width\" content=\"500\" \/>\n\t<meta property=\"og:image:height\" content=\"500\" \/>\n\t<meta property=\"og:image:type\" content=\"image\/png\" \/>\n<meta name=\"twitter:card\" content=\"summary_large_image\" \/>\n<script type=\"application\/ld+json\" class=\"yoast-schema-graph\">{\"@context\":\"https:\/\/schema.org\",\"@graph\":[{\"@type\":\"WebPage\",\"@id\":\"https:\/\/ibcparts.eu\/izdelek\/izliv-koleno-m90\/\",\"url\":\"https:\/\/ibcparts.eu\/izdelek\/izliv-koleno-m90\/\",\"name\":\"Izliv \u2013 koleno M90 za IBC cisterno | IBCparts.eu\",\"isPartOf\":{\"@id\":\"https:\/\/ibcparts.eu\/#website\"},\"primaryImageOfPage\":{\"@id\":\"https:\/\/ibcparts.eu\/izdelek\/izliv-koleno-m90\/#primaryimage\"},\"image\":{\"@id\":\"https:\/\/ibcparts.eu\/izdelek\/izliv-koleno-m90\/#primaryimage\"},\"thumbnailUrl\":\"https:\/\/ibcparts.eu\/wp-content\/uploads\/2025\/11\/Izliv-koleno-za-IBC-cisterno-M90.png\",\"datePublished\":\"2025-11-27T10:07:17+00:00\",\"dateModified\":\"2026-01-13T12:55:18+00:00\",\"description\":\"Izliv M90 (koleno 90\u00b0) za IBC cisterno S60x6 (DN50). Trodelen PP adapter s PE tesnilom za zanesljivo tesnjenje in usmerjen izliv.\",\"breadcrumb\":{\"@id\":\"https:\/\/ibcparts.eu\/izdelek\/izliv-koleno-m90\/#breadcrumb\"},\"inLanguage\":\"hu-HU\",\"potentialAction\":[{\"@type\":\"ReadAction\",\"target\":[\"https:\/\/ibcparts.eu\/izdelek\/izliv-koleno-m90\/\"]}]},{\"@type\":\"ImageObject\",\"inLanguage\":\"hu-HU\",\"@id\":\"https:\/\/ibcparts.eu\/izdelek\/izliv-koleno-m90\/#primaryimage\",\"url\":\"https:\/\/ibcparts.eu\/wp-content\/uploads\/2025\/11\/Izliv-koleno-za-IBC-cisterno-M90.png\",\"contentUrl\":\"https:\/\/ibcparts.eu\/wp-content\/uploads\/2025\/11\/Izliv-koleno-za-IBC-cisterno-M90.png\",\"width\":500,\"height\":500,\"caption\":\"Izliv, koleno M90 za IBC cisterno\"},{\"@type\":\"BreadcrumbList\",\"@id\":\"https:\/\/ibcparts.eu\/izdelek\/izliv-koleno-m90\/#breadcrumb\",\"itemListElement\":[{\"@type\":\"ListItem\",\"position\":1,\"name\":\"Home\",\"item\":\"https:\/\/ibcparts.eu\/\"},{\"@type\":\"ListItem\",\"position\":2,\"name\":\"Nakupujte\",\"item\":\"https:\/\/ibcparts.eu\/nakupujte\/\"},{\"@type\":\"ListItem\",\"position\":3,\"name\":\"Izliv \u2013 koleno M90 za IBC cisterno\"}]},{\"@type\":\"WebSite\",\"@id\":\"https:\/\/ibcparts.eu\/#website\",\"url\":\"https:\/\/ibcparts.eu\/\",\"name\":\"IBCparts.eu\",\"description\":\"\",\"publisher\":{\"@id\":\"https:\/\/ibcparts.eu\/#organization\"},\"potentialAction\":[{\"@type\":\"SearchAction\",\"target\":{\"@type\":\"EntryPoint\",\"urlTemplate\":\"https:\/\/ibcparts.eu\/?s={search_term_string}\"},\"query-input\":{\"@type\":\"PropertyValueSpecification\",\"valueRequired\":true,\"valueName\":\"search_term_string\"}}],\"inLanguage\":\"hu-HU\"},{\"@type\":\"Organization\",\"@id\":\"https:\/\/ibcparts.eu\/#organization\",\"name\":\"IBCparts\",\"url\":\"https:\/\/ibcparts.eu\/\",\"logo\":{\"@type\":\"ImageObject\",\"inLanguage\":\"hu-HU\",\"@id\":\"https:\/\/ibcparts.eu\/#\/schema\/logo\/image\/\",\"url\":\"https:\/\/ibcparts.eu\/wp-content\/uploads\/2021\/10\/Footer-Logo.png\",\"contentUrl\":\"https:\/\/ibcparts.eu\/wp-content\/uploads\/2021\/10\/Footer-Logo.png\",\"width\":1992,\"height\":772,\"caption\":\"IBCparts\"},\"image\":{\"@id\":\"https:\/\/ibcparts.eu\/#\/schema\/logo\/image\/\"}}]}<\/script>\n<!-- \/ Yoast SEO plugin. -->","yoast_head_json":{"title":"Izliv \u2013 koleno M90 za IBC cisterno | IBCparts.eu","description":"Izliv M90 (koleno 90\u00b0) za IBC cisterno S60x6 (DN50). Trodelen PP adapter s PE tesnilom za zanesljivo tesnjenje in usmerjen izliv.","robots":{"index":"index","follow":"follow","max-snippet":"max-snippet:-1","max-image-preview":"max-image-preview:large","max-video-preview":"max-video-preview:-1"},"canonical":"https:\/\/ibcparts.eu\/hu\/termek\/ibc-kifolyo-konyok-m90\/","og_locale":"hu_HU","og_type":"article","og_title":"Izliv \u2013 koleno M90 za IBC cisterno | IBCparts.eu","og_description":"Izliv M90 (koleno 90\u00b0) za IBC cisterno S60x6 (DN50). Trodelen PP adapter s PE tesnilom za zanesljivo tesnjenje in usmerjen izliv.","og_url":"https:\/\/ibcparts.eu\/hu\/termek\/ibc-kifolyo-konyok-m90\/","og_site_name":"IBCparts.eu","article_modified_time":"2026-01-13T12:55:18+00:00","og_image":[{"width":500,"height":500,"url":"https:\/\/ibcparts.eu\/wp-content\/uploads\/2025\/11\/Izliv-koleno-za-IBC-cisterno-M90.png","type":"image\/png"}],"twitter_card":"summary_large_image","schema":{"@context":"https:\/\/schema.org","@graph":[{"@type":"WebPage","@id":"https:\/\/ibcparts.eu\/izdelek\/izliv-koleno-m90\/","url":"https:\/\/ibcparts.eu\/izdelek\/izliv-koleno-m90\/","name":"Izliv \u2013 koleno M90 za IBC cisterno | IBCparts.eu","isPartOf":{"@id":"https:\/\/ibcparts.eu\/#website"},"primaryImageOfPage":{"@id":"https:\/\/ibcparts.eu\/izdelek\/izliv-koleno-m90\/#primaryimage"},"image":{"@id":"https:\/\/ibcparts.eu\/izdelek\/izliv-koleno-m90\/#primaryimage"},"thumbnailUrl":"https:\/\/ibcparts.eu\/wp-content\/uploads\/2025\/11\/Izliv-koleno-za-IBC-cisterno-M90.png","datePublished":"2025-11-27T10:07:17+00:00","dateModified":"2026-01-13T12:55:18+00:00","description":"Izliv M90 (koleno 90\u00b0) za IBC cisterno S60x6 (DN50). Trodelen PP adapter s PE tesnilom za zanesljivo tesnjenje in usmerjen izliv.","breadcrumb":{"@id":"https:\/\/ibcparts.eu\/izdelek\/izliv-koleno-m90\/#breadcrumb"},"inLanguage":"hu-HU","potentialAction":[{"@type":"ReadAction","target":["https:\/\/ibcparts.eu\/izdelek\/izliv-koleno-m90\/"]}]},{"@type":"ImageObject","inLanguage":"hu-HU","@id":"https:\/\/ibcparts.eu\/izdelek\/izliv-koleno-m90\/#primaryimage","url":"https:\/\/ibcparts.eu\/wp-content\/uploads\/2025\/11\/Izliv-koleno-za-IBC-cisterno-M90.png","contentUrl":"https:\/\/ibcparts.eu\/wp-content\/uploads\/2025\/11\/Izliv-koleno-za-IBC-cisterno-M90.png","width":500,"height":500,"caption":"Izliv, koleno M90 za IBC cisterno"},{"@type":"BreadcrumbList","@id":"https:\/\/ibcparts.eu\/izdelek\/izliv-koleno-m90\/#breadcrumb","itemListElement":[{"@type":"ListItem","position":1,"name":"Home","item":"https:\/\/ibcparts.eu\/"},{"@type":"ListItem","position":2,"name":"Nakupujte","item":"https:\/\/ibcparts.eu\/nakupujte\/"},{"@type":"ListItem","position":3,"name":"Izliv \u2013 koleno M90 za IBC cisterno"}]},{"@type":"WebSite","@id":"https:\/\/ibcparts.eu\/#website","url":"https:\/\/ibcparts.eu\/","name":"IBCparts.eu","description":"","publisher":{"@id":"https:\/\/ibcparts.eu\/#organization"},"potentialAction":[{"@type":"SearchAction","target":{"@type":"EntryPoint","urlTemplate":"https:\/\/ibcparts.eu\/?s={search_term_string}"},"query-input":{"@type":"PropertyValueSpecification","valueRequired":true,"valueName":"search_term_string"}}],"inLanguage":"hu-HU"},{"@type":"Organization","@id":"https:\/\/ibcparts.eu\/#organization","name":"IBCparts","url":"https:\/\/ibcparts.eu\/","logo":{"@type":"ImageObject","inLanguage":"hu-HU","@id":"https:\/\/ibcparts.eu\/#\/schema\/logo\/image\/","url":"https:\/\/ibcparts.eu\/wp-content\/uploads\/2021\/10\/Footer-Logo.png","contentUrl":"https:\/\/ibcparts.eu\/wp-content\/uploads\/2021\/10\/Footer-Logo.png","width":1992,"height":772,"caption":"IBCparts"},"image":{"@id":"https:\/\/ibcparts.eu\/#\/schema\/logo\/image\/"}}]}},"_links":{"self":[{"href":"https:\/\/ibcparts.eu\/hu\/wp-json\/wp\/v2\/product\/18434","targetHints":{"allow":["GET"]}}],"collection":[{"href":"https:\/\/ibcparts.eu\/hu\/wp-json\/wp\/v2\/product"}],"about":[{"href":"https:\/\/ibcparts.eu\/hu\/wp-json\/wp\/v2\/types\/product"}],"version-history":[{"count":2,"href":"https:\/\/ibcparts.eu\/hu\/wp-json\/wp\/v2\/product\/18434\/revisions"}],"predecessor-version":[{"id":20162,"href":"https:\/\/ibcparts.eu\/hu\/wp-json\/wp\/v2\/product\/18434\/revisions\/20162"}],"wp:featuredmedia":[{"embeddable":true,"href":"https:\/\/ibcparts.eu\/hu\/wp-json\/wp\/v2\/media\/18438"}],"wp:attachment":[{"href":"https:\/\/ibcparts.eu\/hu\/wp-json\/wp\/v2\/media?parent=18434"}],"wp:term":[{"taxonomy":"product_brand","embeddable":true,"href":"https:\/\/ibcparts.eu\/hu\/wp-json\/wp\/v2\/product_brand?post=18434"},{"taxonomy":"product_cat","embeddable":true,"href":"https:\/\/ibcparts.eu\/hu\/wp-json\/wp\/v2\/product_cat?post=18434"},{"taxonomy":"product_tag","embeddable":true,"href":"https:\/\/ibcparts.eu\/hu\/wp-json\/wp\/v2\/product_tag?post=18434"}],"curies":[{"name":"wp","href":"https:\/\/api.w.org\/{rel}","templated":true}]}}