{"id":18404,"date":"2025-11-26T11:15:21","date_gmt":"2025-11-26T10:15:21","guid":{"rendered":"https:\/\/ibcparts.eu\/?post_type=product&#038;p=18404"},"modified":"2026-03-12T15:35:45","modified_gmt":"2026-03-12T14:35:45","slug":"reducir-s100-combo-m","status":"publish","type":"product","link":"https:\/\/ibcparts.eu\/hu\/termek\/reducir-s100-combo-m\/","title":{"rendered":"S100 COMBO M \u00e1talak\u00edt\u00f3k IBC tart\u00e1lyhoz (3\/4\u2033, 1\u2033, 5\/4\u2033, 6\/4\u2033, 2\u2033)"},"content":{"rendered":"<p class=\" translation-block\"><strong>Tan\u00e1cs:<\/strong><br>\nA beszerel\u00e9s el\u0151tt gy\u0151z\u0151dj\u00f6n meg arr\u00f3l, hogy a tart\u00e1lyszelep t\u00f6m\u00edt\u0151fel\u00fclete (ahov\u00e1 az \u00e1talak\u00edt\u00f3 ker\u00fcl) sima \u00e9s s\u00e9rtetlen. Az \u00faj tart\u00e1lyokon alum\u00ednium z\u00e1r\u00f3plomba tal\u00e1lhat\u00f3 a szelepny\u00edl\u00e1son \u2013 ha ezt fel\u00fcletesen t\u00e1vol\u00edtj\u00e1k el, az gyenge t\u00f6m\u00edt\u00e9st okozhat. Az \u00e1talak\u00edt\u00f3 els\u0151 felszerel\u00e9se el\u0151tt minden egyenetlens\u00e9get t\u00e1vol\u00edtson el vagy csiszoljon le csiszol\u00f3pap\u00edrral a szelepen.<\/p>","protected":false},"excerpt":{"rendered":"<h1 data-start=\"213\" data-end=\"282\">S100 COMBO M \u00e1talak\u00edt\u00f3k k\u00fcls\u0151 (f\u00e9rfi) BSP menettel IBC tart\u00e1lyhoz<\/h1>\n<p data-start=\"284\" data-end=\"763\">Reducirji S100 COMBO M so zelo mo\u010dni reducirji za IBC cisterne z ventilom in navojem S100x8 (fi 97\u2013100 mm, grobi navoj). Uporabljajo se kot <strong data-start=\"436\" data-end=\"482\">adapter oziroma priklju\u010dek za IBC cisterno<\/strong> pri povezovanju cevi, ventilov ali drugih sistemov z zunanjim (mo\u0161kim) BSP navojem v razli\u010dnih dimenzijah. Izdelani so iz materiala PP in imajo EPDM tesnilo, ki zagotavlja <strong data-start=\"654\" data-end=\"721\">zanesljivo tesnjenje tudi pri manj\u0161ih nepravilnostih na ventilu<\/strong> ter stabilno uporabo pri ve\u010djih pretokih.<\/p>\n<p data-start=\"284\" data-end=\"763\">\u2705 Za ta adapter smo razvili <strong data-start=\"176\" data-end=\"196\">novo PVC tesnilo<\/strong>, ki zagotavlja zanesljivo tesnjenje tudi v hladnej\u0161ih pogojih \u2013 testirano do <strong data-start=\"274\" data-end=\"283\">-5 \u00b0C<\/strong>.<\/p>\n<p data-start=\"765\" data-end=\"786\">M\u0171szaki jellemz\u0151k<\/p>\n<ul>\n<li><strong>Anyag:<\/strong> zelo mo\u010dna plastika (PP)<\/li>\n<li class=\" translation-block\"><strong>Menett\u00edpus:<\/strong> S100x8 (IBC tart\u00e1lyhoz menetes csatlakoz\u00e1ssal vagy szeleppel \u00d8 97\u2013100 mm, durva menet \u2013 a k\u00fcls\u0151 \u00e1tm\u00e9r\u0151t menettel egy\u00fctt kell m\u00e9rni).<\/li>\n<li><strong>Menetir\u00e1ny\u00fas\u00e1g:<\/strong> 8mm.\u200b<\/li>\n<li><strong>T\u00f6m\u00edt\u00e9s:<\/strong> \u010disti PVC; na voljo tudi 100% EPDM guma<\/li>\n<li><strong>Sz\u00edn:<\/strong> Fekete<\/li>\n<li>Aan de andere zijde bevindt zich een externe (mannelijke) BSP-schroefdraad in meerdere maten.<\/li>\n<\/ul>\n<p><strong>M\u00e9retv\u00e1laszt\u00e9k:<\/strong><\/p>\n<ul>\n<li><strong>3\/4<\/strong><strong>&#8220;<\/strong><\/li>\n<li><strong>1&#8243;<\/strong><\/li>\n<li><strong>5\/4&#8243;<\/strong><\/li>\n<li><strong>6\/4&#8243;<\/strong><\/li>\n<li><strong>2<\/strong><strong>&#8220;<\/strong><\/li>\n<\/ul>\n<p>\u2705 Za uporabo v proizvodnih procesih, kjer se pretakajo <strong data-start=\"443\" data-end=\"496\">smole ali drugi mediji pri povi\u0161anih temperaturah<\/strong>, so pri nas na voljo tudi <strong data-start=\"515\" data-end=\"568\">silikonska ter druga temperaturno odporna tesnila<\/strong> za ta adapter.<\/p>","protected":false},"featured_media":18410,"template":"","meta":[],"product_brand":[],"product_cat":[170,303],"product_tag":[379],"class_list":{"0":"post-18404","1":"product","2":"type-product","3":"status-publish","4":"has-post-thumbnail","6":"product_cat-reducirji-in-prikljucki-za-ibc","7":"product_cat-s100x8","8":"product_tag-reducir-s100-combo-za-ibc-cisterno","10":"first","11":"instock","12":"shipping-taxable","13":"purchasable","14":"product-type-variable"},"yoast_head":"<!-- This site is optimized with the Yoast SEO plugin v27.1.1 - https:\/\/yoast.com\/product\/yoast-seo-wordpress\/ -->\n<title>Reducirji S100 COMBO M za IBC cisterno (3\/4\u2033, 1\u2033, 5\/4\u2033, 6\/4\u2033, 2\u2033) | IBCparts.eu<\/title>\n<meta name=\"description\" content=\"Reducir za IBC cisterno z navojem ali ventilom fi 97-100mm. Navoj S100x8. Velikosti navojev. (3\/4&quot;, 1&quot;,\u00a02&quot;). Tesnilo: EPDM\" \/>\n<meta name=\"robots\" content=\"index, follow, max-snippet:-1, max-image-preview:large, max-video-preview:-1\" \/>\n<link rel=\"canonical\" href=\"https:\/\/ibcparts.eu\/hu\/termek\/reducir-s100-combo-m\/\" \/>\n<meta property=\"og:locale\" content=\"hu_HU\" \/>\n<meta property=\"og:type\" content=\"article\" \/>\n<meta property=\"og:title\" content=\"Reducirji S100 COMBO M za IBC cisterno (3\/4\u2033, 1\u2033, 5\/4\u2033, 6\/4\u2033, 2\u2033) | IBCparts.eu\" \/>\n<meta property=\"og:description\" content=\"Reducir za IBC cisterno z navojem ali ventilom fi 97-100mm. Navoj S100x8. Velikosti navojev. (3\/4&quot;, 1&quot;,\u00a02&quot;). Tesnilo: EPDM\" \/>\n<meta property=\"og:url\" content=\"https:\/\/ibcparts.eu\/hu\/termek\/reducir-s100-combo-m\/\" \/>\n<meta property=\"og:site_name\" content=\"IBCparts.eu\" \/>\n<meta property=\"article:modified_time\" content=\"2026-03-12T14:35:45+00:00\" \/>\n<meta property=\"og:image\" content=\"https:\/\/ibcparts.eu\/wp-content\/uploads\/2025\/11\/Reducir-S100-combo-M-za-IBC-cisterno-2.png\" \/>\n\t<meta property=\"og:image:width\" content=\"500\" \/>\n\t<meta property=\"og:image:height\" content=\"500\" \/>\n\t<meta property=\"og:image:type\" content=\"image\/png\" \/>\n<meta name=\"twitter:card\" content=\"summary_large_image\" \/>\n<script type=\"application\/ld+json\" class=\"yoast-schema-graph\">{\"@context\":\"https:\/\/schema.org\",\"@graph\":[{\"@type\":\"WebPage\",\"@id\":\"https:\/\/ibcparts.eu\/izdelek\/reducir-s100-combo-m\/\",\"url\":\"https:\/\/ibcparts.eu\/izdelek\/reducir-s100-combo-m\/\",\"name\":\"Reducirji S100 COMBO M za IBC cisterno (3\/4\u2033, 1\u2033, 5\/4\u2033, 6\/4\u2033, 2\u2033) | IBCparts.eu\",\"isPartOf\":{\"@id\":\"https:\/\/ibcparts.eu\/#website\"},\"primaryImageOfPage\":{\"@id\":\"https:\/\/ibcparts.eu\/izdelek\/reducir-s100-combo-m\/#primaryimage\"},\"image\":{\"@id\":\"https:\/\/ibcparts.eu\/izdelek\/reducir-s100-combo-m\/#primaryimage\"},\"thumbnailUrl\":\"https:\/\/ibcparts.eu\/wp-content\/uploads\/2025\/11\/Reducir-S100-combo-M-za-IBC-cisterno-2.png\",\"datePublished\":\"2025-11-26T10:15:21+00:00\",\"dateModified\":\"2026-03-12T14:35:45+00:00\",\"description\":\"Reducir za IBC cisterno z navojem ali ventilom fi 97-100mm. Navoj S100x8. Velikosti navojev. (3\/4\\\", 1\\\",\u00a02\\\"). Tesnilo: EPDM\",\"breadcrumb\":{\"@id\":\"https:\/\/ibcparts.eu\/izdelek\/reducir-s100-combo-m\/#breadcrumb\"},\"inLanguage\":\"hu-HU\",\"potentialAction\":[{\"@type\":\"ReadAction\",\"target\":[\"https:\/\/ibcparts.eu\/izdelek\/reducir-s100-combo-m\/\"]}]},{\"@type\":\"ImageObject\",\"inLanguage\":\"hu-HU\",\"@id\":\"https:\/\/ibcparts.eu\/izdelek\/reducir-s100-combo-m\/#primaryimage\",\"url\":\"https:\/\/ibcparts.eu\/wp-content\/uploads\/2025\/11\/Reducir-S100-combo-M-za-IBC-cisterno-2.png\",\"contentUrl\":\"https:\/\/ibcparts.eu\/wp-content\/uploads\/2025\/11\/Reducir-S100-combo-M-za-IBC-cisterno-2.png\",\"width\":500,\"height\":500,\"caption\":\"Reducir S100 combo M za IBC cisterno\"},{\"@type\":\"BreadcrumbList\",\"@id\":\"https:\/\/ibcparts.eu\/izdelek\/reducir-s100-combo-m\/#breadcrumb\",\"itemListElement\":[{\"@type\":\"ListItem\",\"position\":1,\"name\":\"Home\",\"item\":\"https:\/\/ibcparts.eu\/\"},{\"@type\":\"ListItem\",\"position\":2,\"name\":\"Nakupujte\",\"item\":\"https:\/\/ibcparts.eu\/nakupujte\/\"},{\"@type\":\"ListItem\",\"position\":3,\"name\":\"Reducirji S100 COMBO M za IBC cisterno (3\/4\u2033, 1\u2033, 5\/4\u2033, 6\/4\u2033, 2\u2033)\"}]},{\"@type\":\"WebSite\",\"@id\":\"https:\/\/ibcparts.eu\/#website\",\"url\":\"https:\/\/ibcparts.eu\/\",\"name\":\"IBCparts.eu\",\"description\":\"\",\"publisher\":{\"@id\":\"https:\/\/ibcparts.eu\/#organization\"},\"potentialAction\":[{\"@type\":\"SearchAction\",\"target\":{\"@type\":\"EntryPoint\",\"urlTemplate\":\"https:\/\/ibcparts.eu\/?s={search_term_string}\"},\"query-input\":{\"@type\":\"PropertyValueSpecification\",\"valueRequired\":true,\"valueName\":\"search_term_string\"}}],\"inLanguage\":\"hu-HU\"},{\"@type\":\"Organization\",\"@id\":\"https:\/\/ibcparts.eu\/#organization\",\"name\":\"IBCparts\",\"url\":\"https:\/\/ibcparts.eu\/\",\"logo\":{\"@type\":\"ImageObject\",\"inLanguage\":\"hu-HU\",\"@id\":\"https:\/\/ibcparts.eu\/#\/schema\/logo\/image\/\",\"url\":\"https:\/\/ibcparts.eu\/wp-content\/uploads\/2021\/10\/Footer-Logo.png\",\"contentUrl\":\"https:\/\/ibcparts.eu\/wp-content\/uploads\/2021\/10\/Footer-Logo.png\",\"width\":1992,\"height\":772,\"caption\":\"IBCparts\"},\"image\":{\"@id\":\"https:\/\/ibcparts.eu\/#\/schema\/logo\/image\/\"}}]}<\/script>\n<!-- \/ Yoast SEO plugin. -->","yoast_head_json":{"title":"Reducirji S100 COMBO M za IBC cisterno (3\/4\u2033, 1\u2033, 5\/4\u2033, 6\/4\u2033, 2\u2033) | IBCparts.eu","description":"Reducir za IBC cisterno z navojem ali ventilom fi 97-100mm. Navoj S100x8. Velikosti navojev. (3\/4\", 1\",\u00a02\"). Tesnilo: EPDM","robots":{"index":"index","follow":"follow","max-snippet":"max-snippet:-1","max-image-preview":"max-image-preview:large","max-video-preview":"max-video-preview:-1"},"canonical":"https:\/\/ibcparts.eu\/hu\/termek\/reducir-s100-combo-m\/","og_locale":"hu_HU","og_type":"article","og_title":"Reducirji S100 COMBO M za IBC cisterno (3\/4\u2033, 1\u2033, 5\/4\u2033, 6\/4\u2033, 2\u2033) | IBCparts.eu","og_description":"Reducir za IBC cisterno z navojem ali ventilom fi 97-100mm. Navoj S100x8. Velikosti navojev. (3\/4\", 1\",\u00a02\"). Tesnilo: EPDM","og_url":"https:\/\/ibcparts.eu\/hu\/termek\/reducir-s100-combo-m\/","og_site_name":"IBCparts.eu","article_modified_time":"2026-03-12T14:35:45+00:00","og_image":[{"width":500,"height":500,"url":"https:\/\/ibcparts.eu\/wp-content\/uploads\/2025\/11\/Reducir-S100-combo-M-za-IBC-cisterno-2.png","type":"image\/png"}],"twitter_card":"summary_large_image","schema":{"@context":"https:\/\/schema.org","@graph":[{"@type":"WebPage","@id":"https:\/\/ibcparts.eu\/izdelek\/reducir-s100-combo-m\/","url":"https:\/\/ibcparts.eu\/izdelek\/reducir-s100-combo-m\/","name":"Reducirji S100 COMBO M za IBC cisterno (3\/4\u2033, 1\u2033, 5\/4\u2033, 6\/4\u2033, 2\u2033) | IBCparts.eu","isPartOf":{"@id":"https:\/\/ibcparts.eu\/#website"},"primaryImageOfPage":{"@id":"https:\/\/ibcparts.eu\/izdelek\/reducir-s100-combo-m\/#primaryimage"},"image":{"@id":"https:\/\/ibcparts.eu\/izdelek\/reducir-s100-combo-m\/#primaryimage"},"thumbnailUrl":"https:\/\/ibcparts.eu\/wp-content\/uploads\/2025\/11\/Reducir-S100-combo-M-za-IBC-cisterno-2.png","datePublished":"2025-11-26T10:15:21+00:00","dateModified":"2026-03-12T14:35:45+00:00","description":"Reducir za IBC cisterno z navojem ali ventilom fi 97-100mm. Navoj S100x8. Velikosti navojev. (3\/4\", 1\",\u00a02\"). Tesnilo: EPDM","breadcrumb":{"@id":"https:\/\/ibcparts.eu\/izdelek\/reducir-s100-combo-m\/#breadcrumb"},"inLanguage":"hu-HU","potentialAction":[{"@type":"ReadAction","target":["https:\/\/ibcparts.eu\/izdelek\/reducir-s100-combo-m\/"]}]},{"@type":"ImageObject","inLanguage":"hu-HU","@id":"https:\/\/ibcparts.eu\/izdelek\/reducir-s100-combo-m\/#primaryimage","url":"https:\/\/ibcparts.eu\/wp-content\/uploads\/2025\/11\/Reducir-S100-combo-M-za-IBC-cisterno-2.png","contentUrl":"https:\/\/ibcparts.eu\/wp-content\/uploads\/2025\/11\/Reducir-S100-combo-M-za-IBC-cisterno-2.png","width":500,"height":500,"caption":"Reducir S100 combo M za IBC cisterno"},{"@type":"BreadcrumbList","@id":"https:\/\/ibcparts.eu\/izdelek\/reducir-s100-combo-m\/#breadcrumb","itemListElement":[{"@type":"ListItem","position":1,"name":"Home","item":"https:\/\/ibcparts.eu\/"},{"@type":"ListItem","position":2,"name":"Nakupujte","item":"https:\/\/ibcparts.eu\/nakupujte\/"},{"@type":"ListItem","position":3,"name":"Reducirji S100 COMBO M za IBC cisterno (3\/4\u2033, 1\u2033, 5\/4\u2033, 6\/4\u2033, 2\u2033)"}]},{"@type":"WebSite","@id":"https:\/\/ibcparts.eu\/#website","url":"https:\/\/ibcparts.eu\/","name":"IBCparts.eu","description":"","publisher":{"@id":"https:\/\/ibcparts.eu\/#organization"},"potentialAction":[{"@type":"SearchAction","target":{"@type":"EntryPoint","urlTemplate":"https:\/\/ibcparts.eu\/?s={search_term_string}"},"query-input":{"@type":"PropertyValueSpecification","valueRequired":true,"valueName":"search_term_string"}}],"inLanguage":"hu-HU"},{"@type":"Organization","@id":"https:\/\/ibcparts.eu\/#organization","name":"IBCparts","url":"https:\/\/ibcparts.eu\/","logo":{"@type":"ImageObject","inLanguage":"hu-HU","@id":"https:\/\/ibcparts.eu\/#\/schema\/logo\/image\/","url":"https:\/\/ibcparts.eu\/wp-content\/uploads\/2021\/10\/Footer-Logo.png","contentUrl":"https:\/\/ibcparts.eu\/wp-content\/uploads\/2021\/10\/Footer-Logo.png","width":1992,"height":772,"caption":"IBCparts"},"image":{"@id":"https:\/\/ibcparts.eu\/#\/schema\/logo\/image\/"}}]}},"_links":{"self":[{"href":"https:\/\/ibcparts.eu\/hu\/wp-json\/wp\/v2\/product\/18404","targetHints":{"allow":["GET"]}}],"collection":[{"href":"https:\/\/ibcparts.eu\/hu\/wp-json\/wp\/v2\/product"}],"about":[{"href":"https:\/\/ibcparts.eu\/hu\/wp-json\/wp\/v2\/types\/product"}],"version-history":[{"count":3,"href":"https:\/\/ibcparts.eu\/hu\/wp-json\/wp\/v2\/product\/18404\/revisions"}],"predecessor-version":[{"id":20761,"href":"https:\/\/ibcparts.eu\/hu\/wp-json\/wp\/v2\/product\/18404\/revisions\/20761"}],"wp:featuredmedia":[{"embeddable":true,"href":"https:\/\/ibcparts.eu\/hu\/wp-json\/wp\/v2\/media\/18410"}],"wp:attachment":[{"href":"https:\/\/ibcparts.eu\/hu\/wp-json\/wp\/v2\/media?parent=18404"}],"wp:term":[{"taxonomy":"product_brand","embeddable":true,"href":"https:\/\/ibcparts.eu\/hu\/wp-json\/wp\/v2\/product_brand?post=18404"},{"taxonomy":"product_cat","embeddable":true,"href":"https:\/\/ibcparts.eu\/hu\/wp-json\/wp\/v2\/product_cat?post=18404"},{"taxonomy":"product_tag","embeddable":true,"href":"https:\/\/ibcparts.eu\/hu\/wp-json\/wp\/v2\/product_tag?post=18404"}],"curies":[{"name":"wp","href":"https:\/\/api.w.org\/{rel}","templated":true}]}}