{"id":18368,"date":"2025-11-25T18:03:30","date_gmt":"2025-11-25T17:03:30","guid":{"rendered":"https:\/\/ibcparts.eu\/?post_type=product&#038;p=18368"},"modified":"2026-01-13T13:54:52","modified_gmt":"2026-01-13T12:54:52","slug":"reducir-sol-16","status":"publish","type":"product","link":"https:\/\/ibcparts.eu\/hu\/termek\/reducir-sol-16\/","title":{"rendered":"SOL 16 reduktor IBC tart\u00e1lyhoz S60x6 (DN50)"},"content":{"rendered":"<div class=\"woocommerce-product-details__short-description\">\n<p>\u200b\u200bReducir SOL s 16mm priklju\u010dkom za direktno priklopitev vrtne cevi na IBC cisterno. Za cisterne z ventilom fi 55-62mm, grobi navoj S60x6 (DN50). To je najpogostej\u0161i tip ventila na IBC cisternah.<\/p>\n<p>&nbsp;<\/p>\n<\/div>\n<div class=\"btn-atc atc-popup\"><\/div>","protected":false},"excerpt":{"rendered":"<h2 data-start=\"150\" data-end=\"223\">SOL 16 reduktor 16 mm-es kerti t\u00f6ml\u0151csatlakoz\u00e1ssal IBC tart\u00e1lyhoz<\/h2>\n<p data-start=\"225\" data-end=\"577\" class=\" translation-block\">A SOL 16 reduktor 16 mm \u00e1tm\u00e9r\u0151j\u0171 kerti t\u00f6ml\u0151 k\u00f6zvetlen csatlakoztat\u00e1s\u00e1ra szolg\u00e1l IBC tart\u00e1lyhoz. Olyan IBC tart\u00e1lyokon haszn\u00e1lhat\u00f3, amelyek 55\u201362 mm \u00e1tm\u00e9r\u0151j\u0171 szeleppel \u00e9s S60x6 (DN50) durva menettel rendelkeznek. HDPE anyagb\u00f3l k\u00e9sz\u00fclt, bels\u0151 PE hab t\u00f6m\u00edt\u00e9ssel, amely <strong>megb\u00edzhat\u00f3 t\u00f6m\u00edt\u00e9st biztos\u00edt m\u00e9g kisebb egyenetlens\u00e9gek eset\u00e9n is a szelepen<\/strong>.<\/p>\n<p data-start=\"579\" data-end=\"600\">M\u0171szaki jellemz\u0151k<\/p>\n<ul>\n<li data-start=\"603\" data-end=\"650\">Term\u00e9kt\u00edpus: reduktor k\u00f6zvetlen t\u00f6ml\u0151csatlakoz\u00e1shoz<\/li>\n<li data-start=\"653\" data-end=\"674\">T\u00f6ml\u0151csatlakoz\u00e1s: 16 mm<\/li>\n<li data-start=\"677\" data-end=\"716\">Menett\u00edpus: S60x6 (DN50), durva menet<\/li>\n<li data-start=\"719\" data-end=\"753\">Alkalmas szelepekhez: \u00d8 55\u201362 mm<\/li>\n<li data-start=\"756\" data-end=\"772\">Anyag: HDPE<\/li>\n<li data-start=\"775\" data-end=\"790\">Sz\u00edn: z\u00f6ld<\/li>\n<li data-start=\"793\" data-end=\"830\">T\u00f6m\u00edt\u00e9s: bels\u0151 oldalon PE hab<\/li>\n<\/ul>\n<p data-start=\"832\" data-end=\"920\" class=\" translation-block\">Tov\u00e1bbi inform\u00e1ci\u00f3k:<br>\nProfesszion\u00e1lis felhaszn\u00e1l\u00e1sra AVA vagy PRO reduktorok haszn\u00e1lat\u00e1t javasoljuk.<\/p>","protected":false},"featured_media":18370,"template":"","meta":[],"product_brand":[],"product_cat":[170,298],"product_tag":[278,277,275,273,274,272,321,276],"class_list":{"0":"post-18368","1":"product","2":"type-product","3":"status-publish","4":"has-post-thumbnail","6":"product_cat-reducirji-in-prikljucki-za-ibc","7":"product_cat-prikljucki-za-cisterno-z-navojem-s60x6","8":"product_tag-adapter-for-ibc-container","9":"product_tag-adapter-za-1000l","10":"product_tag-adapter-za-kontejner","11":"product_tag-cep-za-cisterno","12":"product_tag-cep-za-ibc","13":"product_tag-ibc-adapter","14":"product_tag-reducir-za-ibc-cisterno","15":"product_tag-reducir-za-kontejner","17":"first","18":"instock","19":"shipping-taxable","20":"purchasable","21":"product-type-simple"},"yoast_head":"<!-- This site is optimized with the Yoast SEO plugin v27.1.1 - https:\/\/yoast.com\/product\/yoast-seo-wordpress\/ -->\n<title>Reducir SOL 16 za IBC cisterno S60x6 (DN50) | IBCparts.eu<\/title>\n<meta name=\"description\" content=\"Reducir SOL 16 za IBC cisterno S60x6 (DN50) za direkten priklop 16 mm vrtne cevi. Iz HDPE, s tesnilom iz PE pene za zanesljivo tesnjenje.\" \/>\n<meta name=\"robots\" content=\"index, follow, max-snippet:-1, max-image-preview:large, max-video-preview:-1\" \/>\n<link rel=\"canonical\" href=\"https:\/\/ibcparts.eu\/hu\/termek\/reducir-sol-16\/\" \/>\n<meta property=\"og:locale\" content=\"hu_HU\" \/>\n<meta property=\"og:type\" content=\"article\" \/>\n<meta property=\"og:title\" content=\"Reducir SOL 16 za IBC cisterno S60x6 (DN50) | IBCparts.eu\" \/>\n<meta property=\"og:description\" content=\"Reducir SOL 16 za IBC cisterno S60x6 (DN50) za direkten priklop 16 mm vrtne cevi. Iz HDPE, s tesnilom iz PE pene za zanesljivo tesnjenje.\" \/>\n<meta property=\"og:url\" content=\"https:\/\/ibcparts.eu\/hu\/termek\/reducir-sol-16\/\" \/>\n<meta property=\"og:site_name\" content=\"IBCparts.eu\" \/>\n<meta property=\"article:modified_time\" content=\"2026-01-13T12:54:52+00:00\" \/>\n<meta property=\"og:image\" content=\"https:\/\/ibcparts.eu\/wp-content\/uploads\/2025\/11\/20251125_172439-removebg-preview-min.png\" \/>\n\t<meta property=\"og:image:width\" content=\"500\" \/>\n\t<meta property=\"og:image:height\" content=\"500\" \/>\n\t<meta property=\"og:image:type\" content=\"image\/png\" \/>\n<meta name=\"twitter:card\" content=\"summary_large_image\" \/>\n<meta name=\"twitter:label1\" content=\"Est. reading time\" \/>\n\t<meta name=\"twitter:data1\" content=\"3 minutes\" \/>\n<script type=\"application\/ld+json\" class=\"yoast-schema-graph\">{\"@context\":\"https:\/\/schema.org\",\"@graph\":[{\"@type\":\"WebPage\",\"@id\":\"https:\/\/ibcparts.eu\/izdelek\/reducir-sol-16\/\",\"url\":\"https:\/\/ibcparts.eu\/izdelek\/reducir-sol-16\/\",\"name\":\"Reducir SOL 16 za IBC cisterno S60x6 (DN50) | IBCparts.eu\",\"isPartOf\":{\"@id\":\"https:\/\/ibcparts.eu\/#website\"},\"primaryImageOfPage\":{\"@id\":\"https:\/\/ibcparts.eu\/izdelek\/reducir-sol-16\/#primaryimage\"},\"image\":{\"@id\":\"https:\/\/ibcparts.eu\/izdelek\/reducir-sol-16\/#primaryimage\"},\"thumbnailUrl\":\"https:\/\/ibcparts.eu\/wp-content\/uploads\/2025\/11\/20251125_172439-removebg-preview-min.png\",\"datePublished\":\"2025-11-25T17:03:30+00:00\",\"dateModified\":\"2026-01-13T12:54:52+00:00\",\"description\":\"Reducir SOL 16 za IBC cisterno S60x6 (DN50) za direkten priklop 16 mm vrtne cevi. Iz HDPE, s tesnilom iz PE pene za zanesljivo tesnjenje.\",\"breadcrumb\":{\"@id\":\"https:\/\/ibcparts.eu\/izdelek\/reducir-sol-16\/#breadcrumb\"},\"inLanguage\":\"hu-HU\",\"potentialAction\":[{\"@type\":\"ReadAction\",\"target\":[\"https:\/\/ibcparts.eu\/izdelek\/reducir-sol-16\/\"]}]},{\"@type\":\"ImageObject\",\"inLanguage\":\"hu-HU\",\"@id\":\"https:\/\/ibcparts.eu\/izdelek\/reducir-sol-16\/#primaryimage\",\"url\":\"https:\/\/ibcparts.eu\/wp-content\/uploads\/2025\/11\/20251125_172439-removebg-preview-min.png\",\"contentUrl\":\"https:\/\/ibcparts.eu\/wp-content\/uploads\/2025\/11\/20251125_172439-removebg-preview-min.png\",\"width\":500,\"height\":500,\"caption\":\"Reducir SOL s 16mm priklju\u010dkom\"},{\"@type\":\"BreadcrumbList\",\"@id\":\"https:\/\/ibcparts.eu\/izdelek\/reducir-sol-16\/#breadcrumb\",\"itemListElement\":[{\"@type\":\"ListItem\",\"position\":1,\"name\":\"Home\",\"item\":\"https:\/\/ibcparts.eu\/\"},{\"@type\":\"ListItem\",\"position\":2,\"name\":\"Nakupujte\",\"item\":\"https:\/\/ibcparts.eu\/nakupujte\/\"},{\"@type\":\"ListItem\",\"position\":3,\"name\":\"Reducir SOL 16 za IBC cisterno S60x6 (DN50)\"}]},{\"@type\":\"WebSite\",\"@id\":\"https:\/\/ibcparts.eu\/#website\",\"url\":\"https:\/\/ibcparts.eu\/\",\"name\":\"IBCparts.eu\",\"description\":\"\",\"publisher\":{\"@id\":\"https:\/\/ibcparts.eu\/#organization\"},\"potentialAction\":[{\"@type\":\"SearchAction\",\"target\":{\"@type\":\"EntryPoint\",\"urlTemplate\":\"https:\/\/ibcparts.eu\/?s={search_term_string}\"},\"query-input\":{\"@type\":\"PropertyValueSpecification\",\"valueRequired\":true,\"valueName\":\"search_term_string\"}}],\"inLanguage\":\"hu-HU\"},{\"@type\":\"Organization\",\"@id\":\"https:\/\/ibcparts.eu\/#organization\",\"name\":\"IBCparts\",\"url\":\"https:\/\/ibcparts.eu\/\",\"logo\":{\"@type\":\"ImageObject\",\"inLanguage\":\"hu-HU\",\"@id\":\"https:\/\/ibcparts.eu\/#\/schema\/logo\/image\/\",\"url\":\"https:\/\/ibcparts.eu\/wp-content\/uploads\/2021\/10\/Footer-Logo.png\",\"contentUrl\":\"https:\/\/ibcparts.eu\/wp-content\/uploads\/2021\/10\/Footer-Logo.png\",\"width\":1992,\"height\":772,\"caption\":\"IBCparts\"},\"image\":{\"@id\":\"https:\/\/ibcparts.eu\/#\/schema\/logo\/image\/\"}}]}<\/script>\n<!-- \/ Yoast SEO plugin. -->","yoast_head_json":{"title":"Reducir SOL 16 za IBC cisterno S60x6 (DN50) | IBCparts.eu","description":"Reducir SOL 16 za IBC cisterno S60x6 (DN50) za direkten priklop 16 mm vrtne cevi. Iz HDPE, s tesnilom iz PE pene za zanesljivo tesnjenje.","robots":{"index":"index","follow":"follow","max-snippet":"max-snippet:-1","max-image-preview":"max-image-preview:large","max-video-preview":"max-video-preview:-1"},"canonical":"https:\/\/ibcparts.eu\/hu\/termek\/reducir-sol-16\/","og_locale":"hu_HU","og_type":"article","og_title":"Reducir SOL 16 za IBC cisterno S60x6 (DN50) | IBCparts.eu","og_description":"Reducir SOL 16 za IBC cisterno S60x6 (DN50) za direkten priklop 16 mm vrtne cevi. Iz HDPE, s tesnilom iz PE pene za zanesljivo tesnjenje.","og_url":"https:\/\/ibcparts.eu\/hu\/termek\/reducir-sol-16\/","og_site_name":"IBCparts.eu","article_modified_time":"2026-01-13T12:54:52+00:00","og_image":[{"width":500,"height":500,"url":"https:\/\/ibcparts.eu\/wp-content\/uploads\/2025\/11\/20251125_172439-removebg-preview-min.png","type":"image\/png"}],"twitter_card":"summary_large_image","twitter_misc":{"Est. reading time":"3 minutes"},"schema":{"@context":"https:\/\/schema.org","@graph":[{"@type":"WebPage","@id":"https:\/\/ibcparts.eu\/izdelek\/reducir-sol-16\/","url":"https:\/\/ibcparts.eu\/izdelek\/reducir-sol-16\/","name":"Reducir SOL 16 za IBC cisterno S60x6 (DN50) | IBCparts.eu","isPartOf":{"@id":"https:\/\/ibcparts.eu\/#website"},"primaryImageOfPage":{"@id":"https:\/\/ibcparts.eu\/izdelek\/reducir-sol-16\/#primaryimage"},"image":{"@id":"https:\/\/ibcparts.eu\/izdelek\/reducir-sol-16\/#primaryimage"},"thumbnailUrl":"https:\/\/ibcparts.eu\/wp-content\/uploads\/2025\/11\/20251125_172439-removebg-preview-min.png","datePublished":"2025-11-25T17:03:30+00:00","dateModified":"2026-01-13T12:54:52+00:00","description":"Reducir SOL 16 za IBC cisterno S60x6 (DN50) za direkten priklop 16 mm vrtne cevi. Iz HDPE, s tesnilom iz PE pene za zanesljivo tesnjenje.","breadcrumb":{"@id":"https:\/\/ibcparts.eu\/izdelek\/reducir-sol-16\/#breadcrumb"},"inLanguage":"hu-HU","potentialAction":[{"@type":"ReadAction","target":["https:\/\/ibcparts.eu\/izdelek\/reducir-sol-16\/"]}]},{"@type":"ImageObject","inLanguage":"hu-HU","@id":"https:\/\/ibcparts.eu\/izdelek\/reducir-sol-16\/#primaryimage","url":"https:\/\/ibcparts.eu\/wp-content\/uploads\/2025\/11\/20251125_172439-removebg-preview-min.png","contentUrl":"https:\/\/ibcparts.eu\/wp-content\/uploads\/2025\/11\/20251125_172439-removebg-preview-min.png","width":500,"height":500,"caption":"Reducir SOL s 16mm priklju\u010dkom"},{"@type":"BreadcrumbList","@id":"https:\/\/ibcparts.eu\/izdelek\/reducir-sol-16\/#breadcrumb","itemListElement":[{"@type":"ListItem","position":1,"name":"Home","item":"https:\/\/ibcparts.eu\/"},{"@type":"ListItem","position":2,"name":"Nakupujte","item":"https:\/\/ibcparts.eu\/nakupujte\/"},{"@type":"ListItem","position":3,"name":"Reducir SOL 16 za IBC cisterno S60x6 (DN50)"}]},{"@type":"WebSite","@id":"https:\/\/ibcparts.eu\/#website","url":"https:\/\/ibcparts.eu\/","name":"IBCparts.eu","description":"","publisher":{"@id":"https:\/\/ibcparts.eu\/#organization"},"potentialAction":[{"@type":"SearchAction","target":{"@type":"EntryPoint","urlTemplate":"https:\/\/ibcparts.eu\/?s={search_term_string}"},"query-input":{"@type":"PropertyValueSpecification","valueRequired":true,"valueName":"search_term_string"}}],"inLanguage":"hu-HU"},{"@type":"Organization","@id":"https:\/\/ibcparts.eu\/#organization","name":"IBCparts","url":"https:\/\/ibcparts.eu\/","logo":{"@type":"ImageObject","inLanguage":"hu-HU","@id":"https:\/\/ibcparts.eu\/#\/schema\/logo\/image\/","url":"https:\/\/ibcparts.eu\/wp-content\/uploads\/2021\/10\/Footer-Logo.png","contentUrl":"https:\/\/ibcparts.eu\/wp-content\/uploads\/2021\/10\/Footer-Logo.png","width":1992,"height":772,"caption":"IBCparts"},"image":{"@id":"https:\/\/ibcparts.eu\/#\/schema\/logo\/image\/"}}]}},"_links":{"self":[{"href":"https:\/\/ibcparts.eu\/hu\/wp-json\/wp\/v2\/product\/18368","targetHints":{"allow":["GET"]}}],"collection":[{"href":"https:\/\/ibcparts.eu\/hu\/wp-json\/wp\/v2\/product"}],"about":[{"href":"https:\/\/ibcparts.eu\/hu\/wp-json\/wp\/v2\/types\/product"}],"version-history":[{"count":3,"href":"https:\/\/ibcparts.eu\/hu\/wp-json\/wp\/v2\/product\/18368\/revisions"}],"predecessor-version":[{"id":20160,"href":"https:\/\/ibcparts.eu\/hu\/wp-json\/wp\/v2\/product\/18368\/revisions\/20160"}],"wp:featuredmedia":[{"embeddable":true,"href":"https:\/\/ibcparts.eu\/hu\/wp-json\/wp\/v2\/media\/18370"}],"wp:attachment":[{"href":"https:\/\/ibcparts.eu\/hu\/wp-json\/wp\/v2\/media?parent=18368"}],"wp:term":[{"taxonomy":"product_brand","embeddable":true,"href":"https:\/\/ibcparts.eu\/hu\/wp-json\/wp\/v2\/product_brand?post=18368"},{"taxonomy":"product_cat","embeddable":true,"href":"https:\/\/ibcparts.eu\/hu\/wp-json\/wp\/v2\/product_cat?post=18368"},{"taxonomy":"product_tag","embeddable":true,"href":"https:\/\/ibcparts.eu\/hu\/wp-json\/wp\/v2\/product_tag?post=18368"}],"curies":[{"name":"wp","href":"https:\/\/api.w.org\/{rel}","templated":true}]}}