{"id":18292,"date":"2025-11-24T08:13:18","date_gmt":"2025-11-24T07:13:18","guid":{"rendered":"https:\/\/ibcparts.eu\/?post_type=product&#038;p=18292"},"modified":"2025-11-24T08:29:52","modified_gmt":"2025-11-24T07:29:52","slug":"grelni-plasc-za-1000l-ibc-cisterno-farmacija","status":"publish","type":"product","link":"https:\/\/ibcparts.eu\/hu\/termek\/futopeny-1000l-ibc-tartalyhoz-gyogyszeripar\/","title":{"rendered":"Grelni pla\u0161\u010d za 1000L IBC cisterno za \u017eivilsko in farmacevtsko uporabo"},"content":{"rendered":"","protected":false},"excerpt":{"rendered":"<p>Grelni pla\u0161\u010d za IBC cisterno za uporabo v \u017eivilski in farmacevtski industriji je popolna re\u0161itev, ko \u017eelite hitro in u\u010dinkovito segrevanje teko\u010din in materialov.<\/p>\n<p>S silikonom impregnirana steklena vlakna (odobrena s strani FDA za uporabo v prehrambeni industriji).<\/p>\n<p>&nbsp;<\/p>\n<p>Idealno za ogrevanje: Voda, olje in dizelsko gorivo, smole, vazelin, vosek \u2013\u00a0 npr. lanolin, ma\u0161\u010dobe, maslo \u2013 npr. ghee.<\/p>\n<ul>\n<li>1 ali 2 coni s pokritostjo celotnega obmo\u010dja in digitalnimi krmilniki DigiTherm:<\/li>\n<li>-1 tartom\u00e1ny 0-40 \u00b0C - 1300 W.<\/li>\n<li>-2 obmo\u010dji 0-90 \u00b0C &#8211; 1000 W na cono.<\/li>\n<li>S silikonom impregnirana steklena vlakna (odobrena s strani FDA za uporabo v prehrambeni industriji).<\/li>\n<li>6 mm-es \u00fcvegsz\u00e1lb\u00f3l k\u00e9sz\u00fclt szigetel\u00e9s.<\/li>\n<li>Bels\u0151 termikus biztos\u00edt\u00e9k (167 \u00b0C).<\/li>\n<li>3 m\u00e9teres t\u00e1pk\u00e1bel I\/O dug\u00f3val.<\/li>\n<li>IP40 oszt\u00e1ly.<\/li>\n<li>\u00c1ll\u00edthat\u00f3 gyorskiold\u00f3 csatok \u00e9s kamp\u00f3k a sz\u00e9lekre val\u00f3 r\u00f6gz\u00edt\u00e9shez.<\/li>\n<li>F\u0171t\u00e9s - f\u0171t\u0151k\u00f6peny \u00e9s fed\u00e9l - 1000 literes tart\u00e1ly v\u00edzzel +15\u00b0C-t\u00f3l +30\u00b0C-ig:<br \/>\n- 1 ter\u00fclet ~ 72 \u00f3ra.<br \/>\n- 2 z\u00f3na ~20 \u00f3ra.<\/li>\n<li>Az UV-v\u00e9delem szempontj\u00e1b\u00f3l is hasznosak.<\/li>\n<li>Te\u017ea: 16kg<\/li>\n<li>Sz\u00edn: feh\u00e9r<\/li>\n<li>Az EU-ban k\u00e9sz\u00fclt.<\/li>\n<li><strong>A term\u00e9k \u00e1ra nem tartalmazza az \u00c1FA-t. A postak\u00f6lts\u00e9g pontos \u00f6sszeg\u00e9t az \u00e1raj\u00e1nlat elk\u00e9sz\u00edt\u00e9sekor sz\u00e1m\u00edtjuk ki.<\/strong><\/li>\n<li>\u00c1ltal\u00e1ban tov\u00e1bbi kedvezm\u00e9nyt vesz\u00fcnk figyelembe, k\u00fcl\u00f6n\u00f6sen 2 vagy t\u00f6bb darabos mennyis\u00e9g eset\u00e9n.<\/li>\n<\/ul>\n<p><a href=\"https:\/\/ibcparts.eu\/nakupujte\/grelniki-zascitne-in-termoizolacijske-ponjave-za-sode-in-ibc-cisterne\/izolacijski-pokrov-za-1000l-ibc-cisterno\/\"><strong>Zgornji pokrov se prodaja lo\u010deno (beli izolacijski pokrov: 11-9861D).<\/strong><\/a><\/p>\n<p>&nbsp;<\/p>\n<p>&nbsp;<\/p>","protected":false},"featured_media":18299,"template":"","meta":[],"product_brand":[],"product_cat":[317],"product_tag":[365,344,348],"class_list":{"0":"post-18292","1":"product","2":"type-product","3":"status-publish","4":"has-post-thumbnail","6":"product_cat-grelniki-zascitne-in-termoizolacijske-ponjave-za-sode-in-ibc-cisterne","7":"product_tag-grelni-plasc-za-1000l-ibc-cisterno-za-zivilsko-in-farmacevtsko-uporabo","8":"product_tag-grelni-plasc-za-ibc-cisterno","9":"product_tag-heating-jacket-for-1000l-ibc-container","11":"first","12":"instock","13":"sale","14":"shipping-taxable","15":"purchasable","16":"product-type-variable"},"yoast_head":"<!-- This site is optimized with the Yoast SEO plugin v27.1.1 - https:\/\/yoast.com\/product\/yoast-seo-wordpress\/ -->\n<title>Grelni pla\u0161\u010d za 1000L IBC cisterno za \u017eivilsko in farmacevtsko uporabo | IBCparts.eu<\/title>\n<meta name=\"description\" content=\"Grelni pla\u0161\u010d za IBC cisterno za hitro in u\u010dinkovito segrevanje teko\u010din in materialov v \u017eivilski in farmacevtski industriji.\" \/>\n<meta name=\"robots\" content=\"index, follow, max-snippet:-1, max-image-preview:large, max-video-preview:-1\" \/>\n<link rel=\"canonical\" href=\"https:\/\/ibcparts.eu\/hu\/item\/grelni-plasc-za-1000l-ibc-cisterno-farmacija\/\" \/>\n<meta property=\"og:locale\" content=\"hu_HU\" \/>\n<meta property=\"og:type\" content=\"article\" \/>\n<meta property=\"og:title\" content=\"Grelni pla\u0161\u010d za 1000L IBC cisterno za \u017eivilsko in farmacevtsko uporabo | IBCparts.eu\" \/>\n<meta property=\"og:description\" content=\"Grelni pla\u0161\u010d za IBC cisterno za hitro in u\u010dinkovito segrevanje teko\u010din in materialov v \u017eivilski in farmacevtski industriji.\" \/>\n<meta property=\"og:url\" content=\"https:\/\/ibcparts.eu\/hu\/item\/grelni-plasc-za-1000l-ibc-cisterno-farmacija\/\" \/>\n<meta property=\"og:site_name\" content=\"IBCparts.eu\" \/>\n<meta property=\"article:modified_time\" content=\"2025-11-24T07:29:52+00:00\" \/>\n<meta property=\"og:image\" content=\"https:\/\/ibcparts.eu\/wp-content\/uploads\/2025\/11\/Grelni-plasc-za-1000L-IBC-cisterno-za-zivilsko-in-farmacevtsko-uporabo-1.png\" \/>\n\t<meta property=\"og:image:width\" content=\"500\" \/>\n\t<meta property=\"og:image:height\" content=\"500\" \/>\n\t<meta property=\"og:image:type\" content=\"image\/png\" \/>\n<meta name=\"twitter:card\" content=\"summary_large_image\" \/>\n<script type=\"application\/ld+json\" class=\"yoast-schema-graph\">{\"@context\":\"https:\/\/schema.org\",\"@graph\":[{\"@type\":\"WebPage\",\"@id\":\"https:\/\/ibcparts.eu\/en\/item\/grelni-plasc-za-1000l-ibc-cisterno-farmacija\/\",\"url\":\"https:\/\/ibcparts.eu\/en\/item\/grelni-plasc-za-1000l-ibc-cisterno-farmacija\/\",\"name\":\"Grelni pla\u0161\u010d za 1000L IBC cisterno za \u017eivilsko in farmacevtsko uporabo | IBCparts.eu\",\"isPartOf\":{\"@id\":\"https:\/\/ibcparts.eu\/#website\"},\"primaryImageOfPage\":{\"@id\":\"https:\/\/ibcparts.eu\/en\/item\/grelni-plasc-za-1000l-ibc-cisterno-farmacija\/#primaryimage\"},\"image\":{\"@id\":\"https:\/\/ibcparts.eu\/en\/item\/grelni-plasc-za-1000l-ibc-cisterno-farmacija\/#primaryimage\"},\"thumbnailUrl\":\"https:\/\/ibcparts.eu\/wp-content\/uploads\/2025\/11\/Grelni-plasc-za-1000L-IBC-cisterno-za-zivilsko-in-farmacevtsko-uporabo-1.png\",\"datePublished\":\"2025-11-24T07:13:18+00:00\",\"dateModified\":\"2025-11-24T07:29:52+00:00\",\"description\":\"Grelni pla\u0161\u010d za IBC cisterno za hitro in u\u010dinkovito segrevanje teko\u010din in materialov v \u017eivilski in farmacevtski industriji.\",\"breadcrumb\":{\"@id\":\"https:\/\/ibcparts.eu\/en\/item\/grelni-plasc-za-1000l-ibc-cisterno-farmacija\/#breadcrumb\"},\"inLanguage\":\"hu\",\"potentialAction\":[{\"@type\":\"ReadAction\",\"target\":[\"https:\/\/ibcparts.eu\/en\/item\/grelni-plasc-za-1000l-ibc-cisterno-farmacija\/\"]}]},{\"@type\":\"ImageObject\",\"inLanguage\":\"hu\",\"@id\":\"https:\/\/ibcparts.eu\/en\/item\/grelni-plasc-za-1000l-ibc-cisterno-farmacija\/#primaryimage\",\"url\":\"https:\/\/ibcparts.eu\/wp-content\/uploads\/2025\/11\/Grelni-plasc-za-1000L-IBC-cisterno-za-zivilsko-in-farmacevtsko-uporabo-1.png\",\"contentUrl\":\"https:\/\/ibcparts.eu\/wp-content\/uploads\/2025\/11\/Grelni-plasc-za-1000L-IBC-cisterno-za-zivilsko-in-farmacevtsko-uporabo-1.png\",\"width\":500,\"height\":500,\"caption\":\"Grelni pla\u0161\u010d za 1000L IBC cisterno za \u017eivilsko in farmacevtsko uporabo\"},{\"@type\":\"BreadcrumbList\",\"@id\":\"https:\/\/ibcparts.eu\/en\/item\/grelni-plasc-za-1000l-ibc-cisterno-farmacija\/#breadcrumb\",\"itemListElement\":[{\"@type\":\"ListItem\",\"position\":1,\"name\":\"Home\",\"item\":\"https:\/\/ibcparts.eu\/\"},{\"@type\":\"ListItem\",\"position\":2,\"name\":\"Nakupujte\",\"item\":\"https:\/\/ibcparts.eu\/nakupujte\/\"},{\"@type\":\"ListItem\",\"position\":3,\"name\":\"Grelni pla\u0161\u010d za 1000L IBC cisterno za \u017eivilsko in farmacevtsko uporabo\"}]},{\"@type\":\"WebSite\",\"@id\":\"https:\/\/ibcparts.eu\/#website\",\"url\":\"https:\/\/ibcparts.eu\/\",\"name\":\"IBCparts.eu\",\"description\":\"\",\"publisher\":{\"@id\":\"https:\/\/ibcparts.eu\/#organization\"},\"potentialAction\":[{\"@type\":\"SearchAction\",\"target\":{\"@type\":\"EntryPoint\",\"urlTemplate\":\"https:\/\/ibcparts.eu\/?s={search_term_string}\"},\"query-input\":{\"@type\":\"PropertyValueSpecification\",\"valueRequired\":true,\"valueName\":\"search_term_string\"}}],\"inLanguage\":\"hu\"},{\"@type\":\"Organization\",\"@id\":\"https:\/\/ibcparts.eu\/#organization\",\"name\":\"IBCparts\",\"url\":\"https:\/\/ibcparts.eu\/\",\"logo\":{\"@type\":\"ImageObject\",\"inLanguage\":\"hu\",\"@id\":\"https:\/\/ibcparts.eu\/#\/schema\/logo\/image\/\",\"url\":\"https:\/\/ibcparts.eu\/wp-content\/uploads\/2021\/10\/Footer-Logo.png\",\"contentUrl\":\"https:\/\/ibcparts.eu\/wp-content\/uploads\/2021\/10\/Footer-Logo.png\",\"width\":1992,\"height\":772,\"caption\":\"IBCparts\"},\"image\":{\"@id\":\"https:\/\/ibcparts.eu\/#\/schema\/logo\/image\/\"}}]}<\/script>\n<!-- \/ Yoast SEO plugin. -->","yoast_head_json":{"title":"Grelni pla\u0161\u010d za 1000L IBC cisterno za \u017eivilsko in farmacevtsko uporabo | IBCparts.eu","description":"Grelni pla\u0161\u010d za IBC cisterno za hitro in u\u010dinkovito segrevanje teko\u010din in materialov v \u017eivilski in farmacevtski industriji.","robots":{"index":"index","follow":"follow","max-snippet":"max-snippet:-1","max-image-preview":"max-image-preview:large","max-video-preview":"max-video-preview:-1"},"canonical":"https:\/\/ibcparts.eu\/hu\/item\/grelni-plasc-za-1000l-ibc-cisterno-farmacija\/","og_locale":"hu_HU","og_type":"article","og_title":"Grelni pla\u0161\u010d za 1000L IBC cisterno za \u017eivilsko in farmacevtsko uporabo | IBCparts.eu","og_description":"Grelni pla\u0161\u010d za IBC cisterno za hitro in u\u010dinkovito segrevanje teko\u010din in materialov v \u017eivilski in farmacevtski industriji.","og_url":"https:\/\/ibcparts.eu\/hu\/item\/grelni-plasc-za-1000l-ibc-cisterno-farmacija\/","og_site_name":"IBCparts.eu","article_modified_time":"2025-11-24T07:29:52+00:00","og_image":[{"width":500,"height":500,"url":"https:\/\/ibcparts.eu\/wp-content\/uploads\/2025\/11\/Grelni-plasc-za-1000L-IBC-cisterno-za-zivilsko-in-farmacevtsko-uporabo-1.png","type":"image\/png"}],"twitter_card":"summary_large_image","schema":{"@context":"https:\/\/schema.org","@graph":[{"@type":"WebPage","@id":"https:\/\/ibcparts.eu\/en\/item\/grelni-plasc-za-1000l-ibc-cisterno-farmacija\/","url":"https:\/\/ibcparts.eu\/en\/item\/grelni-plasc-za-1000l-ibc-cisterno-farmacija\/","name":"Grelni pla\u0161\u010d za 1000L IBC cisterno za \u017eivilsko in farmacevtsko uporabo | IBCparts.eu","isPartOf":{"@id":"https:\/\/ibcparts.eu\/#website"},"primaryImageOfPage":{"@id":"https:\/\/ibcparts.eu\/en\/item\/grelni-plasc-za-1000l-ibc-cisterno-farmacija\/#primaryimage"},"image":{"@id":"https:\/\/ibcparts.eu\/en\/item\/grelni-plasc-za-1000l-ibc-cisterno-farmacija\/#primaryimage"},"thumbnailUrl":"https:\/\/ibcparts.eu\/wp-content\/uploads\/2025\/11\/Grelni-plasc-za-1000L-IBC-cisterno-za-zivilsko-in-farmacevtsko-uporabo-1.png","datePublished":"2025-11-24T07:13:18+00:00","dateModified":"2025-11-24T07:29:52+00:00","description":"Grelni pla\u0161\u010d za IBC cisterno za hitro in u\u010dinkovito segrevanje teko\u010din in materialov v \u017eivilski in farmacevtski industriji.","breadcrumb":{"@id":"https:\/\/ibcparts.eu\/en\/item\/grelni-plasc-za-1000l-ibc-cisterno-farmacija\/#breadcrumb"},"inLanguage":"hu","potentialAction":[{"@type":"ReadAction","target":["https:\/\/ibcparts.eu\/en\/item\/grelni-plasc-za-1000l-ibc-cisterno-farmacija\/"]}]},{"@type":"ImageObject","inLanguage":"hu","@id":"https:\/\/ibcparts.eu\/en\/item\/grelni-plasc-za-1000l-ibc-cisterno-farmacija\/#primaryimage","url":"https:\/\/ibcparts.eu\/wp-content\/uploads\/2025\/11\/Grelni-plasc-za-1000L-IBC-cisterno-za-zivilsko-in-farmacevtsko-uporabo-1.png","contentUrl":"https:\/\/ibcparts.eu\/wp-content\/uploads\/2025\/11\/Grelni-plasc-za-1000L-IBC-cisterno-za-zivilsko-in-farmacevtsko-uporabo-1.png","width":500,"height":500,"caption":"Grelni pla\u0161\u010d za 1000L IBC cisterno za \u017eivilsko in farmacevtsko uporabo"},{"@type":"BreadcrumbList","@id":"https:\/\/ibcparts.eu\/en\/item\/grelni-plasc-za-1000l-ibc-cisterno-farmacija\/#breadcrumb","itemListElement":[{"@type":"ListItem","position":1,"name":"Home","item":"https:\/\/ibcparts.eu\/"},{"@type":"ListItem","position":2,"name":"Nakupujte","item":"https:\/\/ibcparts.eu\/nakupujte\/"},{"@type":"ListItem","position":3,"name":"Grelni pla\u0161\u010d za 1000L IBC cisterno za \u017eivilsko in farmacevtsko uporabo"}]},{"@type":"WebSite","@id":"https:\/\/ibcparts.eu\/#website","url":"https:\/\/ibcparts.eu\/","name":"IBCparts.eu","description":"","publisher":{"@id":"https:\/\/ibcparts.eu\/#organization"},"potentialAction":[{"@type":"SearchAction","target":{"@type":"EntryPoint","urlTemplate":"https:\/\/ibcparts.eu\/?s={search_term_string}"},"query-input":{"@type":"PropertyValueSpecification","valueRequired":true,"valueName":"search_term_string"}}],"inLanguage":"hu"},{"@type":"Organization","@id":"https:\/\/ibcparts.eu\/#organization","name":"IBCparts","url":"https:\/\/ibcparts.eu\/","logo":{"@type":"ImageObject","inLanguage":"hu","@id":"https:\/\/ibcparts.eu\/#\/schema\/logo\/image\/","url":"https:\/\/ibcparts.eu\/wp-content\/uploads\/2021\/10\/Footer-Logo.png","contentUrl":"https:\/\/ibcparts.eu\/wp-content\/uploads\/2021\/10\/Footer-Logo.png","width":1992,"height":772,"caption":"IBCparts"},"image":{"@id":"https:\/\/ibcparts.eu\/#\/schema\/logo\/image\/"}}]}},"_links":{"self":[{"href":"https:\/\/ibcparts.eu\/hu\/wp-json\/wp\/v2\/product\/18292","targetHints":{"allow":["GET"]}}],"collection":[{"href":"https:\/\/ibcparts.eu\/hu\/wp-json\/wp\/v2\/product"}],"about":[{"href":"https:\/\/ibcparts.eu\/hu\/wp-json\/wp\/v2\/types\/product"}],"version-history":[{"count":0,"href":"https:\/\/ibcparts.eu\/hu\/wp-json\/wp\/v2\/product\/18292\/revisions"}],"wp:featuredmedia":[{"embeddable":true,"href":"https:\/\/ibcparts.eu\/hu\/wp-json\/wp\/v2\/media\/18299"}],"wp:attachment":[{"href":"https:\/\/ibcparts.eu\/hu\/wp-json\/wp\/v2\/media?parent=18292"}],"wp:term":[{"taxonomy":"product_brand","embeddable":true,"href":"https:\/\/ibcparts.eu\/hu\/wp-json\/wp\/v2\/product_brand?post=18292"},{"taxonomy":"product_cat","embeddable":true,"href":"https:\/\/ibcparts.eu\/hu\/wp-json\/wp\/v2\/product_cat?post=18292"},{"taxonomy":"product_tag","embeddable":true,"href":"https:\/\/ibcparts.eu\/hu\/wp-json\/wp\/v2\/product_tag?post=18292"}],"curies":[{"name":"wp","href":"https:\/\/api.w.org\/{rel}","templated":true}]}}