{"id":18277,"date":"2025-11-24T07:36:40","date_gmt":"2025-11-24T06:36:40","guid":{"rendered":"https:\/\/ibcparts.eu\/?post_type=product&#038;p=18277"},"modified":"2025-12-15T07:42:47","modified_gmt":"2025-12-15T06:42:47","slug":"izolacijska-ponjava-deluxe-z-odprtinami-za-izolacijo-ibc-cisterne","status":"publish","type":"product","link":"https:\/\/ibcparts.eu\/hu\/termek\/deluxe-szigetelo-takaro-nyilasokkal-ibc-tartalyhoz\/","title":{"rendered":"Izolacijska ponjava DELUXE z odprtinami za izolacijo IBC cisterne (600L, 1000L)"},"content":{"rendered":"","protected":false},"excerpt":{"rendered":"<p>Ez a szigetel\u0151lemez fenntartja a h\u0151m\u00e9rs\u00e9kletet az IBC-tart\u00e1lyban, vagy szab\u00e1lyozza a tartalom h\u0151m\u00e9rs\u00e9klet\u00e9t egy szabv\u00e1nyos raklapon.<\/p>\n<ul>\n<li>Odprtine z velcro trakom pri ventilu in pokrovu cisterne. Odprete lahko tudi celo stranico.<\/li>\n<li>Kiv\u00e1l\u00f3 min\u0151s\u00e9g\u0171 v\u00edzleperget\u0151 nylon anyagb\u00f3l k\u00e9sz\u00fclt.<\/li>\n<li>8 mm (700 g\/m2) poliestrska izolacija<\/li>\n<li>Primerna tudi za standardne palete.<\/li>\n<li>K\u00f6nnyen felszerelhet\u0151 b\u00e1rmely szabv\u00e1nyos 1000 literes tart\u00e1lyra.<\/li>\n<li>Dimenzija: 1200 x 1000 x 1140 mm (1000L).<\/li>\n<li>Te\u017ea: 10000 g<\/li>\n<li>\u010crne barve.<\/li>\n<li>Na voljo tudi za 600-litrske kontejnerje &#8211; vi\u0161ja cena, ker jih izdelamo po naro\u010dilu.<\/li>\n<li>Lahko se uporablja v kombinaciji z IBC baznim grelcem.<\/li>\n<li>Az EU-ban k\u00e9sz\u00fclt.<\/li>\n<li><strong>A term\u00e9k \u00e1ra nem tartalmazza az \u00c1FA-t. A postak\u00f6lts\u00e9g pontos \u00f6sszeg\u00e9t az \u00e1raj\u00e1nlat elk\u00e9sz\u00edt\u00e9sekor sz\u00e1m\u00edtjuk ki.<\/strong><\/li>\n<li>\u00c1ltal\u00e1ban tov\u00e1bbi kedvezm\u00e9nyt vesz\u00fcnk figyelembe, k\u00fcl\u00f6n\u00f6sen 2 vagy t\u00f6bb darabos mennyis\u00e9g eset\u00e9n.<\/li>\n<\/ul>","protected":false},"featured_media":18278,"template":"","meta":[],"product_brand":[],"product_cat":[317,262],"product_tag":[364,363],"class_list":{"0":"post-18277","1":"product","2":"type-product","3":"status-publish","4":"has-post-thumbnail","6":"product_cat-grelniki-zascitne-in-termoizolacijske-ponjave-za-sode-in-ibc-cisterne","7":"product_cat-zascitne-ponjave","8":"product_tag-izolacijska-ponjava-deluxe-z-odprtinami-za-izolacijo-ibc-cisterne","9":"product_tag-izolacijska-ponjava-z-odprtinami-za-izolacijo-ibc-cisterne","11":"first","12":"instock","13":"shipping-taxable","14":"purchasable","15":"product-type-variable"},"yoast_head":"<!-- This site is optimized with the Yoast SEO plugin v27.1.1 - https:\/\/yoast.com\/product\/yoast-seo-wordpress\/ -->\n<title>Izolacijska ponjava DELUXE z odprtinami za izolacijo IBC cisterne (600L, 1000L) | IBCparts.eu<\/title>\n<meta name=\"description\" content=\"Ta izolirna ponjava z odprtinami ohranja temperaturo v IBC cisterni. Material: najlon. Te\u017ea: 10kg. Velcro trak pri odprinah.\" \/>\n<meta name=\"robots\" content=\"index, follow, max-snippet:-1, max-image-preview:large, max-video-preview:-1\" \/>\n<link rel=\"canonical\" href=\"https:\/\/ibcparts.eu\/hu\/termek\/deluxe-szigetelo-takaro-nyilasokkal-ibc-tartalyhoz\/\" \/>\n<meta property=\"og:locale\" content=\"hu_HU\" \/>\n<meta property=\"og:type\" content=\"article\" \/>\n<meta property=\"og:title\" content=\"Izolacijska ponjava DELUXE z odprtinami za izolacijo IBC cisterne (600L, 1000L) | IBCparts.eu\" \/>\n<meta property=\"og:description\" content=\"Ta izolirna ponjava z odprtinami ohranja temperaturo v IBC cisterni. Material: najlon. Te\u017ea: 10kg. Velcro trak pri odprinah.\" \/>\n<meta property=\"og:url\" content=\"https:\/\/ibcparts.eu\/hu\/termek\/deluxe-szigetelo-takaro-nyilasokkal-ibc-tartalyhoz\/\" \/>\n<meta property=\"og:site_name\" content=\"IBCparts.eu\" \/>\n<meta property=\"article:modified_time\" content=\"2025-12-15T06:42:47+00:00\" \/>\n<meta property=\"og:image\" content=\"https:\/\/ibcparts.eu\/wp-content\/uploads\/2025\/11\/Izolacijska-ponjava-DELUXE-z-odprtinami-za-izolacijo-IBC-cisterne-1.jpg\" \/>\n\t<meta property=\"og:image:width\" content=\"942\" \/>\n\t<meta property=\"og:image:height\" content=\"936\" \/>\n\t<meta property=\"og:image:type\" content=\"image\/jpeg\" \/>\n<meta name=\"twitter:card\" content=\"summary_large_image\" \/>\n<script type=\"application\/ld+json\" class=\"yoast-schema-graph\">{\"@context\":\"https:\/\/schema.org\",\"@graph\":[{\"@type\":\"WebPage\",\"@id\":\"https:\/\/ibcparts.eu\/izdelek\/izolacijska-ponjava-deluxe-z-odprtinami-za-izolacijo-ibc-cisterne\/\",\"url\":\"https:\/\/ibcparts.eu\/izdelek\/izolacijska-ponjava-deluxe-z-odprtinami-za-izolacijo-ibc-cisterne\/\",\"name\":\"Izolacijska ponjava DELUXE z odprtinami za izolacijo IBC cisterne (600L, 1000L) | IBCparts.eu\",\"isPartOf\":{\"@id\":\"https:\/\/ibcparts.eu\/#website\"},\"primaryImageOfPage\":{\"@id\":\"https:\/\/ibcparts.eu\/izdelek\/izolacijska-ponjava-deluxe-z-odprtinami-za-izolacijo-ibc-cisterne\/#primaryimage\"},\"image\":{\"@id\":\"https:\/\/ibcparts.eu\/izdelek\/izolacijska-ponjava-deluxe-z-odprtinami-za-izolacijo-ibc-cisterne\/#primaryimage\"},\"thumbnailUrl\":\"https:\/\/ibcparts.eu\/wp-content\/uploads\/2025\/11\/Izolacijska-ponjava-DELUXE-z-odprtinami-za-izolacijo-IBC-cisterne-1.jpg\",\"datePublished\":\"2025-11-24T06:36:40+00:00\",\"dateModified\":\"2025-12-15T06:42:47+00:00\",\"description\":\"Ta izolirna ponjava z odprtinami ohranja temperaturo v IBC cisterni. Material: najlon. Te\u017ea: 10kg. Velcro trak pri odprinah.\",\"breadcrumb\":{\"@id\":\"https:\/\/ibcparts.eu\/izdelek\/izolacijska-ponjava-deluxe-z-odprtinami-za-izolacijo-ibc-cisterne\/#breadcrumb\"},\"inLanguage\":\"hu-HU\",\"potentialAction\":[{\"@type\":\"ReadAction\",\"target\":[\"https:\/\/ibcparts.eu\/izdelek\/izolacijska-ponjava-deluxe-z-odprtinami-za-izolacijo-ibc-cisterne\/\"]}]},{\"@type\":\"ImageObject\",\"inLanguage\":\"hu-HU\",\"@id\":\"https:\/\/ibcparts.eu\/izdelek\/izolacijska-ponjava-deluxe-z-odprtinami-za-izolacijo-ibc-cisterne\/#primaryimage\",\"url\":\"https:\/\/ibcparts.eu\/wp-content\/uploads\/2025\/11\/Izolacijska-ponjava-DELUXE-z-odprtinami-za-izolacijo-IBC-cisterne-1.jpg\",\"contentUrl\":\"https:\/\/ibcparts.eu\/wp-content\/uploads\/2025\/11\/Izolacijska-ponjava-DELUXE-z-odprtinami-za-izolacijo-IBC-cisterne-1.jpg\",\"width\":942,\"height\":936,\"caption\":\"Izolacijska ponjava DELUXE z odprtinami za izolacijo IBC cisterne\"},{\"@type\":\"BreadcrumbList\",\"@id\":\"https:\/\/ibcparts.eu\/izdelek\/izolacijska-ponjava-deluxe-z-odprtinami-za-izolacijo-ibc-cisterne\/#breadcrumb\",\"itemListElement\":[{\"@type\":\"ListItem\",\"position\":1,\"name\":\"Home\",\"item\":\"https:\/\/ibcparts.eu\/\"},{\"@type\":\"ListItem\",\"position\":2,\"name\":\"Nakupujte\",\"item\":\"https:\/\/ibcparts.eu\/nakupujte\/\"},{\"@type\":\"ListItem\",\"position\":3,\"name\":\"Izolacijska ponjava DELUXE z odprtinami za izolacijo IBC cisterne (600L, 1000L)\"}]},{\"@type\":\"WebSite\",\"@id\":\"https:\/\/ibcparts.eu\/#website\",\"url\":\"https:\/\/ibcparts.eu\/\",\"name\":\"IBCparts.eu\",\"description\":\"\",\"publisher\":{\"@id\":\"https:\/\/ibcparts.eu\/#organization\"},\"potentialAction\":[{\"@type\":\"SearchAction\",\"target\":{\"@type\":\"EntryPoint\",\"urlTemplate\":\"https:\/\/ibcparts.eu\/?s={search_term_string}\"},\"query-input\":{\"@type\":\"PropertyValueSpecification\",\"valueRequired\":true,\"valueName\":\"search_term_string\"}}],\"inLanguage\":\"hu-HU\"},{\"@type\":\"Organization\",\"@id\":\"https:\/\/ibcparts.eu\/#organization\",\"name\":\"IBCparts\",\"url\":\"https:\/\/ibcparts.eu\/\",\"logo\":{\"@type\":\"ImageObject\",\"inLanguage\":\"hu-HU\",\"@id\":\"https:\/\/ibcparts.eu\/#\/schema\/logo\/image\/\",\"url\":\"https:\/\/ibcparts.eu\/wp-content\/uploads\/2021\/10\/Footer-Logo.png\",\"contentUrl\":\"https:\/\/ibcparts.eu\/wp-content\/uploads\/2021\/10\/Footer-Logo.png\",\"width\":1992,\"height\":772,\"caption\":\"IBCparts\"},\"image\":{\"@id\":\"https:\/\/ibcparts.eu\/#\/schema\/logo\/image\/\"}}]}<\/script>\n<!-- \/ Yoast SEO plugin. -->","yoast_head_json":{"title":"Izolacijska ponjava DELUXE z odprtinami za izolacijo IBC cisterne (600L, 1000L) | IBCparts.eu","description":"Ta izolirna ponjava z odprtinami ohranja temperaturo v IBC cisterni. Material: najlon. Te\u017ea: 10kg. Velcro trak pri odprinah.","robots":{"index":"index","follow":"follow","max-snippet":"max-snippet:-1","max-image-preview":"max-image-preview:large","max-video-preview":"max-video-preview:-1"},"canonical":"https:\/\/ibcparts.eu\/hu\/termek\/deluxe-szigetelo-takaro-nyilasokkal-ibc-tartalyhoz\/","og_locale":"hu_HU","og_type":"article","og_title":"Izolacijska ponjava DELUXE z odprtinami za izolacijo IBC cisterne (600L, 1000L) | IBCparts.eu","og_description":"Ta izolirna ponjava z odprtinami ohranja temperaturo v IBC cisterni. Material: najlon. Te\u017ea: 10kg. Velcro trak pri odprinah.","og_url":"https:\/\/ibcparts.eu\/hu\/termek\/deluxe-szigetelo-takaro-nyilasokkal-ibc-tartalyhoz\/","og_site_name":"IBCparts.eu","article_modified_time":"2025-12-15T06:42:47+00:00","og_image":[{"width":942,"height":936,"url":"https:\/\/ibcparts.eu\/wp-content\/uploads\/2025\/11\/Izolacijska-ponjava-DELUXE-z-odprtinami-za-izolacijo-IBC-cisterne-1.jpg","type":"image\/jpeg"}],"twitter_card":"summary_large_image","schema":{"@context":"https:\/\/schema.org","@graph":[{"@type":"WebPage","@id":"https:\/\/ibcparts.eu\/izdelek\/izolacijska-ponjava-deluxe-z-odprtinami-za-izolacijo-ibc-cisterne\/","url":"https:\/\/ibcparts.eu\/izdelek\/izolacijska-ponjava-deluxe-z-odprtinami-za-izolacijo-ibc-cisterne\/","name":"Izolacijska ponjava DELUXE z odprtinami za izolacijo IBC cisterne (600L, 1000L) | IBCparts.eu","isPartOf":{"@id":"https:\/\/ibcparts.eu\/#website"},"primaryImageOfPage":{"@id":"https:\/\/ibcparts.eu\/izdelek\/izolacijska-ponjava-deluxe-z-odprtinami-za-izolacijo-ibc-cisterne\/#primaryimage"},"image":{"@id":"https:\/\/ibcparts.eu\/izdelek\/izolacijska-ponjava-deluxe-z-odprtinami-za-izolacijo-ibc-cisterne\/#primaryimage"},"thumbnailUrl":"https:\/\/ibcparts.eu\/wp-content\/uploads\/2025\/11\/Izolacijska-ponjava-DELUXE-z-odprtinami-za-izolacijo-IBC-cisterne-1.jpg","datePublished":"2025-11-24T06:36:40+00:00","dateModified":"2025-12-15T06:42:47+00:00","description":"Ta izolirna ponjava z odprtinami ohranja temperaturo v IBC cisterni. Material: najlon. Te\u017ea: 10kg. Velcro trak pri odprinah.","breadcrumb":{"@id":"https:\/\/ibcparts.eu\/izdelek\/izolacijska-ponjava-deluxe-z-odprtinami-za-izolacijo-ibc-cisterne\/#breadcrumb"},"inLanguage":"hu-HU","potentialAction":[{"@type":"ReadAction","target":["https:\/\/ibcparts.eu\/izdelek\/izolacijska-ponjava-deluxe-z-odprtinami-za-izolacijo-ibc-cisterne\/"]}]},{"@type":"ImageObject","inLanguage":"hu-HU","@id":"https:\/\/ibcparts.eu\/izdelek\/izolacijska-ponjava-deluxe-z-odprtinami-za-izolacijo-ibc-cisterne\/#primaryimage","url":"https:\/\/ibcparts.eu\/wp-content\/uploads\/2025\/11\/Izolacijska-ponjava-DELUXE-z-odprtinami-za-izolacijo-IBC-cisterne-1.jpg","contentUrl":"https:\/\/ibcparts.eu\/wp-content\/uploads\/2025\/11\/Izolacijska-ponjava-DELUXE-z-odprtinami-za-izolacijo-IBC-cisterne-1.jpg","width":942,"height":936,"caption":"Izolacijska ponjava DELUXE z odprtinami za izolacijo IBC cisterne"},{"@type":"BreadcrumbList","@id":"https:\/\/ibcparts.eu\/izdelek\/izolacijska-ponjava-deluxe-z-odprtinami-za-izolacijo-ibc-cisterne\/#breadcrumb","itemListElement":[{"@type":"ListItem","position":1,"name":"Home","item":"https:\/\/ibcparts.eu\/"},{"@type":"ListItem","position":2,"name":"Nakupujte","item":"https:\/\/ibcparts.eu\/nakupujte\/"},{"@type":"ListItem","position":3,"name":"Izolacijska ponjava DELUXE z odprtinami za izolacijo IBC cisterne (600L, 1000L)"}]},{"@type":"WebSite","@id":"https:\/\/ibcparts.eu\/#website","url":"https:\/\/ibcparts.eu\/","name":"IBCparts.eu","description":"","publisher":{"@id":"https:\/\/ibcparts.eu\/#organization"},"potentialAction":[{"@type":"SearchAction","target":{"@type":"EntryPoint","urlTemplate":"https:\/\/ibcparts.eu\/?s={search_term_string}"},"query-input":{"@type":"PropertyValueSpecification","valueRequired":true,"valueName":"search_term_string"}}],"inLanguage":"hu-HU"},{"@type":"Organization","@id":"https:\/\/ibcparts.eu\/#organization","name":"IBCparts","url":"https:\/\/ibcparts.eu\/","logo":{"@type":"ImageObject","inLanguage":"hu-HU","@id":"https:\/\/ibcparts.eu\/#\/schema\/logo\/image\/","url":"https:\/\/ibcparts.eu\/wp-content\/uploads\/2021\/10\/Footer-Logo.png","contentUrl":"https:\/\/ibcparts.eu\/wp-content\/uploads\/2021\/10\/Footer-Logo.png","width":1992,"height":772,"caption":"IBCparts"},"image":{"@id":"https:\/\/ibcparts.eu\/#\/schema\/logo\/image\/"}}]}},"_links":{"self":[{"href":"https:\/\/ibcparts.eu\/hu\/wp-json\/wp\/v2\/product\/18277","targetHints":{"allow":["GET"]}}],"collection":[{"href":"https:\/\/ibcparts.eu\/hu\/wp-json\/wp\/v2\/product"}],"about":[{"href":"https:\/\/ibcparts.eu\/hu\/wp-json\/wp\/v2\/types\/product"}],"version-history":[{"count":0,"href":"https:\/\/ibcparts.eu\/hu\/wp-json\/wp\/v2\/product\/18277\/revisions"}],"wp:featuredmedia":[{"embeddable":true,"href":"https:\/\/ibcparts.eu\/hu\/wp-json\/wp\/v2\/media\/18278"}],"wp:attachment":[{"href":"https:\/\/ibcparts.eu\/hu\/wp-json\/wp\/v2\/media?parent=18277"}],"wp:term":[{"taxonomy":"product_brand","embeddable":true,"href":"https:\/\/ibcparts.eu\/hu\/wp-json\/wp\/v2\/product_brand?post=18277"},{"taxonomy":"product_cat","embeddable":true,"href":"https:\/\/ibcparts.eu\/hu\/wp-json\/wp\/v2\/product_cat?post=18277"},{"taxonomy":"product_tag","embeddable":true,"href":"https:\/\/ibcparts.eu\/hu\/wp-json\/wp\/v2\/product_tag?post=18277"}],"curies":[{"name":"wp","href":"https:\/\/api.w.org\/{rel}","templated":true}]}}