{"id":18186,"date":"2025-11-22T10:07:58","date_gmt":"2025-11-22T09:07:58","guid":{"rendered":"https:\/\/ibcparts.eu\/?post_type=product&#038;p=18186"},"modified":"2026-01-14T09:27:35","modified_gmt":"2026-01-14T08:27:35","slug":"sistem-3simple","status":"publish","type":"product","link":"https:\/\/ibcparts.eu\/hu\/termek\/sistem-3simple\/","title":{"rendered":"3+ SIMPLE (kapcsoljon \u00f6ssze 3 vagy t\u00f6bb IBC tart\u00e1lyt v\u00edzszintesen)"},"content":{"rendered":"<p><iframe title=\"Hogyan csatlakoztathat\u00f3 k\u00e9t IBC kont\u00e9ner a DUO rendszer seg\u00edts\u00e9g\u00e9vel.\" width=\"500\" height=\"281\" src=\"https:\/\/www.youtube.com\/embed\/ZKfg1PYo-qQ?feature=oembed\" frameborder=\"0\" allow=\"accelerometer; autoplay; clipboard-write; encrypted-media; gyroscope; picture-in-picture; web-share\" referrerpolicy=\"strict-origin-when-cross-origin\" allowfullscreen><\/iframe><\/p>\n<p class=\" translation-block\">Term\u00e9kinform\u00e1ci\u00f3k:<br>\nH\u00e1rom IBC tart\u00e1ly \u00f6sszekapcsol\u00e1s\u00e1ra szolg\u00e1l\u00f3 rendszer \u2013 most m\u00e9g er\u0151sebb \u00e9s kedvez\u0151bb \u00e1r\u00fa!<\/p>\n<p><strong><span style=\"font-size: medium;\">Most EPDM gumit\u00f6m\u00edt\u00e9sekkel INGYENES!<\/span><\/strong><\/p>\n<p>A csomag tartalmazza:<br \/>\n3x AVA reduktor tart\u00e1lyokhoz, szelep \u00d8 55\u201362 mm, durva menet S60x6 (DN50), 1x T-idom F, 1x k\u00f6ny\u00f6k F, 1x PP T-idom, 1x csatlakoz\u00f3 M, 2x alkaten cs\u0151*, csap, redukci\u00f3.<\/p>\n<p>*Az alk\u00e1tcs\u00f6vek kiss\u00e9 g\u00f6rb\u00e9k, mert ors\u00f3kon t\u00e1rolj\u00e1k \u0151ket. Mi LESS alkat\u00e9nt\u00f6ml\u0151ket haszn\u00e1lunk, amelyek rugalmasabbak \u00e9s sokkal k\u00f6nnyebben haszn\u00e1lhat\u00f3k - telep\u00edt\u00e9skor kiegyenes\u00edti \u0151ket, \u00e9s abban a helyzetben maradnak.<\/p>\n<p>A l\u00fagos t\u00f6ml\u0151 csatlakoz\u00f3i z\u00f6ld sz\u00edn\u0171ek, ahogy a k\u00e9pen l\u00e1that\u00f3.<\/p>\n<p>A 3+ KLASIK rendszer be\u00e9p\u00edt\u00e9se ut\u00e1n a tart\u00e1lyok k\u00f6z\u00f6tti h\u00e9zag 2 \u00e9s 6 cm k\u00f6z\u00f6tt van - ha sz\u00fcks\u00e9ges, a cs\u00f6vet olfa k\u00e9ssel maga is megr\u00f6vid\u00edtheti.<\/p>\n<p>Kiv\u00e1l\u00f3 t\u00f6m\u00edt\u00e9s \u00e9s nagy tart\u00f3ss\u00e1g!<\/p>\n<p>A rendszer 1\u2033 (32 mm) m\u00e9retben kaphat\u00f3.<\/p>\n<p>&nbsp;<\/p>\n<p><strong>*A csapokr\u00f3l \u00e9s szelepekr\u0151l tov\u00e1bbi inform\u00e1ci\u00f3k a k\u00f6vetkez\u0151 weboldalon tal\u00e1lhat\u00f3k\u00a0<a href=\"https:\/\/ibcparts.eu\/kategorije\/pipe-ventili-in-medeninasti-prikljucki\/\">itt<\/a>.<\/strong><\/p>\n<p style=\"margin-bottom: var(--wd-tags-margin-bottom); font-style: normal; font-variant-ligatures: normal; font-variant-caps: normal; font-family: Lato, Arial, Helvetica, sans-serif; font-size: 14px;\"><b>Hivatkoz\u00e1s:<br \/>\n<\/b>Ha az egyik tart\u00e1lyba vizet fog \u00fcr\u00edteni, a m\u00e1sik tart\u00e1lyt ki kell szell\u0151ztetni, hogy a v\u00edz zavartalanul \u00e1ramolhasson a szelepeken kereszt\u00fcl.<\/p>\n<p><strong>Ennek t\u00f6bb m\u00f3dja is van:<\/strong><\/p>\n<p class=\" translation-block\"><strong style=\"color: #666666;font-family: 'Libre Franklin';font-size: 16px;font-style: normal\">1. <\/strong>Ha nem zavarja, hogy a v\u00edz a m\u00e1sodik tart\u00e1ly fedel\u00e9nek ny\u00edl\u00e1s\u00e1n kereszt\u00fcl kifolyik, amikor az a tetej\u00e9ig megtelik, elegend\u0151 a fedelet kiss\u00e9 meglaz\u00edtani \u2013 csak annyira, hogy a leveg\u0151 \u00e1ramolhasson. Amikor mindk\u00e9t tart\u00e1ly teljesen megtelik, a felesleges v\u00edz (t\u00falfoly\u00e1s) itt fog kifolyni.<br style=\"color: #666666;font-family: 'Libre Franklin';font-size: 16px\"><strong style=\"color: #666666;font-family: 'Libre Franklin';font-size: 16px;font-style: normal\">2. <\/strong>Hasonl\u00f3 elven m\u0171k\u00f6dik a <a href=\"https:\/\/ibcparts.eu\/izdelek\/pokrov-z-oddusnikom\/\" target=\"_self\"><span style=\"color: #666666;font-family: Libre Franklin\">szell\u0151z\u0151fed\u00e9l<\/span><\/a> is \u2013 a leveg\u0151 \u00e1tjut, de a v\u00edz is kifolyik, amikor a tart\u00e1lyok teljesen megtelnek.<br style=\"color: #666666;font-family: 'Libre Franklin';font-size: 16px\"><strong style=\"color: #666666;font-family: 'Libre Franklin';font-size: 16px;font-style: normal\">3.<\/strong> Haszn\u00e1lhat <a style=\"color: #666666;font-family: 'Libre Franklin';font-size: 16px;font-style: normal;font-weight: 300\" href=\"https:\/\/ibcparts.eu\/izdelek\/pokrov-pipelink\/\" target=\"_self\">PipeLink fedelet<\/a> (ahogy az anim\u00e1ci\u00f3n l\u00e1that\u00f3) vagy <a href=\"https:\/\/ibcparts.eu\/izdelek\/pokrov-autovent\/\" target=\"_self\"><i>AutoVent<\/i><\/a> fedelet \u2013 <b>aj\u00e1nlott.<\/b><br style=\"color: #666666;font-family: 'Libre Franklin';font-size: 16px\"><strong style=\"color: #666666;font-family: 'Libre Franklin';font-size: 16px;font-style: normal\">4.<\/strong> Haszn\u00e1ljon kimenettel rendelkez\u0151 fedelet, \u00e9s r\u00f6gz\u00edtsen r\u00e1 megfelel\u0151 csatlakoz\u00f3t (pl. T-idom PE cs\u0151h\u00f6z, kerti t\u00f6ml\u0151h\u00f6z, flexibilis cs\u0151h\u00f6z, PVC cs\u0151h\u00f6z\u2026).<br style=\"color: #666666;font-family: 'Libre Franklin';font-size: 16px\"><strong style=\"color: #666666;font-family: 'Libre Franklin';font-size: 16px;font-style: normal\">5. <\/strong>Ha nagyobb szintk\u00fcl\u00f6nbs\u00e9g van az ereszcs\u0151 kivezet\u00e9se \u00e9s a tart\u00e1ly teteje k\u00f6z\u00f6tt, haszn\u00e1lhat <a style=\"color: #666666;font-family: 'Libre Franklin';font-size: 16px;font-style: normal;font-weight: 300\" href=\"https:\/\/ibcparts.eu\/izdelek\/skoznik-flowtek-bend\/\" target=\"_self\">FlowTek Bend \u00e1tvezet\u0151t<\/a> (kimenetes fedelet haszn\u00e1ljon, vagy f\u00farjon lyukat a tart\u00e1lyba). Erre a kimenetre csatlakoztasson kerti t\u00f6ml\u0151t. A t\u00f6ml\u0151 m\u00e1sik v\u00e9g\u00e9t r\u00f6gz\u00edtse a v\u00edz be\u00f6ml\u00e9si szintje f\u00f6l\u00e9 (pl. az ereszcs\u0151 el\u00e1gaz\u00e1s\u00e1n\u00e1l). \u00cdgy a v\u00edz nem folyik ki akkor sem, ha a tart\u00e1lyok teljesen megtelnek, mik\u00f6zben a tart\u00e1ly tov\u00e1bbra is \u201el\u00e9legzik\u201d.<\/p>\n<p>A rendszert az \u00d6n ig\u00e9nyei szerint is megtervezhetj\u00fck. T\u00f6bb kimenet, egy szelep egy hidrofor csatlakoztat\u00e1s\u00e1ra, t\u00f6bb csap, stb... A hidrofor csatlakoztat\u00e1sa a legpraktikusabb a jobb oldalon - a szelep foganty\u00faj\u00e1nak nyit\u00e1si ir\u00e1nya miatt.<\/p>\n<p>&nbsp;<\/p>\n<p>A 3+ KLASIK rendszerekben haszn\u00e1lt AVA reduktorok rendk\u00edv\u00fcl tart\u00f3sak \u00e9s EPDM gumit\u00f6m\u00edt\u00e9ssel rendelkeznek.<\/p>","protected":false},"excerpt":{"rendered":"<h2 data-start=\"184\" data-end=\"304\"><strong data-start=\"184\" data-end=\"304\">Er\u0151s, megb\u00edzhat\u00f3 \u00e9s kedvez\u0151 \u00e1r\u00fa v\u00edzszintes \u00f6sszek\u00f6ttet\u00e9s h\u00e1rom vagy t\u00f6bb IBC tart\u00e1ly k\u00f6z\u00f6tt \u2013 el\u0151re \u00f6ssze van szerelve \u00e9s k\u00e9sz a szerel\u00e9sre.<\/strong><\/h2>\n<p data-start=\"306\" data-end=\"617\" class=\" translation-block\">A 3+ SIMPLE egy meg\u00faj\u00edtott rendszer az <strong data-start=\"340\" data-end=\"400\">IBC tart\u00e1lyok v\u00edzszintes \u00f6sszekapcsol\u00e1s\u00e1ra<\/strong>, amelyet hat\u00e9kony es\u0151v\u00edzgy\u0171jt\u00e9sre \u00e9s -\u00e1tvezet\u00e9sre terveztek. Egy <strong data-start=\"468\" data-end=\"504\">l\u00e1gyabb, rugalmas LDPE cs\u00f6vet<\/strong> haszn\u00e1l, amely egyszer\u0171 szerel\u00e9st, megb\u00edzhat\u00f3 t\u00f6m\u00edt\u00e9st \u00e9s kisebb terhel\u00e9st biztos\u00edt a szelepeken \u2013 m\u00e9g egyenetlen fel\u00fcleteken is.<\/p>\n<hr data-start=\"619\" data-end=\"622\" \/>\n<h3 data-start=\"624\" data-end=\"652\">Mi\u00e9rt v\u00e1lassza a 3+ SIMPLE-t?<\/h3>\n<ul>\n<li data-start=\"655\" data-end=\"689\">Er\u0151s \u00e9s bev\u00e1lt konstrukci\u00f3<\/li>\n<li data-start=\"692\" data-end=\"736\">El\u0151re \u00f6sszeszerelt rendszer \u2013 nincs sz\u00fcks\u00e9g tov\u00e1bbi munk\u00e1ra (a cs\u0151 sz\u00fcks\u00e9g eset\u00e9n tap\u00e9tav\u00e1g\u00f3 k\u00e9ssel r\u00f6vid\u00edthet\u0151)<\/li>\n<li data-start=\"739\" data-end=\"784\" class=\" translation-block\">3 vagy t\u00f6bb IBC tart\u00e1ly \u00f6sszekapcsol\u00e1s\u00e1ra tervezve<\/li>\n<li data-start=\"787\" data-end=\"830\">100% EPDM t\u00f6m\u00edt\u00e9s \u2013 nem sziv\u00e1rog, UV-\u00e1ll\u00f3<\/li>\n<li data-start=\"833\" data-end=\"899\">Puhaabb LDPE cs\u0151 az egyszer\u0171 szerel\u00e9s\u00e9rt \u00e9s hossz\u00fa \u00e9lettartam\u00e9rt<\/li>\n<li data-start=\"902\" data-end=\"963\">Alkalmas r\u00e9gebbi vagy enyh\u00e9n s\u00e9r\u00fclt IBC szelepekhez is<\/li>\n<\/ul>\n<hr data-start=\"965\" data-end=\"968\" \/>\n<h3 data-start=\"970\" data-end=\"988\">\u00c1r \/ Opci\u00f3k:<\/h3>\n<ul>\n<li><strong><span style=\"color: #508d24; font-size: medium;\">\u200b<\/span><\/strong>Cikksz\u00e1m: #65X, <strong>TRIOX<\/strong>: <strong><span style=\"color: #508d24; font-size: medium;\">43,99\u20ac <\/span><\/strong>(csak csatlakoz\u00e1s, csap n\u00e9lk\u00fcl).<\/li>\n<li>\u0161t.artikla: #65S1, <strong>TRIS1<\/strong>: <strong><span style=\"color: #508d24; font-size: medium;\">55,50\u20ac <\/span><\/strong>(GardenFlow 3\/4\u2033 f\u00e9mcsap*).<\/li>\n<li><strong><span style=\"color: #508d24; font-size: medium;\">\u200b<\/span><\/strong>\u0161t.artikla: #65S2, <strong>TRIS2<\/strong>: <strong><span style=\"color: #508d24; font-size: medium;\">58,50\u20ac <\/span><\/strong>(3\/4\u2033 HighFlow f\u00e9mcsap*).<\/li>\n<li>\u0161t.artikla: #65S3, <strong>TRIS3<\/strong>: <strong><span style=\"color: #508d24; font-size: medium;\">63,50\u20ac <\/span><\/strong>(<u>dupla\u00a0<\/u>1\/2\u2033 PRO* f\u00e9mcsap).<\/li>\n<li>\u0161t.artikla: #65S4, <strong>TRIS4<\/strong>: <strong><span style=\"color: #508d24; font-size: medium;\">67,50\u20ac <\/span><\/strong>(<u>dupla\u00a0<\/u>f\u00e9mcsap 3\/4\u2033 PRO*).<\/li>\n<li>\u0161t.artikla: #65S5, <strong>TRIS5<\/strong>:\u00a0<strong><span style=\"color: #508d24; font-size: medium;\">61,50\u20ac <\/span><\/strong>(1\u2033 QuickFlow f\u00e9mcsap*).<\/li>\n<li>\u0161t.artikla: #65S6, <strong>TRIS6<\/strong>:\u00a0<strong><span style=\"color: #508d24; font-size: medium;\">61,50\u20ac <\/span><\/strong>(m\u0171anyag 1\u2033 MF PRO szelep*, m\u0171anyag 25 mm-es egyenes t\u00f6ml\u0151f\u00fav\u00f3k\u00e1val*).<\/li>\n<li>\u0161t.artikla: #65S7, <strong>TRIS7<\/strong>:\u00a0<strong><span style=\"color: #508d24; font-size: medium;\">65,50\u20ac <\/span><\/strong>(f\u00e9m 1\u2033 PRO szelep* 25 mm-es s\u00e1rgar\u00e9z egyenes cs\u0151csatlakoz\u00f3val*).<\/li>\n<li>\u0161t.artikla: #65S8, <strong>TRIS8<\/strong>:\u00a0<strong><span style=\"color: #508d24; font-size: medium;\">61,50\u20ac <\/span><\/strong>(m\u0171anyag 1\"-os MF PRO szelep*, m\u0171anyag csatlakoz\u00f3val - k\u00f6ny\u00f6k 25 mm-es t\u00f6ml\u0151h\u00f6z*).<\/li>\n<\/ul>\n<hr data-start=\"1815\" data-end=\"1818\" \/>\n<h3 data-start=\"1820\" data-end=\"1846\">T\u00f6m\u00edt\u00e9s \u00e9s anyagok<\/h3>\n<p data-start=\"1847\" data-end=\"2069\" class=\" translation-block\"><strong data-start=\"1862\" data-end=\"1906\">100% EPDM t\u00f6m\u00edt\u00e9s \u2013 kiz\u00e1r\u00f3lag n\u00e1lunk<\/strong> ker\u00fcl felhaszn\u00e1l\u00e1sra, amelyet optim\u00e1lis kem\u00e9nys\u00e9ggel k\u00fcl\u00f6n fejlesztettek ki, hogy hat\u00e9konyan kiegyenl\u00edtse a szelep nagyobb egyenetlens\u00e9geit is, \u00e9s biztos\u00edtsa a <strong data-start=\"2017\" data-end=\"2068\">hossz\u00fa t\u00e1v\u00fa, megb\u00edzhat\u00f3, sziv\u00e1rg\u00e1smentes t\u00f6m\u00edt\u00e9st<\/strong>.<\/p>\n<hr data-start=\"2218\" data-end=\"2221\" \/>\n<h3 data-start=\"2223\" data-end=\"2270\">Rendszer b\u0151v\u00edt\u00e9se \u2013 adjon hozz\u00e1 tov\u00e1bbi tart\u00e1lyokat<\/h3>\n<p data-start=\"2271\" data-end=\"2444\" class=\" translation-block\">A <strong data-start=\"2478\" data-end=\"2492\">Multi-link<\/strong> opci\u00f3val a rendszerhez <strong data-start=\"2514\" data-end=\"2552\">korl\u00e1tlan sz\u00e1m\u00fa tov\u00e1bbi tart\u00e1ly<\/strong> adhat\u00f3 v\u00edzszintes elrendez\u00e9sben.<br data-start=\"2576\" data-end=\"2579\">P\u00e9lda: 5 tart\u00e1ly \u00f6sszekapcsol\u00e1sa = alapcsomag (3) + 2\u00d7 Multi-link.<\/p>\n<p data-start=\"2446\" data-end=\"2548\" class=\" translation-block\">Ha az IBC tart\u00e1lyok a f\u00f6ld\u00f6n \u00e1llnak, a <strong data-start=\"2504\" data-end=\"2514\">SkyTap<\/strong> opci\u00f3val k\u00f6nnyed\u00e9n \u00e1t tudja t\u00f6lteni a vizet egy locsol\u00f3kann\u00e1ba.<\/p>\n<hr data-start=\"2550\" data-end=\"2553\" \/>\n<h3 data-start=\"2555\" data-end=\"2592\">3+ rendszerek (miben k\u00fcl\u00f6nb\u00f6znek):<\/h3>\n<ul>\n<li class=\" translation-block\"><strong>SIMPLE<\/strong>: csap vagy szelep a legsz\u00e9ls\u0151 bal vagy jobb oldali tart\u00e1lyon (a d\u00f6nt\u00e9s a szerel\u00e9skor hozhat\u00f3 meg \u2013 az ig\u00e9nyeihez igaz\u00edthat\u00f3 \u2013 l\u00e1sd a SIMPLE gal\u00e9ri\u00e1ban tal\u00e1lhat\u00f3 k\u00e9pet).<\/li>\n<li class=\" translation-block\"><strong>KLASIK<\/strong>: csap vagy szelep k\u00e9t tart\u00e1ly k\u00f6z\u00f6tt (hogy melyik kett\u0151 k\u00f6z\u00f6tt legyen, a szerel\u00e9skor d\u00f6nthet\u0151 el \u2013 az ig\u00e9nyeihez igaz\u00edthat\u00f3 \u2013 l\u00e1sd a KLASIK gal\u00e9ri\u00e1ban tal\u00e1lhat\u00f3 k\u00e9pet).<\/li>\n<li class=\" translation-block\"><strong>PRO<\/strong>: csap vagy szelep az egyik k\u00f6z\u00e9ps\u0151 tart\u00e1lyon (ha 3 tart\u00e1ly van \u00f6sszekapcsolva, a csap a k\u00f6z\u00e9ps\u0151 tart\u00e1lyon van; ha t\u00f6bb tart\u00e1ly van \u00f6sszekapcsolva, a d\u00f6nt\u00e9s a szerel\u00e9s sor\u00e1n hozhat\u00f3 meg \u2013 az ig\u00e9nyeihez igaz\u00edthat\u00f3 \u2013 l\u00e1sd a PRO gal\u00e9ri\u00e1ban tal\u00e1lhat\u00f3 k\u00e9pet).<\/li>\n<\/ul>\n<h3 data-start=\"2857\" data-end=\"2881\">Friss\u00edt\u00e9si lehet\u0151s\u00e9gek:<\/h3>\n<ul>\n<li data-start=\"2884\" data-end=\"2937\" class=\" translation-block\"><strong data-start=\"2884\" data-end=\"2898\">Multi-link<\/strong> (reduktor, T-idom, 1 m cs\u0151)<\/li>\n<li data-start=\"2940\" data-end=\"2999\" class=\" translation-block\"><strong data-start=\"2940\" data-end=\"2950\">SkyTap<\/strong> (csap \u00f6nt\u00f6z\u0151kanna magass\u00e1g\u00e1ba emelve)<\/li>\n<\/ul>\n<hr data-start=\"3001\" data-end=\"3004\" \/>\n<p data-start=\"3006\" data-end=\"3300\"><strong data-start=\"3006\" data-end=\"3300\">A 3+ SIMPLE a legt\u00f6bb, szabv\u00e1nyos S60\u00d76 szeleppel rendelkez\u0151 IBC tart\u00e1lyhoz illeszkedik. A szerel\u00e9s nagyon egyszer\u0171, mivel a rendszer el\u0151re \u00f6ssze van szerelve, \u00e9s nem ig\u00e9nyel k\u00fcl\u00f6nleges szaktud\u00e1st. Minden anyag tart\u00f3s, UV-\u00e1ll\u00f3 \u00e9s hossz\u00fa t\u00e1v\u00fa k\u00fclt\u00e9ri haszn\u00e1latra alkalmas. Elt\u00e9r\u0151 szelepm\u00e9ret eset\u00e9n a rendszert egyedileg alak\u00edtjuk ki.<\/strong><\/p>","protected":false},"featured_media":18204,"template":"","meta":[],"product_brand":[],"product_cat":[191,189],"product_tag":[269],"class_list":{"0":"post-18186","1":"product","2":"type-product","3":"status-publish","4":"has-post-thumbnail","6":"product_cat-sistemi-3","7":"product_cat-sistemi-za-povezavo","8":"product_tag-povezava-ibc-cistern","10":"first","11":"instock","12":"shipping-taxable","13":"purchasable","14":"product-type-variable"},"yoast_head":"<!-- This site is optimized with the Yoast SEO plugin v27.1.1 - https:\/\/yoast.com\/product\/yoast-seo-wordpress\/ -->\n<title>3+ SIMPLE (vodoravno pove\u017eite 3 ali ve\u010d IBC cistern) | IBCparts.eu<\/title>\n<meta name=\"description\" content=\"Sistem 3+ SIMPLE za povezavo treh ali ve\u010d IBC cistern. Sedaj \u0161e mo\u010dnej\u0161i in \u0161e cenej\u0161i! Mo\u010dan. Izjemno uporaben. \u0160e ugodnej\u0161i. \u017de sestavljen!\" \/>\n<meta name=\"robots\" content=\"index, follow, max-snippet:-1, max-image-preview:large, max-video-preview:-1\" \/>\n<link rel=\"canonical\" href=\"https:\/\/ibcparts.eu\/hu\/termek\/sistem-3simple\/\" \/>\n<meta property=\"og:locale\" content=\"hu_HU\" \/>\n<meta property=\"og:type\" content=\"article\" \/>\n<meta property=\"og:title\" content=\"3+ SIMPLE (vodoravno pove\u017eite 3 ali ve\u010d IBC cistern) | IBCparts.eu\" \/>\n<meta property=\"og:description\" content=\"Sistem 3+ SIMPLE za povezavo treh ali ve\u010d IBC cistern. Sedaj \u0161e mo\u010dnej\u0161i in \u0161e cenej\u0161i! Mo\u010dan. Izjemno uporaben. \u0160e ugodnej\u0161i. \u017de sestavljen!\" \/>\n<meta property=\"og:url\" content=\"https:\/\/ibcparts.eu\/hu\/termek\/sistem-3simple\/\" \/>\n<meta property=\"og:site_name\" content=\"IBCparts.eu\" \/>\n<meta property=\"article:modified_time\" content=\"2026-01-14T08:27:35+00:00\" \/>\n<meta property=\"og:image\" content=\"https:\/\/ibcparts.eu\/wp-content\/uploads\/2025\/11\/TRIO-SIMPLE.png\" \/>\n\t<meta property=\"og:image:width\" content=\"827\" \/>\n\t<meta property=\"og:image:height\" content=\"827\" \/>\n\t<meta property=\"og:image:type\" content=\"image\/png\" \/>\n<meta name=\"twitter:card\" content=\"summary_large_image\" \/>\n<meta name=\"twitter:label1\" content=\"Becs\u00fclt olvas\u00e1si id\u0151\" \/>\n\t<meta name=\"twitter:data1\" content=\"3 perc\" \/>\n<script type=\"application\/ld+json\" class=\"yoast-schema-graph\">{\"@context\":\"https:\/\/schema.org\",\"@graph\":[{\"@type\":\"WebPage\",\"@id\":\"https:\/\/ibcparts.eu\/izdelek\/sistem-3simple\/\",\"url\":\"https:\/\/ibcparts.eu\/izdelek\/sistem-3simple\/\",\"name\":\"3+ SIMPLE (vodoravno pove\u017eite 3 ali ve\u010d IBC cistern) | IBCparts.eu\",\"isPartOf\":{\"@id\":\"https:\/\/ibcparts.eu\/#website\"},\"primaryImageOfPage\":{\"@id\":\"https:\/\/ibcparts.eu\/izdelek\/sistem-3simple\/#primaryimage\"},\"image\":{\"@id\":\"https:\/\/ibcparts.eu\/izdelek\/sistem-3simple\/#primaryimage\"},\"thumbnailUrl\":\"https:\/\/ibcparts.eu\/wp-content\/uploads\/2025\/11\/TRIO-SIMPLE.png\",\"datePublished\":\"2025-11-22T09:07:58+00:00\",\"dateModified\":\"2026-01-14T08:27:35+00:00\",\"description\":\"Sistem 3+ SIMPLE za povezavo treh ali ve\u010d IBC cistern. Sedaj \u0161e mo\u010dnej\u0161i in \u0161e cenej\u0161i! Mo\u010dan. Izjemno uporaben. \u0160e ugodnej\u0161i. \u017de sestavljen!\",\"breadcrumb\":{\"@id\":\"https:\/\/ibcparts.eu\/izdelek\/sistem-3simple\/#breadcrumb\"},\"inLanguage\":\"hu\",\"potentialAction\":[{\"@type\":\"ReadAction\",\"target\":[\"https:\/\/ibcparts.eu\/izdelek\/sistem-3simple\/\"]}]},{\"@type\":\"ImageObject\",\"inLanguage\":\"hu\",\"@id\":\"https:\/\/ibcparts.eu\/izdelek\/sistem-3simple\/#primaryimage\",\"url\":\"https:\/\/ibcparts.eu\/wp-content\/uploads\/2025\/11\/TRIO-SIMPLE.png\",\"contentUrl\":\"https:\/\/ibcparts.eu\/wp-content\/uploads\/2025\/11\/TRIO-SIMPLE.png\",\"width\":827,\"height\":827,\"caption\":\"Sistem 3+ SIMPLE za povezavo treh ali ve\u010d IBC cistern.\"},{\"@type\":\"BreadcrumbList\",\"@id\":\"https:\/\/ibcparts.eu\/izdelek\/sistem-3simple\/#breadcrumb\",\"itemListElement\":[{\"@type\":\"ListItem\",\"position\":1,\"name\":\"Home\",\"item\":\"https:\/\/ibcparts.eu\/\"},{\"@type\":\"ListItem\",\"position\":2,\"name\":\"Nakupujte\",\"item\":\"https:\/\/ibcparts.eu\/nakupujte\/\"},{\"@type\":\"ListItem\",\"position\":3,\"name\":\"3+ SIMPLE (vodoravno pove\u017eite 3 ali ve\u010d IBC cistern)\"}]},{\"@type\":\"WebSite\",\"@id\":\"https:\/\/ibcparts.eu\/#website\",\"url\":\"https:\/\/ibcparts.eu\/\",\"name\":\"IBCparts.eu\",\"description\":\"\",\"publisher\":{\"@id\":\"https:\/\/ibcparts.eu\/#organization\"},\"potentialAction\":[{\"@type\":\"SearchAction\",\"target\":{\"@type\":\"EntryPoint\",\"urlTemplate\":\"https:\/\/ibcparts.eu\/?s={search_term_string}\"},\"query-input\":{\"@type\":\"PropertyValueSpecification\",\"valueRequired\":true,\"valueName\":\"search_term_string\"}}],\"inLanguage\":\"hu\"},{\"@type\":\"Organization\",\"@id\":\"https:\/\/ibcparts.eu\/#organization\",\"name\":\"IBCparts\",\"url\":\"https:\/\/ibcparts.eu\/\",\"logo\":{\"@type\":\"ImageObject\",\"inLanguage\":\"hu\",\"@id\":\"https:\/\/ibcparts.eu\/#\/schema\/logo\/image\/\",\"url\":\"https:\/\/ibcparts.eu\/wp-content\/uploads\/2021\/10\/Footer-Logo.png\",\"contentUrl\":\"https:\/\/ibcparts.eu\/wp-content\/uploads\/2021\/10\/Footer-Logo.png\",\"width\":1992,\"height\":772,\"caption\":\"IBCparts\"},\"image\":{\"@id\":\"https:\/\/ibcparts.eu\/#\/schema\/logo\/image\/\"}}]}<\/script>\n<!-- \/ Yoast SEO plugin. -->","yoast_head_json":{"title":"3+ SIMPLE (vodoravno pove\u017eite 3 ali ve\u010d IBC cistern) | IBCparts.eu","description":"Sistem 3+ SIMPLE za povezavo treh ali ve\u010d IBC cistern. Sedaj \u0161e mo\u010dnej\u0161i in \u0161e cenej\u0161i! Mo\u010dan. Izjemno uporaben. \u0160e ugodnej\u0161i. \u017de sestavljen!","robots":{"index":"index","follow":"follow","max-snippet":"max-snippet:-1","max-image-preview":"max-image-preview:large","max-video-preview":"max-video-preview:-1"},"canonical":"https:\/\/ibcparts.eu\/hu\/termek\/sistem-3simple\/","og_locale":"hu_HU","og_type":"article","og_title":"3+ SIMPLE (vodoravno pove\u017eite 3 ali ve\u010d IBC cistern) | IBCparts.eu","og_description":"Sistem 3+ SIMPLE za povezavo treh ali ve\u010d IBC cistern. Sedaj \u0161e mo\u010dnej\u0161i in \u0161e cenej\u0161i! Mo\u010dan. Izjemno uporaben. \u0160e ugodnej\u0161i. \u017de sestavljen!","og_url":"https:\/\/ibcparts.eu\/hu\/termek\/sistem-3simple\/","og_site_name":"IBCparts.eu","article_modified_time":"2026-01-14T08:27:35+00:00","og_image":[{"width":827,"height":827,"url":"https:\/\/ibcparts.eu\/wp-content\/uploads\/2025\/11\/TRIO-SIMPLE.png","type":"image\/png"}],"twitter_card":"summary_large_image","twitter_misc":{"Becs\u00fclt olvas\u00e1si id\u0151":"3 perc"},"schema":{"@context":"https:\/\/schema.org","@graph":[{"@type":"WebPage","@id":"https:\/\/ibcparts.eu\/izdelek\/sistem-3simple\/","url":"https:\/\/ibcparts.eu\/izdelek\/sistem-3simple\/","name":"3+ SIMPLE (vodoravno pove\u017eite 3 ali ve\u010d IBC cistern) | IBCparts.eu","isPartOf":{"@id":"https:\/\/ibcparts.eu\/#website"},"primaryImageOfPage":{"@id":"https:\/\/ibcparts.eu\/izdelek\/sistem-3simple\/#primaryimage"},"image":{"@id":"https:\/\/ibcparts.eu\/izdelek\/sistem-3simple\/#primaryimage"},"thumbnailUrl":"https:\/\/ibcparts.eu\/wp-content\/uploads\/2025\/11\/TRIO-SIMPLE.png","datePublished":"2025-11-22T09:07:58+00:00","dateModified":"2026-01-14T08:27:35+00:00","description":"Sistem 3+ SIMPLE za povezavo treh ali ve\u010d IBC cistern. Sedaj \u0161e mo\u010dnej\u0161i in \u0161e cenej\u0161i! Mo\u010dan. Izjemno uporaben. \u0160e ugodnej\u0161i. \u017de sestavljen!","breadcrumb":{"@id":"https:\/\/ibcparts.eu\/izdelek\/sistem-3simple\/#breadcrumb"},"inLanguage":"hu","potentialAction":[{"@type":"ReadAction","target":["https:\/\/ibcparts.eu\/izdelek\/sistem-3simple\/"]}]},{"@type":"ImageObject","inLanguage":"hu","@id":"https:\/\/ibcparts.eu\/izdelek\/sistem-3simple\/#primaryimage","url":"https:\/\/ibcparts.eu\/wp-content\/uploads\/2025\/11\/TRIO-SIMPLE.png","contentUrl":"https:\/\/ibcparts.eu\/wp-content\/uploads\/2025\/11\/TRIO-SIMPLE.png","width":827,"height":827,"caption":"Sistem 3+ SIMPLE za povezavo treh ali ve\u010d IBC cistern."},{"@type":"BreadcrumbList","@id":"https:\/\/ibcparts.eu\/izdelek\/sistem-3simple\/#breadcrumb","itemListElement":[{"@type":"ListItem","position":1,"name":"Home","item":"https:\/\/ibcparts.eu\/"},{"@type":"ListItem","position":2,"name":"Nakupujte","item":"https:\/\/ibcparts.eu\/nakupujte\/"},{"@type":"ListItem","position":3,"name":"3+ SIMPLE (vodoravno pove\u017eite 3 ali ve\u010d IBC cistern)"}]},{"@type":"WebSite","@id":"https:\/\/ibcparts.eu\/#website","url":"https:\/\/ibcparts.eu\/","name":"IBCparts.eu","description":"","publisher":{"@id":"https:\/\/ibcparts.eu\/#organization"},"potentialAction":[{"@type":"SearchAction","target":{"@type":"EntryPoint","urlTemplate":"https:\/\/ibcparts.eu\/?s={search_term_string}"},"query-input":{"@type":"PropertyValueSpecification","valueRequired":true,"valueName":"search_term_string"}}],"inLanguage":"hu"},{"@type":"Organization","@id":"https:\/\/ibcparts.eu\/#organization","name":"IBCparts","url":"https:\/\/ibcparts.eu\/","logo":{"@type":"ImageObject","inLanguage":"hu","@id":"https:\/\/ibcparts.eu\/#\/schema\/logo\/image\/","url":"https:\/\/ibcparts.eu\/wp-content\/uploads\/2021\/10\/Footer-Logo.png","contentUrl":"https:\/\/ibcparts.eu\/wp-content\/uploads\/2021\/10\/Footer-Logo.png","width":1992,"height":772,"caption":"IBCparts"},"image":{"@id":"https:\/\/ibcparts.eu\/#\/schema\/logo\/image\/"}}]}},"_links":{"self":[{"href":"https:\/\/ibcparts.eu\/hu\/wp-json\/wp\/v2\/product\/18186","targetHints":{"allow":["GET"]}}],"collection":[{"href":"https:\/\/ibcparts.eu\/hu\/wp-json\/wp\/v2\/product"}],"about":[{"href":"https:\/\/ibcparts.eu\/hu\/wp-json\/wp\/v2\/types\/product"}],"version-history":[{"count":3,"href":"https:\/\/ibcparts.eu\/hu\/wp-json\/wp\/v2\/product\/18186\/revisions"}],"predecessor-version":[{"id":20269,"href":"https:\/\/ibcparts.eu\/hu\/wp-json\/wp\/v2\/product\/18186\/revisions\/20269"}],"wp:featuredmedia":[{"embeddable":true,"href":"https:\/\/ibcparts.eu\/hu\/wp-json\/wp\/v2\/media\/18204"}],"wp:attachment":[{"href":"https:\/\/ibcparts.eu\/hu\/wp-json\/wp\/v2\/media?parent=18186"}],"wp:term":[{"taxonomy":"product_brand","embeddable":true,"href":"https:\/\/ibcparts.eu\/hu\/wp-json\/wp\/v2\/product_brand?post=18186"},{"taxonomy":"product_cat","embeddable":true,"href":"https:\/\/ibcparts.eu\/hu\/wp-json\/wp\/v2\/product_cat?post=18186"},{"taxonomy":"product_tag","embeddable":true,"href":"https:\/\/ibcparts.eu\/hu\/wp-json\/wp\/v2\/product_tag?post=18186"}],"curies":[{"name":"wp","href":"https:\/\/api.w.org\/{rel}","templated":true}]}}