{"id":17383,"date":"2024-12-31T10:21:38","date_gmt":"2024-12-31T09:21:38","guid":{"rendered":"https:\/\/ibcparts.eu\/?post_type=product&#038;p=17383"},"modified":"2026-02-17T10:04:13","modified_gmt":"2026-02-17T09:04:13","slug":"camlock-prikljucek-z-moskim-2-bsp-navojem","status":"publish","type":"product","link":"https:\/\/ibcparts.eu\/hu\/termek\/camlock-csatlakozo-kulso-2-bsp-menettel\/","title":{"rendered":"Camlock csatlakoz\u00f3 IBC tart\u00e1lyhoz k\u00fcls\u0151 (f\u00e9rfi) 2\u2033 BSP menettel"},"content":{"rendered":"","protected":false},"excerpt":{"rendered":"<h2 data-start=\"165\" data-end=\"217\">2\u2033-os Camlock csatlakoz\u00f3 k\u00fcls\u0151 (f\u00e9rfi) BSP menettel<\/h2>\n<p data-start=\"219\" data-end=\"648\" class=\" translation-block\">A k\u00fcls\u0151 (f\u00e9rfi) 2\u2033 BSP menettel ell\u00e1tott Camlock csatlakoz\u00f3 2\u2033-os camlock csatlakoz\u00e1s\u00fa rendszerek \u00e9s k\u00fcls\u0151 BSP menetek \u00f6sszekapcsol\u00e1s\u00e1ra szolg\u00e1l. <strong data-start=\"353\" data-end=\"399\">IBC tart\u00e1lyhoz val\u00f3 adapterk\u00e9nt vagy csatlakoz\u00f3k\u00e9nt<\/strong> haszn\u00e1lhat\u00f3; ha a tart\u00e1ly nem rendelkezik camlock szeleppel, gyorscsatlakoz\u00f3val (<a href=\"https:\/\/ibcparts.eu\/izdelek\/hitra-spojka-camlock-za-ibc-cisterne-z-ventilom-fi-60mm\/\" target=\"_self\">166-os cikksz\u00e1m<\/a>) kombin\u00e1lva is alkalmazhat\u00f3, amennyiben az IBC tart\u00e1ly S60x6 menettel rendelkezik. PP anyagb\u00f3l k\u00e9sz\u00fclt, EPDM gumit\u00f6m\u00edt\u00e9ssel, amely <strong data-start=\"582\" data-end=\"647\">megb\u00edzhat\u00f3 t\u00f6m\u00edt\u00e9st biztos\u00edt m\u00e9g kisebb csatlakoz\u00e1si egyenetlens\u00e9gek eset\u00e9n is<\/strong>.<\/p>\n<ul>\n<li class=\" translation-block\"><strong>Tart\u00e1lycsatlakoz\u00e1s t\u00edpusa:<\/strong> 2\u2033 camlock<\/li>\n<li>Zunanji (mo\u0161ki) 2&#8243; BSP na drugi strani.<\/li>\n<li class=\" translation-block\"><strong>Anyag:<\/strong> m\u0171anyag (PP)<\/li>\n<li><strong>Sz\u00edn:<\/strong> Fekete<\/li>\n<li><strong>T\u00f6m\u00edt\u00e9s:<\/strong> EPDM guma<\/li>\n<\/ul>\n<p><a href=\"https:\/\/ibcparts.eu\/izdelek\/tesnilo-65x50x5-za-camlock-prikljucke\/\">\ud83d\udc49 Za ta adapter imamo na voljo tesnila v materialih\u00a0<strong data-start=\"50\" data-end=\"91\">PE, EPDM, NBR, silikon in VITON (FKM)<\/strong>.<\/a><\/p>","protected":false},"featured_media":17386,"template":"","meta":[],"product_brand":[],"product_cat":[195],"product_tag":[407],"class_list":{"0":"post-17383","1":"product","2":"type-product","3":"status-publish","4":"has-post-thumbnail","6":"product_cat-camlock-prikljucki","7":"product_tag-camlock-prikljucek-z-moskim-2-bsp-navojem","9":"first","10":"instock","11":"shipping-taxable","12":"purchasable","13":"product-type-simple"},"yoast_head":"<!-- This site is optimized with the Yoast SEO plugin v27.1.1 - https:\/\/yoast.com\/product\/yoast-seo-wordpress\/ -->\n<title>Camlock priklju\u010dek za IBC cisterno z mo\u0161kim 2&quot; BSP navojem<\/title>\n<meta name=\"description\" content=\"Camlock priklju\u010dek 2\u2033 z mo\u0161kim BSP navojem iz PP z EPDM tesnilom. Primeren za uporabo z hitro spojko na IBC cisternah S60x6.\" \/>\n<meta name=\"robots\" content=\"index, follow, max-snippet:-1, max-image-preview:large, max-video-preview:-1\" \/>\n<link rel=\"canonical\" href=\"https:\/\/ibcparts.eu\/hu\/termek\/camlock-csatlakozo-kulso-2-bsp-menettel\/\" \/>\n<meta property=\"og:locale\" content=\"hu_HU\" \/>\n<meta property=\"og:type\" content=\"article\" \/>\n<meta property=\"og:title\" content=\"Camlock priklju\u010dek za IBC cisterno z mo\u0161kim 2&quot; BSP navojem\" \/>\n<meta property=\"og:description\" content=\"Camlock priklju\u010dek 2\u2033 z mo\u0161kim BSP navojem iz PP z EPDM tesnilom. Primeren za uporabo z hitro spojko na IBC cisternah S60x6.\" \/>\n<meta property=\"og:url\" content=\"https:\/\/ibcparts.eu\/hu\/termek\/camlock-csatlakozo-kulso-2-bsp-menettel\/\" \/>\n<meta property=\"og:site_name\" content=\"IBCparts.eu\" \/>\n<meta property=\"article:modified_time\" content=\"2026-02-17T09:04:13+00:00\" \/>\n<meta property=\"og:image\" content=\"https:\/\/ibcparts.eu\/wp-content\/uploads\/2024\/12\/Camlock_IBC_2x2_M_BSP.png\" \/>\n\t<meta property=\"og:image:width\" content=\"500\" \/>\n\t<meta property=\"og:image:height\" content=\"500\" \/>\n\t<meta property=\"og:image:type\" content=\"image\/png\" \/>\n<meta name=\"twitter:card\" content=\"summary_large_image\" \/>\n<script type=\"application\/ld+json\" class=\"yoast-schema-graph\">{\"@context\":\"https:\/\/schema.org\",\"@graph\":[{\"@type\":\"WebPage\",\"@id\":\"https:\/\/ibcparts.eu\/izdelek\/camlock-prikljucek-z-moskim-2-bsp-navojem\/\",\"url\":\"https:\/\/ibcparts.eu\/izdelek\/camlock-prikljucek-z-moskim-2-bsp-navojem\/\",\"name\":\"Camlock priklju\u010dek za IBC cisterno z mo\u0161kim 2\\\" BSP navojem\",\"isPartOf\":{\"@id\":\"https:\/\/ibcparts.eu\/#website\"},\"primaryImageOfPage\":{\"@id\":\"https:\/\/ibcparts.eu\/izdelek\/camlock-prikljucek-z-moskim-2-bsp-navojem\/#primaryimage\"},\"image\":{\"@id\":\"https:\/\/ibcparts.eu\/izdelek\/camlock-prikljucek-z-moskim-2-bsp-navojem\/#primaryimage\"},\"thumbnailUrl\":\"https:\/\/ibcparts.eu\/wp-content\/uploads\/2024\/12\/Camlock_IBC_2x2_M_BSP.png\",\"datePublished\":\"2024-12-31T09:21:38+00:00\",\"dateModified\":\"2026-02-17T09:04:13+00:00\",\"description\":\"Camlock priklju\u010dek 2\u2033 z mo\u0161kim BSP navojem iz PP z EPDM tesnilom. Primeren za uporabo z hitro spojko na IBC cisternah S60x6.\",\"breadcrumb\":{\"@id\":\"https:\/\/ibcparts.eu\/izdelek\/camlock-prikljucek-z-moskim-2-bsp-navojem\/#breadcrumb\"},\"inLanguage\":\"hu-HU\",\"potentialAction\":[{\"@type\":\"ReadAction\",\"target\":[\"https:\/\/ibcparts.eu\/izdelek\/camlock-prikljucek-z-moskim-2-bsp-navojem\/\"]}]},{\"@type\":\"ImageObject\",\"inLanguage\":\"hu-HU\",\"@id\":\"https:\/\/ibcparts.eu\/izdelek\/camlock-prikljucek-z-moskim-2-bsp-navojem\/#primaryimage\",\"url\":\"https:\/\/ibcparts.eu\/wp-content\/uploads\/2024\/12\/Camlock_IBC_2x2_M_BSP.png\",\"contentUrl\":\"https:\/\/ibcparts.eu\/wp-content\/uploads\/2024\/12\/Camlock_IBC_2x2_M_BSP.png\",\"width\":500,\"height\":500},{\"@type\":\"BreadcrumbList\",\"@id\":\"https:\/\/ibcparts.eu\/izdelek\/camlock-prikljucek-z-moskim-2-bsp-navojem\/#breadcrumb\",\"itemListElement\":[{\"@type\":\"ListItem\",\"position\":1,\"name\":\"Home\",\"item\":\"https:\/\/ibcparts.eu\/\"},{\"@type\":\"ListItem\",\"position\":2,\"name\":\"Nakupujte\",\"item\":\"https:\/\/ibcparts.eu\/nakupujte\/\"},{\"@type\":\"ListItem\",\"position\":3,\"name\":\"Camlock priklju\u010dek za IBC cisterno z mo\u0161kim 2&#8243; BSP navojem\"}]},{\"@type\":\"WebSite\",\"@id\":\"https:\/\/ibcparts.eu\/#website\",\"url\":\"https:\/\/ibcparts.eu\/\",\"name\":\"IBCparts.eu\",\"description\":\"\",\"publisher\":{\"@id\":\"https:\/\/ibcparts.eu\/#organization\"},\"potentialAction\":[{\"@type\":\"SearchAction\",\"target\":{\"@type\":\"EntryPoint\",\"urlTemplate\":\"https:\/\/ibcparts.eu\/?s={search_term_string}\"},\"query-input\":{\"@type\":\"PropertyValueSpecification\",\"valueRequired\":true,\"valueName\":\"search_term_string\"}}],\"inLanguage\":\"hu-HU\"},{\"@type\":\"Organization\",\"@id\":\"https:\/\/ibcparts.eu\/#organization\",\"name\":\"IBCparts\",\"url\":\"https:\/\/ibcparts.eu\/\",\"logo\":{\"@type\":\"ImageObject\",\"inLanguage\":\"hu-HU\",\"@id\":\"https:\/\/ibcparts.eu\/#\/schema\/logo\/image\/\",\"url\":\"https:\/\/ibcparts.eu\/wp-content\/uploads\/2021\/10\/Footer-Logo.png\",\"contentUrl\":\"https:\/\/ibcparts.eu\/wp-content\/uploads\/2021\/10\/Footer-Logo.png\",\"width\":1992,\"height\":772,\"caption\":\"IBCparts\"},\"image\":{\"@id\":\"https:\/\/ibcparts.eu\/#\/schema\/logo\/image\/\"}}]}<\/script>\n<!-- \/ Yoast SEO plugin. -->","yoast_head_json":{"title":"Camlock priklju\u010dek za IBC cisterno z mo\u0161kim 2\" BSP navojem","description":"Camlock priklju\u010dek 2\u2033 z mo\u0161kim BSP navojem iz PP z EPDM tesnilom. Primeren za uporabo z hitro spojko na IBC cisternah S60x6.","robots":{"index":"index","follow":"follow","max-snippet":"max-snippet:-1","max-image-preview":"max-image-preview:large","max-video-preview":"max-video-preview:-1"},"canonical":"https:\/\/ibcparts.eu\/hu\/termek\/camlock-csatlakozo-kulso-2-bsp-menettel\/","og_locale":"hu_HU","og_type":"article","og_title":"Camlock priklju\u010dek za IBC cisterno z mo\u0161kim 2\" BSP navojem","og_description":"Camlock priklju\u010dek 2\u2033 z mo\u0161kim BSP navojem iz PP z EPDM tesnilom. Primeren za uporabo z hitro spojko na IBC cisternah S60x6.","og_url":"https:\/\/ibcparts.eu\/hu\/termek\/camlock-csatlakozo-kulso-2-bsp-menettel\/","og_site_name":"IBCparts.eu","article_modified_time":"2026-02-17T09:04:13+00:00","og_image":[{"width":500,"height":500,"url":"https:\/\/ibcparts.eu\/wp-content\/uploads\/2024\/12\/Camlock_IBC_2x2_M_BSP.png","type":"image\/png"}],"twitter_card":"summary_large_image","schema":{"@context":"https:\/\/schema.org","@graph":[{"@type":"WebPage","@id":"https:\/\/ibcparts.eu\/izdelek\/camlock-prikljucek-z-moskim-2-bsp-navojem\/","url":"https:\/\/ibcparts.eu\/izdelek\/camlock-prikljucek-z-moskim-2-bsp-navojem\/","name":"Camlock priklju\u010dek za IBC cisterno z mo\u0161kim 2\" BSP navojem","isPartOf":{"@id":"https:\/\/ibcparts.eu\/#website"},"primaryImageOfPage":{"@id":"https:\/\/ibcparts.eu\/izdelek\/camlock-prikljucek-z-moskim-2-bsp-navojem\/#primaryimage"},"image":{"@id":"https:\/\/ibcparts.eu\/izdelek\/camlock-prikljucek-z-moskim-2-bsp-navojem\/#primaryimage"},"thumbnailUrl":"https:\/\/ibcparts.eu\/wp-content\/uploads\/2024\/12\/Camlock_IBC_2x2_M_BSP.png","datePublished":"2024-12-31T09:21:38+00:00","dateModified":"2026-02-17T09:04:13+00:00","description":"Camlock priklju\u010dek 2\u2033 z mo\u0161kim BSP navojem iz PP z EPDM tesnilom. Primeren za uporabo z hitro spojko na IBC cisternah S60x6.","breadcrumb":{"@id":"https:\/\/ibcparts.eu\/izdelek\/camlock-prikljucek-z-moskim-2-bsp-navojem\/#breadcrumb"},"inLanguage":"hu-HU","potentialAction":[{"@type":"ReadAction","target":["https:\/\/ibcparts.eu\/izdelek\/camlock-prikljucek-z-moskim-2-bsp-navojem\/"]}]},{"@type":"ImageObject","inLanguage":"hu-HU","@id":"https:\/\/ibcparts.eu\/izdelek\/camlock-prikljucek-z-moskim-2-bsp-navojem\/#primaryimage","url":"https:\/\/ibcparts.eu\/wp-content\/uploads\/2024\/12\/Camlock_IBC_2x2_M_BSP.png","contentUrl":"https:\/\/ibcparts.eu\/wp-content\/uploads\/2024\/12\/Camlock_IBC_2x2_M_BSP.png","width":500,"height":500},{"@type":"BreadcrumbList","@id":"https:\/\/ibcparts.eu\/izdelek\/camlock-prikljucek-z-moskim-2-bsp-navojem\/#breadcrumb","itemListElement":[{"@type":"ListItem","position":1,"name":"Home","item":"https:\/\/ibcparts.eu\/"},{"@type":"ListItem","position":2,"name":"Nakupujte","item":"https:\/\/ibcparts.eu\/nakupujte\/"},{"@type":"ListItem","position":3,"name":"Camlock priklju\u010dek za IBC cisterno z mo\u0161kim 2&#8243; BSP navojem"}]},{"@type":"WebSite","@id":"https:\/\/ibcparts.eu\/#website","url":"https:\/\/ibcparts.eu\/","name":"IBCparts.eu","description":"","publisher":{"@id":"https:\/\/ibcparts.eu\/#organization"},"potentialAction":[{"@type":"SearchAction","target":{"@type":"EntryPoint","urlTemplate":"https:\/\/ibcparts.eu\/?s={search_term_string}"},"query-input":{"@type":"PropertyValueSpecification","valueRequired":true,"valueName":"search_term_string"}}],"inLanguage":"hu-HU"},{"@type":"Organization","@id":"https:\/\/ibcparts.eu\/#organization","name":"IBCparts","url":"https:\/\/ibcparts.eu\/","logo":{"@type":"ImageObject","inLanguage":"hu-HU","@id":"https:\/\/ibcparts.eu\/#\/schema\/logo\/image\/","url":"https:\/\/ibcparts.eu\/wp-content\/uploads\/2021\/10\/Footer-Logo.png","contentUrl":"https:\/\/ibcparts.eu\/wp-content\/uploads\/2021\/10\/Footer-Logo.png","width":1992,"height":772,"caption":"IBCparts"},"image":{"@id":"https:\/\/ibcparts.eu\/#\/schema\/logo\/image\/"}}]}},"_links":{"self":[{"href":"https:\/\/ibcparts.eu\/hu\/wp-json\/wp\/v2\/product\/17383","targetHints":{"allow":["GET"]}}],"collection":[{"href":"https:\/\/ibcparts.eu\/hu\/wp-json\/wp\/v2\/product"}],"about":[{"href":"https:\/\/ibcparts.eu\/hu\/wp-json\/wp\/v2\/types\/product"}],"version-history":[{"count":8,"href":"https:\/\/ibcparts.eu\/hu\/wp-json\/wp\/v2\/product\/17383\/revisions"}],"predecessor-version":[{"id":20644,"href":"https:\/\/ibcparts.eu\/hu\/wp-json\/wp\/v2\/product\/17383\/revisions\/20644"}],"wp:featuredmedia":[{"embeddable":true,"href":"https:\/\/ibcparts.eu\/hu\/wp-json\/wp\/v2\/media\/17386"}],"wp:attachment":[{"href":"https:\/\/ibcparts.eu\/hu\/wp-json\/wp\/v2\/media?parent=17383"}],"wp:term":[{"taxonomy":"product_brand","embeddable":true,"href":"https:\/\/ibcparts.eu\/hu\/wp-json\/wp\/v2\/product_brand?post=17383"},{"taxonomy":"product_cat","embeddable":true,"href":"https:\/\/ibcparts.eu\/hu\/wp-json\/wp\/v2\/product_cat?post=17383"},{"taxonomy":"product_tag","embeddable":true,"href":"https:\/\/ibcparts.eu\/hu\/wp-json\/wp\/v2\/product_tag?post=17383"}],"curies":[{"name":"wp","href":"https:\/\/api.w.org\/{rel}","templated":true}]}}