{"id":17225,"date":"2024-08-07T12:16:05","date_gmt":"2024-08-07T11:16:05","guid":{"rendered":"https:\/\/ibcparts.eu\/?post_type=product&#038;p=17225"},"modified":"2025-11-18T16:57:29","modified_gmt":"2025-11-18T15:57:29","slug":"podstavni-bazni-grelec-analogni","status":"publish","type":"product","link":"https:\/\/ibcparts.eu\/hu\/termek\/analog-alapfuto\/","title":{"rendered":"Alapf\u0171t\u00e9s f\u00e9mhord\u00f3khoz 200 l-ig (anal\u00f3g, 50-300 \u00b0C)"},"content":{"rendered":"","protected":false},"excerpt":{"rendered":"<p>A magas h\u0151m\u00e9rs\u00e9klet\u0171 alapf\u0171t\u00e9s alulr\u00f3l meleg\u00edti a f\u00e9mhord\u00f3kat.<\/p>\n<ul>\n<li>555 mm \u00e1tm\u00e9r\u0151j\u0171.<\/li>\n<li>Kompatibilis minden f\u00e9m hord\u00f3m\u00e9rettel 200 literig.<\/li>\n<li>Be\u00e9p\u00edtett termoszt\u00e1tja 50 \u00e9s 300 \u00b0C k\u00f6z\u00f6tti tartom\u00e1nyban \u00e1ll rendelkez\u00e9sre, \u00e9s a gyorsabb f\u0171t\u00e9s \u00e9rdek\u00e9ben kombin\u00e1lhat\u00f3 hagyom\u00e1nyos hord\u00f3f\u0171t\u0151vel.<\/li>\n<li>K\u00fcl\u00f6nb\u00f6z\u0151 ipari folyad\u00e9kok meleg\u00edt\u00e9s\u00e9re haszn\u00e1lhat\u00f3.<\/li>\n<li>3 m\u00e9teres t\u00e1pk\u00e1bel.<\/li>\n<li>Termoszt\u00e1t: 50 \u00b0C \u00e9s 300 \u00b0C k\u00f6z\u00f6tt.<\/li>\n<li>230V, 1800W.<\/li>\n<li>S\u00faly: 15 kg.<\/li>\n<li>A gyorsabb f\u0171t\u00e9s \u00e9rdek\u00e9ben k\u00f6nnyen haszn\u00e1lhat\u00f3 m\u00e1s hord\u00f3meleg\u00edt\u0151kkel vagy szigetel\u0151k\u00f6penyekkel egy\u00fctt.<\/li>\n<li>IP 54.<\/li>\n<li>Kombin\u00e1lhat\u00f3 f\u0171t\u0151k\u00f6pennyel, szigetel\u0151k\u00f6pennyel \u00e9s\/vagy szigetel\u0151burkolattal.<\/li>\n<li><strong>Mi vagyunk egy f\u0171t\u0151- \u00e9s v\u00e9d\u0151r\u00e9tegeket gy\u00e1rt\u00f3 v\u00e1llalat uni\u00f3s \u00fcgyn\u00f6kei.<\/strong><\/li>\n<li><strong>Ez\u00e9rt a term\u00e9k \u00e1ra nem tartalmazza az \u00c1FA-t, \u00e9s a postak\u00f6lts\u00e9g pontos \u00f6sszeg\u00e9t a becsl\u00e9skor sz\u00e1moljuk ki.<\/strong><\/li>\n<li>\u00c1ltal\u00e1ban tov\u00e1bbi kedvezm\u00e9nyt vesz\u00fcnk figyelembe, k\u00fcl\u00f6n\u00f6sen 2 vagy t\u00f6bb darabos mennyis\u00e9g eset\u00e9n.<\/li>\n<\/ul>\n<p>&nbsp;<\/p>\n<p>Ide\u00e1lis a nyersanyagok felmeleg\u00edt\u00e9s\u00e9hez:<\/p>\n<ul>\n<li>V\u00edz.<\/li>\n<li>Olajok \u00e9s g\u00e1zolaj.<\/li>\n<li>Pitch.<\/li>\n<li>Vazelin.<\/li>\n<li>Viasz, pl. lanolin (gyapj\u00faviasz vagy gyapj\u00fazs\u00edr).<\/li>\n<li>Zs\u00edrok.<\/li>\n<li>Ragaszt\u00f3.<\/li>\n<li>Ragaszt\u00f3k.<\/li>\n<\/ul>\n<p>&nbsp;<\/p>","protected":false},"featured_media":17228,"template":"","meta":[],"product_brand":[],"product_cat":[317],"product_tag":[347],"class_list":{"0":"post-17225","1":"product","2":"type-product","3":"status-publish","4":"has-post-thumbnail","6":"product_cat-grelniki-zascitne-in-termoizolacijske-ponjave-za-sode-in-ibc-cisterne","7":"product_tag-podstavni-bazni-grelec-za-kovinske-sode-do-200l-analogni","9":"first","10":"instock","11":"sale","12":"shipping-taxable","13":"purchasable","14":"product-type-simple"},"yoast_head":"<!-- This site is optimized with the Yoast SEO plugin v27.1.1 - https:\/\/yoast.com\/product\/yoast-seo-wordpress\/ -->\n<title>Podstavni (bazni) grelec za kovinske sode do 200l (analogni, 50-300 \u00b0C) | IBCparts.eu<\/title>\n<meta name=\"description\" content=\"Visokotemperaturni bazni grelec za kovinske sode do 200L. Termostat z razponom od 50 do 300 \u00b0C. Uporablja se za segrevanje razli\u010dnih industrijskih teko\u010din.\" \/>\n<meta name=\"robots\" content=\"index, follow, max-snippet:-1, max-image-preview:large, max-video-preview:-1\" \/>\n<link rel=\"canonical\" href=\"https:\/\/ibcparts.eu\/hu\/artikel\/podstavni-bazni-grelec-analogni\/\" \/>\n<meta property=\"og:locale\" content=\"hu_HU\" \/>\n<meta property=\"og:type\" content=\"article\" \/>\n<meta property=\"og:title\" content=\"Podstavni (bazni) grelec za kovinske sode do 200l (analogni, 50-300 \u00b0C) | IBCparts.eu\" \/>\n<meta property=\"og:description\" content=\"Visokotemperaturni bazni grelec za kovinske sode do 200L. Termostat z razponom od 50 do 300 \u00b0C. Uporablja se za segrevanje razli\u010dnih industrijskih teko\u010din.\" \/>\n<meta property=\"og:url\" content=\"https:\/\/ibcparts.eu\/hu\/artikel\/podstavni-bazni-grelec-analogni\/\" \/>\n<meta property=\"og:site_name\" content=\"IBCparts.eu\" \/>\n<meta property=\"article:modified_time\" content=\"2025-11-18T15:57:29+00:00\" \/>\n<meta property=\"og:image\" content=\"https:\/\/ibcparts.eu\/wp-content\/uploads\/2024\/08\/ht-base-heater-1-1-removebg-preview.png\" \/>\n\t<meta property=\"og:image:width\" content=\"500\" \/>\n\t<meta property=\"og:image:height\" content=\"500\" \/>\n\t<meta property=\"og:image:type\" content=\"image\/png\" \/>\n<meta name=\"twitter:card\" content=\"summary_large_image\" \/>\n<script type=\"application\/ld+json\" class=\"yoast-schema-graph\">{\"@context\":\"https:\/\/schema.org\",\"@graph\":[{\"@type\":\"WebPage\",\"@id\":\"https:\/\/ibcparts.eu\/nl\/artikel\/podstavni-bazni-grelec-analogni\/\",\"url\":\"https:\/\/ibcparts.eu\/nl\/artikel\/podstavni-bazni-grelec-analogni\/\",\"name\":\"Podstavni (bazni) grelec za kovinske sode do 200l (analogni, 50-300 \u00b0C) | IBCparts.eu\",\"isPartOf\":{\"@id\":\"https:\/\/ibcparts.eu\/#website\"},\"primaryImageOfPage\":{\"@id\":\"https:\/\/ibcparts.eu\/nl\/artikel\/podstavni-bazni-grelec-analogni\/#primaryimage\"},\"image\":{\"@id\":\"https:\/\/ibcparts.eu\/nl\/artikel\/podstavni-bazni-grelec-analogni\/#primaryimage\"},\"thumbnailUrl\":\"https:\/\/ibcparts.eu\/wp-content\/uploads\/2024\/08\/ht-base-heater-1-1-removebg-preview.png\",\"datePublished\":\"2024-08-07T11:16:05+00:00\",\"dateModified\":\"2025-11-18T15:57:29+00:00\",\"description\":\"Visokotemperaturni bazni grelec za kovinske sode do 200L. Termostat z razponom od 50 do 300 \u00b0C. Uporablja se za segrevanje razli\u010dnih industrijskih teko\u010din.\",\"breadcrumb\":{\"@id\":\"https:\/\/ibcparts.eu\/nl\/artikel\/podstavni-bazni-grelec-analogni\/#breadcrumb\"},\"inLanguage\":\"hu\",\"potentialAction\":[{\"@type\":\"ReadAction\",\"target\":[\"https:\/\/ibcparts.eu\/nl\/artikel\/podstavni-bazni-grelec-analogni\/\"]}]},{\"@type\":\"ImageObject\",\"inLanguage\":\"hu\",\"@id\":\"https:\/\/ibcparts.eu\/nl\/artikel\/podstavni-bazni-grelec-analogni\/#primaryimage\",\"url\":\"https:\/\/ibcparts.eu\/wp-content\/uploads\/2024\/08\/ht-base-heater-1-1-removebg-preview.png\",\"contentUrl\":\"https:\/\/ibcparts.eu\/wp-content\/uploads\/2024\/08\/ht-base-heater-1-1-removebg-preview.png\",\"width\":500,\"height\":500},{\"@type\":\"BreadcrumbList\",\"@id\":\"https:\/\/ibcparts.eu\/nl\/artikel\/podstavni-bazni-grelec-analogni\/#breadcrumb\",\"itemListElement\":[{\"@type\":\"ListItem\",\"position\":1,\"name\":\"Home\",\"item\":\"https:\/\/ibcparts.eu\/\"},{\"@type\":\"ListItem\",\"position\":2,\"name\":\"Nakupujte\",\"item\":\"https:\/\/ibcparts.eu\/nakupujte\/\"},{\"@type\":\"ListItem\",\"position\":3,\"name\":\"Podstavni (bazni) grelec za kovinske sode do 200l (analogni, 50-300 \u00b0C)\"}]},{\"@type\":\"WebSite\",\"@id\":\"https:\/\/ibcparts.eu\/#website\",\"url\":\"https:\/\/ibcparts.eu\/\",\"name\":\"IBCparts.eu\",\"description\":\"\",\"publisher\":{\"@id\":\"https:\/\/ibcparts.eu\/#organization\"},\"potentialAction\":[{\"@type\":\"SearchAction\",\"target\":{\"@type\":\"EntryPoint\",\"urlTemplate\":\"https:\/\/ibcparts.eu\/?s={search_term_string}\"},\"query-input\":{\"@type\":\"PropertyValueSpecification\",\"valueRequired\":true,\"valueName\":\"search_term_string\"}}],\"inLanguage\":\"hu\"},{\"@type\":\"Organization\",\"@id\":\"https:\/\/ibcparts.eu\/#organization\",\"name\":\"IBCparts\",\"url\":\"https:\/\/ibcparts.eu\/\",\"logo\":{\"@type\":\"ImageObject\",\"inLanguage\":\"hu\",\"@id\":\"https:\/\/ibcparts.eu\/#\/schema\/logo\/image\/\",\"url\":\"https:\/\/ibcparts.eu\/wp-content\/uploads\/2021\/10\/Footer-Logo.png\",\"contentUrl\":\"https:\/\/ibcparts.eu\/wp-content\/uploads\/2021\/10\/Footer-Logo.png\",\"width\":1992,\"height\":772,\"caption\":\"IBCparts\"},\"image\":{\"@id\":\"https:\/\/ibcparts.eu\/#\/schema\/logo\/image\/\"}}]}<\/script>\n<!-- \/ Yoast SEO plugin. -->","yoast_head_json":{"title":"Alapf\u0171t\u00e9s f\u00e9mhord\u00f3khoz 200 l-ig (anal\u00f3g, 50-300 \u00b0C) | IBCparts.eu","description":"Magas h\u0151m\u00e9rs\u00e9klet\u0171 alapf\u0171t\u0151 f\u00e9mhord\u00f3khoz 200 L-ig. 50-300 \u00b0C k\u00f6z\u00f6tti termoszt\u00e1t-tartom\u00e1ny. K\u00fcl\u00f6nb\u00f6z\u0151 ipari folyad\u00e9kok f\u0171t\u00e9s\u00e9re haszn\u00e1lhat\u00f3.","robots":{"index":"index","follow":"follow","max-snippet":"max-snippet:-1","max-image-preview":"max-image-preview:large","max-video-preview":"max-video-preview:-1"},"canonical":"https:\/\/ibcparts.eu\/hu\/artikel\/podstavni-bazni-grelec-analogni\/","og_locale":"hu_HU","og_type":"article","og_title":"Podstavni (bazni) grelec za kovinske sode do 200l (analogni, 50-300 \u00b0C) | IBCparts.eu","og_description":"Visokotemperaturni bazni grelec za kovinske sode do 200L. Termostat z razponom od 50 do 300 \u00b0C. Uporablja se za segrevanje razli\u010dnih industrijskih teko\u010din.","og_url":"https:\/\/ibcparts.eu\/hu\/artikel\/podstavni-bazni-grelec-analogni\/","og_site_name":"IBCparts.eu","article_modified_time":"2025-11-18T15:57:29+00:00","og_image":[{"width":500,"height":500,"url":"https:\/\/ibcparts.eu\/wp-content\/uploads\/2024\/08\/ht-base-heater-1-1-removebg-preview.png","type":"image\/png"}],"twitter_card":"summary_large_image","schema":{"@context":"https:\/\/schema.org","@graph":[{"@type":"WebPage","@id":"https:\/\/ibcparts.eu\/nl\/artikel\/podstavni-bazni-grelec-analogni\/","url":"https:\/\/ibcparts.eu\/nl\/artikel\/podstavni-bazni-grelec-analogni\/","name":"Alapf\u0171t\u00e9s f\u00e9mhord\u00f3khoz 200 l-ig (anal\u00f3g, 50-300 \u00b0C) | IBCparts.eu","isPartOf":{"@id":"https:\/\/ibcparts.eu\/#website"},"primaryImageOfPage":{"@id":"https:\/\/ibcparts.eu\/nl\/artikel\/podstavni-bazni-grelec-analogni\/#primaryimage"},"image":{"@id":"https:\/\/ibcparts.eu\/nl\/artikel\/podstavni-bazni-grelec-analogni\/#primaryimage"},"thumbnailUrl":"https:\/\/ibcparts.eu\/wp-content\/uploads\/2024\/08\/ht-base-heater-1-1-removebg-preview.png","datePublished":"2024-08-07T11:16:05+00:00","dateModified":"2025-11-18T15:57:29+00:00","description":"Magas h\u0151m\u00e9rs\u00e9klet\u0171 alapf\u0171t\u0151 f\u00e9mhord\u00f3khoz 200 L-ig. 50-300 \u00b0C k\u00f6z\u00f6tti termoszt\u00e1t-tartom\u00e1ny. K\u00fcl\u00f6nb\u00f6z\u0151 ipari folyad\u00e9kok f\u0171t\u00e9s\u00e9re haszn\u00e1lhat\u00f3.","breadcrumb":{"@id":"https:\/\/ibcparts.eu\/nl\/artikel\/podstavni-bazni-grelec-analogni\/#breadcrumb"},"inLanguage":"hu","potentialAction":[{"@type":"ReadAction","target":["https:\/\/ibcparts.eu\/nl\/artikel\/podstavni-bazni-grelec-analogni\/"]}]},{"@type":"ImageObject","inLanguage":"hu","@id":"https:\/\/ibcparts.eu\/nl\/artikel\/podstavni-bazni-grelec-analogni\/#primaryimage","url":"https:\/\/ibcparts.eu\/wp-content\/uploads\/2024\/08\/ht-base-heater-1-1-removebg-preview.png","contentUrl":"https:\/\/ibcparts.eu\/wp-content\/uploads\/2024\/08\/ht-base-heater-1-1-removebg-preview.png","width":500,"height":500},{"@type":"BreadcrumbList","@id":"https:\/\/ibcparts.eu\/nl\/artikel\/podstavni-bazni-grelec-analogni\/#breadcrumb","itemListElement":[{"@type":"ListItem","position":1,"name":"Home","item":"https:\/\/ibcparts.eu\/"},{"@type":"ListItem","position":2,"name":"Nakupujte","item":"https:\/\/ibcparts.eu\/nakupujte\/"},{"@type":"ListItem","position":3,"name":"Podstavni (bazni) grelec za kovinske sode do 200l (analogni, 50-300 \u00b0C)"}]},{"@type":"WebSite","@id":"https:\/\/ibcparts.eu\/#website","url":"https:\/\/ibcparts.eu\/","name":"IBCparts.eu","description":"","publisher":{"@id":"https:\/\/ibcparts.eu\/#organization"},"potentialAction":[{"@type":"SearchAction","target":{"@type":"EntryPoint","urlTemplate":"https:\/\/ibcparts.eu\/?s={search_term_string}"},"query-input":{"@type":"PropertyValueSpecification","valueRequired":true,"valueName":"search_term_string"}}],"inLanguage":"hu"},{"@type":"Organization","@id":"https:\/\/ibcparts.eu\/#organization","name":"IBCparts","url":"https:\/\/ibcparts.eu\/","logo":{"@type":"ImageObject","inLanguage":"hu","@id":"https:\/\/ibcparts.eu\/#\/schema\/logo\/image\/","url":"https:\/\/ibcparts.eu\/wp-content\/uploads\/2021\/10\/Footer-Logo.png","contentUrl":"https:\/\/ibcparts.eu\/wp-content\/uploads\/2021\/10\/Footer-Logo.png","width":1992,"height":772,"caption":"IBCparts"},"image":{"@id":"https:\/\/ibcparts.eu\/#\/schema\/logo\/image\/"}}]}},"_links":{"self":[{"href":"https:\/\/ibcparts.eu\/hu\/wp-json\/wp\/v2\/product\/17225","targetHints":{"allow":["GET"]}}],"collection":[{"href":"https:\/\/ibcparts.eu\/hu\/wp-json\/wp\/v2\/product"}],"about":[{"href":"https:\/\/ibcparts.eu\/hu\/wp-json\/wp\/v2\/types\/product"}],"version-history":[{"count":0,"href":"https:\/\/ibcparts.eu\/hu\/wp-json\/wp\/v2\/product\/17225\/revisions"}],"wp:featuredmedia":[{"embeddable":true,"href":"https:\/\/ibcparts.eu\/hu\/wp-json\/wp\/v2\/media\/17228"}],"wp:attachment":[{"href":"https:\/\/ibcparts.eu\/hu\/wp-json\/wp\/v2\/media?parent=17225"}],"wp:term":[{"taxonomy":"product_brand","embeddable":true,"href":"https:\/\/ibcparts.eu\/hu\/wp-json\/wp\/v2\/product_brand?post=17225"},{"taxonomy":"product_cat","embeddable":true,"href":"https:\/\/ibcparts.eu\/hu\/wp-json\/wp\/v2\/product_cat?post=17225"},{"taxonomy":"product_tag","embeddable":true,"href":"https:\/\/ibcparts.eu\/hu\/wp-json\/wp\/v2\/product_tag?post=17225"}],"curies":[{"name":"wp","href":"https:\/\/api.w.org\/{rel}","templated":true}]}}