{"id":16989,"date":"2024-06-11T09:16:33","date_gmt":"2024-06-11T08:16:33","guid":{"rendered":"https:\/\/ibcparts.eu\/?post_type=product&#038;p=16989"},"modified":"2026-01-12T14:04:02","modified_gmt":"2026-01-12T13:04:02","slug":"sesalna-cev-adblue","status":"publish","type":"product","link":"https:\/\/ibcparts.eu\/hu\/termek\/adblue-szivocso\/","title":{"rendered":"Sesalna cev za AdBlue \u2013 CDS (2\u2033 BSP \/ S56x4)"},"content":{"rendered":"","protected":false},"excerpt":{"rendered":"<h1 data-start=\"178\" data-end=\"241\">Sesalna cev za AdBlue \u2013 CDS sistem (2\u2033 BSP ali S56x4) za IBC cisterno ali sod<\/h1>\n<p data-start=\"243\" data-end=\"663\">Sesalna cev za AdBlue je del <strong data-start=\"284\" data-end=\"316\">Closed Dispense System (CDS)<\/strong> in je namenjena varnemu ter \u010distem pretakanju AdBlue iz IBC cisterne. Na voljo je z notranjim navojem <strong data-start=\"419\" data-end=\"429\">2\u2033 BSP<\/strong> vagy <strong data-start=\"434\" data-end=\"453\">S56x4 (TriSure)<\/strong>. Uporablja se pri cisternah, ki imajo \u017ee name\u0161\u010den CDS priklop, ali v kombinaciji z ustreznim <a href=\"https:\/\/ibcparts.eu\/izdelek\/pokrov-za-priklop-adblue-sesalne-cevi-z-navojem-trisure\/\">pokrovom<\/a> oziroma <a href=\"https:\/\/ibcparts.eu\/izdelek\/cds-adapter\/\">CDS adapterjem<\/a>. Cev prepre\u010duje kontaminacijo in razlitje ter zagotavlja nadzorovano uporabo AdBlue.<\/p>\n<p data-start=\"665\" data-end=\"690\"><strong data-start=\"665\" data-end=\"688\">M\u0171szaki jellemz\u0151k<\/strong><\/p>\n<ul>\n<li data-start=\"693\" data-end=\"735\">Tip izdelka: sesalna cev za AdBlue (CDS)<\/li>\n<li data-start=\"738\" data-end=\"762\">Menet t\u00edpusa (bels\u0151):<\/li>\n<li style=\"list-style-type: none;\">\n<ul data-start=\"765\" data-end=\"824\">\n<li data-start=\"765\" data-end=\"789\">\n<p data-start=\"767\" data-end=\"789\">2\u2033 BSP \u2013 rde\u010da barva<\/p>\n<\/li>\n<li data-start=\"792\" data-end=\"824\">\n<p data-start=\"794\" data-end=\"824\">S56x4 (TriSure) \u2013 bela barva<\/p>\n<\/li>\n<\/ul>\n<\/li>\n<li data-start=\"827\" data-end=\"844\">Dol\u017eina: 105 cm<\/li>\n<li data-start=\"847\" data-end=\"905\">Mo\u017enost prilagoditve: cev je po potrebi mogo\u010de skraj\u0161ati<\/li>\n<li data-start=\"908\" data-end=\"958\">Namen uporabe: pre\u010drpavanje AdBlue v CDS sistemu<\/li>\n<\/ul>\n<p data-start=\"960\" data-end=\"1099\">Tov\u00e1bbi inform\u00e1ci\u00f3k:<br data-start=\"980\" data-end=\"983\" \/>Uporablja se pri cisternah z originalnim CDS priklopom ali pri cisternah, ki jim dodate <a href=\"https:\/\/ibcparts.eu\/izdelek\/pokrov-za-priklop-adblue-sesalne-cevi-z-navojem-trisure\/\">pokrov<\/a> oziroma <a href=\"https:\/\/ibcparts.eu\/izdelek\/cds-adapter\/\">CDS adapter<\/a>.<\/p>","protected":false},"featured_media":16992,"template":"","meta":[],"product_brand":[],"product_cat":[182,319],"product_tag":[466],"class_list":{"0":"post-16989","1":"product","2":"type-product","3":"status-publish","4":"has-post-thumbnail","6":"product_cat-ibc-cisterne-ventili-in-dodatki","7":"product_cat-vse-za-uporabo-z-adblue","8":"product_tag-sesalna-cev-za-adblue","10":"first","11":"instock","12":"featured","13":"shipping-taxable","14":"purchasable","15":"product-type-variable"},"yoast_head":"<!-- This site is optimized with the Yoast SEO plugin v27.1.1 - https:\/\/yoast.com\/product\/yoast-seo-wordpress\/ -->\n<title>Sesalna cev za AdBlue \u2013 CDS (2\u2033 BSP \/ S56x4) | IBCparts.eu<\/title>\n<meta name=\"description\" content=\"Sesalna cev za AdBlue (CDS) z notranjim navojem 2\u2033 BSP ali S56x4 (TriSure). Dol\u017eina 105 cm, primerna za varno in \u010disto pre\u010drpavanje iz IBC cisterne.\" \/>\n<meta name=\"robots\" content=\"index, follow, max-snippet:-1, max-image-preview:large, max-video-preview:-1\" \/>\n<link rel=\"canonical\" href=\"https:\/\/ibcparts.eu\/hu\/termek\/adblue-szivocso\/\" \/>\n<meta property=\"og:locale\" content=\"hu_HU\" \/>\n<meta property=\"og:type\" content=\"article\" \/>\n<meta property=\"og:title\" content=\"Sesalna cev za AdBlue \u2013 CDS (2\u2033 BSP \/ S56x4) | IBCparts.eu\" \/>\n<meta property=\"og:description\" content=\"Sesalna cev za AdBlue (CDS) z notranjim navojem 2\u2033 BSP ali S56x4 (TriSure). Dol\u017eina 105 cm, primerna za varno in \u010disto pre\u010drpavanje iz IBC cisterne.\" \/>\n<meta property=\"og:url\" content=\"https:\/\/ibcparts.eu\/hu\/termek\/adblue-szivocso\/\" \/>\n<meta property=\"og:site_name\" content=\"IBCparts.eu\" \/>\n<meta property=\"article:modified_time\" content=\"2026-01-12T13:04:02+00:00\" \/>\n<meta property=\"og:image\" content=\"https:\/\/ibcparts.eu\/wp-content\/uploads\/2024\/06\/cds-sec-adblue-suction-tube.png\" \/>\n\t<meta property=\"og:image:width\" content=\"500\" \/>\n\t<meta property=\"og:image:height\" content=\"500\" \/>\n\t<meta property=\"og:image:type\" content=\"image\/png\" \/>\n<meta name=\"twitter:card\" content=\"summary_large_image\" \/>\n<script type=\"application\/ld+json\" class=\"yoast-schema-graph\">{\"@context\":\"https:\/\/schema.org\",\"@graph\":[{\"@type\":\"WebPage\",\"@id\":\"https:\/\/ibcparts.eu\/izdelek\/sesalna-cev-adblue\/\",\"url\":\"https:\/\/ibcparts.eu\/izdelek\/sesalna-cev-adblue\/\",\"name\":\"Sesalna cev za AdBlue \u2013 CDS (2\u2033 BSP \/ S56x4) | IBCparts.eu\",\"isPartOf\":{\"@id\":\"https:\/\/ibcparts.eu\/#website\"},\"primaryImageOfPage\":{\"@id\":\"https:\/\/ibcparts.eu\/izdelek\/sesalna-cev-adblue\/#primaryimage\"},\"image\":{\"@id\":\"https:\/\/ibcparts.eu\/izdelek\/sesalna-cev-adblue\/#primaryimage\"},\"thumbnailUrl\":\"https:\/\/ibcparts.eu\/wp-content\/uploads\/2024\/06\/cds-sec-adblue-suction-tube.png\",\"datePublished\":\"2024-06-11T08:16:33+00:00\",\"dateModified\":\"2026-01-12T13:04:02+00:00\",\"description\":\"Sesalna cev za AdBlue (CDS) z notranjim navojem 2\u2033 BSP ali S56x4 (TriSure). Dol\u017eina 105 cm, primerna za varno in \u010disto pre\u010drpavanje iz IBC cisterne.\",\"breadcrumb\":{\"@id\":\"https:\/\/ibcparts.eu\/izdelek\/sesalna-cev-adblue\/#breadcrumb\"},\"inLanguage\":\"hu-HU\",\"potentialAction\":[{\"@type\":\"ReadAction\",\"target\":[\"https:\/\/ibcparts.eu\/izdelek\/sesalna-cev-adblue\/\"]}]},{\"@type\":\"ImageObject\",\"inLanguage\":\"hu-HU\",\"@id\":\"https:\/\/ibcparts.eu\/izdelek\/sesalna-cev-adblue\/#primaryimage\",\"url\":\"https:\/\/ibcparts.eu\/wp-content\/uploads\/2024\/06\/cds-sec-adblue-suction-tube.png\",\"contentUrl\":\"https:\/\/ibcparts.eu\/wp-content\/uploads\/2024\/06\/cds-sec-adblue-suction-tube.png\",\"width\":500,\"height\":500,\"caption\":\"Sesalna cev za AdBlue\"},{\"@type\":\"BreadcrumbList\",\"@id\":\"https:\/\/ibcparts.eu\/izdelek\/sesalna-cev-adblue\/#breadcrumb\",\"itemListElement\":[{\"@type\":\"ListItem\",\"position\":1,\"name\":\"Home\",\"item\":\"https:\/\/ibcparts.eu\/\"},{\"@type\":\"ListItem\",\"position\":2,\"name\":\"Nakupujte\",\"item\":\"https:\/\/ibcparts.eu\/nakupujte\/\"},{\"@type\":\"ListItem\",\"position\":3,\"name\":\"Sesalna cev za AdBlue \u2013 CDS (2\u2033 BSP \/ S56x4)\"}]},{\"@type\":\"WebSite\",\"@id\":\"https:\/\/ibcparts.eu\/#website\",\"url\":\"https:\/\/ibcparts.eu\/\",\"name\":\"IBCparts.eu\",\"description\":\"\",\"publisher\":{\"@id\":\"https:\/\/ibcparts.eu\/#organization\"},\"potentialAction\":[{\"@type\":\"SearchAction\",\"target\":{\"@type\":\"EntryPoint\",\"urlTemplate\":\"https:\/\/ibcparts.eu\/?s={search_term_string}\"},\"query-input\":{\"@type\":\"PropertyValueSpecification\",\"valueRequired\":true,\"valueName\":\"search_term_string\"}}],\"inLanguage\":\"hu-HU\"},{\"@type\":\"Organization\",\"@id\":\"https:\/\/ibcparts.eu\/#organization\",\"name\":\"IBCparts\",\"url\":\"https:\/\/ibcparts.eu\/\",\"logo\":{\"@type\":\"ImageObject\",\"inLanguage\":\"hu-HU\",\"@id\":\"https:\/\/ibcparts.eu\/#\/schema\/logo\/image\/\",\"url\":\"https:\/\/ibcparts.eu\/wp-content\/uploads\/2021\/10\/Footer-Logo.png\",\"contentUrl\":\"https:\/\/ibcparts.eu\/wp-content\/uploads\/2021\/10\/Footer-Logo.png\",\"width\":1992,\"height\":772,\"caption\":\"IBCparts\"},\"image\":{\"@id\":\"https:\/\/ibcparts.eu\/#\/schema\/logo\/image\/\"}}]}<\/script>\n<!-- \/ Yoast SEO plugin. -->","yoast_head_json":{"title":"Sesalna cev za AdBlue \u2013 CDS (2\u2033 BSP \/ S56x4) | IBCparts.eu","description":"Sesalna cev za AdBlue (CDS) z notranjim navojem 2\u2033 BSP ali S56x4 (TriSure). Dol\u017eina 105 cm, primerna za varno in \u010disto pre\u010drpavanje iz IBC cisterne.","robots":{"index":"index","follow":"follow","max-snippet":"max-snippet:-1","max-image-preview":"max-image-preview:large","max-video-preview":"max-video-preview:-1"},"canonical":"https:\/\/ibcparts.eu\/hu\/termek\/adblue-szivocso\/","og_locale":"hu_HU","og_type":"article","og_title":"Sesalna cev za AdBlue \u2013 CDS (2\u2033 BSP \/ S56x4) | IBCparts.eu","og_description":"Sesalna cev za AdBlue (CDS) z notranjim navojem 2\u2033 BSP ali S56x4 (TriSure). Dol\u017eina 105 cm, primerna za varno in \u010disto pre\u010drpavanje iz IBC cisterne.","og_url":"https:\/\/ibcparts.eu\/hu\/termek\/adblue-szivocso\/","og_site_name":"IBCparts.eu","article_modified_time":"2026-01-12T13:04:02+00:00","og_image":[{"width":500,"height":500,"url":"https:\/\/ibcparts.eu\/wp-content\/uploads\/2024\/06\/cds-sec-adblue-suction-tube.png","type":"image\/png"}],"twitter_card":"summary_large_image","schema":{"@context":"https:\/\/schema.org","@graph":[{"@type":"WebPage","@id":"https:\/\/ibcparts.eu\/izdelek\/sesalna-cev-adblue\/","url":"https:\/\/ibcparts.eu\/izdelek\/sesalna-cev-adblue\/","name":"Sesalna cev za AdBlue \u2013 CDS (2\u2033 BSP \/ S56x4) | IBCparts.eu","isPartOf":{"@id":"https:\/\/ibcparts.eu\/#website"},"primaryImageOfPage":{"@id":"https:\/\/ibcparts.eu\/izdelek\/sesalna-cev-adblue\/#primaryimage"},"image":{"@id":"https:\/\/ibcparts.eu\/izdelek\/sesalna-cev-adblue\/#primaryimage"},"thumbnailUrl":"https:\/\/ibcparts.eu\/wp-content\/uploads\/2024\/06\/cds-sec-adblue-suction-tube.png","datePublished":"2024-06-11T08:16:33+00:00","dateModified":"2026-01-12T13:04:02+00:00","description":"Sesalna cev za AdBlue (CDS) z notranjim navojem 2\u2033 BSP ali S56x4 (TriSure). Dol\u017eina 105 cm, primerna za varno in \u010disto pre\u010drpavanje iz IBC cisterne.","breadcrumb":{"@id":"https:\/\/ibcparts.eu\/izdelek\/sesalna-cev-adblue\/#breadcrumb"},"inLanguage":"hu-HU","potentialAction":[{"@type":"ReadAction","target":["https:\/\/ibcparts.eu\/izdelek\/sesalna-cev-adblue\/"]}]},{"@type":"ImageObject","inLanguage":"hu-HU","@id":"https:\/\/ibcparts.eu\/izdelek\/sesalna-cev-adblue\/#primaryimage","url":"https:\/\/ibcparts.eu\/wp-content\/uploads\/2024\/06\/cds-sec-adblue-suction-tube.png","contentUrl":"https:\/\/ibcparts.eu\/wp-content\/uploads\/2024\/06\/cds-sec-adblue-suction-tube.png","width":500,"height":500,"caption":"Sesalna cev za AdBlue"},{"@type":"BreadcrumbList","@id":"https:\/\/ibcparts.eu\/izdelek\/sesalna-cev-adblue\/#breadcrumb","itemListElement":[{"@type":"ListItem","position":1,"name":"Home","item":"https:\/\/ibcparts.eu\/"},{"@type":"ListItem","position":2,"name":"Nakupujte","item":"https:\/\/ibcparts.eu\/nakupujte\/"},{"@type":"ListItem","position":3,"name":"Sesalna cev za AdBlue \u2013 CDS (2\u2033 BSP \/ S56x4)"}]},{"@type":"WebSite","@id":"https:\/\/ibcparts.eu\/#website","url":"https:\/\/ibcparts.eu\/","name":"IBCparts.eu","description":"","publisher":{"@id":"https:\/\/ibcparts.eu\/#organization"},"potentialAction":[{"@type":"SearchAction","target":{"@type":"EntryPoint","urlTemplate":"https:\/\/ibcparts.eu\/?s={search_term_string}"},"query-input":{"@type":"PropertyValueSpecification","valueRequired":true,"valueName":"search_term_string"}}],"inLanguage":"hu-HU"},{"@type":"Organization","@id":"https:\/\/ibcparts.eu\/#organization","name":"IBCparts","url":"https:\/\/ibcparts.eu\/","logo":{"@type":"ImageObject","inLanguage":"hu-HU","@id":"https:\/\/ibcparts.eu\/#\/schema\/logo\/image\/","url":"https:\/\/ibcparts.eu\/wp-content\/uploads\/2021\/10\/Footer-Logo.png","contentUrl":"https:\/\/ibcparts.eu\/wp-content\/uploads\/2021\/10\/Footer-Logo.png","width":1992,"height":772,"caption":"IBCparts"},"image":{"@id":"https:\/\/ibcparts.eu\/#\/schema\/logo\/image\/"}}]}},"_links":{"self":[{"href":"https:\/\/ibcparts.eu\/hu\/wp-json\/wp\/v2\/product\/16989","targetHints":{"allow":["GET"]}}],"collection":[{"href":"https:\/\/ibcparts.eu\/hu\/wp-json\/wp\/v2\/product"}],"about":[{"href":"https:\/\/ibcparts.eu\/hu\/wp-json\/wp\/v2\/types\/product"}],"version-history":[{"count":3,"href":"https:\/\/ibcparts.eu\/hu\/wp-json\/wp\/v2\/product\/16989\/revisions"}],"predecessor-version":[{"id":20115,"href":"https:\/\/ibcparts.eu\/hu\/wp-json\/wp\/v2\/product\/16989\/revisions\/20115"}],"wp:featuredmedia":[{"embeddable":true,"href":"https:\/\/ibcparts.eu\/hu\/wp-json\/wp\/v2\/media\/16992"}],"wp:attachment":[{"href":"https:\/\/ibcparts.eu\/hu\/wp-json\/wp\/v2\/media?parent=16989"}],"wp:term":[{"taxonomy":"product_brand","embeddable":true,"href":"https:\/\/ibcparts.eu\/hu\/wp-json\/wp\/v2\/product_brand?post=16989"},{"taxonomy":"product_cat","embeddable":true,"href":"https:\/\/ibcparts.eu\/hu\/wp-json\/wp\/v2\/product_cat?post=16989"},{"taxonomy":"product_tag","embeddable":true,"href":"https:\/\/ibcparts.eu\/hu\/wp-json\/wp\/v2\/product_tag?post=16989"}],"curies":[{"name":"wp","href":"https:\/\/api.w.org\/{rel}","templated":true}]}}