{"id":16378,"date":"2024-02-20T13:28:24","date_gmt":"2024-02-20T12:28:24","guid":{"rendered":"https:\/\/ibcparts.eu\/?post_type=product&#038;p=16378"},"modified":"2026-01-13T13:51:45","modified_gmt":"2026-01-13T12:51:45","slug":"pokrovcek-ventila-218","status":"publish","type":"product","link":"https:\/\/ibcparts.eu\/hu\/termek\/pokrovcek-ventila-218\/","title":{"rendered":"63 mm-es szelepsapka (2 1\/8\u2033, finom menet) camlock szeleppel ell\u00e1tott IBC tart\u00e1lyhoz"},"content":{"rendered":"","protected":false},"excerpt":{"rendered":"<h2 data-start=\"139\" data-end=\"216\">Szelepsapka camlock szeleppel ell\u00e1tott IBC tart\u00e1lyhoz, 63 mm finom menet<\/h2>\n<p data-start=\"218\" data-end=\"558\">A szelepsapka camlock szeleppel ell\u00e1tott IBC tart\u00e1lyokhoz k\u00e9sz\u00fclt, amelyek kimenet\u00e9n egy r\u00f6vid, 63 mm (2 1\/8\u2033) \u00e1tm\u00e9r\u0151j\u0171 finom menet tal\u00e1lhat\u00f3. PP anyagb\u00f3l k\u00e9sz\u00fclt, \u00e9s bels\u0151 PE hab t\u00f6m\u00edt\u00e9ssel rendelkezik, amely megb\u00edzhat\u00f3 t\u00f6m\u00edt\u00e9st biztos\u00edt m\u00e9g kisebb egyenetlens\u00e9gek eset\u00e9n is a szelepen. A megfelel\u0151 kivitel azonos\u00edt\u00e1s\u00e1hoz k\u00e9rj\u00fck, tekintse meg a gal\u00e9ri\u00e1ban tal\u00e1lhat\u00f3 k\u00e9pet.<\/p>\n<p data-start=\"757\" data-end=\"778\">M\u0171szaki jellemz\u0151k<\/p>\n<ul>\n<li class=\" translation-block\">Menetemelked\u00e9s: <strong>2,31 mm<\/strong><\/li>\n<li>Menetir\u00e1ny\u00fas\u00e1g: <strong>2,31mm<\/strong><\/li>\n<li>Anyag: PP<\/li>\n<li>Sz\u00edn: fekete<\/li>\n<li>Hab (PE) t\u00f6m\u00edt\u00e9s a bels\u0151 oldalon.<\/li>\n<\/ul>\n<p>Kiv\u00e1l\u00f3 t\u00f6m\u00edt\u00e9s \u00e9s magas tart\u00f3ss\u00e1g.<\/p>\n<p data-start=\"917\" data-end=\"1016\">T\u00f6bb darab, nagyobb kedvezm\u00e9ny \u2013 a k\u00fcl\u00f6nb\u00f6z\u0151 term\u00e9kek \u00e9s vari\u00e1ci\u00f3k darabsz\u00e1ma \u00f6sszead\u00f3dik!<\/p>","protected":false},"featured_media":16379,"template":"","meta":[],"product_brand":[],"product_cat":[314,170],"product_tag":[453],"class_list":{"0":"post-16378","1":"product","2":"type-product","3":"status-publish","4":"has-post-thumbnail","6":"product_cat-63-mm-218-fini-notranji-navoj","7":"product_cat-reducirji-in-prikljucki-za-ibc","8":"product_tag-pokrovcek-ventila-ibc-cisterne-63mm-2-1-8","10":"first","11":"instock","12":"shipping-taxable","13":"purchasable","14":"product-type-simple"},"yoast_head":"<!-- This site is optimized with the Yoast SEO plugin v27.1.1 - https:\/\/yoast.com\/product\/yoast-seo-wordpress\/ -->\n<title>Pokrov\u010dek ventila 63 mm (2 1\/8\u2033, fini navoj) za IBC cisterno s camlock ventilom<\/title>\n<meta name=\"description\" content=\"Kvaliteten pokrov\u010dek ventila za IBC cisterne s camlock ventilom, ki ima na koncu kratek fini navoj v premeru 63mm.\u200bTip navoja: 2 1\/8&quot;\" \/>\n<meta name=\"robots\" content=\"index, follow, max-snippet:-1, max-image-preview:large, max-video-preview:-1\" \/>\n<link rel=\"canonical\" href=\"https:\/\/ibcparts.eu\/hu\/termek\/pokrovcek-ventila-218\/\" \/>\n<meta property=\"og:locale\" content=\"hu_HU\" \/>\n<meta property=\"og:type\" content=\"article\" \/>\n<meta property=\"og:title\" content=\"Pokrov\u010dek ventila 63 mm (2 1\/8\u2033, fini navoj) za IBC cisterno s camlock ventilom\" \/>\n<meta property=\"og:description\" content=\"Kvaliteten pokrov\u010dek ventila za IBC cisterne s camlock ventilom, ki ima na koncu kratek fini navoj v premeru 63mm.\u200bTip navoja: 2 1\/8&quot;\" \/>\n<meta property=\"og:url\" content=\"https:\/\/ibcparts.eu\/hu\/termek\/pokrovcek-ventila-218\/\" \/>\n<meta property=\"og:site_name\" content=\"IBCparts.eu\" \/>\n<meta property=\"article:modified_time\" content=\"2026-01-13T12:51:45+00:00\" \/>\n<meta property=\"og:image\" content=\"https:\/\/ibcparts.eu\/wp-content\/uploads\/2024\/02\/Short-dust-cap.png\" \/>\n\t<meta property=\"og:image:width\" content=\"500\" \/>\n\t<meta property=\"og:image:height\" content=\"500\" \/>\n\t<meta property=\"og:image:type\" content=\"image\/png\" \/>\n<meta name=\"twitter:card\" content=\"summary_large_image\" \/>\n<script type=\"application\/ld+json\" class=\"yoast-schema-graph\">{\"@context\":\"https:\/\/schema.org\",\"@graph\":[{\"@type\":\"WebPage\",\"@id\":\"https:\/\/ibcparts.eu\/izdelek\/pokrovcek-ventila-218\/\",\"url\":\"https:\/\/ibcparts.eu\/izdelek\/pokrovcek-ventila-218\/\",\"name\":\"Pokrov\u010dek ventila 63 mm (2 1\/8\u2033, fini navoj) za IBC cisterno s camlock ventilom\",\"isPartOf\":{\"@id\":\"https:\/\/ibcparts.eu\/#website\"},\"primaryImageOfPage\":{\"@id\":\"https:\/\/ibcparts.eu\/izdelek\/pokrovcek-ventila-218\/#primaryimage\"},\"image\":{\"@id\":\"https:\/\/ibcparts.eu\/izdelek\/pokrovcek-ventila-218\/#primaryimage\"},\"thumbnailUrl\":\"https:\/\/ibcparts.eu\/wp-content\/uploads\/2024\/02\/Short-dust-cap.png\",\"datePublished\":\"2024-02-20T12:28:24+00:00\",\"dateModified\":\"2026-01-13T12:51:45+00:00\",\"description\":\"Kvaliteten pokrov\u010dek ventila za IBC cisterne s camlock ventilom, ki ima na koncu kratek fini navoj v premeru 63mm.\u200bTip navoja: 2 1\/8\\\"\",\"breadcrumb\":{\"@id\":\"https:\/\/ibcparts.eu\/izdelek\/pokrovcek-ventila-218\/#breadcrumb\"},\"inLanguage\":\"hu-HU\",\"potentialAction\":[{\"@type\":\"ReadAction\",\"target\":[\"https:\/\/ibcparts.eu\/izdelek\/pokrovcek-ventila-218\/\"]}]},{\"@type\":\"ImageObject\",\"inLanguage\":\"hu-HU\",\"@id\":\"https:\/\/ibcparts.eu\/izdelek\/pokrovcek-ventila-218\/#primaryimage\",\"url\":\"https:\/\/ibcparts.eu\/wp-content\/uploads\/2024\/02\/Short-dust-cap.png\",\"contentUrl\":\"https:\/\/ibcparts.eu\/wp-content\/uploads\/2024\/02\/Short-dust-cap.png\",\"width\":500,\"height\":500},{\"@type\":\"BreadcrumbList\",\"@id\":\"https:\/\/ibcparts.eu\/izdelek\/pokrovcek-ventila-218\/#breadcrumb\",\"itemListElement\":[{\"@type\":\"ListItem\",\"position\":1,\"name\":\"Home\",\"item\":\"https:\/\/ibcparts.eu\/\"},{\"@type\":\"ListItem\",\"position\":2,\"name\":\"Nakupujte\",\"item\":\"https:\/\/ibcparts.eu\/nakupujte\/\"},{\"@type\":\"ListItem\",\"position\":3,\"name\":\"Pokrov\u010dek ventila 63 mm (2 1\/8\u2033, fini navoj) za IBC cisterno s camlock ventilom\"}]},{\"@type\":\"WebSite\",\"@id\":\"https:\/\/ibcparts.eu\/#website\",\"url\":\"https:\/\/ibcparts.eu\/\",\"name\":\"IBCparts.eu\",\"description\":\"\",\"publisher\":{\"@id\":\"https:\/\/ibcparts.eu\/#organization\"},\"potentialAction\":[{\"@type\":\"SearchAction\",\"target\":{\"@type\":\"EntryPoint\",\"urlTemplate\":\"https:\/\/ibcparts.eu\/?s={search_term_string}\"},\"query-input\":{\"@type\":\"PropertyValueSpecification\",\"valueRequired\":true,\"valueName\":\"search_term_string\"}}],\"inLanguage\":\"hu-HU\"},{\"@type\":\"Organization\",\"@id\":\"https:\/\/ibcparts.eu\/#organization\",\"name\":\"IBCparts\",\"url\":\"https:\/\/ibcparts.eu\/\",\"logo\":{\"@type\":\"ImageObject\",\"inLanguage\":\"hu-HU\",\"@id\":\"https:\/\/ibcparts.eu\/#\/schema\/logo\/image\/\",\"url\":\"https:\/\/ibcparts.eu\/wp-content\/uploads\/2021\/10\/Footer-Logo.png\",\"contentUrl\":\"https:\/\/ibcparts.eu\/wp-content\/uploads\/2021\/10\/Footer-Logo.png\",\"width\":1992,\"height\":772,\"caption\":\"IBCparts\"},\"image\":{\"@id\":\"https:\/\/ibcparts.eu\/#\/schema\/logo\/image\/\"}}]}<\/script>\n<!-- \/ Yoast SEO plugin. -->","yoast_head_json":{"title":"63 mm-es szelepsapka (2 1\/8\u2033, finom menet) camlock szeleppel ell\u00e1tott IBC tart\u00e1lyhoz","description":"Kvaliteten pokrov\u010dek ventila za IBC cisterne s camlock ventilom, ki ima na koncu kratek fini navoj v premeru 63mm.\u200bTip navoja: 2 1\/8\"","robots":{"index":"index","follow":"follow","max-snippet":"max-snippet:-1","max-image-preview":"max-image-preview:large","max-video-preview":"max-video-preview:-1"},"canonical":"https:\/\/ibcparts.eu\/hu\/termek\/pokrovcek-ventila-218\/","og_locale":"hu_HU","og_type":"article","og_title":"Pokrov\u010dek ventila 63 mm (2 1\/8\u2033, fini navoj) za IBC cisterno s camlock ventilom","og_description":"Kvaliteten pokrov\u010dek ventila za IBC cisterne s camlock ventilom, ki ima na koncu kratek fini navoj v premeru 63mm.\u200bTip navoja: 2 1\/8\"","og_url":"https:\/\/ibcparts.eu\/hu\/termek\/pokrovcek-ventila-218\/","og_site_name":"IBCparts.eu","article_modified_time":"2026-01-13T12:51:45+00:00","og_image":[{"width":500,"height":500,"url":"https:\/\/ibcparts.eu\/wp-content\/uploads\/2024\/02\/Short-dust-cap.png","type":"image\/png"}],"twitter_card":"summary_large_image","schema":{"@context":"https:\/\/schema.org","@graph":[{"@type":"WebPage","@id":"https:\/\/ibcparts.eu\/izdelek\/pokrovcek-ventila-218\/","url":"https:\/\/ibcparts.eu\/izdelek\/pokrovcek-ventila-218\/","name":"63 mm-es szelepsapka (2 1\/8\u2033, finom menet) camlock szeleppel ell\u00e1tott IBC tart\u00e1lyhoz","isPartOf":{"@id":"https:\/\/ibcparts.eu\/#website"},"primaryImageOfPage":{"@id":"https:\/\/ibcparts.eu\/izdelek\/pokrovcek-ventila-218\/#primaryimage"},"image":{"@id":"https:\/\/ibcparts.eu\/izdelek\/pokrovcek-ventila-218\/#primaryimage"},"thumbnailUrl":"https:\/\/ibcparts.eu\/wp-content\/uploads\/2024\/02\/Short-dust-cap.png","datePublished":"2024-02-20T12:28:24+00:00","dateModified":"2026-01-13T12:51:45+00:00","description":"Kvaliteten pokrov\u010dek ventila za IBC cisterne s camlock ventilom, ki ima na koncu kratek fini navoj v premeru 63mm.\u200bTip navoja: 2 1\/8\"","breadcrumb":{"@id":"https:\/\/ibcparts.eu\/izdelek\/pokrovcek-ventila-218\/#breadcrumb"},"inLanguage":"hu-HU","potentialAction":[{"@type":"ReadAction","target":["https:\/\/ibcparts.eu\/izdelek\/pokrovcek-ventila-218\/"]}]},{"@type":"ImageObject","inLanguage":"hu-HU","@id":"https:\/\/ibcparts.eu\/izdelek\/pokrovcek-ventila-218\/#primaryimage","url":"https:\/\/ibcparts.eu\/wp-content\/uploads\/2024\/02\/Short-dust-cap.png","contentUrl":"https:\/\/ibcparts.eu\/wp-content\/uploads\/2024\/02\/Short-dust-cap.png","width":500,"height":500},{"@type":"BreadcrumbList","@id":"https:\/\/ibcparts.eu\/izdelek\/pokrovcek-ventila-218\/#breadcrumb","itemListElement":[{"@type":"ListItem","position":1,"name":"Home","item":"https:\/\/ibcparts.eu\/"},{"@type":"ListItem","position":2,"name":"Nakupujte","item":"https:\/\/ibcparts.eu\/nakupujte\/"},{"@type":"ListItem","position":3,"name":"Pokrov\u010dek ventila 63 mm (2 1\/8\u2033, fini navoj) za IBC cisterno s camlock ventilom"}]},{"@type":"WebSite","@id":"https:\/\/ibcparts.eu\/#website","url":"https:\/\/ibcparts.eu\/","name":"IBCparts.eu","description":"","publisher":{"@id":"https:\/\/ibcparts.eu\/#organization"},"potentialAction":[{"@type":"SearchAction","target":{"@type":"EntryPoint","urlTemplate":"https:\/\/ibcparts.eu\/?s={search_term_string}"},"query-input":{"@type":"PropertyValueSpecification","valueRequired":true,"valueName":"search_term_string"}}],"inLanguage":"hu-HU"},{"@type":"Organization","@id":"https:\/\/ibcparts.eu\/#organization","name":"IBCparts","url":"https:\/\/ibcparts.eu\/","logo":{"@type":"ImageObject","inLanguage":"hu-HU","@id":"https:\/\/ibcparts.eu\/#\/schema\/logo\/image\/","url":"https:\/\/ibcparts.eu\/wp-content\/uploads\/2021\/10\/Footer-Logo.png","contentUrl":"https:\/\/ibcparts.eu\/wp-content\/uploads\/2021\/10\/Footer-Logo.png","width":1992,"height":772,"caption":"IBCparts"},"image":{"@id":"https:\/\/ibcparts.eu\/#\/schema\/logo\/image\/"}}]}},"_links":{"self":[{"href":"https:\/\/ibcparts.eu\/hu\/wp-json\/wp\/v2\/product\/16378","targetHints":{"allow":["GET"]}}],"collection":[{"href":"https:\/\/ibcparts.eu\/hu\/wp-json\/wp\/v2\/product"}],"about":[{"href":"https:\/\/ibcparts.eu\/hu\/wp-json\/wp\/v2\/types\/product"}],"version-history":[{"count":5,"href":"https:\/\/ibcparts.eu\/hu\/wp-json\/wp\/v2\/product\/16378\/revisions"}],"predecessor-version":[{"id":20158,"href":"https:\/\/ibcparts.eu\/hu\/wp-json\/wp\/v2\/product\/16378\/revisions\/20158"}],"wp:featuredmedia":[{"embeddable":true,"href":"https:\/\/ibcparts.eu\/hu\/wp-json\/wp\/v2\/media\/16379"}],"wp:attachment":[{"href":"https:\/\/ibcparts.eu\/hu\/wp-json\/wp\/v2\/media?parent=16378"}],"wp:term":[{"taxonomy":"product_brand","embeddable":true,"href":"https:\/\/ibcparts.eu\/hu\/wp-json\/wp\/v2\/product_brand?post=16378"},{"taxonomy":"product_cat","embeddable":true,"href":"https:\/\/ibcparts.eu\/hu\/wp-json\/wp\/v2\/product_cat?post=16378"},{"taxonomy":"product_tag","embeddable":true,"href":"https:\/\/ibcparts.eu\/hu\/wp-json\/wp\/v2\/product_tag?post=16378"}],"curies":[{"name":"wp","href":"https:\/\/api.w.org\/{rel}","templated":true}]}}