{"id":16247,"date":"2024-02-01T11:50:16","date_gmt":"2024-02-01T10:50:16","guid":{"rendered":"https:\/\/ibcparts.eu\/?post_type=product&#038;p=16247"},"modified":"2026-02-09T08:09:38","modified_gmt":"2026-02-09T07:09:38","slug":"komplet-pro-1-qf","status":"publish","type":"product","link":"https:\/\/ibcparts.eu\/hu\/termek\/komplet-pro-1-qf\/","title":{"rendered":"PRO 1\u2033 QF k\u00e9szlet IBC tart\u00e1lyhoz"},"content":{"rendered":"","protected":false},"excerpt":{"rendered":"<h2 data-start=\"202\" data-end=\"283\"><strong data-start=\"206\" data-end=\"283\">PRO 1\u2033 QuickFlow k\u00e9szlet \u2013 csatlakoz\u00f3 csap IBC tart\u00e1lyhoz (S60x6 \/ DN50)<\/strong><\/h2>\n<p data-start=\"285\" data-end=\"536\" class=\" translation-block\">IBC tart\u00e1lyhoz val\u00f3 csatlakoz\u00f3 csap PRO reduk\u00e1l\u00f3 idommal \u00e9s 1\u2033 QuickFlow f\u00e9m csappal. A k\u00e9szlet el\u0151re \u00f6ssze van szerelve, \u00e9s megb\u00edzhat\u00f3 IBC tart\u00e1ly adapterk\u00e9nt m\u0171k\u00f6dik, amely a legt\u00f6bb szabv\u00e1nyos, durva S60x6 (DN50) menettel rendelkez\u0151 IBC tart\u00e1lyhoz alkalmas.<\/p>\n<p data-start=\"538\" data-end=\"817\" class=\" translation-block\">Az 1\u2033 QuickFlow csap a lehet\u0151 leggyorsabb v\u00edz\u00e1tfoly\u00e1sra lett tervezve, els\u0151sorban k\u00f6zvetlen\u00fcl kann\u00e1ba vagy m\u00e1s ed\u00e9nybe t\u00f6rt\u00e9n\u0151 \u00e1tt\u00f6lt\u00e9shez. Kialak\u00edt\u00e1sa miatt nem teszi lehet\u0151v\u00e9 kerti t\u00f6ml\u0151 csatlakoztat\u00e1s\u00e1t, ugyanakkor 15 mm-es nagy bels\u0151 \u00e1tm\u00e9r\u0151vel rendelkezik, amely a kisebb csapokhoz k\u00e9pest rendk\u00edv\u00fcl magas \u00e1tfoly\u00e1st biztos\u00edt.<\/p>\n<p data-start=\"819\" data-end=\"1001\" class=\" translation-block\">A csap kifoly\u00f3j\u00e1n egy m\u0171anyag kifoly\u00f3form\u00e1z\u00f3 sz\u0171r\u0151 tal\u00e1lhat\u00f3, amely szennyez\u0151d\u00e9sek eset\u00e9n sz\u00fcks\u00e9g szerint k\u00f6nnyen elt\u00e1vol\u00edthat\u00f3.<\/p>\n<p data-start=\"1003\" data-end=\"1228\">Glavna prednost kompleta je\u00a0<strong data-start=\"920\" data-end=\"935\">Reducir PRO<\/strong>, izdelan iz visokokakovostnega materiala (\u010disti PP, stru\u017een iz enega kosa, masiven) in opremljen z\u00a0<strong data-start=\"992\" data-end=\"1054\">NB\/SB gumijastim tesnilom. Certificirano za stik z \u017eivili<\/strong>. Na trgu pogosto najdemo zelo podobne, vendar z bistveno tanj\u0161o steno.<\/p>\n<p data-start=\"1230\" data-end=\"1390\" class=\" translation-block\">A k\u00e9szlet kompatibilis az 55\u201362 mm k\u00fcls\u0151 menets \u00e1tm\u00e9r\u0151j\u0171 \u00e9s ~6 mm menetemelked\u00e9s\u0171 IBC tart\u00e1lyokkal, ami az IBC szelepekn\u00e9l leggyakrabban haszn\u00e1lt szabv\u00e1ny.<\/p>\n<p data-start=\"1392\" data-end=\"1509\" class=\" translation-block\">Ha az \u00d6n IBC tart\u00e1ly\u00e1n m\u00e1s t\u00edpus\u00fa szelep van, v\u00e1laszthat megfelel\u0151 IBC adaptert, vagy vegye fel vel\u00fcnk a kapcsolatot seg\u00edts\u00e9g\u00e9rt.<\/p>\n<p data-start=\"1511\" data-end=\"1533\"><strong data-start=\"1511\" data-end=\"1533\">Legfontosabb el\u0151ny\u00f6k:<\/strong><\/p>\n<ul>\n<li data-start=\"1536\" data-end=\"1573\" class=\" translation-block\">Csatlakoz\u00f3 csap IBC tart\u00e1lyhoz<\/li>\n<li data-start=\"1576\" data-end=\"1620\" class=\" translation-block\">IBC szelephez val\u00f3 adapterk\u00e9nt \/ csatlakoz\u00f3k\u00e9nt m\u0171k\u00f6dik<\/li>\n<li data-start=\"1623\" data-end=\"1658\" class=\" translation-block\">Szabv\u00e1nyos menet S60x6 \/ DN50<\/li>\n<li data-start=\"1661\" data-end=\"1711\" class=\" translation-block\">PRO reduk\u00e1l\u00f3 idom NB\/SB t\u00f6m\u00edt\u00e9ssel (\u00e9lelmiszerrel \u00e9rintkezhet)<\/li>\n<li data-start=\"1714\" data-end=\"1750\"><strong data-start=\"1714\" data-end=\"1748\">1\u2033 QuickFlow f\u00e9m csap<\/strong><\/li>\n<li data-start=\"1753\" data-end=\"1801\" class=\" translation-block\">15 mm bels\u0151 \u00e1tm\u00e9r\u0151 a nagyon gyors \u00e1tfoly\u00e1shoz<\/li>\n<li data-start=\"1804\" data-end=\"1842\">Ide\u00e1lis locsol\u00f3kanna felt\u00f6lt\u00e9s\u00e9hez<\/li>\n<\/ul>\n<p class=\" translation-block\">Ha az \u00d6n tart\u00e1ly\u00e1n m\u00e1s t\u00edpus\u00fa szelep van, a szelep t\u00edpus\u00e1t <a href=\"https:\/\/ibcparts.eu\/hu\/ibc-info\/\" target=\"_self\">itt<\/a> ellen\u0151rizheti, majd kiv\u00e1laszthatja a megfelel\u0151 adaptert. Ha m\u00e9g mindig nem teljesen biztos, k\u00e9rj\u00fck, vegye fel vel\u00fcnk a kapcsolatot.<\/p>","protected":false},"featured_media":16248,"template":"","meta":[],"product_brand":[],"product_cat":[173],"product_tag":[],"class_list":{"0":"post-16247","1":"product","2":"type-product","3":"status-publish","4":"has-post-thumbnail","6":"product_cat-kompleti-pro","8":"first","9":"instock","10":"shipping-taxable","11":"purchasable","12":"product-type-simple"},"yoast_head":"<!-- This site is optimized with the Yoast SEO plugin v27.1.1 - https:\/\/yoast.com\/product\/yoast-seo-wordpress\/ -->\n<title>Komplet PRO\u00a01&quot; QF za IBC cisterno | IBCparts.eu<\/title>\n<meta name=\"description\" content=\"Priklju\u010dna pipa oziroma adapter za IBC cisterno S60x6 (DN50) z 1\u2033 QuickFlow kovinsko pipo PRO. Zelo hiter pretok, idealna za zalivalko.\" \/>\n<meta name=\"robots\" content=\"index, follow, max-snippet:-1, max-image-preview:large, max-video-preview:-1\" \/>\n<link rel=\"canonical\" href=\"https:\/\/ibcparts.eu\/hu\/termek\/komplet-pro-1-qf\/\" \/>\n<meta property=\"og:locale\" content=\"hu_HU\" \/>\n<meta property=\"og:type\" content=\"article\" \/>\n<meta property=\"og:title\" content=\"Komplet PRO\u00a01&quot; QF za IBC cisterno | IBCparts.eu\" \/>\n<meta property=\"og:description\" content=\"Priklju\u010dna pipa oziroma adapter za IBC cisterno S60x6 (DN50) z 1\u2033 QuickFlow kovinsko pipo PRO. Zelo hiter pretok, idealna za zalivalko.\" \/>\n<meta property=\"og:url\" content=\"https:\/\/ibcparts.eu\/hu\/termek\/komplet-pro-1-qf\/\" \/>\n<meta property=\"og:site_name\" content=\"IBCparts.eu\" \/>\n<meta property=\"article:modified_time\" content=\"2026-02-09T07:09:38+00:00\" \/>\n<meta property=\"og:image\" content=\"https:\/\/ibcparts.eu\/wp-content\/uploads\/2024\/02\/komplet-pro-1-qf_orig.png\" \/>\n\t<meta property=\"og:image:width\" content=\"500\" \/>\n\t<meta property=\"og:image:height\" content=\"500\" \/>\n\t<meta property=\"og:image:type\" content=\"image\/png\" \/>\n<meta name=\"twitter:card\" content=\"summary_large_image\" \/>\n<script type=\"application\/ld+json\" class=\"yoast-schema-graph\">{\"@context\":\"https:\/\/schema.org\",\"@graph\":[{\"@type\":\"WebPage\",\"@id\":\"https:\/\/ibcparts.eu\/izdelek\/komplet-pro-1-qf\/\",\"url\":\"https:\/\/ibcparts.eu\/izdelek\/komplet-pro-1-qf\/\",\"name\":\"Komplet PRO\u00a01\\\" QF za IBC cisterno | IBCparts.eu\",\"isPartOf\":{\"@id\":\"https:\/\/ibcparts.eu\/#website\"},\"primaryImageOfPage\":{\"@id\":\"https:\/\/ibcparts.eu\/izdelek\/komplet-pro-1-qf\/#primaryimage\"},\"image\":{\"@id\":\"https:\/\/ibcparts.eu\/izdelek\/komplet-pro-1-qf\/#primaryimage\"},\"thumbnailUrl\":\"https:\/\/ibcparts.eu\/wp-content\/uploads\/2024\/02\/komplet-pro-1-qf_orig.png\",\"datePublished\":\"2024-02-01T10:50:16+00:00\",\"dateModified\":\"2026-02-09T07:09:38+00:00\",\"description\":\"Priklju\u010dna pipa oziroma adapter za IBC cisterno S60x6 (DN50) z 1\u2033 QuickFlow kovinsko pipo PRO. Zelo hiter pretok, idealna za zalivalko.\",\"breadcrumb\":{\"@id\":\"https:\/\/ibcparts.eu\/izdelek\/komplet-pro-1-qf\/#breadcrumb\"},\"inLanguage\":\"hu-HU\",\"potentialAction\":[{\"@type\":\"ReadAction\",\"target\":[\"https:\/\/ibcparts.eu\/izdelek\/komplet-pro-1-qf\/\"]}]},{\"@type\":\"ImageObject\",\"inLanguage\":\"hu-HU\",\"@id\":\"https:\/\/ibcparts.eu\/izdelek\/komplet-pro-1-qf\/#primaryimage\",\"url\":\"https:\/\/ibcparts.eu\/wp-content\/uploads\/2024\/02\/komplet-pro-1-qf_orig.png\",\"contentUrl\":\"https:\/\/ibcparts.eu\/wp-content\/uploads\/2024\/02\/komplet-pro-1-qf_orig.png\",\"width\":500,\"height\":500,\"caption\":\"Priklju\u010dna pipa oziroma adapter za IBC cisterno S60x6 (DN50) z 1\u2033 QuickFlow kovinsko pipo PRO\"},{\"@type\":\"BreadcrumbList\",\"@id\":\"https:\/\/ibcparts.eu\/izdelek\/komplet-pro-1-qf\/#breadcrumb\",\"itemListElement\":[{\"@type\":\"ListItem\",\"position\":1,\"name\":\"Home\",\"item\":\"https:\/\/ibcparts.eu\/\"},{\"@type\":\"ListItem\",\"position\":2,\"name\":\"Nakupujte\",\"item\":\"https:\/\/ibcparts.eu\/nakupujte\/\"},{\"@type\":\"ListItem\",\"position\":3,\"name\":\"Komplet PRO\u00a01&#8243; QF za IBC cisterno\"}]},{\"@type\":\"WebSite\",\"@id\":\"https:\/\/ibcparts.eu\/#website\",\"url\":\"https:\/\/ibcparts.eu\/\",\"name\":\"IBCparts.eu\",\"description\":\"\",\"publisher\":{\"@id\":\"https:\/\/ibcparts.eu\/#organization\"},\"potentialAction\":[{\"@type\":\"SearchAction\",\"target\":{\"@type\":\"EntryPoint\",\"urlTemplate\":\"https:\/\/ibcparts.eu\/?s={search_term_string}\"},\"query-input\":{\"@type\":\"PropertyValueSpecification\",\"valueRequired\":true,\"valueName\":\"search_term_string\"}}],\"inLanguage\":\"hu-HU\"},{\"@type\":\"Organization\",\"@id\":\"https:\/\/ibcparts.eu\/#organization\",\"name\":\"IBCparts\",\"url\":\"https:\/\/ibcparts.eu\/\",\"logo\":{\"@type\":\"ImageObject\",\"inLanguage\":\"hu-HU\",\"@id\":\"https:\/\/ibcparts.eu\/#\/schema\/logo\/image\/\",\"url\":\"https:\/\/ibcparts.eu\/wp-content\/uploads\/2021\/10\/Footer-Logo.png\",\"contentUrl\":\"https:\/\/ibcparts.eu\/wp-content\/uploads\/2021\/10\/Footer-Logo.png\",\"width\":1992,\"height\":772,\"caption\":\"IBCparts\"},\"image\":{\"@id\":\"https:\/\/ibcparts.eu\/#\/schema\/logo\/image\/\"}}]}<\/script>\n<!-- \/ Yoast SEO plugin. -->","yoast_head_json":{"title":"Komplet PRO\u00a01\" QF za IBC cisterno | IBCparts.eu","description":"Priklju\u010dna pipa oziroma adapter za IBC cisterno S60x6 (DN50) z 1\u2033 QuickFlow kovinsko pipo PRO. Zelo hiter pretok, idealna za zalivalko.","robots":{"index":"index","follow":"follow","max-snippet":"max-snippet:-1","max-image-preview":"max-image-preview:large","max-video-preview":"max-video-preview:-1"},"canonical":"https:\/\/ibcparts.eu\/hu\/termek\/komplet-pro-1-qf\/","og_locale":"hu_HU","og_type":"article","og_title":"Komplet PRO\u00a01\" QF za IBC cisterno | IBCparts.eu","og_description":"Priklju\u010dna pipa oziroma adapter za IBC cisterno S60x6 (DN50) z 1\u2033 QuickFlow kovinsko pipo PRO. Zelo hiter pretok, idealna za zalivalko.","og_url":"https:\/\/ibcparts.eu\/hu\/termek\/komplet-pro-1-qf\/","og_site_name":"IBCparts.eu","article_modified_time":"2026-02-09T07:09:38+00:00","og_image":[{"width":500,"height":500,"url":"https:\/\/ibcparts.eu\/wp-content\/uploads\/2024\/02\/komplet-pro-1-qf_orig.png","type":"image\/png"}],"twitter_card":"summary_large_image","schema":{"@context":"https:\/\/schema.org","@graph":[{"@type":"WebPage","@id":"https:\/\/ibcparts.eu\/izdelek\/komplet-pro-1-qf\/","url":"https:\/\/ibcparts.eu\/izdelek\/komplet-pro-1-qf\/","name":"Komplet PRO\u00a01\" QF za IBC cisterno | IBCparts.eu","isPartOf":{"@id":"https:\/\/ibcparts.eu\/#website"},"primaryImageOfPage":{"@id":"https:\/\/ibcparts.eu\/izdelek\/komplet-pro-1-qf\/#primaryimage"},"image":{"@id":"https:\/\/ibcparts.eu\/izdelek\/komplet-pro-1-qf\/#primaryimage"},"thumbnailUrl":"https:\/\/ibcparts.eu\/wp-content\/uploads\/2024\/02\/komplet-pro-1-qf_orig.png","datePublished":"2024-02-01T10:50:16+00:00","dateModified":"2026-02-09T07:09:38+00:00","description":"Priklju\u010dna pipa oziroma adapter za IBC cisterno S60x6 (DN50) z 1\u2033 QuickFlow kovinsko pipo PRO. Zelo hiter pretok, idealna za zalivalko.","breadcrumb":{"@id":"https:\/\/ibcparts.eu\/izdelek\/komplet-pro-1-qf\/#breadcrumb"},"inLanguage":"hu-HU","potentialAction":[{"@type":"ReadAction","target":["https:\/\/ibcparts.eu\/izdelek\/komplet-pro-1-qf\/"]}]},{"@type":"ImageObject","inLanguage":"hu-HU","@id":"https:\/\/ibcparts.eu\/izdelek\/komplet-pro-1-qf\/#primaryimage","url":"https:\/\/ibcparts.eu\/wp-content\/uploads\/2024\/02\/komplet-pro-1-qf_orig.png","contentUrl":"https:\/\/ibcparts.eu\/wp-content\/uploads\/2024\/02\/komplet-pro-1-qf_orig.png","width":500,"height":500,"caption":"Priklju\u010dna pipa oziroma adapter za IBC cisterno S60x6 (DN50) z 1\u2033 QuickFlow kovinsko pipo PRO"},{"@type":"BreadcrumbList","@id":"https:\/\/ibcparts.eu\/izdelek\/komplet-pro-1-qf\/#breadcrumb","itemListElement":[{"@type":"ListItem","position":1,"name":"Home","item":"https:\/\/ibcparts.eu\/"},{"@type":"ListItem","position":2,"name":"Nakupujte","item":"https:\/\/ibcparts.eu\/nakupujte\/"},{"@type":"ListItem","position":3,"name":"Komplet PRO\u00a01&#8243; QF za IBC cisterno"}]},{"@type":"WebSite","@id":"https:\/\/ibcparts.eu\/#website","url":"https:\/\/ibcparts.eu\/","name":"IBCparts.eu","description":"","publisher":{"@id":"https:\/\/ibcparts.eu\/#organization"},"potentialAction":[{"@type":"SearchAction","target":{"@type":"EntryPoint","urlTemplate":"https:\/\/ibcparts.eu\/?s={search_term_string}"},"query-input":{"@type":"PropertyValueSpecification","valueRequired":true,"valueName":"search_term_string"}}],"inLanguage":"hu-HU"},{"@type":"Organization","@id":"https:\/\/ibcparts.eu\/#organization","name":"IBCparts","url":"https:\/\/ibcparts.eu\/","logo":{"@type":"ImageObject","inLanguage":"hu-HU","@id":"https:\/\/ibcparts.eu\/#\/schema\/logo\/image\/","url":"https:\/\/ibcparts.eu\/wp-content\/uploads\/2021\/10\/Footer-Logo.png","contentUrl":"https:\/\/ibcparts.eu\/wp-content\/uploads\/2021\/10\/Footer-Logo.png","width":1992,"height":772,"caption":"IBCparts"},"image":{"@id":"https:\/\/ibcparts.eu\/#\/schema\/logo\/image\/"}}]}},"_links":{"self":[{"href":"https:\/\/ibcparts.eu\/hu\/wp-json\/wp\/v2\/product\/16247","targetHints":{"allow":["GET"]}}],"collection":[{"href":"https:\/\/ibcparts.eu\/hu\/wp-json\/wp\/v2\/product"}],"about":[{"href":"https:\/\/ibcparts.eu\/hu\/wp-json\/wp\/v2\/types\/product"}],"version-history":[{"count":6,"href":"https:\/\/ibcparts.eu\/hu\/wp-json\/wp\/v2\/product\/16247\/revisions"}],"predecessor-version":[{"id":20551,"href":"https:\/\/ibcparts.eu\/hu\/wp-json\/wp\/v2\/product\/16247\/revisions\/20551"}],"wp:featuredmedia":[{"embeddable":true,"href":"https:\/\/ibcparts.eu\/hu\/wp-json\/wp\/v2\/media\/16248"}],"wp:attachment":[{"href":"https:\/\/ibcparts.eu\/hu\/wp-json\/wp\/v2\/media?parent=16247"}],"wp:term":[{"taxonomy":"product_brand","embeddable":true,"href":"https:\/\/ibcparts.eu\/hu\/wp-json\/wp\/v2\/product_brand?post=16247"},{"taxonomy":"product_cat","embeddable":true,"href":"https:\/\/ibcparts.eu\/hu\/wp-json\/wp\/v2\/product_cat?post=16247"},{"taxonomy":"product_tag","embeddable":true,"href":"https:\/\/ibcparts.eu\/hu\/wp-json\/wp\/v2\/product_tag?post=16247"}],"curies":[{"name":"wp","href":"https:\/\/api.w.org\/{rel}","templated":true}]}}