{"id":16238,"date":"2024-02-01T11:45:04","date_gmt":"2024-02-01T10:45:04","guid":{"rendered":"https:\/\/ibcparts.eu\/?post_type=product&#038;p=16238"},"modified":"2026-02-09T07:57:35","modified_gmt":"2026-02-09T06:57:35","slug":"komplet-pro-3-4-hf","status":"publish","type":"product","link":"https:\/\/ibcparts.eu\/hu\/termek\/komplet-pro-3-4-hf\/","title":{"rendered":"PRO 3\/4\u2033 HF k\u00e9szlet IBC tart\u00e1lyhoz"},"content":{"rendered":"","protected":false},"excerpt":{"rendered":"<h2 data-start=\"302\" data-end=\"384\"><strong data-start=\"306\" data-end=\"384\">PRO 3\/4\u2033 HighFlow k\u00e9szlet \u2013 csatlakoz\u00f3 csap IBC tart\u00e1lyhoz (S60x6 \/ DN50)<\/strong><\/h2>\n<p data-start=\"386\" data-end=\"655\" class=\" translation-block\">IBC tart\u00e1lyhoz val\u00f3 csatlakoz\u00f3 csap PRO reduk\u00e1l\u00f3 idommal \u00e9s 3\/4\u2033 HighFlow f\u00e9m csappal. A k\u00e9szlet IBC tart\u00e1ly adapterk\u00e9nt m\u0171k\u00f6dik, \u00e9s el\u0151re \u00f6ssze van szerelve, \u00edgy gyors \u00e9s egyszer\u0171 csatlakoztat\u00e1st tesz lehet\u0151v\u00e9 a legt\u00f6bb szabv\u00e1nyos, durva S60x6 (DN50) menettel rendelkez\u0151 IBC tart\u00e1lyhoz.<\/p>\n<p data-start=\"657\" data-end=\"1022\" class=\" translation-block\">A 3\/4\u2033 HighFlow csap kiv\u00e1l\u00f3 v\u00e1laszt\u00e1s, ha nagyobb v\u00edz\u00e1tfoly\u00e1sra van sz\u00fcks\u00e9ge. A csatlakoz\u00f3 csap haszn\u00e1lhat\u00f3 \u201eklik\u201d kerti t\u00f6ml\u0151csatlakoz\u00f3val (bels\u0151 \u00e1tm\u00e9r\u0151 9 mm); a gyorsabb kann\u00e1ba t\u00f6rt\u00e9n\u0151 \u00e1tt\u00f6lt\u00e9shez a klik csatlakoz\u00f3 egyszer\u0171en elt\u00e1vol\u00edthat\u00f3. A csap bels\u0151 \u00e1tm\u00e9r\u0151je 12 mm, amely l\u00e9nyegesen gyorsabb v\u00edzlefoly\u00e1st biztos\u00edt a hagyom\u00e1nyos csapokhoz k\u00e9pest.<\/p>\n<p data-start=\"1024\" data-end=\"1131\" class=\" translation-block\">A csapra egy tov\u00e1bbi \u201eklik\u201d kerti t\u00f6ml\u0151csatlakoz\u00f3 is felcsavarhat\u00f3 \u2013 ehhez a csaphoz 1\u2033 menetes csatlakoz\u00e1s megfelel\u0151.<\/p>\n<p data-start=\"1133\" data-end=\"1434\">Glavna prednost kompleta je\u00a0<strong data-start=\"920\" data-end=\"935\">Reducir PRO<\/strong>, izdelan iz visokokakovostnega materiala (\u010disti PP, stru\u017een iz enega kosa, masiven) in opremljen z\u00a0<strong data-start=\"992\" data-end=\"1054\">NB\/SB gumijastim tesnilom. Certificirano za stik z \u017eivili<\/strong>. Na trgu pogosto najdemo zelo podobne, vendar z bistveno tanj\u0161o steno.<\/p>\n<p data-start=\"1436\" data-end=\"1580\" class=\" translation-block\">A csap kifoly\u00f3j\u00e1n egy m\u0171anyag kifoly\u00f3form\u00e1z\u00f3 sz\u0171r\u0151 tal\u00e1lhat\u00f3, amely szennyez\u0151d\u00e9sek eset\u00e9n sz\u00fcks\u00e9g szerint k\u00f6nnyen elt\u00e1vol\u00edthat\u00f3.<\/p>\n<p data-start=\"1582\" data-end=\"1604\"><strong data-start=\"1582\" data-end=\"1604\">Legfontosabb el\u0151ny\u00f6k:<\/strong><\/p>\n<ul>\n<li data-start=\"1607\" data-end=\"1644\" class=\" translation-block\">Csatlakoz\u00f3 csap IBC tart\u00e1lyhoz<\/li>\n<li data-start=\"1647\" data-end=\"1698\" class=\" translation-block\">IBC szelephez val\u00f3 adapterk\u00e9nt \/ csatlakoz\u00f3k\u00e9nt m\u0171k\u00f6dik<\/li>\n<li data-start=\"1701\" data-end=\"1736\" class=\" translation-block\">Szabv\u00e1nyos menet S60x6 \/ DN50<\/li>\n<li data-start=\"1739\" data-end=\"1789\" class=\" translation-block\">PRO reduk\u00e1l\u00f3 idom NB\/SB t\u00f6m\u00edt\u00e9ssel (\u00e9lelmiszerrel \u00e9rintkezhet)<\/li>\n<li data-start=\"1792\" data-end=\"1843\" class=\" translation-block\">3\/4\u2033 HighFlow f\u00e9m csap nagyobb \u00e1tfoly\u00e1ssal<\/li>\n<\/ul>\n<p class=\" translation-block\">Ha az \u00d6n tart\u00e1ly\u00e1n m\u00e1s t\u00edpus\u00fa szelep van, a szelep t\u00edpus\u00e1t <a href=\"https:\/\/ibcparts.eu\/hu\/ibc-info\/\" target=\"_self\">itt<\/a> ellen\u0151rizheti, majd kiv\u00e1laszthatja a megfelel\u0151 adaptert. Ha m\u00e9g mindig nem teljesen biztos, k\u00e9rj\u00fck, vegye fel vel\u00fcnk a kapcsolatot.<\/p>","protected":false},"featured_media":16239,"template":"","meta":[],"product_brand":[],"product_cat":[173],"product_tag":[],"class_list":{"0":"post-16238","1":"product","2":"type-product","3":"status-publish","4":"has-post-thumbnail","6":"product_cat-kompleti-pro","8":"first","9":"instock","10":"shipping-taxable","11":"purchasable","12":"product-type-simple"},"yoast_head":"<!-- This site is optimized with the Yoast SEO plugin v27.1.1 - https:\/\/yoast.com\/product\/yoast-seo-wordpress\/ -->\n<title>Komplet PRO\u00a03\/4&quot; HF za IBC cisterno | IBCparts.eu<\/title>\n<meta name=\"description\" content=\"Priklju\u010dna pipa oziroma adapter za IBC cisterno S60x6 (DN50) z 3\/4\u2033 HighFlow kovinsko pipo in Reducirjem PRO. Ve\u010dji pretok in zanesno tesnjenje.\" \/>\n<meta name=\"robots\" content=\"index, follow, max-snippet:-1, max-image-preview:large, max-video-preview:-1\" \/>\n<link rel=\"canonical\" href=\"https:\/\/ibcparts.eu\/hu\/termek\/komplet-pro-3-4-hf\/\" \/>\n<meta property=\"og:locale\" content=\"hu_HU\" \/>\n<meta property=\"og:type\" content=\"article\" \/>\n<meta property=\"og:title\" content=\"Komplet PRO\u00a03\/4&quot; HF za IBC cisterno | IBCparts.eu\" \/>\n<meta property=\"og:description\" content=\"Priklju\u010dna pipa oziroma adapter za IBC cisterno S60x6 (DN50) z 3\/4\u2033 HighFlow kovinsko pipo in Reducirjem PRO. Ve\u010dji pretok in zanesno tesnjenje.\" \/>\n<meta property=\"og:url\" content=\"https:\/\/ibcparts.eu\/hu\/termek\/komplet-pro-3-4-hf\/\" \/>\n<meta property=\"og:site_name\" content=\"IBCparts.eu\" \/>\n<meta property=\"article:modified_time\" content=\"2026-02-09T06:57:35+00:00\" \/>\n<meta property=\"og:image\" content=\"https:\/\/ibcparts.eu\/wp-content\/uploads\/2024\/02\/komplett-pro-34-hf_orig.png\" \/>\n\t<meta property=\"og:image:width\" content=\"500\" \/>\n\t<meta property=\"og:image:height\" content=\"500\" \/>\n\t<meta property=\"og:image:type\" content=\"image\/png\" \/>\n<meta name=\"twitter:card\" content=\"summary_large_image\" \/>\n<script type=\"application\/ld+json\" class=\"yoast-schema-graph\">{\"@context\":\"https:\/\/schema.org\",\"@graph\":[{\"@type\":\"WebPage\",\"@id\":\"https:\/\/ibcparts.eu\/izdelek\/komplet-pro-3-4-hf\/\",\"url\":\"https:\/\/ibcparts.eu\/izdelek\/komplet-pro-3-4-hf\/\",\"name\":\"Komplet PRO\u00a03\/4\\\" HF za IBC cisterno | IBCparts.eu\",\"isPartOf\":{\"@id\":\"https:\/\/ibcparts.eu\/#website\"},\"primaryImageOfPage\":{\"@id\":\"https:\/\/ibcparts.eu\/izdelek\/komplet-pro-3-4-hf\/#primaryimage\"},\"image\":{\"@id\":\"https:\/\/ibcparts.eu\/izdelek\/komplet-pro-3-4-hf\/#primaryimage\"},\"thumbnailUrl\":\"https:\/\/ibcparts.eu\/wp-content\/uploads\/2024\/02\/komplett-pro-34-hf_orig.png\",\"datePublished\":\"2024-02-01T10:45:04+00:00\",\"dateModified\":\"2026-02-09T06:57:35+00:00\",\"description\":\"Priklju\u010dna pipa oziroma adapter za IBC cisterno S60x6 (DN50) z 3\/4\u2033 HighFlow kovinsko pipo in Reducirjem PRO. Ve\u010dji pretok in zanesno tesnjenje.\",\"breadcrumb\":{\"@id\":\"https:\/\/ibcparts.eu\/izdelek\/komplet-pro-3-4-hf\/#breadcrumb\"},\"inLanguage\":\"hu-HU\",\"potentialAction\":[{\"@type\":\"ReadAction\",\"target\":[\"https:\/\/ibcparts.eu\/izdelek\/komplet-pro-3-4-hf\/\"]}]},{\"@type\":\"ImageObject\",\"inLanguage\":\"hu-HU\",\"@id\":\"https:\/\/ibcparts.eu\/izdelek\/komplet-pro-3-4-hf\/#primaryimage\",\"url\":\"https:\/\/ibcparts.eu\/wp-content\/uploads\/2024\/02\/komplett-pro-34-hf_orig.png\",\"contentUrl\":\"https:\/\/ibcparts.eu\/wp-content\/uploads\/2024\/02\/komplett-pro-34-hf_orig.png\",\"width\":500,\"height\":500},{\"@type\":\"BreadcrumbList\",\"@id\":\"https:\/\/ibcparts.eu\/izdelek\/komplet-pro-3-4-hf\/#breadcrumb\",\"itemListElement\":[{\"@type\":\"ListItem\",\"position\":1,\"name\":\"Home\",\"item\":\"https:\/\/ibcparts.eu\/\"},{\"@type\":\"ListItem\",\"position\":2,\"name\":\"Nakupujte\",\"item\":\"https:\/\/ibcparts.eu\/nakupujte\/\"},{\"@type\":\"ListItem\",\"position\":3,\"name\":\"Komplet PRO\u00a03\/4&#8243; HF za IBC cisterno\"}]},{\"@type\":\"WebSite\",\"@id\":\"https:\/\/ibcparts.eu\/#website\",\"url\":\"https:\/\/ibcparts.eu\/\",\"name\":\"IBCparts.eu\",\"description\":\"\",\"publisher\":{\"@id\":\"https:\/\/ibcparts.eu\/#organization\"},\"potentialAction\":[{\"@type\":\"SearchAction\",\"target\":{\"@type\":\"EntryPoint\",\"urlTemplate\":\"https:\/\/ibcparts.eu\/?s={search_term_string}\"},\"query-input\":{\"@type\":\"PropertyValueSpecification\",\"valueRequired\":true,\"valueName\":\"search_term_string\"}}],\"inLanguage\":\"hu-HU\"},{\"@type\":\"Organization\",\"@id\":\"https:\/\/ibcparts.eu\/#organization\",\"name\":\"IBCparts\",\"url\":\"https:\/\/ibcparts.eu\/\",\"logo\":{\"@type\":\"ImageObject\",\"inLanguage\":\"hu-HU\",\"@id\":\"https:\/\/ibcparts.eu\/#\/schema\/logo\/image\/\",\"url\":\"https:\/\/ibcparts.eu\/wp-content\/uploads\/2021\/10\/Footer-Logo.png\",\"contentUrl\":\"https:\/\/ibcparts.eu\/wp-content\/uploads\/2021\/10\/Footer-Logo.png\",\"width\":1992,\"height\":772,\"caption\":\"IBCparts\"},\"image\":{\"@id\":\"https:\/\/ibcparts.eu\/#\/schema\/logo\/image\/\"}}]}<\/script>\n<!-- \/ Yoast SEO plugin. -->","yoast_head_json":{"title":"Komplet PRO\u00a03\/4\" HF za IBC cisterno | IBCparts.eu","description":"Priklju\u010dna pipa oziroma adapter za IBC cisterno S60x6 (DN50) z 3\/4\u2033 HighFlow kovinsko pipo in Reducirjem PRO. Ve\u010dji pretok in zanesno tesnjenje.","robots":{"index":"index","follow":"follow","max-snippet":"max-snippet:-1","max-image-preview":"max-image-preview:large","max-video-preview":"max-video-preview:-1"},"canonical":"https:\/\/ibcparts.eu\/hu\/termek\/komplet-pro-3-4-hf\/","og_locale":"hu_HU","og_type":"article","og_title":"Komplet PRO\u00a03\/4\" HF za IBC cisterno | IBCparts.eu","og_description":"Priklju\u010dna pipa oziroma adapter za IBC cisterno S60x6 (DN50) z 3\/4\u2033 HighFlow kovinsko pipo in Reducirjem PRO. Ve\u010dji pretok in zanesno tesnjenje.","og_url":"https:\/\/ibcparts.eu\/hu\/termek\/komplet-pro-3-4-hf\/","og_site_name":"IBCparts.eu","article_modified_time":"2026-02-09T06:57:35+00:00","og_image":[{"width":500,"height":500,"url":"https:\/\/ibcparts.eu\/wp-content\/uploads\/2024\/02\/komplett-pro-34-hf_orig.png","type":"image\/png"}],"twitter_card":"summary_large_image","schema":{"@context":"https:\/\/schema.org","@graph":[{"@type":"WebPage","@id":"https:\/\/ibcparts.eu\/izdelek\/komplet-pro-3-4-hf\/","url":"https:\/\/ibcparts.eu\/izdelek\/komplet-pro-3-4-hf\/","name":"Komplet PRO\u00a03\/4\" HF za IBC cisterno | IBCparts.eu","isPartOf":{"@id":"https:\/\/ibcparts.eu\/#website"},"primaryImageOfPage":{"@id":"https:\/\/ibcparts.eu\/izdelek\/komplet-pro-3-4-hf\/#primaryimage"},"image":{"@id":"https:\/\/ibcparts.eu\/izdelek\/komplet-pro-3-4-hf\/#primaryimage"},"thumbnailUrl":"https:\/\/ibcparts.eu\/wp-content\/uploads\/2024\/02\/komplett-pro-34-hf_orig.png","datePublished":"2024-02-01T10:45:04+00:00","dateModified":"2026-02-09T06:57:35+00:00","description":"Priklju\u010dna pipa oziroma adapter za IBC cisterno S60x6 (DN50) z 3\/4\u2033 HighFlow kovinsko pipo in Reducirjem PRO. Ve\u010dji pretok in zanesno tesnjenje.","breadcrumb":{"@id":"https:\/\/ibcparts.eu\/izdelek\/komplet-pro-3-4-hf\/#breadcrumb"},"inLanguage":"hu-HU","potentialAction":[{"@type":"ReadAction","target":["https:\/\/ibcparts.eu\/izdelek\/komplet-pro-3-4-hf\/"]}]},{"@type":"ImageObject","inLanguage":"hu-HU","@id":"https:\/\/ibcparts.eu\/izdelek\/komplet-pro-3-4-hf\/#primaryimage","url":"https:\/\/ibcparts.eu\/wp-content\/uploads\/2024\/02\/komplett-pro-34-hf_orig.png","contentUrl":"https:\/\/ibcparts.eu\/wp-content\/uploads\/2024\/02\/komplett-pro-34-hf_orig.png","width":500,"height":500},{"@type":"BreadcrumbList","@id":"https:\/\/ibcparts.eu\/izdelek\/komplet-pro-3-4-hf\/#breadcrumb","itemListElement":[{"@type":"ListItem","position":1,"name":"Home","item":"https:\/\/ibcparts.eu\/"},{"@type":"ListItem","position":2,"name":"Nakupujte","item":"https:\/\/ibcparts.eu\/nakupujte\/"},{"@type":"ListItem","position":3,"name":"Komplet PRO\u00a03\/4&#8243; HF za IBC cisterno"}]},{"@type":"WebSite","@id":"https:\/\/ibcparts.eu\/#website","url":"https:\/\/ibcparts.eu\/","name":"IBCparts.eu","description":"","publisher":{"@id":"https:\/\/ibcparts.eu\/#organization"},"potentialAction":[{"@type":"SearchAction","target":{"@type":"EntryPoint","urlTemplate":"https:\/\/ibcparts.eu\/?s={search_term_string}"},"query-input":{"@type":"PropertyValueSpecification","valueRequired":true,"valueName":"search_term_string"}}],"inLanguage":"hu-HU"},{"@type":"Organization","@id":"https:\/\/ibcparts.eu\/#organization","name":"IBCparts","url":"https:\/\/ibcparts.eu\/","logo":{"@type":"ImageObject","inLanguage":"hu-HU","@id":"https:\/\/ibcparts.eu\/#\/schema\/logo\/image\/","url":"https:\/\/ibcparts.eu\/wp-content\/uploads\/2021\/10\/Footer-Logo.png","contentUrl":"https:\/\/ibcparts.eu\/wp-content\/uploads\/2021\/10\/Footer-Logo.png","width":1992,"height":772,"caption":"IBCparts"},"image":{"@id":"https:\/\/ibcparts.eu\/#\/schema\/logo\/image\/"}}]}},"_links":{"self":[{"href":"https:\/\/ibcparts.eu\/hu\/wp-json\/wp\/v2\/product\/16238","targetHints":{"allow":["GET"]}}],"collection":[{"href":"https:\/\/ibcparts.eu\/hu\/wp-json\/wp\/v2\/product"}],"about":[{"href":"https:\/\/ibcparts.eu\/hu\/wp-json\/wp\/v2\/types\/product"}],"version-history":[{"count":5,"href":"https:\/\/ibcparts.eu\/hu\/wp-json\/wp\/v2\/product\/16238\/revisions"}],"predecessor-version":[{"id":20545,"href":"https:\/\/ibcparts.eu\/hu\/wp-json\/wp\/v2\/product\/16238\/revisions\/20545"}],"wp:featuredmedia":[{"embeddable":true,"href":"https:\/\/ibcparts.eu\/hu\/wp-json\/wp\/v2\/media\/16239"}],"wp:attachment":[{"href":"https:\/\/ibcparts.eu\/hu\/wp-json\/wp\/v2\/media?parent=16238"}],"wp:term":[{"taxonomy":"product_brand","embeddable":true,"href":"https:\/\/ibcparts.eu\/hu\/wp-json\/wp\/v2\/product_brand?post=16238"},{"taxonomy":"product_cat","embeddable":true,"href":"https:\/\/ibcparts.eu\/hu\/wp-json\/wp\/v2\/product_cat?post=16238"},{"taxonomy":"product_tag","embeddable":true,"href":"https:\/\/ibcparts.eu\/hu\/wp-json\/wp\/v2\/product_tag?post=16238"}],"curies":[{"name":"wp","href":"https:\/\/api.w.org\/{rel}","templated":true}]}}