{"id":16218,"date":"2024-02-01T11:30:40","date_gmt":"2024-02-01T10:30:40","guid":{"rendered":"https:\/\/ibcparts.eu\/?post_type=product&#038;p=16218"},"modified":"2025-12-31T11:30:00","modified_gmt":"2025-12-31T10:30:00","slug":"komplet-vortex-y","status":"publish","type":"product","link":"https:\/\/ibcparts.eu\/hu\/termek\/komplet-vortex-y\/","title":{"rendered":"Vortex Y k\u00e9szlet"},"content":{"rendered":"","protected":false},"excerpt":{"rendered":"<h2 data-start=\"138\" data-end=\"213\">Komplet z vrtljivim adapterjem in medeninastim Y-razdelilnikom za IBC cisterno<\/h2>\n<p data-start=\"215\" data-end=\"477\" class=\" translation-block\">Rendk\u00edv\u00fcl robusztus <strong data-start=\"232\" data-end=\"276\">s\u00e1rgar\u00e9z Y-eloszt\u00f3 IBC tart\u00e1lyokhoz<\/strong>, amely k\u00e9t t\u00f6ml\u0151 egyidej\u0171 csatlakoztat\u00e1s\u00e1ra szolg\u00e1l. A kiv\u00e1l\u00f3 min\u0151s\u00e9g\u0171 f\u00e9mkivitel <strong data-start=\"362\" data-end=\"391\">k\u00e9t elz\u00e1r\u00f3 szeleppel<\/strong> pontos \u00e1raml\u00e1sszab\u00e1lyoz\u00e1st \u00e9s megb\u00edzhat\u00f3 m\u0171k\u00f6d\u00e9st biztos\u00edt m\u00e9g ig\u00e9nyesebb haszn\u00e1lat eset\u00e9n is.<\/p>\n<p data-start=\"479\" data-end=\"683\" class=\" translation-block\">A k\u00e9szlet k\u00f6zvetlen\u00fcl az IBC tart\u00e1lyra szerelhet\u0151, \u00e9s szivatty\u00fa n\u00e9lk\u00fcl m\u0171k\u00f6dik \u2013 <strong data-start=\"554\" data-end=\"588\">a gravit\u00e1ci\u00f3s \u00e1raml\u00e1s elegend\u0151<\/strong>. F\u00e9m kialak\u00edt\u00e1s\u00e1nak k\u00f6sz\u00f6nhet\u0151en l\u00e9nyegesen tart\u00f3sabb \u00e9s megb\u00edzhat\u00f3bb, mint a m\u0171anyag alternat\u00edv\u00e1k.<\/p>\n<h3 data-start=\"685\" data-end=\"706\">F\u0151 el\u0151ny\u00f6k:<\/h3>\n<ul>\n<li data-start=\"709\" data-end=\"752\"><strong>Vrtljiv adapter <\/strong><\/li>\n<li data-start=\"709\" data-end=\"752\">nagyon er\u0151s \u00e9s tart\u00f3s s\u00e1rgar\u00e9z kivitel<\/li>\n<li data-start=\"755\" data-end=\"783\">Y-eloszt\u00e1s k\u00e9t kimenetre<\/li>\n<li data-start=\"786\" data-end=\"842\">k\u00e9t f\u00fcggetlen elz\u00e1r\u00f3 szelep a teljes \u00e1raml\u00e1sszab\u00e1lyoz\u00e1shoz<\/li>\n<li data-start=\"845\" data-end=\"889\">primerno za pogosto in dolgotrajno uporabo<\/li>\n<li data-start=\"892\" data-end=\"927\">enostavna monta\u017ea na IBC cisterno<\/li>\n<\/ul>\n<h3 data-start=\"929\" data-end=\"952\">M\u0171szaki jellemz\u0151k<\/h3>\n<ul>\n<li data-start=\"955\" data-end=\"975\">Anyag: s\u00e1rgar\u00e9z<\/li>\n<li data-start=\"978\" data-end=\"1020\">T\u00edpus: Y-eloszt\u00f3 elz\u00e1r\u00f3 szelepekkel<\/li>\n<li data-start=\"1023\" data-end=\"1070\">Csatlakoz\u00e1s a tart\u00e1lyhoz: <strong data-start=\"1044\" data-end=\"1068\">S60x6 (IBC standard)<\/strong><\/li>\n<li data-start=\"1073\" data-end=\"1100\">Kimenetek: 2\u00d7 t\u00f6ml\u0151csatlakoz\u00e1s<\/li>\n<li data-start=\"1103\" data-end=\"1145\">M\u0171k\u00f6d\u00e9s: gravit\u00e1ci\u00f3s (nyom\u00e1s n\u00e9lk\u00fcl)<\/li>\n<li data-start=\"1103\" data-end=\"1145\" class=\" translation-block\">Az IBC adapter t\u00f6m\u00edt\u00e9se: <strong>EPDM gumi<\/strong><\/li>\n<\/ul>","protected":false},"featured_media":16223,"template":"","meta":[],"product_brand":[],"product_cat":[174],"product_tag":[],"class_list":{"0":"post-16218","1":"product","2":"type-product","3":"status-publish","4":"has-post-thumbnail","6":"product_cat-kompleti-vortex","8":"first","9":"instock","10":"shipping-taxable","11":"purchasable","12":"product-type-simple"},"yoast_head":"<!-- This site is optimized with the Yoast SEO plugin v27.1.1 - https:\/\/yoast.com\/product\/yoast-seo-wordpress\/ -->\n<title>Komplet Vortex Y | IBCparts.eu<\/title>\n<meta name=\"description\" content=\"Komplet VORTEX za IBC cisterno z ventilom S60x6 z medeninastim dvojnim ventilom in klik priklju\u010dkoma za vrtno cev.\" \/>\n<meta name=\"robots\" content=\"index, follow, max-snippet:-1, max-image-preview:large, max-video-preview:-1\" \/>\n<link rel=\"canonical\" href=\"https:\/\/ibcparts.eu\/hu\/artikel\/komplet-vortex-y\/\" \/>\n<meta property=\"og:locale\" content=\"hu_HU\" \/>\n<meta property=\"og:type\" content=\"article\" \/>\n<meta property=\"og:title\" content=\"Komplet Vortex Y | IBCparts.eu\" \/>\n<meta property=\"og:description\" content=\"Komplet VORTEX za IBC cisterno z ventilom S60x6 z medeninastim dvojnim ventilom in klik priklju\u010dkoma za vrtno cev.\" \/>\n<meta property=\"og:url\" content=\"https:\/\/ibcparts.eu\/hu\/artikel\/komplet-vortex-y\/\" \/>\n<meta property=\"og:site_name\" content=\"IBCparts.eu\" \/>\n<meta property=\"article:modified_time\" content=\"2025-12-31T10:30:00+00:00\" \/>\n<meta property=\"og:image\" content=\"https:\/\/ibcparts.eu\/wp-content\/uploads\/2024\/02\/komplet-vortex-y_orig.png\" \/>\n\t<meta property=\"og:image:width\" content=\"500\" \/>\n\t<meta property=\"og:image:height\" content=\"500\" \/>\n\t<meta property=\"og:image:type\" content=\"image\/png\" \/>\n<meta name=\"twitter:card\" content=\"summary_large_image\" \/>\n<script type=\"application\/ld+json\" class=\"yoast-schema-graph\">{\"@context\":\"https:\/\/schema.org\",\"@graph\":[{\"@type\":\"WebPage\",\"@id\":\"https:\/\/ibcparts.eu\/nl\/artikel\/komplet-vortex-y\/\",\"url\":\"https:\/\/ibcparts.eu\/nl\/artikel\/komplet-vortex-y\/\",\"name\":\"Komplet Vortex Y | IBCparts.eu\",\"isPartOf\":{\"@id\":\"https:\/\/ibcparts.eu\/#website\"},\"primaryImageOfPage\":{\"@id\":\"https:\/\/ibcparts.eu\/nl\/artikel\/komplet-vortex-y\/#primaryimage\"},\"image\":{\"@id\":\"https:\/\/ibcparts.eu\/nl\/artikel\/komplet-vortex-y\/#primaryimage\"},\"thumbnailUrl\":\"https:\/\/ibcparts.eu\/wp-content\/uploads\/2024\/02\/komplet-vortex-y_orig.png\",\"datePublished\":\"2024-02-01T10:30:40+00:00\",\"dateModified\":\"2025-12-31T10:30:00+00:00\",\"description\":\"Komplet VORTEX za IBC cisterno z ventilom S60x6 z medeninastim dvojnim ventilom in klik priklju\u010dkoma za vrtno cev.\",\"breadcrumb\":{\"@id\":\"https:\/\/ibcparts.eu\/nl\/artikel\/komplet-vortex-y\/#breadcrumb\"},\"inLanguage\":\"hu\",\"potentialAction\":[{\"@type\":\"ReadAction\",\"target\":[\"https:\/\/ibcparts.eu\/nl\/artikel\/komplet-vortex-y\/\"]}]},{\"@type\":\"ImageObject\",\"inLanguage\":\"hu\",\"@id\":\"https:\/\/ibcparts.eu\/nl\/artikel\/komplet-vortex-y\/#primaryimage\",\"url\":\"https:\/\/ibcparts.eu\/wp-content\/uploads\/2024\/02\/komplet-vortex-y_orig.png\",\"contentUrl\":\"https:\/\/ibcparts.eu\/wp-content\/uploads\/2024\/02\/komplet-vortex-y_orig.png\",\"width\":500,\"height\":500},{\"@type\":\"BreadcrumbList\",\"@id\":\"https:\/\/ibcparts.eu\/nl\/artikel\/komplet-vortex-y\/#breadcrumb\",\"itemListElement\":[{\"@type\":\"ListItem\",\"position\":1,\"name\":\"Home\",\"item\":\"https:\/\/ibcparts.eu\/\"},{\"@type\":\"ListItem\",\"position\":2,\"name\":\"Nakupujte\",\"item\":\"https:\/\/ibcparts.eu\/nakupujte\/\"},{\"@type\":\"ListItem\",\"position\":3,\"name\":\"Komplet Vortex Y\"}]},{\"@type\":\"WebSite\",\"@id\":\"https:\/\/ibcparts.eu\/#website\",\"url\":\"https:\/\/ibcparts.eu\/\",\"name\":\"IBCparts.eu\",\"description\":\"\",\"publisher\":{\"@id\":\"https:\/\/ibcparts.eu\/#organization\"},\"potentialAction\":[{\"@type\":\"SearchAction\",\"target\":{\"@type\":\"EntryPoint\",\"urlTemplate\":\"https:\/\/ibcparts.eu\/?s={search_term_string}\"},\"query-input\":{\"@type\":\"PropertyValueSpecification\",\"valueRequired\":true,\"valueName\":\"search_term_string\"}}],\"inLanguage\":\"hu\"},{\"@type\":\"Organization\",\"@id\":\"https:\/\/ibcparts.eu\/#organization\",\"name\":\"IBCparts\",\"url\":\"https:\/\/ibcparts.eu\/\",\"logo\":{\"@type\":\"ImageObject\",\"inLanguage\":\"hu\",\"@id\":\"https:\/\/ibcparts.eu\/#\/schema\/logo\/image\/\",\"url\":\"https:\/\/ibcparts.eu\/wp-content\/uploads\/2021\/10\/Footer-Logo.png\",\"contentUrl\":\"https:\/\/ibcparts.eu\/wp-content\/uploads\/2021\/10\/Footer-Logo.png\",\"width\":1992,\"height\":772,\"caption\":\"IBCparts\"},\"image\":{\"@id\":\"https:\/\/ibcparts.eu\/#\/schema\/logo\/image\/\"}}]}<\/script>\n<!-- \/ Yoast SEO plugin. -->","yoast_head_json":{"title":"Vortex Y k\u00e9szlet | IBCparts.eu","description":"VORTEX IBC tart\u00e1lyk\u00e9szlet szeleppel S60x6 s\u00e1rgar\u00e9z kett\u0151s szeleppel \u00e9s kattint\u00f3s csatlakoz\u00f3kkal kerti t\u00f6ml\u0151h\u00f6z.","robots":{"index":"index","follow":"follow","max-snippet":"max-snippet:-1","max-image-preview":"max-image-preview:large","max-video-preview":"max-video-preview:-1"},"canonical":"https:\/\/ibcparts.eu\/hu\/artikel\/komplet-vortex-y\/","og_locale":"hu_HU","og_type":"article","og_title":"Komplet Vortex Y | IBCparts.eu","og_description":"Komplet VORTEX za IBC cisterno z ventilom S60x6 z medeninastim dvojnim ventilom in klik priklju\u010dkoma za vrtno cev.","og_url":"https:\/\/ibcparts.eu\/hu\/artikel\/komplet-vortex-y\/","og_site_name":"IBCparts.eu","article_modified_time":"2025-12-31T10:30:00+00:00","og_image":[{"width":500,"height":500,"url":"https:\/\/ibcparts.eu\/wp-content\/uploads\/2024\/02\/komplet-vortex-y_orig.png","type":"image\/png"}],"twitter_card":"summary_large_image","schema":{"@context":"https:\/\/schema.org","@graph":[{"@type":"WebPage","@id":"https:\/\/ibcparts.eu\/nl\/artikel\/komplet-vortex-y\/","url":"https:\/\/ibcparts.eu\/nl\/artikel\/komplet-vortex-y\/","name":"Vortex Y k\u00e9szlet | IBCparts.eu","isPartOf":{"@id":"https:\/\/ibcparts.eu\/#website"},"primaryImageOfPage":{"@id":"https:\/\/ibcparts.eu\/nl\/artikel\/komplet-vortex-y\/#primaryimage"},"image":{"@id":"https:\/\/ibcparts.eu\/nl\/artikel\/komplet-vortex-y\/#primaryimage"},"thumbnailUrl":"https:\/\/ibcparts.eu\/wp-content\/uploads\/2024\/02\/komplet-vortex-y_orig.png","datePublished":"2024-02-01T10:30:40+00:00","dateModified":"2025-12-31T10:30:00+00:00","description":"VORTEX IBC tart\u00e1lyk\u00e9szlet szeleppel S60x6 s\u00e1rgar\u00e9z kett\u0151s szeleppel \u00e9s kattint\u00f3s csatlakoz\u00f3kkal kerti t\u00f6ml\u0151h\u00f6z.","breadcrumb":{"@id":"https:\/\/ibcparts.eu\/nl\/artikel\/komplet-vortex-y\/#breadcrumb"},"inLanguage":"hu","potentialAction":[{"@type":"ReadAction","target":["https:\/\/ibcparts.eu\/nl\/artikel\/komplet-vortex-y\/"]}]},{"@type":"ImageObject","inLanguage":"hu","@id":"https:\/\/ibcparts.eu\/nl\/artikel\/komplet-vortex-y\/#primaryimage","url":"https:\/\/ibcparts.eu\/wp-content\/uploads\/2024\/02\/komplet-vortex-y_orig.png","contentUrl":"https:\/\/ibcparts.eu\/wp-content\/uploads\/2024\/02\/komplet-vortex-y_orig.png","width":500,"height":500},{"@type":"BreadcrumbList","@id":"https:\/\/ibcparts.eu\/nl\/artikel\/komplet-vortex-y\/#breadcrumb","itemListElement":[{"@type":"ListItem","position":1,"name":"Home","item":"https:\/\/ibcparts.eu\/"},{"@type":"ListItem","position":2,"name":"Nakupujte","item":"https:\/\/ibcparts.eu\/nakupujte\/"},{"@type":"ListItem","position":3,"name":"Komplet Vortex Y"}]},{"@type":"WebSite","@id":"https:\/\/ibcparts.eu\/#website","url":"https:\/\/ibcparts.eu\/","name":"IBCparts.eu","description":"","publisher":{"@id":"https:\/\/ibcparts.eu\/#organization"},"potentialAction":[{"@type":"SearchAction","target":{"@type":"EntryPoint","urlTemplate":"https:\/\/ibcparts.eu\/?s={search_term_string}"},"query-input":{"@type":"PropertyValueSpecification","valueRequired":true,"valueName":"search_term_string"}}],"inLanguage":"hu"},{"@type":"Organization","@id":"https:\/\/ibcparts.eu\/#organization","name":"IBCparts","url":"https:\/\/ibcparts.eu\/","logo":{"@type":"ImageObject","inLanguage":"hu","@id":"https:\/\/ibcparts.eu\/#\/schema\/logo\/image\/","url":"https:\/\/ibcparts.eu\/wp-content\/uploads\/2021\/10\/Footer-Logo.png","contentUrl":"https:\/\/ibcparts.eu\/wp-content\/uploads\/2021\/10\/Footer-Logo.png","width":1992,"height":772,"caption":"IBCparts"},"image":{"@id":"https:\/\/ibcparts.eu\/#\/schema\/logo\/image\/"}}]}},"_links":{"self":[{"href":"https:\/\/ibcparts.eu\/hu\/wp-json\/wp\/v2\/product\/16218","targetHints":{"allow":["GET"]}}],"collection":[{"href":"https:\/\/ibcparts.eu\/hu\/wp-json\/wp\/v2\/product"}],"about":[{"href":"https:\/\/ibcparts.eu\/hu\/wp-json\/wp\/v2\/types\/product"}],"version-history":[{"count":2,"href":"https:\/\/ibcparts.eu\/hu\/wp-json\/wp\/v2\/product\/16218\/revisions"}],"predecessor-version":[{"id":19646,"href":"https:\/\/ibcparts.eu\/hu\/wp-json\/wp\/v2\/product\/16218\/revisions\/19646"}],"wp:featuredmedia":[{"embeddable":true,"href":"https:\/\/ibcparts.eu\/hu\/wp-json\/wp\/v2\/media\/16223"}],"wp:attachment":[{"href":"https:\/\/ibcparts.eu\/hu\/wp-json\/wp\/v2\/media?parent=16218"}],"wp:term":[{"taxonomy":"product_brand","embeddable":true,"href":"https:\/\/ibcparts.eu\/hu\/wp-json\/wp\/v2\/product_brand?post=16218"},{"taxonomy":"product_cat","embeddable":true,"href":"https:\/\/ibcparts.eu\/hu\/wp-json\/wp\/v2\/product_cat?post=16218"},{"taxonomy":"product_tag","embeddable":true,"href":"https:\/\/ibcparts.eu\/hu\/wp-json\/wp\/v2\/product_tag?post=16218"}],"curies":[{"name":"wp","href":"https:\/\/api.w.org\/{rel}","templated":true}]}}