{"id":16127,"date":"2024-01-26T12:09:31","date_gmt":"2024-01-26T11:09:31","guid":{"rendered":"https:\/\/ibcparts.eu\/?post_type=product&#038;p=16127"},"modified":"2026-03-29T17:35:10","modified_gmt":"2026-03-29T16:35:10","slug":"oddusnik-easy","status":"publish","type":"product","link":"https:\/\/ibcparts.eu\/hu\/termek\/oddusnik-easy\/","title":{"rendered":"Oddu\u0161nik AirVent za v pokrov IBC cisterne \u2013 nizek profil (2\u2033 BSP ali S56x4)"},"content":{"rendered":"","protected":false},"excerpt":{"rendered":"<p data-start=\"640\" data-end=\"905\" class=\" translation-block\">Az <strong>AirVent<\/strong> szell\u0151z\u0151 <strong>az IBC tart\u00e1ly megb\u00edzhat\u00f3 \u00e9s biztons\u00e1gos szell\u0151ztet\u00e9s\u00e9re<\/strong> lett tervezve, k\u00fcl\u00f6n\u00f6sen akkor, amikor <strong>k\u00e9t tart\u00e1ly egym\u00e1s f\u00f6l\u00e9, f\u00fcgg\u0151legesen van elhelyezve<\/strong>.<br><strong>Rendk\u00edv\u00fcl alacsony profilj\u00e1nak<\/strong> k\u00f6sz\u00f6nhet\u0151en megakad\u00e1lyozza azokat a mechanikai probl\u00e9m\u00e1kat, amelyek akkor jelentkezhetnek, ha a fels\u0151 tart\u00e1ly tele van.<\/p>\n<hr data-start=\"907\" data-end=\"910\" \/>\n<h2 data-start=\"912\" data-end=\"987\">\ud83d\udccc F\u0150 EL\u0150NY\u00d6K<\/h2>\n<ul>\n<li class=\" translation-block\">\u2705 <strong>az als\u00f3 IBC tart\u00e1ly szell\u0151ztet\u00e9s\u00e9re<\/strong> szolg\u00e1l<\/li>\n<li class=\" translation-block\">\u2705 ide\u00e1lis <strong>DUO f\u00fcgg\u0151leges rendszerekhez<\/strong><\/li>\n<li class=\" translation-block\">\u2705 <strong>nagyon alacsony profil<\/strong> \u2013 nincs vesz\u00e9lye a fels\u0151 tart\u00e1llyal val\u00f3 \u00e9rintkez\u00e9snek<\/li>\n<li class=\" translation-block\">\u2705 megakad\u00e1lyozza a <strong>felf\u00fav\u00f3d\u00e1st \u00e9s a v\u00e1kuumot<\/strong><\/li>\n<li class=\" translation-block\">\u2705 szerel\u00e9s a <strong>fed\u00e9l 2\u2033 k\u00f6zponti menet\u00e9be<\/strong><\/li>\n<li class=\" translation-block\">\u2705 el\u00e9rhet\u0151 <strong>16 mm (1\/2\u2033)<\/strong> \u00e9s <strong>20 mm (3\/4\u2033)<\/strong> kivitelben<\/li>\n<\/ul>\n<hr data-start=\"1351\" data-end=\"1354\" \/>\n<h2 data-start=\"1356\" data-end=\"1393\">\ud83d\udd0d TERM\u00c9KLE\u00cdR\u00c1S<\/h2>\n<p data-start=\"1395\" data-end=\"1651\" class=\" translation-block\">Ez a szell\u0151z\u0151 <strong>az als\u00f3 IBC tart\u00e1ly egyszer\u0171 \u00e9s hat\u00e9kony szell\u0151ztet\u00e9s\u00e9re<\/strong> szolg\u00e1l, amikor a tart\u00e1lyok <strong>egym\u00e1s f\u00f6l\u00e9 vannak helyezve<\/strong>.<br>Fontos, hogy a <strong>fels\u0151 tart\u00e1lynak ne legyen k\u00f6z\u00e9ps\u0151 t\u00e1maszt\u00f3l\u00e1ba<\/strong>, ami a legt\u00f6bb <strong>f\u00e9m raklapon<\/strong> l\u00e9v\u0151 IBC tart\u00e1lyra jellemz\u0151.<\/p>\n<p data-start=\"1653\" data-end=\"1921\" class=\" translation-block\">Az <strong>AirVent<\/strong> szell\u0151z\u0151 k\u00fcl\u00f6nlegess\u00e9ge az <strong>rendk\u00edv\u00fcl alacsony profil<\/strong>. Amikor a fels\u0151 tart\u00e1ly tele van, az alja a s\u00faly miatt kiss\u00e9 meghajlik \u00e9s lejjebb ker\u00fcl. A magasabb szell\u0151z\u0151k ilyen esetekben mechanikai probl\u00e9m\u00e1kat vagy k\u00e1rokat okozhatnak.<br>Az AirVent megold\u00e1ssal <strong>nyugodt lehet<\/strong>.<\/p>\n<hr data-start=\"1923\" data-end=\"1926\" \/>\n<h2 data-start=\"1928\" data-end=\"1959\">\ud83d\udd29 SZEREL\u00c9S \u00c9S KOMPATIBILIT\u00c1S<\/h2>\n<p><em>Pred nakupom preverite navoj na sredini zgornjega pokrova va\u0161e IBC cisterne, saj niso vsi enaki.<\/em><\/p>\n<p><em>Navoj je lahko fini <strong>2\u2033 BSP<\/strong>\u00a0(najpogosteje pri Schutz cisternah) ali pa grob\u00a0<strong>S56\u00d74<\/strong>\u00a0(korak 4 mm, obi\u010dajno pri Mauser cisternah).<\/em><\/p>\n<p data-start=\"1961\" data-end=\"2047\">Oddu\u0161nik se <strong data-start=\"1973\" data-end=\"2030\">privije v pokrov IBC cisterne s sredinskim navojem.<\/strong><\/p>\n<hr data-start=\"2274\" data-end=\"2277\" \/>\n<h2 data-start=\"2279\" data-end=\"2315\">\ud83d\udca8 MI\u00c9RT 3\/4\u2033 (20 mm) CSATLAKOZ\u00c1S?<\/h2>\n<p data-start=\"2317\" data-end=\"2539\" class=\" translation-block\">K\u00e9t IBC tart\u00e1ly szok\u00e1sos \u00f6sszek\u00f6t\u00e9se <strong>1\u2033 (32 mm)<\/strong>.<br>Amennyi v\u00edz a fels\u0151 tart\u00e1lyb\u00f3l az als\u00f3ba \u00e1ramlik, <strong>annyi leveg\u0151nek kell az als\u00f3 tart\u00e1ly tetej\u00e9n t\u00e1voznia<\/strong>. A kulcs a <strong>leveg\u0151\u00e1raml\u00e1s t\u00e9rfogata<\/strong> \u2013 fizika.<\/p>\n<p data-start=\"2541\" data-end=\"2636\" class=\" translation-block\">A tesztel\u00e9s sor\u00e1n meg\u00e1llap\u00edtottuk, hogy a <strong>20 mm (3\/4\u2033)<\/strong> bels\u0151 cs\u0151\u00e1tm\u00e9r\u0151 az <strong>optim\u00e1lis v\u00e1laszt\u00e1s<\/strong>:<\/p>\n<ul>\n<li data-start=\"2639\" data-end=\"2729\" class=\" translation-block\">kerti t\u00f6ml\u0151 (kisebb \u00e1tm\u00e9r\u0151) \u2192 a leveg\u0151 t\u00fal lassan t\u00e1vozik \u2192 <strong>a tart\u00e1ly felf\u00fav\u00f3d\u00e1sa vagy \u00f6sszenyom\u00f3d\u00e1sa<\/strong><\/li>\n<li data-start=\"2732\" data-end=\"2779\" class=\" translation-block\">1\u2033 (32 mm) \u2192 <strong>magass\u00e1gi probl\u00e9m\u00e1kat<\/strong> okozhat<\/li>\n<\/ul>\n<hr data-start=\"2781\" data-end=\"2784\" \/>\n<h2 data-start=\"2786\" data-end=\"2827\">\ud83d\udd04 HASZN\u00c1LAT DUO VERTIK\u00c1L \/ 4X RENDSZERBEN<\/h2>\n<ul>\n<li data-start=\"2831\" data-end=\"2895\" class=\" translation-block\">csatlakoztasson egy <strong>3\/4\u2033 t\u00f6ml\u0151t (20 mm bels\u0151 \u00e1tm\u00e9r\u0151)<\/strong> a <strong>t\u00f6ml\u0151csatlakoz\u00f3ra<\/strong><\/li>\n<li data-start=\"2898\" data-end=\"2947\" class=\" translation-block\">r\u00f6gz\u00edtse a t\u00f6ml\u0151t <strong>a legmagasabb v\u00edzszint f\u00f6l\u00e9<\/strong><\/li>\n<li data-start=\"2950\" data-end=\"2995\" class=\" translation-block\">a tart\u00e1ly \u00edgy <strong>szell\u0151zik<\/strong>, a v\u00edz pedig <strong>nem folyik ki<\/strong><\/li>\n<\/ul>\n<p data-start=\"2997\" data-end=\"3071\" class=\" translation-block\">\ud83d\udc49 K\u00edn\u00e1latunkban megtal\u00e1lhat\u00f3 a <a href=\"https:\/\/ibcparts.eu\/izdelek\/armirana-cev34\/\" target=\"_self\"><strong>3\/4\u2033 er\u0151s\u00edtett t\u00f6ml\u0151<\/strong><\/a>, legfeljebb <strong>2 m<\/strong> sz\u00fcks\u00e9ges.<\/p>\n<hr data-start=\"3073\" data-end=\"3076\" \/>\n<h2 data-start=\"3078\" data-end=\"3103\">\u2699\ufe0f OPCI\u00d3 16 mm (1\/2\u2033)<\/h2>\n<p data-start=\"3105\" data-end=\"3235\" class=\" translation-block\">A <strong>16 mm (1\/2\u2033)<\/strong> v\u00e1ltozatot <strong>alternat\u00edvak\u00e9nt<\/strong> megtartottuk, ha a saj\u00e1tos elrendez\u00e9s vagy a megl\u00e9v\u0151 t\u00f6ml\u0151k miatt jobban megfelel.<\/p>","protected":false},"featured_media":16742,"template":"","meta":[],"product_brand":[],"product_cat":[182,263,261],"product_tag":[368],"class_list":{"0":"post-16127","1":"product","2":"type-product","3":"status-publish","4":"has-post-thumbnail","6":"product_cat-ibc-cisterne-ventili-in-dodatki","7":"product_cat-oddusniki","8":"product_cat-pokrovi-za-ibc-cisterne","9":"product_tag-oddusnik-za-ibc-cisterno","11":"first","12":"instock","13":"shipping-taxable","14":"purchasable","15":"product-type-variable"},"yoast_head":"<!-- This site is optimized with the Yoast SEO plugin v27.1.1 - https:\/\/yoast.com\/product\/yoast-seo-wordpress\/ -->\n<title>Oddu\u0161nik AirVent za v pokrov IBC cisterne \u2013 nizek profil (2\u2033 BSP ali S56x4) | IBCparts.eu<\/title>\n<meta name=\"description\" content=\"Ta oddu\u0161nik je namenjen enostavnemu odzra\u010devanju spodnje IBC cisterne, \u010de imate postavitev ena nad drugo. Privijete ga v ustrezen pokrov spodnje cisterne.\" \/>\n<meta name=\"robots\" content=\"index, follow, max-snippet:-1, max-image-preview:large, max-video-preview:-1\" \/>\n<link rel=\"canonical\" href=\"https:\/\/ibcparts.eu\/hu\/termek\/oddusnik-easy\/\" \/>\n<meta property=\"og:locale\" content=\"hu_HU\" \/>\n<meta property=\"og:type\" content=\"article\" \/>\n<meta property=\"og:title\" content=\"Oddu\u0161nik AirVent za v pokrov IBC cisterne \u2013 nizek profil (2\u2033 BSP ali S56x4) | IBCparts.eu\" \/>\n<meta property=\"og:description\" content=\"Ta oddu\u0161nik je namenjen enostavnemu odzra\u010devanju spodnje IBC cisterne, \u010de imate postavitev ena nad drugo. Privijete ga v ustrezen pokrov spodnje cisterne.\" \/>\n<meta property=\"og:url\" content=\"https:\/\/ibcparts.eu\/hu\/termek\/oddusnik-easy\/\" \/>\n<meta property=\"og:site_name\" content=\"IBCparts.eu\" \/>\n<meta property=\"article:modified_time\" content=\"2026-03-29T16:35:10+00:00\" \/>\n<meta property=\"og:image\" content=\"https:\/\/ibcparts.eu\/wp-content\/uploads\/2024\/01\/AirVent.png\" \/>\n\t<meta property=\"og:image:width\" content=\"500\" \/>\n\t<meta property=\"og:image:height\" content=\"500\" \/>\n\t<meta property=\"og:image:type\" content=\"image\/png\" \/>\n<meta name=\"twitter:card\" content=\"summary_large_image\" \/>\n<script type=\"application\/ld+json\" class=\"yoast-schema-graph\">{\"@context\":\"https:\/\/schema.org\",\"@graph\":[{\"@type\":\"WebPage\",\"@id\":\"https:\/\/ibcparts.eu\/izdelek\/oddusnik-easy\/\",\"url\":\"https:\/\/ibcparts.eu\/izdelek\/oddusnik-easy\/\",\"name\":\"Oddu\u0161nik AirVent za v pokrov IBC cisterne \u2013 nizek profil (2\u2033 BSP ali S56x4) | IBCparts.eu\",\"isPartOf\":{\"@id\":\"https:\/\/ibcparts.eu\/#website\"},\"primaryImageOfPage\":{\"@id\":\"https:\/\/ibcparts.eu\/izdelek\/oddusnik-easy\/#primaryimage\"},\"image\":{\"@id\":\"https:\/\/ibcparts.eu\/izdelek\/oddusnik-easy\/#primaryimage\"},\"thumbnailUrl\":\"https:\/\/ibcparts.eu\/wp-content\/uploads\/2024\/01\/AirVent.png\",\"datePublished\":\"2024-01-26T11:09:31+00:00\",\"dateModified\":\"2026-03-29T16:35:10+00:00\",\"description\":\"Ta oddu\u0161nik je namenjen enostavnemu odzra\u010devanju spodnje IBC cisterne, \u010de imate postavitev ena nad drugo. Privijete ga v ustrezen pokrov spodnje cisterne.\",\"breadcrumb\":{\"@id\":\"https:\/\/ibcparts.eu\/izdelek\/oddusnik-easy\/#breadcrumb\"},\"inLanguage\":\"hu-HU\",\"potentialAction\":[{\"@type\":\"ReadAction\",\"target\":[\"https:\/\/ibcparts.eu\/izdelek\/oddusnik-easy\/\"]}]},{\"@type\":\"ImageObject\",\"inLanguage\":\"hu-HU\",\"@id\":\"https:\/\/ibcparts.eu\/izdelek\/oddusnik-easy\/#primaryimage\",\"url\":\"https:\/\/ibcparts.eu\/wp-content\/uploads\/2024\/01\/AirVent.png\",\"contentUrl\":\"https:\/\/ibcparts.eu\/wp-content\/uploads\/2024\/01\/AirVent.png\",\"width\":500,\"height\":500,\"caption\":\"Oddu\u0161nik AirVent za monta\u017eo v pokrov IBC cisterne\"},{\"@type\":\"BreadcrumbList\",\"@id\":\"https:\/\/ibcparts.eu\/izdelek\/oddusnik-easy\/#breadcrumb\",\"itemListElement\":[{\"@type\":\"ListItem\",\"position\":1,\"name\":\"Home\",\"item\":\"https:\/\/ibcparts.eu\/\"},{\"@type\":\"ListItem\",\"position\":2,\"name\":\"Nakupujte\",\"item\":\"https:\/\/ibcparts.eu\/nakupujte\/\"},{\"@type\":\"ListItem\",\"position\":3,\"name\":\"Oddu\u0161nik AirVent za v pokrov IBC cisterne \u2013 nizek profil (2\u2033 BSP ali S56x4)\"}]},{\"@type\":\"WebSite\",\"@id\":\"https:\/\/ibcparts.eu\/#website\",\"url\":\"https:\/\/ibcparts.eu\/\",\"name\":\"IBCparts.eu\",\"description\":\"\",\"publisher\":{\"@id\":\"https:\/\/ibcparts.eu\/#organization\"},\"potentialAction\":[{\"@type\":\"SearchAction\",\"target\":{\"@type\":\"EntryPoint\",\"urlTemplate\":\"https:\/\/ibcparts.eu\/?s={search_term_string}\"},\"query-input\":{\"@type\":\"PropertyValueSpecification\",\"valueRequired\":true,\"valueName\":\"search_term_string\"}}],\"inLanguage\":\"hu-HU\"},{\"@type\":\"Organization\",\"@id\":\"https:\/\/ibcparts.eu\/#organization\",\"name\":\"IBCparts\",\"url\":\"https:\/\/ibcparts.eu\/\",\"logo\":{\"@type\":\"ImageObject\",\"inLanguage\":\"hu-HU\",\"@id\":\"https:\/\/ibcparts.eu\/#\/schema\/logo\/image\/\",\"url\":\"https:\/\/ibcparts.eu\/wp-content\/uploads\/2021\/10\/Footer-Logo.png\",\"contentUrl\":\"https:\/\/ibcparts.eu\/wp-content\/uploads\/2021\/10\/Footer-Logo.png\",\"width\":1992,\"height\":772,\"caption\":\"IBCparts\"},\"image\":{\"@id\":\"https:\/\/ibcparts.eu\/#\/schema\/logo\/image\/\"}}]}<\/script>\n<!-- \/ Yoast SEO plugin. -->","yoast_head_json":{"title":"Oddu\u0161nik AirVent za v pokrov IBC cisterne \u2013 nizek profil (2\u2033 BSP ali S56x4) | IBCparts.eu","description":"Ta oddu\u0161nik je namenjen enostavnemu odzra\u010devanju spodnje IBC cisterne, \u010de imate postavitev ena nad drugo. Privijete ga v ustrezen pokrov spodnje cisterne.","robots":{"index":"index","follow":"follow","max-snippet":"max-snippet:-1","max-image-preview":"max-image-preview:large","max-video-preview":"max-video-preview:-1"},"canonical":"https:\/\/ibcparts.eu\/hu\/termek\/oddusnik-easy\/","og_locale":"hu_HU","og_type":"article","og_title":"Oddu\u0161nik AirVent za v pokrov IBC cisterne \u2013 nizek profil (2\u2033 BSP ali S56x4) | IBCparts.eu","og_description":"Ta oddu\u0161nik je namenjen enostavnemu odzra\u010devanju spodnje IBC cisterne, \u010de imate postavitev ena nad drugo. Privijete ga v ustrezen pokrov spodnje cisterne.","og_url":"https:\/\/ibcparts.eu\/hu\/termek\/oddusnik-easy\/","og_site_name":"IBCparts.eu","article_modified_time":"2026-03-29T16:35:10+00:00","og_image":[{"width":500,"height":500,"url":"https:\/\/ibcparts.eu\/wp-content\/uploads\/2024\/01\/AirVent.png","type":"image\/png"}],"twitter_card":"summary_large_image","schema":{"@context":"https:\/\/schema.org","@graph":[{"@type":"WebPage","@id":"https:\/\/ibcparts.eu\/izdelek\/oddusnik-easy\/","url":"https:\/\/ibcparts.eu\/izdelek\/oddusnik-easy\/","name":"Oddu\u0161nik AirVent za v pokrov IBC cisterne \u2013 nizek profil (2\u2033 BSP ali S56x4) | IBCparts.eu","isPartOf":{"@id":"https:\/\/ibcparts.eu\/#website"},"primaryImageOfPage":{"@id":"https:\/\/ibcparts.eu\/izdelek\/oddusnik-easy\/#primaryimage"},"image":{"@id":"https:\/\/ibcparts.eu\/izdelek\/oddusnik-easy\/#primaryimage"},"thumbnailUrl":"https:\/\/ibcparts.eu\/wp-content\/uploads\/2024\/01\/AirVent.png","datePublished":"2024-01-26T11:09:31+00:00","dateModified":"2026-03-29T16:35:10+00:00","description":"Ta oddu\u0161nik je namenjen enostavnemu odzra\u010devanju spodnje IBC cisterne, \u010de imate postavitev ena nad drugo. Privijete ga v ustrezen pokrov spodnje cisterne.","breadcrumb":{"@id":"https:\/\/ibcparts.eu\/izdelek\/oddusnik-easy\/#breadcrumb"},"inLanguage":"hu-HU","potentialAction":[{"@type":"ReadAction","target":["https:\/\/ibcparts.eu\/izdelek\/oddusnik-easy\/"]}]},{"@type":"ImageObject","inLanguage":"hu-HU","@id":"https:\/\/ibcparts.eu\/izdelek\/oddusnik-easy\/#primaryimage","url":"https:\/\/ibcparts.eu\/wp-content\/uploads\/2024\/01\/AirVent.png","contentUrl":"https:\/\/ibcparts.eu\/wp-content\/uploads\/2024\/01\/AirVent.png","width":500,"height":500,"caption":"Oddu\u0161nik AirVent za monta\u017eo v pokrov IBC cisterne"},{"@type":"BreadcrumbList","@id":"https:\/\/ibcparts.eu\/izdelek\/oddusnik-easy\/#breadcrumb","itemListElement":[{"@type":"ListItem","position":1,"name":"Home","item":"https:\/\/ibcparts.eu\/"},{"@type":"ListItem","position":2,"name":"Nakupujte","item":"https:\/\/ibcparts.eu\/nakupujte\/"},{"@type":"ListItem","position":3,"name":"Oddu\u0161nik AirVent za v pokrov IBC cisterne \u2013 nizek profil (2\u2033 BSP ali S56x4)"}]},{"@type":"WebSite","@id":"https:\/\/ibcparts.eu\/#website","url":"https:\/\/ibcparts.eu\/","name":"IBCparts.eu","description":"","publisher":{"@id":"https:\/\/ibcparts.eu\/#organization"},"potentialAction":[{"@type":"SearchAction","target":{"@type":"EntryPoint","urlTemplate":"https:\/\/ibcparts.eu\/?s={search_term_string}"},"query-input":{"@type":"PropertyValueSpecification","valueRequired":true,"valueName":"search_term_string"}}],"inLanguage":"hu-HU"},{"@type":"Organization","@id":"https:\/\/ibcparts.eu\/#organization","name":"IBCparts","url":"https:\/\/ibcparts.eu\/","logo":{"@type":"ImageObject","inLanguage":"hu-HU","@id":"https:\/\/ibcparts.eu\/#\/schema\/logo\/image\/","url":"https:\/\/ibcparts.eu\/wp-content\/uploads\/2021\/10\/Footer-Logo.png","contentUrl":"https:\/\/ibcparts.eu\/wp-content\/uploads\/2021\/10\/Footer-Logo.png","width":1992,"height":772,"caption":"IBCparts"},"image":{"@id":"https:\/\/ibcparts.eu\/#\/schema\/logo\/image\/"}}]}},"_links":{"self":[{"href":"https:\/\/ibcparts.eu\/hu\/wp-json\/wp\/v2\/product\/16127","targetHints":{"allow":["GET"]}}],"collection":[{"href":"https:\/\/ibcparts.eu\/hu\/wp-json\/wp\/v2\/product"}],"about":[{"href":"https:\/\/ibcparts.eu\/hu\/wp-json\/wp\/v2\/types\/product"}],"version-history":[{"count":3,"href":"https:\/\/ibcparts.eu\/hu\/wp-json\/wp\/v2\/product\/16127\/revisions"}],"predecessor-version":[{"id":20844,"href":"https:\/\/ibcparts.eu\/hu\/wp-json\/wp\/v2\/product\/16127\/revisions\/20844"}],"wp:featuredmedia":[{"embeddable":true,"href":"https:\/\/ibcparts.eu\/hu\/wp-json\/wp\/v2\/media\/16742"}],"wp:attachment":[{"href":"https:\/\/ibcparts.eu\/hu\/wp-json\/wp\/v2\/media?parent=16127"}],"wp:term":[{"taxonomy":"product_brand","embeddable":true,"href":"https:\/\/ibcparts.eu\/hu\/wp-json\/wp\/v2\/product_brand?post=16127"},{"taxonomy":"product_cat","embeddable":true,"href":"https:\/\/ibcparts.eu\/hu\/wp-json\/wp\/v2\/product_cat?post=16127"},{"taxonomy":"product_tag","embeddable":true,"href":"https:\/\/ibcparts.eu\/hu\/wp-json\/wp\/v2\/product_tag?post=16127"}],"curies":[{"name":"wp","href":"https:\/\/api.w.org\/{rel}","templated":true}]}}