{"id":16073,"date":"2024-01-25T08:42:30","date_gmt":"2024-01-25T07:42:30","guid":{"rendered":"https:\/\/ibcparts.eu\/?post_type=product&#038;p=16073"},"modified":"2024-01-25T09:10:27","modified_gmt":"2024-01-25T08:10:27","slug":"nadomestek-ventila-s100-pro","status":"publish","type":"product","link":"https:\/\/ibcparts.eu\/hu\/termek\/csere-szelep-s100-pro\/","title":{"rendered":"S100 PRO szelepcsere (8 vari\u00e1ci\u00f3 k\u00f6z\u00fcl v\u00e1laszthat)"},"content":{"rendered":"","protected":false},"excerpt":{"rendered":"<p>Csereszelep IBC tart\u00e1lyhoz, 90-100 mm-es menettel, 6 mm-es menetemelked\u00e9ssel.<\/p>\n<p>S100x8 sz\u00e1lk\u00f3d.<\/p>\n<p>&nbsp;<\/p>\n<p>Ezt a tart\u00e1lyon l\u00e9v\u0151 eredeti szelep helyett haszn\u00e1lj\u00e1k, ha a tart\u00e1lyon l\u00e9v\u0151 menet S100x8-as.<\/p>\n<p>A k\u00fcl\u00f6nb\u00f6z\u0151 tart\u00e1lysz\u00e1lakkal kapcsolatos tov\u00e1bbi inform\u00e1ci\u00f3k\u00e9rt kattintson ide: <a href=\"https:\/\/ibcparts.eu\/ibc-info\/\">IBCINFO<\/a><\/p>\n<p>A csomagban a k\u00f6vetkez\u0151ket kapja:<\/p>\n<p>Reducir S100 PRO, hosszabb\u00edt\u00f3, csap\/szelep, gumit\u00f6m\u00edt\u00e9s.<\/p>\n<p>Hossza kb. 33 cm.<\/p>\n<p>&nbsp;<\/p>\n<p><strong>M\u00e1r \u00f6ssze\u00e1ll\u00edtva.<\/strong><\/p>\n<p>&nbsp;<\/p>\n<p><strong>N\u00e1lunk olyan k\u00e9szletet kap, amely pontosan az \u00d6n ig\u00e9nyeire van szabva.<\/strong><\/p>\n<p><span style=\"font-size: small;\"><strong>R\u00f6vid megjegyz\u00e9sek:<\/strong><\/span><\/p>\n<ul>\n<li><span style=\"font-size: small;\">A 3\/4\"-os GardenFlow csaptelep a szok\u00e1sos v\u00e1laszt\u00e1s, ha a kerti t\u00f6ml\u0151 \"kattan\u00f3\" csatlakoz\u00f3j\u00e1t (bels\u0151 \u00e1tm\u00e9r\u0151: 9 mm.) \u00e9s esetenk\u00e9nt a locsol\u00f3ba val\u00f3 k\u00f6zvetlen \u00e1raml\u00e1st is haszn\u00e1lja. 3\/4\u2033 csap bels\u0151 \u00e1tm\u00e9r\u0151je: 10 mm.<\/span><\/li>\n<li><span style=\"font-size: small;\">A 3\/4\u2033 HighFlow csaptelep nagyszer\u0171 v\u00e1laszt\u00e1s, ha a kerti t\u00f6ml\u0151 \"kattint\u00f3s\" csatlakoz\u00f3j\u00e1t haszn\u00e1lja (bels\u0151 \u00e1tm\u00e9r\u0151: 9 mm.), \u00e9s a gyorsabb \u00e1raml\u00e1s \u00e9rdek\u00e9ben elt\u00e1vol\u00edtja a kattint\u00f3s csatlakoz\u00f3t a locsol\u00f3hoz. A 3\/4\u2033 csaptelep bels\u0151 \u00e1tm\u00e9r\u0151je: 12 mm.<\/span><\/li>\n<li><span style=\"font-size: small;\">A 3\/4\u2033 PRO dupla csap nagyon hasznos, mert lehet\u0151v\u00e9 teszi a kerti t\u00f6ml\u0151h\u00f6z val\u00f3 \u00e1lland\u00f3 csatlakoz\u00e1st, \u00e9s a locsol\u00f3hoz val\u00f3 \u00e1raml\u00e1s nagyon j\u00f3 m\u00e9g akkor is, ha mindk\u00e9t kimenet egyszerre van nyitva - 12 mm bels\u0151 \u00e1tm\u00e9r\u0151j\u0171.<\/span><\/li>\n<li><span style=\"font-size: small;\">Az 1\"-os QuickFlow csap a lehet\u0151 leggyorsabb \u00e1raml\u00e1st biztos\u00edtja az \u00f6nt\u00f6z\u0151kann\u00e1ba. Kerti t\u00f6ml\u0151 azonban nem csatlakoztathat\u00f3 hozz\u00e1. Bels\u0151 \u00e1tm\u00e9r\u0151: 15 mm.<\/span><\/li>\n<li><span style=\"font-size: small;\">A szelepek nagyobb \u00e1raml\u00e1si sebess\u00e9ggel rendelkeznek, mint a csapok.<\/span><\/li>\n<li><span style=\"font-size: small;\">Minden csaptelepn\u00e9l a kifoly\u00f3cs\u0151n\u00e9l egy m\u0171anyag h\u00e1l\u00f3 van a kifoly\u00f3cs\u0151 kialak\u00edt\u00e1s\u00e1ra. Ha szennyez\u0151d\u00e9sek vannak a tart\u00e1lyban, azok beszorulhatnak ebbe a h\u00e1l\u00f3ba, \u00e9s az \u00e1raml\u00e1s m\u00e1r nem lesz maxim\u00e1lis. Ez a h\u00e1l\u00f3 k\u00f6nnyen elt\u00e1vol\u00edthat\u00f3.<\/span><\/li>\n<\/ul>","protected":false},"featured_media":16071,"template":"","meta":[],"product_brand":[],"product_cat":[182,312,260],"product_tag":[],"class_list":{"0":"post-16073","1":"product","2":"type-product","3":"status-publish","4":"has-post-thumbnail","6":"product_cat-ibc-cisterne-ventili-in-dodatki","7":"product_cat-s100x8-ventili-in-nadomestki-ventilov","8":"product_cat-ventili-in-nadomestki-ventilov","10":"first","11":"instock","12":"sale","13":"shipping-taxable","14":"purchasable","15":"product-type-variable"},"yoast_head":"<!-- This site is optimized with the Yoast SEO plugin v27.1.1 - https:\/\/yoast.com\/product\/yoast-seo-wordpress\/ -->\n<title>Nadomestek ventila S100 PRO (izberite med 8 variacijami) | IBCparts.eu<\/title>\n<meta name=\"description\" content=\"Nadomestek ventila za IBC cisterno z navojem S100x8 (fi 90-100 mm).\u200b Korak navoja 8mm. Dol\u017eina cca 33 cm. Nadomestite originalni ventil.\" \/>\n<meta name=\"robots\" content=\"index, follow, max-snippet:-1, max-image-preview:large, max-video-preview:-1\" \/>\n<link rel=\"canonical\" href=\"https:\/\/ibcparts.eu\/hu\/termek\/csere-szelep-s100-pro\/\" \/>\n<meta property=\"og:locale\" content=\"hu_HU\" \/>\n<meta property=\"og:type\" content=\"article\" \/>\n<meta property=\"og:title\" content=\"Nadomestek ventila S100 PRO (izberite med 8 variacijami) | IBCparts.eu\" \/>\n<meta property=\"og:description\" content=\"Nadomestek ventila za IBC cisterno z navojem S100x8 (fi 90-100 mm).\u200b Korak navoja 8mm. Dol\u017eina cca 33 cm. Nadomestite originalni ventil.\" \/>\n<meta property=\"og:url\" content=\"https:\/\/ibcparts.eu\/hu\/termek\/csere-szelep-s100-pro\/\" \/>\n<meta property=\"og:site_name\" content=\"IBCparts.eu\" \/>\n<meta property=\"article:modified_time\" content=\"2024-01-25T08:10:27+00:00\" \/>\n<meta property=\"og:image\" content=\"https:\/\/ibcparts.eu\/wp-content\/uploads\/2024\/01\/Nadomestek-ventila-S100-PRO.jpg\" \/>\n\t<meta property=\"og:image:width\" content=\"745\" \/>\n\t<meta property=\"og:image:height\" content=\"1054\" \/>\n\t<meta property=\"og:image:type\" content=\"image\/jpeg\" \/>\n<meta name=\"twitter:card\" content=\"summary_large_image\" \/>\n<script type=\"application\/ld+json\" class=\"yoast-schema-graph\">{\"@context\":\"https:\/\/schema.org\",\"@graph\":[{\"@type\":\"WebPage\",\"@id\":\"https:\/\/ibcparts.eu\/izdelek\/nadomestek-ventila-s100-pro\/\",\"url\":\"https:\/\/ibcparts.eu\/izdelek\/nadomestek-ventila-s100-pro\/\",\"name\":\"Nadomestek ventila S100 PRO (izberite med 8 variacijami) | IBCparts.eu\",\"isPartOf\":{\"@id\":\"https:\/\/ibcparts.eu\/#website\"},\"primaryImageOfPage\":{\"@id\":\"https:\/\/ibcparts.eu\/izdelek\/nadomestek-ventila-s100-pro\/#primaryimage\"},\"image\":{\"@id\":\"https:\/\/ibcparts.eu\/izdelek\/nadomestek-ventila-s100-pro\/#primaryimage\"},\"thumbnailUrl\":\"https:\/\/ibcparts.eu\/wp-content\/uploads\/2024\/01\/Nadomestek-ventila-S100-PRO.jpg\",\"datePublished\":\"2024-01-25T07:42:30+00:00\",\"dateModified\":\"2024-01-25T08:10:27+00:00\",\"description\":\"Nadomestek ventila za IBC cisterno z navojem S100x8 (fi 90-100 mm).\u200b Korak navoja 8mm. Dol\u017eina cca 33 cm. Nadomestite originalni ventil.\",\"breadcrumb\":{\"@id\":\"https:\/\/ibcparts.eu\/izdelek\/nadomestek-ventila-s100-pro\/#breadcrumb\"},\"inLanguage\":\"hu-HU\",\"potentialAction\":[{\"@type\":\"ReadAction\",\"target\":[\"https:\/\/ibcparts.eu\/izdelek\/nadomestek-ventila-s100-pro\/\"]}]},{\"@type\":\"ImageObject\",\"inLanguage\":\"hu-HU\",\"@id\":\"https:\/\/ibcparts.eu\/izdelek\/nadomestek-ventila-s100-pro\/#primaryimage\",\"url\":\"https:\/\/ibcparts.eu\/wp-content\/uploads\/2024\/01\/Nadomestek-ventila-S100-PRO.jpg\",\"contentUrl\":\"https:\/\/ibcparts.eu\/wp-content\/uploads\/2024\/01\/Nadomestek-ventila-S100-PRO.jpg\",\"width\":745,\"height\":1054},{\"@type\":\"BreadcrumbList\",\"@id\":\"https:\/\/ibcparts.eu\/izdelek\/nadomestek-ventila-s100-pro\/#breadcrumb\",\"itemListElement\":[{\"@type\":\"ListItem\",\"position\":1,\"name\":\"Home\",\"item\":\"https:\/\/ibcparts.eu\/\"},{\"@type\":\"ListItem\",\"position\":2,\"name\":\"Nakupujte\",\"item\":\"https:\/\/ibcparts.eu\/nakupujte\/\"},{\"@type\":\"ListItem\",\"position\":3,\"name\":\"Nadomestek ventila S100 PRO (izberite med 8 variacijami)\"}]},{\"@type\":\"WebSite\",\"@id\":\"https:\/\/ibcparts.eu\/#website\",\"url\":\"https:\/\/ibcparts.eu\/\",\"name\":\"IBCparts.eu\",\"description\":\"\",\"publisher\":{\"@id\":\"https:\/\/ibcparts.eu\/#organization\"},\"potentialAction\":[{\"@type\":\"SearchAction\",\"target\":{\"@type\":\"EntryPoint\",\"urlTemplate\":\"https:\/\/ibcparts.eu\/?s={search_term_string}\"},\"query-input\":{\"@type\":\"PropertyValueSpecification\",\"valueRequired\":true,\"valueName\":\"search_term_string\"}}],\"inLanguage\":\"hu-HU\"},{\"@type\":\"Organization\",\"@id\":\"https:\/\/ibcparts.eu\/#organization\",\"name\":\"IBCparts\",\"url\":\"https:\/\/ibcparts.eu\/\",\"logo\":{\"@type\":\"ImageObject\",\"inLanguage\":\"hu-HU\",\"@id\":\"https:\/\/ibcparts.eu\/#\/schema\/logo\/image\/\",\"url\":\"https:\/\/ibcparts.eu\/wp-content\/uploads\/2021\/10\/Footer-Logo.png\",\"contentUrl\":\"https:\/\/ibcparts.eu\/wp-content\/uploads\/2021\/10\/Footer-Logo.png\",\"width\":1992,\"height\":772,\"caption\":\"IBCparts\"},\"image\":{\"@id\":\"https:\/\/ibcparts.eu\/#\/schema\/logo\/image\/\"}}]}<\/script>\n<!-- \/ Yoast SEO plugin. -->","yoast_head_json":{"title":"S100 PRO szelep csere (8 v\u00e1ltozat k\u00f6z\u00fcl v\u00e1laszthat) | IBCparts.eu","description":"Csereszelep IBC tart\u00e1lyhoz S100x8 menettel (fi 90-100 mm). 8 mm-es menetemelked\u00e9s. Hossza kb. 33 cm. Az eredeti szelep cser\u00e9je.","robots":{"index":"index","follow":"follow","max-snippet":"max-snippet:-1","max-image-preview":"max-image-preview:large","max-video-preview":"max-video-preview:-1"},"canonical":"https:\/\/ibcparts.eu\/hu\/termek\/csere-szelep-s100-pro\/","og_locale":"hu_HU","og_type":"article","og_title":"Nadomestek ventila S100 PRO (izberite med 8 variacijami) | IBCparts.eu","og_description":"Nadomestek ventila za IBC cisterno z navojem S100x8 (fi 90-100 mm).\u200b Korak navoja 8mm. Dol\u017eina cca 33 cm. Nadomestite originalni ventil.","og_url":"https:\/\/ibcparts.eu\/hu\/termek\/csere-szelep-s100-pro\/","og_site_name":"IBCparts.eu","article_modified_time":"2024-01-25T08:10:27+00:00","og_image":[{"width":745,"height":1054,"url":"https:\/\/ibcparts.eu\/wp-content\/uploads\/2024\/01\/Nadomestek-ventila-S100-PRO.jpg","type":"image\/jpeg"}],"twitter_card":"summary_large_image","schema":{"@context":"https:\/\/schema.org","@graph":[{"@type":"WebPage","@id":"https:\/\/ibcparts.eu\/izdelek\/nadomestek-ventila-s100-pro\/","url":"https:\/\/ibcparts.eu\/izdelek\/nadomestek-ventila-s100-pro\/","name":"S100 PRO szelep csere (8 v\u00e1ltozat k\u00f6z\u00fcl v\u00e1laszthat) | IBCparts.eu","isPartOf":{"@id":"https:\/\/ibcparts.eu\/#website"},"primaryImageOfPage":{"@id":"https:\/\/ibcparts.eu\/izdelek\/nadomestek-ventila-s100-pro\/#primaryimage"},"image":{"@id":"https:\/\/ibcparts.eu\/izdelek\/nadomestek-ventila-s100-pro\/#primaryimage"},"thumbnailUrl":"https:\/\/ibcparts.eu\/wp-content\/uploads\/2024\/01\/Nadomestek-ventila-S100-PRO.jpg","datePublished":"2024-01-25T07:42:30+00:00","dateModified":"2024-01-25T08:10:27+00:00","description":"Csereszelep IBC tart\u00e1lyhoz S100x8 menettel (fi 90-100 mm). 8 mm-es menetemelked\u00e9s. Hossza kb. 33 cm. Az eredeti szelep cser\u00e9je.","breadcrumb":{"@id":"https:\/\/ibcparts.eu\/izdelek\/nadomestek-ventila-s100-pro\/#breadcrumb"},"inLanguage":"hu-HU","potentialAction":[{"@type":"ReadAction","target":["https:\/\/ibcparts.eu\/izdelek\/nadomestek-ventila-s100-pro\/"]}]},{"@type":"ImageObject","inLanguage":"hu-HU","@id":"https:\/\/ibcparts.eu\/izdelek\/nadomestek-ventila-s100-pro\/#primaryimage","url":"https:\/\/ibcparts.eu\/wp-content\/uploads\/2024\/01\/Nadomestek-ventila-S100-PRO.jpg","contentUrl":"https:\/\/ibcparts.eu\/wp-content\/uploads\/2024\/01\/Nadomestek-ventila-S100-PRO.jpg","width":745,"height":1054},{"@type":"BreadcrumbList","@id":"https:\/\/ibcparts.eu\/izdelek\/nadomestek-ventila-s100-pro\/#breadcrumb","itemListElement":[{"@type":"ListItem","position":1,"name":"Home","item":"https:\/\/ibcparts.eu\/"},{"@type":"ListItem","position":2,"name":"Nakupujte","item":"https:\/\/ibcparts.eu\/nakupujte\/"},{"@type":"ListItem","position":3,"name":"Nadomestek ventila S100 PRO (izberite med 8 variacijami)"}]},{"@type":"WebSite","@id":"https:\/\/ibcparts.eu\/#website","url":"https:\/\/ibcparts.eu\/","name":"IBCparts.eu","description":"","publisher":{"@id":"https:\/\/ibcparts.eu\/#organization"},"potentialAction":[{"@type":"SearchAction","target":{"@type":"EntryPoint","urlTemplate":"https:\/\/ibcparts.eu\/?s={search_term_string}"},"query-input":{"@type":"PropertyValueSpecification","valueRequired":true,"valueName":"search_term_string"}}],"inLanguage":"hu-HU"},{"@type":"Organization","@id":"https:\/\/ibcparts.eu\/#organization","name":"IBCparts","url":"https:\/\/ibcparts.eu\/","logo":{"@type":"ImageObject","inLanguage":"hu-HU","@id":"https:\/\/ibcparts.eu\/#\/schema\/logo\/image\/","url":"https:\/\/ibcparts.eu\/wp-content\/uploads\/2021\/10\/Footer-Logo.png","contentUrl":"https:\/\/ibcparts.eu\/wp-content\/uploads\/2021\/10\/Footer-Logo.png","width":1992,"height":772,"caption":"IBCparts"},"image":{"@id":"https:\/\/ibcparts.eu\/#\/schema\/logo\/image\/"}}]}},"_links":{"self":[{"href":"https:\/\/ibcparts.eu\/hu\/wp-json\/wp\/v2\/product\/16073","targetHints":{"allow":["GET"]}}],"collection":[{"href":"https:\/\/ibcparts.eu\/hu\/wp-json\/wp\/v2\/product"}],"about":[{"href":"https:\/\/ibcparts.eu\/hu\/wp-json\/wp\/v2\/types\/product"}],"version-history":[{"count":0,"href":"https:\/\/ibcparts.eu\/hu\/wp-json\/wp\/v2\/product\/16073\/revisions"}],"wp:featuredmedia":[{"embeddable":true,"href":"https:\/\/ibcparts.eu\/hu\/wp-json\/wp\/v2\/media\/16071"}],"wp:attachment":[{"href":"https:\/\/ibcparts.eu\/hu\/wp-json\/wp\/v2\/media?parent=16073"}],"wp:term":[{"taxonomy":"product_brand","embeddable":true,"href":"https:\/\/ibcparts.eu\/hu\/wp-json\/wp\/v2\/product_brand?post=16073"},{"taxonomy":"product_cat","embeddable":true,"href":"https:\/\/ibcparts.eu\/hu\/wp-json\/wp\/v2\/product_cat?post=16073"},{"taxonomy":"product_tag","embeddable":true,"href":"https:\/\/ibcparts.eu\/hu\/wp-json\/wp\/v2\/product_tag?post=16073"}],"curies":[{"name":"wp","href":"https:\/\/api.w.org\/{rel}","templated":true}]}}