{"id":15867,"date":"2024-01-09T14:34:52","date_gmt":"2024-01-09T13:34:52","guid":{"rendered":"https:\/\/ibcparts.eu\/?post_type=product&#038;p=15867"},"modified":"2025-12-31T07:56:01","modified_gmt":"2025-12-31T06:56:01","slug":"komplet-s100-34-highflow","status":"publish","type":"product","link":"https:\/\/ibcparts.eu\/hu\/termek\/komplet-s100-34-highflow\/","title":{"rendered":"S100 3\/4\u2033 HighFlow k\u00e9szlet"},"content":{"rendered":"","protected":false},"excerpt":{"rendered":"<p>A  bemutat\u00e1sa\u00a0<strong>Komplet S100 3\/4\u2033 HighFlow za IBC cisterne<\/strong><\/p>\n<ul>\n<li data-start=\"207\" data-end=\"251\" class=\" translation-block\"><strong data-start=\"204\" data-end=\"216\">T\u00f6m\u00edt\u00e9s:<\/strong> tiszta anyagb\u00f3l k\u00e9sz\u00fclt EPDM gumi, <strong data-start=\"244\" data-end=\"267\">exkluz\u00edvan n\u00e1lunk<\/strong><\/li>\n<li data-start=\"254\" data-end=\"319\"><strong data-start=\"254\" data-end=\"266\">T\u00f6m\u00edt\u00e9s:<\/strong> PVC<\/li>\n<li data-start=\"322\" data-end=\"424\"><strong data-start=\"322\" data-end=\"331\">Pipa:<\/strong>\u00a0<strong data-start=\"332\" data-end=\"351\">3\/4\u2033 HighFlow<\/strong>\u00a0 \u2013 notranji premer pipe: 12 mm.<\/li>\n<li data-start=\"495\" data-end=\"553\"><strong data-start=\"495\" data-end=\"507\">Monta\u017ea:<\/strong>\u00a0sestavljeno za vas, pripravljeno za uporabo<\/li>\n<li data-start=\"556\" data-end=\"615\"><strong data-start=\"556\" data-end=\"575\">Compatibiliteit:<\/strong>\u00a0IBC cisterne z navojem\u00a0<strong data-start=\"599\" data-end=\"615\">S100x8<\/strong><\/li>\n<\/ul>","protected":false},"featured_media":15868,"template":"","meta":[],"product_brand":[],"product_cat":[297],"product_tag":[],"class_list":{"0":"post-15867","1":"product","2":"type-product","3":"status-publish","4":"has-post-thumbnail","6":"product_cat-kompleti-s100","8":"first","9":"instock","10":"shipping-taxable","11":"purchasable","12":"product-type-simple"},"yoast_head":"<!-- This site is optimized with the Yoast SEO plugin v27.1.1 - https:\/\/yoast.com\/product\/yoast-seo-wordpress\/ -->\n<title>Komplet S100 3\/4&quot; HighFlow | IBCparts.eu<\/title>\n<meta name=\"description\" content=\"Reducir Combo in 3\/4&quot; HighFlow pipa za IBC cisterno. Za IBC cisterne z navojem\u00a0S100x8\" \/>\n<meta name=\"robots\" content=\"index, follow, max-snippet:-1, max-image-preview:large, max-video-preview:-1\" \/>\n<link rel=\"canonical\" href=\"https:\/\/ibcparts.eu\/hu\/termek\/komplet-s100-34-highflow\/\" \/>\n<meta property=\"og:locale\" content=\"hu_HU\" \/>\n<meta property=\"og:type\" content=\"article\" \/>\n<meta property=\"og:title\" content=\"Komplet S100 3\/4&quot; HighFlow | IBCparts.eu\" \/>\n<meta property=\"og:description\" content=\"Reducir Combo in 3\/4&quot; HighFlow pipa za IBC cisterno. Za IBC cisterne z navojem\u00a0S100x8\" \/>\n<meta property=\"og:url\" content=\"https:\/\/ibcparts.eu\/hu\/termek\/komplet-s100-34-highflow\/\" \/>\n<meta property=\"og:site_name\" content=\"IBCparts.eu\" \/>\n<meta property=\"article:modified_time\" content=\"2025-12-31T06:56:01+00:00\" \/>\n<meta property=\"og:image\" content=\"https:\/\/ibcparts.eu\/wp-content\/uploads\/2024\/01\/Komplet-S100-34-HF.png\" \/>\n\t<meta property=\"og:image:width\" content=\"500\" \/>\n\t<meta property=\"og:image:height\" content=\"500\" \/>\n\t<meta property=\"og:image:type\" content=\"image\/png\" \/>\n<meta name=\"twitter:card\" content=\"summary_large_image\" \/>\n<script type=\"application\/ld+json\" class=\"yoast-schema-graph\">{\"@context\":\"https:\/\/schema.org\",\"@graph\":[{\"@type\":\"WebPage\",\"@id\":\"https:\/\/ibcparts.eu\/izdelek\/komplet-s100-34-highflow\/\",\"url\":\"https:\/\/ibcparts.eu\/izdelek\/komplet-s100-34-highflow\/\",\"name\":\"Komplet S100 3\/4\\\" HighFlow | IBCparts.eu\",\"isPartOf\":{\"@id\":\"https:\/\/ibcparts.eu\/#website\"},\"primaryImageOfPage\":{\"@id\":\"https:\/\/ibcparts.eu\/izdelek\/komplet-s100-34-highflow\/#primaryimage\"},\"image\":{\"@id\":\"https:\/\/ibcparts.eu\/izdelek\/komplet-s100-34-highflow\/#primaryimage\"},\"thumbnailUrl\":\"https:\/\/ibcparts.eu\/wp-content\/uploads\/2024\/01\/Komplet-S100-34-HF.png\",\"datePublished\":\"2024-01-09T13:34:52+00:00\",\"dateModified\":\"2025-12-31T06:56:01+00:00\",\"description\":\"Reducir Combo in 3\/4\\\" HighFlow pipa za IBC cisterno. Za IBC cisterne z navojem\u00a0S100x8\",\"breadcrumb\":{\"@id\":\"https:\/\/ibcparts.eu\/izdelek\/komplet-s100-34-highflow\/#breadcrumb\"},\"inLanguage\":\"hu-HU\",\"potentialAction\":[{\"@type\":\"ReadAction\",\"target\":[\"https:\/\/ibcparts.eu\/izdelek\/komplet-s100-34-highflow\/\"]}]},{\"@type\":\"ImageObject\",\"inLanguage\":\"hu-HU\",\"@id\":\"https:\/\/ibcparts.eu\/izdelek\/komplet-s100-34-highflow\/#primaryimage\",\"url\":\"https:\/\/ibcparts.eu\/wp-content\/uploads\/2024\/01\/Komplet-S100-34-HF.png\",\"contentUrl\":\"https:\/\/ibcparts.eu\/wp-content\/uploads\/2024\/01\/Komplet-S100-34-HF.png\",\"width\":500,\"height\":500},{\"@type\":\"BreadcrumbList\",\"@id\":\"https:\/\/ibcparts.eu\/izdelek\/komplet-s100-34-highflow\/#breadcrumb\",\"itemListElement\":[{\"@type\":\"ListItem\",\"position\":1,\"name\":\"Home\",\"item\":\"https:\/\/ibcparts.eu\/\"},{\"@type\":\"ListItem\",\"position\":2,\"name\":\"Nakupujte\",\"item\":\"https:\/\/ibcparts.eu\/nakupujte\/\"},{\"@type\":\"ListItem\",\"position\":3,\"name\":\"Komplet S100 3\/4&#8243; HighFlow\"}]},{\"@type\":\"WebSite\",\"@id\":\"https:\/\/ibcparts.eu\/#website\",\"url\":\"https:\/\/ibcparts.eu\/\",\"name\":\"IBCparts.eu\",\"description\":\"\",\"publisher\":{\"@id\":\"https:\/\/ibcparts.eu\/#organization\"},\"potentialAction\":[{\"@type\":\"SearchAction\",\"target\":{\"@type\":\"EntryPoint\",\"urlTemplate\":\"https:\/\/ibcparts.eu\/?s={search_term_string}\"},\"query-input\":{\"@type\":\"PropertyValueSpecification\",\"valueRequired\":true,\"valueName\":\"search_term_string\"}}],\"inLanguage\":\"hu-HU\"},{\"@type\":\"Organization\",\"@id\":\"https:\/\/ibcparts.eu\/#organization\",\"name\":\"IBCparts\",\"url\":\"https:\/\/ibcparts.eu\/\",\"logo\":{\"@type\":\"ImageObject\",\"inLanguage\":\"hu-HU\",\"@id\":\"https:\/\/ibcparts.eu\/#\/schema\/logo\/image\/\",\"url\":\"https:\/\/ibcparts.eu\/wp-content\/uploads\/2021\/10\/Footer-Logo.png\",\"contentUrl\":\"https:\/\/ibcparts.eu\/wp-content\/uploads\/2021\/10\/Footer-Logo.png\",\"width\":1992,\"height\":772,\"caption\":\"IBCparts\"},\"image\":{\"@id\":\"https:\/\/ibcparts.eu\/#\/schema\/logo\/image\/\"}}]}<\/script>\n<!-- \/ Yoast SEO plugin. -->","yoast_head_json":{"title":"S100 3\/4\" HighFlow k\u00e9szlet | IBCparts.eu","description":"Reducir Combo in 3\/4\" HighFlow pipa za IBC cisterno. Za IBC cisterne z navojem\u00a0S100x8","robots":{"index":"index","follow":"follow","max-snippet":"max-snippet:-1","max-image-preview":"max-image-preview:large","max-video-preview":"max-video-preview:-1"},"canonical":"https:\/\/ibcparts.eu\/hu\/termek\/komplet-s100-34-highflow\/","og_locale":"hu_HU","og_type":"article","og_title":"Komplet S100 3\/4\" HighFlow | IBCparts.eu","og_description":"Reducir Combo in 3\/4\" HighFlow pipa za IBC cisterno. Za IBC cisterne z navojem\u00a0S100x8","og_url":"https:\/\/ibcparts.eu\/hu\/termek\/komplet-s100-34-highflow\/","og_site_name":"IBCparts.eu","article_modified_time":"2025-12-31T06:56:01+00:00","og_image":[{"width":500,"height":500,"url":"https:\/\/ibcparts.eu\/wp-content\/uploads\/2024\/01\/Komplet-S100-34-HF.png","type":"image\/png"}],"twitter_card":"summary_large_image","schema":{"@context":"https:\/\/schema.org","@graph":[{"@type":"WebPage","@id":"https:\/\/ibcparts.eu\/izdelek\/komplet-s100-34-highflow\/","url":"https:\/\/ibcparts.eu\/izdelek\/komplet-s100-34-highflow\/","name":"S100 3\/4\" HighFlow k\u00e9szlet | IBCparts.eu","isPartOf":{"@id":"https:\/\/ibcparts.eu\/#website"},"primaryImageOfPage":{"@id":"https:\/\/ibcparts.eu\/izdelek\/komplet-s100-34-highflow\/#primaryimage"},"image":{"@id":"https:\/\/ibcparts.eu\/izdelek\/komplet-s100-34-highflow\/#primaryimage"},"thumbnailUrl":"https:\/\/ibcparts.eu\/wp-content\/uploads\/2024\/01\/Komplet-S100-34-HF.png","datePublished":"2024-01-09T13:34:52+00:00","dateModified":"2025-12-31T06:56:01+00:00","description":"Reducir Combo in 3\/4\" HighFlow pipa za IBC cisterno. Za IBC cisterne z navojem\u00a0S100x8","breadcrumb":{"@id":"https:\/\/ibcparts.eu\/izdelek\/komplet-s100-34-highflow\/#breadcrumb"},"inLanguage":"hu-HU","potentialAction":[{"@type":"ReadAction","target":["https:\/\/ibcparts.eu\/izdelek\/komplet-s100-34-highflow\/"]}]},{"@type":"ImageObject","inLanguage":"hu-HU","@id":"https:\/\/ibcparts.eu\/izdelek\/komplet-s100-34-highflow\/#primaryimage","url":"https:\/\/ibcparts.eu\/wp-content\/uploads\/2024\/01\/Komplet-S100-34-HF.png","contentUrl":"https:\/\/ibcparts.eu\/wp-content\/uploads\/2024\/01\/Komplet-S100-34-HF.png","width":500,"height":500},{"@type":"BreadcrumbList","@id":"https:\/\/ibcparts.eu\/izdelek\/komplet-s100-34-highflow\/#breadcrumb","itemListElement":[{"@type":"ListItem","position":1,"name":"Home","item":"https:\/\/ibcparts.eu\/"},{"@type":"ListItem","position":2,"name":"Nakupujte","item":"https:\/\/ibcparts.eu\/nakupujte\/"},{"@type":"ListItem","position":3,"name":"Komplet S100 3\/4&#8243; HighFlow"}]},{"@type":"WebSite","@id":"https:\/\/ibcparts.eu\/#website","url":"https:\/\/ibcparts.eu\/","name":"IBCparts.eu","description":"","publisher":{"@id":"https:\/\/ibcparts.eu\/#organization"},"potentialAction":[{"@type":"SearchAction","target":{"@type":"EntryPoint","urlTemplate":"https:\/\/ibcparts.eu\/?s={search_term_string}"},"query-input":{"@type":"PropertyValueSpecification","valueRequired":true,"valueName":"search_term_string"}}],"inLanguage":"hu-HU"},{"@type":"Organization","@id":"https:\/\/ibcparts.eu\/#organization","name":"IBCparts","url":"https:\/\/ibcparts.eu\/","logo":{"@type":"ImageObject","inLanguage":"hu-HU","@id":"https:\/\/ibcparts.eu\/#\/schema\/logo\/image\/","url":"https:\/\/ibcparts.eu\/wp-content\/uploads\/2021\/10\/Footer-Logo.png","contentUrl":"https:\/\/ibcparts.eu\/wp-content\/uploads\/2021\/10\/Footer-Logo.png","width":1992,"height":772,"caption":"IBCparts"},"image":{"@id":"https:\/\/ibcparts.eu\/#\/schema\/logo\/image\/"}}]}},"_links":{"self":[{"href":"https:\/\/ibcparts.eu\/hu\/wp-json\/wp\/v2\/product\/15867","targetHints":{"allow":["GET"]}}],"collection":[{"href":"https:\/\/ibcparts.eu\/hu\/wp-json\/wp\/v2\/product"}],"about":[{"href":"https:\/\/ibcparts.eu\/hu\/wp-json\/wp\/v2\/types\/product"}],"version-history":[{"count":1,"href":"https:\/\/ibcparts.eu\/hu\/wp-json\/wp\/v2\/product\/15867\/revisions"}],"predecessor-version":[{"id":19612,"href":"https:\/\/ibcparts.eu\/hu\/wp-json\/wp\/v2\/product\/15867\/revisions\/19612"}],"wp:featuredmedia":[{"embeddable":true,"href":"https:\/\/ibcparts.eu\/hu\/wp-json\/wp\/v2\/media\/15868"}],"wp:attachment":[{"href":"https:\/\/ibcparts.eu\/hu\/wp-json\/wp\/v2\/media?parent=15867"}],"wp:term":[{"taxonomy":"product_brand","embeddable":true,"href":"https:\/\/ibcparts.eu\/hu\/wp-json\/wp\/v2\/product_brand?post=15867"},{"taxonomy":"product_cat","embeddable":true,"href":"https:\/\/ibcparts.eu\/hu\/wp-json\/wp\/v2\/product_cat?post=15867"},{"taxonomy":"product_tag","embeddable":true,"href":"https:\/\/ibcparts.eu\/hu\/wp-json\/wp\/v2\/product_tag?post=15867"}],"curies":[{"name":"wp","href":"https:\/\/api.w.org\/{rel}","templated":true}]}}