{"id":15770,"date":"2023-09-22T09:31:50","date_gmt":"2023-09-22T08:31:50","guid":{"rendered":"https:\/\/ibcparts.eu\/?post_type=product&#038;p=15770"},"modified":"2025-11-23T19:02:37","modified_gmt":"2025-11-23T18:02:37","slug":"podstavni-bazni-grelec-za-200l-sod-digitalni-0-120-c","status":"publish","type":"product","link":"https:\/\/ibcparts.eu\/hu\/termek\/alapfuto-200l-hordohoz-digitalis-0-120c\/","title":{"rendered":"Alapf\u0171t\u0151 f\u00e9mhord\u00f3khoz 200 l-ig (digit\u00e1lis, 0-120 \u00b0C)"},"content":{"rendered":"","protected":false},"excerpt":{"rendered":"<ul>\n<li>Digit\u00e1lis szab\u00e1lyoz\u00f3 0-120 \u00b0C (32-248 \u00b0F).<\/li>\n<li>K\u00f6nny\u0171 telep\u00edt\u00e9s. Egyszer\u0171en helyezze a hord\u00f3t a f\u0171t\u0151berendez\u00e9sre, \u00e9s ind\u00edtsa el a f\u0171t\u00e9st.<\/li>\n<li>M\u00e9ret: \u00d8: 555 mm \/ H: 105 mm.<\/li>\n<li>S\u00faly: 15 kg.<\/li>\n<li>2 m\u00e9teres t\u00e1pk\u00e1bel.<\/li>\n<li>Kombin\u00e1lhat\u00f3 f\u0171t\u0151k\u00f6pennyel, szigetel\u0151k\u00f6pennyel \u00e9s\/vagy szigetel\u0151burkolattal.<\/li>\n<li>Az EU-ban k\u00e9sz\u00fclt.<\/li>\n<li><strong>A term\u00e9k \u00e1ra nem tartalmazza az \u00c1FA-t. A postak\u00f6lts\u00e9g pontos \u00f6sszeg\u00e9t az \u00e1raj\u00e1nlat elk\u00e9sz\u00edt\u00e9sekor sz\u00e1m\u00edtjuk ki.<\/strong><\/li>\n<li>\u00c1ltal\u00e1ban tov\u00e1bbi kedvezm\u00e9nyt vesz\u00fcnk figyelembe, k\u00fcl\u00f6n\u00f6sen 2 vagy t\u00f6bb darabos mennyis\u00e9g eset\u00e9n.<\/li>\n<\/ul>\n<p>&nbsp;<\/p>","protected":false},"featured_media":15773,"template":"","meta":[],"product_brand":[],"product_cat":[317],"product_tag":[],"class_list":{"0":"post-15770","1":"product","2":"type-product","3":"status-publish","4":"has-post-thumbnail","6":"product_cat-grelniki-zascitne-in-termoizolacijske-ponjave-za-sode-in-ibc-cisterne","8":"first","9":"instock","10":"sale","11":"shipping-taxable","12":"purchasable","13":"product-type-variable"},"yoast_head":"<!-- This site is optimized with the Yoast SEO plugin v27.1.1 - https:\/\/yoast.com\/product\/yoast-seo-wordpress\/ -->\n<title>Podstavni (bazni) grelec za kovinske sode do 200l (digitalni, 0-120 \u00b0C) | IBCparts.eu<\/title>\n<meta name=\"description\" content=\"Bazni grelniki so enostavni za uporabo, imajo visoko mo\u010d in jih je mogo\u010de kombinirati z drugimi grelnimi ali izolacijskimi izdelki iz na\u0161e ponudbe.\" \/>\n<meta name=\"robots\" content=\"index, follow, max-snippet:-1, max-image-preview:large, max-video-preview:-1\" \/>\n<link rel=\"canonical\" href=\"https:\/\/ibcparts.eu\/hu\/artikel\/podstavni-bazni-grelec-za-200l-sod-digitalni-0-120-c\/\" \/>\n<meta property=\"og:locale\" content=\"hu_HU\" \/>\n<meta property=\"og:type\" content=\"article\" \/>\n<meta property=\"og:title\" content=\"Podstavni (bazni) grelec za kovinske sode do 200l (digitalni, 0-120 \u00b0C) | IBCparts.eu\" \/>\n<meta property=\"og:description\" content=\"Bazni grelniki so enostavni za uporabo, imajo visoko mo\u010d in jih je mogo\u010de kombinirati z drugimi grelnimi ali izolacijskimi izdelki iz na\u0161e ponudbe.\" \/>\n<meta property=\"og:url\" content=\"https:\/\/ibcparts.eu\/hu\/artikel\/podstavni-bazni-grelec-za-200l-sod-digitalni-0-120-c\/\" \/>\n<meta property=\"og:site_name\" content=\"IBCparts.eu\" \/>\n<meta property=\"article:modified_time\" content=\"2025-11-23T18:02:37+00:00\" \/>\n<meta property=\"og:image\" content=\"https:\/\/ibcparts.eu\/wp-content\/uploads\/2023\/09\/11-9868A.jpg\" \/>\n\t<meta property=\"og:image:width\" content=\"828\" \/>\n\t<meta property=\"og:image:height\" content=\"828\" \/>\n\t<meta property=\"og:image:type\" content=\"image\/jpeg\" \/>\n<meta name=\"twitter:card\" content=\"summary_large_image\" \/>\n<script type=\"application\/ld+json\" class=\"yoast-schema-graph\">{\"@context\":\"https:\/\/schema.org\",\"@graph\":[{\"@type\":\"WebPage\",\"@id\":\"https:\/\/ibcparts.eu\/nl\/artikel\/podstavni-bazni-grelec-za-200l-sod-digitalni-0-120-c\/\",\"url\":\"https:\/\/ibcparts.eu\/nl\/artikel\/podstavni-bazni-grelec-za-200l-sod-digitalni-0-120-c\/\",\"name\":\"Podstavni (bazni) grelec za kovinske sode do 200l (digitalni, 0-120 \u00b0C) | IBCparts.eu\",\"isPartOf\":{\"@id\":\"https:\/\/ibcparts.eu\/#website\"},\"primaryImageOfPage\":{\"@id\":\"https:\/\/ibcparts.eu\/nl\/artikel\/podstavni-bazni-grelec-za-200l-sod-digitalni-0-120-c\/#primaryimage\"},\"image\":{\"@id\":\"https:\/\/ibcparts.eu\/nl\/artikel\/podstavni-bazni-grelec-za-200l-sod-digitalni-0-120-c\/#primaryimage\"},\"thumbnailUrl\":\"https:\/\/ibcparts.eu\/wp-content\/uploads\/2023\/09\/11-9868A.jpg\",\"datePublished\":\"2023-09-22T08:31:50+00:00\",\"dateModified\":\"2025-11-23T18:02:37+00:00\",\"description\":\"Bazni grelniki so enostavni za uporabo, imajo visoko mo\u010d in jih je mogo\u010de kombinirati z drugimi grelnimi ali izolacijskimi izdelki iz na\u0161e ponudbe.\",\"breadcrumb\":{\"@id\":\"https:\/\/ibcparts.eu\/nl\/artikel\/podstavni-bazni-grelec-za-200l-sod-digitalni-0-120-c\/#breadcrumb\"},\"inLanguage\":\"hu\",\"potentialAction\":[{\"@type\":\"ReadAction\",\"target\":[\"https:\/\/ibcparts.eu\/nl\/artikel\/podstavni-bazni-grelec-za-200l-sod-digitalni-0-120-c\/\"]}]},{\"@type\":\"ImageObject\",\"inLanguage\":\"hu\",\"@id\":\"https:\/\/ibcparts.eu\/nl\/artikel\/podstavni-bazni-grelec-za-200l-sod-digitalni-0-120-c\/#primaryimage\",\"url\":\"https:\/\/ibcparts.eu\/wp-content\/uploads\/2023\/09\/11-9868A.jpg\",\"contentUrl\":\"https:\/\/ibcparts.eu\/wp-content\/uploads\/2023\/09\/11-9868A.jpg\",\"width\":828,\"height\":828},{\"@type\":\"BreadcrumbList\",\"@id\":\"https:\/\/ibcparts.eu\/nl\/artikel\/podstavni-bazni-grelec-za-200l-sod-digitalni-0-120-c\/#breadcrumb\",\"itemListElement\":[{\"@type\":\"ListItem\",\"position\":1,\"name\":\"Home\",\"item\":\"https:\/\/ibcparts.eu\/\"},{\"@type\":\"ListItem\",\"position\":2,\"name\":\"Nakupujte\",\"item\":\"https:\/\/ibcparts.eu\/nakupujte\/\"},{\"@type\":\"ListItem\",\"position\":3,\"name\":\"Podstavni (bazni) grelec za kovinske sode do 200l (digitalni, 0-120 \u00b0C)\"}]},{\"@type\":\"WebSite\",\"@id\":\"https:\/\/ibcparts.eu\/#website\",\"url\":\"https:\/\/ibcparts.eu\/\",\"name\":\"IBCparts.eu\",\"description\":\"\",\"publisher\":{\"@id\":\"https:\/\/ibcparts.eu\/#organization\"},\"potentialAction\":[{\"@type\":\"SearchAction\",\"target\":{\"@type\":\"EntryPoint\",\"urlTemplate\":\"https:\/\/ibcparts.eu\/?s={search_term_string}\"},\"query-input\":{\"@type\":\"PropertyValueSpecification\",\"valueRequired\":true,\"valueName\":\"search_term_string\"}}],\"inLanguage\":\"hu\"},{\"@type\":\"Organization\",\"@id\":\"https:\/\/ibcparts.eu\/#organization\",\"name\":\"IBCparts\",\"url\":\"https:\/\/ibcparts.eu\/\",\"logo\":{\"@type\":\"ImageObject\",\"inLanguage\":\"hu\",\"@id\":\"https:\/\/ibcparts.eu\/#\/schema\/logo\/image\/\",\"url\":\"https:\/\/ibcparts.eu\/wp-content\/uploads\/2021\/10\/Footer-Logo.png\",\"contentUrl\":\"https:\/\/ibcparts.eu\/wp-content\/uploads\/2021\/10\/Footer-Logo.png\",\"width\":1992,\"height\":772,\"caption\":\"IBCparts\"},\"image\":{\"@id\":\"https:\/\/ibcparts.eu\/#\/schema\/logo\/image\/\"}}]}<\/script>\n<!-- \/ Yoast SEO plugin. -->","yoast_head_json":{"title":"Alapf\u0171t\u00e9s f\u00e9mhord\u00f3khoz 200 l-ig (digit\u00e1lis, 0-120 \u00b0C) | IBCparts.eu","description":"Bazni grelniki so enostavni za uporabo, imajo visoko mo\u010d in jih je mogo\u010de kombinirati z drugimi grelnimi ali izolacijskimi izdelki iz na\u0161e ponudbe.","robots":{"index":"index","follow":"follow","max-snippet":"max-snippet:-1","max-image-preview":"max-image-preview:large","max-video-preview":"max-video-preview:-1"},"canonical":"https:\/\/ibcparts.eu\/hu\/artikel\/podstavni-bazni-grelec-za-200l-sod-digitalni-0-120-c\/","og_locale":"hu_HU","og_type":"article","og_title":"Podstavni (bazni) grelec za kovinske sode do 200l (digitalni, 0-120 \u00b0C) | IBCparts.eu","og_description":"Bazni grelniki so enostavni za uporabo, imajo visoko mo\u010d in jih je mogo\u010de kombinirati z drugimi grelnimi ali izolacijskimi izdelki iz na\u0161e ponudbe.","og_url":"https:\/\/ibcparts.eu\/hu\/artikel\/podstavni-bazni-grelec-za-200l-sod-digitalni-0-120-c\/","og_site_name":"IBCparts.eu","article_modified_time":"2025-11-23T18:02:37+00:00","og_image":[{"width":828,"height":828,"url":"https:\/\/ibcparts.eu\/wp-content\/uploads\/2023\/09\/11-9868A.jpg","type":"image\/jpeg"}],"twitter_card":"summary_large_image","schema":{"@context":"https:\/\/schema.org","@graph":[{"@type":"WebPage","@id":"https:\/\/ibcparts.eu\/nl\/artikel\/podstavni-bazni-grelec-za-200l-sod-digitalni-0-120-c\/","url":"https:\/\/ibcparts.eu\/nl\/artikel\/podstavni-bazni-grelec-za-200l-sod-digitalni-0-120-c\/","name":"Alapf\u0171t\u00e9s f\u00e9mhord\u00f3khoz 200 l-ig (digit\u00e1lis, 0-120 \u00b0C) | IBCparts.eu","isPartOf":{"@id":"https:\/\/ibcparts.eu\/#website"},"primaryImageOfPage":{"@id":"https:\/\/ibcparts.eu\/nl\/artikel\/podstavni-bazni-grelec-za-200l-sod-digitalni-0-120-c\/#primaryimage"},"image":{"@id":"https:\/\/ibcparts.eu\/nl\/artikel\/podstavni-bazni-grelec-za-200l-sod-digitalni-0-120-c\/#primaryimage"},"thumbnailUrl":"https:\/\/ibcparts.eu\/wp-content\/uploads\/2023\/09\/11-9868A.jpg","datePublished":"2023-09-22T08:31:50+00:00","dateModified":"2025-11-23T18:02:37+00:00","description":"Bazni grelniki so enostavni za uporabo, imajo visoko mo\u010d in jih je mogo\u010de kombinirati z drugimi grelnimi ali izolacijskimi izdelki iz na\u0161e ponudbe.","breadcrumb":{"@id":"https:\/\/ibcparts.eu\/nl\/artikel\/podstavni-bazni-grelec-za-200l-sod-digitalni-0-120-c\/#breadcrumb"},"inLanguage":"hu","potentialAction":[{"@type":"ReadAction","target":["https:\/\/ibcparts.eu\/nl\/artikel\/podstavni-bazni-grelec-za-200l-sod-digitalni-0-120-c\/"]}]},{"@type":"ImageObject","inLanguage":"hu","@id":"https:\/\/ibcparts.eu\/nl\/artikel\/podstavni-bazni-grelec-za-200l-sod-digitalni-0-120-c\/#primaryimage","url":"https:\/\/ibcparts.eu\/wp-content\/uploads\/2023\/09\/11-9868A.jpg","contentUrl":"https:\/\/ibcparts.eu\/wp-content\/uploads\/2023\/09\/11-9868A.jpg","width":828,"height":828},{"@type":"BreadcrumbList","@id":"https:\/\/ibcparts.eu\/nl\/artikel\/podstavni-bazni-grelec-za-200l-sod-digitalni-0-120-c\/#breadcrumb","itemListElement":[{"@type":"ListItem","position":1,"name":"Home","item":"https:\/\/ibcparts.eu\/"},{"@type":"ListItem","position":2,"name":"Nakupujte","item":"https:\/\/ibcparts.eu\/nakupujte\/"},{"@type":"ListItem","position":3,"name":"Podstavni (bazni) grelec za kovinske sode do 200l (digitalni, 0-120 \u00b0C)"}]},{"@type":"WebSite","@id":"https:\/\/ibcparts.eu\/#website","url":"https:\/\/ibcparts.eu\/","name":"IBCparts.eu","description":"","publisher":{"@id":"https:\/\/ibcparts.eu\/#organization"},"potentialAction":[{"@type":"SearchAction","target":{"@type":"EntryPoint","urlTemplate":"https:\/\/ibcparts.eu\/?s={search_term_string}"},"query-input":{"@type":"PropertyValueSpecification","valueRequired":true,"valueName":"search_term_string"}}],"inLanguage":"hu"},{"@type":"Organization","@id":"https:\/\/ibcparts.eu\/#organization","name":"IBCparts","url":"https:\/\/ibcparts.eu\/","logo":{"@type":"ImageObject","inLanguage":"hu","@id":"https:\/\/ibcparts.eu\/#\/schema\/logo\/image\/","url":"https:\/\/ibcparts.eu\/wp-content\/uploads\/2021\/10\/Footer-Logo.png","contentUrl":"https:\/\/ibcparts.eu\/wp-content\/uploads\/2021\/10\/Footer-Logo.png","width":1992,"height":772,"caption":"IBCparts"},"image":{"@id":"https:\/\/ibcparts.eu\/#\/schema\/logo\/image\/"}}]}},"_links":{"self":[{"href":"https:\/\/ibcparts.eu\/hu\/wp-json\/wp\/v2\/product\/15770","targetHints":{"allow":["GET"]}}],"collection":[{"href":"https:\/\/ibcparts.eu\/hu\/wp-json\/wp\/v2\/product"}],"about":[{"href":"https:\/\/ibcparts.eu\/hu\/wp-json\/wp\/v2\/types\/product"}],"version-history":[{"count":0,"href":"https:\/\/ibcparts.eu\/hu\/wp-json\/wp\/v2\/product\/15770\/revisions"}],"wp:featuredmedia":[{"embeddable":true,"href":"https:\/\/ibcparts.eu\/hu\/wp-json\/wp\/v2\/media\/15773"}],"wp:attachment":[{"href":"https:\/\/ibcparts.eu\/hu\/wp-json\/wp\/v2\/media?parent=15770"}],"wp:term":[{"taxonomy":"product_brand","embeddable":true,"href":"https:\/\/ibcparts.eu\/hu\/wp-json\/wp\/v2\/product_brand?post=15770"},{"taxonomy":"product_cat","embeddable":true,"href":"https:\/\/ibcparts.eu\/hu\/wp-json\/wp\/v2\/product_cat?post=15770"},{"taxonomy":"product_tag","embeddable":true,"href":"https:\/\/ibcparts.eu\/hu\/wp-json\/wp\/v2\/product_tag?post=15770"}],"curies":[{"name":"wp","href":"https:\/\/api.w.org\/{rel}","templated":true}]}}