{"id":15124,"date":"2023-06-03T02:34:17","date_gmt":"2023-06-03T01:34:17","guid":{"rendered":"https:\/\/ibcparts.eu\/?post_type=product&#038;p=15124"},"modified":"2026-02-06T08:27:12","modified_gmt":"2026-02-06T07:27:12","slug":"pokrov-pipelink","status":"publish","type":"product","link":"https:\/\/ibcparts.eu\/hu\/termek\/pipelink-fedlap-ibc-hoz\/","title":{"rendered":"PipeLink fed\u00e9l IBC tart\u00e1lyhoz"},"content":{"rendered":"","protected":false},"excerpt":{"rendered":"<h2>\u200bPokrov PipeLink DN150 (165 mm) za IBC cisterno s spojko za HDPE (alkaten) cev 3\/4&#8243;<\/h2>\n<p data-start=\"83\" data-end=\"238\">Pokrov PipeLink DN150 (165 mm) je namenjen IBC cisternam in ima vgrajeno spojko za <strong data-start=\"166\" data-end=\"193\">HDPE (alkaten) cev 3\/4\u2033<\/strong>, ki omogo\u010da enostaven in varen priklop cevi.<\/p>\n<p data-start=\"240\" data-end=\"432\">Omogo\u010da <strong data-start=\"248\" data-end=\"276\">nadzorovano odzra\u010devanje<\/strong> ter zanesljivo upravljanje pretoka zraka, tudi ob prisotnosti morebitnih ne\u010disto\u010d v teko\u010dini, kar zagotavlja stabilno in varno delovanje va\u0161e IBC cisterne.<\/p>\n<p data-start=\"434\" data-end=\"582\">Uporaben na primer pri sistemih povezanih cistern (dve ali ve\u010d cistern), kjer \u017eelite omogo\u010diti odzra\u010devanje <strong data-start=\"543\" data-end=\"581\">brez ne\u017eelenega iztekanja teko\u010dine<\/strong>.<\/p>\n<div class=\"flex flex-col text-sm pb-25\">\n<article class=\"text-token-text-primary w-full focus:outline-none [--shadow-height:45px] has-data-writing-block:pointer-events-none has-data-writing-block:-mt-(--shadow-height) has-data-writing-block:pt-(--shadow-height) [&amp;:has([data-writing-block])&gt;*]:pointer-events-auto scroll-mt-[calc(var(--header-height)+min(200px,max(70px,20svh)))]\" dir=\"auto\" tabindex=\"-1\" data-turn-id=\"request-6965e06c-bdcc-8332-9af0-e8e7a7c5fa59-10\" data-testid=\"conversation-turn-184\" data-scroll-anchor=\"true\" data-turn=\"assistant\">\n<div class=\"text-base my-auto mx-auto pb-10 [--thread-content-margin:--spacing(4)] @w-sm\/main:[--thread-content-margin:--spacing(6)] @w-lg\/main:[--thread-content-margin:--spacing(16)] px-(--thread-content-margin)\">\n<div class=\"[--thread-content-max-width:40rem] @w-lg\/main:[--thread-content-max-width:48rem] mx-auto max-w-(--thread-content-max-width) flex-1 group\/turn-messages focus-visible:outline-hidden relative flex w-full min-w-0 flex-col agent-turn\" tabindex=\"-1\">\n<div class=\"flex max-w-full flex-col grow\">\n<div class=\"min-h-8 text-message relative flex w-full flex-col items-end gap-2 text-start break-words whitespace-normal [.text-message+&amp;]:mt-1\" dir=\"auto\" data-message-author-role=\"assistant\" data-message-id=\"a1a9475c-4ced-428e-9387-ff1f82173556\" data-message-model-slug=\"gpt-5-2\">\n<div class=\"flex w-full flex-col gap-1 empty:hidden first:pt-[1px]\">\n<div class=\"markdown prose dark:prose-invert w-full break-words light markdown-new-styling\">\n<p data-start=\"584\" data-end=\"751\" data-is-last-node=\"\" data-is-only-node=\"\">V spojko preprosto vstavite nekaj deset centimetrov cevi, tako da ta sega nad najvi\u0161jo gladino vode \u2013 na primer v primerih, kjer voda iz padne cevi priteka v cisterno.<\/p>\n<\/div>\n<\/div>\n<\/div>\n<\/div>\n<\/div>\n<\/div>\n<\/article>\n<\/div>\n","protected":false},"featured_media":15125,"template":"","meta":[],"product_brand":[],"product_cat":[182,263,261],"product_tag":[],"class_list":{"0":"post-15124","1":"product","2":"type-product","3":"status-publish","4":"has-post-thumbnail","6":"product_cat-ibc-cisterne-ventili-in-dodatki","7":"product_cat-oddusniki","8":"product_cat-pokrovi-za-ibc-cisterne","10":"first","11":"instock","12":"shipping-taxable","13":"purchasable","14":"product-type-simple"},"yoast_head":"<!-- This site is optimized with the Yoast SEO plugin v27.1.1 - https:\/\/yoast.com\/product\/yoast-seo-wordpress\/ -->\n<title>Pokrov PipeLink za IBC cisterno | IBCparts.eu<\/title>\n<meta name=\"description\" content=\"Ta pokrov je namenjen odzra\u010devanju IBC cisterne ali drugih zalogovnikov.\" \/>\n<meta name=\"robots\" content=\"index, follow, max-snippet:-1, max-image-preview:large, max-video-preview:-1\" \/>\n<link rel=\"canonical\" href=\"https:\/\/ibcparts.eu\/hu\/termek\/pipelink-fedlap-ibc-hoz\/\" \/>\n<meta property=\"og:locale\" content=\"hu_HU\" \/>\n<meta property=\"og:type\" content=\"article\" \/>\n<meta property=\"og:title\" content=\"Pokrov PipeLink za IBC cisterno | IBCparts.eu\" \/>\n<meta property=\"og:description\" content=\"Ta pokrov je namenjen odzra\u010devanju IBC cisterne ali drugih zalogovnikov.\" \/>\n<meta property=\"og:url\" content=\"https:\/\/ibcparts.eu\/hu\/termek\/pipelink-fedlap-ibc-hoz\/\" \/>\n<meta property=\"og:site_name\" content=\"IBCparts.eu\" \/>\n<meta property=\"article:modified_time\" content=\"2026-02-06T07:27:12+00:00\" \/>\n<meta property=\"og:image\" content=\"https:\/\/ibcparts.eu\/wp-content\/uploads\/2023\/06\/enostavni-oddu-nik-za-ibc-cisterno1.png\" \/>\n\t<meta property=\"og:image:width\" content=\"500\" \/>\n\t<meta property=\"og:image:height\" content=\"500\" \/>\n\t<meta property=\"og:image:type\" content=\"image\/png\" \/>\n<meta name=\"twitter:card\" content=\"summary_large_image\" \/>\n<script type=\"application\/ld+json\" class=\"yoast-schema-graph\">{\"@context\":\"https:\/\/schema.org\",\"@graph\":[{\"@type\":\"WebPage\",\"@id\":\"https:\/\/ibcparts.eu\/izdelek\/pokrov-pipelink\/\",\"url\":\"https:\/\/ibcparts.eu\/izdelek\/pokrov-pipelink\/\",\"name\":\"Pokrov PipeLink za IBC cisterno | IBCparts.eu\",\"isPartOf\":{\"@id\":\"https:\/\/ibcparts.eu\/#website\"},\"primaryImageOfPage\":{\"@id\":\"https:\/\/ibcparts.eu\/izdelek\/pokrov-pipelink\/#primaryimage\"},\"image\":{\"@id\":\"https:\/\/ibcparts.eu\/izdelek\/pokrov-pipelink\/#primaryimage\"},\"thumbnailUrl\":\"https:\/\/ibcparts.eu\/wp-content\/uploads\/2023\/06\/enostavni-oddu-nik-za-ibc-cisterno1.png\",\"datePublished\":\"2023-06-03T01:34:17+00:00\",\"dateModified\":\"2026-02-06T07:27:12+00:00\",\"description\":\"Ta pokrov je namenjen odzra\u010devanju IBC cisterne ali drugih zalogovnikov.\",\"breadcrumb\":{\"@id\":\"https:\/\/ibcparts.eu\/izdelek\/pokrov-pipelink\/#breadcrumb\"},\"inLanguage\":\"hu-HU\",\"potentialAction\":[{\"@type\":\"ReadAction\",\"target\":[\"https:\/\/ibcparts.eu\/izdelek\/pokrov-pipelink\/\"]}]},{\"@type\":\"ImageObject\",\"inLanguage\":\"hu-HU\",\"@id\":\"https:\/\/ibcparts.eu\/izdelek\/pokrov-pipelink\/#primaryimage\",\"url\":\"https:\/\/ibcparts.eu\/wp-content\/uploads\/2023\/06\/enostavni-oddu-nik-za-ibc-cisterno1.png\",\"contentUrl\":\"https:\/\/ibcparts.eu\/wp-content\/uploads\/2023\/06\/enostavni-oddu-nik-za-ibc-cisterno1.png\",\"width\":500,\"height\":500},{\"@type\":\"BreadcrumbList\",\"@id\":\"https:\/\/ibcparts.eu\/izdelek\/pokrov-pipelink\/#breadcrumb\",\"itemListElement\":[{\"@type\":\"ListItem\",\"position\":1,\"name\":\"Home\",\"item\":\"https:\/\/ibcparts.eu\/\"},{\"@type\":\"ListItem\",\"position\":2,\"name\":\"Nakupujte\",\"item\":\"https:\/\/ibcparts.eu\/nakupujte\/\"},{\"@type\":\"ListItem\",\"position\":3,\"name\":\"Pokrov PipeLink za IBC cisterno\"}]},{\"@type\":\"WebSite\",\"@id\":\"https:\/\/ibcparts.eu\/#website\",\"url\":\"https:\/\/ibcparts.eu\/\",\"name\":\"IBCparts.eu\",\"description\":\"\",\"publisher\":{\"@id\":\"https:\/\/ibcparts.eu\/#organization\"},\"potentialAction\":[{\"@type\":\"SearchAction\",\"target\":{\"@type\":\"EntryPoint\",\"urlTemplate\":\"https:\/\/ibcparts.eu\/?s={search_term_string}\"},\"query-input\":{\"@type\":\"PropertyValueSpecification\",\"valueRequired\":true,\"valueName\":\"search_term_string\"}}],\"inLanguage\":\"hu-HU\"},{\"@type\":\"Organization\",\"@id\":\"https:\/\/ibcparts.eu\/#organization\",\"name\":\"IBCparts\",\"url\":\"https:\/\/ibcparts.eu\/\",\"logo\":{\"@type\":\"ImageObject\",\"inLanguage\":\"hu-HU\",\"@id\":\"https:\/\/ibcparts.eu\/#\/schema\/logo\/image\/\",\"url\":\"https:\/\/ibcparts.eu\/wp-content\/uploads\/2021\/10\/Footer-Logo.png\",\"contentUrl\":\"https:\/\/ibcparts.eu\/wp-content\/uploads\/2021\/10\/Footer-Logo.png\",\"width\":1992,\"height\":772,\"caption\":\"IBCparts\"},\"image\":{\"@id\":\"https:\/\/ibcparts.eu\/#\/schema\/logo\/image\/\"}}]}<\/script>\n<!-- \/ Yoast SEO plugin. -->","yoast_head_json":{"title":"Pokrov PipeLink za IBC cisterno | IBCparts.eu","description":"Ezt a fedelet IBC-tart\u00e1lyok vagy m\u00e1s t\u00e1rol\u00f3tart\u00e1lyok szell\u0151ztet\u00e9s\u00e9re tervezt\u00e9k.","robots":{"index":"index","follow":"follow","max-snippet":"max-snippet:-1","max-image-preview":"max-image-preview:large","max-video-preview":"max-video-preview:-1"},"canonical":"https:\/\/ibcparts.eu\/hu\/termek\/pipelink-fedlap-ibc-hoz\/","og_locale":"hu_HU","og_type":"article","og_title":"Pokrov PipeLink za IBC cisterno | IBCparts.eu","og_description":"Ta pokrov je namenjen odzra\u010devanju IBC cisterne ali drugih zalogovnikov.","og_url":"https:\/\/ibcparts.eu\/hu\/termek\/pipelink-fedlap-ibc-hoz\/","og_site_name":"IBCparts.eu","article_modified_time":"2026-02-06T07:27:12+00:00","og_image":[{"width":500,"height":500,"url":"https:\/\/ibcparts.eu\/wp-content\/uploads\/2023\/06\/enostavni-oddu-nik-za-ibc-cisterno1.png","type":"image\/png"}],"twitter_card":"summary_large_image","schema":{"@context":"https:\/\/schema.org","@graph":[{"@type":"WebPage","@id":"https:\/\/ibcparts.eu\/izdelek\/pokrov-pipelink\/","url":"https:\/\/ibcparts.eu\/izdelek\/pokrov-pipelink\/","name":"Pokrov PipeLink za IBC cisterno | IBCparts.eu","isPartOf":{"@id":"https:\/\/ibcparts.eu\/#website"},"primaryImageOfPage":{"@id":"https:\/\/ibcparts.eu\/izdelek\/pokrov-pipelink\/#primaryimage"},"image":{"@id":"https:\/\/ibcparts.eu\/izdelek\/pokrov-pipelink\/#primaryimage"},"thumbnailUrl":"https:\/\/ibcparts.eu\/wp-content\/uploads\/2023\/06\/enostavni-oddu-nik-za-ibc-cisterno1.png","datePublished":"2023-06-03T01:34:17+00:00","dateModified":"2026-02-06T07:27:12+00:00","description":"Ezt a fedelet IBC-tart\u00e1lyok vagy m\u00e1s t\u00e1rol\u00f3tart\u00e1lyok szell\u0151ztet\u00e9s\u00e9re tervezt\u00e9k.","breadcrumb":{"@id":"https:\/\/ibcparts.eu\/izdelek\/pokrov-pipelink\/#breadcrumb"},"inLanguage":"hu-HU","potentialAction":[{"@type":"ReadAction","target":["https:\/\/ibcparts.eu\/izdelek\/pokrov-pipelink\/"]}]},{"@type":"ImageObject","inLanguage":"hu-HU","@id":"https:\/\/ibcparts.eu\/izdelek\/pokrov-pipelink\/#primaryimage","url":"https:\/\/ibcparts.eu\/wp-content\/uploads\/2023\/06\/enostavni-oddu-nik-za-ibc-cisterno1.png","contentUrl":"https:\/\/ibcparts.eu\/wp-content\/uploads\/2023\/06\/enostavni-oddu-nik-za-ibc-cisterno1.png","width":500,"height":500},{"@type":"BreadcrumbList","@id":"https:\/\/ibcparts.eu\/izdelek\/pokrov-pipelink\/#breadcrumb","itemListElement":[{"@type":"ListItem","position":1,"name":"Home","item":"https:\/\/ibcparts.eu\/"},{"@type":"ListItem","position":2,"name":"Nakupujte","item":"https:\/\/ibcparts.eu\/nakupujte\/"},{"@type":"ListItem","position":3,"name":"Pokrov PipeLink za IBC cisterno"}]},{"@type":"WebSite","@id":"https:\/\/ibcparts.eu\/#website","url":"https:\/\/ibcparts.eu\/","name":"IBCparts.eu","description":"","publisher":{"@id":"https:\/\/ibcparts.eu\/#organization"},"potentialAction":[{"@type":"SearchAction","target":{"@type":"EntryPoint","urlTemplate":"https:\/\/ibcparts.eu\/?s={search_term_string}"},"query-input":{"@type":"PropertyValueSpecification","valueRequired":true,"valueName":"search_term_string"}}],"inLanguage":"hu-HU"},{"@type":"Organization","@id":"https:\/\/ibcparts.eu\/#organization","name":"IBCparts","url":"https:\/\/ibcparts.eu\/","logo":{"@type":"ImageObject","inLanguage":"hu-HU","@id":"https:\/\/ibcparts.eu\/#\/schema\/logo\/image\/","url":"https:\/\/ibcparts.eu\/wp-content\/uploads\/2021\/10\/Footer-Logo.png","contentUrl":"https:\/\/ibcparts.eu\/wp-content\/uploads\/2021\/10\/Footer-Logo.png","width":1992,"height":772,"caption":"IBCparts"},"image":{"@id":"https:\/\/ibcparts.eu\/#\/schema\/logo\/image\/"}}]}},"_links":{"self":[{"href":"https:\/\/ibcparts.eu\/hu\/wp-json\/wp\/v2\/product\/15124","targetHints":{"allow":["GET"]}}],"collection":[{"href":"https:\/\/ibcparts.eu\/hu\/wp-json\/wp\/v2\/product"}],"about":[{"href":"https:\/\/ibcparts.eu\/hu\/wp-json\/wp\/v2\/types\/product"}],"version-history":[{"count":3,"href":"https:\/\/ibcparts.eu\/hu\/wp-json\/wp\/v2\/product\/15124\/revisions"}],"predecessor-version":[{"id":20134,"href":"https:\/\/ibcparts.eu\/hu\/wp-json\/wp\/v2\/product\/15124\/revisions\/20134"}],"wp:featuredmedia":[{"embeddable":true,"href":"https:\/\/ibcparts.eu\/hu\/wp-json\/wp\/v2\/media\/15125"}],"wp:attachment":[{"href":"https:\/\/ibcparts.eu\/hu\/wp-json\/wp\/v2\/media?parent=15124"}],"wp:term":[{"taxonomy":"product_brand","embeddable":true,"href":"https:\/\/ibcparts.eu\/hu\/wp-json\/wp\/v2\/product_brand?post=15124"},{"taxonomy":"product_cat","embeddable":true,"href":"https:\/\/ibcparts.eu\/hu\/wp-json\/wp\/v2\/product_cat?post=15124"},{"taxonomy":"product_tag","embeddable":true,"href":"https:\/\/ibcparts.eu\/hu\/wp-json\/wp\/v2\/product_tag?post=15124"}],"curies":[{"name":"wp","href":"https:\/\/api.w.org\/{rel}","templated":true}]}}