{"id":14888,"date":"2023-04-11T06:29:30","date_gmt":"2023-04-11T05:29:30","guid":{"rendered":"https:\/\/ibcparts.eu\/?post_type=product&#038;p=14888"},"modified":"2026-01-13T14:34:50","modified_gmt":"2026-01-13T13:34:50","slug":"komplet-ava-long","status":"publish","type":"product","link":"https:\/\/ibcparts.eu\/hu\/termek\/komplet-ava-long\/","title":{"rendered":"AVA LONG k\u00e9szlet"},"content":{"rendered":"","protected":false},"excerpt":{"rendered":"<h2 data-start=\"111\" data-end=\"153\">AVA LONG k\u00e9szlet IBC tart\u00e1lyokhoz<\/h2>\n<p data-start=\"157\" data-end=\"201\"><strong data-start=\"157\" data-end=\"170\">Nagyon er\u0151s, NAGYON meghosszabb\u00edtott, UV-\u00e1ll\u00f3 k\u00e9szlet<\/strong><\/p>\n<p data-start=\"157\" data-end=\"201\" class=\" translation-block\"><strong data-start=\"204\" data-end=\"216\">T\u00f6m\u00edt\u00e9s:<\/strong> tiszta anyagb\u00f3l k\u00e9sz\u00fclt EPDM gumi, <strong data-start=\"244\" data-end=\"267\">exkluz\u00edvan n\u00e1lunk<\/strong><\/p>\n<p data-start=\"204\" data-end=\"269\"><strong data-start=\"204\" data-end=\"216\">T\u00f6m\u00edt\u00e9s:<\/strong>\u00a0EPDM guma iz \u010distega materiala,\u00a0<strong data-start=\"244\" data-end=\"267\">ekskluzivno pri nas<\/strong><\/p>\n<p data-start=\"272\" data-end=\"392\"><strong data-start=\"272\" data-end=\"283\">Ventil:<\/strong> <strong>FF PRO automatic<\/strong>\u00a0\u2013 mo\u010dan ventil za zelo hiter pretok, odli\u010dno deluje\u00a0<strong data-start=\"357\" data-end=\"390\">brez pritiska (gravitacijsko), sicer do 10 barov.<\/strong><\/p>\n<p data-start=\"272\" data-end=\"392\"><strong>PP hosszabb\u00edt\u00f3, 150 mm hossz\u00fa.<\/strong><\/p>\n<p data-start=\"395\" data-end=\"483\" class=\" translation-block\"><strong data-start=\"395\" data-end=\"410\">Csatlakoz\u00e1s:<\/strong> <strong data-start=\"411\" data-end=\"442\">90\u00b0-os sarokcsatlakoz\u00e1s (lefel\u00e9)<\/strong> \u2013 t\u00f6ml\u0151csonk flexibilis er\u0151s\u00edtett t\u00f6ml\u0151h\u00f6z<\/p>\n<p data-start=\"486\" data-end=\"544\" class=\" translation-block\"><strong data-start=\"486\" data-end=\"498\">Felhaszn\u00e1l\u00e1s:<\/strong> nagyon alkalmas <strong data-start=\"521\" data-end=\"542\">AdBlue \u00e1tfejt\u00e9s\u00e9re, valamint amikor meghosszabb\u00edtott, szab\u00e1lyozott kifoly\u00e1sra van sz\u00fcks\u00e9g a tart\u00e1lyb\u00f3l.<\/strong><\/p>\n<p data-start=\"547\" data-end=\"563\"><strong data-start=\"547\" data-end=\"561\">M\u00e9retv\u00e1laszt\u00e9k:<\/strong><\/p>\n<ul>\n<li data-start=\"568\" data-end=\"615\">t\u00f6ml\u0151csonk <strong>20 mm<\/strong><\/li>\n<li data-start=\"620\" data-end=\"665\">t\u00f6ml\u0151csonk <strong>25 mm<\/strong><\/li>\n<\/ul>\n<div><\/div>\n<div class=\" translation-block\">Az ezen az oldalon bemutatott k\u00e9szlet <strong>m\u00e1r \u00f6ssze van szerelve<\/strong>, \u00e9s olyan IBC tart\u00e1lyokhoz alkalmas, amelyek szelepeinek k\u00fcls\u0151 menet\u00e9nek \u00e1tm\u00e9r\u0151je 55\u201360 mm, a menetemelked\u00e9s pedig kb. 6 mm (durva menet).<\/div>\n<div class=\"paragraph\">\n<p><strong>S60x6<\/strong> \/ DN50 \u2013 Ez a klasszikus, leggyakrabban haszn\u00e1lt menet a tart\u00e1lyokon.<\/p>\n<\/div>\n<div><\/div>\n<div>\n<div>Ha az \u00d6n tart\u00e1ly\u00e1nak szelepe m\u00e1s menettel rendelkezik, k\u00e9rj\u00fck, olvassa el az al\u00e1bbiakat\u00a0<a href=\"https:\/\/ibcparts.eu\/ibc-info\/\">IBC INFO<\/a>.<\/div>\n<div><\/div>\n<\/div>\n<div>Ne haszn\u00e1ljon teflonszalagot a szelepen. Ez egy el\u00fcls\u0151 t\u00f6m\u00edt\u00e9s, \u00e9s a toknak teflonszalag haszn\u00e1lata n\u00e9lk\u00fcl kell t\u00f6m\u00edtenie.<\/div>\n<div>Ha nem sziv\u00e1rog, ellen\u0151rizze, hogy a tart\u00e1ly elej\u00e9n l\u00e9v\u0151 szelep nem s\u00e9r\u00fclt-e meg, vagy nincs-e rajta nagyobb szab\u00e1lytalans\u00e1g\/szennyez\u0151d\u00e9s.<\/div>","protected":false},"featured_media":14889,"template":"","meta":[],"product_brand":[],"product_cat":[316],"product_tag":[],"class_list":{"0":"post-14888","1":"product","2":"type-product","3":"status-publish","4":"has-post-thumbnail","6":"product_cat-kompleti-ava","8":"first","9":"instock","10":"sale","11":"shipping-taxable","12":"purchasable","13":"product-type-simple"},"yoast_head":"<!-- This site is optimized with the Yoast SEO plugin v27.1.1 - https:\/\/yoast.com\/product\/yoast-seo-wordpress\/ -->\n<title>Komplet AVA LONG | IBCparts.eu<\/title>\n<meta name=\"description\" content=\"Priklju\u010dni ventil za IBC cisterno z ventilom in 150 mm podalj\u0161kom za primere, ko potrebujete dalj\u0161i iztok iz IBC cisterne. Gumijasto tesnilo\" \/>\n<meta name=\"robots\" content=\"index, follow, max-snippet:-1, max-image-preview:large, max-video-preview:-1\" \/>\n<link rel=\"canonical\" href=\"https:\/\/ibcparts.eu\/hu\/termek\/komplet-ava-long\/\" \/>\n<meta property=\"og:locale\" content=\"hu_HU\" \/>\n<meta property=\"og:type\" content=\"article\" \/>\n<meta property=\"og:title\" content=\"Komplet AVA LONG | IBCparts.eu\" \/>\n<meta property=\"og:description\" content=\"Priklju\u010dni ventil za IBC cisterno z ventilom in 150 mm podalj\u0161kom za primere, ko potrebujete dalj\u0161i iztok iz IBC cisterne. Gumijasto tesnilo\" \/>\n<meta property=\"og:url\" content=\"https:\/\/ibcparts.eu\/hu\/termek\/komplet-ava-long\/\" \/>\n<meta property=\"og:site_name\" content=\"IBCparts.eu\" \/>\n<meta property=\"article:modified_time\" content=\"2026-01-13T13:34:50+00:00\" \/>\n<meta property=\"og:image\" content=\"https:\/\/ibcparts.eu\/wp-content\/uploads\/2023\/04\/komplet-ava-za-ibc-cisterno-13_orig.jpg\" \/>\n\t<meta property=\"og:image:width\" content=\"827\" \/>\n\t<meta property=\"og:image:height\" content=\"827\" \/>\n\t<meta property=\"og:image:type\" content=\"image\/jpeg\" \/>\n<meta name=\"twitter:card\" content=\"summary_large_image\" \/>\n<script type=\"application\/ld+json\" class=\"yoast-schema-graph\">{\"@context\":\"https:\/\/schema.org\",\"@graph\":[{\"@type\":\"WebPage\",\"@id\":\"https:\/\/ibcparts.eu\/izdelek\/komplet-ava-long\/\",\"url\":\"https:\/\/ibcparts.eu\/izdelek\/komplet-ava-long\/\",\"name\":\"Komplet AVA LONG | IBCparts.eu\",\"isPartOf\":{\"@id\":\"https:\/\/ibcparts.eu\/#website\"},\"primaryImageOfPage\":{\"@id\":\"https:\/\/ibcparts.eu\/izdelek\/komplet-ava-long\/#primaryimage\"},\"image\":{\"@id\":\"https:\/\/ibcparts.eu\/izdelek\/komplet-ava-long\/#primaryimage\"},\"thumbnailUrl\":\"https:\/\/ibcparts.eu\/wp-content\/uploads\/2023\/04\/komplet-ava-za-ibc-cisterno-13_orig.jpg\",\"datePublished\":\"2023-04-11T05:29:30+00:00\",\"dateModified\":\"2026-01-13T13:34:50+00:00\",\"description\":\"Priklju\u010dni ventil za IBC cisterno z ventilom in 150 mm podalj\u0161kom za primere, ko potrebujete dalj\u0161i iztok iz IBC cisterne. Gumijasto tesnilo\",\"breadcrumb\":{\"@id\":\"https:\/\/ibcparts.eu\/izdelek\/komplet-ava-long\/#breadcrumb\"},\"inLanguage\":\"hu-HU\",\"potentialAction\":[{\"@type\":\"ReadAction\",\"target\":[\"https:\/\/ibcparts.eu\/izdelek\/komplet-ava-long\/\"]}]},{\"@type\":\"ImageObject\",\"inLanguage\":\"hu-HU\",\"@id\":\"https:\/\/ibcparts.eu\/izdelek\/komplet-ava-long\/#primaryimage\",\"url\":\"https:\/\/ibcparts.eu\/wp-content\/uploads\/2023\/04\/komplet-ava-za-ibc-cisterno-13_orig.jpg\",\"contentUrl\":\"https:\/\/ibcparts.eu\/wp-content\/uploads\/2023\/04\/komplet-ava-za-ibc-cisterno-13_orig.jpg\",\"width\":827,\"height\":827},{\"@type\":\"BreadcrumbList\",\"@id\":\"https:\/\/ibcparts.eu\/izdelek\/komplet-ava-long\/#breadcrumb\",\"itemListElement\":[{\"@type\":\"ListItem\",\"position\":1,\"name\":\"Home\",\"item\":\"https:\/\/ibcparts.eu\/\"},{\"@type\":\"ListItem\",\"position\":2,\"name\":\"Nakupujte\",\"item\":\"https:\/\/ibcparts.eu\/nakupujte\/\"},{\"@type\":\"ListItem\",\"position\":3,\"name\":\"Komplet AVA LONG\"}]},{\"@type\":\"WebSite\",\"@id\":\"https:\/\/ibcparts.eu\/#website\",\"url\":\"https:\/\/ibcparts.eu\/\",\"name\":\"IBCparts.eu\",\"description\":\"\",\"publisher\":{\"@id\":\"https:\/\/ibcparts.eu\/#organization\"},\"potentialAction\":[{\"@type\":\"SearchAction\",\"target\":{\"@type\":\"EntryPoint\",\"urlTemplate\":\"https:\/\/ibcparts.eu\/?s={search_term_string}\"},\"query-input\":{\"@type\":\"PropertyValueSpecification\",\"valueRequired\":true,\"valueName\":\"search_term_string\"}}],\"inLanguage\":\"hu-HU\"},{\"@type\":\"Organization\",\"@id\":\"https:\/\/ibcparts.eu\/#organization\",\"name\":\"IBCparts\",\"url\":\"https:\/\/ibcparts.eu\/\",\"logo\":{\"@type\":\"ImageObject\",\"inLanguage\":\"hu-HU\",\"@id\":\"https:\/\/ibcparts.eu\/#\/schema\/logo\/image\/\",\"url\":\"https:\/\/ibcparts.eu\/wp-content\/uploads\/2021\/10\/Footer-Logo.png\",\"contentUrl\":\"https:\/\/ibcparts.eu\/wp-content\/uploads\/2021\/10\/Footer-Logo.png\",\"width\":1992,\"height\":772,\"caption\":\"IBCparts\"},\"image\":{\"@id\":\"https:\/\/ibcparts.eu\/#\/schema\/logo\/image\/\"}}]}<\/script>\n<!-- \/ Yoast SEO plugin. -->","yoast_head_json":{"title":"AVA LONG k\u00e9szlet | IBCparts.eu","description":"Priklju\u010dni ventil za IBC cisterno z ventilom in 150 mm podalj\u0161kom za primere, ko potrebujete dalj\u0161i iztok iz IBC cisterne. Gumijasto tesnilo","robots":{"index":"index","follow":"follow","max-snippet":"max-snippet:-1","max-image-preview":"max-image-preview:large","max-video-preview":"max-video-preview:-1"},"canonical":"https:\/\/ibcparts.eu\/hu\/termek\/komplet-ava-long\/","og_locale":"hu_HU","og_type":"article","og_title":"Komplet AVA LONG | IBCparts.eu","og_description":"Priklju\u010dni ventil za IBC cisterno z ventilom in 150 mm podalj\u0161kom za primere, ko potrebujete dalj\u0161i iztok iz IBC cisterne. Gumijasto tesnilo","og_url":"https:\/\/ibcparts.eu\/hu\/termek\/komplet-ava-long\/","og_site_name":"IBCparts.eu","article_modified_time":"2026-01-13T13:34:50+00:00","og_image":[{"width":827,"height":827,"url":"https:\/\/ibcparts.eu\/wp-content\/uploads\/2023\/04\/komplet-ava-za-ibc-cisterno-13_orig.jpg","type":"image\/jpeg"}],"twitter_card":"summary_large_image","schema":{"@context":"https:\/\/schema.org","@graph":[{"@type":"WebPage","@id":"https:\/\/ibcparts.eu\/izdelek\/komplet-ava-long\/","url":"https:\/\/ibcparts.eu\/izdelek\/komplet-ava-long\/","name":"AVA LONG k\u00e9szlet | IBCparts.eu","isPartOf":{"@id":"https:\/\/ibcparts.eu\/#website"},"primaryImageOfPage":{"@id":"https:\/\/ibcparts.eu\/izdelek\/komplet-ava-long\/#primaryimage"},"image":{"@id":"https:\/\/ibcparts.eu\/izdelek\/komplet-ava-long\/#primaryimage"},"thumbnailUrl":"https:\/\/ibcparts.eu\/wp-content\/uploads\/2023\/04\/komplet-ava-za-ibc-cisterno-13_orig.jpg","datePublished":"2023-04-11T05:29:30+00:00","dateModified":"2026-01-13T13:34:50+00:00","description":"Priklju\u010dni ventil za IBC cisterno z ventilom in 150 mm podalj\u0161kom za primere, ko potrebujete dalj\u0161i iztok iz IBC cisterne. Gumijasto tesnilo","breadcrumb":{"@id":"https:\/\/ibcparts.eu\/izdelek\/komplet-ava-long\/#breadcrumb"},"inLanguage":"hu-HU","potentialAction":[{"@type":"ReadAction","target":["https:\/\/ibcparts.eu\/izdelek\/komplet-ava-long\/"]}]},{"@type":"ImageObject","inLanguage":"hu-HU","@id":"https:\/\/ibcparts.eu\/izdelek\/komplet-ava-long\/#primaryimage","url":"https:\/\/ibcparts.eu\/wp-content\/uploads\/2023\/04\/komplet-ava-za-ibc-cisterno-13_orig.jpg","contentUrl":"https:\/\/ibcparts.eu\/wp-content\/uploads\/2023\/04\/komplet-ava-za-ibc-cisterno-13_orig.jpg","width":827,"height":827},{"@type":"BreadcrumbList","@id":"https:\/\/ibcparts.eu\/izdelek\/komplet-ava-long\/#breadcrumb","itemListElement":[{"@type":"ListItem","position":1,"name":"Home","item":"https:\/\/ibcparts.eu\/"},{"@type":"ListItem","position":2,"name":"Nakupujte","item":"https:\/\/ibcparts.eu\/nakupujte\/"},{"@type":"ListItem","position":3,"name":"Komplet AVA LONG"}]},{"@type":"WebSite","@id":"https:\/\/ibcparts.eu\/#website","url":"https:\/\/ibcparts.eu\/","name":"IBCparts.eu","description":"","publisher":{"@id":"https:\/\/ibcparts.eu\/#organization"},"potentialAction":[{"@type":"SearchAction","target":{"@type":"EntryPoint","urlTemplate":"https:\/\/ibcparts.eu\/?s={search_term_string}"},"query-input":{"@type":"PropertyValueSpecification","valueRequired":true,"valueName":"search_term_string"}}],"inLanguage":"hu-HU"},{"@type":"Organization","@id":"https:\/\/ibcparts.eu\/#organization","name":"IBCparts","url":"https:\/\/ibcparts.eu\/","logo":{"@type":"ImageObject","inLanguage":"hu-HU","@id":"https:\/\/ibcparts.eu\/#\/schema\/logo\/image\/","url":"https:\/\/ibcparts.eu\/wp-content\/uploads\/2021\/10\/Footer-Logo.png","contentUrl":"https:\/\/ibcparts.eu\/wp-content\/uploads\/2021\/10\/Footer-Logo.png","width":1992,"height":772,"caption":"IBCparts"},"image":{"@id":"https:\/\/ibcparts.eu\/#\/schema\/logo\/image\/"}}]}},"_links":{"self":[{"href":"https:\/\/ibcparts.eu\/hu\/wp-json\/wp\/v2\/product\/14888","targetHints":{"allow":["GET"]}}],"collection":[{"href":"https:\/\/ibcparts.eu\/hu\/wp-json\/wp\/v2\/product"}],"about":[{"href":"https:\/\/ibcparts.eu\/hu\/wp-json\/wp\/v2\/types\/product"}],"version-history":[{"count":5,"href":"https:\/\/ibcparts.eu\/hu\/wp-json\/wp\/v2\/product\/14888\/revisions"}],"predecessor-version":[{"id":20234,"href":"https:\/\/ibcparts.eu\/hu\/wp-json\/wp\/v2\/product\/14888\/revisions\/20234"}],"wp:featuredmedia":[{"embeddable":true,"href":"https:\/\/ibcparts.eu\/hu\/wp-json\/wp\/v2\/media\/14889"}],"wp:attachment":[{"href":"https:\/\/ibcparts.eu\/hu\/wp-json\/wp\/v2\/media?parent=14888"}],"wp:term":[{"taxonomy":"product_brand","embeddable":true,"href":"https:\/\/ibcparts.eu\/hu\/wp-json\/wp\/v2\/product_brand?post=14888"},{"taxonomy":"product_cat","embeddable":true,"href":"https:\/\/ibcparts.eu\/hu\/wp-json\/wp\/v2\/product_cat?post=14888"},{"taxonomy":"product_tag","embeddable":true,"href":"https:\/\/ibcparts.eu\/hu\/wp-json\/wp\/v2\/product_tag?post=14888"}],"curies":[{"name":"wp","href":"https:\/\/api.w.org\/{rel}","templated":true}]}}